{"id":9251,"date":"2020-01-21T14:00:46","date_gmt":"2020-01-21T11:00:46","guid":{"rendered":"https:\/\/tuzlahortum.com.tr\/?post_type=product&#038;p=9251"},"modified":"2024-03-21T17:38:29","modified_gmt":"2024-03-21T14:38:29","slug":"kumlama-nozulu-gomme-kopya","status":"publish","type":"product","link":"https:\/\/tuzlahortum.com.tr\/ar\/product\/kumlama-nozulu-gomme-kopya\/","title":{"rendered":"\u0641\u0648\u0647\u0629 \u0627\u0644\u0633\u0641\u0639 \u0627\u0644\u0631\u0645\u0644\u064a - \u063a\u0627\u0626\u0631\u0629 (Kennametal)"},"content":{"rendered":"<h2>\u0641\u0648\u0647\u0629 \u0627\u0644\u0633\u0641\u0639 \u0627\u0644\u0631\u0645\u0644\u064a - \u063a\u0627\u0626\u0631\u0629 (Kennametal)<\/h2>","protected":false},"excerpt":{"rendered":"<p>\u0641\u0648\u0647\u0629 \u0627\u0644\u0633\u0641\u0639 \u0627\u0644\u0631\u0645\u0644\u064a - \u063a\u0627\u0626\u0631\u0629 (Kennametal)<\/p>","protected":false},"featured_media":9258,"comment_status":"open","ping_status":"closed","template":"","meta":[],"product_brand":[],"product_cat":[2326],"product_tag":[931,911,925,924],"class_list":{"0":"post-9251","1":"product","2":"type-product","3":"status-publish","4":"has-post-thumbnail","6":"product_cat-kumlama-malzemeleri","7":"product_tag-gomme","8":"product_tag-kumlama","9":"product_tag-kumlama-nozulu","10":"product_tag-nozul","12":"first","13":"instock","14":"taxable","15":"shipping-taxable","16":"product-type-variable"},"jetpack-related-posts":[{"id":770,"url":"https:\/\/tuzlahortum.com.tr\/ar\/product\/kumlama-nozulu-gomme\/","url_meta":{"origin":9251,"position":0},"title":"\u0641\u0648\u0647\u0629 \u0627\u0644\u0633\u0641\u0639 \u0627\u0644\u0631\u0645\u0644\u064a - \u063a\u0627\u0626\u0631\u0629","author":"admin","date":"6 \u0641\u0628\u0631\u0627\u064a\u0631 2019","format":false,"excerpt":"Kumlama Nozulu - G\u00f6mme400 saat \u00e7al\u0131\u015fma kapasitelidir. Manevra kabiliyeti sa\u011flayarak dar alanlar\u0131 kumlamada kullan\u0131l\u0131r. 6,5mm den 12,5mm \u00a0delik \u00e7aplar\u0131na kadar kullan\u0131m alan\u0131n\u0131za g\u00f6re tercih edebilirsiniz. 1 \u00bc\u201d hortumlarda HTC g\u00f6mme nozul i\u00e7 \u00e7ap\u0131 32mm kullan\u0131l\u0131r. 1\u201d hortumlarda GTC ise i\u00e7 \u00e7ap\u0131 25mm kullan\u0131l\u0131r.\u00a0\u00a0 120mm uzunlu\u011fundad\u0131r.","rel":"","context":"\u062a\u062f\u0648\u064a\u0646\u0629 \u0645\u0634\u0627\u0628\u0647\u0629","block_context":{"text":"\u062a\u062f\u0648\u064a\u0646\u0629 \u0645\u0634\u0627\u0628\u0647\u0629","link":""},"img":{"alt_text":"","src":"https:\/\/i0.wp.com\/tuzlahortum.com.tr\/wp-content\/uploads\/urunler\/Kumlama\/gomme_nozul.png?fit=665%2C309&ssl=1&resize=350%2C200","width":350,"height":200,"srcset":"https:\/\/i0.wp.com\/tuzlahortum.com.tr\/wp-content\/uploads\/urunler\/Kumlama\/gomme_nozul.png?fit=665%2C309&ssl=1&resize=350%2C200 1x, https:\/\/i0.wp.com\/tuzlahortum.com.tr\/wp-content\/uploads\/urunler\/Kumlama\/gomme_nozul.png?fit=665%2C309&ssl=1&resize=525%2C300 1.5x"},"classes":[]},{"id":768,"url":"https:\/\/tuzlahortum.com.tr\/ar\/product\/kumlama-nozulu-boron-carbide\/","url_meta":{"origin":9251,"position":1},"title":"\u0641\u0648\u0647\u0629 \u0627\u0644\u0633\u0641\u0639 \u0627\u0644\u0631\u0645\u0644\u064a (\u0643\u0631\u0628\u064a\u062f \u0627\u0644\u0628\u0648\u0631\u0648\u0646)","author":"admin","date":"6 \u0641\u0628\u0631\u0627\u064a\u0631 2019","format":false,"excerpt":"Kumlama Nozulu (Boron Carbide)\u00a0Boron carbide \u00f6zelli\u011fine sahip 1000 saat \u00e7al\u0131\u015fma kapasiteli kumlama nozuludur. 6,5mm den 12,5mm delik \u00e7aplar\u0131na kadar kullan\u0131m alan\u0131n\u0131za g\u00f6re tercih edebilirsiniz. 130mm uzunlu\u011fundad\u0131r.","rel":"","context":"\u062a\u062f\u0648\u064a\u0646\u0629 \u0645\u0634\u0627\u0628\u0647\u0629","block_context":{"text":"\u062a\u062f\u0648\u064a\u0646\u0629 \u0645\u0634\u0627\u0628\u0647\u0629","link":""},"img":{"alt_text":"","src":"https:\/\/i0.wp.com\/tuzlahortum.com.tr\/wp-content\/uploads\/urunler\/Kumlama\/kumlama_nozulu.jpg?fit=380%2C298&ssl=1&resize=350%2C200","width":350,"height":200},"classes":[]},{"id":771,"url":"https:\/\/tuzlahortum.com.tr\/ar\/product\/kumlama-nozulu-venturi-tungsten\/","url_meta":{"origin":9251,"position":2},"title":"\u0641\u0648\u0647\u0629 \u0627\u0644\u0633\u0641\u0639 \u0627\u0644\u0631\u0645\u0644\u064a - \u0641\u0646\u062a\u0648\u0631\u064a (\u062a\u0646\u062c\u0633\u062a\u0646)","author":"admin","date":"6 \u0641\u0628\u0631\u0627\u064a\u0631 2019","format":false,"excerpt":"Kumlama Nozulu - Venturi (Tungsten)RTC TIP NOZUL A\u015f\u0131nmaya dayan\u0131kl\u0131 Venturi kumlama nozullar\u0131 tungsten karb\u00fcrden (TC) yap\u0131lm\u0131\u015ft\u0131r. Servis \u00f6mr\u00fc: 400 saat K\u0131l\u0131f: Kau\u00e7uk Di\u015fli: Kau\u00e7uk, 50 mm NHP nozul tutucusuna uygun. Giri\u015f \u00f6l\u00e7\u00fcs\u00fc: 32 mm Article No. Type Description 10112062 RTC-6.5 Venturi nozzle, tungsten carbide, 6.5 mm x 130 mm 10112063\u2026","rel":"","context":"\u062a\u062f\u0648\u064a\u0646\u0629 \u0645\u0634\u0627\u0628\u0647\u0629","block_context":{"text":"\u062a\u062f\u0648\u064a\u0646\u0629 \u0645\u0634\u0627\u0628\u0647\u0629","link":""},"img":{"alt_text":"","src":"https:\/\/i0.wp.com\/tuzlahortum.com.tr\/wp-content\/uploads\/urunler\/Kumlama\/kumlama_nozulu.jpg?fit=380%2C298&ssl=1&resize=350%2C200","width":350,"height":200},"classes":[]},{"id":769,"url":"https:\/\/tuzlahortum.com.tr\/ar\/product\/kisa-kumlama-nozulu-venturi\/","url_meta":{"origin":9251,"position":3},"title":"\u0641\u0648\u0647\u0629 \u0627\u0644\u062a\u0641\u062c\u064a\u0631 \u0627\u0644\u0642\u0635\u064a\u0631\u0629 -Venturi","author":"admin","date":"6 \u0641\u0628\u0631\u0627\u064a\u0631 2019","format":false,"excerpt":"K\u0131sa Kumlama Nozulu -VenturiSTC TIP NOZUL A\u015f\u0131nmaya dayan\u0131kl\u0131 K\u0131sa Venturi kumlama nozullar\u0131 tungsten karb\u00fcrden (TC) yap\u0131lm\u0131\u015ft\u0131r. Servis \u00f6mr\u00fc: 400 saat K\u0131l\u0131f: Kau\u00e7uk Di\u015fli: Kau\u00e7uk, 50 mm NHP nozul tutucusuna uygun. Giri\u015f \u00f6l\u00e7\u00fcs\u00fc: 25 mm Article No. Type Description 10112570 STC-5.0 Short Venturi nozzle, tungsten carbide, 5.0 mm x 80 mm\u2026","rel":"","context":"\u062a\u062f\u0648\u064a\u0646\u0629 \u0645\u0634\u0627\u0628\u0647\u0629","block_context":{"text":"\u062a\u062f\u0648\u064a\u0646\u0629 \u0645\u0634\u0627\u0628\u0647\u0629","link":""},"img":{"alt_text":"","src":"https:\/\/i0.wp.com\/tuzlahortum.com.tr\/wp-content\/uploads\/2019\/04\/k%C4%B1sa-kumlama-nozulu.jpg?fit=500%2C500&ssl=1&resize=350%2C200","width":350,"height":200},"classes":[]},{"id":775,"url":"https:\/\/tuzlahortum.com.tr\/ar\/product\/plastik-kumlama-nozul-tutucu\/","url_meta":{"origin":9251,"position":4},"title":"\u062d\u0627\u0645\u0644 \u0641\u0648\u0647\u0629 \u0627\u0644\u0633\u0641\u0639 \u0627\u0644\u0631\u0645\u0644\u064a \u0627\u0644\u0628\u0644\u0627\u0633\u062a\u064a\u0643\u064a","author":"admin","date":"6 \u0641\u0628\u0631\u0627\u064a\u0631 2019","format":false,"excerpt":"Plastik Kumlama Nozul TutucuKumlama nozulu tutucu ba\u015fl\u0131klar; nozulu esnek ve vidal\u0131 yap\u0131s\u0131yla s\u0131k\u0131ca tutarak kumlama hortumuyla birlikte optimum ba\u011flant\u0131 sa\u011flar. A\u011f\u0131r olmayan hafif yap\u0131s\u0131yla kumlama i\u015fleminde operat\u00f6r\u00fc a\u011f\u0131rl\u0131\u011f\u0131yla yormaz ergonomik kullan\u0131m sa\u011flar. Vidalama deliklerinden kumlama hortumuna veya kumlama borusuna kolay monte edilebilir \u00f6zelliktedir.","rel":"","context":"\u062a\u062f\u0648\u064a\u0646\u0629 \u0645\u0634\u0627\u0628\u0647\u0629","block_context":{"text":"\u062a\u062f\u0648\u064a\u0646\u0629 \u0645\u0634\u0627\u0628\u0647\u0629","link":""},"img":{"alt_text":"","src":"https:\/\/i0.wp.com\/tuzlahortum.com.tr\/wp-content\/uploads\/urunler\/Kumlama\/kumlama-nozul-tutucu.jpg?fit=233%2C216&ssl=1&resize=350%2C200","width":350,"height":200},"classes":[]},{"id":9042,"url":"https:\/\/tuzlahortum.com.tr\/ar\/product\/kumlama-nozulu-performer-nozul-400\/","url_meta":{"origin":9251,"position":5},"title":"\u0641\u0648\u0647\u0629 \u0627\u0644\u0633\u0641\u0639 \u0627\u0644\u0631\u0645\u0644\u064a - \u0641\u0648\u0647\u0629 \u0627\u0644\u0623\u062f\u0627\u0621 400","author":"\u0130smail \u00c7elik","date":"9 \u0623\u0628\u0631\u064a\u0644 2019","format":false,"excerpt":"\u0641\u0648\u0647\u0629 \u0627\u0644\u0633\u0641\u0639 \u0628\u0627\u0644\u0631\u0645\u0644 - \u0641\u0648\u0647\u0629 \u0627\u0644\u0633\u0641\u0639 \u0628\u0627\u0644\u0631\u0645\u0644 - \u0641\u0648\u0647\u0629 Performer Nozzle 400Performer \u0647\u0648 \u0637\u0631\u0627\u0632 \u0645\u062a\u0637\u0648\u0631 \u0630\u0648 \u0623\u062f\u0627\u0621 \u0639\u0627\u0644\u064d. \u0648\u0647\u064a \u0645\u0632\u0648\u062f\u0629 \u0628\u0628\u0637\u0627\u0646\u0629 \u0639\u0627\u0644\u064a\u0629 \u0627\u0644\u0645\u0642\u0627\u0648\u0645\u0629 \u0644\u0644\u062a\u0622\u0643\u0644 \u0648\u063a\u0637\u0627\u0621 \u0642\u0648\u064a \u0648\u062e\u0641\u064a\u0641 \u0627\u0644\u0648\u0632\u0646 \u0645\u0646 \u0627\u0644\u0628\u0648\u0644\u064a \u064a\u0648\u0631\u064a\u062b\u064a\u0646. \u0633\u0644\u0633\u0644\u0629 Contracor Performer Performer \u0645\u0646 \u0641\u0648\u0647\u0627\u062a \u0627\u0644\u0633\u0641\u0639 \u0627\u0644\u0631\u0645\u0644\u064a \u0645\u0646\u0627\u0633\u0628\u0629 \u0644\u0623\u0643\u0633\u064a\u062f \u0627\u0644\u0623\u0644\u0648\u0645\u0646\u064a\u0648\u0645 \u0623\u0648 \u0643\u0631\u0628\u064a\u062f \u0627\u0644\u0633\u064a\u0644\u064a\u0643\u0648\u0646 \u0623\u0648 \u062d\u0635\u0649 \u0627\u0644\u0641\u0648\u0644\u0627\u0630 \u0623\u0648 \u0627\u0644\u0633\u0641\u0639 \u0627\u0644\u0631\u0645\u0644\u064a \u0639\u0627\u0644\u064a \u0627\u0644\u0643\u0634\u0637. \u0645\u062a\u0648\u0641\u0631\u0629 \u0628\u062e\u0645\u0633\u0629 \u0623\u062d\u062c\u0627\u0645 \u0645\u062e\u062a\u0644\u0641\u0629. \u0645\u0646 \u0627\u0644\u0645\u0645\u0643\u0646 \u0636\u0628\u0637 \u0625\u0645\u062f\u0627\u062f \u0627\u0644\u0647\u0648\u0627\u0621 \u0627\u0644\u0645\u0636\u063a\u0648\u0637 \u0648...","rel":"","context":"\u062a\u062f\u0648\u064a\u0646\u0629 \u0645\u0634\u0627\u0628\u0647\u0629","block_context":{"text":"\u062a\u062f\u0648\u064a\u0646\u0629 \u0645\u0634\u0627\u0628\u0647\u0629","link":""},"img":{"alt_text":"","src":"https:\/\/i0.wp.com\/tuzlahortum.com.tr\/wp-content\/uploads\/2019\/04\/performer-400.png?fit=650%2C323&ssl=1&resize=350%2C200","width":350,"height":200,"srcset":"https:\/\/i0.wp.com\/tuzlahortum.com.tr\/wp-content\/uploads\/2019\/04\/performer-400.png?fit=650%2C323&ssl=1&resize=350%2C200 1x, https:\/\/i0.wp.com\/tuzlahortum.com.tr\/wp-content\/uploads\/2019\/04\/performer-400.png?fit=650%2C323&ssl=1&resize=525%2C300 1.5x"},"classes":[]}],"jetpack_sharing_enabled":true,"jetpack_likes_enabled":true,"_links":{"self":[{"href":"https:\/\/tuzlahortum.com.tr\/ar\/wp-json\/wp\/v2\/product\/9251","targetHints":{"allow":["GET"]}}],"collection":[{"href":"https:\/\/tuzlahortum.com.tr\/ar\/wp-json\/wp\/v2\/product"}],"about":[{"href":"https:\/\/tuzlahortum.com.tr\/ar\/wp-json\/wp\/v2\/types\/product"}],"replies":[{"embeddable":true,"href":"https:\/\/tuzlahortum.com.tr\/ar\/wp-json\/wp\/v2\/comments?post=9251"}],"wp:featuredmedia":[{"embeddable":true,"href":"https:\/\/tuzlahortum.com.tr\/ar\/wp-json\/wp\/v2\/media\/9258"}],"wp:attachment":[{"href":"https:\/\/tuzlahortum.com.tr\/ar\/wp-json\/wp\/v2\/media?parent=9251"}],"wp:term":[{"taxonomy":"product_brand","embeddable":true,"href":"https:\/\/tuzlahortum.com.tr\/ar\/wp-json\/wp\/v2\/product_brand?post=9251"},{"taxonomy":"product_cat","embeddable":true,"href":"https:\/\/tuzlahortum.com.tr\/ar\/wp-json\/wp\/v2\/product_cat?post=9251"},{"taxonomy":"product_tag","embeddable":true,"href":"https:\/\/tuzlahortum.com.tr\/ar\/wp-json\/wp\/v2\/product_tag?post=9251"}],"curies":[{"name":"\u062f\u0628\u0644\u064a\u0648 \u0628\u064a","href":"https:\/\/api.w.org\/{rel}","templated":true}]}}