{"id":923,"date":"2019-02-06T23:55:50","date_gmt":"2019-02-06T20:55:50","guid":{"rendered":"http:\/\/hortum.com.tr\/product\/import-placeholder-for-470\/"},"modified":"2024-03-21T17:40:42","modified_gmt":"2024-03-21T14:40:42","slug":"trelleborg-trelljet-581","status":"publish","type":"product","link":"https:\/\/tuzlahortum.com.tr\/ar\/product\/trelleborg-trelljet-581\/","title":{"rendered":"581 \u0645\u0634\u0631\u0648\u0639 \u0645\u062d\u0644 \u0645\u0644\u0627\u0628\u0633 581"},"content":{"rendered":"<h2>581 \u0645\u0634\u0631\u0648\u0639 \u0645\u062d\u0644 \u0645\u0644\u0627\u0628\u0633 581<\/h2>\n<div>\u0631\u0630\u0627\u0630 \u0627\u0644\u0645\u0627\u0621 \/ \u0627\u0644\u0636\u063a\u0637 \u0627\u0644\u0639\u0627\u0644\u064a<\/div>\n<div>\u0645\u0635\u0645\u0645 \u062e\u0635\u064a\u0635\u064b\u0627 \u0644\u0644\u062a\u0646\u0638\u064a\u0641 \u0628\u0627\u0644\u0636\u063a\u0637 \u0627\u0644\u0639\u0627\u0644\u064a \u0627\u0644\u0627\u062d\u062a\u0631\u0627\u0641\u064a \u0648\u0627\u0644\u0635\u0646\u0627\u0639\u064a. \u0627\u0644\u0622\u0644\u0627\u062a \u060c<\/div>\n<div>\u0627\u0644\u0645\u0631\u0643\u0628\u0627\u062a \u0648\u0627\u0644\u0623\u0631\u0636\u064a\u0627\u062a \u0648\u0627\u0644\u0645\u0646\u0627\u0637\u0642 \u0627\u0644\u0639\u0627\u0645\u0629 \u0648\u0627\u0644\u0648\u0627\u062c\u0647\u0627\u062a \u0648\u0645\u0627 \u0625\u0644\u0649 \u0630\u0644\u0643. \u0641\u0639\u0627\u0644 \u0644<\/div>\n<div>\u064a\u0639\u062f \u0627\u0644\u0637\u0644\u0627\u0621 \u0627\u0644\u0645\u0642\u0627\u0648\u0645 \u0644\u0644\u0628\u0642\u0639 \u0645\u0641\u064a\u062f\u064b\u0627 \u0623\u064a\u0636\u064b\u0627 \u0644\u0644\u0627\u0633\u062a\u062e\u062f\u0627\u0645 \u0641\u064a \u0635\u0646\u0627\u0639\u0629 \u0627\u0644\u0623\u063a\u0630\u064a\u0629 \u0648\u0627\u0644\u062d\u0645\u0627\u0645\u0627\u062a \u0627\u0644\u0639\u0627\u0645\u0629.<\/div>\n<div>\u063a\u0633\u0627\u0644\u0627\u062a \u0627\u0644\u0636\u063a\u0637 \u0627\u0644\u0645\u062a\u0646\u0642\u0644\u0629 \u0645\u0646\u0627\u0633\u0628\u0629 \u0644\u0644\u062a\u0631\u0643\u064a\u0628\u0627\u062a \u0627\u0644\u062b\u0627\u0628\u062a\u0629 \u0648\u0627\u0644\u062a\u0637\u0628\u064a\u0642\u0627\u062a \u0627\u0644\u0645\u062b\u0628\u062a\u0629 \u0639\u0644\u0649 \u0627\u0644\u0639\u062c\u0644\u0627\u062a.<\/div>\n<div>\u0645\u0632\u0627\u064a\u0627<\/div>\n<div>* \u0637\u0644\u0627\u0621 \u0623\u0645\u0644\u0633 \u0645\u0642\u0627\u0648\u0645 \u0644\u0644\u0628\u0642\u0639.<\/div>\n<div>* \u0645\u0642\u0627\u0648\u0645\u0629 \u0644\u0644\u0632\u064a\u0648\u062a \u0648\u0627\u0644\u0645\u0646\u0638\u0641\u0627\u062a \u0648\u0627\u0644\u062a\u0622\u0643\u0644 \u0648\u0627\u0644\u0634\u064a\u062e\u0648\u062e\u0629.<\/div>\n<div>* \u0645\u0642\u0627\u0648\u0645\u0629 \u062f\u0631\u062c\u0627\u062a \u0627\u0644\u062d\u0631\u0627\u0631\u0629 \u0627\u0644\u0639\u0627\u0644\u064a\u0629.<\/div>\n<div>* \u062e\u0641\u064a\u0641 \u0648\u0645\u0631\u0646 \u0648\u0645\u0642\u0627\u0648\u0645 \u0644\u0644\u0643\u0633\u0631.<\/div>\n<div>* \u0639\u0645\u0631 \u062e\u062f\u0645\u0629 \u0637\u0648\u064a\u0644.<\/div>\n<div>\u0627\u0644\u0648\u0635\u0641 \u0627\u0644\u0641\u0646\u064a<\/div>\n<div>\u0627\u0644\u0623\u0646\u0628\u0648\u0628 \u0627\u0644\u062f\u0627\u062e\u0644\u064a: NBR \/ SBR \u060c \u0623\u0633\u0648\u062f \u060c \u0645\u0633\u062a\u0642\u064a\u0645.<\/div>\n<div>\u0627\u0644\u062a\u0639\u0632\u064a\u0632: \u0627\u0644\u0641\u0648\u0644\u0627\u0630 \u060c \u062c\u062f\u064a\u0644\u0629 \u0648\u0627\u062d\u062f\u0629.<\/div>\n<div>\u0637\u0644\u0627\u0621: SBR \/ NBR \u060c \u0623\u0632\u0631\u0642 \u060c \u0639\u0627\u062f\u064a.<\/div>\n<div>\u0646\u0637\u0627\u0642 \u062f\u0631\u062c\u0629 \u0627\u0644\u062d\u0631\u0627\u0631\u0629: -40 \u062f\u0631\u062c\u0629 \u0645\u0626\u0648\u064a\u0629 \u0625\u0644\u0649 + 150 \u062f\u0631\u062c\u0629 \u0645\u0626\u0648\u064a\u0629.<\/div>\n<div>\u0627\u0644\u0646\u0642\u0627\u0628\u0627\u062a \/ \u0627\u0644\u062a\u0631\u0643\u064a\u0628\u0627\u062a<\/div>\n<div>\u062a\u062a\u0648\u0641\u0631 \u0627\u0644\u062a\u0631\u0643\u064a\u0628\u0627\u062a \u0627\u0644\u0645\u0635\u0645\u0645\u0629 \u062e\u0635\u064a\u0635\u064b\u0627 \u0644\u062a\u062d\u0642\u064a\u0642 \u0627\u0644\u062a\u0648\u0635\u064a\u0644\u0627\u062a \u0627\u0644\u0645\u062b\u0644\u0649<\/div>\n<div>\u0627\u062a\u0635\u0644 \u0628\u0646\u0627 \u0644\u0644\u062d\u0635\u0648\u0644 \u0639\u0644\u0649 \u0645\u0632\u064a\u062f \u0645\u0646 \u0627\u0644\u0645\u0639\u0644\u0648\u0645\u0627\u062a \u062d\u0648\u0644.<\/div>\n<div>\u0645\u0639\u0644\u0648\u0645\u0627\u062a \u0625\u0636\u0627\u0641\u064a\u0629<\/div>\n<div>Her teslimat hacminin %50&#8217;si rastgele uzunluklarda olacak, en k\u0131sa uzunluk 10m, en az %50<\/div>\n<div>\u064a\u062c\u0628 \u0623\u0646 \u064a\u0643\u0648\u0646 \u0628\u0637\u0648\u0644 \u062b\u0627\u0628\u062a \u0645\u062d\u062f\u062f \u0641\u064a \u0627\u0644\u062c\u062f\u0648\u0644.<\/div>\n<div>\n<div class=\"video video-fit mb\" style=\"padding-top:56.25%;\"><p><iframe loading=\"lazy\" title=\"\u0627\u0631\u062a\u0628\u0627\u0643 \u0627\u0644\u0642\u064a\u0627\u0633 (\u0628\u0648\u0635\u0629\u060c \u0625\u0635\u0628\u0639\u060c \u0636\u0628\u0627\u0628\u060c \u0645\u0644\u0644\u064a\u0645\u062a\u0631)\" width=\"1020\" height=\"574\" src=\"https:\/\/www.youtube.com\/embed\/uKk6AG_AZls?feature=oembed\" frameborder=\"0\" allow=\"accelerometer; autoplay; clipboard-write; encrypted-media; gyroscope; picture-in-picture; web-share\" referrerpolicy=\"strict-origin-when-cross-origin\" allowfullscreen><\/iframe><\/p>\n<\/div>\n<div class=\"video video-fit mb\" style=\"padding-top:56.25%;\"><p>https:\/\/www.youtube.com\/watch?v=O8ZlzKEjfEQ%20<\/p>\n<\/div>\n<\/div>\n<p><img data-recalc-dims=\"1\" loading=\"lazy\" decoding=\"async\" class=\"alignnone size-medium wp-image-2078\" src=\"https:\/\/i0.wp.com\/hortum.com.tr\/wp-content\/uploads\/urunler\/trelleborg\/Trelleborg-TRELLJET-581-800x124.jpg?resize=800%2C124\" alt=\"\" width=\"800\" height=\"124\" title=\"\" srcset=\"https:\/\/i0.wp.com\/tuzlahortum.com.tr\/wp-content\/uploads\/urunler\/trelleborg\/Trelleborg-TRELLJET-581.jpg?resize=800%2C124&amp;ssl=1 800w, https:\/\/i0.wp.com\/tuzlahortum.com.tr\/wp-content\/uploads\/urunler\/trelleborg\/Trelleborg-TRELLJET-581.jpg?resize=768%2C119&amp;ssl=1 768w, https:\/\/i0.wp.com\/tuzlahortum.com.tr\/wp-content\/uploads\/urunler\/trelleborg\/Trelleborg-TRELLJET-581.jpg?resize=600%2C93&amp;ssl=1 600w, https:\/\/i0.wp.com\/tuzlahortum.com.tr\/wp-content\/uploads\/urunler\/trelleborg\/Trelleborg-TRELLJET-581.jpg?w=855&amp;ssl=1 855w\" sizes=\"auto, (max-width: 800px) 100vw, 800px\" \/><\/p>","protected":false},"excerpt":{"rendered":"<p>Trelleborg TRELLJET 581 Su\/Y\u00fcksek bas\u0131n\u00e7l\u0131 p\u00fcsk\u00fcrtme \u00d6zel olarak profesyonel ve end\u00fcstriyel y\u00fcksek bas\u0131n\u00e7l\u0131 temizlik i\u00e7in tasarlanm\u0131\u015ft\u0131r. Makineler, ara\u00e7lar, zeminler, kamu alanlar\u0131, cepheler, vs. i\u00e7in etkilidir. Leke tutmayan kaplama ayn\u0131 zamanda g\u0131da end\u00fcstrisi ve umuma a\u00e7\u0131k banyolarda kullan\u0131m\u00a0a\u00e7\u0131s\u0131ndan avantajl\u0131d\u0131r. Mobil bas\u0131n\u00e7l\u0131 y\u0131kay\u0131c\u0131lar, sabit tesisatlar ve tekerlek \u00fczerine monte uygulamalar i\u00e7in uygundur. Avantajlar *Leke tutmaz d\u00fcz kaplama. [&#8230;]\n","protected":false},"featured_media":2679,"comment_status":"open","ping_status":"closed","template":"","meta":{"jetpack_post_was_ever_published":false},"product_brand":[],"product_cat":[1185],"product_tag":[556,558,560,1200,559,555,525,1201,557],"class_list":{"0":"post-923","1":"product","2":"type-product","3":"status-publish","4":"has-post-thumbnail","6":"product_cat-su-ve-sulama-hortumlari","7":"product_tag-asinmaya-yuksek-dayanim","8":"product_tag-basinc","9":"product_tag-gida-endustrisi","10":"product_tag-leke-tutmayan-kaplama","11":"product_tag-puskurtme","12":"product_tag-su","13":"product_tag-temizlik","14":"product_tag-umuma-acik-banyolarda-kullanim","15":"product_tag-yuksek","17":"first","18":"instock","19":"taxable","20":"shipping-taxable","21":"product-type-variable"},"jetpack-related-posts":[],"jetpack_sharing_enabled":true,"jetpack_likes_enabled":true,"_links":{"self":[{"href":"https:\/\/tuzlahortum.com.tr\/ar\/wp-json\/wp\/v2\/product\/923","targetHints":{"allow":["GET"]}}],"collection":[{"href":"https:\/\/tuzlahortum.com.tr\/ar\/wp-json\/wp\/v2\/product"}],"about":[{"href":"https:\/\/tuzlahortum.com.tr\/ar\/wp-json\/wp\/v2\/types\/product"}],"replies":[{"embeddable":true,"href":"https:\/\/tuzlahortum.com.tr\/ar\/wp-json\/wp\/v2\/comments?post=923"}],"wp:featuredmedia":[{"embeddable":true,"href":"https:\/\/tuzlahortum.com.tr\/ar\/wp-json\/wp\/v2\/media\/2679"}],"wp:attachment":[{"href":"https:\/\/tuzlahortum.com.tr\/ar\/wp-json\/wp\/v2\/media?parent=923"}],"wp:term":[{"taxonomy":"product_brand","embeddable":true,"href":"https:\/\/tuzlahortum.com.tr\/ar\/wp-json\/wp\/v2\/product_brand?post=923"},{"taxonomy":"product_cat","embeddable":true,"href":"https:\/\/tuzlahortum.com.tr\/ar\/wp-json\/wp\/v2\/product_cat?post=923"},{"taxonomy":"product_tag","embeddable":true,"href":"https:\/\/tuzlahortum.com.tr\/ar\/wp-json\/wp\/v2\/product_tag?post=923"}],"curies":[{"name":"\u062f\u0628\u0644\u064a\u0648 \u0628\u064a","href":"https:\/\/api.w.org\/{rel}","templated":true}]}}