{"id":917,"date":"2019-02-06T23:55:48","date_gmt":"2019-02-06T20:55:48","guid":{"rendered":"http:\/\/hortum.com.tr\/product\/import-placeholder-for-467\/"},"modified":"2024-03-21T17:40:47","modified_gmt":"2024-03-21T14:40:47","slug":"trelleborg-osx","status":"publish","type":"product","link":"https:\/\/tuzlahortum.com.tr\/ar\/product\/trelleborg-osx\/","title":{"rendered":"Trelleborg OSX"},"content":{"rendered":"<h2>Trelleborg OSX<\/h2>\n<div>\u062a\u0637\u0628\u064a\u0642\u0627\u062a \u0627\u0644\u0645\u0627\u0621 \/ \u0627\u0644\u0641\u0631\u0627\u063a<\/div>\n<div>\u0627\u0633\u062a\u062e\u0631\u0627\u062c \u0648\u062a\u0641\u0631\u064a\u063a \u0627\u0644\u0645\u0648\u0627\u062f \u0627\u0644\u0635\u0644\u0628\u0629 \u0627\u0644\u0643\u0627\u0634\u0637\u0629 \u0627\u0644\u0645\u0639\u062a\u062f\u0644\u0629 \u0627\u0644\u0645\u0633\u062a\u062e\u062f\u0645\u0629 \u0641\u064a \u0645\u062e\u062a\u0644\u0641 \u0627\u0644\u0633\u0648\u0627\u0626\u0644 \u0648\u0627\u0644\u0635\u0646\u0627\u0639\u0627\u062a \u0627\u0644\u0639\u0627\u0645\u0629.<\/div>\n<div>\u0627\u0644\u062a\u0637\u0628\u064a\u0642\u0627\u062a \u0627\u0644\u0632\u0631\u0627\u0639\u064a\u0629 \u0645\u062b\u0644 \u0632\u0631\u0627\u0639\u0629 \u0627\u0644\u0628\u0630\u0648\u0631 \u0648\u0627\u0644\u0635\u0631\u0641 \u0627\u0644\u0635\u062d\u064a \u0648\u0646\u0642\u0644 \u0627\u0644\u0645\u064a\u0627\u0647.<\/div>\n<div>\u062a\u0633\u062a\u062e\u062f\u0645 \u0644\u0645\u0639\u062f\u0627\u062a \u0627\u0644\u0645\u0635\u0646\u0639 (\u0636\u062e \u0627\u0644\u0645\u064a\u0627\u0647 \u0627\u0644\u062c\u0648\u0641\u064a\u0629).<\/div>\n<div>\u0645\u0632\u0627\u064a\u0627<\/div>\n<div>* \u0628\u0648\u0644\u064a \u0643\u0644\u0648\u0631\u064a\u062f \u0627\u0644\u0641\u064a\u0646\u064a\u0644 \u0627\u0644\u0634\u0641\u0627\u0641 \u060c \u062e\u0631\u0637\u0648\u0645 \u0633\u062d\u0628 \u0648\u062a\u0641\u0631\u064a\u063a \u0627\u0644\u0644\u0648\u0644\u0628 \u0627\u0644\u0635\u0644\u0628 \u0639\u0627\u0644\u064a \u0627\u0644\u0634\u062f.<\/div>\n<div>* \u062a\u0637\u064a\u0631 \u0628\u0634\u0643\u0644 \u0635\u062d\u064a\u062d.<\/div>\n<div>* \u0627\u0644\u0642\u0648\u0629 \u0627\u0644\u0642\u0635\u0648\u0649.<\/div>\n<div>* \u0623\u0642\u0635\u0649 \u0646\u0635\u0641 \u0642\u0637\u0631 \u0644\u0644\u062b\u0646\u064a \u0644\u0627 \u064a\u0645\u0646\u0639 \u0627\u0644\u062a\u062f\u0641\u0642.<\/div>\n<div>* \u0645\u0642\u0627\u0648\u0645\u0629 \u0645\u0645\u062a\u0627\u0632\u0629 \u0644\u0644\u0636\u063a\u0637 \u0648\u0627\u0644\u0641\u0631\u0627\u063a \u0627\u0644\u0643\u0627\u0645\u0644 \u0648\u0627\u0644\u062a\u0643\u0633\u064a\u0631 \u0627\u0644\u0639\u0631\u0636\u064a.<\/div>\n<div>*\u0645\u0642\u0627\u0648\u0645\u0629 \u0643\u064a\u0645\u064a\u0627\u0626\u064a\u0629.<\/div>\n<div>* PVC \u0627\u0644\u063a\u0630\u0627\u0621 \u0627\u0644\u0635\u0641 (\u0648\u0627\u0641\u0642 JANESCO) \u060c \u0643\u062d\u062f \u0623\u0642\u0635\u0649. \u062a\u0635\u0631\u064a\u0641 \u0627\u0644\u0643\u062d\u0648\u0644 \u062d\u062a\u0649 18 \u062f\u0631\u062c\u0629.<\/div>\n<div>\u0627\u0644\u0648\u0635\u0641 \u0627\u0644\u0641\u0646\u064a<\/div>\n<div>\u0627\u0644\u0623\u0646\u0628\u0648\u0628 \u0627\u0644\u062f\u0627\u062e\u0644\u064a: PVC \u0644\u0644\u0637\u0639\u0627\u0645 \u060c \u0634\u0641\u0627\u0641 \u060c \u0645\u0633\u062a\u0642\u064a\u0645.<\/div>\n<div>\u0627\u0644\u062a\u0639\u0632\u064a\u0632: \u0641\u0648\u0644\u0627\u0630 \u0639\u0627\u0644\u064a \u0627\u0644\u0634\u062f.<\/div>\n<div>\u0637\u0644\u0627\u0621: \u0628\u0648\u0644\u064a \u0643\u0644\u0648\u0631\u064a\u062f \u0627\u0644\u0641\u064a\u0646\u064a\u0644 \u060c \u0634\u0641\u0627\u0641 \u060c \u0645\u0645\u0648\u062c \u0642\u0644\u064a\u0644\u0627\u064b.<\/div>\n<div>\u0646\u0637\u0627\u0642 \u062f\u0631\u062c\u0629 \u0627\u0644\u062d\u0631\u0627\u0631\u0629: -5 \u062f\u0631\u062c\u0629 \u0645\u0626\u0648\u064a\u0629 \u0625\u0644\u0649 +50 \u062f\u0631\u062c\u0629 \u0645\u0626\u0648\u064a\u0629.<\/div>\n<div>\u0627\u0644\u062e\u0648\u0627\u0635 \u0627\u0644\u0643\u0647\u0631\u0628\u0627\u0626\u064a\u0629: \u063a\u064a\u0631 \u0645\u0648\u0635\u0644\u0629 \u0644\u0644\u0643\u0647\u0631\u0628\u0627\u0621.<\/div>\n<div>\u0645\u0639\u0644\u0648\u0645\u0627\u062a \u0625\u0636\u0627\u0641\u064a\u0629<\/div>\n<div>\u062c\u0645\u064a\u0639 \u0627\u0644\u0628\u064a\u0627\u0646\u0627\u062a \u0627\u0644\u0641\u0646\u064a\u0629 \u0635\u0627\u0644\u062d\u0629 \u0644\u0640 + 20 \u062f\u0631\u062c\u0629 \u0645\u0626\u0648\u064a\u0629.<\/div>\n<div>\u0636\u063a\u0637 \u0627\u0644\u0627\u0646\u0641\u062c\u0627\u0631 = 2.5 \u0636\u063a\u0637 \u0627\u0644\u0639\u0645\u0644 \u0639\u0646\u062f 20 \u062f\u0631\u062c\u0629 \u0645\u0626\u0648\u064a\u0629.<\/div>\n<div>\n<div class=\"video video-fit mb\" style=\"padding-top:56.25%;\"><p><iframe loading=\"lazy\" title=\"\u0627\u0631\u062a\u0628\u0627\u0643 \u0627\u0644\u0642\u064a\u0627\u0633 (\u0628\u0648\u0635\u0629\u060c \u0625\u0635\u0628\u0639\u060c \u0636\u0628\u0627\u0628\u060c \u0645\u0644\u0644\u064a\u0645\u062a\u0631)\" width=\"1020\" height=\"574\" src=\"https:\/\/www.youtube.com\/embed\/uKk6AG_AZls?feature=oembed\" frameborder=\"0\" allow=\"accelerometer; autoplay; clipboard-write; encrypted-media; gyroscope; picture-in-picture; web-share\" referrerpolicy=\"strict-origin-when-cross-origin\" allowfullscreen><\/iframe><\/p>\n<\/div>\n<div class=\"video video-fit mb\" style=\"padding-top:56.25%;\"><p>https:\/\/www.youtube.com\/watch?v=O8ZlzKEjfEQ%20<\/p>\n<\/div>\n<\/div>\n<p><img data-recalc-dims=\"1\" loading=\"lazy\" decoding=\"async\" class=\"alignnone size-medium wp-image-2090\" src=\"https:\/\/i0.wp.com\/hortum.com.tr\/wp-content\/uploads\/urunler\/trelleborg\/Trelleborg-OSX-800x335.jpg?resize=800%2C335\" alt=\"\" width=\"800\" height=\"335\" title=\"\" srcset=\"https:\/\/i0.wp.com\/tuzlahortum.com.tr\/wp-content\/uploads\/urunler\/trelleborg\/Trelleborg-OSX.jpg?resize=800%2C335&amp;ssl=1 800w, https:\/\/i0.wp.com\/tuzlahortum.com.tr\/wp-content\/uploads\/urunler\/trelleborg\/Trelleborg-OSX.jpg?resize=768%2C322&amp;ssl=1 768w, https:\/\/i0.wp.com\/tuzlahortum.com.tr\/wp-content\/uploads\/urunler\/trelleborg\/Trelleborg-OSX.jpg?resize=600%2C251&amp;ssl=1 600w, https:\/\/i0.wp.com\/tuzlahortum.com.tr\/wp-content\/uploads\/urunler\/trelleborg\/Trelleborg-OSX.jpg?w=857&amp;ssl=1 857w\" sizes=\"auto, (max-width: 800px) 100vw, 800px\" \/><\/p>","protected":false},"excerpt":{"rendered":"<p>Trelleborg OSX Su\/Vakum uygulamalar\u0131 \u00c7e\u015fitli s\u0131v\u0131lar ve genel end\u00fcstride kullan\u0131lan orta derecede a\u015f\u0131nd\u0131r\u0131c\u0131 kat\u0131lar\u0131n \u00e7ekilmesi ve\u00a0tahliyesi. Tohum ekme, drenaj, kanalizasyon ve su ta\u015f\u0131ma gibi tar\u0131msal uygulamalar Ayr\u0131ca itfaiye ve tesis ekipman\u0131nda (yeralt\u0131 suyunun pompalanmas\u0131) i\u00e7in kullan\u0131l\u0131r. Avantajlar *\u015eeffaf PVC, y\u00fcksek \u00e7ekme dayan\u0131m\u0131na sahip \u00e7elik helisli \u00e7ekme ve tahliye hortumu. *D\u00fczg\u00fcn u\u00e7. *Maksimum dayan\u0131m. *Ak\u0131\u015f\u0131 engellemeyen [&#8230;]\n","protected":false},"featured_media":2662,"comment_status":"open","ping_status":"closed","template":"","meta":{"jetpack_post_was_ever_published":false},"product_brand":[],"product_cat":[1185],"product_tag":[556,1196,1195,555,343,525,1036],"class_list":{"0":"post-917","1":"product","2":"type-product","3":"status-publish","4":"has-post-thumbnail","6":"product_cat-su-ve-sulama-hortumlari","7":"product_tag-asinmaya-yuksek-dayanim","8":"product_tag-kati-asindirici","9":"product_tag-sivi","10":"product_tag-su","11":"product_tag-tahliye","12":"product_tag-temizlik","13":"product_tag-vakum","15":"first","16":"instock","17":"taxable","18":"shipping-taxable","19":"product-type-variable"},"jetpack-related-posts":[],"jetpack_sharing_enabled":true,"jetpack_likes_enabled":true,"_links":{"self":[{"href":"https:\/\/tuzlahortum.com.tr\/ar\/wp-json\/wp\/v2\/product\/917","targetHints":{"allow":["GET"]}}],"collection":[{"href":"https:\/\/tuzlahortum.com.tr\/ar\/wp-json\/wp\/v2\/product"}],"about":[{"href":"https:\/\/tuzlahortum.com.tr\/ar\/wp-json\/wp\/v2\/types\/product"}],"replies":[{"embeddable":true,"href":"https:\/\/tuzlahortum.com.tr\/ar\/wp-json\/wp\/v2\/comments?post=917"}],"wp:featuredmedia":[{"embeddable":true,"href":"https:\/\/tuzlahortum.com.tr\/ar\/wp-json\/wp\/v2\/media\/2662"}],"wp:attachment":[{"href":"https:\/\/tuzlahortum.com.tr\/ar\/wp-json\/wp\/v2\/media?parent=917"}],"wp:term":[{"taxonomy":"product_brand","embeddable":true,"href":"https:\/\/tuzlahortum.com.tr\/ar\/wp-json\/wp\/v2\/product_brand?post=917"},{"taxonomy":"product_cat","embeddable":true,"href":"https:\/\/tuzlahortum.com.tr\/ar\/wp-json\/wp\/v2\/product_cat?post=917"},{"taxonomy":"product_tag","embeddable":true,"href":"https:\/\/tuzlahortum.com.tr\/ar\/wp-json\/wp\/v2\/product_tag?post=917"}],"curies":[{"name":"\u062f\u0628\u0644\u064a\u0648 \u0628\u064a","href":"https:\/\/api.w.org\/{rel}","templated":true}]}}