{"id":916,"date":"2019-02-06T23:55:48","date_gmt":"2019-02-06T20:55:48","guid":{"rendered":"http:\/\/hortum.com.tr\/product\/import-placeholder-for-465\/"},"modified":"2024-03-21T17:40:48","modified_gmt":"2024-03-21T14:40:48","slug":"trelleborg-ost-epdm-16bar","status":"publish","type":"product","link":"https:\/\/tuzlahortum.com.tr\/ar\/product\/trelleborg-ost-epdm-16bar\/","title":{"rendered":"Trelleborg OST EPDM 16BAR"},"content":{"rendered":"<h2>Trelleborg OST EPDM 16BAR<\/h2>\n<div>\u062a\u0637\u0628\u064a\u0642\u0627\u062a \u0627\u0644\u0645\u0627\u0621 \/ \u0627\u0644\u0641\u0631\u0627\u063a<\/div>\n<div>\u0644\u0627\u0633\u062a\u062e\u0631\u0627\u062c \u0648\u062a\u0635\u0631\u064a\u0641 \u0627\u0644\u0645\u064a\u0627\u0647 \u0627\u0644\u0645\u0646\u0632\u0644\u064a\u0629 \u0648\u0627\u0644\u0645\u064a\u0627\u0647 \u0627\u0644\u0635\u0646\u0627\u0639\u064a\u0629 \u0648\u0645\u064a\u0627\u0647 \u0627\u0644\u0635\u0631\u0641 \u0627\u0644\u0635\u062d\u064a \u0648\u0627\u0644\u0637\u064a\u0646 \u0648\u0627\u0644\u0633\u0645\u0627\u062f \u0627\u0644\u0633\u0627\u0626\u0644.<\/div>\n<div>\u0645\u0632\u0627\u064a\u0627<\/div>\n<div>* \u0645\u062c\u0645\u0648\u0639\u0629 \u0648\u0627\u0633\u0639\u0629 \u0645\u0646 \u0627\u0644\u0623\u0642\u0637\u0627\u0631 \u0645\u0646\u0627\u0633\u0628\u0629 \u0644\u0644\u0645\u0636\u062e\u0627\u062a \u0627\u0644\u0645\u0633\u062a\u062e\u062f\u0645\u0629 \u0641\u064a \u062c\u0645\u064a\u0639 \u0645\u062c\u0627\u0644\u0627\u062a \u0627\u0644\u0635\u0646\u0627\u0639\u0629.<\/div>\n<div>* \u0645\u0631\u0648\u0646\u0629 \u0645\u0645\u062a\u0627\u0632\u0629.<\/div>\n<div>* \u0636\u063a\u0637 \u0639\u0645\u0644 \u062b\u0627\u0628\u062a 16 \u0628\u0627\u0631 \u0628\u062c\u0645\u064a\u0639 \u0627\u0644\u0623\u0642\u0637\u0627\u0631.<\/div>\n<div>* \u0645\u0642\u0627\u0648\u0645\u0629 \u0639\u0627\u0644\u064a\u0629 \u0644\u0644\u062d\u0631\u0627\u0631\u0629 \u060c \u0623\u0646\u0628\u0648\u0628 \u062f\u0627\u062e\u0644\u064a \u0645\u0648\u0635\u0644 \u0648\u0645\u0642\u0627\u0648\u0645 \u0644\u0644\u062a\u0622\u0643\u0644.<\/div>\n<div>\u0627\u0644\u0648\u0635\u0641 \u0627\u0644\u0641\u0646\u064a<\/div>\n<div>\u0627\u0644\u0623\u0646\u0628\u0648\u0628 \u0627\u0644\u062f\u0627\u062e\u0644\u064a: EPDM \u060c \u0623\u0633\u0648\u062f \u060c \u0645\u0633\u062a\u0642\u064a\u0645.<\/div>\n<div>\u0627\u0644\u062a\u0639\u0632\u064a\u0632: \u0646\u0633\u064a\u062c \u0635\u0646\u0627\u0639\u064a \u0628\u0632\u0646\u0628\u0631\u0643 \u0635\u0644\u0628 \u0645\u062f\u0645\u062c.<\/div>\n<div>\u0637\u0644\u0627\u0621: EPDM \u060c \u0623\u0633\u0648\u062f \u060c \u0645\u0638\u0647\u0631 \u0627\u0644\u0646\u0633\u064a\u062c.<\/div>\n<div>\u0646\u0637\u0627\u0642 \u062f\u0631\u062c\u0629 \u0627\u0644\u062d\u0631\u0627\u0631\u0629: -40 \u062f\u0631\u062c\u0629 \u0645\u0626\u0648\u064a\u0629 \u0625\u0644\u0649 + 120 \u062f\u0631\u062c\u0629 \u0645\u0626\u0648\u064a\u0629.<\/div>\n<div>\u0627\u0644\u062e\u0648\u0627\u0635 \u0627\u0644\u0643\u0647\u0631\u0628\u0627\u0626\u064a\u0629: \u0627\u0644\u0623\u0646\u0628\u0648\u0628 \u0627\u0644\u062f\u0627\u062e\u0644\u064a \u0627\u0644\u0645\u0648\u0635\u0651\u0644 \u060c R &lt;104 \/ \u0645.<\/div>\n<div>\u0627\u0644\u0645\u064a\u0632\u0627\u062a \u0627\u0644\u062e\u0627\u0635\u0629: \u0643\u0634\u0637 ISO4649: 100mm3 \u0643\u062d\u062f \u0623\u0642\u0635\u0649.<\/div>\n<div>\n<div class=\"video video-fit mb\" style=\"padding-top:56.25%;\"><p><iframe loading=\"lazy\" title=\"\u0627\u0631\u062a\u0628\u0627\u0643 \u0627\u0644\u0642\u064a\u0627\u0633 (\u0628\u0648\u0635\u0629\u060c \u0625\u0635\u0628\u0639\u060c \u0636\u0628\u0627\u0628\u060c \u0645\u0644\u0644\u064a\u0645\u062a\u0631)\" width=\"1020\" height=\"574\" src=\"https:\/\/www.youtube.com\/embed\/uKk6AG_AZls?feature=oembed\" frameborder=\"0\" allow=\"accelerometer; autoplay; clipboard-write; encrypted-media; gyroscope; picture-in-picture; web-share\" referrerpolicy=\"strict-origin-when-cross-origin\" allowfullscreen><\/iframe><\/p>\n<\/div>\n<div class=\"video video-fit mb\" style=\"padding-top:56.25%;\"><p>https:\/\/www.youtube.com\/watch?v=O8ZlzKEjfEQ%20<\/p>\n<\/div>\n<\/div>\n<p><img data-recalc-dims=\"1\" loading=\"lazy\" decoding=\"async\" class=\"alignnone size-medium wp-image-2092\" src=\"https:\/\/i0.wp.com\/hortum.com.tr\/wp-content\/uploads\/urunler\/trelleborg\/Trelleborg-OST-EPDM-16BAR-800x230.jpg?resize=800%2C230\" alt=\"\" width=\"800\" height=\"230\" title=\"\" srcset=\"https:\/\/i0.wp.com\/tuzlahortum.com.tr\/wp-content\/uploads\/urunler\/trelleborg\/Trelleborg-OST-EPDM-16BAR.jpg?resize=800%2C230&amp;ssl=1 800w, https:\/\/i0.wp.com\/tuzlahortum.com.tr\/wp-content\/uploads\/urunler\/trelleborg\/Trelleborg-OST-EPDM-16BAR.jpg?resize=768%2C221&amp;ssl=1 768w, https:\/\/i0.wp.com\/tuzlahortum.com.tr\/wp-content\/uploads\/urunler\/trelleborg\/Trelleborg-OST-EPDM-16BAR.jpg?resize=600%2C173&amp;ssl=1 600w, https:\/\/i0.wp.com\/tuzlahortum.com.tr\/wp-content\/uploads\/urunler\/trelleborg\/Trelleborg-OST-EPDM-16BAR.jpg?w=852&amp;ssl=1 852w\" sizes=\"auto, (max-width: 800px) 100vw, 800px\" \/><\/p>","protected":false},"excerpt":{"rendered":"<p>Trelleborg OST EPDM 16BAR Su\/Vakum uygulamalar\u0131 Evsel su, end\u00fcstriyel su, at\u0131k sular, \u00e7amurlu su ve s\u0131v\u0131 g\u00fcbrenin \u00e7ekilmesi ve tahliyesi i\u00e7in. Avantajlar *End\u00fcstrinin t\u00fcm alanlar\u0131nda kullan\u0131lan pompalara uygun geni\u015f \u00e7e\u015fitlilikte \u00e7aplar. *M\u00fckemmel esneklik. *T\u00fcm \u00e7aplarda 16 bar&#8217;l\u0131k sabit \u00e7al\u0131\u015fma bas\u0131nc\u0131. *Is\u0131ya kar\u015f\u0131 y\u00fcksek dayan\u0131m, iletken ve a\u015f\u0131nmaya kar\u015f\u0131 dayan\u0131kl\u0131 i\u00e7 lastik. Teknik a\u00e7\u0131klama \u0130\u00e7 t\u00fcp [&#8230;]\n","protected":false},"featured_media":2661,"comment_status":"open","ping_status":"closed","template":"","meta":{"jetpack_post_was_ever_published":false},"product_brand":[],"product_cat":[1185],"product_tag":[556,1043,1192,618,1194,1193,555,343,525,1036],"class_list":{"0":"post-916","1":"product","2":"type-product","3":"status-publish","4":"has-post-thumbnail","6":"product_cat-su-ve-sulama-hortumlari","7":"product_tag-asinmaya-yuksek-dayanim","8":"product_tag-atik-su","9":"product_tag-camurlu-su","10":"product_tag-endustriyel-su","11":"product_tag-evsel-su","12":"product_tag-sivi-gubre","13":"product_tag-su","14":"product_tag-tahliye","15":"product_tag-temizlik","16":"product_tag-vakum","18":"first","19":"instock","20":"taxable","21":"shipping-taxable","22":"product-type-variable"},"jetpack-related-posts":[{"id":662,"url":"https:\/\/tuzlahortum.com.tr\/ar\/product\/trelleborg-vulcain\/","url_meta":{"origin":916,"position":0},"title":"\u062a\u0631\u064a\u0644\u0628\u0648\u0631\u062c \u0641\u0648\u0644\u0643\u0627\u064a\u0646 +","author":"admin","date":"6 \u0641\u0628\u0631\u0627\u064a\u0631 2019","format":false,"excerpt":"Trelleborg VULCAIN+Hava\/Bas\u0131n\u00e7l\u0131 hava uygulamalar\u0131 Pn\u00f6matik aletler ve pn\u00f6matik kontrol hatlar\u0131 i\u00e7in (\u00f6r. boya p\u00fcsk\u00fcrtme tabancalar\u0131). Avantajlar *Statik iletken i\u00e7 lastik. *\u00d6zellikle d\u00fc\u015f\u00fck s\u0131cakl\u0131klarda olduk\u00e7a esnektir. *S\u0131cak suya uygundur. Teknik a\u00e7\u0131klama \u0130\u00e7 t\u00fcp :\u00a0EPDM, siyah, d\u00fcz. Takviye :\u00a0sentetik tekstil. Kaplama :\u00a0EPDM, mavi, d\u00fcz. S\u0131cakl\u0131k aral\u0131\u011f\u0131 :\u00a0-40\u00b0C to +100\u00b0C. Elektriksel \u00f6zellikler :\u00a0iletken\u2026","rel":"","context":"\u062a\u062f\u0648\u064a\u0646\u0629 \u0645\u0634\u0627\u0628\u0647\u0629","block_context":{"text":"\u062a\u062f\u0648\u064a\u0646\u0629 \u0645\u0634\u0627\u0628\u0647\u0629","link":""},"img":{"alt_text":"","src":"https:\/\/i0.wp.com\/tuzlahortum.com.tr\/wp-content\/uploads\/2019\/02\/VULCAIN.jpg?fit=800%2C800&ssl=1&resize=350%2C200","width":350,"height":200,"srcset":"https:\/\/i0.wp.com\/tuzlahortum.com.tr\/wp-content\/uploads\/2019\/02\/VULCAIN.jpg?fit=800%2C800&ssl=1&resize=350%2C200 1x, https:\/\/i0.wp.com\/tuzlahortum.com.tr\/wp-content\/uploads\/2019\/02\/VULCAIN.jpg?fit=800%2C800&ssl=1&resize=525%2C300 1.5x, https:\/\/i0.wp.com\/tuzlahortum.com.tr\/wp-content\/uploads\/2019\/02\/VULCAIN.jpg?fit=800%2C800&ssl=1&resize=700%2C400 2x"},"classes":[]},{"id":919,"url":"https:\/\/tuzlahortum.com.tr\/ar\/product\/trelleborg-starkler\/","url_meta":{"origin":916,"position":1},"title":"\u062a\u0631\u064a\u0644\u0628\u0648\u0631\u062c \u0633\u062a\u0627\u0631\u0643\u0644\u0631","author":"admin","date":"6 \u0641\u0628\u0631\u0627\u064a\u0631 2019","format":false,"excerpt":"Trelleborg STARKLERSu\/Tahliye uygulamalar\u0131 Y\u00fcksek bas\u0131n\u00e7la temizleme i\u015flemleri ve s\u0131cak veya so\u011fuk su ve bir\u00e7ok farkl\u0131 s\u0131v\u0131n\u0131n kullan\u0131ld\u0131\u011f\u0131 genel tahliye uygulamalar\u0131na y\u00f6nelik \u00e7ok ama\u00e7l\u0131 hortum (EPDM i\u00e7in kimyasal diren\u00e7 tablosuna\u00a0bak\u0131n\u0131z). T\u00fcm sekt\u00f6rler i\u00e7in uygundur: in\u015faat ve bay\u0131nd\u0131rl\u0131k hizmetleri, end\u00fcstri, tar\u0131m, vs. Avantajlar *Eskime ve atmosfer ko\u015fullar\u0131na kar\u015f\u0131 son derece dayan\u0131kl\u0131. *Geni\u015f\u2026","rel":"","context":"\u062a\u062f\u0648\u064a\u0646\u0629 \u0645\u0634\u0627\u0628\u0647\u0629","block_context":{"text":"\u062a\u062f\u0648\u064a\u0646\u0629 \u0645\u0634\u0627\u0628\u0647\u0629","link":""},"img":{"alt_text":"","src":"https:\/\/i0.wp.com\/tuzlahortum.com.tr\/wp-content\/uploads\/2019\/02\/STARKLER.jpg?fit=800%2C800&ssl=1&resize=350%2C200","width":350,"height":200,"srcset":"https:\/\/i0.wp.com\/tuzlahortum.com.tr\/wp-content\/uploads\/2019\/02\/STARKLER.jpg?fit=800%2C800&ssl=1&resize=350%2C200 1x, https:\/\/i0.wp.com\/tuzlahortum.com.tr\/wp-content\/uploads\/2019\/02\/STARKLER.jpg?fit=800%2C800&ssl=1&resize=525%2C300 1.5x, https:\/\/i0.wp.com\/tuzlahortum.com.tr\/wp-content\/uploads\/2019\/02\/STARKLER.jpg?fit=800%2C800&ssl=1&resize=700%2C400 2x"},"classes":[]},{"id":910,"url":"https:\/\/tuzlahortum.com.tr\/ar\/product\/trelleborg-colorado-s\/","url_meta":{"origin":916,"position":2},"title":"Trelleborg COLORADO S.","author":"admin","date":"6 \u0641\u0628\u0631\u0627\u064a\u0631 2019","format":false,"excerpt":"Trelleborg COLORADO SSu\/Tahliye uygulamalar\u0131 Zorlu ko\u015fullar alt\u0131ndaki her t\u00fcrl\u00fc orta bas\u0131n\u00e7l\u0131 end\u00fcstriyel ve tar\u0131msal uygulamalarda su\u00a0tahliyesi. Avantajlar *Eskime ve atmosfer ko\u015fullar\u0131na kar\u015f\u0131 son derece dayan\u0131kl\u0131. *Kolay depolama ve ta\u015f\u0131ma i\u00e7in d\u00fcz olarak sar\u0131l\u0131r. *Darbe, k\u0131r\u0131lma ve a\u015f\u0131nmaya kar\u015f\u0131 dayan\u0131kl\u0131 yap\u0131. *100\u00b0C'ye kadar olan s\u0131v\u0131lar i\u00e7in. *Geni\u015f \u00e7e\u015fitlilikte \u00e7aplar. Teknik a\u00e7\u0131klama\u2026","rel":"","context":"\u062a\u062f\u0648\u064a\u0646\u0629 \u0645\u0634\u0627\u0628\u0647\u0629","block_context":{"text":"\u062a\u062f\u0648\u064a\u0646\u0629 \u0645\u0634\u0627\u0628\u0647\u0629","link":""},"img":{"alt_text":"","src":"https:\/\/i0.wp.com\/tuzlahortum.com.tr\/wp-content\/uploads\/2019\/02\/COLORADO-S.jpg?fit=800%2C800&ssl=1&resize=350%2C200","width":350,"height":200,"srcset":"https:\/\/i0.wp.com\/tuzlahortum.com.tr\/wp-content\/uploads\/2019\/02\/COLORADO-S.jpg?fit=800%2C800&ssl=1&resize=350%2C200 1x, https:\/\/i0.wp.com\/tuzlahortum.com.tr\/wp-content\/uploads\/2019\/02\/COLORADO-S.jpg?fit=800%2C800&ssl=1&resize=525%2C300 1.5x, https:\/\/i0.wp.com\/tuzlahortum.com.tr\/wp-content\/uploads\/2019\/02\/COLORADO-S.jpg?fit=800%2C800&ssl=1&resize=700%2C400 2x"},"classes":[]},{"id":897,"url":"https:\/\/tuzlahortum.com.tr\/ar\/product\/trelleborg-breathing-hose-en-14593\/","url_meta":{"origin":916,"position":3},"title":"\u062a\u0631\u064a\u0644\u0628\u0648\u0631\u062c \u062e\u0631\u0637\u0648\u0645 \u0627\u0644\u062a\u0646\u0641\u0633 EN 14593","author":"admin","date":"6 \u0641\u0628\u0631\u0627\u064a\u0631 2019","format":false,"excerpt":"\u062e\u0631\u0637\u0648\u0645 \u0627\u0644\u062a\u0646\u0641\u0633 Trelleborg BRELEborg BREATHING HOSE EN 14593\u062e\u0637 \u0625\u0645\u062f\u0627\u062f \u0647\u0648\u0627\u0621 \u0627\u0644\u062a\u0646\u0641\u0633 \u0644\u0623\u0642\u0646\u0639\u0629 \u0627\u0644\u062a\u0646\u0641\u0633 \u0628\u0627\u0644\u0647\u0648\u0627\u0621 \u0627\u0644\u0646\u0642\u064a \u0648\u0625\u0645\u062f\u0627\u062f\u0627\u062a \u0627\u0644\u0647\u0648\u0627\u0621 \u0627\u0644\u0645\u0636\u063a\u0648\u0637. \u0627\u0644\u0645\u0632\u0627\u064a\u0627 *\u0622\u0645\u0646 \u0648\u0642\u0648\u064a. *\u0645\u0642\u0627\u0648\u0645\u0629 \u0639\u0627\u0644\u064a\u0629 \u0644\u062f\u0631\u062c\u0627\u062a \u0627\u0644\u062d\u0631\u0627\u0631\u0629. *\u0645\u0631\u0648\u0646\u0629 \u0639\u0627\u0644\u064a\u0629. *\u0637\u0644\u0627\u0621 \u0645\u0642\u0627\u0648\u0645 \u0644\u0644\u062a\u0622\u0643\u0644. *\u0645\u0642\u0627\u0648\u0645 \u0644\u0644\u0643\u0647\u0631\u0628\u0627\u0621 \u0627\u0644\u0633\u0627\u0643\u0646\u0629. *\u0645\u0639\u062a\u0645\u062f \u0645\u0646 EN 14593\/14594. \u0627\u0644\u0648\u0635\u0641 \u0627\u0644\u0641\u0646\u064a: \u0627\u0644\u0623\u0646\u0628\u0648\u0628 \u0627\u0644\u062f\u0627\u062e\u0644\u064a: EPDM\u060c \u0623\u0633\u0648\u062f\u060c \u0639\u0627\u062f\u064a. \u0627\u0644\u062a\u0639\u0632\u064a\u0632: \u0623\u0631\u0627\u0645\u064a\u062f\u060c \u0645\u062d\u0628\u0648\u0643. \u0637\u0644\u0627\u0621 : EPDM\u060c \u0639\u0627\u062f\u064a\u060c \u0639\u0627\u062f\u064a 7.2 \u06489.5 \u0645\u0645 \u062f\u0627\u062e\u0644 \u0627\u0644\u0623\u0646\u0628\u0648\u0628 \u0627\u0644\u062f\u0627\u062e\u0644\u064a ...","rel":"","context":"\u062a\u062f\u0648\u064a\u0646\u0629 \u0645\u0634\u0627\u0628\u0647\u0629","block_context":{"text":"\u062a\u062f\u0648\u064a\u0646\u0629 \u0645\u0634\u0627\u0628\u0647\u0629","link":""},"img":{"alt_text":"","src":"https:\/\/i0.wp.com\/tuzlahortum.com.tr\/wp-content\/uploads\/2019\/02\/BREATHING-HOSE-EN-14593.jpg?fit=800%2C800&ssl=1&resize=350%2C200","width":350,"height":200,"srcset":"https:\/\/i0.wp.com\/tuzlahortum.com.tr\/wp-content\/uploads\/2019\/02\/BREATHING-HOSE-EN-14593.jpg?fit=800%2C800&ssl=1&resize=350%2C200 1x, https:\/\/i0.wp.com\/tuzlahortum.com.tr\/wp-content\/uploads\/2019\/02\/BREATHING-HOSE-EN-14593.jpg?fit=800%2C800&ssl=1&resize=525%2C300 1.5x, https:\/\/i0.wp.com\/tuzlahortum.com.tr\/wp-content\/uploads\/2019\/02\/BREATHING-HOSE-EN-14593.jpg?fit=800%2C800&ssl=1&resize=700%2C400 2x"},"classes":[]},{"id":918,"url":"https:\/\/tuzlahortum.com.tr\/ar\/product\/trelleborg-redwater\/","url_meta":{"origin":916,"position":4},"title":"\u062a\u0631\u064a\u0644\u0628\u0648\u0631\u062c \u0645\u0627\u0621 \u0623\u062d\u0645\u0631","author":"admin","date":"6 \u0641\u0628\u0631\u0627\u064a\u0631 2019","format":false,"excerpt":"\u062e\u0631\u0637\u0648\u0645 Trelleborg REDWATERS \u0645\u064a\u0627\u0647\/\u0645\u064a\u0627\u0647 \u0627\u0644\u062a\u0646\u0638\u064a\u0641 \u0648\u0627\u0644\u063a\u0633\u064a\u0644 \u062a\u0635\u0631\u064a\u0641 \u0627\u0644\u0645\u064a\u0627\u0647 \u062a\u062d\u062a \u0627\u0644\u0636\u063a\u0637 \u0641\u064a \u0627\u0644\u0645\u0646\u0627\u0637\u0642 \u0627\u0644\u0635\u0646\u0627\u0639\u064a\u0629 \u0623\u0648 \u0641\u064a \u0627\u0644\u0645\u062f\u0646. \u0627\u0644\u0645\u0632\u0627\u064a\u0627 * \u062e\u0631\u0637\u0648\u0645 \u0645\u062a\u064a\u0646. * \u0645\u0642\u0627\u0648\u0645\u0629 \u0639\u0627\u0644\u064a\u0629 \u0644\u0644\u062a\u0622\u0643\u0644 \u0628\u0633\u0628\u0628 \u0633\u064f\u0645\u0643 \u0627\u0644\u062c\u062f\u0627\u0631. \u0627\u0644\u0648\u0635\u0641 \u0627\u0644\u0641\u0646\u064a: \u0627\u0644\u0623\u0646\u0628\u0648\u0628 \u0627\u0644\u062f\u0627\u062e\u0644\u064a: SBR \u0644\u0644\u0623\u0646\u0628\u0648\u0628 \u0627\u0644\u062f\u0627\u062e\u0644\u064a \u226425 \u0645\u0645\u060c EPDM \u0644\u0644\u0623\u0646\u0628\u0648\u0628 \u0627\u0644\u062f\u0627\u062e\u0644\u064a &gt;25 \u0645\u0645\u060c \u0623\u0633\u0648\u062f\u060c \u0623\u0645\u0644\u0633. \u0627\u0644\u062a\u0639\u0632\u064a\u0632 : \u0646\u0633\u064a\u062c \u0635\u0646\u0627\u0639\u064a. \u0637\u0644\u0627\u0621 : SBR\u060c \u0623\u062d\u0645\u0631\u060c \u0645\u0638\u0647\u0631 \u0642\u0645\u0627\u0634\u064a \u0644\u0644\u062f\u0627\u062e\u0644\u064a\u0629&gt;25 \u0645\u0645\u060c \u0639\u0627\u062f\u064a \u0644\u0644\u062f\u0627\u062e\u0644\u064a\u0629\u226425 \u0645\u0645. \u0646\u0637\u0627\u0642 \u062f\u0631\u062c\u0629 \u0627\u0644\u062d\u0631\u0627\u0631\u0629 : -25\u00b0C...","rel":"","context":"\u062a\u062f\u0648\u064a\u0646\u0629 \u0645\u0634\u0627\u0628\u0647\u0629","block_context":{"text":"\u062a\u062f\u0648\u064a\u0646\u0629 \u0645\u0634\u0627\u0628\u0647\u0629","link":""},"img":{"alt_text":"","src":"https:\/\/i0.wp.com\/tuzlahortum.com.tr\/wp-content\/uploads\/2019\/02\/RED-WATER.jpg?fit=800%2C800&ssl=1&resize=350%2C200","width":350,"height":200,"srcset":"https:\/\/i0.wp.com\/tuzlahortum.com.tr\/wp-content\/uploads\/2019\/02\/RED-WATER.jpg?fit=800%2C800&ssl=1&resize=350%2C200 1x, https:\/\/i0.wp.com\/tuzlahortum.com.tr\/wp-content\/uploads\/2019\/02\/RED-WATER.jpg?fit=800%2C800&ssl=1&resize=525%2C300 1.5x, https:\/\/i0.wp.com\/tuzlahortum.com.tr\/wp-content\/uploads\/2019\/02\/RED-WATER.jpg?fit=800%2C800&ssl=1&resize=700%2C400 2x"},"classes":[]},{"id":899,"url":"https:\/\/tuzlahortum.com.tr\/ar\/product\/trelleborg-solvykler\/","url_meta":{"origin":916,"position":5},"title":"\u062d\u0644 Trelleborg","author":"admin","date":"6 \u0641\u0628\u0631\u0627\u064a\u0631 2019","format":false,"excerpt":"Trelleborg SOLVYKLERSolventler\/Boyalar\/Cila ve Vernik Ester, keton, alkol bazl\u0131 boyalar ve bir\u00e7ok kimyasal i\u00e7in bas\u0131n\u00e7l\u0131 hizmet hatt\u0131. Avantajlar *Hortum kaplamas\u0131 korozif kimyasal s\u0131\u00e7ramas\u0131na kar\u015f\u0131 dayan\u0131kl\u0131d\u0131r. *Silikon i\u00e7ermez. *Hortum esnekli\u011fini geni\u015f bir s\u0131cakl\u0131k aral\u0131\u011f\u0131nda korur. *Antistatik i\u00e7 lastik. Teknik a\u00e7\u0131klama \u0130\u00e7 t\u00fcp :\u00a0kimyasal maddelere dayan\u0131kl\u0131 EPDM, siyah, d\u00fcz. Takviye :\u00a0sentetik tekstil. Kaplama\u2026","rel":"","context":"\u062a\u062f\u0648\u064a\u0646\u0629 \u0645\u0634\u0627\u0628\u0647\u0629","block_context":{"text":"\u062a\u062f\u0648\u064a\u0646\u0629 \u0645\u0634\u0627\u0628\u0647\u0629","link":""},"img":{"alt_text":"","src":"https:\/\/i0.wp.com\/tuzlahortum.com.tr\/wp-content\/uploads\/2019\/02\/SOLVYKLER.jpg?fit=800%2C800&ssl=1&resize=350%2C200","width":350,"height":200,"srcset":"https:\/\/i0.wp.com\/tuzlahortum.com.tr\/wp-content\/uploads\/2019\/02\/SOLVYKLER.jpg?fit=800%2C800&ssl=1&resize=350%2C200 1x, https:\/\/i0.wp.com\/tuzlahortum.com.tr\/wp-content\/uploads\/2019\/02\/SOLVYKLER.jpg?fit=800%2C800&ssl=1&resize=525%2C300 1.5x, https:\/\/i0.wp.com\/tuzlahortum.com.tr\/wp-content\/uploads\/2019\/02\/SOLVYKLER.jpg?fit=800%2C800&ssl=1&resize=700%2C400 2x"},"classes":[]}],"jetpack_sharing_enabled":true,"jetpack_likes_enabled":true,"_links":{"self":[{"href":"https:\/\/tuzlahortum.com.tr\/ar\/wp-json\/wp\/v2\/product\/916","targetHints":{"allow":["GET"]}}],"collection":[{"href":"https:\/\/tuzlahortum.com.tr\/ar\/wp-json\/wp\/v2\/product"}],"about":[{"href":"https:\/\/tuzlahortum.com.tr\/ar\/wp-json\/wp\/v2\/types\/product"}],"replies":[{"embeddable":true,"href":"https:\/\/tuzlahortum.com.tr\/ar\/wp-json\/wp\/v2\/comments?post=916"}],"wp:featuredmedia":[{"embeddable":true,"href":"https:\/\/tuzlahortum.com.tr\/ar\/wp-json\/wp\/v2\/media\/2661"}],"wp:attachment":[{"href":"https:\/\/tuzlahortum.com.tr\/ar\/wp-json\/wp\/v2\/media?parent=916"}],"wp:term":[{"taxonomy":"product_brand","embeddable":true,"href":"https:\/\/tuzlahortum.com.tr\/ar\/wp-json\/wp\/v2\/product_brand?post=916"},{"taxonomy":"product_cat","embeddable":true,"href":"https:\/\/tuzlahortum.com.tr\/ar\/wp-json\/wp\/v2\/product_cat?post=916"},{"taxonomy":"product_tag","embeddable":true,"href":"https:\/\/tuzlahortum.com.tr\/ar\/wp-json\/wp\/v2\/product_tag?post=916"}],"curies":[{"name":"\u062f\u0628\u0644\u064a\u0648 \u0628\u064a","href":"https:\/\/api.w.org\/{rel}","templated":true}]}}