{"id":913,"date":"2019-02-06T23:55:47","date_gmt":"2019-02-06T20:55:47","guid":{"rendered":"http:\/\/hortum.com.tr\/product\/import-placeholder-for-460\/"},"modified":"2024-03-21T17:40:49","modified_gmt":"2024-03-21T14:40:49","slug":"trelleborg-osm-ii","status":"publish","type":"product","link":"https:\/\/tuzlahortum.com.tr\/ar\/product\/trelleborg-osm-ii\/","title":{"rendered":"Trelleborg OSM II"},"content":{"rendered":"<h2>Trelleborg OSM II<\/h2>\n<div>\u062a\u0637\u0628\u064a\u0642\u0627\u062a \u0627\u0644\u0645\u0627\u0621 \/ \u0627\u0644\u0641\u0631\u0627\u063a<\/div>\n<div>\u0627\u0633\u062a\u062e\u0631\u0627\u062c \u0648\u062a\u0635\u0631\u064a\u0641 \u0627\u0644\u0645\u064a\u0627\u0647 \u0627\u0644\u0645\u0646\u0632\u0644\u064a\u0629 \u0648\u0627\u0644\u0635\u0646\u0627\u0639\u064a\u0629 \u0648\u0645\u064a\u0627\u0647 \u0627\u0644\u0628\u062d\u0631 \u0648\u0645\u064a\u0627\u0647 \u0627\u0644\u0635\u0631\u0641 \u0627\u0644\u0635\u062d\u064a.<\/div>\n<div>\u0645\u0632\u0627\u064a\u0627<\/div>\n<div>* \u064a\u0645\u0643\u0646 \u062a\u0633\u0644\u064a\u0645\u0647\u0627 \u0628\u0642\u0637\u0639 \u0628\u0623\u0637\u0648\u0627\u0644 \u0645\u062e\u062a\u0644\u0641\u0629 \u062d\u0633\u0628 \u0627\u0644\u0637\u0644\u0628.<\/div>\n<div>* \u0645\u0642\u0627\u0648\u0645\u0629 \u0639\u0627\u0644\u064a\u0629 \u062c\u062f\u0627 \u0644\u0644\u062a\u0643\u0633\u064a\u0631.<\/div>\n<div>* \u062b\u0644\u0627\u062b \u0637\u0628\u0642\u0627\u062a \u0645\u062a\u0648\u0627\u0632\u064a\u0629 \u0641\u064a \u0627\u0644\u062e\u0631\u0637\u0648\u0645 \u0644\u062a\u0633\u0647\u064a\u0644 \u0627\u0644\u062a\u0645\u062f\u064a\u062f \u0645\u0639 \u0627\u0644\u062a\u0631\u0643\u064a\u0628\u0627\u062a \u0627\u0644\u0645\u062e\u062a\u0644\u0641\u0629<\/div>\n<div>\u064a\u0639\u0637\u064a \u0645\u0644\u0645\u0633\u064b\u0627 \u0646\u0627\u0639\u0645\u064b\u0627.<\/div>\n<div>\u0627\u0644\u0648\u0635\u0641 \u0627\u0644\u0641\u0646\u064a<\/div>\n<div>\u0627\u0644\u0623\u0646\u0628\u0648\u0628 \u0627\u0644\u062f\u0627\u062e\u0644\u064a: SBR \u060c \u0623\u0633\u0648\u062f \u060c \u0645\u0633\u062a\u0642\u064a\u0645.<\/div>\n<div>\u0627\u0644\u062a\u0639\u0632\u064a\u0632: \u0646\u0633\u064a\u062c \u062a\u0631\u0643\u064a\u0628\u064a \u060c \u062d\u0628\u0627\u0644 \u060c \u0644\u0648\u0644\u0628 PET \u0645\u062f\u0645\u062c \u0644\u0645\u0639\u0631\u0641 &lt;70 \u0645\u0645 \u0648\u0644\u0644\u0645\u0639\u0631\u0651\u0641 89 \u0625\u0644\u0649 100 \u0645\u0645<\/div>\n<div>\u0627\u0644\u0644\u0648\u0644\u0628 \u0627\u0644\u0635\u0644\u0628 \u062c\u0632\u0621\u0627 \u0644\u0627 \u064a\u062a\u062c\u0632\u0623.<\/div>\n<div>\u0637\u0644\u0627\u0621: SBR \u060c \u0623\u0633\u0648\u062f \u060c \u0645\u0638\u0647\u0631 \u0627\u0644\u0646\u0633\u064a\u062c.<\/div>\n<div>\u0646\u0637\u0627\u0642 \u062f\u0631\u062c\u0629 \u0627\u0644\u062d\u0631\u0627\u0631\u0629: -30 \u062f\u0631\u062c\u0629 \u0645\u0626\u0648\u064a\u0629 \u0625\u0644\u0649 +60 \u062f\u0631\u062c\u0629 \u0645\u0626\u0648\u064a\u0629.<\/div>\n<div>\n<div class=\"video video-fit mb\" style=\"padding-top:56.25%;\"><p><iframe loading=\"lazy\" title=\"\u0627\u0631\u062a\u0628\u0627\u0643 \u0627\u0644\u0642\u064a\u0627\u0633 (\u0628\u0648\u0635\u0629\u060c \u0625\u0635\u0628\u0639\u060c \u0636\u0628\u0627\u0628\u060c \u0645\u0644\u0644\u064a\u0645\u062a\u0631)\" width=\"1020\" height=\"574\" src=\"https:\/\/www.youtube.com\/embed\/uKk6AG_AZls?feature=oembed\" frameborder=\"0\" allow=\"accelerometer; autoplay; clipboard-write; encrypted-media; gyroscope; picture-in-picture; web-share\" referrerpolicy=\"strict-origin-when-cross-origin\" allowfullscreen><\/iframe><\/p>\n<\/div>\n<div class=\"video video-fit mb\" style=\"padding-top:56.25%;\"><p>https:\/\/www.youtube.com\/watch?v=O8ZlzKEjfEQ%20<\/p>\n<\/div>\n<\/div>\n<p><img data-recalc-dims=\"1\" loading=\"lazy\" decoding=\"async\" class=\"alignnone size-medium wp-image-2094\" src=\"https:\/\/i0.wp.com\/hortum.com.tr\/wp-content\/uploads\/urunler\/trelleborg\/Trelleborg-OSM-II-800x282.jpg?resize=800%2C282\" alt=\"\" width=\"800\" height=\"282\" title=\"\" srcset=\"https:\/\/i0.wp.com\/tuzlahortum.com.tr\/wp-content\/uploads\/urunler\/trelleborg\/Trelleborg-OSM-II.jpg?resize=800%2C282&amp;ssl=1 800w, https:\/\/i0.wp.com\/tuzlahortum.com.tr\/wp-content\/uploads\/urunler\/trelleborg\/Trelleborg-OSM-II.jpg?resize=768%2C271&amp;ssl=1 768w, https:\/\/i0.wp.com\/tuzlahortum.com.tr\/wp-content\/uploads\/urunler\/trelleborg\/Trelleborg-OSM-II.jpg?resize=600%2C212&amp;ssl=1 600w, https:\/\/i0.wp.com\/tuzlahortum.com.tr\/wp-content\/uploads\/urunler\/trelleborg\/Trelleborg-OSM-II.jpg?w=856&amp;ssl=1 856w\" sizes=\"auto, (max-width: 800px) 100vw, 800px\" \/><\/p>","protected":false},"excerpt":{"rendered":"<p>Trelleborg OSM II Su\/Vakum uygulamalar\u0131 Evsel su, end\u00fcstriyel su, deniz suyu ve at\u0131k sular\u0131n \u00e7ekilmesi ve tahliyesi. Avantajlar *\u0130ste\u011fe g\u00f6re \u00e7e\u015fitli uzunluklarda kesilerek teslim edilebilir. *Ezilmeye kar\u015f\u0131 \u00e7ok y\u00fcksek diren\u00e7. *Hortumdaki \u00fc\u00e7 katl\u0131 paralel helisler \u00e7e\u015fitli ba\u011flant\u0131 par\u00e7alar\u0131 ile daha kolay d\u00f6\u015fenmesi i\u00e7in yumu\u015fak bir yap\u0131 kazand\u0131r\u0131r. Teknik a\u00e7\u0131klama \u0130\u00e7 t\u00fcp :\u00a0SBR, siyah, d\u00fcz. Takviye [&#8230;]\n","protected":false},"featured_media":2659,"comment_status":"open","ping_status":"closed","template":"","meta":{"jetpack_post_was_ever_published":false},"product_brand":[],"product_cat":[1185],"product_tag":[556,1043,1191,555,343,525,1036],"class_list":{"0":"post-913","1":"product","2":"type-product","3":"status-publish","4":"has-post-thumbnail","6":"product_cat-su-ve-sulama-hortumlari","7":"product_tag-asinmaya-yuksek-dayanim","8":"product_tag-atik-su","9":"product_tag-deniz-suyu","10":"product_tag-su","11":"product_tag-tahliye","12":"product_tag-temizlik","13":"product_tag-vakum","15":"first","16":"instock","17":"taxable","18":"shipping-taxable","19":"product-type-variable"},"jetpack-related-posts":[{"id":903,"url":"https:\/\/tuzlahortum.com.tr\/ar\/product\/trelleborg-boat-sanitary-hose\/","url_meta":{"origin":913,"position":0},"title":"\u062e\u0631\u0637\u0648\u0645 \u0645\u064a\u0627\u0647 \u0627\u0644\u0635\u0631\u0641 \u0627\u0644\u0635\u062d\u064a \u0645\u0646 \u0642\u0627\u0631\u0628 \u062a\u0631\u064a\u0644\u0628\u0648\u0631\u062c","author":"admin","date":"6 \u0641\u0628\u0631\u0627\u064a\u0631 2019","format":false,"excerpt":"\u062e\u0631\u0627\u0637\u064a\u0645 \u0645\u064a\u0627\u0647 \u0627\u0644\u0635\u0631\u0641 \u0627\u0644\u0635\u062d\u064a \u0644\u0642\u0648\u0627\u0631\u0628 \u0627\u0644\u0639\u0637\u0644\u0627\u062a Trelleborg \u062e\u0631\u0627\u0637\u064a\u0645 \u0645\u064a\u0627\u0647 \u0627\u0644\u0635\u0631\u0641 \u0627\u0644\u0635\u062d\u064a \u0627\u0644\u0645\u064a\u0627\u0647\/\u0627\u0633\u062a\u062e\u062f\u0627\u0645\u0627\u062a \u062e\u0627\u0635\u0629 \u062e\u0631\u0637\u0648\u0645 \u0645\u064a\u0627\u0647 \u0627\u0644\u0635\u0631\u0641 \u0627\u0644\u0635\u062d\u064a \u0644\u0623\u0646\u0638\u0645\u0629 \u0645\u0631\u0627\u062d\u064a\u0636 \u0642\u0648\u0627\u0631\u0628 \u0627\u0644\u0639\u0637\u0644\u0627\u062a. \u0627\u0644\u0645\u0632\u0627\u064a\u0627 * \u0645\u0631\u0646. *\u0645\u0642\u0627\u0648\u0645 \u0644\u0644\u062a\u0634\u0627\u0628\u0643. *\u0639\u062f\u0645 \u0646\u0641\u0627\u0630\u064a\u0629 \u0627\u0644\u0627\u0646\u062a\u0634\u0627\u0631 (\u0639\u062f\u0645 \u0648\u062c\u0648\u062f \u0631\u0627\u0626\u062d\u0629 \u0645\u0646 \u0646\u0638\u0627\u0645 \u0627\u0644\u0645\u0631\u062d\u0627\u0636). *\u0633\u0647\u0644 \u0627\u0644\u0642\u0637\u0639 \u0648\u0644\u0627 \u064a\u062a\u0645 \u0633\u062d\u0642\u0647 \u0628\u0648\u0627\u0633\u0637\u0629 \u0627\u0644\u0644\u0648\u0644\u0628 \u0627\u0644\u0628\u0644\u0627\u0633\u062a\u064a\u0643\u064a. \u0627\u0644\u0648\u0635\u0641 \u0627\u0644\u062a\u0642\u0646\u064a: \u0623\u0646\u0628\u0648\u0628 \u062f\u0627\u062e\u0644\u064a: \u0645\u0637\u0627\u0637 \u0627\u0644\u0628\u0648\u062a\u064a\u0644 \u0627\u0644\u0645\u062d\u0643\u0645 \u0627\u0644\u0625\u063a\u0644\u0627\u0642\u060c \u0623\u0633\u0648\u062f. \u0627\u0644\u062a\u0639\u0632\u064a\u0632 : \u0646\u0633\u064a\u062c \u0635\u0646\u0627\u0639\u064a \u0645\u0639 \u0632\u0646\u0628\u0631\u0643 \u0641\u0648\u0644\u0627\u0630\u064a \u0645\u062f\u0645\u062c. \u0637\u0644\u0627\u0621 : EPDM\u060c ...","rel":"","context":"\u062a\u062f\u0648\u064a\u0646\u0629 \u0645\u0634\u0627\u0628\u0647\u0629","block_context":{"text":"\u062a\u062f\u0648\u064a\u0646\u0629 \u0645\u0634\u0627\u0628\u0647\u0629","link":""},"img":{"alt_text":"","src":"https:\/\/i0.wp.com\/tuzlahortum.com.tr\/wp-content\/uploads\/2019\/02\/BOAT-SANITARY-HOSE.jpg?fit=800%2C800&ssl=1&resize=350%2C200","width":350,"height":200,"srcset":"https:\/\/i0.wp.com\/tuzlahortum.com.tr\/wp-content\/uploads\/2019\/02\/BOAT-SANITARY-HOSE.jpg?fit=800%2C800&ssl=1&resize=350%2C200 1x, https:\/\/i0.wp.com\/tuzlahortum.com.tr\/wp-content\/uploads\/2019\/02\/BOAT-SANITARY-HOSE.jpg?fit=800%2C800&ssl=1&resize=525%2C300 1.5x, https:\/\/i0.wp.com\/tuzlahortum.com.tr\/wp-content\/uploads\/2019\/02\/BOAT-SANITARY-HOSE.jpg?fit=800%2C800&ssl=1&resize=700%2C400 2x"},"classes":[]},{"id":918,"url":"https:\/\/tuzlahortum.com.tr\/ar\/product\/trelleborg-redwater\/","url_meta":{"origin":913,"position":1},"title":"\u062a\u0631\u064a\u0644\u0628\u0648\u0631\u062c \u0645\u0627\u0621 \u0623\u062d\u0645\u0631","author":"admin","date":"6 \u0641\u0628\u0631\u0627\u064a\u0631 2019","format":false,"excerpt":"\u062e\u0631\u0637\u0648\u0645 Trelleborg REDWATERS \u0645\u064a\u0627\u0647\/\u0645\u064a\u0627\u0647 \u0627\u0644\u062a\u0646\u0638\u064a\u0641 \u0648\u0627\u0644\u063a\u0633\u064a\u0644 \u062a\u0635\u0631\u064a\u0641 \u0627\u0644\u0645\u064a\u0627\u0647 \u062a\u062d\u062a \u0627\u0644\u0636\u063a\u0637 \u0641\u064a \u0627\u0644\u0645\u0646\u0627\u0637\u0642 \u0627\u0644\u0635\u0646\u0627\u0639\u064a\u0629 \u0623\u0648 \u0641\u064a \u0627\u0644\u0645\u062f\u0646. \u0627\u0644\u0645\u0632\u0627\u064a\u0627 * \u062e\u0631\u0637\u0648\u0645 \u0645\u062a\u064a\u0646. * \u0645\u0642\u0627\u0648\u0645\u0629 \u0639\u0627\u0644\u064a\u0629 \u0644\u0644\u062a\u0622\u0643\u0644 \u0628\u0633\u0628\u0628 \u0633\u064f\u0645\u0643 \u0627\u0644\u062c\u062f\u0627\u0631. \u0627\u0644\u0648\u0635\u0641 \u0627\u0644\u0641\u0646\u064a: \u0627\u0644\u0623\u0646\u0628\u0648\u0628 \u0627\u0644\u062f\u0627\u062e\u0644\u064a: SBR \u0644\u0644\u0623\u0646\u0628\u0648\u0628 \u0627\u0644\u062f\u0627\u062e\u0644\u064a \u226425 \u0645\u0645\u060c EPDM \u0644\u0644\u0623\u0646\u0628\u0648\u0628 \u0627\u0644\u062f\u0627\u062e\u0644\u064a &gt;25 \u0645\u0645\u060c \u0623\u0633\u0648\u062f\u060c \u0623\u0645\u0644\u0633. \u0627\u0644\u062a\u0639\u0632\u064a\u0632 : \u0646\u0633\u064a\u062c \u0635\u0646\u0627\u0639\u064a. \u0637\u0644\u0627\u0621 : SBR\u060c \u0623\u062d\u0645\u0631\u060c \u0645\u0638\u0647\u0631 \u0642\u0645\u0627\u0634\u064a \u0644\u0644\u062f\u0627\u062e\u0644\u064a\u0629&gt;25 \u0645\u0645\u060c \u0639\u0627\u062f\u064a \u0644\u0644\u062f\u0627\u062e\u0644\u064a\u0629\u226425 \u0645\u0645. \u0646\u0637\u0627\u0642 \u062f\u0631\u062c\u0629 \u0627\u0644\u062d\u0631\u0627\u0631\u0629 : -25\u00b0C...","rel":"","context":"\u062a\u062f\u0648\u064a\u0646\u0629 \u0645\u0634\u0627\u0628\u0647\u0629","block_context":{"text":"\u062a\u062f\u0648\u064a\u0646\u0629 \u0645\u0634\u0627\u0628\u0647\u0629","link":""},"img":{"alt_text":"","src":"https:\/\/i0.wp.com\/tuzlahortum.com.tr\/wp-content\/uploads\/2019\/02\/RED-WATER.jpg?fit=800%2C800&ssl=1&resize=350%2C200","width":350,"height":200,"srcset":"https:\/\/i0.wp.com\/tuzlahortum.com.tr\/wp-content\/uploads\/2019\/02\/RED-WATER.jpg?fit=800%2C800&ssl=1&resize=350%2C200 1x, https:\/\/i0.wp.com\/tuzlahortum.com.tr\/wp-content\/uploads\/2019\/02\/RED-WATER.jpg?fit=800%2C800&ssl=1&resize=525%2C300 1.5x, https:\/\/i0.wp.com\/tuzlahortum.com.tr\/wp-content\/uploads\/2019\/02\/RED-WATER.jpg?fit=800%2C800&ssl=1&resize=700%2C400 2x"},"classes":[]},{"id":540,"url":"https:\/\/tuzlahortum.com.tr\/ar\/product\/trelleborg-fp-2007\/","url_meta":{"origin":913,"position":2},"title":"Trelleborg FP 2007","author":"admin","date":"6 \u0641\u0628\u0631\u0627\u064a\u0631 2019","format":false,"excerpt":"Trelleborg FP 2007Bal\u0131k pompas\u0131 Bak\u0131l \u00e7iftliklerinde ve bal\u0131k i\u015fleme tesislerinde bal\u0131\u011f\u0131n pompalanmas\u0131 i\u00e7in kullan\u0131l\u0131r. Avantajlar *Esnek hortum tasar\u0131m\u0131 bu uygulama i\u00e7in optimum \u00f6zellikler sa\u011flar. *Zorlu \u015fartlarda kullan\u0131ma dayan\u0131kl\u0131d\u0131r. *Tahliye uygulamalar\u0131 i\u00e7in helissiz olarak \u00fcretilir. Teknik a\u00e7\u0131klama \u0130\u00e7 t\u00fcp :\u00a0a\u015f\u0131nmaya dayan\u0131kl\u0131 SBR\/NBR, siyah. Takviye :\u00a0sentetik tekstil. Kaplama :\u00a0hava ko\u015fullar\u0131na kar\u015f\u0131 dayan\u0131kl\u0131\u2026","rel":"","context":"\u062a\u062f\u0648\u064a\u0646\u0629 \u0645\u0634\u0627\u0628\u0647\u0629","block_context":{"text":"\u062a\u062f\u0648\u064a\u0646\u0629 \u0645\u0634\u0627\u0628\u0647\u0629","link":""},"img":{"alt_text":"","src":"https:\/\/i0.wp.com\/tuzlahortum.com.tr\/wp-content\/uploads\/2019\/02\/FP-2007.jpg?fit=800%2C800&ssl=1&resize=350%2C200","width":350,"height":200,"srcset":"https:\/\/i0.wp.com\/tuzlahortum.com.tr\/wp-content\/uploads\/2019\/02\/FP-2007.jpg?fit=800%2C800&ssl=1&resize=350%2C200 1x, https:\/\/i0.wp.com\/tuzlahortum.com.tr\/wp-content\/uploads\/2019\/02\/FP-2007.jpg?fit=800%2C800&ssl=1&resize=525%2C300 1.5x, https:\/\/i0.wp.com\/tuzlahortum.com.tr\/wp-content\/uploads\/2019\/02\/FP-2007.jpg?fit=800%2C800&ssl=1&resize=700%2C400 2x"},"classes":[]},{"id":541,"url":"https:\/\/tuzlahortum.com.tr\/ar\/product\/trelleborg-fp-3010\/","url_meta":{"origin":913,"position":3},"title":"\u062a\u0631\u064a\u0644\u0628\u0648\u0631\u062c FP 3010","author":"admin","date":"6 \u0641\u0628\u0631\u0627\u064a\u0631 2019","format":false,"excerpt":"Trelleborg FP 3010Bal\u0131k pompas\u0131 Bak\u0131l \u00e7iftliklerinde ve bal\u0131k i\u015fleme tesislerinde bal\u0131\u011f\u0131n pompalanmas\u0131 i\u00e7in kullan\u0131l\u0131r. Avantajlar *Esnek hortum tasar\u0131m\u0131 bu uygulama i\u00e7in optimum \u00f6zellikler sa\u011flar. *Zorlu \u015fartlarda kullan\u0131ma dayan\u0131kl\u0131d\u0131r. *Tahliye uygulamalar\u0131 i\u00e7in helissiz olarak \u00fcretilir. Teknik a\u00e7\u0131klama \u0130\u00e7 t\u00fcp :\u00a0a\u015f\u0131nmaya dayan\u0131kl\u0131 SBR\/NB, siyah. Takviye :\u00a0sentetik tekstil. Kaplama :\u00a0hava ko\u015fullar\u0131na kar\u015f\u0131 dayan\u0131kl\u0131\u2026","rel":"","context":"\u062a\u062f\u0648\u064a\u0646\u0629 \u0645\u0634\u0627\u0628\u0647\u0629","block_context":{"text":"\u062a\u062f\u0648\u064a\u0646\u0629 \u0645\u0634\u0627\u0628\u0647\u0629","link":""},"img":{"alt_text":"","src":"https:\/\/i0.wp.com\/tuzlahortum.com.tr\/wp-content\/uploads\/2019\/02\/FP-3010.jpg?fit=800%2C800&ssl=1&resize=350%2C200","width":350,"height":200,"srcset":"https:\/\/i0.wp.com\/tuzlahortum.com.tr\/wp-content\/uploads\/2019\/02\/FP-3010.jpg?fit=800%2C800&ssl=1&resize=350%2C200 1x, https:\/\/i0.wp.com\/tuzlahortum.com.tr\/wp-content\/uploads\/2019\/02\/FP-3010.jpg?fit=800%2C800&ssl=1&resize=525%2C300 1.5x, https:\/\/i0.wp.com\/tuzlahortum.com.tr\/wp-content\/uploads\/2019\/02\/FP-3010.jpg?fit=800%2C800&ssl=1&resize=700%2C400 2x"},"classes":[]},{"id":558,"url":"https:\/\/tuzlahortum.com.tr\/ar\/product\/trelleborg-ag2100-marine-corrugated\/","url_meta":{"origin":913,"position":4},"title":"Trelleborg AG2100 \u0645\u0645\u0648\u062c \u0628\u062d\u0631\u064a","author":"admin","date":"6 \u0641\u0628\u0631\u0627\u064a\u0631 2019","format":false,"excerpt":"Trelleborg AG2100 Marine CorrugatedEgzoz gaz\u0131 Egzoz gazlar\u0131n\u0131n tahliye edilen so\u011fuk su ile kar\u0131\u015ft\u0131\u011f\u0131 deniz motoru \u0131slak egzoz sistemleri. Avantajlar *Son derece y\u00fcksek esneklik. *Hafiftir. *Y\u0131pranma ve eskimeye dayan\u0131kl\u0131. *Oluklu ve kullan\u0131c\u0131 dostu. *DNV onayl\u0131d\u0131r. Teknik a\u00e7\u0131klama \u0130\u00e7 t\u00fcp :\u00a0CR, siyah, d\u00fcz. Takviye :\u00a0\u00e7elik tel g\u00f6m\u00fcl\u00fc helis bulunan sentetik tekstil. Kaplama\u2026","rel":"","context":"\u062a\u062f\u0648\u064a\u0646\u0629 \u0645\u0634\u0627\u0628\u0647\u0629","block_context":{"text":"\u062a\u062f\u0648\u064a\u0646\u0629 \u0645\u0634\u0627\u0628\u0647\u0629","link":""},"img":{"alt_text":"","src":"https:\/\/i0.wp.com\/tuzlahortum.com.tr\/wp-content\/uploads\/2019\/02\/AG-2100-MARINE-CORRUGATED.jpg?fit=800%2C800&ssl=1&resize=350%2C200","width":350,"height":200,"srcset":"https:\/\/i0.wp.com\/tuzlahortum.com.tr\/wp-content\/uploads\/2019\/02\/AG-2100-MARINE-CORRUGATED.jpg?fit=800%2C800&ssl=1&resize=350%2C200 1x, https:\/\/i0.wp.com\/tuzlahortum.com.tr\/wp-content\/uploads\/2019\/02\/AG-2100-MARINE-CORRUGATED.jpg?fit=800%2C800&ssl=1&resize=525%2C300 1.5x, https:\/\/i0.wp.com\/tuzlahortum.com.tr\/wp-content\/uploads\/2019\/02\/AG-2100-MARINE-CORRUGATED.jpg?fit=800%2C800&ssl=1&resize=700%2C400 2x"},"classes":[]},{"id":559,"url":"https:\/\/tuzlahortum.com.tr\/ar\/product\/trelleborg-ag2100-marine-smooth\/","url_meta":{"origin":913,"position":5},"title":"Trelleborg AG2100 \u0645\u0627\u0631\u064a\u0646 \u0633\u0645\u0648\u062b","author":"admin","date":"6 \u0641\u0628\u0631\u0627\u064a\u0631 2019","format":false,"excerpt":"Trelleborg AG2100 Marine SmoothEgzoz gaz\u0131 Egzoz gazlar\u0131n\u0131n tahliye edilen so\u011fuk su ile kar\u0131\u015ft\u0131\u011f\u0131 deniz motoru \u0131slak egzoz sistemleri. Avantajlar *Esnek. *Y\u0131pranma ve eskimeye dayan\u0131kl\u0131. *Flex Max yap\u0131 (\u00f6r. \u00e7oklu helis). *D\u00fcz ve dayan\u0131kl\u0131. *Kuru egzoza 3 saatten fazla dayan\u0131r. *DNV onayl\u0131d\u0131r. Teknik a\u00e7\u0131klama \u0130\u00e7 t\u00fcp :\u00a0CR, siyah, d\u00fcz. Takviye :\u00a0\u00e7elik\u2026","rel":"","context":"\u062a\u062f\u0648\u064a\u0646\u0629 \u0645\u0634\u0627\u0628\u0647\u0629","block_context":{"text":"\u062a\u062f\u0648\u064a\u0646\u0629 \u0645\u0634\u0627\u0628\u0647\u0629","link":""},"img":{"alt_text":"","src":"https:\/\/i0.wp.com\/tuzlahortum.com.tr\/wp-content\/uploads\/2019\/02\/AG-2100-MAR%C4%B0NE-SMOOTH.jpg?fit=800%2C800&ssl=1&resize=350%2C200","width":350,"height":200,"srcset":"https:\/\/i0.wp.com\/tuzlahortum.com.tr\/wp-content\/uploads\/2019\/02\/AG-2100-MAR%C4%B0NE-SMOOTH.jpg?fit=800%2C800&ssl=1&resize=350%2C200 1x, https:\/\/i0.wp.com\/tuzlahortum.com.tr\/wp-content\/uploads\/2019\/02\/AG-2100-MAR%C4%B0NE-SMOOTH.jpg?fit=800%2C800&ssl=1&resize=525%2C300 1.5x, https:\/\/i0.wp.com\/tuzlahortum.com.tr\/wp-content\/uploads\/2019\/02\/AG-2100-MAR%C4%B0NE-SMOOTH.jpg?fit=800%2C800&ssl=1&resize=700%2C400 2x"},"classes":[]}],"jetpack_sharing_enabled":true,"jetpack_likes_enabled":true,"_links":{"self":[{"href":"https:\/\/tuzlahortum.com.tr\/ar\/wp-json\/wp\/v2\/product\/913","targetHints":{"allow":["GET"]}}],"collection":[{"href":"https:\/\/tuzlahortum.com.tr\/ar\/wp-json\/wp\/v2\/product"}],"about":[{"href":"https:\/\/tuzlahortum.com.tr\/ar\/wp-json\/wp\/v2\/types\/product"}],"replies":[{"embeddable":true,"href":"https:\/\/tuzlahortum.com.tr\/ar\/wp-json\/wp\/v2\/comments?post=913"}],"wp:featuredmedia":[{"embeddable":true,"href":"https:\/\/tuzlahortum.com.tr\/ar\/wp-json\/wp\/v2\/media\/2659"}],"wp:attachment":[{"href":"https:\/\/tuzlahortum.com.tr\/ar\/wp-json\/wp\/v2\/media?parent=913"}],"wp:term":[{"taxonomy":"product_brand","embeddable":true,"href":"https:\/\/tuzlahortum.com.tr\/ar\/wp-json\/wp\/v2\/product_brand?post=913"},{"taxonomy":"product_cat","embeddable":true,"href":"https:\/\/tuzlahortum.com.tr\/ar\/wp-json\/wp\/v2\/product_cat?post=913"},{"taxonomy":"product_tag","embeddable":true,"href":"https:\/\/tuzlahortum.com.tr\/ar\/wp-json\/wp\/v2\/product_tag?post=913"}],"curies":[{"name":"\u062f\u0628\u0644\u064a\u0648 \u0628\u064a","href":"https:\/\/api.w.org\/{rel}","templated":true}]}}