{"id":9100,"date":"2019-06-11T15:15:32","date_gmt":"2019-06-11T12:15:32","guid":{"rendered":"https:\/\/tuzlahortum.com.tr\/?post_type=product&#038;p=9100"},"modified":"2024-03-21T17:38:29","modified_gmt":"2024-03-21T14:38:29","slug":"marin-hortumu","status":"publish","type":"product","link":"https:\/\/tuzlahortum.com.tr\/ar\/product\/marin-hortumu\/","title":{"rendered":"\u062e\u0631\u0637\u0648\u0645 \u0628\u062d\u0631\u064a"},"content":{"rendered":"<h2>\u062e\u0631\u0637\u0648\u0645 \u0628\u062d\u0631\u064a<\/h2>\n<p><span class=\"footer_baslik\">\u0633\u0645\u0627\u062a :<\/span><br \/>\n<span class=\"haberlink\">\u2022 \u0627\u0644\u0623\u0631\u0636\u064a\u0629 \u0627\u0644\u0639\u0644\u0648\u064a\u0629 \u0645\u0635\u0646\u0648\u0639\u0629 \u0645\u0646 \u0645\u0627\u062f\u0629 PVC \u0645\u0646 \u0627\u0644\u062f\u0631\u062c\u0629 \u0627\u0644\u0623\u0648\u0644\u0649.<br \/>\n\u2022 \u0627\u0644\u0637\u0628\u0642\u0629 \u0627\u0644\u0633\u0641\u0644\u064a\u0629 \u0645\u0635\u0646\u0648\u0639\u0629 \u0645\u0646 \u0645\u0627\u062f\u0629 PVC \u0627\u0644\u0628\u064a\u0636\u0627\u0621.<br \/>\n\u2022 \u0628\u0648\u0644\u064a\u0633\u062a\u0631 \u0639\u0627\u0644\u064a \u0627\u0644\u062c\u0648\u062f\u0629 \u0645\u0642\u0648\u0649.<br \/>\n\u2022 \u0645\u0642\u0627\u0648\u0645\u0629 \u0644\u062f\u0631\u062c\u0627\u062a \u0627\u0644\u062d\u0631\u0627\u0631\u0629 \u0628\u064a\u0646 -5 \u062f\u0631\u062c\u0629 \u0645\u0626\u0648\u064a\u0629 \u0648 +65 \u062f\u0631\u062c\u0629 \u0645\u0626\u0648\u064a\u0629.<\/span><\/p>\n<p>\u0645\u062c\u0627\u0644\u0627\u062a \u0627\u0644\u0627\u0633\u062a\u062e\u062f\u0627\u0645:<br \/>\n<span class=\"haberlink\">\u2022 \u0641\u064a \u0627\u0644\u0642\u0648\u0627\u0631\u0628 \u0648\u0627\u0644\u064a\u062e\u0648\u062a \u0648\u0623\u0639\u0645\u0627\u0644 \u0627\u0644\u0631\u064a \u0627\u0644\u0645\u0646\u0632\u0644\u064a\u0629 \u0648\u0627\u0644\u062d\u062f\u0627\u0626\u0642 \u060c<br \/>\n\u0625\u0646\u0647 \u0645\u0642\u0627\u0648\u0645 \u062c\u0632\u0626\u064a\u064b\u0627 \u0644\u0644\u0648\u0642\u0648\u062f \u0627\u0644\u0632\u064a\u062a\u064a.<\/span><\/p>\n<div class=\"video video-fit mb\" style=\"padding-top:56.25%;\"><p><iframe loading=\"lazy\" title=\"\u0627\u0631\u062a\u0628\u0627\u0643 \u0627\u0644\u0642\u064a\u0627\u0633 (\u0628\u0648\u0635\u0629\u060c \u0625\u0635\u0628\u0639\u060c \u0636\u0628\u0627\u0628\u060c \u0645\u0644\u0644\u064a\u0645\u062a\u0631)\" width=\"1020\" height=\"574\" src=\"https:\/\/www.youtube.com\/embed\/uKk6AG_AZls?feature=oembed\" frameborder=\"0\" allow=\"accelerometer; autoplay; clipboard-write; encrypted-media; gyroscope; picture-in-picture; web-share\" referrerpolicy=\"strict-origin-when-cross-origin\" allowfullscreen><\/iframe><\/p>\n<\/div>\n<p><img data-recalc-dims=\"1\" loading=\"lazy\" decoding=\"async\" class=\"alignnone size-full wp-image-9098\" src=\"https:\/\/i0.wp.com\/tuzlahortum.com.tr\/wp-content\/uploads\/2019\/06\/Marin-Hortumu-2.jpg?resize=696%2C116&#038;ssl=1\" alt=\"\" width=\"696\" height=\"116\" title=\"\" srcset=\"https:\/\/i0.wp.com\/tuzlahortum.com.tr\/wp-content\/uploads\/2019\/06\/Marin-Hortumu-2.jpg?w=696&amp;ssl=1 696w, https:\/\/i0.wp.com\/tuzlahortum.com.tr\/wp-content\/uploads\/2019\/06\/Marin-Hortumu-2.jpg?resize=600%2C100&amp;ssl=1 600w\" sizes=\"auto, (max-width: 696px) 100vw, 696px\" \/><\/p>","protected":false},"excerpt":{"rendered":"<p>\u0645\u064a\u0632\u0627\u062a \u0627\u0644\u062e\u0631\u0637\u0648\u0645 \u0627\u0644\u0628\u062d\u0631\u064a : - \u0627\u0644\u0637\u0628\u0642\u0629 \u0627\u0644\u0639\u0644\u0648\u064a\u0629 \u0645\u0635\u0646\u0648\u0639\u0629 \u0645\u0646 PVC \u0645\u0646 \u0627\u0644\u062f\u0631\u062c\u0629 \u0627\u0644\u0623\u0648\u0644\u0649. - \u0627\u0644\u0637\u0628\u0642\u0629 \u0627\u0644\u0633\u0641\u0644\u064a\u0629 \u0645\u0635\u0646\u0648\u0639\u0629 \u0645\u0646 PVC \u0627\u0644\u0623\u0628\u064a\u0636. - \u0645\u0642\u0648\u0627\u0629 \u0628\u0627\u0644\u0628\u0648\u0644\u064a\u0633\u062a\u0631 \u0639\u0627\u0644\u064a \u0627\u0644\u062c\u0648\u062f\u0629. - \u0645\u0642\u0627\u0648\u0645\u0629 \u0644\u062f\u0631\u062c\u0627\u062a \u0627\u0644\u062d\u0631\u0627\u0631\u0629 \u0628\u064a\u0646 -5 \u062f\u0631\u062c\u0629 \u0645\u0626\u0648\u064a\u0629 \u0648+65 \u062f\u0631\u062c\u0629 \u0645\u0626\u0648\u064a\u0629. \u0645\u062c\u0627\u0644\u0627\u062a \u0627\u0644\u0627\u0633\u062a\u062e\u062f\u0627\u0645: - \u0627\u0644\u0642\u0648\u0627\u0631\u0628 \u0648\u0627\u0644\u064a\u062e\u0648\u062a\u060c \u0648\u0627\u0644\u0645\u0646\u0632\u0644\u060c \u0648\u0623\u0639\u0645\u0627\u0644 \u0631\u064a \u0627\u0644\u062d\u062f\u0627\u0626\u0642\u060c \u0648\u0645\u0642\u0627\u0648\u0645\u0629 \u062c\u0632\u0626\u064a\u0627\u064b \u0644\u0644\u0648\u0642\u0648\u062f \u0627\u0644\u0646\u0641\u0637\u064a.<\/p>","protected":false},"featured_media":9093,"comment_status":"open","ping_status":"closed","template":"","meta":[],"product_brand":[],"product_cat":[165],"product_tag":[795,1050,1025,421,1055,1057],"class_list":{"0":"post-9100","1":"product","2":"type-product","3":"status-publish","4":"has-post-thumbnail","6":"product_cat-plastik-bahce-hortumlari","7":"product_tag-bahce","8":"product_tag-bahce-sulama","9":"product_tag-ev","10":"product_tag-tekne","11":"product_tag-tekne-hortumu","12":"product_tag-yat-hortumu","14":"first","15":"instock","16":"taxable","17":"shipping-taxable","18":"product-type-variable"},"jetpack-related-posts":[{"id":8132,"url":"https:\/\/tuzlahortum.com.tr\/ar\/product\/super-extra-orgulu-seffaf-hortum\/","url_meta":{"origin":9100,"position":0},"title":"\u062e\u0631\u0637\u0648\u0645 \u0634\u0641\u0627\u0641 \u0644\u0644\u063a\u0627\u064a\u0629 \u0645\u0636\u0641\u0631","author":"\u0130smail \u00c7elik","date":"14 \u0645\u0627\u0631\u0633 2019","format":false,"excerpt":"S\u00fcper Extra \u00d6rg\u00fcl\u00fc \u015eeffaf Hortum\u00d6zellikler : \u2022 1. S\u0131n\u0131f PVC\u2019 den imal edilmi\u015ftir. \u2022 Y\u00fcksek kaliteli polyester takviye edilmi\u015ftir \u2022 A\u015f\u0131nmaya dayan\u0131kl\u0131d\u0131r. \u2022 -20\u00b0C ile +65\u00b0C aras\u0131nda s\u0131cakl\u0131\u011fa dayan\u0131kl\u0131d\u0131r. Kullan\u0131m Alanlar\u0131 : \u2022 Sanayide, petrol-petrol t\u00fcrevleri, hafif kimyasal maddelerin tahliyesi ve bas\u0131n\u00e7l\u0131 sulama i\u015flemlerinde kullan\u0131l\u0131r.","rel":"","context":"\u062a\u062f\u0648\u064a\u0646\u0629 \u0645\u0634\u0627\u0628\u0647\u0629","block_context":{"text":"\u062a\u062f\u0648\u064a\u0646\u0629 \u0645\u0634\u0627\u0628\u0647\u0629","link":""},"img":{"alt_text":"","src":"https:\/\/i0.wp.com\/hortum.com.tr\/wp-content\/uploads\/2019\/03\/S%C3%BCper-Extra-%C3%96rg%C3%BCl%C3%BC-%C5%9Eeffaf-Hortum-2.jpg?resize=350%2C200","width":350,"height":200,"srcset":"https:\/\/i0.wp.com\/hortum.com.tr\/wp-content\/uploads\/2019\/03\/S%C3%BCper-Extra-%C3%96rg%C3%BCl%C3%BC-%C5%9Eeffaf-Hortum-2.jpg?resize=350%2C200 1x, https:\/\/i0.wp.com\/hortum.com.tr\/wp-content\/uploads\/2019\/03\/S%C3%BCper-Extra-%C3%96rg%C3%BCl%C3%BC-%C5%9Eeffaf-Hortum-2.jpg?resize=525%2C300 1.5x"},"classes":[]},{"id":692,"url":"https:\/\/tuzlahortum.com.tr\/ar\/product\/pulverizator-ilaclama-hortumu\/","url_meta":{"origin":9100,"position":1},"title":"\u062e\u0631\u0637\u0648\u0645 \u0631\u0634 \u0627\u0644\u0637\u0627\u062d\u0646","author":"admin","date":"6 \u0641\u0628\u0631\u0627\u064a\u0631 2019","format":false,"excerpt":"Pulverizat\u00f6r \u0130la\u00e7lama Hortumu\u00d6zellikler : \u2022 1. S\u0131n\u0131f PVC\u2019 den imal edilmi\u015ftir. \u2022 \u00c7ekmeye ve gerilmeye kar\u015f\u0131 y\u00fcksek derecede dayan\u0131kl\u0131d\u0131r. \u2022 -20\u00b0C ile +60\u00b0C aras\u0131nda s\u0131cakl\u0131\u011fa dayan\u0131kl\u0131d\u0131r. Kullan\u0131m Alanlar\u0131 : \u2022 Tar\u0131m sanayinde, y\u00fcksek bas\u0131n\u00e7l\u0131 ila\u00e7lama i\u015flerinde kullan\u0131l\u0131r. \u00a0","rel":"","context":"\u062a\u062f\u0648\u064a\u0646\u0629 \u0645\u0634\u0627\u0628\u0647\u0629","block_context":{"text":"\u062a\u062f\u0648\u064a\u0646\u0629 \u0645\u0634\u0627\u0628\u0647\u0629","link":""},"img":{"alt_text":"","src":"","width":0,"height":0},"classes":[]},{"id":9026,"url":"https:\/\/tuzlahortum.com.tr\/ar\/product\/kumlama-tulumu-guderi\/","url_meta":{"origin":9100,"position":2},"title":"\u0628\u062f\u0644\u0629 \u0627\u0644\u0633\u0641\u0639 \u0627\u0644\u0631\u0645\u0644\u064a (\u0634\u0627\u0645\u0648\u0627\u0647)","author":"\u0130smail \u00c7elik","date":"2 \u0623\u0628\u0631\u064a\u0644 2019","format":false,"excerpt":"Kumlama Tulumu (G\u00fcderi)Bilindi\u011fi gibi kumlama i\u015flemlerinde operat\u00f6rler p\u00fcsk\u00fcrt\u00fclen sarf malzemeleri ve a\u00e7\u0131\u011fa \u00e7\u0131kan toz nedeniyle olduk\u00e7a zor \u015fartlarda \u00e7al\u0131\u015fmaktad\u0131rlar. Bu nedenle bizler operat\u00f6rlerin hareket kolayl\u0131\u011f\u0131 ve korunmalar\u0131 i\u00e7in \u00f6zel olarak imal edilmi\u015f kumlama tulumu sat\u0131\u015f\u0131n\u0131 yapmaktay\u0131z. L-XL-XXL boyutlar\u0131nda \u00fcretilen ve kumlama i\u015fleminde giyilmek \u00fczere \u00f6zel olarak tasarlanm\u0131\u015f kumlama elbisesi di\u011fer\u2026","rel":"","context":"\u062a\u062f\u0648\u064a\u0646\u0629 \u0645\u0634\u0627\u0628\u0647\u0629","block_context":{"text":"\u062a\u062f\u0648\u064a\u0646\u0629 \u0645\u0634\u0627\u0628\u0647\u0629","link":""},"img":{"alt_text":"","src":"https:\/\/i0.wp.com\/tuzlahortum.com.tr\/wp-content\/uploads\/urunler\/Kumlama\/kumlama_tulumu_on.jpg?fit=250%2C275&ssl=1&resize=350%2C200","width":350,"height":200},"classes":[]},{"id":524,"url":"https:\/\/tuzlahortum.com.tr\/ar\/product\/combiafs\/","url_meta":{"origin":9100,"position":3},"title":"\u0643\u0648\u0645\u0628\u064a\u0627\u0641\u0633","author":"admin","date":"6 \u0641\u0628\u0631\u0627\u064a\u0631 2019","format":false,"excerpt":"COMBIAFSAl\u00fcminyum & PVC kombinasyonlu flexible hava kanallar\u0131 Genel \u00d6zellikler COMBIAFS al\u00fcminyum & PVC kombinasyonlu flexible hava kanallar\u0131 kaynak duman\u0131 tahliyesi ve y\u00fcksek mekanik mukavemet istenilen uygulamalar i\u00e7in \u00f6zel olarak dizayn edilmi\u015f, \u00e7ok ama\u00e7l\u0131 bir flexible hava kanal\u0131d\u0131r. COMBIAFS \u0131s\u0131tma, so\u011futma, havaland\u0131rma ve iklimlendirme sistemleri i\u00e7in de son derece uygun ve\u2026","rel":"","context":"\u062a\u062f\u0648\u064a\u0646\u0629 \u0645\u0634\u0627\u0628\u0647\u0629","block_context":{"text":"\u062a\u062f\u0648\u064a\u0646\u0629 \u0645\u0634\u0627\u0628\u0647\u0629","link":""},"img":{"alt_text":"","src":"https:\/\/i0.wp.com\/tuzlahortum.com.tr\/wp-content\/uploads\/2019\/03\/COMBIAFS.png?fit=800%2C800&ssl=1&resize=350%2C200","width":350,"height":200,"srcset":"https:\/\/i0.wp.com\/tuzlahortum.com.tr\/wp-content\/uploads\/2019\/03\/COMBIAFS.png?fit=800%2C800&ssl=1&resize=350%2C200 1x, https:\/\/i0.wp.com\/tuzlahortum.com.tr\/wp-content\/uploads\/2019\/03\/COMBIAFS.png?fit=800%2C800&ssl=1&resize=525%2C300 1.5x, https:\/\/i0.wp.com\/tuzlahortum.com.tr\/wp-content\/uploads\/2019\/03\/COMBIAFS.png?fit=800%2C800&ssl=1&resize=700%2C400 2x"},"classes":[]},{"id":21818,"url":"https:\/\/tuzlahortum.com.tr\/ar\/product\/termessos\/","url_meta":{"origin":9100,"position":4},"title":"\u062a\u064a\u0631\u0645\u064a\u0633\u0648\u0633","author":"admin","date":"11 \u0623\u063a\u0633\u0637\u0633 2025","format":false,"excerpt":"\u00a0 \u00dcr\u00fcn Ad\u0131: TERMESSOS \u00dcr\u00fcn Kodu: TSG06 Spa - Banyo Kullanim Alan\u0131 : Y\u00fczme havuzlar\u0131, jakuziler vb. i\u00e7in y\u00fcksek bas\u0131n\u00e7ta s\u0131cak su ge\u00e7i\u015fi. Alt Katman : G\u00fc\u00e7l\u00fc, Esnek ve P\u00fcr\u00fczs\u00fcz Beyaz Plastikle\u015ftirilmi\u015f PVC. Takviye Katman\u0131 : Darbeye Dayan\u0131kl\u0131 Beyaz Spiral. \u00dcst Katman : Ezilmeye, A\u015f\u0131nmaya ve Hava Ko\u015fullar\u0131na Dayan\u0131kl\u0131, D\u0131\u015f\u2026","rel":"","context":"\u062a\u062f\u0648\u064a\u0646\u0629 \u0645\u0634\u0627\u0628\u0647\u0629","block_context":{"text":"\u062a\u062f\u0648\u064a\u0646\u0629 \u0645\u0634\u0627\u0628\u0647\u0629","link":""},"img":{"alt_text":"","src":"https:\/\/i0.wp.com\/tuzlahortum.com.tr\/wp-content\/uploads\/2025\/08\/PVC_22.png?fit=441%2C441&ssl=1&resize=350%2C200","width":350,"height":200},"classes":[]},{"id":972,"url":"https:\/\/tuzlahortum.com.tr\/ar\/product\/kumandali-yangin-lansi\/","url_meta":{"origin":9100,"position":5},"title":"\u0644\u063a\u0629 \u0627\u0644\u0646\u064a\u0631\u0627\u0646 \u0627\u0644\u0645\u0633\u064a\u0637\u0631 \u0639\u0644\u064a\u0647\u0627","author":"admin","date":"7 \u0641\u0628\u0631\u0627\u064a\u0631 2019","format":false,"excerpt":"KUMANDALI YANGIN LANSITEKN\u0130K \u00d6ZELL\u0130KLER\u0130Lans\u0131n borusu al\u00fcminyum olup, d\u0131\u015f y\u00fczeyi kau\u00e7uk kaplamal\u0131d\u0131r.\u0130ki\u00a0 konumda \u00e7al\u0131\u015fabilecek nitelikte (kapal\u0131 ,a\u00e7\u0131k) kumanda koluna sahiptir.Rekora irtibatlama k\u0131sm\u0131nda s\u0131zd\u0131rmazl\u0131k contas\u0131 vard\u0131r.Alman tipte imal edilmi\u015ftir.Lans\u0131n sis halinde su verme tolerans\u0131 , 0 (s\u0131f\u0131r) derece ile 120 (y\u00fczyirmi) derece aras\u0131 a\u00e7\u0131lardad\u0131r.","rel":"","context":"\u062a\u062f\u0648\u064a\u0646\u0629 \u0645\u0634\u0627\u0628\u0647\u0629","block_context":{"text":"\u062a\u062f\u0648\u064a\u0646\u0629 \u0645\u0634\u0627\u0628\u0647\u0629","link":""},"img":{"alt_text":"","src":"https:\/\/i0.wp.com\/tuzlahortum.com.tr\/wp-content\/uploads\/2019\/02\/Yang%C4%B1n-Lans%C4%B13.jpg?fit=339%2C324&ssl=1&resize=350%2C200","width":350,"height":200},"classes":[]}],"jetpack_sharing_enabled":true,"jetpack_likes_enabled":true,"_links":{"self":[{"href":"https:\/\/tuzlahortum.com.tr\/ar\/wp-json\/wp\/v2\/product\/9100","targetHints":{"allow":["GET"]}}],"collection":[{"href":"https:\/\/tuzlahortum.com.tr\/ar\/wp-json\/wp\/v2\/product"}],"about":[{"href":"https:\/\/tuzlahortum.com.tr\/ar\/wp-json\/wp\/v2\/types\/product"}],"replies":[{"embeddable":true,"href":"https:\/\/tuzlahortum.com.tr\/ar\/wp-json\/wp\/v2\/comments?post=9100"}],"wp:featuredmedia":[{"embeddable":true,"href":"https:\/\/tuzlahortum.com.tr\/ar\/wp-json\/wp\/v2\/media\/9093"}],"wp:attachment":[{"href":"https:\/\/tuzlahortum.com.tr\/ar\/wp-json\/wp\/v2\/media?parent=9100"}],"wp:term":[{"taxonomy":"product_brand","embeddable":true,"href":"https:\/\/tuzlahortum.com.tr\/ar\/wp-json\/wp\/v2\/product_brand?post=9100"},{"taxonomy":"product_cat","embeddable":true,"href":"https:\/\/tuzlahortum.com.tr\/ar\/wp-json\/wp\/v2\/product_cat?post=9100"},{"taxonomy":"product_tag","embeddable":true,"href":"https:\/\/tuzlahortum.com.tr\/ar\/wp-json\/wp\/v2\/product_tag?post=9100"}],"curies":[{"name":"\u062f\u0628\u0644\u064a\u0648 \u0628\u064a","href":"https:\/\/api.w.org\/{rel}","templated":true}]}}