{"id":909,"date":"2019-02-06T23:55:46","date_gmt":"2019-02-06T20:55:46","guid":{"rendered":"http:\/\/hortum.com.tr\/product\/import-placeholder-for-448\/"},"modified":"2024-03-21T17:40:53","modified_gmt":"2024-03-21T14:40:53","slug":"trelleborg-cascade","status":"publish","type":"product","link":"https:\/\/tuzlahortum.com.tr\/ar\/product\/trelleborg-cascade\/","title":{"rendered":"Trelleborg \u0643\u0627\u0633\u0643\u0627\u062f"},"content":{"rendered":"<h2>Trelleborg \u0643\u0627\u0633\u0643\u0627\u062f<\/h2>\n<div>\u0627\u0644\u0645\u0627\u0621 \/ \u0627\u0644\u062a\u0646\u0638\u064a\u0641 \u0648\u0627\u0644\u063a\u0633\u064a\u0644<\/div>\n<div>\u062a\u0635\u0631\u064a\u0641 \u0627\u0644\u0645\u064a\u0627\u0647 \u0641\u064a \u0627\u0644\u0645\u0646\u0627\u0637\u0642 \u0627\u0644\u0635\u0646\u0627\u0639\u064a\u0629 \u0623\u0648 \u0627\u0644\u0645\u062f\u0646 \u0648\u0627\u0644\u0645\u064a\u0627\u0647 \u0641\u064a \u0627\u0644\u0645\u0628\u0627\u0646\u064a \u0623\u0648 \u0627\u0644\u0623\u0634\u063a\u0627\u0644 \u0627\u0644\u0639\u0627\u0645\u0629<\/div>\n<div>\u0637\u0644\u0628\u0627\u062a \u0627\u0644\u0625\u062e\u0644\u0627\u0621.<\/div>\n<div>\u0645\u0632\u0627\u064a\u0627<\/div>\n<div>* \u0645\u0642\u0627\u0648\u0645\u0629 \u0634\u062f\u064a\u062f\u0629 \u0644\u0639\u0648\u0627\u0645\u0644 \u0627\u0644\u062a\u0642\u0627\u062f\u0645 \u0648\u0627\u0644\u062c\u0648.<\/div>\n<div>* \u0645\u0631\u0648\u0646\u0629 \u0639\u0627\u0644\u064a\u0629 \u0648\u0637\u0644\u0627\u0621 \u0645\u0645\u0648\u062c \u064a\u0633\u0647\u0644 \u0627\u0644\u0625\u0645\u0633\u0627\u0643 \u0628\u0647.<\/div>\n<div>\u0627\u0644\u0648\u0635\u0641 \u0627\u0644\u0641\u0646\u064a<\/div>\n<div>\u0627\u0644\u0623\u0646\u0628\u0648\u0628 \u0627\u0644\u062f\u0627\u062e\u0644\u064a: SBR \u060c \u0623\u0633\u0648\u062f \u060c \u0645\u0633\u062a\u0642\u064a\u0645.<\/div>\n<div>\u062a\u0642\u0648\u064a\u0629: \u0646\u0633\u064a\u062c \u062a\u0631\u0643\u064a\u0628\u064a.<\/div>\n<div>\u0637\u0644\u0627\u0621: EPDM \u060c \u0623\u062e\u0636\u0631 \u060c \u0645\u0645\u0648\u062c.<\/div>\n<div>\u0646\u0637\u0627\u0642 \u062f\u0631\u062c\u0629 \u0627\u0644\u062d\u0631\u0627\u0631\u0629: -30 \u062f\u0631\u062c\u0629 \u0645\u0626\u0648\u064a\u0629 \u0625\u0644\u0649 +70 \u062f\u0631\u062c\u0629 \u0645\u0626\u0648\u064a\u0629.<\/div>\n<div>\u0627\u0644\u0645\u0639\u064a\u0627\u0631 \/ \u0627\u0644\u0645\u0648\u0627\u0641\u0642\u0629: \u064a\u062a\u0648\u0627\u0641\u0642 \u0645\u0639 NF EN ISO 1403 \u0627\u0644\u0646\u0648\u0639 2 (\u0628\u0627\u0633\u062a\u062b\u0646\u0627\u0621 \u0627\u0644\u0639\u0644\u0627\u0645\u0627\u062a).<\/div>\n<div>\n<div class=\"video video-fit mb\" style=\"padding-top:56.25%;\"><p><iframe loading=\"lazy\" title=\"\u0627\u0631\u062a\u0628\u0627\u0643 \u0627\u0644\u0642\u064a\u0627\u0633 (\u0628\u0648\u0635\u0629\u060c \u0625\u0635\u0628\u0639\u060c \u0636\u0628\u0627\u0628\u060c \u0645\u0644\u0644\u064a\u0645\u062a\u0631)\" width=\"1020\" height=\"574\" src=\"https:\/\/www.youtube.com\/embed\/uKk6AG_AZls?feature=oembed\" frameborder=\"0\" allow=\"accelerometer; autoplay; clipboard-write; encrypted-media; gyroscope; picture-in-picture; web-share\" referrerpolicy=\"strict-origin-when-cross-origin\" allowfullscreen><\/iframe><\/p>\n<\/div>\n<div class=\"video video-fit mb\" style=\"padding-top:56.25%;\"><p>https:\/\/www.youtube.com\/watch?v=O8ZlzKEjfEQ%20<\/p>\n<\/div>\n<\/div>\n<p><img data-recalc-dims=\"1\" loading=\"lazy\" decoding=\"async\" class=\"alignnone size-medium wp-image-2127\" src=\"https:\/\/i0.wp.com\/hortum.com.tr\/wp-content\/uploads\/urunler\/trelleborg\/Trelleborg-CASCADE-800x111.jpg?resize=800%2C111\" alt=\"\" width=\"800\" height=\"111\" title=\"\" srcset=\"https:\/\/i0.wp.com\/tuzlahortum.com.tr\/wp-content\/uploads\/urunler\/trelleborg\/Trelleborg-CASCADE.jpg?resize=800%2C111&amp;ssl=1 800w, https:\/\/i0.wp.com\/tuzlahortum.com.tr\/wp-content\/uploads\/urunler\/trelleborg\/Trelleborg-CASCADE.jpg?resize=768%2C106&amp;ssl=1 768w, https:\/\/i0.wp.com\/tuzlahortum.com.tr\/wp-content\/uploads\/urunler\/trelleborg\/Trelleborg-CASCADE.jpg?resize=600%2C83&amp;ssl=1 600w, https:\/\/i0.wp.com\/tuzlahortum.com.tr\/wp-content\/uploads\/urunler\/trelleborg\/Trelleborg-CASCADE.jpg?w=1019&amp;ssl=1 1019w\" sizes=\"auto, (max-width: 800px) 100vw, 800px\" \/><\/p>","protected":false},"excerpt":{"rendered":"<p>Trelleborg CASCADE Su\/Temizlik ve y\u0131kama End\u00fcstriyel alanlar veya \u015fehirlerde su tahliyesi ve binalar veya bay\u0131nd\u0131rl\u0131k hizmetlerinde su tahliye uygulamalar\u0131. Avantajlar *Eskime ve atmosfer ko\u015fullar\u0131na kar\u015f\u0131 son derece dayan\u0131kl\u0131. *Y\u00fcksek esneklik ve kavramay\u0131 kolayla\u015ft\u0131ran oluklu kaplama. Teknik a\u00e7\u0131klama \u0130\u00e7 t\u00fcp :\u00a0SBR, siyah, d\u00fcz. Takviye :\u00a0sentetik tekstil. Kaplama :\u00a0EPDM, ye\u015fil, oluklu. S\u0131cakl\u0131k aral\u0131\u011f\u0131 :\u00a0-30\u00b0C to +70\u00b0C. Standart\/Onay [&#8230;]\n","protected":false},"featured_media":2629,"comment_status":"open","ping_status":"closed","template":"","meta":{"jetpack_post_was_ever_published":false},"product_brand":[],"product_cat":[1185],"product_tag":[1186,555,1187,525],"class_list":{"0":"post-909","1":"product","2":"type-product","3":"status-publish","4":"has-post-thumbnail","6":"product_cat-su-ve-sulama-hortumlari","7":"product_tag-asinamaya-yuksek-dayanim","8":"product_tag-su","9":"product_tag-su-tahliyesi","10":"product_tag-temizlik","12":"first","13":"instock","14":"taxable","15":"shipping-taxable","16":"product-type-variable"},"jetpack-related-posts":[{"id":914,"url":"https:\/\/tuzlahortum.com.tr\/ar\/product\/trelleborg-oss-iv\/","url_meta":{"origin":909,"position":0},"title":"Trelleborg OSS IV","author":"admin","date":"6 \u0641\u0628\u0631\u0627\u064a\u0631 2019","format":false,"excerpt":"Trelleborg OSS IVSu\/Vakum uygulamalar\u0131 Evsel su, end\u00fcstriyel su, at\u0131k sular, \u00e7amurlu su ve s\u0131v\u0131 g\u00fcbrenin \u00e7ekilmesi ve tahliyesi i\u00e7in\u00a0(kelep\u00e7eli u\u00e7lar). Avantajlar *End\u00fcstrinin t\u00fcm alanlar\u0131nda kullan\u0131lan pompalara uygun geni\u015f \u00e7e\u015fitlilikte \u00e7aplar (350mm'ye kadar olan \u00e7aplar talep \u00fczerine tedarik edilebilir). *Bir\u00e7ok \u00e7apta farkl\u0131 standart uzunluklar mevcuttur. *M\u00fckemmel esneklik. Teknik a\u00e7\u0131klama \u0130\u00e7 t\u00fcp\u2026","rel":"","context":"\u062a\u062f\u0648\u064a\u0646\u0629 \u0645\u0634\u0627\u0628\u0647\u0629","block_context":{"text":"\u062a\u062f\u0648\u064a\u0646\u0629 \u0645\u0634\u0627\u0628\u0647\u0629","link":""},"img":{"alt_text":"","src":"https:\/\/i0.wp.com\/tuzlahortum.com.tr\/wp-content\/uploads\/2019\/02\/OSS-IV.jpg?fit=800%2C800&ssl=1&resize=350%2C200","width":350,"height":200,"srcset":"https:\/\/i0.wp.com\/tuzlahortum.com.tr\/wp-content\/uploads\/2019\/02\/OSS-IV.jpg?fit=800%2C800&ssl=1&resize=350%2C200 1x, https:\/\/i0.wp.com\/tuzlahortum.com.tr\/wp-content\/uploads\/2019\/02\/OSS-IV.jpg?fit=800%2C800&ssl=1&resize=525%2C300 1.5x, https:\/\/i0.wp.com\/tuzlahortum.com.tr\/wp-content\/uploads\/2019\/02\/OSS-IV.jpg?fit=800%2C800&ssl=1&resize=700%2C400 2x"},"classes":[]},{"id":558,"url":"https:\/\/tuzlahortum.com.tr\/ar\/product\/trelleborg-ag2100-marine-corrugated\/","url_meta":{"origin":909,"position":1},"title":"Trelleborg AG2100 \u0645\u0645\u0648\u062c \u0628\u062d\u0631\u064a","author":"admin","date":"6 \u0641\u0628\u0631\u0627\u064a\u0631 2019","format":false,"excerpt":"Trelleborg AG2100 Marine CorrugatedEgzoz gaz\u0131 Egzoz gazlar\u0131n\u0131n tahliye edilen so\u011fuk su ile kar\u0131\u015ft\u0131\u011f\u0131 deniz motoru \u0131slak egzoz sistemleri. Avantajlar *Son derece y\u00fcksek esneklik. *Hafiftir. *Y\u0131pranma ve eskimeye dayan\u0131kl\u0131. *Oluklu ve kullan\u0131c\u0131 dostu. *DNV onayl\u0131d\u0131r. Teknik a\u00e7\u0131klama \u0130\u00e7 t\u00fcp :\u00a0CR, siyah, d\u00fcz. Takviye :\u00a0\u00e7elik tel g\u00f6m\u00fcl\u00fc helis bulunan sentetik tekstil. Kaplama\u2026","rel":"","context":"\u062a\u062f\u0648\u064a\u0646\u0629 \u0645\u0634\u0627\u0628\u0647\u0629","block_context":{"text":"\u062a\u062f\u0648\u064a\u0646\u0629 \u0645\u0634\u0627\u0628\u0647\u0629","link":""},"img":{"alt_text":"","src":"https:\/\/i0.wp.com\/tuzlahortum.com.tr\/wp-content\/uploads\/2019\/02\/AG-2100-MARINE-CORRUGATED.jpg?fit=800%2C800&ssl=1&resize=350%2C200","width":350,"height":200,"srcset":"https:\/\/i0.wp.com\/tuzlahortum.com.tr\/wp-content\/uploads\/2019\/02\/AG-2100-MARINE-CORRUGATED.jpg?fit=800%2C800&ssl=1&resize=350%2C200 1x, https:\/\/i0.wp.com\/tuzlahortum.com.tr\/wp-content\/uploads\/2019\/02\/AG-2100-MARINE-CORRUGATED.jpg?fit=800%2C800&ssl=1&resize=525%2C300 1.5x, https:\/\/i0.wp.com\/tuzlahortum.com.tr\/wp-content\/uploads\/2019\/02\/AG-2100-MARINE-CORRUGATED.jpg?fit=800%2C800&ssl=1&resize=700%2C400 2x"},"classes":[]},{"id":904,"url":"https:\/\/tuzlahortum.com.tr\/ar\/product\/trelleborg-ap-blue\/","url_meta":{"origin":909,"position":2},"title":"Trelleborg AP BLUE","author":"admin","date":"6 \u0641\u0628\u0631\u0627\u064a\u0631 2019","format":false,"excerpt":"Trelleborg AP BLUESu\/Tahliye uygulamalar\u0131 Su tahliyesi. Avantajlar *Kolay depolama ve ta\u015f\u0131ma i\u00e7in d\u00fcz olarak sar\u0131l\u0131r. *Hafif. *Y\u00fcksek uzunluk. *Geni\u015f \u00e7e\u015fitlilikte \u00e7aplar. Teknik a\u00e7\u0131klama \u0130\u00e7 t\u00fcp :\u00a0PVC, siyah, d\u00fcz. Takviye :\u00a0sentetik tekstil. Kaplama :\u00a0PVC, mavi, d\u00fcz. S\u0131cakl\u0131k aral\u0131\u011f\u0131 :\u00a0-10\u00b0C to +40\u00b0C. Ek bilgiler Bahsi ge\u00e7en \u00e7al\u0131\u015fma bas\u0131nc\u0131 ve patlama bas\u0131nc\u0131 +20\u00b0C\u2026","rel":"","context":"\u062a\u062f\u0648\u064a\u0646\u0629 \u0645\u0634\u0627\u0628\u0647\u0629","block_context":{"text":"\u062a\u062f\u0648\u064a\u0646\u0629 \u0645\u0634\u0627\u0628\u0647\u0629","link":""},"img":{"alt_text":"","src":"https:\/\/i0.wp.com\/tuzlahortum.com.tr\/wp-content\/uploads\/2019\/02\/AP-BLUE.jpg?fit=800%2C800&ssl=1&resize=350%2C200","width":350,"height":200,"srcset":"https:\/\/i0.wp.com\/tuzlahortum.com.tr\/wp-content\/uploads\/2019\/02\/AP-BLUE.jpg?fit=800%2C800&ssl=1&resize=350%2C200 1x, https:\/\/i0.wp.com\/tuzlahortum.com.tr\/wp-content\/uploads\/2019\/02\/AP-BLUE.jpg?fit=800%2C800&ssl=1&resize=525%2C300 1.5x, https:\/\/i0.wp.com\/tuzlahortum.com.tr\/wp-content\/uploads\/2019\/02\/AP-BLUE.jpg?fit=800%2C800&ssl=1&resize=700%2C400 2x"},"classes":[]},{"id":905,"url":"https:\/\/tuzlahortum.com.tr\/ar\/product\/trelleborg-ap-red\/","url_meta":{"origin":909,"position":3},"title":"Trelleborg AP RED","author":"admin","date":"6 \u0641\u0628\u0631\u0627\u064a\u0631 2019","format":false,"excerpt":"Trelleborg AP REDSu\/Tahliye uygulamalar\u0131 A\u011f\u0131r hizmet uygulamalar\u0131na y\u00f6nelik su tahliyesi. Avantajlar *Kolay depolama ve ta\u015f\u0131ma i\u00e7in d\u00fcz olarak sar\u0131l\u0131r. *Hafif. *Y\u00fcksek uzunluk. *Y\u00fcksek patlama bas\u0131nc\u0131. *Geni\u015f \u00e7e\u015fitlilikte \u00e7aplar. Teknik a\u00e7\u0131klama \u0130\u00e7 t\u00fcp :\u00a0PVC, siyah, d\u00fcz. Takviye :\u00a0sentetik tekstil. Kaplama :\u00a0PVC, k\u0131rm\u0131z\u0131, d\u00fcz. S\u0131cakl\u0131k aral\u0131\u011f\u0131 :\u00a0-10\u00b0C to +40\u00b0C. Ek bilgiler Bahsi\u2026","rel":"","context":"\u062a\u062f\u0648\u064a\u0646\u0629 \u0645\u0634\u0627\u0628\u0647\u0629","block_context":{"text":"\u062a\u062f\u0648\u064a\u0646\u0629 \u0645\u0634\u0627\u0628\u0647\u0629","link":""},"img":{"alt_text":"","src":"https:\/\/i0.wp.com\/tuzlahortum.com.tr\/wp-content\/uploads\/2019\/02\/AP-RED.jpg?fit=800%2C800&ssl=1&resize=350%2C200","width":350,"height":200,"srcset":"https:\/\/i0.wp.com\/tuzlahortum.com.tr\/wp-content\/uploads\/2019\/02\/AP-RED.jpg?fit=800%2C800&ssl=1&resize=350%2C200 1x, https:\/\/i0.wp.com\/tuzlahortum.com.tr\/wp-content\/uploads\/2019\/02\/AP-RED.jpg?fit=800%2C800&ssl=1&resize=525%2C300 1.5x, https:\/\/i0.wp.com\/tuzlahortum.com.tr\/wp-content\/uploads\/2019\/02\/AP-RED.jpg?fit=800%2C800&ssl=1&resize=700%2C400 2x"},"classes":[]},{"id":918,"url":"https:\/\/tuzlahortum.com.tr\/ar\/product\/trelleborg-redwater\/","url_meta":{"origin":909,"position":4},"title":"\u062a\u0631\u064a\u0644\u0628\u0648\u0631\u062c \u0645\u0627\u0621 \u0623\u062d\u0645\u0631","author":"admin","date":"6 \u0641\u0628\u0631\u0627\u064a\u0631 2019","format":false,"excerpt":"\u062e\u0631\u0637\u0648\u0645 Trelleborg REDWATERS \u0645\u064a\u0627\u0647\/\u0645\u064a\u0627\u0647 \u0627\u0644\u062a\u0646\u0638\u064a\u0641 \u0648\u0627\u0644\u063a\u0633\u064a\u0644 \u062a\u0635\u0631\u064a\u0641 \u0627\u0644\u0645\u064a\u0627\u0647 \u062a\u062d\u062a \u0627\u0644\u0636\u063a\u0637 \u0641\u064a \u0627\u0644\u0645\u0646\u0627\u0637\u0642 \u0627\u0644\u0635\u0646\u0627\u0639\u064a\u0629 \u0623\u0648 \u0641\u064a \u0627\u0644\u0645\u062f\u0646. \u0627\u0644\u0645\u0632\u0627\u064a\u0627 * \u062e\u0631\u0637\u0648\u0645 \u0645\u062a\u064a\u0646. * \u0645\u0642\u0627\u0648\u0645\u0629 \u0639\u0627\u0644\u064a\u0629 \u0644\u0644\u062a\u0622\u0643\u0644 \u0628\u0633\u0628\u0628 \u0633\u064f\u0645\u0643 \u0627\u0644\u062c\u062f\u0627\u0631. \u0627\u0644\u0648\u0635\u0641 \u0627\u0644\u0641\u0646\u064a: \u0627\u0644\u0623\u0646\u0628\u0648\u0628 \u0627\u0644\u062f\u0627\u062e\u0644\u064a: SBR \u0644\u0644\u0623\u0646\u0628\u0648\u0628 \u0627\u0644\u062f\u0627\u062e\u0644\u064a \u226425 \u0645\u0645\u060c EPDM \u0644\u0644\u0623\u0646\u0628\u0648\u0628 \u0627\u0644\u062f\u0627\u062e\u0644\u064a &gt;25 \u0645\u0645\u060c \u0623\u0633\u0648\u062f\u060c \u0623\u0645\u0644\u0633. \u0627\u0644\u062a\u0639\u0632\u064a\u0632 : \u0646\u0633\u064a\u062c \u0635\u0646\u0627\u0639\u064a. \u0637\u0644\u0627\u0621 : SBR\u060c \u0623\u062d\u0645\u0631\u060c \u0645\u0638\u0647\u0631 \u0642\u0645\u0627\u0634\u064a \u0644\u0644\u062f\u0627\u062e\u0644\u064a\u0629&gt;25 \u0645\u0645\u060c \u0639\u0627\u062f\u064a \u0644\u0644\u062f\u0627\u062e\u0644\u064a\u0629\u226425 \u0645\u0645. \u0646\u0637\u0627\u0642 \u062f\u0631\u062c\u0629 \u0627\u0644\u062d\u0631\u0627\u0631\u0629 : -25\u00b0C...","rel":"","context":"\u062a\u062f\u0648\u064a\u0646\u0629 \u0645\u0634\u0627\u0628\u0647\u0629","block_context":{"text":"\u062a\u062f\u0648\u064a\u0646\u0629 \u0645\u0634\u0627\u0628\u0647\u0629","link":""},"img":{"alt_text":"","src":"https:\/\/i0.wp.com\/tuzlahortum.com.tr\/wp-content\/uploads\/2019\/02\/RED-WATER.jpg?fit=800%2C800&ssl=1&resize=350%2C200","width":350,"height":200,"srcset":"https:\/\/i0.wp.com\/tuzlahortum.com.tr\/wp-content\/uploads\/2019\/02\/RED-WATER.jpg?fit=800%2C800&ssl=1&resize=350%2C200 1x, https:\/\/i0.wp.com\/tuzlahortum.com.tr\/wp-content\/uploads\/2019\/02\/RED-WATER.jpg?fit=800%2C800&ssl=1&resize=525%2C300 1.5x, https:\/\/i0.wp.com\/tuzlahortum.com.tr\/wp-content\/uploads\/2019\/02\/RED-WATER.jpg?fit=800%2C800&ssl=1&resize=700%2C400 2x"},"classes":[]},{"id":917,"url":"https:\/\/tuzlahortum.com.tr\/ar\/product\/trelleborg-osx\/","url_meta":{"origin":909,"position":5},"title":"Trelleborg OSX","author":"admin","date":"6 \u0641\u0628\u0631\u0627\u064a\u0631 2019","format":false,"excerpt":"Trelleborg OSXSu\/Vakum uygulamalar\u0131 \u00c7e\u015fitli s\u0131v\u0131lar ve genel end\u00fcstride kullan\u0131lan orta derecede a\u015f\u0131nd\u0131r\u0131c\u0131 kat\u0131lar\u0131n \u00e7ekilmesi ve\u00a0tahliyesi. Tohum ekme, drenaj, kanalizasyon ve su ta\u015f\u0131ma gibi tar\u0131msal uygulamalar Ayr\u0131ca itfaiye ve tesis ekipman\u0131nda (yeralt\u0131 suyunun pompalanmas\u0131) i\u00e7in kullan\u0131l\u0131r. Avantajlar *\u015eeffaf PVC, y\u00fcksek \u00e7ekme dayan\u0131m\u0131na sahip \u00e7elik helisli \u00e7ekme ve tahliye hortumu. *D\u00fczg\u00fcn u\u00e7.\u2026","rel":"","context":"\u062a\u062f\u0648\u064a\u0646\u0629 \u0645\u0634\u0627\u0628\u0647\u0629","block_context":{"text":"\u062a\u062f\u0648\u064a\u0646\u0629 \u0645\u0634\u0627\u0628\u0647\u0629","link":""},"img":{"alt_text":"","src":"https:\/\/i0.wp.com\/tuzlahortum.com.tr\/wp-content\/uploads\/2019\/02\/OSX.jpg?fit=800%2C800&ssl=1&resize=350%2C200","width":350,"height":200,"srcset":"https:\/\/i0.wp.com\/tuzlahortum.com.tr\/wp-content\/uploads\/2019\/02\/OSX.jpg?fit=800%2C800&ssl=1&resize=350%2C200 1x, https:\/\/i0.wp.com\/tuzlahortum.com.tr\/wp-content\/uploads\/2019\/02\/OSX.jpg?fit=800%2C800&ssl=1&resize=525%2C300 1.5x, https:\/\/i0.wp.com\/tuzlahortum.com.tr\/wp-content\/uploads\/2019\/02\/OSX.jpg?fit=800%2C800&ssl=1&resize=700%2C400 2x"},"classes":[]}],"jetpack_sharing_enabled":true,"jetpack_likes_enabled":true,"_links":{"self":[{"href":"https:\/\/tuzlahortum.com.tr\/ar\/wp-json\/wp\/v2\/product\/909","targetHints":{"allow":["GET"]}}],"collection":[{"href":"https:\/\/tuzlahortum.com.tr\/ar\/wp-json\/wp\/v2\/product"}],"about":[{"href":"https:\/\/tuzlahortum.com.tr\/ar\/wp-json\/wp\/v2\/types\/product"}],"replies":[{"embeddable":true,"href":"https:\/\/tuzlahortum.com.tr\/ar\/wp-json\/wp\/v2\/comments?post=909"}],"wp:featuredmedia":[{"embeddable":true,"href":"https:\/\/tuzlahortum.com.tr\/ar\/wp-json\/wp\/v2\/media\/2629"}],"wp:attachment":[{"href":"https:\/\/tuzlahortum.com.tr\/ar\/wp-json\/wp\/v2\/media?parent=909"}],"wp:term":[{"taxonomy":"product_brand","embeddable":true,"href":"https:\/\/tuzlahortum.com.tr\/ar\/wp-json\/wp\/v2\/product_brand?post=909"},{"taxonomy":"product_cat","embeddable":true,"href":"https:\/\/tuzlahortum.com.tr\/ar\/wp-json\/wp\/v2\/product_cat?post=909"},{"taxonomy":"product_tag","embeddable":true,"href":"https:\/\/tuzlahortum.com.tr\/ar\/wp-json\/wp\/v2\/product_tag?post=909"}],"curies":[{"name":"\u062f\u0628\u0644\u064a\u0648 \u0628\u064a","href":"https:\/\/api.w.org\/{rel}","templated":true}]}}