{"id":908,"date":"2019-02-06T23:55:46","date_gmt":"2019-02-06T20:55:46","guid":{"rendered":"http:\/\/hortum.com.tr\/product\/import-placeholder-for-451\/"},"modified":"2024-03-21T17:40:54","modified_gmt":"2024-03-21T14:40:54","slug":"trelleborg-aquakler-5","status":"publish","type":"product","link":"https:\/\/tuzlahortum.com.tr\/ar\/product\/trelleborg-aquakler-5\/","title":{"rendered":"\u062a\u0631\u064a\u0644\u0628\u0648\u0631\u062c \u0623\u0643\u0648\u0627\u0643\u0644\u0631 5"},"content":{"rendered":"<h2>\u062a\u0631\u064a\u0644\u0628\u0648\u0631\u062c \u0623\u0643\u0648\u0627\u0643\u0644\u0631 5<\/h2>\n<p>\u062a\u0637\u0628\u064a\u0642\u0627\u062a \u0627\u0644\u0645\u064a\u0627\u0647 \/ \u0627\u0644\u0635\u0631\u0641<\/p>\n<p>\u0628\u064a\u0646 \u062e\u0637\u0648\u0637 \u0627\u0644\u0625\u0645\u062f\u0627\u062f \u0648\u0644\u0641\u0627\u0626\u0641 \u0627\u0644\u062e\u0631\u0637\u0648\u0645 \u0648\u0635\u0646\u0628\u0648\u0631 \u0627\u0644\u0631\u064a \u0644\u0645\u0639\u062f\u0627\u062a \u0627\u0644\u0631\u064a<\/p>\n<p>\u062e\u0637\u0648\u0637 \u0631\u0628\u0637 (\u0637\u0648\u0644 \u0645\u0646 5 \u0625\u0644\u0649 10 \u0645) \u0648\u062e\u0631\u0637\u0648\u0645 \u062a\u0635\u0631\u064a\u0641 \u0645\u064a\u0627\u0647 \u0644\u0644\u0645\u0628\u0627\u0646\u064a \u0648\u0627\u0644\u0623\u0634\u063a\u0627\u0644 \u0627\u0644\u0639\u0627\u0645\u0629.<\/p>\n<p>\u0645\u0632\u0627\u064a\u0627<\/p>\n<p>* \u0625\u0646\u0647 \u062e\u0631\u0637\u0648\u0645 \u0645\u0631\u0646 \u0648\u0633\u0647\u0644 \u0627\u0644\u062d\u0645\u0644 \u0648\u062e\u0641\u064a\u0641 \u0627\u0644\u0648\u0632\u0646 \u060c \u0648\u0644\u0643\u0646\u0647 \u0645\u0642\u0627\u0648\u0645 \u0644\u0636\u063a\u0648\u0637 \u0627\u0644\u062a\u0634\u063a\u064a\u0644 \u0627\u0644\u0639\u0627\u0644\u064a\u0629.<\/p>\n<p>* \u064a\u0644\u0641 \u0628\u0634\u0643\u0644 \u0645\u0633\u0637\u062d \u0644\u0633\u0647\u0648\u0644\u0629 \u0627\u0644\u062a\u062e\u0632\u064a\u0646 \u0648\u0627\u0644\u0646\u0642\u0644.<\/p>\n<p>* \u0645\u0631\u0643\u0628 \u0623\u0633\u0627\u0633\u0647 \u0627\u0644\u0645\u0637\u0627\u0637 \u0627\u0644\u0637\u0628\u064a\u0639\u064a \u0644\u0644\u062d\u0635\u0648\u0644 \u0639\u0644\u0649 \u0623\u0641\u0636\u0644 \u0627\u0644\u062e\u0648\u0627\u0635 \u0627\u0644\u0645\u064a\u0643\u0627\u0646\u064a\u0643\u064a\u0629 \u0648\u0627\u0644\u062a\u0622\u0643\u0644 \u0648\u0627\u0644\u062a\u0645\u0632\u0642<\/p>\n<p>\u064a\u062c\u0645\u0639 \u0628\u064a\u0646 \u0627\u0644\u0645\u0642\u0627\u0648\u0645\u0629.<\/p>\n<p>\u0627\u0644\u0648\u0635\u0641 \u0627\u0644\u0641\u0646\u064a<\/p>\n<p>\u0627\u0644\u0623\u0646\u0628\u0648\u0628 \u0627\u0644\u062f\u0627\u062e\u0644\u064a: SBR \/ NR \u060c \u0623\u0633\u0648\u062f \u060c \u0645\u0633\u062a\u0642\u064a\u0645.<\/p>\n<p>\u062a\u0642\u0648\u064a\u0629: \u0646\u0633\u064a\u062c \u062a\u0631\u0643\u064a\u0628\u064a.<\/p>\n<p>\u0637\u0644\u0627\u0621: SBR \/ NR \u060c \u0623\u0633\u0648\u062f \u060c \u062a\u0623\u062b\u064a\u0631 \u0627\u0644\u0646\u0633\u064a\u062c.<\/p>\n<p>\u0646\u0637\u0627\u0642 \u062f\u0631\u062c\u0629 \u0627\u0644\u062d\u0631\u0627\u0631\u0629: -30 \u062f\u0631\u062c\u0629 \u0645\u0626\u0648\u064a\u0629 \u0625\u0644\u0649 +70 \u062f\u0631\u062c\u0629 \u0645\u0626\u0648\u064a\u0629.<\/p>\n<div class=\"video video-fit mb\" style=\"padding-top:56.25%;\"><p><iframe loading=\"lazy\" title=\"\u0627\u0631\u062a\u0628\u0627\u0643 \u0627\u0644\u0642\u064a\u0627\u0633 (\u0628\u0648\u0635\u0629\u060c \u0625\u0635\u0628\u0639\u060c \u0636\u0628\u0627\u0628\u060c \u0645\u0644\u0644\u064a\u0645\u062a\u0631)\" width=\"1020\" height=\"574\" src=\"https:\/\/www.youtube.com\/embed\/uKk6AG_AZls?feature=oembed\" frameborder=\"0\" allow=\"accelerometer; autoplay; clipboard-write; encrypted-media; gyroscope; picture-in-picture; web-share\" referrerpolicy=\"strict-origin-when-cross-origin\" allowfullscreen><\/iframe><\/p>\n<\/div>\n<div class=\"video video-fit mb\" style=\"padding-top:56.25%;\"><p>https:\/\/www.youtube.com\/watch?v=O8ZlzKEjfEQ%20<\/p>\n<\/div>\n<p><img data-recalc-dims=\"1\" loading=\"lazy\" decoding=\"async\" class=\"alignnone size-medium wp-image-2134\" src=\"https:\/\/i0.wp.com\/hortum.com.tr\/wp-content\/uploads\/urunler\/trelleborg\/Trelleborg-AQUAKLER-5-800x182.jpg?resize=800%2C182\" alt=\"\" width=\"800\" height=\"182\" title=\"\" srcset=\"https:\/\/i0.wp.com\/tuzlahortum.com.tr\/wp-content\/uploads\/urunler\/trelleborg\/Trelleborg-AQUAKLER-5.jpg?resize=800%2C182&amp;ssl=1 800w, https:\/\/i0.wp.com\/tuzlahortum.com.tr\/wp-content\/uploads\/urunler\/trelleborg\/Trelleborg-AQUAKLER-5.jpg?resize=768%2C175&amp;ssl=1 768w, https:\/\/i0.wp.com\/tuzlahortum.com.tr\/wp-content\/uploads\/urunler\/trelleborg\/Trelleborg-AQUAKLER-5.jpg?resize=600%2C136&amp;ssl=1 600w, https:\/\/i0.wp.com\/tuzlahortum.com.tr\/wp-content\/uploads\/urunler\/trelleborg\/Trelleborg-AQUAKLER-5.jpg?w=1021&amp;ssl=1 1021w\" sizes=\"auto, (max-width: 800px) 100vw, 800px\" \/><\/p>","protected":false},"excerpt":{"rendered":"<p>Trelleborg AQUAKLER 5 Su\/Tahliye uygulamalar\u0131 Sulama donan\u0131mlar\u0131 i\u00e7in besleme hatlar\u0131, hortum sarg\u0131lar\u0131 ve sulama muslu\u011fu aras\u0131nda ba\u011flant\u0131 hatlar\u0131 (uzunluk 5 ila 10m) ve bina ve bay\u0131nd\u0131rl\u0131k hizmetleri i\u00e7in su tahliye hortumu. Avantajlar *Esnek, kolay ta\u015f\u0131n\u0131r, hafif bir hortumdur ancak y\u00fcksek i\u015fletme bas\u0131n\u00e7lar\u0131na kar\u015f\u0131\u00a0dayan\u0131kl\u0131d\u0131r. *Kolay depolama ve ta\u015f\u0131ma i\u00e7in d\u00fcz olarak sar\u0131l\u0131r. *Do\u011fal kau\u00e7uk bazl\u0131 bile\u015fik [&#8230;]\n","protected":false},"featured_media":2621,"comment_status":"open","ping_status":"closed","template":"","meta":{"jetpack_post_was_ever_published":false},"product_brand":[],"product_cat":[1185],"product_tag":[1186,555,1187,525],"class_list":{"0":"post-908","1":"product","2":"type-product","3":"status-publish","4":"has-post-thumbnail","6":"product_cat-su-ve-sulama-hortumlari","7":"product_tag-asinamaya-yuksek-dayanim","8":"product_tag-su","9":"product_tag-su-tahliyesi","10":"product_tag-temizlik","12":"first","13":"instock","14":"taxable","15":"shipping-taxable","16":"product-type-variable"},"jetpack-related-posts":[],"jetpack_sharing_enabled":true,"jetpack_likes_enabled":true,"_links":{"self":[{"href":"https:\/\/tuzlahortum.com.tr\/ar\/wp-json\/wp\/v2\/product\/908","targetHints":{"allow":["GET"]}}],"collection":[{"href":"https:\/\/tuzlahortum.com.tr\/ar\/wp-json\/wp\/v2\/product"}],"about":[{"href":"https:\/\/tuzlahortum.com.tr\/ar\/wp-json\/wp\/v2\/types\/product"}],"replies":[{"embeddable":true,"href":"https:\/\/tuzlahortum.com.tr\/ar\/wp-json\/wp\/v2\/comments?post=908"}],"wp:featuredmedia":[{"embeddable":true,"href":"https:\/\/tuzlahortum.com.tr\/ar\/wp-json\/wp\/v2\/media\/2621"}],"wp:attachment":[{"href":"https:\/\/tuzlahortum.com.tr\/ar\/wp-json\/wp\/v2\/media?parent=908"}],"wp:term":[{"taxonomy":"product_brand","embeddable":true,"href":"https:\/\/tuzlahortum.com.tr\/ar\/wp-json\/wp\/v2\/product_brand?post=908"},{"taxonomy":"product_cat","embeddable":true,"href":"https:\/\/tuzlahortum.com.tr\/ar\/wp-json\/wp\/v2\/product_cat?post=908"},{"taxonomy":"product_tag","embeddable":true,"href":"https:\/\/tuzlahortum.com.tr\/ar\/wp-json\/wp\/v2\/product_tag?post=908"}],"curies":[{"name":"\u062f\u0628\u0644\u064a\u0648 \u0628\u064a","href":"https:\/\/api.w.org\/{rel}","templated":true}]}}