{"id":9042,"date":"2019-04-09T12:02:58","date_gmt":"2019-04-09T09:02:58","guid":{"rendered":"https:\/\/tuzlahortum.com.tr\/?post_type=product&#038;p=9042"},"modified":"2024-03-21T17:38:31","modified_gmt":"2024-03-21T14:38:31","slug":"kumlama-nozulu-performer-nozul-400","status":"publish","type":"product","link":"https:\/\/tuzlahortum.com.tr\/ar\/product\/kumlama-nozulu-performer-nozul-400\/","title":{"rendered":"\u0641\u0648\u0647\u0629 \u0627\u0644\u0633\u0641\u0639 \u0627\u0644\u0631\u0645\u0644\u064a - \u0641\u0648\u0647\u0629 \u0627\u0644\u0623\u062f\u0627\u0621 400"},"content":{"rendered":"<h2>\u0641\u0648\u0647\u0629 \u0627\u0644\u0633\u0641\u0639 \u0627\u0644\u0631\u0645\u0644\u064a - \u0641\u0648\u0647\u0629 \u0627\u0644\u0623\u062f\u0627\u0621 400<\/h2>\n<p style=\"font-weight: 400\">Performer \u0647\u0648 \u0646\u0645\u0648\u0630\u062c \u0645\u062a\u0642\u062f\u0645 \u0639\u0627\u0644\u064a \u0627\u0644\u0623\u062f\u0627\u0621. \u0648\u0647\u064a \u0645\u062c\u0647\u0632\u0629 \u0628\u0628\u0637\u0627\u0646\u0629 \u0639\u0627\u0644\u064a\u0629 \u0627\u0644\u0645\u0642\u0627\u0648\u0645\u0629 \u0644\u0644\u062a\u0622\u0643\u0644 \u0648\u063a\u0645\u062f \u0628\u0648\u0644\u064a \u064a\u0648\u0631\u064a\u062b\u0627\u0646 \u0642\u0648\u064a \u0648\u062e\u0641\u064a\u0641 \u0627\u0644\u0648\u0632\u0646. \u0645\u0639 \u0633\u0644\u0633\u0644\u0629 \u0641\u0648\u0647\u0627\u062a \u0627\u0644\u062a\u0641\u062c\u064a\u0631 Contracor Performer \u060c \u0641\u0647\u064a \u0645\u0646\u0627\u0633\u0628\u0629 \u0644\u0646\u0633\u0641 \u0623\u0643\u0633\u064a\u062f \u0627\u0644\u0623\u0644\u0648\u0645\u0646\u064a\u0648\u0645 \u0623\u0648 \u0643\u0631\u0628\u064a\u062f \u0627\u0644\u0633\u064a\u0644\u064a\u0643\u0648\u0646 \u0623\u0648 \u0627\u0644\u062d\u0635\u0649 \u0627\u0644\u0641\u0648\u0644\u0627\u0630\u064a \u0623\u0648 \u0627\u0644\u0633\u0641\u0639 \u0639\u0627\u0644\u064a \u0627\u0644\u0643\u0634\u0637.<\/p>\n<p style=\"font-weight: 400\">\u0645\u062a\u0648\u0641\u0631 \u0628\u062e\u0645\u0633\u0629 \u0623\u062d\u062c\u0627\u0645 \u0645\u062e\u062a\u0644\u0641\u0629. \u064a\u0645\u0643\u0646\u0643 \u0627\u062e\u062a\u064a\u0627\u0631 \u062d\u062c\u0645 \u0627\u0644\u0641\u0648\u0647\u0629 \u0627\u0644\u0645\u0646\u0627\u0633\u0628 \u0644\u0636\u0628\u0637 \u0625\u0645\u062f\u0627\u062f \u0627\u0644\u0647\u0648\u0627\u0621 \u0627\u0644\u0645\u0636\u063a\u0648\u0637 \u0648\u062a\u062d\u0633\u064a\u0646 \u0627\u0633\u062a\u0647\u0644\u0627\u0643 \u0627\u0644\u0631\u0645\u0627\u0644.<\/p>\n<ul style=\"font-weight: 400\">\n<li>\u0645\u0635\u0646\u0648\u0639 \u0645\u0646 \u0643\u0631\u0628\u064a\u062f \u0627\u0644\u062a\u0646\u062c\u0633\u062a\u0646 \u0627\u0644\u0645\u0642\u0627\u0648\u0645 \u0644\u0644\u062a\u0622\u0643\u0644 (TC).<\/li>\n<li>\u0639\u0645\u0631 \u0627\u0644\u062e\u062f\u0645\u0629: 400 \u0633\u0627\u0639\u0629<\/li>\n<li>\u063a\u0645\u062f: \u0628\u0648\u0644\u064a \u064a\u0648\u0631\u064a\u062b\u064a\u0646.<\/li>\n<li>\u0627\u0644\u062e\u064a\u0637: \u0623\u0644\u0648\u0645\u0646\u064a\u0648\u0645 \u060c \u0645\u0646\u0627\u0633\u0628 \u0644\u062d\u0627\u0645\u0644 \u0641\u0648\u0647\u0629 NHP \u0645\u0642\u0627\u0633 50 \u0645\u0645.<\/li>\n<li>\u062d\u062c\u0645 \u0627\u0644\u0645\u062f\u062e\u0644: 32 \u0645\u0645<\/li>\n<\/ul>\n<table width=\"709\">\n<tbody>\n<tr>\n<td width=\"142\"><strong>\u0627\u0644\u0645\u0642\u0627\u0644\u0629 \u0631\u0642\u0645.<\/strong><\/td>\n<td width=\"130\"><strong>\u064a\u0643\u062a\u0628<\/strong><\/td>\n<td colspan=\"2\" width=\"437\"><strong>\u0648\u0635\u0641<\/strong><\/td>\n<\/tr>\n<tr>\n<td width=\"142\">10113062<\/td>\n<td colspan=\"2\" width=\"165\">\u0645\u0624\u062f 400x6.5<\/td>\n<td width=\"402\">\u0641\u0648\u0647\u0629 \u0641\u0646\u062a\u0648\u0631\u064a \u060c \u0643\u0631\u0628\u064a\u062f \u0627\u0644\u062a\u0646\u062c\u0633\u062a\u0646 \u060c 6.5 \u0645\u0645 \u00d7 130 \u0645\u0645<\/td>\n<\/tr>\n<tr>\n<td width=\"142\">10113063<\/td>\n<td colspan=\"2\" width=\"165\">\u0645\u0624\u062f 400 x8.0<\/td>\n<td width=\"402\">\u0641\u0648\u0647\u0629 \u0641\u0646\u062a\u0648\u0631\u064a \u060c \u0643\u0631\u0628\u064a\u062f \u0627\u0644\u062a\u0646\u062c\u0633\u062a\u0646 \u060c 8.0 \u0645\u0645 \u00d7 150 \u0645\u0645<\/td>\n<\/tr>\n<tr>\n<td width=\"142\">10113064<\/td>\n<td colspan=\"2\" width=\"165\">\u0645\u0624\u062f 400x9.5<\/td>\n<td width=\"402\">\u0641\u0648\u0647\u0629 \u0641\u0646\u062a\u0648\u0631\u064a \u060c \u0643\u0631\u0628\u064a\u062f \u0627\u0644\u062a\u0646\u062c\u0633\u062a\u0646 \u060c 9.5 \u0645\u0644\u0645 \u00d7 170 \u0645\u0644\u0645<\/td>\n<\/tr>\n<tr>\n<td width=\"142\">10113065<\/td>\n<td colspan=\"2\" width=\"165\">\u0645\u0624\u062f 400x11.0<\/td>\n<td width=\"402\">\u0641\u0648\u0647\u0629 \u0641\u0646\u062a\u0648\u0631\u064a \u060c \u0643\u0631\u0628\u064a\u062f \u0627\u0644\u062a\u0646\u062c\u0633\u062a\u0646 \u060c 11.0 \u0645\u0645 \u00d7 200 \u0645\u0645<\/td>\n<\/tr>\n<tr>\n<td width=\"142\">10113066<\/td>\n<td colspan=\"2\" width=\"165\">\u0645\u0624\u062f 400x12.5<\/td>\n<td width=\"402\">\u0641\u0648\u0647\u0629 \u0641\u0646\u062a\u0648\u0631\u064a \u060c \u0643\u0631\u0628\u064a\u062f \u0627\u0644\u062a\u0646\u062c\u0633\u062a\u0646 \u060c 12.5 \u0645\u0645 \u00d7 210 \u0645\u0645<\/td>\n<\/tr>\n<\/tbody>\n<\/table>","protected":false},"excerpt":{"rendered":"<p>Kumlama Nozulu &#8211; Performer Nozul 400 Performer, y\u00fcksek performansl\u0131 geli\u015fmi\u015f bir modeldir. Y\u00fcksek a\u015f\u0131nmaya dayan\u0131kl\u0131 g\u00f6mlek ve sa\u011flam, hafif poli\u00fcretan k\u0131l\u0131f ile donat\u0131lm\u0131\u015ft\u0131r. Contracor Performer\u00a0kumlama nozul serisi ile al\u00fcminyum oksit, silikon karb\u00fcr, \u00e7elik grit veya y\u00fcksek derecede a\u015f\u0131nd\u0131r\u0131c\u0131 kumlama i\u00e7in uygundur. Be\u015f farkl\u0131 boyutta mevcuttur. Bas\u0131n\u00e7l\u0131 hava kayna\u011f\u0131n\u0131 ayarlamak ve kum t\u00fcketimini optimize etmek i\u00e7in [&#8230;]\n","protected":false},"featured_media":9060,"comment_status":"open","ping_status":"closed","template":"","meta":{"jetpack_post_was_ever_published":false},"product_brand":[],"product_cat":[2326],"product_tag":[911,925,924,2294,2293,933],"class_list":{"0":"post-9042","1":"product","2":"type-product","3":"status-publish","4":"has-post-thumbnail","6":"product_cat-kumlama-malzemeleri","7":"product_tag-kumlama","8":"product_tag-kumlama-nozulu","9":"product_tag-nozul","10":"product_tag-performer-nozul","11":"product_tag-performer-nozul-400","12":"product_tag-tungsten","14":"first","15":"instock","16":"taxable","17":"shipping-taxable","18":"product-type-variable"},"jetpack-related-posts":[],"jetpack_sharing_enabled":true,"jetpack_likes_enabled":true,"_links":{"self":[{"href":"https:\/\/tuzlahortum.com.tr\/ar\/wp-json\/wp\/v2\/product\/9042","targetHints":{"allow":["GET"]}}],"collection":[{"href":"https:\/\/tuzlahortum.com.tr\/ar\/wp-json\/wp\/v2\/product"}],"about":[{"href":"https:\/\/tuzlahortum.com.tr\/ar\/wp-json\/wp\/v2\/types\/product"}],"replies":[{"embeddable":true,"href":"https:\/\/tuzlahortum.com.tr\/ar\/wp-json\/wp\/v2\/comments?post=9042"}],"wp:featuredmedia":[{"embeddable":true,"href":"https:\/\/tuzlahortum.com.tr\/ar\/wp-json\/wp\/v2\/media\/9060"}],"wp:attachment":[{"href":"https:\/\/tuzlahortum.com.tr\/ar\/wp-json\/wp\/v2\/media?parent=9042"}],"wp:term":[{"taxonomy":"product_brand","embeddable":true,"href":"https:\/\/tuzlahortum.com.tr\/ar\/wp-json\/wp\/v2\/product_brand?post=9042"},{"taxonomy":"product_cat","embeddable":true,"href":"https:\/\/tuzlahortum.com.tr\/ar\/wp-json\/wp\/v2\/product_cat?post=9042"},{"taxonomy":"product_tag","embeddable":true,"href":"https:\/\/tuzlahortum.com.tr\/ar\/wp-json\/wp\/v2\/product_tag?post=9042"}],"curies":[{"name":"\u062f\u0628\u0644\u064a\u0648 \u0628\u064a","href":"https:\/\/api.w.org\/{rel}","templated":true}]}}