{"id":903,"date":"2019-02-06T23:55:27","date_gmt":"2019-02-06T20:55:27","guid":{"rendered":"http:\/\/hortum.com.tr\/product\/import-placeholder-for-518\/"},"modified":"2024-03-21T17:40:58","modified_gmt":"2024-03-21T14:40:58","slug":"trelleborg-boat-sanitary-hose","status":"publish","type":"product","link":"https:\/\/tuzlahortum.com.tr\/ar\/product\/trelleborg-boat-sanitary-hose\/","title":{"rendered":"\u062e\u0631\u0637\u0648\u0645 \u0645\u064a\u0627\u0647 \u0627\u0644\u0635\u0631\u0641 \u0627\u0644\u0635\u062d\u064a \u0645\u0646 \u0642\u0627\u0631\u0628 \u062a\u0631\u064a\u0644\u0628\u0648\u0631\u062c"},"content":{"rendered":"<h2>\u062e\u0631\u0637\u0648\u0645 \u0645\u064a\u0627\u0647 \u0627\u0644\u0635\u0631\u0641 \u0627\u0644\u0635\u062d\u064a \u0645\u0646 \u0642\u0627\u0631\u0628 \u062a\u0631\u064a\u0644\u0628\u0648\u0631\u062c<\/h2>\n<p>\u0627\u0644\u0645\u064a\u0627\u0647 \/ \u0627\u0644\u062a\u0637\u0628\u064a\u0642\u0627\u062a \u0627\u0644\u062e\u0627\u0635\u0629<\/p>\n<p>\u062e\u0631\u0637\u0648\u0645 \u0645\u064a\u0627\u0647 \u0627\u0644\u0635\u0631\u0641 \u0644\u0623\u0646\u0638\u0645\u0629 \u0645\u0631\u0627\u062d\u064a\u0636 \u0642\u0648\u0627\u0631\u0628 \u0627\u0644\u0639\u0637\u0644\u0627\u062a.<\/p>\n<p>\u0645\u0632\u0627\u064a\u0627<\/p>\n<p>*\u0645\u0631\u0646.<\/p>\n<p>* \u0645\u0642\u0627\u0648\u0645\u0629 \u0627\u0644\u062a\u0634\u0627\u0628\u0643.<\/p>\n<p>* \u0644\u0627 \u0646\u0641\u0627\u0630\u064a\u0629 \u0627\u0646\u062a\u0634\u0627\u0631 (\u0644\u0627 \u062a\u0645\u0646\u0639 \u0627\u0644\u0631\u0627\u0626\u062d\u0629 \u0627\u0644\u0642\u0627\u062f\u0645\u0629 \u0645\u0646 \u0646\u0638\u0627\u0645 \u0627\u0644\u0645\u0631\u062d\u0627\u0636).<\/p>\n<p>* \u064a\u0645\u0643\u0646 \u0642\u0637\u0639\u0647 \u0628\u0633\u0647\u0648\u0644\u0629 \u0648\u0644\u064a\u0633 \u0633\u062d\u0642\u0647 \u0628\u0633\u0628\u0628 \u0627\u0644\u0644\u0648\u0644\u0628 \u0627\u0644\u0628\u0644\u0627\u0633\u062a\u064a\u0643\u064a.<\/p>\n<p>\u0627\u0644\u0648\u0635\u0641 \u0627\u0644\u0641\u0646\u064a<\/p>\n<p>\u0627\u0644\u0623\u0646\u0628\u0648\u0628 \u0627\u0644\u062f\u0627\u062e\u0644\u064a: \u0645\u0637\u0627\u0637 \u0628\u0648\u062a\u064a\u0644 \u0645\u062d\u0643\u0645 \u060c \u0623\u0633\u0648\u062f.<\/p>\n<p>\u0627\u0644\u062a\u0639\u0632\u064a\u0632: \u0646\u0633\u064a\u062c \u0635\u0646\u0627\u0639\u064a \u0628\u0632\u0646\u0628\u0631\u0643 \u0635\u0644\u0628 \u0645\u062f\u0645\u062c.<\/p>\n<p>\u0637\u0644\u0627\u0621: EPDM \u060c \u0631\u0645\u0627\u062f\u064a \u060c \u064a\u0634\u0628\u0647 \u0627\u0644\u0646\u0633\u064a\u062c.<\/p>\n<p>\u0646\u0637\u0627\u0642 \u062f\u0631\u062c\u0629 \u0627\u0644\u062d\u0631\u0627\u0631\u0629: -30 \u062f\u0631\u062c\u0629 \u0645\u0626\u0648\u064a\u0629 \u0625\u0644\u0649 + 100 \u062f\u0631\u062c\u0629 \u0645\u0626\u0648\u064a\u0629.<\/p>\n<div class=\"video video-fit mb\" style=\"padding-top:56.25%;\"><p><iframe loading=\"lazy\" title=\"\u0627\u0631\u062a\u0628\u0627\u0643 \u0627\u0644\u0642\u064a\u0627\u0633 (\u0628\u0648\u0635\u0629\u060c \u0625\u0635\u0628\u0639\u060c \u0636\u0628\u0627\u0628\u060c \u0645\u0644\u0644\u064a\u0645\u062a\u0631)\" width=\"1020\" height=\"574\" src=\"https:\/\/www.youtube.com\/embed\/uKk6AG_AZls?feature=oembed\" frameborder=\"0\" allow=\"accelerometer; autoplay; clipboard-write; encrypted-media; gyroscope; picture-in-picture; web-share\" referrerpolicy=\"strict-origin-when-cross-origin\" allowfullscreen><\/iframe><\/p>\n<\/div>\n<div class=\"video video-fit mb\" style=\"padding-top:56.25%;\"><p>https:\/\/www.youtube.com\/watch?v=O8ZlzKEjfEQ%20<\/p>\n<\/div>","protected":false},"excerpt":{"rendered":"<p>Trelleborg BOAT SANITARY HOSE Su\/\u00d6zel uygulamalar Tatil teknelerinin tuvalet sistemleri i\u00e7in at\u0131k su hortumu. Avantajlar *Esnek. *Dola\u015fmaya kar\u015f\u0131 dayan\u0131kl\u0131. *Dif\u00fczyon ge\u00e7irimi yoktur (tuvalet sisteminden gelen kokuyu ge\u00e7irmez). *Kolayl\u0131kla kesilir ve plastik helisten dolay\u0131 ezilmez. Teknik a\u00e7\u0131klama \u0130\u00e7 t\u00fcp :\u00a0S\u0131zd\u0131rmaz butil kau\u00e7uk, siyah. Takviye :\u00a0g\u00f6m\u00fcl\u00fc \u00e7elik yay ile sentetik tekstil. Kaplama :\u00a0EPDM, gri, kuma\u015f g\u00f6r\u00fcn\u00fcml\u00fc. S\u0131cakl\u0131k [&#8230;]\n","protected":false},"featured_media":2627,"comment_status":"open","ping_status":"closed","template":"","meta":{"jetpack_post_was_ever_published":false},"product_brand":[],"product_cat":[183],"product_tag":[1184,290,555,421,1183],"class_list":{"0":"post-903","1":"product","2":"type-product","3":"status-publish","4":"has-post-thumbnail","6":"product_cat-su-ve-ozel-hortum-uygulamalari","7":"product_tag-atik","8":"product_tag-hortum","9":"product_tag-su","10":"product_tag-tekne","11":"product_tag-tuvalet","13":"first","14":"instock","15":"taxable","16":"shipping-taxable","17":"product-type-variable"},"jetpack-related-posts":[],"jetpack_sharing_enabled":true,"jetpack_likes_enabled":true,"_links":{"self":[{"href":"https:\/\/tuzlahortum.com.tr\/ar\/wp-json\/wp\/v2\/product\/903","targetHints":{"allow":["GET"]}}],"collection":[{"href":"https:\/\/tuzlahortum.com.tr\/ar\/wp-json\/wp\/v2\/product"}],"about":[{"href":"https:\/\/tuzlahortum.com.tr\/ar\/wp-json\/wp\/v2\/types\/product"}],"replies":[{"embeddable":true,"href":"https:\/\/tuzlahortum.com.tr\/ar\/wp-json\/wp\/v2\/comments?post=903"}],"wp:featuredmedia":[{"embeddable":true,"href":"https:\/\/tuzlahortum.com.tr\/ar\/wp-json\/wp\/v2\/media\/2627"}],"wp:attachment":[{"href":"https:\/\/tuzlahortum.com.tr\/ar\/wp-json\/wp\/v2\/media?parent=903"}],"wp:term":[{"taxonomy":"product_brand","embeddable":true,"href":"https:\/\/tuzlahortum.com.tr\/ar\/wp-json\/wp\/v2\/product_brand?post=903"},{"taxonomy":"product_cat","embeddable":true,"href":"https:\/\/tuzlahortum.com.tr\/ar\/wp-json\/wp\/v2\/product_cat?post=903"},{"taxonomy":"product_tag","embeddable":true,"href":"https:\/\/tuzlahortum.com.tr\/ar\/wp-json\/wp\/v2\/product_tag?post=903"}],"curies":[{"name":"\u062f\u0628\u0644\u064a\u0648 \u0628\u064a","href":"https:\/\/api.w.org\/{rel}","templated":true}]}}