{"id":9026,"date":"2019-04-02T13:30:01","date_gmt":"2019-04-02T10:30:01","guid":{"rendered":"https:\/\/tuzlahortum.com.tr\/?post_type=product&#038;p=9026"},"modified":"2024-03-21T17:38:32","modified_gmt":"2024-03-21T14:38:32","slug":"kumlama-tulumu-guderi","status":"publish","type":"product","link":"https:\/\/tuzlahortum.com.tr\/ar\/product\/kumlama-tulumu-guderi\/","title":{"rendered":"\u0628\u062f\u0644\u0629 \u0627\u0644\u0633\u0641\u0639 \u0627\u0644\u0631\u0645\u0644\u064a (\u0634\u0627\u0645\u0648\u0627\u0647)"},"content":{"rendered":"<h2>\u0628\u062f\u0644\u0629 \u0627\u0644\u0633\u0641\u0639 \u0627\u0644\u0631\u0645\u0644\u064a (\u0634\u0627\u0645\u0648\u0627\u0647)<\/h2>\n<p>\u0643\u0645\u0627 \u0647\u0648 \u0645\u0639\u0631\u0648\u0641 \u060c \u0641\u064a \u0639\u0645\u0644\u064a\u0627\u062a \u0627\u0644\u0633\u0641\u0639 \u0627\u0644\u0631\u0645\u0644\u064a \u060c \u064a\u062a\u0623\u062b\u0631 \u0627\u0644\u0645\u0634\u063a\u0644\u0648\u0646 \u0628\u0627\u0644\u0645\u0648\u0627\u062f \u0627\u0644\u0627\u0633\u062a\u0647\u0644\u0627\u0643\u064a\u0629 \u0627\u0644\u062a\u064a \u064a\u062a\u0645 \u0631\u0634\u0647\u0627 \u0648\u0627\u0644\u063a\u0628\u0627\u0631 \u0627\u0644\u0645\u0646\u0628\u0639\u062b.<\/p>\n<p>\u0625\u0646\u0647\u0645 \u064a\u0639\u0645\u0644\u0648\u0646 \u0641\u064a \u0638\u0631\u0648\u0641 \u0635\u0639\u0628\u0629 \u0644\u0644\u063a\u0627\u064a\u0629. \u0644\u0647\u0630\u0627 \u0627\u0644\u0633\u0628\u0628 \u060c \u0646\u062d\u0646 \u0645\u0644\u062a\u0632\u0645\u0648\u0646 \u0628\u0633\u0647\u0648\u0644\u0629 \u0627\u0644\u062d\u0631\u0643\u0629 \u0648\u062d\u0645\u0627\u064a\u0629 \u0627\u0644\u0645\u0634\u063a\u0644\u064a\u0646.<\/p>\n<p>\u0646\u062d\u0646 \u0646\u0628\u064a\u0639 \u0645\u0639\u0627\u0637\u0641 \u0627\u0644\u0633\u0641\u0639 \u0627\u0644\u0631\u0645\u0644\u064a \u0627\u0644\u0645\u0635\u0646\u0639\u0629 \u062e\u0635\u064a\u0635\u064b\u0627. \u064a\u062a\u0645 \u0625\u0646\u062a\u0627\u062c\u0647 \u0628\u0623\u062d\u062c\u0627\u0645 L-XL-XXL \u0648\u0633\u0641\u0639 \u0631\u0645\u0644\u064a<\/p>\n<p>\u0628\u062f\u0644\u0629 \u0627\u0644\u0633\u0641\u0639 \u0627\u0644\u0631\u0645\u0644\u064a \u0645\u0635\u0645\u0645\u0629 \u062e\u0635\u064a\u0635\u064b\u0627 \u0644\u064a\u062a\u0645 \u0627\u0631\u062a\u062f\u0627\u0624\u0647\u0627 \u0623\u062b\u0646\u0627\u0621 \u0639\u0645\u0644\u064a\u0629 \u0627\u0644\u0633\u0641\u0639 \u0627\u0644\u0631\u0645\u0644\u064a<\/p>\n<p>\u064a\u0648\u0641\u0631 \u062d\u0645\u0627\u064a\u0629 \u0623\u0641\u0636\u0644 \u0628\u0643\u062b\u064a\u0631. \u0628\u062f\u0644\u0629 \u0627\u0644\u0633\u0641\u0639 \u0627\u0644\u0631\u0645\u0644\u064a \u0627\u0644\u062a\u064a \u0646\u0628\u064a\u0639\u0647\u0627 \u0645\u0646\u0627\u0633\u0628\u0629 \u0628\u0634\u0643\u0644 \u062e\u0627\u0635 \u0644\u0644\u0639\u0645\u0644 \u0641\u064a \u0627\u0644\u0628\u064a\u0626\u0627\u062a \u0627\u0644\u0645\u063a\u0644\u0642\u0629.<\/p>\n<p>\u0625\u0646\u0647 \u0645\u0646\u062a\u062c \u0645\u062b\u0627\u0644\u064a \u0644\u0644\u0623\u0641\u0631\u0627\u062f. \u0639\u0646\u062f \u0627\u0633\u062a\u062e\u062f\u0627\u0645\u0647 \u0645\u0639 \u0642\u0646\u0627\u0639 \u0627\u0644\u0633\u0641\u0639 \u0627\u0644\u0631\u0645\u0644\u064a \u060c \u064a\u0645\u0643\u0646 \u0623\u0646 \u064a\u0624\u062b\u0631 \u0628\u0634\u0643\u0644 \u0625\u064a\u062c\u0627\u0628\u064a \u0639\u0644\u0649 \u0639\u0645\u0644 \u0627\u0644\u0645\u0634\u063a\u0644.<\/p>\n<p>\u0627\u0644\u0627\u062a\u062c\u0627\u0647 \u060c \u064a\u0648\u0641\u0631 \u0633\u0647\u0648\u0644\u0629 \u0627\u0644\u062d\u0631\u0643\u0629. \u0627\u0644\u062c\u0632\u0621 \u0627\u0644\u0623\u0645\u0627\u0645\u064a \u0645\u0646 \u0628\u062f\u0644\u0629 \u0627\u0644\u062a\u0641\u062c\u064a\u0631 \u0627\u0644\u062c\u0627\u0641\u0629 \u060c \u0628\u062e\u0644\u0627\u0641 \u0631\u0623\u0633 \u0627\u0644\u0642\u0646\u0627\u0639 \u060c \u0639\u0631\u0636\u0629 \u0644\u0644\u062a\u0622\u0643\u0644.<\/p>\n<p>\u0645\u0635\u0646\u0648\u0639 \u0645\u0646 \u0627\u0644\u0634\u0645\u0648\u0627\u0647 \u0627\u0644\u0627\u0635\u0637\u0646\u0627\u0639\u064a \u0627\u0644\u0645\u062a\u064a\u0646. \u0644\u0647\u0630\u0627 \u0627\u0644\u0633\u0628\u0628 \u060c \u062a\u0648\u0641\u0631 \u0645\u0644\u0627\u0628\u0633 \u0627\u0644\u062a\u0641\u062c\u064a\u0631 \u0644\u0644\u0645\u0634\u063a\u0644 \u062d\u0645\u0627\u064a\u0629 \u0645\u062b\u0627\u0644\u064a\u0629 \u0636\u062f \u0627\u0631\u062a\u062f\u0627\u062f \u062c\u0632\u064a\u0626\u0627\u062a \u0627\u0644\u0631\u0645\u0644.<\/p>\n<p>\u064a\u0648\u0641\u0631 \u062f\u0631\u062c\u0629 \u0645\u0646 \u0627\u0644\u062d\u0645\u0627\u064a\u0629. \u0644\u0646 \u064a\u062d\u0631\u0642 \u0627\u0644\u062c\u0632\u0621 \u0627\u0644\u062e\u0644\u0641\u064a \u0645\u0646 \u062b\u0648\u0628 \u0627\u0644\u0633\u0641\u0639 \u0627\u0644\u0631\u0645\u0644\u064a \u0645\u0631\u062a\u062f\u064a\u0647 \u0648\u0633\u064a\u0633\u0645\u062d \u0644\u0644\u062c\u0644\u062f \u0628\u0627\u0644\u062a\u0646\u0641\u0633.<\/p>\n<p>\u0625\u0646\u0647 \u0645\u0635\u0646\u0648\u0639 \u0645\u0646 \u0642\u0645\u0627\u0634 \u0645\u0646\u0633\u0648\u062c \u0628\u0634\u0643\u0644 \u0645\u062a\u0643\u0631\u0631 \u0648\u0645\u0642\u0627\u0648\u0645 \u0644\u0644\u063a\u0628\u0627\u0631. \u0627\u0644\u0633\u0641\u0639 \u0627\u0644\u0631\u0645\u0644\u064a \u0628\u0641\u0636\u0644 \u0627\u0644\u0623\u0634\u0631\u0637\u0629 \u0627\u0644\u0645\u0637\u0627\u0637\u064a\u0629 \u0639\u0644\u0649 \u0627\u0644\u0630\u0631\u0627\u0639\u064a\u0646 \u0648\u0627\u0644\u0642\u062f\u0645\u064a\u0646<\/p>\n<p>\u064a\u0645\u0633\u0643 \u0627\u0644\u0623\u062d\u0630\u064a\u0629 \u0648\u0627\u0644\u0642\u0641\u0627\u0632\u0627\u062a \u0627\u0644\u062a\u064a \u064a\u062a\u0645 \u0627\u0631\u062a\u062f\u0627\u0624\u0647\u0627 \u0623\u0633\u0641\u0644 \u0627\u0644\u0645\u0644\u0627\u0628\u0633 \u0627\u0644\u062f\u0627\u062e\u0644\u064a\u0629 \u0648\u064a\u0645\u0646\u0639 \u062f\u062e\u0648\u0644 \u0623\u064a \u063a\u0628\u0627\u0631 \u0625\u0644\u0649 \u0647\u0630\u0647 \u0627\u0644\u0645\u0646\u0627\u0637\u0642.<\/p>","protected":false},"excerpt":{"rendered":"<p>Kumlama Tulumu (G\u00fcderi) Bilindi\u011fi gibi kumlama i\u015flemlerinde operat\u00f6rler p\u00fcsk\u00fcrt\u00fclen sarf malzemeleri ve a\u00e7\u0131\u011fa \u00e7\u0131kan toz nedeniyle olduk\u00e7a zor \u015fartlarda \u00e7al\u0131\u015fmaktad\u0131rlar. Bu nedenle bizler operat\u00f6rlerin hareket kolayl\u0131\u011f\u0131 ve korunmalar\u0131 i\u00e7in \u00f6zel olarak imal edilmi\u015f kumlama tulumu sat\u0131\u015f\u0131n\u0131 yapmaktay\u0131z. L-XL-XXL boyutlar\u0131nda \u00fcretilen ve kumlama i\u015fleminde giyilmek \u00fczere \u00f6zel olarak tasarlanm\u0131\u015f kumlama elbisesi di\u011fer tekstil \u00fcretimleri olan giysilere [&#8230;]\n","protected":false},"featured_media":1782,"comment_status":"open","ping_status":"closed","template":"","meta":{"jetpack_post_was_ever_published":false},"product_brand":[],"product_cat":[2326],"product_tag":[294,911,935,936,934],"class_list":{"0":"post-9026","1":"product","2":"type-product","3":"status-publish","4":"has-post-thumbnail","6":"product_cat-kumlama-malzemeleri","7":"product_tag-dayanikli","8":"product_tag-kumlama","9":"product_tag-kumlama-tulumu","10":"product_tag-toz-gecirmez","11":"product_tag-tulum","13":"first","14":"instock","15":"taxable","16":"shipping-taxable","17":"product-type-simple"},"jetpack-related-posts":[],"jetpack_sharing_enabled":true,"jetpack_likes_enabled":true,"_links":{"self":[{"href":"https:\/\/tuzlahortum.com.tr\/ar\/wp-json\/wp\/v2\/product\/9026","targetHints":{"allow":["GET"]}}],"collection":[{"href":"https:\/\/tuzlahortum.com.tr\/ar\/wp-json\/wp\/v2\/product"}],"about":[{"href":"https:\/\/tuzlahortum.com.tr\/ar\/wp-json\/wp\/v2\/types\/product"}],"replies":[{"embeddable":true,"href":"https:\/\/tuzlahortum.com.tr\/ar\/wp-json\/wp\/v2\/comments?post=9026"}],"wp:featuredmedia":[{"embeddable":true,"href":"https:\/\/tuzlahortum.com.tr\/ar\/wp-json\/wp\/v2\/media\/1782"}],"wp:attachment":[{"href":"https:\/\/tuzlahortum.com.tr\/ar\/wp-json\/wp\/v2\/media?parent=9026"}],"wp:term":[{"taxonomy":"product_brand","embeddable":true,"href":"https:\/\/tuzlahortum.com.tr\/ar\/wp-json\/wp\/v2\/product_brand?post=9026"},{"taxonomy":"product_cat","embeddable":true,"href":"https:\/\/tuzlahortum.com.tr\/ar\/wp-json\/wp\/v2\/product_cat?post=9026"},{"taxonomy":"product_tag","embeddable":true,"href":"https:\/\/tuzlahortum.com.tr\/ar\/wp-json\/wp\/v2\/product_tag?post=9026"}],"curies":[{"name":"\u062f\u0628\u0644\u064a\u0648 \u0628\u064a","href":"https:\/\/api.w.org\/{rel}","templated":true}]}}