{"id":902,"date":"2019-02-06T23:55:27","date_gmt":"2019-02-06T20:55:27","guid":{"rendered":"http:\/\/hortum.com.tr\/product\/import-placeholder-for-61\/"},"modified":"2024-03-21T17:40:58","modified_gmt":"2024-03-21T14:40:58","slug":"spiralli-su-emici-hortumlar","status":"publish","type":"product","link":"https:\/\/tuzlahortum.com.tr\/ar\/product\/spiralli-su-emici-hortumlar\/","title":{"rendered":"\u062e\u0631\u0627\u0637\u064a\u0645 \u0644\u0648\u0644\u0628\u064a\u0629 \u0645\u0627\u0635\u0629 \u0644\u0644\u0645\u0627\u0621"},"content":{"rendered":"<h2>\u062e\u0631\u0627\u0637\u064a\u0645 \u0644\u0648\u0644\u0628\u064a\u0629 \u0645\u0627\u0635\u0629 \u0644\u0644\u0645\u0627\u0621<\/h2>\n<div>\u0645\u0646\u0627\u0637\u0642 \u0627\u0644\u0627\u0633\u062a\u062e\u062f\u0627\u0645: \u064a\u0633\u062a\u062e\u062f\u0645 \u0643\u062e\u0631\u0637\u0648\u0645 \u062a\u0648\u0635\u064a\u0644 \u0641\u064a \u0645\u0636\u062e\u0627\u062a \u0627\u0644\u062a\u0641\u0631\u064a\u063a.<\/div>\n<div><\/div>\n<div>\u0627\u0644\u0634\u0647\u0627\u062f\u0627\u062a: \u0627\u0644\u062e\u0631\u0627\u0637\u064a\u0645 \u062a\u062d\u0645\u0644 \u0639\u0644\u0627\u0645\u0629 TSE. TS 5365<\/div>\n<div><\/div>\n<div>\u0627\u0639\u0645\u0627\u0644 \u0628\u0646\u0627\u0621<\/div>\n<div>\u0623\u0633\u0641\u0644: SBR \/ NR \u0623\u0633\u0648\u062f \u060c \u0644\u0627\u0645\u0639<\/div>\n<div>\u0627\u0644\u062a\u0639\u0632\u064a\u0632: \u0646\u0633\u064a\u062c \u062d\u0628\u0644 \u0639\u0627\u0644\u064a \u0627\u0644\u0642\u0648\u0629<\/div>\n<div>\u0627\u0644\u062c\u0632\u0621 \u0627\u0644\u0639\u0644\u0648\u064a: SBR \u0623\u0633\u0648\u062f \u060c \u0645\u0642\u0627\u0648\u0645 \u0644\u062c\u0645\u064a\u0639 \u0627\u0644\u0638\u0631\u0648\u0641 \u0627\u0644\u062c\u0648\u064a\u0629<\/div>\n<div><\/div>\n<div><div class=\"video video-fit mb\" style=\"padding-top:56.25%;\"><p><iframe loading=\"lazy\" title=\"\u0627\u0631\u062a\u0628\u0627\u0643 \u0627\u0644\u0642\u064a\u0627\u0633 (\u0628\u0648\u0635\u0629\u060c \u0625\u0635\u0628\u0639\u060c \u0636\u0628\u0627\u0628\u060c \u0645\u0644\u0644\u064a\u0645\u062a\u0631)\" width=\"1020\" height=\"574\" src=\"https:\/\/www.youtube.com\/embed\/uKk6AG_AZls?feature=oembed\" frameborder=\"0\" allow=\"accelerometer; autoplay; clipboard-write; encrypted-media; gyroscope; picture-in-picture\" allowfullscreen><\/iframe><\/p>\n<\/div><\/div>","protected":false},"excerpt":{"rendered":"<p>Spiralli Su Emici Hortumlar KULLANIM ALANLARI : Tahliye pompalar\u0131nda verici hortum olarak kullan\u0131lmaktad\u0131r. Sertifikalar : Hortumlar TSE markal\u0131d\u0131r. TS 5365 KONTR\u00dcKS\u0130YON Alt : SBR\/NR siyah, parlak Takviye : Y\u00fcksek mukavemetli kord bezi \u00dcst : SBR siyah, her t\u00fcrl\u00fc iklim \u015fartlar\u0131na dayan\u0131kl\u0131<\/p>","protected":false},"featured_media":1689,"comment_status":"open","ping_status":"closed","template":"","meta":{"jetpack_post_was_ever_published":false},"product_brand":[],"product_cat":[163],"product_tag":[795,785,786,1182,787,789,723,788,818,841,796,793,794,791,792,652],"class_list":{"0":"post-902","1":"product","2":"type-product","3":"status-publish","4":"has-post-thumbnail","6":"product_cat-su-hortumlari","7":"product_tag-bahce","8":"product_tag-bezli-su-hortumlari","9":"product_tag-bezli-su-hortumu","10":"product_tag-insaa","11":"product_tag-kaucuk-su-hortumu","12":"product_tag-lastik-su-hortumu","13":"product_tag-sanayi","14":"product_tag-sargili-su-hortumu","15":"product_tag-siyah-su-hortumu","16":"product_tag-spiralli-su-emici-hortumlar","17":"product_tag-spor-alanlari","18":"product_tag-su-basma-hortumu","19":"product_tag-su-bosaltma-hortumu","20":"product_tag-su-nakil","21":"product_tag-su-tahliye-hortumu","22":"product_tag-tarim","24":"first","25":"instock","26":"taxable","27":"shipping-taxable","28":"product-type-variable"},"jetpack-related-posts":[{"id":735,"url":"https:\/\/tuzlahortum.com.tr\/ar\/product\/telli-su-alici-verici-hortumlar\/","url_meta":{"origin":902,"position":0},"title":"\u062e\u0631\u0627\u0637\u064a\u0645 \u0627\u0644\u0645\u064a\u0627\u0647 \u0627\u0644\u0633\u0644\u0643\u064a\u0629 \u0627\u0644\u0627\u0631\u0633\u0627\u0644 \u0648\u0627\u0644\u0627\u0633\u062a\u0642\u0628\u0627\u0644","author":"admin","date":"6 \u0641\u0628\u0631\u0627\u064a\u0631 2019","format":false,"excerpt":"Telli Su Al\u0131c\u0131-Verici HortumlarKULLANIM ALANLARI : Sanayi, in\u015faat tar\u0131m\u0131n a\u011f\u0131r uygulama \u015fartlar\u0131na elveri\u015fli sa\u011flam ve esnek al\u0131c\u0131 ve verici hortumdur. KONTR\u00dcKS\u0130YON Alt : SBR\/NR siyah, at\u0131k suya dayan\u0131kl\u0131 ( 5 to 9 pH ) Takviye : Y\u00fcksek mukavemetli kord bezi, katlararas\u0131 g\u00f6m\u00fcl\u00fc \u00e7elik tel \u00dcst : SBR siyah, d\u00fcz, hava\u2026","rel":"","context":"\u062a\u062f\u0648\u064a\u0646\u0629 \u0645\u0634\u0627\u0628\u0647\u0629","block_context":{"text":"\u062a\u062f\u0648\u064a\u0646\u0629 \u0645\u0634\u0627\u0628\u0647\u0629","link":""},"img":{"alt_text":"","src":"https:\/\/i0.wp.com\/tuzlahortum.com.tr\/wp-content\/uploads\/urunler\/kaucuk\/superlas-telli-su-alici-verici.jpg?fit=360%2C270&ssl=1&resize=350%2C200","width":350,"height":200},"classes":[]},{"id":653,"url":"https:\/\/tuzlahortum.com.tr\/ar\/product\/toz-ve-hava-emis-hortumlari\/","url_meta":{"origin":902,"position":1},"title":"\u062e\u0631\u0627\u0637\u064a\u0645 \u0634\u0641\u0637 \u0627\u0644\u063a\u0628\u0627\u0631 \u0648\u0627\u0644\u0647\u0648\u0627\u0621","author":"admin","date":"6 \u0641\u0628\u0631\u0627\u064a\u0631 2019","format":false,"excerpt":"Toz ve Hava Emi\u015f Hortumlar\u0131KULLANIM ALANLARI : Tar\u0131mda, madenlerde ve fabrikalarda toz ve kirlenmi\u015f hava emme i\u015flerinde kullan\u0131lan emici hortumdur KONTR\u00dcKS\u0130YON Alt : SBR\/NR, siyah, antistatik ve a\u015f\u0131nmaya dayan\u0131kl\u0131 Takviye : Kord bezi, katlararas\u0131nda \u00e7elik spiral tel \u00dcst : SBR\/NR, siyah, s\u00fcrt\u00fcnmeye ve her t\u00fcrl\u00fc iklim \u015fartlar\u0131na dayan\u0131kl\u0131","rel":"","context":"\u062a\u062f\u0648\u064a\u0646\u0629 \u0645\u0634\u0627\u0628\u0647\u0629","block_context":{"text":"\u062a\u062f\u0648\u064a\u0646\u0629 \u0645\u0634\u0627\u0628\u0647\u0629","link":""},"img":{"alt_text":"","src":"https:\/\/i0.wp.com\/tuzlahortum.com.tr\/wp-content\/uploads\/urunler\/kaucuk\/superlas-supurge-hortumu.jpg?fit=360%2C270&ssl=1&resize=350%2C200","width":350,"height":200},"classes":[]},{"id":901,"url":"https:\/\/tuzlahortum.com.tr\/ar\/product\/bezli-su-verici-hortum5-bar\/","url_meta":{"origin":902,"position":2},"title":"\u062e\u0631\u0637\u0648\u0645 \u0645\u0648\u0632\u0639 \u0645\u064a\u0627\u0647 \u0645\u0646 \u0627\u0644\u0642\u0645\u0627\u0634 (5 \u0628\u0627\u0631)","author":"admin","date":"6 \u0641\u0628\u0631\u0627\u064a\u0631 2019","format":false,"excerpt":"Bezli Su Verici Hortum(5 Bar) KULLANIM ALANLARI : Tahliye pompalar\u0131nda verici hortum olarak kullan\u0131lmaktad\u0131r. Kolay ta\u015f\u0131ma ve depolamaya uygun olarak haz\u0131rlanm\u0131\u015ft\u0131r. KONTR\u00dcKS\u0130YON Alt : SBR\/NR siyah, parlak Takviye : Y\u00fcksek mukavemetli kord bezi \u00dcst : SBR siyah, her t\u00fcrl\u00fc iklim \u015fartlar\u0131na dayan\u0131kl\u0131","rel":"","context":"\u062a\u062f\u0648\u064a\u0646\u0629 \u0645\u0634\u0627\u0628\u0647\u0629","block_context":{"text":"\u062a\u062f\u0648\u064a\u0646\u0629 \u0645\u0634\u0627\u0628\u0647\u0629","link":""},"img":{"alt_text":"","src":"https:\/\/i0.wp.com\/tuzlahortum.com.tr\/wp-content\/uploads\/urunler\/kaucuk\/superlas-bezli-su-verici-hortum.jpg?fit=360%2C270&ssl=1&resize=350%2C200","width":350,"height":200},"classes":[]},{"id":8622,"url":"https:\/\/tuzlahortum.com.tr\/ar\/product\/bezli-su-verici-hortum10-bar\/","url_meta":{"origin":902,"position":3},"title":"\u062e\u0631\u0637\u0648\u0645 \u0645\u0648\u0632\u0639 \u0645\u064a\u0627\u0647 \u0645\u0646 \u0627\u0644\u0642\u0645\u0627\u0634 (10 \u0628\u0627\u0631)","author":"\u0130smail \u00c7elik","date":"21 \u0645\u0627\u0631\u0633 2019","format":false,"excerpt":"Bezli Su Verici Hortum(10 Bar) KULLANIM ALANLARI : Sanayi,in\u015faat ve tar\u0131m\u0131n a\u011f\u0131r uygulama \u015fartlar\u0131na elveri\u015fli,sa\u011flam,esnek ve al\u0131c\u0131 verici hortumdur. KONTR\u00dcKS\u0130YON Alt : SBR\/NR siyah, parlak Takviye : Y\u00fcksek mukavemetli kord bezi \u00dcst : SBR siyah, her t\u00fcrl\u00fc iklim \u015fartlar\u0131na dayan\u0131kl\u0131 fghfgh test","rel":"","context":"\u062a\u062f\u0648\u064a\u0646\u0629 \u0645\u0634\u0627\u0628\u0647\u0629","block_context":{"text":"\u062a\u062f\u0648\u064a\u0646\u0629 \u0645\u0634\u0627\u0628\u0647\u0629","link":""},"img":{"alt_text":"","src":"https:\/\/i0.wp.com\/tuzlahortum.com.tr\/wp-content\/uploads\/urunler\/kaucuk\/superlas-bezli-su-verici-hortum.jpg?fit=360%2C270&ssl=1&resize=350%2C200","width":350,"height":200},"classes":[]},{"id":725,"url":"https:\/\/tuzlahortum.com.tr\/ar\/product\/bezli-su-hortumlari-orta-tip\/","url_meta":{"origin":902,"position":4},"title":"\u062e\u0631\u0627\u0637\u064a\u0645 \u0645\u064a\u0627\u0647 \u0645\u063a\u0637\u0627\u0629 (\u0646\u0648\u0639 \u0645\u062a\u0648\u0633\u0637)","author":"admin","date":"6 \u0641\u0628\u0631\u0627\u064a\u0631 2019","format":false,"excerpt":"Bezli Su Hortumlar\u0131 (Orta Tip)KULLANIM ALANLARI : \u00c7al\u0131\u015fma bas\u0131n\u00e7lar\u0131na g\u00f6re sanayi, in\u015faat, tar\u0131m ve spor alanlar\u0131 gibi su nakledilmesi gereken t\u00fcm i\u015flerde kullan\u0131labilir. SERT\u0130F\u0130KALAR : Hortumlar TSE markal\u0131d\u0131r. TS2420 ISO 1403 KONTR\u00dcKS\u0130YON Alt : SBR\/NR siyah neme dayan\u0131kl\u0131 Takviye : Y\u00fcksek mukavemetli kord bezi \u00dcst : SBR siyah hava \u015fartlar\u0131na\u2026","rel":"","context":"\u062a\u062f\u0648\u064a\u0646\u0629 \u0645\u0634\u0627\u0628\u0647\u0629","block_context":{"text":"\u062a\u062f\u0648\u064a\u0646\u0629 \u0645\u0634\u0627\u0628\u0647\u0629","link":""},"img":{"alt_text":"","src":"https:\/\/i0.wp.com\/tuzlahortum.com.tr\/wp-content\/uploads\/urunler\/kaucuk\/superlas-orta-basinc-su-hortum.jpg?fit=360%2C270&ssl=1&resize=350%2C200","width":350,"height":200},"classes":[]},{"id":726,"url":"https:\/\/tuzlahortum.com.tr\/ar\/product\/bezli-su-hortumlari-agir-tip\/","url_meta":{"origin":902,"position":5},"title":"\u062e\u0631\u0627\u0637\u064a\u0645 \u0645\u064a\u0627\u0647 \u0645\u0646 \u0627\u0644\u0642\u0645\u0627\u0634 (\u0646\u0648\u0639 \u062b\u0642\u064a\u0644)","author":"admin","date":"6 \u0641\u0628\u0631\u0627\u064a\u0631 2019","format":false,"excerpt":"Bezli Su Hortumlar\u0131 (A\u011f\u0131r Tip)KULLANIM ALANLARI : \u00c7al\u0131\u015fma bas\u0131n\u00e7lar\u0131na g\u00f6re sanayi, in\u015faat, tar\u0131m ve spor alanlar\u0131 gibi su nakledilmesi gereken t\u00fcm i\u015flerde kullan\u0131labilir. SERT\u0130F\u0130KALAR : Hortumlar TSE markal\u0131d\u0131r. TS2420 ISO 1403 KONTR\u00dcKS\u0130YON Alt : SBR\/NR siyah neme dayan\u0131kl\u0131 Takviye : Y\u00fcksek mukavemetli kord bezi \u00dcst : SBR siyah hava \u015fartlar\u0131na\u2026","rel":"","context":"\u062a\u062f\u0648\u064a\u0646\u0629 \u0645\u0634\u0627\u0628\u0647\u0629","block_context":{"text":"\u062a\u062f\u0648\u064a\u0646\u0629 \u0645\u0634\u0627\u0628\u0647\u0629","link":""},"img":{"alt_text":"","src":"https:\/\/i0.wp.com\/tuzlahortum.com.tr\/wp-content\/uploads\/urunler\/kaucuk\/superlas-orta-basinc-su-hortum.jpg?fit=360%2C270&ssl=1&resize=350%2C200","width":350,"height":200},"classes":[]}],"jetpack_sharing_enabled":true,"jetpack_likes_enabled":true,"_links":{"self":[{"href":"https:\/\/tuzlahortum.com.tr\/ar\/wp-json\/wp\/v2\/product\/902","targetHints":{"allow":["GET"]}}],"collection":[{"href":"https:\/\/tuzlahortum.com.tr\/ar\/wp-json\/wp\/v2\/product"}],"about":[{"href":"https:\/\/tuzlahortum.com.tr\/ar\/wp-json\/wp\/v2\/types\/product"}],"replies":[{"embeddable":true,"href":"https:\/\/tuzlahortum.com.tr\/ar\/wp-json\/wp\/v2\/comments?post=902"}],"wp:featuredmedia":[{"embeddable":true,"href":"https:\/\/tuzlahortum.com.tr\/ar\/wp-json\/wp\/v2\/media\/1689"}],"wp:attachment":[{"href":"https:\/\/tuzlahortum.com.tr\/ar\/wp-json\/wp\/v2\/media?parent=902"}],"wp:term":[{"taxonomy":"product_brand","embeddable":true,"href":"https:\/\/tuzlahortum.com.tr\/ar\/wp-json\/wp\/v2\/product_brand?post=902"},{"taxonomy":"product_cat","embeddable":true,"href":"https:\/\/tuzlahortum.com.tr\/ar\/wp-json\/wp\/v2\/product_cat?post=902"},{"taxonomy":"product_tag","embeddable":true,"href":"https:\/\/tuzlahortum.com.tr\/ar\/wp-json\/wp\/v2\/product_tag?post=902"}],"curies":[{"name":"\u062f\u0628\u0644\u064a\u0648 \u0628\u064a","href":"https:\/\/api.w.org\/{rel}","templated":true}]}}