{"id":898,"date":"2019-02-06T23:55:26","date_gmt":"2019-02-06T20:55:26","guid":{"rendered":"http:\/\/hortum.com.tr\/product\/import-placeholder-for-493\/"},"modified":"2024-03-21T17:41:02","modified_gmt":"2024-03-21T14:41:02","slug":"trelleborg-multikler","status":"publish","type":"product","link":"https:\/\/tuzlahortum.com.tr\/ar\/product\/trelleborg-multikler\/","title":{"rendered":"Trelleborg MULTICS"},"content":{"rendered":"<h2>Trelleborg MULTICS<\/h2>\n<p>\u0627\u0644\u0645\u0630\u064a\u0628\u0627\u062a \/ \u0627\u0644\u062f\u0647\u0627\u0646\u0627\u062a \/ \u0627\u0644\u0628\u0648\u0644\u0646\u062f\u064a\u0629 \u0648\u0627\u0644\u0648\u0631\u0646\u064a\u0634<\/p>\n<p>\u062e\u0637 \u062e\u062f\u0645\u0629 \u0627\u0644\u0636\u063a\u0637 \u0644\u062f\u0647\u0627\u0646\u0627\u062a \u0627\u0644\u0628\u0646\u0632\u064a\u0646 \u0648\u0627\u0644\u062a\u0648\u0644\u0648\u064a\u0646 \u0648\u0627\u0644\u0632\u064a\u0644\u064a\u0646 \u0648\u0627\u0644\u0648\u0631\u0646\u064a\u0634 \u0648\u0627\u0644\u0648\u0631\u0646\u064a\u0634 \u0648\u0628\u0639\u0636 \u0627\u0644\u0645\u0648\u0627\u062f \u0627\u0644\u0643\u064a\u0645\u064a\u0627\u0626\u064a\u0629.<\/p>\n<p>\u0623\u064a\u0636\u0627 \u0645\u0639\u062f\u0627\u062a \u0631\u0634 \u0627\u0644\u0637\u0644\u0627\u0621 \u0627\u0644\u0635\u0646\u0627\u0639\u064a.<\/p>\n<p>\u0645\u0632\u0627\u064a\u0627<\/p>\n<p>* \u0637\u0644\u0627\u0621 \u0627\u0644\u062e\u0631\u0637\u0648\u0645 \u0645\u0642\u0627\u0648\u0645 \u0644\u0644\u062a\u0622\u0643\u0644 \u0648\u0627\u0644\u0645\u0648\u0627\u062f \u0627\u0644\u0643\u064a\u0645\u064a\u0627\u0626\u064a\u0629 \u0627\u0644\u0645\u0633\u0628\u0628\u0629 \u0644\u0644\u062a\u0622\u0643\u0644.<\/p>\n<p>* \u0644\u0627 \u064a\u062d\u062a\u0648\u064a \u0639\u0644\u0649 \u0645\u0627\u062f\u0629 \u0627\u0644\u0633\u064a\u0644\u064a\u0643\u0648\u0646.<\/p>\n<p>* \u0627\u0644\u0623\u0646\u0628\u0648\u0628 \u0627\u0644\u062f\u0627\u062e\u0644\u064a \u0627\u0644\u0645\u0636\u0627\u062f \u0644\u0644\u0643\u0647\u0631\u0628\u0627\u0621 \u0627\u0644\u0633\u0627\u0643\u0646\u0629.<\/p>\n<p>\u0627\u0644\u0648\u0635\u0641 \u0627\u0644\u0641\u0646\u064a<\/p>\n<p>\u0627\u0644\u0623\u0646\u0628\u0648\u0628 \u0627\u0644\u062f\u0627\u062e\u0644\u064a: NBR \u060c \u0623\u0633\u0648\u062f \u060c \u0639\u0627\u062f\u064a \u060c \u0645\u0642\u0627\u0648\u0645 \u0644\u0644\u062f\u0647\u0627\u0646\u0627\u062a \u0627\u0644\u0642\u0627\u0626\u0645\u0629 \u0639\u0644\u0649 \u0627\u0644\u0645\u0630\u064a\u0628\u0627\u062a.<\/p>\n<p>\u062a\u0642\u0648\u064a\u0629: \u0646\u0633\u064a\u062c \u062a\u0631\u0643\u064a\u0628\u064a.<\/p>\n<p>\u0627\u0644\u0637\u0644\u0627\u0621: NBR \/ PVC \u0627\u0644\u0645\u0642\u0627\u0648\u0645 \u0644\u0644\u0632\u064a\u062a \u0648\u0627\u0644\u062a\u0622\u0643\u0644 \u060c \u0623\u062e\u0636\u0631 \u060c \u0639\u0627\u062f\u064a.<\/p>\n<p>\u0646\u0637\u0627\u0642 \u062f\u0631\u062c\u0629 \u0627\u0644\u062d\u0631\u0627\u0631\u0629: -20 \u062f\u0631\u062c\u0629 \u0645\u0626\u0648\u064a\u0629 \u0625\u0644\u0649 + 100 \u062f\u0631\u062c\u0629 \u0645\u0626\u0648\u064a\u0629.<\/p>\n<p>\u0627\u0644\u062e\u0648\u0627\u0635 \u0627\u0644\u0643\u0647\u0631\u0628\u0627\u0626\u064a\u0629: \u0627\u0644\u0623\u0646\u0628\u0648\u0628 \u0627\u0644\u062f\u0627\u062e\u0644\u064a \u0627\u0644\u0645\u0636\u0627\u062f \u0644\u0644\u0643\u0647\u0631\u0628\u0627\u0621 \u0627\u0644\u0633\u0627\u0643\u0646\u0629 \u060c R &lt;106\u03a9 \/ \u0645.<\/p>\n<p>\u0627\u0644\u0646\u0642\u0627\u0628\u0627\u062a \/ \u0627\u0644\u062a\u0631\u0643\u064a\u0628\u0627\u062a<\/p>\n<p>\u064a\u0648\u0635\u0649 \u0628\u0627\u0633\u062a\u062e\u062f\u0627\u0645 \u0648\u0635\u0644\u0627\u062a \u062e\u0631\u0637\u0648\u0645 \u0627\u0644\u0637\u0644\u0627\u0621 \u0627\u0644\u062e\u0627\u0635\u0629.<\/p>\n<div class=\"video video-fit mb\" style=\"padding-top:56.25%;\"><p><iframe loading=\"lazy\" title=\"\u0627\u0631\u062a\u0628\u0627\u0643 \u0627\u0644\u0642\u064a\u0627\u0633 (\u0628\u0648\u0635\u0629\u060c \u0625\u0635\u0628\u0639\u060c \u0636\u0628\u0627\u0628\u060c \u0645\u0644\u0644\u064a\u0645\u062a\u0631)\" width=\"1020\" height=\"574\" src=\"https:\/\/www.youtube.com\/embed\/uKk6AG_AZls?feature=oembed\" frameborder=\"0\" allow=\"accelerometer; autoplay; clipboard-write; encrypted-media; gyroscope; picture-in-picture; web-share\" referrerpolicy=\"strict-origin-when-cross-origin\" allowfullscreen><\/iframe><\/p>\n<\/div>\n<div class=\"video video-fit mb\" style=\"padding-top:56.25%;\"><p>https:\/\/www.youtube.com\/watch?v=O8ZlzKEjfEQ%20<\/p>\n<\/div>\n<p><img data-recalc-dims=\"1\" loading=\"lazy\" decoding=\"async\" class=\"alignnone size-medium wp-image-2097\" src=\"https:\/\/i0.wp.com\/hortum.com.tr\/wp-content\/uploads\/urunler\/trelleborg\/Trelleborg-MULTIKLER-800x126.jpg?resize=800%2C126\" alt=\"\" width=\"800\" height=\"126\" title=\"\" srcset=\"https:\/\/i0.wp.com\/tuzlahortum.com.tr\/wp-content\/uploads\/urunler\/trelleborg\/Trelleborg-MULTIKLER.jpg?resize=800%2C126&amp;ssl=1 800w, https:\/\/i0.wp.com\/tuzlahortum.com.tr\/wp-content\/uploads\/urunler\/trelleborg\/Trelleborg-MULTIKLER.jpg?resize=768%2C121&amp;ssl=1 768w, https:\/\/i0.wp.com\/tuzlahortum.com.tr\/wp-content\/uploads\/urunler\/trelleborg\/Trelleborg-MULTIKLER.jpg?resize=600%2C95&amp;ssl=1 600w, https:\/\/i0.wp.com\/tuzlahortum.com.tr\/wp-content\/uploads\/urunler\/trelleborg\/Trelleborg-MULTIKLER.jpg?w=1025&amp;ssl=1 1025w\" sizes=\"auto, (max-width: 800px) 100vw, 800px\" \/><\/p>","protected":false},"excerpt":{"rendered":"<p>Trelleborg MULTIKLER Solventler\/Boyalar\/Cila ve Vernik Benzen, tol\u00fcen ve ksilen bazl\u0131 boyalar, lake, vernik ve belirli kimyasallar i\u00e7in bas\u0131n\u00e7l\u0131 hizmet\u00a0hatt\u0131. Ayr\u0131ca end\u00fcstriyel boya p\u00fcsk\u00fcrtme donan\u0131m\u0131. Avantajlar *Hortum kaplamas\u0131 a\u015f\u0131nma ve korozif kimyasallara kar\u015f\u0131 dayan\u0131kl\u0131d\u0131r. *Silikon i\u00e7ermez. *Antistatik i\u00e7 lastik. Teknik a\u00e7\u0131klama \u0130\u00e7 t\u00fcp :\u00a0solvent bazl\u0131 boyalara kar\u015f\u0131 dayan\u0131kl\u0131 NBR, siyah, d\u00fcz. Takviye :\u00a0sentetik tekstil. Kaplama :\u00a0ya\u011fa [&#8230;]\n","protected":false},"featured_media":2656,"comment_status":"open","ping_status":"closed","template":"","meta":{"jetpack_post_was_ever_published":false},"product_brand":[],"product_cat":[1169],"product_tag":[692,1172,1170,294,290,691,1171],"class_list":{"0":"post-898","1":"product","2":"type-product","3":"status-publish","4":"has-post-thumbnail","6":"product_cat-solvent-boya-cila-ve-vernik-hortumlari","7":"product_tag-boya","8":"product_tag-boya-puskurtme","9":"product_tag-cila","10":"product_tag-dayanikli","11":"product_tag-hortum","12":"product_tag-solvent","13":"product_tag-vernik","15":"first","16":"instock","17":"taxable","18":"shipping-taxable","19":"product-type-variable"},"jetpack-related-posts":[{"id":899,"url":"https:\/\/tuzlahortum.com.tr\/ar\/product\/trelleborg-solvykler\/","url_meta":{"origin":898,"position":0},"title":"\u062d\u0644 Trelleborg","author":"admin","date":"6 \u0641\u0628\u0631\u0627\u064a\u0631 2019","format":false,"excerpt":"Trelleborg SOLVYKLERSolventler\/Boyalar\/Cila ve Vernik Ester, keton, alkol bazl\u0131 boyalar ve bir\u00e7ok kimyasal i\u00e7in bas\u0131n\u00e7l\u0131 hizmet hatt\u0131. Avantajlar *Hortum kaplamas\u0131 korozif kimyasal s\u0131\u00e7ramas\u0131na kar\u015f\u0131 dayan\u0131kl\u0131d\u0131r. *Silikon i\u00e7ermez. *Hortum esnekli\u011fini geni\u015f bir s\u0131cakl\u0131k aral\u0131\u011f\u0131nda korur. *Antistatik i\u00e7 lastik. Teknik a\u00e7\u0131klama \u0130\u00e7 t\u00fcp :\u00a0kimyasal maddelere dayan\u0131kl\u0131 EPDM, siyah, d\u00fcz. Takviye :\u00a0sentetik tekstil. Kaplama\u2026","rel":"","context":"\u062a\u062f\u0648\u064a\u0646\u0629 \u0645\u0634\u0627\u0628\u0647\u0629","block_context":{"text":"\u062a\u062f\u0648\u064a\u0646\u0629 \u0645\u0634\u0627\u0628\u0647\u0629","link":""},"img":{"alt_text":"","src":"https:\/\/i0.wp.com\/tuzlahortum.com.tr\/wp-content\/uploads\/2019\/02\/SOLVYKLER.jpg?fit=800%2C800&ssl=1&resize=350%2C200","width":350,"height":200,"srcset":"https:\/\/i0.wp.com\/tuzlahortum.com.tr\/wp-content\/uploads\/2019\/02\/SOLVYKLER.jpg?fit=800%2C800&ssl=1&resize=350%2C200 1x, https:\/\/i0.wp.com\/tuzlahortum.com.tr\/wp-content\/uploads\/2019\/02\/SOLVYKLER.jpg?fit=800%2C800&ssl=1&resize=525%2C300 1.5x, https:\/\/i0.wp.com\/tuzlahortum.com.tr\/wp-content\/uploads\/2019\/02\/SOLVYKLER.jpg?fit=800%2C800&ssl=1&resize=700%2C400 2x"},"classes":[]},{"id":949,"url":"https:\/\/tuzlahortum.com.tr\/ar\/product\/trelleborg-polyoil\/","url_meta":{"origin":898,"position":1},"title":"\u062a\u0631\u064a\u0644\u0628\u0648\u0631\u062c \u0628\u0648\u0644\u064a \u0623\u0648\u064a\u0644","author":"admin","date":"6 \u0641\u0628\u0631\u0627\u064a\u0631 2019","format":false,"excerpt":"Trelleborg POLYOILYa\u011f ve petrol Petrol \u00fcr\u00fcnlerinin y\u00fcksek bas\u0131n\u00e7 alt\u0131nda ta\u015f\u0131nmas\u0131 ve d\u00fc\u015f\u00fck bas\u0131n\u00e7l\u0131 hidrolik tahrik sistemleri ve\u00a0ya\u011f d\u00f6n\u00fc\u015f\u00fc. Ayr\u0131ca, hafif ve a\u011f\u0131r petrol t\u00fcrevlerinin, kimyasallar\u0131n ve antifriz maddelerin, ya\u011f i\u00e7eren bas\u0131n\u00e7l\u0131 hava, end\u00fcstriyel alkalin ve tuzlu suyun ta\u015f\u0131nmas\u0131. Avantajlar *Eskime, atmosfer ko\u015fullar\u0131 ve ozona kar\u015f\u0131 m\u00fckemmel dayan\u0131m. *Bas\u0131nca kar\u015f\u0131 \u00e7ok\u2026","rel":"","context":"\u062a\u062f\u0648\u064a\u0646\u0629 \u0645\u0634\u0627\u0628\u0647\u0629","block_context":{"text":"\u062a\u062f\u0648\u064a\u0646\u0629 \u0645\u0634\u0627\u0628\u0647\u0629","link":""},"img":{"alt_text":"","src":"https:\/\/i0.wp.com\/tuzlahortum.com.tr\/wp-content\/uploads\/2019\/02\/POLYOIL.jpg?fit=800%2C800&ssl=1&resize=350%2C200","width":350,"height":200,"srcset":"https:\/\/i0.wp.com\/tuzlahortum.com.tr\/wp-content\/uploads\/2019\/02\/POLYOIL.jpg?fit=800%2C800&ssl=1&resize=350%2C200 1x, https:\/\/i0.wp.com\/tuzlahortum.com.tr\/wp-content\/uploads\/2019\/02\/POLYOIL.jpg?fit=800%2C800&ssl=1&resize=525%2C300 1.5x, https:\/\/i0.wp.com\/tuzlahortum.com.tr\/wp-content\/uploads\/2019\/02\/POLYOIL.jpg?fit=800%2C800&ssl=1&resize=700%2C400 2x"},"classes":[]},{"id":8095,"url":"https:\/\/tuzlahortum.com.tr\/ar\/product\/trelleborg-chemikler-upe\/","url_meta":{"origin":898,"position":2},"title":"Trelleborg CHEMIKLER-UPE","author":"\u0130smail \u00c7elik","date":"14 \u0645\u0627\u0631\u0633 2019","format":false,"excerpt":"Trelleborg CHEMIKLER-UPEKimyasal ve korozif \u00fcr\u00fcnler\/Transfer G\u00fc\u00e7l\u00fc asitler, y\u00fcksek aroma i\u00e7eri\u011fine sahip solventler, klorlanm\u0131\u015f veya oksijenlenmi\u015f solventler, aromatik hidrokarbonlar, vs. gibi korozif kimyasallar\u0131n t\u00fcm\u00fcn\u00fcn \u00e7ekilmesi ve tahliyesi. Karayolu ve demiryolu tankerleri, bo\u015faltma alanlar\u0131n\u0131n yan\u0131 s\u0131ra kimya tesisleri ve ilgili end\u00fcstrilerde kullan\u0131lan mobil ve sabit donan\u0131mlar i\u00e7indir. Avantajlar Geni\u015fi \u00e7e\u015fitlilikte kimyasallara uygun\u2026","rel":"","context":"\u062a\u062f\u0648\u064a\u0646\u0629 \u0645\u0634\u0627\u0628\u0647\u0629","block_context":{"text":"\u062a\u062f\u0648\u064a\u0646\u0629 \u0645\u0634\u0627\u0628\u0647\u0629","link":""},"img":{"alt_text":"","src":"https:\/\/i0.wp.com\/tuzlahortum.com.tr\/wp-content\/uploads\/2019\/02\/CHEMIKLER-UPE.jpg?fit=800%2C800&ssl=1&resize=350%2C200","width":350,"height":200,"srcset":"https:\/\/i0.wp.com\/tuzlahortum.com.tr\/wp-content\/uploads\/2019\/02\/CHEMIKLER-UPE.jpg?fit=800%2C800&ssl=1&resize=350%2C200 1x, https:\/\/i0.wp.com\/tuzlahortum.com.tr\/wp-content\/uploads\/2019\/02\/CHEMIKLER-UPE.jpg?fit=800%2C800&ssl=1&resize=525%2C300 1.5x, https:\/\/i0.wp.com\/tuzlahortum.com.tr\/wp-content\/uploads\/2019\/02\/CHEMIKLER-UPE.jpg?fit=800%2C800&ssl=1&resize=700%2C400 2x"},"classes":[]},{"id":632,"url":"https:\/\/tuzlahortum.com.tr\/ar\/product\/trelleborg-bioclean\/","url_meta":{"origin":898,"position":3},"title":"\u062a\u0631\u064a\u0644\u0628\u0648\u0631\u062c \u0628\u064a\u0648\u0643\u0644\u064a\u0646","author":"admin","date":"6 \u0641\u0628\u0631\u0627\u064a\u0631 2019","format":false,"excerpt":"Trelleborg BIOCLEANG\u0131da End\u00fcstrisi\/Temizlik \u00d6zellikle g\u0131da end\u00fcstrilerinde y\u00fcksek bas\u0131n\u00e7la temizleme Herhangi bir s\u0131v\u0131 g\u0131da maddesinin\u00a0ta\u015f\u0131nmas\u0131 i\u00e7in de kullan\u0131labilir. Avantajlar *Y\u00fcksek esneklik. *\u0130z b\u0131rakmayan kaplama. *G\u0131dada kullan\u0131ma uygun kalitede beyaz i\u00e7 lastik, ya\u011fa kar\u015f\u0131 dayan\u0131kl\u0131d\u0131r. * Kolay ve h\u0131zl\u0131 tan\u0131ma i\u00e7in k\u0131rm\u0131z\u0131 \u015ferit \u00fczerine markalama. *Ftalat i\u00e7ermez. Teknik a\u00e7\u0131klama \u0130\u00e7 t\u00fcp :\u00a0G\u0131daya\u2026","rel":"","context":"\u062a\u062f\u0648\u064a\u0646\u0629 \u0645\u0634\u0627\u0628\u0647\u0629","block_context":{"text":"\u062a\u062f\u0648\u064a\u0646\u0629 \u0645\u0634\u0627\u0628\u0647\u0629","link":""},"img":{"alt_text":"","src":"https:\/\/i0.wp.com\/tuzlahortum.com.tr\/wp-content\/uploads\/2019\/02\/BIOCLEAN.jpg?fit=800%2C800&ssl=1&resize=350%2C200","width":350,"height":200,"srcset":"https:\/\/i0.wp.com\/tuzlahortum.com.tr\/wp-content\/uploads\/2019\/02\/BIOCLEAN.jpg?fit=800%2C800&ssl=1&resize=350%2C200 1x, https:\/\/i0.wp.com\/tuzlahortum.com.tr\/wp-content\/uploads\/2019\/02\/BIOCLEAN.jpg?fit=800%2C800&ssl=1&resize=525%2C300 1.5x, https:\/\/i0.wp.com\/tuzlahortum.com.tr\/wp-content\/uploads\/2019\/02\/BIOCLEAN.jpg?fit=800%2C800&ssl=1&resize=700%2C400 2x"},"classes":[]},{"id":947,"url":"https:\/\/tuzlahortum.com.tr\/ar\/product\/trelleborg-hydroeco\/","url_meta":{"origin":898,"position":4},"title":"Trelleborg HYDRO&#039;ECO","author":"admin","date":"6 \u0641\u0628\u0631\u0627\u064a\u0631 2019","format":false,"excerpt":"Trelleborg HYDRO'ECOYa\u011f Otomotiv uygulamalar\u0131nda, dizel, kur\u015funlu ve kur\u015funsuz petrol, RMA (\u00e7evre dostu benzin) i\u00e7in %50'nin \u00fczerinde aromatik i\u00e7eri\u011fe kar\u015f\u0131 diren\u00e7li bas\u0131n\u00e7l\u0131 hortum. Hidrolik sistemlerde ya\u011f ve gres d\u00f6n\u00fc\u015f hatlar\u0131. Ya\u011f, gres ve su kullan\u0131lan di\u011fer uygulamalar i\u00e7in de uygundur. Avantajlar *\u00d6zel ya\u011fa ve petrole dayan\u0131kl\u0131 i\u00e7 lastik. *M\u00fckemmel b\u00fckme yar\u0131\u00e7ap\u0131.\u2026","rel":"","context":"\u062a\u062f\u0648\u064a\u0646\u0629 \u0645\u0634\u0627\u0628\u0647\u0629","block_context":{"text":"\u062a\u062f\u0648\u064a\u0646\u0629 \u0645\u0634\u0627\u0628\u0647\u0629","link":""},"img":{"alt_text":"","src":"https:\/\/i0.wp.com\/tuzlahortum.com.tr\/wp-content\/uploads\/2019\/02\/HYDROECO.jpg?fit=800%2C800&ssl=1&resize=350%2C200","width":350,"height":200,"srcset":"https:\/\/i0.wp.com\/tuzlahortum.com.tr\/wp-content\/uploads\/2019\/02\/HYDROECO.jpg?fit=800%2C800&ssl=1&resize=350%2C200 1x, https:\/\/i0.wp.com\/tuzlahortum.com.tr\/wp-content\/uploads\/2019\/02\/HYDROECO.jpg?fit=800%2C800&ssl=1&resize=525%2C300 1.5x, https:\/\/i0.wp.com\/tuzlahortum.com.tr\/wp-content\/uploads\/2019\/02\/HYDROECO.jpg?fit=800%2C800&ssl=1&resize=700%2C400 2x"},"classes":[]},{"id":948,"url":"https:\/\/tuzlahortum.com.tr\/ar\/product\/trelleborg-hydrok\/","url_meta":{"origin":898,"position":5},"title":"\u062a\u0631\u064a\u0644\u0628\u0648\u0631\u062c \u0647\u0627\u064a\u062f\u0631\u0648\u0643","author":"admin","date":"6 \u0641\u0628\u0631\u0627\u064a\u0631 2019","format":false,"excerpt":"Trelleborg HYDRO'KYa\u011f ve petrol End\u00fcstriyel kullan\u0131ma y\u00f6nelik \u00e7ok ama\u00e7l\u0131 hortum Dizel ya\u011f\u0131, mineral ya\u011f ve aromatik i\u00e7eri\u011fi \u2264%50 olan gres i\u00e7indir. Hidrolik sistem ve tar\u0131m makinelerinde d\u00f6n\u00fc\u015f hortumu. Deniz suyu (motor so\u011futma) ve sulu\u00a0\u00e7\u00f6zeltiler. Ya\u011f, su, bas\u0131n\u00e7l\u0131 hava, gres, vs. i\u00e7in \u00e7ok ama\u00e7l\u0131 hortum. Avantajlar *Stok ihtiyac\u0131n\u0131 en aza indirgeyen\u2026","rel":"","context":"\u062a\u062f\u0648\u064a\u0646\u0629 \u0645\u0634\u0627\u0628\u0647\u0629","block_context":{"text":"\u062a\u062f\u0648\u064a\u0646\u0629 \u0645\u0634\u0627\u0628\u0647\u0629","link":""},"img":{"alt_text":"","src":"https:\/\/i0.wp.com\/tuzlahortum.com.tr\/wp-content\/uploads\/2019\/02\/HYDROK.jpg?fit=800%2C800&ssl=1&resize=350%2C200","width":350,"height":200,"srcset":"https:\/\/i0.wp.com\/tuzlahortum.com.tr\/wp-content\/uploads\/2019\/02\/HYDROK.jpg?fit=800%2C800&ssl=1&resize=350%2C200 1x, https:\/\/i0.wp.com\/tuzlahortum.com.tr\/wp-content\/uploads\/2019\/02\/HYDROK.jpg?fit=800%2C800&ssl=1&resize=525%2C300 1.5x, https:\/\/i0.wp.com\/tuzlahortum.com.tr\/wp-content\/uploads\/2019\/02\/HYDROK.jpg?fit=800%2C800&ssl=1&resize=700%2C400 2x"},"classes":[]}],"jetpack_sharing_enabled":true,"jetpack_likes_enabled":true,"_links":{"self":[{"href":"https:\/\/tuzlahortum.com.tr\/ar\/wp-json\/wp\/v2\/product\/898","targetHints":{"allow":["GET"]}}],"collection":[{"href":"https:\/\/tuzlahortum.com.tr\/ar\/wp-json\/wp\/v2\/product"}],"about":[{"href":"https:\/\/tuzlahortum.com.tr\/ar\/wp-json\/wp\/v2\/types\/product"}],"replies":[{"embeddable":true,"href":"https:\/\/tuzlahortum.com.tr\/ar\/wp-json\/wp\/v2\/comments?post=898"}],"wp:featuredmedia":[{"embeddable":true,"href":"https:\/\/tuzlahortum.com.tr\/ar\/wp-json\/wp\/v2\/media\/2656"}],"wp:attachment":[{"href":"https:\/\/tuzlahortum.com.tr\/ar\/wp-json\/wp\/v2\/media?parent=898"}],"wp:term":[{"taxonomy":"product_brand","embeddable":true,"href":"https:\/\/tuzlahortum.com.tr\/ar\/wp-json\/wp\/v2\/product_brand?post=898"},{"taxonomy":"product_cat","embeddable":true,"href":"https:\/\/tuzlahortum.com.tr\/ar\/wp-json\/wp\/v2\/product_cat?post=898"},{"taxonomy":"product_tag","embeddable":true,"href":"https:\/\/tuzlahortum.com.tr\/ar\/wp-json\/wp\/v2\/product_tag?post=898"}],"curies":[{"name":"\u062f\u0628\u0644\u064a\u0648 \u0628\u064a","href":"https:\/\/api.w.org\/{rel}","templated":true}]}}