{"id":897,"date":"2019-02-06T23:55:25","date_gmt":"2019-02-06T20:55:25","guid":{"rendered":"http:\/\/hortum.com.tr\/product\/import-placeholder-for-490\/"},"modified":"2024-03-21T17:41:03","modified_gmt":"2024-03-21T14:41:03","slug":"trelleborg-breathing-hose-en-14593","status":"publish","type":"product","link":"https:\/\/tuzlahortum.com.tr\/ar\/product\/trelleborg-breathing-hose-en-14593\/","title":{"rendered":"\u062a\u0631\u064a\u0644\u0628\u0648\u0631\u062c \u062e\u0631\u0637\u0648\u0645 \u0627\u0644\u062a\u0646\u0641\u0633 EN 14593"},"content":{"rendered":"<h2>\u062a\u0631\u064a\u0644\u0628\u0648\u0631\u062c \u062e\u0631\u0637\u0648\u0645 \u0627\u0644\u062a\u0646\u0641\u0633 EN 14593<\/h2>\n<p>\u0627\u0644\u0647\u0648\u0627\u0621 \u0641\u064a \u0627\u0644\u062a\u0646\u0641\u0633<\/p>\n<p>\u062e\u0637 \u0625\u0645\u062f\u0627\u062f \u0644\u0623\u0642\u0646\u0639\u0629 \u062a\u0646\u0641\u0633 \u0627\u0644\u0647\u0648\u0627\u0621 \u0627\u0644\u0646\u0642\u064a \u0648\u0625\u0645\u062f\u0627\u062f \u0627\u0644\u0647\u0648\u0627\u0621 \u0627\u0644\u0645\u0636\u063a\u0648\u0637.<\/p>\n<p>\u0645\u0632\u0627\u064a\u0627<\/p>\n<p>* \u0622\u0645\u0646 \u0648\u0642\u0648\u064a.<\/p>\n<p>* \u0645\u0642\u0627\u0648\u0645\u0629 \u062f\u0631\u062c\u0627\u062a \u0627\u0644\u062d\u0631\u0627\u0631\u0629 \u0627\u0644\u0639\u0627\u0644\u064a\u0629.<\/p>\n<p>* \u0645\u0631\u0648\u0646\u0629 \u0639\u0627\u0644\u064a\u0629.<\/p>\n<p>* \u0637\u0644\u0627\u0621 \u0645\u0642\u0627\u0648\u0645 \u0644\u0644\u062a\u0622\u0643\u0644.<\/p>\n<p>* \u0627\u0644\u0627\u0633\u062a\u0627\u062a\u064a\u0643\u064a\u0647.<\/p>\n<p>* EN 14593\/14594 \u0645\u0639\u062a\u0645\u062f.<\/p>\n<p>\u0627\u0644\u0648\u0635\u0641 \u0627\u0644\u0641\u0646\u064a<\/p>\n<p>\u0627\u0644\u0623\u0646\u0628\u0648\u0628 \u0627\u0644\u062f\u0627\u062e\u0644\u064a: EPDM \u060c \u0623\u0633\u0648\u062f \u060c \u0645\u0633\u062a\u0642\u064a\u0645.<\/p>\n<p>\u0627\u0644\u062a\u0639\u0632\u064a\u0632: \u0623\u0631\u0627\u0645\u064a\u062f \u060c \u062c\u062f\u064a\u0644\u0629.<\/p>\n<p>\u0637\u0644\u0627\u0621: EPDM \u060c \u0639\u0627\u062f\u064a \u060c \u0623\u0633\u0648\u062f \u0644\u0645\u0639\u0631\u0641 7.2 \u0648 9.5 \u0645\u0644\u0645 \u060c \u0623\u062e\u0636\u0631 \u0644\u0645\u0639\u0631\u0641 20 \u0645\u0644\u0645.<\/p>\n<p>\u0646\u0637\u0627\u0642 \u062f\u0631\u062c\u0629 \u0627\u0644\u062d\u0631\u0627\u0631\u0629: -40 \u062f\u0631\u062c\u0629 \u0645\u0626\u0648\u064a\u0629 \u0625\u0644\u0649 + 120 \u062f\u0631\u062c\u0629 \u0645\u0626\u0648\u064a\u0629.<\/p>\n<p>\u0627\u0644\u062e\u0648\u0627\u0635 \u0627\u0644\u0643\u0647\u0631\u0628\u0627\u0626\u064a\u0629: \u0623\u0646\u0628\u0648\u0628 \u062f\u0627\u062e\u0644\u064a \u0648\u0628\u0637\u0627\u0646\u0629 \u0645\u0648\u0635\u0644\u0629 \u060c<\/p>\n<p>103\u03a9 \/ \u0645 &lt;R&lt;108\u03a9\/m.<\/p>\n<p>\u0627\u0644\u0645\u0639\u064a\u0627\u0631 \/ \u0627\u0644\u0645\u0648\u0627\u0641\u0642\u0629: EN 14593\/14594.<\/p>\n<div class=\"video video-fit mb\" style=\"padding-top:56.25%;\"><p><iframe loading=\"lazy\" title=\"\u0627\u0631\u062a\u0628\u0627\u0643 \u0627\u0644\u0642\u064a\u0627\u0633 (\u0628\u0648\u0635\u0629\u060c \u0625\u0635\u0628\u0639\u060c \u0636\u0628\u0627\u0628\u060c \u0645\u0644\u0644\u064a\u0645\u062a\u0631)\" width=\"1020\" height=\"574\" src=\"https:\/\/www.youtube.com\/embed\/uKk6AG_AZls?feature=oembed\" frameborder=\"0\" allow=\"accelerometer; autoplay; clipboard-write; encrypted-media; gyroscope; picture-in-picture; web-share\" referrerpolicy=\"strict-origin-when-cross-origin\" allowfullscreen><\/iframe><\/p>\n<\/div>\n<div class=\"video video-fit mb\" style=\"padding-top:56.25%;\"><p>https:\/\/www.youtube.com\/watch?v=O8ZlzKEjfEQ%20<\/p>\n<\/div>\n<p><img data-recalc-dims=\"1\" loading=\"lazy\" decoding=\"async\" class=\"alignnone size-medium wp-image-2129\" src=\"https:\/\/i0.wp.com\/hortum.com.tr\/wp-content\/uploads\/urunler\/trelleborg\/Trelleborg-BREATHING-HOSE-EN-14593-800x94.jpg?resize=800%2C94\" alt=\"\" width=\"800\" height=\"94\" title=\"\" srcset=\"https:\/\/i0.wp.com\/tuzlahortum.com.tr\/wp-content\/uploads\/urunler\/trelleborg\/Trelleborg-BREATHING-HOSE-EN-14593.jpg?resize=800%2C94&amp;ssl=1 800w, https:\/\/i0.wp.com\/tuzlahortum.com.tr\/wp-content\/uploads\/urunler\/trelleborg\/Trelleborg-BREATHING-HOSE-EN-14593.jpg?resize=768%2C90&amp;ssl=1 768w, https:\/\/i0.wp.com\/tuzlahortum.com.tr\/wp-content\/uploads\/urunler\/trelleborg\/Trelleborg-BREATHING-HOSE-EN-14593.jpg?resize=600%2C71&amp;ssl=1 600w, https:\/\/i0.wp.com\/tuzlahortum.com.tr\/wp-content\/uploads\/urunler\/trelleborg\/Trelleborg-BREATHING-HOSE-EN-14593.jpg?w=1021&amp;ssl=1 1021w\" sizes=\"auto, (max-width: 800px) 100vw, 800px\" \/><\/p>","protected":false},"excerpt":{"rendered":"<p>Trelleborg BREATHING HOSE EN 14593 Soluma havas\u0131 Taze hava soluma maskeleri ve bas\u0131n\u00e7l\u0131 hava beslemesi i\u00e7in besleme hatt\u0131. Avantajlar *G\u00fcvenli ve sa\u011flam. *Y\u00fcksek s\u0131cakl\u0131k dayan\u0131m\u0131. *Y\u00fcksek esneklik. *A\u015f\u0131nmaya dayan\u0131kl\u0131 kaplama. *Antistatik. *EN 14593\/14594 onayl\u0131. Teknik a\u00e7\u0131klama \u0130\u00e7 t\u00fcp :\u00a0EPDM, siyah, d\u00fcz. Takviye :\u00a0aramid, \u00f6rg\u00fc. Kaplama :\u00a0EPDM, d\u00fcz, 7.2 ve 9.5mm \u0130\u00c7 i\u00e7in siyah, 20mm \u0130\u00c7 [&#8230;]\n","protected":false},"featured_media":2628,"comment_status":"open","ping_status":"closed","template":"","meta":{"jetpack_post_was_ever_published":false},"product_brand":[],"product_cat":[181],"product_tag":[290,1168],"class_list":{"0":"post-897","1":"product","2":"type-product","3":"status-publish","4":"has-post-thumbnail","6":"product_cat-soluma-havasi-hortumu","7":"product_tag-hortum","8":"product_tag-soluma","10":"first","11":"instock","12":"taxable","13":"shipping-taxable","14":"product-type-variable"},"jetpack-related-posts":[],"jetpack_sharing_enabled":true,"jetpack_likes_enabled":true,"_links":{"self":[{"href":"https:\/\/tuzlahortum.com.tr\/ar\/wp-json\/wp\/v2\/product\/897","targetHints":{"allow":["GET"]}}],"collection":[{"href":"https:\/\/tuzlahortum.com.tr\/ar\/wp-json\/wp\/v2\/product"}],"about":[{"href":"https:\/\/tuzlahortum.com.tr\/ar\/wp-json\/wp\/v2\/types\/product"}],"replies":[{"embeddable":true,"href":"https:\/\/tuzlahortum.com.tr\/ar\/wp-json\/wp\/v2\/comments?post=897"}],"wp:featuredmedia":[{"embeddable":true,"href":"https:\/\/tuzlahortum.com.tr\/ar\/wp-json\/wp\/v2\/media\/2628"}],"wp:attachment":[{"href":"https:\/\/tuzlahortum.com.tr\/ar\/wp-json\/wp\/v2\/media?parent=897"}],"wp:term":[{"taxonomy":"product_brand","embeddable":true,"href":"https:\/\/tuzlahortum.com.tr\/ar\/wp-json\/wp\/v2\/product_brand?post=897"},{"taxonomy":"product_cat","embeddable":true,"href":"https:\/\/tuzlahortum.com.tr\/ar\/wp-json\/wp\/v2\/product_cat?post=897"},{"taxonomy":"product_tag","embeddable":true,"href":"https:\/\/tuzlahortum.com.tr\/ar\/wp-json\/wp\/v2\/product_tag?post=897"}],"curies":[{"name":"\u062f\u0628\u0644\u064a\u0648 \u0628\u064a","href":"https:\/\/api.w.org\/{rel}","templated":true}]}}