{"id":8960,"date":"2019-03-27T13:27:14","date_gmt":"2019-03-27T10:27:14","guid":{"rendered":"https:\/\/tuzlahortum.com.tr\/?post_type=product&#038;p=8960"},"modified":"2024-03-21T17:38:32","modified_gmt":"2024-03-21T14:38:32","slug":"sisme-para-hortumu","status":"publish","type":"product","link":"https:\/\/tuzlahortum.com.tr\/ar\/product\/sisme-para-hortumu\/","title":{"rendered":"\u0646\u0641\u062e \u062e\u0631\u0637\u0648\u0645 \u0627\u0644\u0645\u0627\u0644"},"content":{"rendered":"<h2>\u0646\u0641\u062e \u062e\u0631\u0637\u0648\u0645 \u0627\u0644\u0645\u0627\u0644<\/h2>\n<p>-30 \u062f\u0631\u062c\u0629 \u0645\u0626\u0648\u064a\u0629 + 85 \u062f\u0631\u062c\u0629 \u0645\u0626\u0648\u064a\u0629<br \/>\n\u062e\u0631\u0627\u0637\u064a\u0645 \u0639\u0645\u0648\u062f \u0627\u0644\u0647\u0648\u0627\u0621 \u060c \u0648\u0639\u0627\u062f\u0629 \u0645\u0627 \u062a\u0643\u0648\u0646 \u0642\u0637\u0639 \u063a\u064a\u0627\u0631 \u0644\u0644\u0622\u0644\u0627\u062a \u0641\u064a \u0635\u0646\u0627\u0639\u0629 \u0627\u0644\u0637\u0628\u0627\u0639\u0629 \u0648\u0627\u0644\u0645\u0646\u0633\u0648\u062c\u0627\u062a<br \/>\n\u064a\u062a\u0645 \u0627\u0633\u062a\u062e\u062f\u0627\u0645\u0647 \u0644\u0632\u064a\u0627\u062f\u0629 \u062d\u0631\u0643\u0629 \u0627\u0644\u0623\u0639\u0645\u062f\u0629.<\/p>\n<p>&nbsp;<\/p>\n<div class=\"video video-fit mb\" style=\"padding-top:56.25%;\"><p><iframe loading=\"lazy\" title=\"\u0627\u0631\u062a\u0628\u0627\u0643 \u0627\u0644\u0642\u064a\u0627\u0633 (\u0628\u0648\u0635\u0629\u060c \u0625\u0635\u0628\u0639\u060c \u0636\u0628\u0627\u0628\u060c \u0645\u0644\u0644\u064a\u0645\u062a\u0631)\" width=\"1020\" height=\"574\" src=\"https:\/\/www.youtube.com\/embed\/uKk6AG_AZls?feature=oembed\" frameborder=\"0\" allow=\"accelerometer; autoplay; clipboard-write; encrypted-media; gyroscope; picture-in-picture; web-share\" referrerpolicy=\"strict-origin-when-cross-origin\" allowfullscreen><\/iframe><\/p>\n<\/div>","protected":false},"excerpt":{"rendered":"<p>\u015ei\u015fme Para Hortumu -30\u00b0C +85\u00b0C Haval\u0131 mil hortumlar\u0131, genellikle matbaa ve tekstil sekt\u00f6r\u00fcnde makinalarda yedek par\u00e7a olarak millerin hareket kabiliyetini artt\u0131rmas\u0131nda kullan\u0131lmaktad\u0131r. &nbsp;<\/p>","protected":false},"featured_media":8979,"comment_status":"open","ping_status":"closed","template":"","meta":{"jetpack_post_was_ever_published":false},"product_brand":[],"product_cat":[162],"product_tag":[2161,1119,2238,2239,937,491,2299,938,2300,908],"class_list":{"0":"post-8960","1":"product","2":"type-product","3":"status-publish","4":"has-post-thumbnail","6":"product_cat-kumlama-hortumlari","7":"product_tag-bosaltim","8":"product_tag-emis","9":"product_tag-havali-mil","10":"product_tag-havali-mil-hortumlari","11":"product_tag-kumlama-hortumu","12":"product_tag-matbaa","13":"product_tag-para-hortumu","14":"product_tag-raspa-hortumu","15":"product_tag-sisme-para-hortumu","16":"product_tag-tekstil","18":"first","19":"instock","20":"taxable","21":"shipping-taxable","22":"product-type-variable"},"jetpack-related-posts":[],"jetpack_sharing_enabled":true,"jetpack_likes_enabled":true,"_links":{"self":[{"href":"https:\/\/tuzlahortum.com.tr\/ar\/wp-json\/wp\/v2\/product\/8960","targetHints":{"allow":["GET"]}}],"collection":[{"href":"https:\/\/tuzlahortum.com.tr\/ar\/wp-json\/wp\/v2\/product"}],"about":[{"href":"https:\/\/tuzlahortum.com.tr\/ar\/wp-json\/wp\/v2\/types\/product"}],"replies":[{"embeddable":true,"href":"https:\/\/tuzlahortum.com.tr\/ar\/wp-json\/wp\/v2\/comments?post=8960"}],"wp:featuredmedia":[{"embeddable":true,"href":"https:\/\/tuzlahortum.com.tr\/ar\/wp-json\/wp\/v2\/media\/8979"}],"wp:attachment":[{"href":"https:\/\/tuzlahortum.com.tr\/ar\/wp-json\/wp\/v2\/media?parent=8960"}],"wp:term":[{"taxonomy":"product_brand","embeddable":true,"href":"https:\/\/tuzlahortum.com.tr\/ar\/wp-json\/wp\/v2\/product_brand?post=8960"},{"taxonomy":"product_cat","embeddable":true,"href":"https:\/\/tuzlahortum.com.tr\/ar\/wp-json\/wp\/v2\/product_cat?post=8960"},{"taxonomy":"product_tag","embeddable":true,"href":"https:\/\/tuzlahortum.com.tr\/ar\/wp-json\/wp\/v2\/product_tag?post=8960"}],"curies":[{"name":"\u062f\u0628\u0644\u064a\u0648 \u0628\u064a","href":"https:\/\/api.w.org\/{rel}","templated":true}]}}