{"id":893,"date":"2019-02-06T23:55:25","date_gmt":"2019-02-06T20:55:25","guid":{"rendered":"http:\/\/hortum.com.tr\/product\/import-placeholder-for-559\/"},"modified":"2024-03-21T17:41:07","modified_gmt":"2024-03-21T14:41:07","slug":"silikon-hortum","status":"publish","type":"product","link":"https:\/\/tuzlahortum.com.tr\/ar\/product\/silikon-hortum\/","title":{"rendered":"\u062e\u0631\u0637\u0648\u0645 \u0633\u064a\u0644\u064a\u0643\u0648\u0646"},"content":{"rendered":"<h2>\u062e\u0631\u0637\u0648\u0645 \u0633\u064a\u0644\u064a\u0643\u0648\u0646<\/h2>\n<p>\u0646\u0638\u0631\u064b\u0627 \u0644\u0623\u0646 \u0627\u0644\u062e\u0631\u0627\u0637\u064a\u0645 \u0645\u0635\u0646\u0648\u0639\u0629 \u0645\u0646 \u0627\u0644\u0633\u064a\u0644\u064a\u0643\u0648\u0646 \u060c \u0641\u0625\u0646\u0647\u0627 \u0644\u0627 \u062a\u0633\u0628\u0628 \u0627\u0644\u0643\u0633\u0631 \u0628\u063a\u0636 \u0627\u0644\u0646\u0638\u0631 \u0639\u0646 \u0645\u0642\u062f\u0627\u0631 \u062b\u0646\u064a\u0647\u0627 \u0623\u0648 \u0645\u062f\u0649 \u062b\u0646\u064a\u0647\u0627.<\/p>\n<p>\u064a\u0645\u0646\u0639 \u0645\u0631\u0648\u0631 \u0627\u0644\u0633\u0648\u0627\u0626\u0644 \u0623\u0648 \u0627\u0644\u063a\u0627\u0632\u0627\u062a \u0623\u0648 \u0627\u0644\u0645\u0648\u0627\u062f \u0627\u0644\u0645\u0645\u0627\u062b\u0644\u0629 \u0641\u064a \u0627\u0644\u062e\u0631\u0637\u0648\u0645. \u0628\u0647\u0630\u0647 \u0627\u0644\u0637\u0631\u064a\u0642\u0629 \u060c \u0623\u0643\u062b\u0631 \u0645\u062c\u0627\u0644\u0627\u062a \u0627\u0644\u0627\u0633\u062a\u062e\u062f\u0627\u0645 \u0634\u064a\u0648\u0639\u064b\u0627<\/p>\n<p>\u0641\u064a \u062d\u0627\u0644\u0627\u062a \u0645\u062b\u0644 \u0631\u064a \u0627\u0644\u062d\u062f\u0627\u0626\u0642 \u0623\u0648 \u062a\u062f\u0641\u0642 \u0627\u0644\u063a\u0627\u0632 \u0623\u0648 \u0646\u0642\u0644 \u0627\u0644\u0633\u0648\u0627\u0626\u0644 \u060c \u0644\u0627 \u062a\u0646\u0643\u0633\u0631 \u0627\u0644\u062a\u062d\u0648\u0644\u0627\u062a \u062d\u062a\u0649 \u0625\u0630\u0627 \u0643\u0627\u0646\u062a \u062e\u0631\u0627\u0637\u064a\u0645 \u0627\u0644\u0633\u064a\u0644\u064a\u0643\u0648\u0646 \u0645\u062b\u0646\u064a\u0629.<\/p>\n<p>\u064a\u0633\u062a\u0645\u0631 \u0641\u064a \u0627\u0644\u062a\u062f\u0641\u0642. \u062e\u0631\u0627\u0637\u064a\u0645 \u0627\u0644\u0633\u064a\u0644\u064a\u0643\u0648\u0646 \u060c \u062e\u0627\u0635\u0629 \u0641\u064a \u0627\u0644\u0628\u0646\u0627\u0621 \u0648\u0641\u064a \u0645\u0646\u0627\u0637\u0642 \u0645\u062b\u0644 \u0631\u064a \u0627\u0644\u062d\u062f\u0627\u0626\u0642<\/p>\n<p>\u0643\u062b\u064a\u0631\u064b\u0627 \u0645\u0627 \u064a\u064f\u0641\u0636\u0644 \u0648\u064a\u0633\u062a\u0645\u0631 \u0641\u064a \u0627\u0644\u0627\u0646\u062a\u0634\u0627\u0631 \u0639\u0644\u0649 \u0646\u0637\u0627\u0642 \u0648\u0627\u0633\u0639 \u0641\u064a \u0627\u0644\u0627\u0633\u062a\u062e\u062f\u0627\u0645 \u0627\u0644\u064a\u0648\u0645\u064a. \u062a\u0633\u062a\u062e\u062f\u0645 \u062e\u0631\u0627\u0637\u064a\u0645 \u0627\u0644\u0633\u064a\u0644\u064a\u0643\u0648\u0646 \u0641\u064a \u0643\u0644 \u0645\u0646 \u0627\u0644\u0645\u0646\u0627\u0637\u0642 \u0627\u0644\u0645\u0641\u062a\u0648\u062d\u0629 \u0648<\/p>\n<p>\u0648\u0645\u0639 \u0630\u0644\u0643 \u060c \u0641\u0647\u0648 \u062c\u0627\u0647\u0632 \u0644\u0644\u0627\u0633\u062a\u062e\u062f\u0627\u0645 \u0628\u0637\u0631\u064a\u0642\u0629 \u062a\u0645\u0643\u0646\u0647 \u0645\u0646 \u0627\u0644\u0645\u0631\u0648\u0631 \u062a\u062d\u062a \u0627\u0644\u0623\u0631\u0636.<\/p>\n<table width=\"493\">\n<tbody>\n<tr>\n<td colspan=\"2\" width=\"493\">\u0645\u0648\u0627\u0635\u0641\u0627\u062a \u0627\u0644\u0645\u0646\u062a\u062c<\/td>\n<\/tr>\n<tr>\n<td>\u0642\u0648\u0629 \u0627\u0644\u0634\u062f<\/td>\n<td width=\"236\">105<\/td>\n<\/tr>\n<tr>\n<td><\/td>\n<td width=\"236\"><\/td>\n<\/tr>\n<tr>\n<td>\u0627\u0644\u0645\u0642\u0627\u0648\u0645\u0629 \u0627\u0644\u0645\u0633\u064a\u0644 \u0644\u0644\u062f\u0645\u0648\u0639<\/td>\n<td width=\"236\">\u0633\u064a\u0621<\/td>\n<\/tr>\n<tr>\n<td>\u0627\u0631\u062a\u062f\u0627\u0621 \u0627\u0644\u0645\u0642\u0627\u0648\u0645\u0629<\/td>\n<td width=\"236\">\u0633\u064a\u0621<\/td>\n<\/tr>\n<tr>\n<td>\u0645\u0642\u0627\u0648\u0645\u0629 \u0627\u0644\u0623\u0648\u0632\u0648\u0646<\/td>\n<td width=\"236\">\u062c\u064a\u062f \u062c\u062f\u0627<\/td>\n<\/tr>\n<tr>\n<td>\u062a\u062d\u0645\u0644 \u0627\u0644\u0643\u062d\u0648\u0644<\/td>\n<td width=\"236\">\u0648\u0633\u0637<\/td>\n<\/tr>\n<tr>\n<td>\u0645\u0642\u0627\u0648\u0645\u0629 \u0627\u0644\u0623\u062d\u0645\u0627\u0636 \u0627\u0644\u0645\u062e\u0641\u0641\u0629<\/td>\n<td width=\"236\">\u062c\u064a\u062f \u062c\u062f\u0627<\/td>\n<\/tr>\n<tr>\n<td>\u0645\u0642\u0627\u0648\u0645\u0629 \u0627\u0644\u0623\u062d\u0645\u0627\u0636 \u0627\u0644\u0645\u0631\u0643\u0632\u0629<\/td>\n<td width=\"236\">\u062d\u0633\u0646<\/td>\n<\/tr>\n<tr>\n<td>\u0645\u0642\u0627\u0648\u0645\u0629 \u0627\u0644\u0632\u064a\u0648\u062a \u0627\u0644\u062d\u064a\u0648\u0627\u0646\u064a\u0629 \u0648\u0627\u0644\u0646\u0628\u0627\u062a\u064a\u0629<\/td>\n<td width=\"236\">\u062d\u0633\u0646<\/td>\n<\/tr>\n<tr>\n<td>\u062f\u0631\u062c\u0629 \u062d\u0631\u0627\u0631\u0629 \u0627\u0644\u062a\u0634\u063a\u064a\u0644<\/td>\n<td width=\"236\">-60 \u062f\u0631\u062c\u0629 \u0645\u0626\u0648\u064a\u0629 \u0625\u0644\u0649 180 \u062f\u0631\u062c\u0629 \u0645\u0626\u0648\u064a\u0629<\/td>\n<\/tr>\n<\/tbody>\n<\/table>\n<div class=\"video video-fit mb\" style=\"padding-top:56.25%;\"><p><iframe loading=\"lazy\" title=\"\u0627\u0631\u062a\u0628\u0627\u0643 \u0627\u0644\u0642\u064a\u0627\u0633 (\u0628\u0648\u0635\u0629\u060c \u0625\u0635\u0628\u0639\u060c \u0636\u0628\u0627\u0628\u060c \u0645\u0644\u0644\u064a\u0645\u062a\u0631)\" width=\"1020\" height=\"574\" src=\"https:\/\/www.youtube.com\/embed\/uKk6AG_AZls?feature=oembed\" frameborder=\"0\" allow=\"accelerometer; autoplay; clipboard-write; encrypted-media; gyroscope; picture-in-picture; web-share\" referrerpolicy=\"strict-origin-when-cross-origin\" allowfullscreen><\/iframe><\/p>\n<\/div>","protected":false},"excerpt":{"rendered":"<p>Silikon Hortum Hortumlar silikondan yap\u0131ld\u0131\u011f\u0131 i\u00e7in ne kadar k\u0131v\u0131r\u0131rsak ya da ne derecede b\u00fckersek b\u00fckelim k\u0131r\u0131lmaya sebep olmamaktad\u0131r. Hortum i\u00e7erisinde bulunan s\u0131v\u0131, gaz ya da benzeri maddenin ge\u00e7i\u015fini engellemektedir. Bu sayede en s\u0131k kullan\u0131m alanlar\u0131 olan bah\u00e7e sulama, gaz ak\u0131\u015flar\u0131 ya da s\u0131v\u0131 aktar\u0131mlar\u0131 gibi durumlarda ge\u00e7i\u015fler silikon hortumlar b\u00fck\u00fclse dahi k\u0131r\u0131lma olmamas\u0131ndan dolay\u0131 ak\u0131\u015f\u0131na [&#8230;]\n","protected":false},"featured_media":8167,"comment_status":"open","ping_status":"closed","template":"","meta":{"jetpack_post_was_ever_published":false},"product_brand":[],"product_cat":[171],"product_tag":[290,1167],"class_list":{"0":"post-893","1":"product","2":"type-product","3":"status-publish","4":"has-post-thumbnail","6":"product_cat-silikon-hortumlari","7":"product_tag-hortum","8":"product_tag-silikon","10":"first","11":"instock","12":"featured","13":"taxable","14":"shipping-taxable","15":"product-type-variable"},"jetpack-related-posts":[{"id":21728,"url":"https:\/\/tuzlahortum.com.tr\/ar\/product\/sirocco\/","url_meta":{"origin":893,"position":0},"title":"\u0633\u064a\u0631\u0648\u0643\u0648","author":"admin","date":"11 \u0623\u063a\u0633\u0637\u0633 2025","format":false,"excerpt":"\u00a0 \u00dcr\u00fcn Ad\u0131: SIROCCO \u00dcr\u00fcn Kodu: SD950 Silikon So\u011futma Kullanim Alan\u0131 : Deniz ara\u00e7lar\u0131n\u0131n so\u011futma sistemlerinde, y\u00fcksek performans ve ekstra esneklik gerektiren \u00e7ok y\u00fcksek s\u0131cakl\u0131ktaki egzoz gazlar\u0131n\u0131n ve deniz suyunun ta\u015f\u0131nmas\u0131 i\u00e7in. Alt Katman : Deniz Suyuna, Antifriz Kar\u0131\u015f\u0131ml\u0131 Suya, Mineral Ya\u011flara Dayan\u0131kl\u0131 D\u00fcz Silikon. Takviye Katman\u0131 : Y\u00fcksek Mukavemetli\u2026","rel":"","context":"\u062a\u062f\u0648\u064a\u0646\u0629 \u0645\u0634\u0627\u0628\u0647\u0629","block_context":{"text":"\u062a\u062f\u0648\u064a\u0646\u0629 \u0645\u0634\u0627\u0628\u0647\u0629","link":""},"img":{"alt_text":"","src":"https:\/\/i0.wp.com\/tuzlahortum.com.tr\/wp-content\/uploads\/2025\/08\/sirocco-p.png?fit=513%2C513&ssl=1&resize=350%2C200","width":350,"height":200},"classes":[]},{"id":21731,"url":"https:\/\/tuzlahortum.com.tr\/ar\/product\/sirocco-sd\/","url_meta":{"origin":893,"position":1},"title":"\u0633\u064a\u0631\u0648\u0643\u0648 - SD","author":"admin","date":"11 \u0623\u063a\u0633\u0637\u0633 2025","format":false,"excerpt":"\u00a0 \u00dcr\u00fcn Ad\u0131: SIROCCO - SD \u00dcr\u00fcn Kodu: SDD961 Silikon So\u011futma Al\u0131c\u0131\/Verici Kullanim Alan\u0131 : Deniz ara\u00e7lar\u0131n\u0131n so\u011futma sistemlerinde, y\u00fcksek performans ve ekstra esneklik gerektiren durumlarda, \u00e7ok y\u00fcksek s\u0131cakl\u0131ktaki egzoz gazlar\u0131n\u0131n ve deniz suyunun emi\u015f ve transferi i\u00e7in kullan\u0131l\u0131r. Alt Katman : Deniz Suyuna, Antifriz Kar\u0131\u015f\u0131ml\u0131 Suya, Mineral Ya\u011flara Dayan\u0131kl\u0131\u2026","rel":"","context":"\u062a\u062f\u0648\u064a\u0646\u0629 \u0645\u0634\u0627\u0628\u0647\u0629","block_context":{"text":"\u062a\u062f\u0648\u064a\u0646\u0629 \u0645\u0634\u0627\u0628\u0647\u0629","link":""},"img":{"alt_text":"","src":"https:\/\/i0.wp.com\/tuzlahortum.com.tr\/wp-content\/uploads\/2025\/08\/siroccosd-p.png?fit=513%2C513&ssl=1&resize=350%2C200","width":350,"height":200},"classes":[]},{"id":13212,"url":"https:\/\/tuzlahortum.com.tr\/ar\/product\/eko-1-2-plastik-mini-vana\/","url_meta":{"origin":893,"position":2},"title":"\u0635\u0645\u0627\u0645 \u0628\u0644\u0627\u0633\u062a\u064a\u0643\u064a \u0635\u063a\u064a\u0631 \u0635\u062f\u064a\u0642 \u0644\u0644\u0628\u064a\u0626\u0629 1\/2","author":"admin","date":"28 \u0645\u0627\u0631\u0633 2024","format":false,"excerpt":"EKO 1\/2 PLAST\u0130K M\u0130N\u0130 VANA EKO 1\/2\" Plastik Mini Vana, bah\u00e7e sulama sistemlerinizde suyun ak\u0131\u015f\u0131n\u0131 kontrol etmek ve d\u00fczenlemek i\u00e7in tasarlanm\u0131\u015f kompakt bir vanad\u0131r. \u00d6zellikler: Dayan\u0131kl\u0131 Plastik Malzeme: Y\u00fcksek kaliteli plastikten \u00fcretilmi\u015ftir ve uzun s\u00fcreli kullan\u0131m i\u00e7in dayan\u0131kl\u0131d\u0131r. Paslanmaz \u00e7elik gibi malzemelerden yap\u0131lm\u0131\u015f olmas\u0131, uzun \u00f6m\u00fcrl\u00fc ve g\u00fcvenilir bir performans\u2026","rel":"","context":"\u062a\u062f\u0648\u064a\u0646\u0629 \u0645\u0634\u0627\u0628\u0647\u0629","block_context":{"text":"\u062a\u062f\u0648\u064a\u0646\u0629 \u0645\u0634\u0627\u0628\u0647\u0629","link":""},"img":{"alt_text":"","src":"https:\/\/i0.wp.com\/tuzlahortum.com.tr\/wp-content\/uploads\/2024\/03\/eko_plastik_vana_2.jpg?fit=800%2C800&ssl=1&resize=350%2C200","width":350,"height":200,"srcset":"https:\/\/i0.wp.com\/tuzlahortum.com.tr\/wp-content\/uploads\/2024\/03\/eko_plastik_vana_2.jpg?fit=800%2C800&ssl=1&resize=350%2C200 1x, https:\/\/i0.wp.com\/tuzlahortum.com.tr\/wp-content\/uploads\/2024\/03\/eko_plastik_vana_2.jpg?fit=800%2C800&ssl=1&resize=525%2C300 1.5x, https:\/\/i0.wp.com\/tuzlahortum.com.tr\/wp-content\/uploads\/2024\/03\/eko_plastik_vana_2.jpg?fit=800%2C800&ssl=1&resize=700%2C400 2x"},"classes":[]},{"id":623,"url":"https:\/\/tuzlahortum.com.tr\/ar\/product\/ts-41\/","url_meta":{"origin":893,"position":3},"title":"TS 41","author":"admin","date":"6 \u0641\u0628\u0631\u0627\u064a\u0631 2019","format":false,"excerpt":"TS 41MATERYAL: Kuma\u015f Duvar\u0131 : Silikon kapl\u0131 Cam elyaf kuma\u015f, \u00e7ift katl\u0131 \u2022 Standart Uzunluk : 4 mt. \u2022 Renk : K\u0131rm\u0131z\u0131 D\u0131\u015f Spiral : Helisel \u00e7elik tel UYGULAMALAR: \u2022 Tersanelerde \u2022 Gaz ak\u0131\u015fkan ihtiva eden s\u0131cak materyallerin ta\u015f\u0131nmas\u0131nda \u2022 Ta\u015f\u0131t yap\u0131m\u0131nda \u2022 Gran\u00fcl kurutucular i\u00e7in s\u0131cak hava ta\u015f\u0131ma hortumu\u2026","rel":"","context":"\u062a\u062f\u0648\u064a\u0646\u0629 \u0645\u0634\u0627\u0628\u0647\u0629","block_context":{"text":"\u062a\u062f\u0648\u064a\u0646\u0629 \u0645\u0634\u0627\u0628\u0647\u0629","link":""},"img":{"alt_text":"","src":"https:\/\/i0.wp.com\/tuzlahortum.com.tr\/wp-content\/uploads\/2019\/03\/TS-41.jpg?fit=600%2C450&ssl=1&resize=350%2C200","width":350,"height":200,"srcset":"https:\/\/i0.wp.com\/tuzlahortum.com.tr\/wp-content\/uploads\/2019\/03\/TS-41.jpg?fit=600%2C450&ssl=1&resize=350%2C200 1x, https:\/\/i0.wp.com\/tuzlahortum.com.tr\/wp-content\/uploads\/2019\/03\/TS-41.jpg?fit=600%2C450&ssl=1&resize=525%2C300 1.5x"},"classes":[]},{"id":749,"url":"https:\/\/tuzlahortum.com.tr\/ar\/product\/ts-40\/","url_meta":{"origin":893,"position":4},"title":"TS 40","author":"admin","date":"6 \u0641\u0628\u0631\u0627\u064a\u0631 2019","format":false,"excerpt":"TS 40MATERYAL: Kuma\u015f Duvar\u0131 : Silikon kapl\u0131 Cam elyaf kuma\u015f, Tek katl\u0131 \u2022 Standart Uzunluk : 4 mt. \u2022 Renk : K\u0131rm\u0131z\u0131 D\u0131\u015f Spiral : Helisel \u00e7elik tel UYGULAMALAR: \u2022 Tersanelerde \u2022 Gaz ak\u0131\u015fkan ihtiva eden s\u0131cak materyallerin ta\u015f\u0131nmas\u0131nda \u2022 Ta\u015f\u0131t yap\u0131m\u0131nda \u2022 Gran\u00fcl kurutucular i\u00e7in s\u0131cak hava ta\u015f\u0131ma hortumu\u2026","rel":"","context":"\u062a\u062f\u0648\u064a\u0646\u0629 \u0645\u0634\u0627\u0628\u0647\u0629","block_context":{"text":"\u062a\u062f\u0648\u064a\u0646\u0629 \u0645\u0634\u0627\u0628\u0647\u0629","link":""},"img":{"alt_text":"","src":"https:\/\/i0.wp.com\/tuzlahortum.com.tr\/wp-content\/uploads\/2019\/03\/TS-40.jpg?fit=600%2C450&ssl=1&resize=350%2C200","width":350,"height":200,"srcset":"https:\/\/i0.wp.com\/tuzlahortum.com.tr\/wp-content\/uploads\/2019\/03\/TS-40.jpg?fit=600%2C450&ssl=1&resize=350%2C200 1x, https:\/\/i0.wp.com\/tuzlahortum.com.tr\/wp-content\/uploads\/2019\/03\/TS-40.jpg?fit=600%2C450&ssl=1&resize=525%2C300 1.5x"},"classes":[]},{"id":687,"url":"https:\/\/tuzlahortum.com.tr\/ar\/product\/tc-04\/","url_meta":{"origin":893,"position":5},"title":"TC 04","author":"admin","date":"6 \u0641\u0628\u0631\u0627\u064a\u0631 2019","format":false,"excerpt":"TC 04MATERYAL: Hortum Duvar\u0131 : Silikon kapl\u0131 E-Camelyaf kuma\u015f \u2022 A\u011f\u0131rl\u0131k : 590 gr\/m2 \u2022 \u00c7ek. dayan\u0131m\u0131 : Warp 4277 N\/5cm, Weft 2757 N\/5cm \u2022 Kal\u0131nl\u0131k : 0.45 mm \u2022 Renk : Gri \u2022 Kaplama : \u00c7ift tarafl\u0131 80\/80 gr\/m2 gri silikon \u2022 Alev s\u0131n\u0131f\u0131 : DIN 66083, TNO 3883\u2026","rel":"","context":"\u062a\u062f\u0648\u064a\u0646\u0629 \u0645\u0634\u0627\u0628\u0647\u0629","block_context":{"text":"\u062a\u062f\u0648\u064a\u0646\u0629 \u0645\u0634\u0627\u0628\u0647\u0629","link":""},"img":{"alt_text":"","src":"https:\/\/i0.wp.com\/tuzlahortum.com.tr\/wp-content\/uploads\/2019\/03\/TC-04.jpg?fit=600%2C450&ssl=1&resize=350%2C200","width":350,"height":200,"srcset":"https:\/\/i0.wp.com\/tuzlahortum.com.tr\/wp-content\/uploads\/2019\/03\/TC-04.jpg?fit=600%2C450&ssl=1&resize=350%2C200 1x, https:\/\/i0.wp.com\/tuzlahortum.com.tr\/wp-content\/uploads\/2019\/03\/TC-04.jpg?fit=600%2C450&ssl=1&resize=525%2C300 1.5x"},"classes":[]}],"jetpack_sharing_enabled":true,"jetpack_likes_enabled":true,"_links":{"self":[{"href":"https:\/\/tuzlahortum.com.tr\/ar\/wp-json\/wp\/v2\/product\/893","targetHints":{"allow":["GET"]}}],"collection":[{"href":"https:\/\/tuzlahortum.com.tr\/ar\/wp-json\/wp\/v2\/product"}],"about":[{"href":"https:\/\/tuzlahortum.com.tr\/ar\/wp-json\/wp\/v2\/types\/product"}],"replies":[{"embeddable":true,"href":"https:\/\/tuzlahortum.com.tr\/ar\/wp-json\/wp\/v2\/comments?post=893"}],"wp:featuredmedia":[{"embeddable":true,"href":"https:\/\/tuzlahortum.com.tr\/ar\/wp-json\/wp\/v2\/media\/8167"}],"wp:attachment":[{"href":"https:\/\/tuzlahortum.com.tr\/ar\/wp-json\/wp\/v2\/media?parent=893"}],"wp:term":[{"taxonomy":"product_brand","embeddable":true,"href":"https:\/\/tuzlahortum.com.tr\/ar\/wp-json\/wp\/v2\/product_brand?post=893"},{"taxonomy":"product_cat","embeddable":true,"href":"https:\/\/tuzlahortum.com.tr\/ar\/wp-json\/wp\/v2\/product_cat?post=893"},{"taxonomy":"product_tag","embeddable":true,"href":"https:\/\/tuzlahortum.com.tr\/ar\/wp-json\/wp\/v2\/product_tag?post=893"}],"curies":[{"name":"\u062f\u0628\u0644\u064a\u0648 \u0628\u064a","href":"https:\/\/api.w.org\/{rel}","templated":true}]}}