{"id":888,"date":"2019-02-06T23:55:24","date_gmt":"2019-02-06T20:55:24","guid":{"rendered":"http:\/\/hortum.com.tr\/product\/import-placeholder-for-289\/"},"modified":"2024-03-21T17:41:11","modified_gmt":"2024-03-21T14:41:11","slug":"sari-hortum-rekoru","status":"publish","type":"product","link":"https:\/\/tuzlahortum.com.tr\/ar\/product\/sari-hortum-rekoru\/","title":{"rendered":"\u0627\u062a\u062d\u0627\u062f \u062e\u0631\u0637\u0648\u0645 \u0623\u0635\u0641\u0631 \u0630\u0643\u0631 (\u0646\u0648\u0639 \u062b\u0642\u064a\u0644)"},"content":{"rendered":"<h2>\u0627\u062a\u062d\u0627\u062f \u062e\u0631\u0637\u0648\u0645 \u0623\u0635\u0641\u0631 \u0630\u0643\u0631 (\u0646\u0648\u0639 \u062b\u0642\u064a\u0644)<\/h2>","protected":false},"excerpt":{"rendered":"<p>\u0627\u062a\u062d\u0627\u062f \u062e\u0631\u0637\u0648\u0645 \u0623\u0635\u0641\u0631 \u0630\u0643\u0631 (\u0646\u0648\u0639 \u062b\u0642\u064a\u0644)<\/p>","protected":false},"featured_media":3685,"comment_status":"open","ping_status":"closed","template":"","meta":[],"product_brand":[],"product_cat":[99],"product_tag":[2194,252,465,473,2195,1160],"class_list":{"0":"post-888","1":"product","2":"type-product","3":"status-publish","4":"has-post-thumbnail","6":"product_cat-sari-fittings","7":"product_tag-erkek-rekor","8":"product_tag-rekor","9":"product_tag-sari","10":"product_tag-sari-hortum","11":"product_tag-sari-hortum-erkek-rekor","12":"product_tag-sari-hortum-rekoru","14":"first","15":"instock","16":"taxable","17":"shipping-taxable","18":"product-type-variable"},"jetpack-related-posts":[{"id":650,"url":"https:\/\/tuzlahortum.com.tr\/ar\/product\/kompresor-hortumlari-agir-tip\/","url_meta":{"origin":888,"position":0},"title":"\u062e\u0631\u0627\u0637\u064a\u0645 \u0627\u0644\u0636\u0627\u063a\u0637 (\u0627\u0644\u0646\u0648\u0639 \u0627\u0644\u062b\u0642\u064a\u0644)","author":"admin","date":"6 \u0641\u0628\u0631\u0627\u064a\u0631 2019","format":false,"excerpt":"Kompres\u00f6r Hortumlar\u0131 (A\u011f\u0131r Tip)KULLANIM ALANLARI : \u00c7al\u0131\u015fma bas\u0131n\u00e7lar\u0131na g\u00f6re maden ocaklar\u0131nda, end\u00fcstri ve in\u015faat i\u00e7in kullan\u0131\u015fl\u0131, sa\u011flam ve k\u0131r\u0131lmaya dayan\u0131kl\u0131 hava hortumlar\u0131. SERT\u0130F\u0130KALAR : Hortumlar TSE markal\u0131d\u0131r. TS745 EN ISO2398 KONTR\u00dcKS\u0130YON Alt : SBR\/NBR, siyah, su ve ya\u011f buhar\u0131 ihtiva eden bas\u0131n\u00e7l\u0131 havaya dayan\u0131kl\u0131 Takviye : Y\u00fcksek mukavemetli kord bezi\u2026","rel":"","context":"\u062a\u062f\u0648\u064a\u0646\u0629 \u0645\u0634\u0627\u0628\u0647\u0629","block_context":{"text":"\u062a\u062f\u0648\u064a\u0646\u0629 \u0645\u0634\u0627\u0628\u0647\u0629","link":""},"img":{"alt_text":"","src":"https:\/\/i0.wp.com\/tuzlahortum.com.tr\/wp-content\/uploads\/urunler\/kaucuk\/superlas-tip3-kompresor-hortumu.jpg?fit=360%2C270&ssl=1&resize=350%2C200","width":350,"height":200},"classes":[]},{"id":875,"url":"https:\/\/tuzlahortum.com.tr\/ar\/product\/hava-jak-cesitleri-erkek-disigovde-uc\/","url_meta":{"origin":888,"position":1},"title":"\u0623\u0646\u0648\u0627\u0639 \u062c\u0627\u0643 \u0627\u0644\u0647\u0648\u0627\u0621 (\u0630\u0643\u0631 - \u0623\u0646\u062b\u0649 \u060c \u0637\u0631\u0641 \u0627\u0644\u062c\u0633\u0645)","author":"admin","date":"6 \u0641\u0628\u0631\u0627\u064a\u0631 2019","format":false,"excerpt":"Hava Jak \u00c7e\u015fitleri (Erkek-Di\u015fi,G\u00f6vde-U\u00e7)PN25 Serisi Pn\u00f6matik Otomatik Rekorlar bas\u0131n\u00e7 alt\u0131nda tek elle s\u00f6k\u00fcl\u00fcp tak\u0131labilme \u00f6zelli\u011fine sahiptir. PN25 serisinde yaylar krom nikeldir.\u00a0 Pn25 Serisi Pn\u00f6matik Otomatik Rekorlar, sa\u011flam ve dayan\u0131kl\u0131 yap\u0131lar\u0131, y\u00fcksek hava ak\u0131m kapasiteleri ve kullan\u0131m kolayl\u0131\u011f\u0131 sayesinde t\u00fcm sanayide bas\u0131n\u00e7l\u0131 hava hatlar\u0131nda g\u00fcvenle kullan\u0131lmaktad\u0131r. Uyumluluk Rectus 26 (Avrupa Standard\u0131)\u2026","rel":"","context":"\u062a\u062f\u0648\u064a\u0646\u0629 \u0645\u0634\u0627\u0628\u0647\u0629","block_context":{"text":"\u062a\u062f\u0648\u064a\u0646\u0629 \u0645\u0634\u0627\u0628\u0647\u0629","link":""},"img":{"alt_text":"","src":"https:\/\/i0.wp.com\/tuzlahortum.com.tr\/wp-content\/uploads\/2019\/03\/hava-jak-%C3%A7e%C5%9Fitleri.jpg?fit=502%2C570&ssl=1&resize=350%2C200","width":350,"height":200},"classes":[]},{"id":520,"url":"https:\/\/tuzlahortum.com.tr\/ar\/product\/flansli-akaryakit-hortumlari-agir-tip\/","url_meta":{"origin":888,"position":2},"title":"\u062e\u0631\u0627\u0637\u064a\u0645 \u0627\u0644\u0648\u0642\u0648\u062f \u0630\u0627\u062a \u0627\u0644\u062d\u0648\u0627\u0641 \u0627\u0644\u062b\u0642\u064a\u0644\u0647","author":"admin","date":"6 \u0641\u0628\u0631\u0627\u064a\u0631 2019","format":false,"excerpt":"Flan\u015fl\u0131 Akaryak\u0131t Hortumlar\u0131 (A\u011f\u0131r Tip)KULLANIM ALANLARI : Ham ve di\u011fer petrol \u00fcr\u00fcnlerinin dolum ve bo\u015falt\u0131m\u0131nda tanker ve di\u011fer ara\u00e7larda ba\u011flant\u0131 sa\u011flama i\u015flerinde kullan\u0131lmaktad\u0131r. Flan\u015flar ve \u00e7elik tel \u00f6zel bir sistemle hortuma ba\u011flanm\u0131\u015ft\u0131r. SERT\u0130F\u0130KALAR : Hortumlar TSE markal\u0131d\u0131r. TS3916 A T\u00dcR 1 KONTR\u00dcKS\u0130YON Alt : NBR, siyah, \u00f6zel bi\u00e7imde alt kata\u2026","rel":"","context":"\u062a\u062f\u0648\u064a\u0646\u0629 \u0645\u0634\u0627\u0628\u0647\u0629","block_context":{"text":"\u062a\u062f\u0648\u064a\u0646\u0629 \u0645\u0634\u0627\u0628\u0647\u0629","link":""},"img":{"alt_text":"","src":"https:\/\/i0.wp.com\/tuzlahortum.com.tr\/wp-content\/uploads\/urunler\/kaucuk\/superlas-flansli-akaryakit-hortumu.jpg?fit=360%2C270&ssl=1&resize=350%2C200","width":350,"height":200},"classes":[]},{"id":8740,"url":"https:\/\/tuzlahortum.com.tr\/ar\/product\/trellflex-oil-10-gg\/","url_meta":{"origin":888,"position":3},"title":"\u0632\u064a\u062a \u062a\u0631\u064a\u0644\u0641\u0644\u064a\u0643\u0633 10 \u062c\u0645","author":"\u0130smail \u00c7elik","date":"26 \u0645\u0627\u0631\u0633 2019","format":false,"excerpt":"TRELLFLEX OIL 10 GGKompozit hortumlar\/Ya\u011f ve petrol Aromatik i\u00e7eri\u011fi %50'ye kadar olan hafif veya a\u011f\u0131r petrol \u00fcr\u00fcnleri ve t\u00fcrevlerinin \u00e7ekilmesi ve tahliyesi. Karayolu veya demiryol ta\u015f\u0131tlar\u0131 veya sabit donan\u0131mlar. Avantajlar Hem siyah hem de beyaz ya\u011f ta\u015f\u0131nabilir. D\u00fc\u015f\u00fck k\u0131vr\u0131lma yar\u0131\u00e7ap\u0131. Teknik a\u00e7\u0131klama \u0130\u00e7 yay: galvanize \u00e7elik \u0130\u00e7 t\u00fcp : polipropilen\u2026","rel":"","context":"\u062a\u062f\u0648\u064a\u0646\u0629 \u0645\u0634\u0627\u0628\u0647\u0629","block_context":{"text":"\u062a\u062f\u0648\u064a\u0646\u0629 \u0645\u0634\u0627\u0628\u0647\u0629","link":""},"img":{"alt_text":"","src":"https:\/\/i0.wp.com\/tuzlahortum.com.tr\/wp-content\/uploads\/2019\/03\/trellflex-oil-1.jpg?fit=667%2C604&ssl=1&resize=350%2C200","width":350,"height":200,"srcset":"https:\/\/i0.wp.com\/tuzlahortum.com.tr\/wp-content\/uploads\/2019\/03\/trellflex-oil-1.jpg?fit=667%2C604&ssl=1&resize=350%2C200 1x, https:\/\/i0.wp.com\/tuzlahortum.com.tr\/wp-content\/uploads\/2019\/03\/trellflex-oil-1.jpg?fit=667%2C604&ssl=1&resize=525%2C300 1.5x"},"classes":[]},{"id":870,"url":"https:\/\/tuzlahortum.com.tr\/ar\/product\/e-tipi-yesil-emici-hortum-standart\/","url_meta":{"origin":888,"position":4},"title":"\u062e\u0631\u0637\u0648\u0645 \u0634\u0641\u0637 \u0623\u062e\u0636\u0631 \u0645\u0646 \u0627\u0644\u0646\u0648\u0639 E (\u0642\u064a\u0627\u0633\u064a)","author":"admin","date":"6 \u0641\u0628\u0631\u0627\u064a\u0631 2019","format":false,"excerpt":"E Tipi Ye\u015fil Emici Hortum (STANDART)\u00d6zellikler A\u011f\u0131r hizmet emici ve verici olarak kullan\u0131labilir. Esnek \u015feffaf PVC, y\u00fcksek mukavemetli, k\u0131r\u0131lmaya kar\u015f\u0131 maksimum dayan\u0131kl\u0131 sert PVC takviyesiyle \u00fcretilmektedir. \u0130\u00e7 ve d\u0131\u015f y\u00fczey d\u00fczd\u00fcr. \u00c7al\u0131\u015fma S\u0131cakl\u0131\u011f\u0131 -5\u00b0C ile +60\u00b0C aras\u0131 Kullan\u0131m Alanlar\u0131 Tar\u0131m, sanayi ve in\u015faat sekt\u00f6r\u00fcnde her t\u00fcrl\u00fc a\u011f\u0131r hizmetlerde, pompa emi\u015flerinde,\u2026","rel":"","context":"\u062a\u062f\u0648\u064a\u0646\u0629 \u0645\u0634\u0627\u0628\u0647\u0629","block_context":{"text":"\u062a\u062f\u0648\u064a\u0646\u0629 \u0645\u0634\u0627\u0628\u0647\u0629","link":""},"img":{"alt_text":"","src":"https:\/\/i0.wp.com\/tuzlahortum.com.tr\/wp-content\/uploads\/urunler\/plastik\/33.jpg?fit=487%2C276&ssl=1&resize=350%2C200","width":350,"height":200},"classes":[]},{"id":827,"url":"https:\/\/tuzlahortum.com.tr\/ar\/product\/e-tipi-beyaz-emici-hortum\/","url_meta":{"origin":888,"position":5},"title":"\u062e\u0631\u0637\u0648\u0645 \u0634\u0641\u0637 \u0623\u0628\u064a\u0636 \u0645\u0646 \u0627\u0644\u0646\u0648\u0639 E","author":"admin","date":"6 \u0641\u0628\u0631\u0627\u064a\u0631 2019","format":false,"excerpt":"E Tipi Beyaz Emici Hortum\u00d6zellikler A\u011f\u0131r hizmet emici ve verici olarak kullan\u0131labilir. Esnek \u015feffaf PVC, y\u00fcksek mukavemetli, k\u0131r\u0131lmaya kar\u015f\u0131 maksimum dayan\u0131kl\u0131 sert PVC takviyesiyle \u00fcretilmektedir.\u0130\u00e7 ve d\u0131\u015f y\u00fczey d\u00fczd\u00fcr. \u00c7al\u0131\u015fma S\u0131cakl\u0131\u011f\u0131 -5\u00b0C ile +60\u00b0C aras\u0131 Kullan\u0131m Alanlar\u0131 Tar\u0131m, sanayi ve in\u015faat sekt\u00f6r\u00fcnde her t\u00fcrl\u00fc a\u011f\u0131r hizmetlerde, pompa emi\u015flerinde, likit ve\u2026","rel":"","context":"\u062a\u062f\u0648\u064a\u0646\u0629 \u0645\u0634\u0627\u0628\u0647\u0629","block_context":{"text":"\u062a\u062f\u0648\u064a\u0646\u0629 \u0645\u0634\u0627\u0628\u0647\u0629","link":""},"img":{"alt_text":"","src":"https:\/\/i0.wp.com\/tuzlahortum.com.tr\/wp-content\/uploads\/urunler\/plastik\/43.jpg?fit=500%2C255&ssl=1&resize=350%2C200","width":350,"height":200},"classes":[]}],"jetpack_sharing_enabled":true,"jetpack_likes_enabled":true,"_links":{"self":[{"href":"https:\/\/tuzlahortum.com.tr\/ar\/wp-json\/wp\/v2\/product\/888","targetHints":{"allow":["GET"]}}],"collection":[{"href":"https:\/\/tuzlahortum.com.tr\/ar\/wp-json\/wp\/v2\/product"}],"about":[{"href":"https:\/\/tuzlahortum.com.tr\/ar\/wp-json\/wp\/v2\/types\/product"}],"replies":[{"embeddable":true,"href":"https:\/\/tuzlahortum.com.tr\/ar\/wp-json\/wp\/v2\/comments?post=888"}],"wp:featuredmedia":[{"embeddable":true,"href":"https:\/\/tuzlahortum.com.tr\/ar\/wp-json\/wp\/v2\/media\/3685"}],"wp:attachment":[{"href":"https:\/\/tuzlahortum.com.tr\/ar\/wp-json\/wp\/v2\/media?parent=888"}],"wp:term":[{"taxonomy":"product_brand","embeddable":true,"href":"https:\/\/tuzlahortum.com.tr\/ar\/wp-json\/wp\/v2\/product_brand?post=888"},{"taxonomy":"product_cat","embeddable":true,"href":"https:\/\/tuzlahortum.com.tr\/ar\/wp-json\/wp\/v2\/product_cat?post=888"},{"taxonomy":"product_tag","embeddable":true,"href":"https:\/\/tuzlahortum.com.tr\/ar\/wp-json\/wp\/v2\/product_tag?post=888"}],"curies":[{"name":"\u062f\u0628\u0644\u064a\u0648 \u0628\u064a","href":"https:\/\/api.w.org\/{rel}","templated":true}]}}