{"id":8872,"date":"2019-03-26T15:18:34","date_gmt":"2019-03-26T12:18:34","guid":{"rendered":"https:\/\/tuzlahortum.com.tr\/?post_type=product&#038;p=8872"},"modified":"2024-03-21T17:38:37","modified_gmt":"2024-03-21T14:38:37","slug":"trellflex-chem-ptfe-14-sg","status":"publish","type":"product","link":"https:\/\/tuzlahortum.com.tr\/ar\/product\/trellflex-chem-ptfe-14-sg\/","title":{"rendered":"TRELLFLEX CHEM PTFE 14 SG"},"content":{"rendered":"<h2>TRELLFLEX CHEM PTFE 14 SG<\/h2>\n<p>\u0627\u0644\u062e\u0631\u0627\u0637\u064a\u0645 \u0627\u0644\u0645\u0631\u0643\u0628\u0629 \/ \u0627\u0644\u0645\u0646\u062a\u062c\u0627\u062a \u0627\u0644\u0643\u064a\u0645\u0627\u0648\u064a\u0629 \u0627\u0644\u0645\u0633\u0628\u0628\u0629 \u0644\u0644\u062a\u0622\u0643\u0644<br \/>\n\u062a\u0633\u062a\u062e\u062f\u0645 \u0627\u0644\u0645\u0648\u0627\u062f \u0627\u0644\u0643\u064a\u0645\u064a\u0627\u0626\u064a\u0629 \u0634\u062f\u064a\u062f\u0629 \u0627\u0644\u0639\u062f\u0648\u0627\u0646\u064a\u0629 \u0623\u0648 \u0634\u062f\u064a\u062f\u0629 \u0627\u0644\u062a\u0622\u0643\u0644 \u0644\u062c\u0630\u0628 \u0648\u0625\u0632\u0627\u0644\u0629 \u0645\u0639\u0638\u0645 \u0627\u0644\u0646\u0641\u0627\u064a\u0627\u062a \u0627\u0644\u0643\u064a\u0645\u064a\u0627\u0626\u064a\u0629.<br \/>\n\u0625\u062e\u0644\u0627\u0621.<br \/>\n\u0645\u0639\u062f\u0627\u062a \u0635\u0647\u0627\u0631\u064a\u062c \u0627\u0644\u0637\u0631\u0642 \u0648\u0627\u0644\u0633\u0643\u0643 \u0627\u0644\u062d\u062f\u064a\u062f\u064a\u0629 \u0623\u0648 \u0627\u0644\u0623\u0646\u0638\u0645\u0629 \u0627\u0644\u062b\u0627\u0628\u062a\u0629 \u0641\u064a \u0627\u0644\u0635\u0646\u0627\u0639\u0629 \u0627\u0644\u0643\u064a\u0645\u064a\u0627\u0626\u064a\u0629.<br \/>\n\u0645\u0632\u0627\u064a\u0627<br \/>\n\u064a\u0633\u0647\u0644 \u0646\u0642\u0644 \u0627\u0644\u062e\u0631\u0637\u0648\u0645 \u0646\u0638\u0631\u064b\u0627 \u0644\u0645\u0631\u0648\u0646\u062a\u0647 (\u0646\u0635\u0641 \u0642\u0637\u0631 \u0627\u0644\u0627\u0646\u062d\u0646\u0627\u0621 \u0627\u0644\u0645\u0646\u062e\u0641\u0636).<br \/>\n\u064a\u0645\u0643\u0646 \u0627\u0633\u062a\u062e\u062f\u0627\u0645\u0647 \u0641\u064a \u0646\u0637\u0627\u0642 \u062f\u0631\u062c\u0627\u062a \u062d\u0631\u0627\u0631\u0629 \u0648\u0627\u0633\u0639.<br \/>\n\u064a\u0645\u0643\u0646 \u0627\u0633\u062a\u062e\u062f\u0627\u0645\u0647 \u0644\u0644\u0639\u062f\u064a\u062f \u0645\u0646 \u0627\u0644\u0645\u0648\u0627\u062f \u0627\u0644\u0643\u064a\u0645\u064a\u0627\u0626\u064a\u0629 \u0627\u0644\u0645\u062e\u062a\u0644\u0641\u0629.<br \/>\n\u0627\u0644\u062d\u0644\u0632\u0648\u0646 \u0627\u0644\u062e\u0627\u0631\u062c\u064a \u0627\u0644\u0645\u0635\u0646\u0648\u0639 \u0645\u0646 \u0627\u0644\u0641\u0648\u0644\u0627\u0630 \u0627\u0644\u0645\u0642\u0627\u0648\u0645 \u0644\u0644\u0635\u062f\u0623 \u0645\u0635\u0645\u0645 \u0644\u0645\u0642\u0627\u0648\u0645\u0629 \u0627\u0644\u062a\u0622\u0643\u0644.<br \/>\n\u0627\u0644\u0648\u0635\u0641 \u0627\u0644\u0641\u0646\u064a<br \/>\n\u0627\u0644\u0632\u0646\u0628\u0631\u0643 \u0627\u0644\u062f\u0627\u062e\u0644\u064a: \u0627\u0644\u0641\u0648\u0644\u0627\u0630 \u0627\u0644\u0645\u0642\u0627\u0648\u0645 \u0644\u0644\u0635\u062f\u0623 304L (\u0627\u0644\u0641\u0648\u0644\u0627\u0630 \u0627\u0644\u0645\u0642\u0627\u0648\u0645 \u0644\u0644\u0635\u062f\u0623 316L \u062d\u0633\u0628 \u0627\u0644\u0637\u0644\u0628)<br \/>\n\u0627\u0644\u0623\u0646\u0628\u0648\u0628 \u0627\u0644\u062f\u0627\u062e\u0644\u064a: \u0641\u064a\u0644\u0645 PTFE.<br \/>\n\u062a\u0642\u0648\u064a\u0629: \u0637\u0628\u0642\u0627\u062a \u0628\u0648\u0644\u064a \u0628\u0631\u0648\u0628\u064a\u0644\u064a\u0646.<br \/>\n\u0637\u0644\u0627\u0621: \u0642\u0645\u0627\u0634 \u0645\u0637\u0644\u064a \u0628\u0640 PVC \u060c \u0623\u062d\u0645\u0631 \u060c \u0645\u0645\u0648\u062c.<br \/>\n\u0627\u0644\u0632\u0646\u0628\u0631\u0643 \u0627\u0644\u062e\u0627\u0631\u062c\u064a: \u0641\u0648\u0644\u0627\u0630 \u0645\u062c\u0644\u0641\u0646<br \/>\n\u0646\u0637\u0627\u0642 \u062f\u0631\u062c\u0629 \u0627\u0644\u062d\u0631\u0627\u0631\u0629: -30 \u062f\u0631\u062c\u0629 \u0645\u0626\u0648\u064a\u0629 \u0625\u0644\u0649 + 115 \u062f\u0631\u062c\u0629 \u0645\u0626\u0648\u064a\u0629.<br \/>\n\u0627\u0644\u062e\u0635\u0627\u0626\u0635 \u0627\u0644\u0643\u0647\u0631\u0628\u0627\u0626\u064a\u0629: \u22642.5\u03a9 \/ \u0645 \u0644\u0644\u0645\u0639\u0631\u0641 &lt;50 \u0645\u0645.<br \/>\n\u22641.0\u03a9 \/ \u0645 \u0644\u0640 INS\u226550mm.<br \/>\n\u0627\u0644\u0645\u0639\u064a\u0627\u0631 \/ \u0627\u0644\u0645\u0648\u0627\u0641\u0642\u0629:<br \/>\nEN 13765 \u0648 ADR.<br \/>\n\u0627\u0644\u0646\u0642\u0627\u0628\u0627\u062a \/ \u0627\u0644\u062a\u0631\u0643\u064a\u0628\u0627\u062a<br \/>\n\u062c\u0645\u064a\u0639 \u0623\u0646\u0648\u0627\u0639 \u062a\u0631\u0643\u064a\u0628\u0627\u062a \u0627\u0644\u0636\u063a\u0637:<br \/>\n- Guillemin (\u0623\u0644\u0648\u0645\u0646\u064a\u0648\u0645 \u060c \u0645\u0633\u062f\u0633 \u0645\u0639\u062f\u0646\u064a \u060c \u0641\u0648\u0644\u0627\u0630 \u0645\u0642\u0627\u0648\u0645 \u0644\u0644\u0635\u062f\u0623) \u061b<br \/>\n- \u0627\u0644\u0639\u062a\u0627\u062f \u0630\u0643\u0648\u0631\u0627 \u0648\u0625\u0646\u0627\u062b\u0627 \u061b<br \/>\n- \u062a\u0631\u0643\u064a\u0628\u0627\u062a \u0633\u0647\u0644\u0629 \u0627\u0644\u062a\u0631\u0643\u064a\u0628 \u0645\u0639 \u0622\u0644\u064a\u0629 \u0627\u0644\u0643\u0627\u0645\u0629 (\u0646\u0648\u0639 Camlock).<br \/>\n\u0634\u0641\u0629 \u062b\u0627\u0628\u062a\u0629 \u0623\u0648 \u062f\u0648\u0627\u0631\u0629 ISO PN10 \/ 16 \u060c PN20 (ASA150).<\/p>\n<p><img data-recalc-dims=\"1\" loading=\"lazy\" decoding=\"async\" class=\"alignnone size-full wp-image-8822\" src=\"https:\/\/i0.wp.com\/tuzlahortum.com.tr\/wp-content\/uploads\/2019\/03\/TRELLFLEX-CHEM-14-SG.jpg?resize=893%2C263&#038;ssl=1\" alt=\"\" width=\"893\" height=\"263\" title=\"\" srcset=\"https:\/\/i0.wp.com\/tuzlahortum.com.tr\/wp-content\/uploads\/2019\/03\/TRELLFLEX-CHEM-14-SG.jpg?w=893&amp;ssl=1 893w, https:\/\/i0.wp.com\/tuzlahortum.com.tr\/wp-content\/uploads\/2019\/03\/TRELLFLEX-CHEM-14-SG.jpg?resize=800%2C236&amp;ssl=1 800w, https:\/\/i0.wp.com\/tuzlahortum.com.tr\/wp-content\/uploads\/2019\/03\/TRELLFLEX-CHEM-14-SG.jpg?resize=768%2C226&amp;ssl=1 768w, https:\/\/i0.wp.com\/tuzlahortum.com.tr\/wp-content\/uploads\/2019\/03\/TRELLFLEX-CHEM-14-SG.jpg?resize=600%2C177&amp;ssl=1 600w\" sizes=\"auto, (max-width: 893px) 100vw, 893px\" \/><\/p>\n<div class=\"video video-fit mb\" style=\"padding-top:56.25%;\"><p><iframe loading=\"lazy\" title=\"\u0627\u0631\u062a\u0628\u0627\u0643 \u0627\u0644\u0642\u064a\u0627\u0633 (\u0628\u0648\u0635\u0629\u060c \u0625\u0635\u0628\u0639\u060c \u0636\u0628\u0627\u0628\u060c \u0645\u0644\u0644\u064a\u0645\u062a\u0631)\" width=\"1020\" height=\"574\" src=\"https:\/\/www.youtube.com\/embed\/uKk6AG_AZls?feature=oembed\" frameborder=\"0\" allow=\"accelerometer; autoplay; clipboard-write; encrypted-media; gyroscope; picture-in-picture; web-share\" referrerpolicy=\"strict-origin-when-cross-origin\" allowfullscreen><\/iframe><\/p>\n<\/div>\n<div class=\"video video-fit mb\" style=\"padding-top:56.25%;\"><p>https:\/\/www.youtube.com\/watch?v=O8ZlzKEjfEQ%20<\/p>\n<\/div>","protected":false},"excerpt":{"rendered":"<p>TRELLFLEX CHEM PTFE 14 SG Kompozit hortumlar\/Kimyasal ve korozif \u00fcr\u00fcnler \u00c7ok agresif veya \u00e7ok korozif olan kimyasallar, kimyasal at\u0131klar\u0131n \u00e7o\u011funun \u00e7ekilmesi ve tahliyesi. Karayolu ve demiryolu tankerleri ekipman\u0131 veya kimya end\u00fcstrisindeki sabit sistemler. Avantajlar Hortumun esnekli\u011finden (d\u00fc\u015f\u00fck k\u0131vr\u0131lma yar\u0131\u00e7ap\u0131) dolay\u0131 ta\u015f\u0131mas\u0131 kolayd\u0131r. Geni\u015f bir s\u0131cakl\u0131k aral\u0131\u011f\u0131nda kullan\u0131labilir. Bir\u00e7ok farkl\u0131 kimyasal i\u00e7in kullan\u0131labilir. Paslanmaz \u00e7elik d\u0131\u015f [&#8230;]\n","protected":false},"featured_media":8943,"comment_status":"open","ping_status":"closed","template":"","meta":{"jetpack_post_was_ever_published":false},"product_brand":[],"product_cat":[2209],"product_tag":[290,904,905,2292,2107],"class_list":{"0":"post-8872","1":"product","2":"type-product","3":"status-publish","4":"has-post-thumbnail","6":"product_cat-kompozit-hortumlar-kimyasal","7":"product_tag-hortum","8":"product_tag-kompozit","9":"product_tag-kompozit-hortum","10":"product_tag-kompozit-hortum-kimyasal","11":"product_tag-ptfe","13":"first","14":"instock","15":"taxable","16":"shipping-taxable","17":"product-type-variable"},"jetpack-related-posts":[],"jetpack_sharing_enabled":true,"jetpack_likes_enabled":true,"_links":{"self":[{"href":"https:\/\/tuzlahortum.com.tr\/ar\/wp-json\/wp\/v2\/product\/8872","targetHints":{"allow":["GET"]}}],"collection":[{"href":"https:\/\/tuzlahortum.com.tr\/ar\/wp-json\/wp\/v2\/product"}],"about":[{"href":"https:\/\/tuzlahortum.com.tr\/ar\/wp-json\/wp\/v2\/types\/product"}],"replies":[{"embeddable":true,"href":"https:\/\/tuzlahortum.com.tr\/ar\/wp-json\/wp\/v2\/comments?post=8872"}],"wp:featuredmedia":[{"embeddable":true,"href":"https:\/\/tuzlahortum.com.tr\/ar\/wp-json\/wp\/v2\/media\/8943"}],"wp:attachment":[{"href":"https:\/\/tuzlahortum.com.tr\/ar\/wp-json\/wp\/v2\/media?parent=8872"}],"wp:term":[{"taxonomy":"product_brand","embeddable":true,"href":"https:\/\/tuzlahortum.com.tr\/ar\/wp-json\/wp\/v2\/product_brand?post=8872"},{"taxonomy":"product_cat","embeddable":true,"href":"https:\/\/tuzlahortum.com.tr\/ar\/wp-json\/wp\/v2\/product_cat?post=8872"},{"taxonomy":"product_tag","embeddable":true,"href":"https:\/\/tuzlahortum.com.tr\/ar\/wp-json\/wp\/v2\/product_tag?post=8872"}],"curies":[{"name":"\u062f\u0628\u0644\u064a\u0648 \u0628\u064a","href":"https:\/\/api.w.org\/{rel}","templated":true}]}}