{"id":882,"date":"2019-02-06T23:55:22","date_gmt":"2019-02-06T20:55:22","guid":{"rendered":"http:\/\/hortum.com.tr\/product\/import-placeholder-for-406\/"},"modified":"2024-03-21T17:41:16","modified_gmt":"2024-03-21T14:41:16","slug":"sahra-tipi-yangin-dolabi-ts-en-671-2","status":"publish","type":"product","link":"https:\/\/tuzlahortum.com.tr\/ar\/product\/sahra-tipi-yangin-dolabi-ts-en-671-2\/","title":{"rendered":"\u062e\u0632\u0627\u0646\u0629 \u0625\u0637\u0641\u0627\u0621 \u0627\u0644\u062d\u0631\u064a\u0642 \u0645\u0646 \u0627\u0644\u0646\u0648\u0639 \u0627\u0644\u0645\u064a\u062f\u0627\u0646\u064a TS EN 671-2 (55\u00d765)"},"content":{"rendered":"<h2>\u062e\u0632\u0627\u0646\u0629 \u0625\u0637\u0641\u0627\u0621 \u0627\u0644\u062d\u0631\u064a\u0642 \u0645\u0646 \u0627\u0644\u0646\u0648\u0639 \u0627\u0644\u0645\u064a\u062f\u0627\u0646\u064a TS EN 671-2 (55\u00d765)<\/h2>\n<h3>\u0645\u0642\u0627\u0633 55 * 65<\/h3>\n<ul class=\"list-style-2\">\n<li class=\"check-list\">\u0646\u0638\u0627\u0645 \u0633\u0642\u0641 \u0627\u0644\u0623\u0631\u062c\u0644<\/li>\n<li class=\"check-list\">\u062e\u0631\u0637\u0648\u0645 \u062d\u0631\u064a\u0642 \u0645\u0646 \u0627\u0644\u0642\u0645\u0627\u0634 2 (50 ATU)<\/li>\n<li class=\"check-list\">2 \u060c \u0648\u0635\u0644\u0629 \u062a\u0648\u0635\u064a\u0644 \u0635\u0646\u0628\u0648\u0631 (\u0642\u0637\u0639\u0629 \u0648\u0627\u062d\u062f\u0629)<\/li>\n<li class=\"check-list\">2 \u2033 \u0631\u0645\u062d (\u0645\u0639 \u0627\u0642\u062a\u0631\u0627\u0646)<\/li>\n<\/ul>\n<div class=\"row\">\n<table class=\"table table-bordered span4\">\n<thead>\n<tr>\n<th>20 \u0637\u0646 \u0645\u062a\u0631\u064a<\/th>\n<th>25 \u0637\u0646 \u0645\u062a\u0631\u064a<\/th>\n<th>30 \u0637\u0646 \u0645\u062a\u0631\u064a<\/th>\n<\/tr>\n<\/thead>\n<tbody>\n<tr>\n<td>PI-340<\/td>\n<td>PI-341<\/td>\n<td>PI-342<\/td>\n<\/tr>\n<\/tbody>\n<\/table>\n<\/div>","protected":false},"excerpt":{"rendered":"<p>Sahra Tipi Yang\u0131n Dolab\u0131 TS EN 671-2(55&#215;65) \u00d6L\u00c7\u00dc 55*65 \u00c7at\u0131l\u0131-Ayakl\u0131 Sistem 2&#8243; bez yang\u0131n hortumu (50 AT\u00dc) 2&#8243; Hidrant ba\u011flant\u0131 rakoru (1 adet) 2&#8243; lans (rakorlu) 20 MT 25 MT 30 MT P\u0130-340 P\u0130-341 P\u0130-342<\/p>","protected":false},"featured_media":7312,"comment_status":"open","ping_status":"closed","template":"","meta":{"jetpack_post_was_ever_published":false},"product_brand":[],"product_cat":[117],"product_tag":[1147,1146,1148,1150,1149,256,352,349],"class_list":{"0":"post-882","1":"product","2":"type-product","3":"status-publish","4":"has-post-thumbnail","6":"product_cat-sahra-tipi","7":"product_tag-ayakli-sistem","8":"product_tag-catili","9":"product_tag-hidrant-baglanti-rakoru","10":"product_tag-lans","11":"product_tag-sahra-tipi","12":"product_tag-yangin","13":"product_tag-yangin-dolabi","14":"product_tag-yangin-hortumu","16":"first","17":"instock","18":"taxable","19":"shipping-taxable","20":"product-type-variable"},"jetpack-related-posts":[{"id":959,"url":"https:\/\/tuzlahortum.com.tr\/ar\/product\/sahra-tipi-yangin-dolabi-ts-en-671-2-cift-makarali\/","url_meta":{"origin":882,"position":0},"title":"\u062e\u0632\u0627\u0646\u0629 \u0625\u0637\u0641\u0627\u0621 \u0627\u0644\u062d\u0631\u064a\u0642 \u0645\u0646 \u0627\u0644\u0646\u0648\u0639 \u0627\u0644\u0645\u064a\u062f\u0627\u0646\u064a TS EN 671-2 \u0630\u0627\u062a \u0628\u0643\u0631\u0629 \u0645\u0632\u062f\u0648\u062c\u0629 (100\u00d760)","author":"admin","date":"6 \u0641\u0628\u0631\u0627\u064a\u0631 2019","format":false,"excerpt":"Sahra Tipi Yang\u0131n Dolab\u0131 TS EN 671-2 \u00c7ift Makaral\u0131(100x60)\u00d6L\u00c7\u00dc 100*60 \u00c7at\u0131l\u0131-Ayakl\u0131 Sistem 2\" bez yang\u0131n hortumu (50 AT\u00dc) 2\" Hidrant ba\u011flant\u0131 rakoru (3 adet) 2\" lans (rakorlu-1 adet) 40 MT 50 MT 60 MT P\u0130-345 P\u0130-346 P\u0130-347","rel":"","context":"\u062a\u062f\u0648\u064a\u0646\u0629 \u0645\u0634\u0627\u0628\u0647\u0629","block_context":{"text":"\u062a\u062f\u0648\u064a\u0646\u0629 \u0645\u0634\u0627\u0628\u0647\u0629","link":""},"img":{"alt_text":"","src":"https:\/\/i0.wp.com\/tuzlahortum.com.tr\/wp-content\/uploads\/2019\/03\/Sahra-Tipi-Yang%C4%B1n-Dolab%C4%B1-TS-EN-671-2-%C3%87ift-Makaral%C4%B1.jpg?fit=356%2C633&ssl=1&resize=350%2C200","width":350,"height":200},"classes":[]},{"id":881,"url":"https:\/\/tuzlahortum.com.tr\/ar\/product\/sahra-tipi-yangin-dolabi-ts-en-671-1\/","url_meta":{"origin":882,"position":1},"title":"\u062e\u0632\u0627\u0646\u0629 \u0625\u0637\u0641\u0627\u0621 \u0627\u0644\u062d\u0631\u064a\u0642 \u0645\u0646 \u0627\u0644\u0646\u0648\u0639 \u0627\u0644\u0645\u064a\u062f\u0627\u0646\u064a TS EN 671-1 (70\u00d765)","author":"admin","date":"6 \u0641\u0628\u0631\u0627\u064a\u0631 2019","format":false,"excerpt":"Sahra Tipi Yang\u0131n Dolab\u0131 TS EN 671-1(70x65)\u00d6L\u00c7\u00dc 70*65\u00c7at\u0131l\u0131-Ayakl\u0131 Sistem1\" TS EN 694 yar\u0131 sert kau\u00e7uk yang\u0131n hortumu2>1'e d\u00fc\u015f\u00fcr\u00fcc\u00fcl\u00fc hidrant ba\u011flant\u0131 rakoru1\" jet sprey lans20 MT25 MT30 MTP\u0130-335P\u0130-336P\u0130-337","rel":"","context":"\u062a\u062f\u0648\u064a\u0646\u0629 \u0645\u0634\u0627\u0628\u0647\u0629","block_context":{"text":"\u062a\u062f\u0648\u064a\u0646\u0629 \u0645\u0634\u0627\u0628\u0647\u0629","link":""},"img":{"alt_text":"","src":"https:\/\/i0.wp.com\/tuzlahortum.com.tr\/wp-content\/uploads\/2019\/03\/Sahra-Tipi-Yang%C4%B1n-Dolab%C4%B1-TS-EN-671-1.jpg?fit=472%2C659&ssl=1&resize=350%2C200","width":350,"height":200},"classes":[]},{"id":794,"url":"https:\/\/tuzlahortum.com.tr\/ar\/product\/duvar-montaj-aparatli-makara-ts-en-671-1\/","url_meta":{"origin":882,"position":2},"title":"\u0628\u0643\u0631\u0629 \u0628\u062c\u0647\u0627\u0632 \u0627\u0644\u062a\u062b\u0628\u064a\u062a \u0639\u0644\u0649 \u0627\u0644\u062d\u0627\u0626\u0637 TS EN 671-1","author":"admin","date":"6 \u0641\u0628\u0631\u0627\u064a\u0631 2019","format":false,"excerpt":"Duvar Montaj Aparatl\u0131 Makara TS EN 671-1\u00d6L\u00c7\u00dc ...\u015eaft Tipi Makara1\" TS EN 694 yar\u0131 sert,kau\u00e7uk yang\u0131n hortumu1\" Jet sprey lans\u00a020 MT25 MT30 MT1\" TSE K\u00fcresel Vanal\u0131 (rakorlu)P\u0130-350P\u0130-351P\u0130-3522\" Yang\u0131n Vanal\u0131 ( 2>1'e D\u00f6n\u00fc\u015ft\u00fcr\u00fcc\u00fcl\u00fc )P\u0130-355P\u0130-356P\u0130-357","rel":"","context":"\u062a\u062f\u0648\u064a\u0646\u0629 \u0645\u0634\u0627\u0628\u0647\u0629","block_context":{"text":"\u062a\u062f\u0648\u064a\u0646\u0629 \u0645\u0634\u0627\u0628\u0647\u0629","link":""},"img":{"alt_text":"","src":"https:\/\/i0.wp.com\/tuzlahortum.com.tr\/wp-content\/uploads\/2019\/03\/Duvar-Montaj-Aparatl%C4%B1-Makara-TS-EN-671-1.jpg?fit=453%2C546&ssl=1&resize=350%2C200","width":350,"height":200},"classes":[]},{"id":960,"url":"https:\/\/tuzlahortum.com.tr\/ar\/product\/arabali-makara-ts-en-671-1\/","url_meta":{"origin":882,"position":3},"title":"\u0639\u0631\u0628\u0629 \u062a\u0631\u0648\u0644\u0644\u064a TS EN 671-1","author":"admin","date":"6 \u0641\u0628\u0631\u0627\u064a\u0631 2019","format":false,"excerpt":"Arabal\u0131 Makara TS EN 671-1\u00d6L\u00c7\u00dc ...1\" TS EN 694 yar\u0131 sert kau\u00e7uk yang\u0131n hortumu1\" jet sprey lans\u00a040 MT50 MT60 MT1\" TSE K\u00fcresel Vanal\u0131(rakorlu)P\u0130-360P\u0130-361P\u0130-3622\" Yang\u0131n Vanal\u0131 ( 2>1'e D\u00f6n\u00fc\u015ft\u00fcr\u00fcc\u00fcl\u00fc )P\u0130-365P\u0130-366P\u0130-367","rel":"","context":"\u062a\u062f\u0648\u064a\u0646\u0629 \u0645\u0634\u0627\u0628\u0647\u0629","block_context":{"text":"\u062a\u062f\u0648\u064a\u0646\u0629 \u0645\u0634\u0627\u0628\u0647\u0629","link":""},"img":{"alt_text":"","src":"https:\/\/i0.wp.com\/tuzlahortum.com.tr\/wp-content\/uploads\/2019\/03\/Arabal%C4%B1-Makara-TS-EN-671-1.jpg?fit=419%2C481&ssl=1&resize=350%2C200","width":350,"height":200},"classes":[]},{"id":953,"url":"https:\/\/tuzlahortum.com.tr\/ar\/product\/dik-tip-siva-ustu-sac-kapakli-sulu-sistem\/","url_meta":{"origin":882,"position":4},"title":"\u0627\u0644\u0646\u0648\u0639 \u0627\u0644\u0631\u0623\u0633\u064a \u2013 \u0633\u0637\u062d\u064a \u0645\u0639 \u063a\u0637\u0627\u0621 (\u0646\u0638\u0627\u0645 \u0645\u0627\u0626\u064a) (85\u00d765)","author":"admin","date":"6 \u0641\u0628\u0631\u0627\u064a\u0631 2019","format":false,"excerpt":"Dik Tip - S\u0131va \u00dcst\u00fc Sa\u00e7 Kapakl\u0131 (Sulu Sistem)(85x65)\u00d6L\u00c7\u00dc 85*651\" TS EN 694 yar\u0131 sert kau\u00e7uk yang\u0131n hortumu1\" jet sprey lans\u00a020 MT25 MT30 MT1\" TSE K\u00fcresel Vanal\u0131P\u0130-150P\u0130-151P\u0130-1522\" Yang\u0131n Vanal\u0131 ( 2>1'e D\u00f6n\u00fc\u015ft\u00fcr\u00fcc\u00fcl\u00fc )P\u0130-250P\u0130-251P\u0130-252","rel":"","context":"\u062a\u062f\u0648\u064a\u0646\u0629 \u0645\u0634\u0627\u0628\u0647\u0629","block_context":{"text":"\u062a\u062f\u0648\u064a\u0646\u0629 \u0645\u0634\u0627\u0628\u0647\u0629","link":""},"img":{"alt_text":"","src":"https:\/\/i0.wp.com\/tuzlahortum.com.tr\/wp-content\/uploads\/2019\/03\/tek-kap%C4%B1-s%C4%B1va-%C3%BCst%C3%BC-sa%C3%A7-kapakl%C4%B1-sulu.jpg?fit=415%2C489&ssl=1&resize=350%2C200","width":350,"height":200},"classes":[]},{"id":954,"url":"https:\/\/tuzlahortum.com.tr\/ar\/product\/dik-tip-siva-ustu-cam-kapakli-sulu-sistem\/","url_meta":{"origin":882,"position":5},"title":"\u0627\u0644\u0646\u0648\u0639 \u0627\u0644\u0631\u0623\u0633\u064a \u2013 \u0633\u0637\u062d\u064a \u0628\u063a\u0637\u0627\u0621 \u0632\u062c\u0627\u062c\u064a (\u0646\u0638\u0627\u0645 \u0645\u0627\u0626\u064a) (85\u00d765)","author":"admin","date":"6 \u0641\u0628\u0631\u0627\u064a\u0631 2019","format":false,"excerpt":"\u0637\u0641\u0627\u064a\u0629 \u062d\u0631\u064a\u0642 \u0633\u0645\u064a\u0643\u0629 - \u0628\u063a\u0637\u0627\u0621 \u0632\u062c\u0627\u062c\u064a \u0645\u062b\u0628\u062a \u0639\u0644\u0649 \u0627\u0644\u0633\u0637\u062d (\u0646\u0638\u0627\u0645 \u0645\u0627\u0626\u064a)(85x65)\u0627\u0644\u0645\u0642\u0627\u0633 85*65\u062e\u0631\u0637\u0648\u0645 \u062d\u0631\u064a\u0642 \u0645\u0637\u0627\u0637\u064a \u0634\u0628\u0647 \u0635\u0644\u0628 1 \u0628\u0648\u0635\u0629 TS EN 694\u0641\u0648\u0647\u0629 \u0631\u0634 \u0646\u0641\u0627\u062b\u0629 1 \u0628\u0648\u0635\u062920 \u0645\u062a\u063125 \u0645\u062a\u063130 \u0645\u062a\u0631\u0635\u0645\u0627\u0645 \u0643\u0631\u0648\u064a 1 \u0628\u0648\u0635\u0629 TSEP\u0130-155P\u0130-156P\u0130-157\u0635\u0645\u0627\u0645 \u062d\u0631\u064a\u0642 2 \u0628\u0648\u0635\u0629 (\u0645\u0639 \u0645\u062d\u0648\u0644 2&gt;1)P\u0130-255P\u0130-256P\u0130-257","rel":"","context":"\u062a\u062f\u0648\u064a\u0646\u0629 \u0645\u0634\u0627\u0628\u0647\u0629","block_context":{"text":"\u062a\u062f\u0648\u064a\u0646\u0629 \u0645\u0634\u0627\u0628\u0647\u0629","link":""},"img":{"alt_text":"","src":"https:\/\/i0.wp.com\/tuzlahortum.com.tr\/wp-content\/uploads\/2019\/03\/Dik-Tip-S%C4%B1va-%C3%9Cst%C3%BC-Cam-Kapakl%C4%B1-Sulu-Sistem.jpg?fit=388%2C480&ssl=1&resize=350%2C200","width":350,"height":200},"classes":[]}],"jetpack_sharing_enabled":true,"jetpack_likes_enabled":true,"_links":{"self":[{"href":"https:\/\/tuzlahortum.com.tr\/ar\/wp-json\/wp\/v2\/product\/882","targetHints":{"allow":["GET"]}}],"collection":[{"href":"https:\/\/tuzlahortum.com.tr\/ar\/wp-json\/wp\/v2\/product"}],"about":[{"href":"https:\/\/tuzlahortum.com.tr\/ar\/wp-json\/wp\/v2\/types\/product"}],"replies":[{"embeddable":true,"href":"https:\/\/tuzlahortum.com.tr\/ar\/wp-json\/wp\/v2\/comments?post=882"}],"wp:featuredmedia":[{"embeddable":true,"href":"https:\/\/tuzlahortum.com.tr\/ar\/wp-json\/wp\/v2\/media\/7312"}],"wp:attachment":[{"href":"https:\/\/tuzlahortum.com.tr\/ar\/wp-json\/wp\/v2\/media?parent=882"}],"wp:term":[{"taxonomy":"product_brand","embeddable":true,"href":"https:\/\/tuzlahortum.com.tr\/ar\/wp-json\/wp\/v2\/product_brand?post=882"},{"taxonomy":"product_cat","embeddable":true,"href":"https:\/\/tuzlahortum.com.tr\/ar\/wp-json\/wp\/v2\/product_cat?post=882"},{"taxonomy":"product_tag","embeddable":true,"href":"https:\/\/tuzlahortum.com.tr\/ar\/wp-json\/wp\/v2\/product_tag?post=882"}],"curies":[{"name":"\u062f\u0628\u0644\u064a\u0648 \u0628\u064a","href":"https:\/\/api.w.org\/{rel}","templated":true}]}}