{"id":8757,"date":"2019-03-26T13:30:44","date_gmt":"2019-03-26T10:30:44","guid":{"rendered":"https:\/\/tuzlahortum.com.tr\/?post_type=product&#038;p=8757"},"modified":"2024-03-21T17:38:42","modified_gmt":"2024-03-21T14:38:42","slug":"trellflex-roof-drain","status":"publish","type":"product","link":"https:\/\/tuzlahortum.com.tr\/ar\/product\/trellflex-roof-drain\/","title":{"rendered":"\u062a\u0635\u0631\u064a\u0641 \u0633\u0642\u0641 TRELLFLEX"},"content":{"rendered":"<h2>\u062a\u0635\u0631\u064a\u0641 \u0633\u0642\u0641 TRELLFLEX<\/h2>\n<p>\u062e\u0631\u0627\u0637\u064a\u0645 \u0645\u0631\u0643\u0628\u0629 \/ \u0645\u0635\u0631\u0641 \u0633\u0642\u0641<br \/>\n\u0625\u0632\u0627\u0644\u0629 \u0645\u064a\u0627\u0647 \u0627\u0644\u0623\u0645\u0637\u0627\u0631 \u0645\u0646 \u0633\u0637\u062d \u0627\u0644\u062e\u0632\u0627\u0646 \u0627\u0644\u0639\u0644\u0648\u064a \u0627\u0644\u062e\u0627\u0631\u062c\u064a.<br \/>\n\u0645\u0632\u0627\u064a\u0627<br \/>\n%100&#8217;e kadar aromatik i\u00e7eren hidrokarbonlar i\u00e7in uygundur.<br \/>\n\u0627\u0644\u0637\u0641\u0648 \u0627\u0644\u0633\u0644\u0628\u064a \u0627\u0644\u0637\u0628\u064a\u0639\u064a.<br \/>\n\u062a\u0645 \u0627\u062e\u062a\u0628\u0627\u0631\u0647 \u0645\u064a\u062f\u0627\u0646\u064a\u064b\u0627 \u0648\u0627\u0639\u062a\u0645\u0627\u062f\u0647 \u0644\u0633\u0646\u0648\u0627\u062a.<br \/>\n\u0625\u0646\u0647 \u0633\u0647\u0644 \u0627\u0644\u0646\u0642\u0644 \u0648\u0627\u0644\u062a\u0631\u0643\u064a\u0628.<br \/>\n\u0639\u0645\u0631 \u062e\u062f\u0645\u0629 \u0637\u0648\u064a\u0644 (\u064a\u0635\u0644 \u0625\u0644\u0649 10 \u0633\u0646\u0648\u0627\u062a).<br \/>\n\u0635\u064a\u0627\u0646\u0629 \u0645\u0646\u062e\u0641\u0636\u0629.<br \/>\n\u0627\u0644\u0648\u0635\u0641 \u0627\u0644\u0641\u0646\u064a<br \/>\n\u0627\u0644\u0632\u0646\u0628\u0631\u0643 \u0627\u0644\u062f\u0627\u062e\u0644\u064a: \u0627\u0644\u0641\u0648\u0644\u0627\u0630 \u0627\u0644\u0645\u0642\u0627\u0648\u0645 \u0644\u0644\u0635\u062f\u0623 304L (\u0627\u0644\u0641\u0648\u0644\u0627\u0630 \u0627\u0644\u0645\u0642\u0627\u0648\u0645 \u0644\u0644\u0635\u062f\u0623 316L \u062d\u0633\u0628 \u0627\u0644\u0637\u0644\u0628)<br \/>\n\u0627\u0644\u0623\u0646\u0628\u0648\u0628 \u0627\u0644\u062f\u0627\u062e\u0644\u064a: \u0641\u064a\u0644\u0645 \u0628\u0648\u0644\u064a \u0628\u0631\u0648\u0628\u064a\u0644\u064a\u0646.<br \/>\n\u0627\u0644\u062a\u0639\u0632\u064a\u0632: \u0637\u0628\u0642\u0627\u062a \u0628\u0648\u0644\u064a \u0628\u0631\u0648\u0628\u064a\u0644\u064a\u0646 \/ \u0628\u0648\u0644\u064a\u0633\u062a\u0631.<br \/>\n\u0637\u0644\u0627\u0621: \u0628\u0648\u0644\u064a \u0623\u0645\u064a\u062f \u060c \u0623\u0628\u064a\u0636 \u060c \u0645\u0645\u0648\u062c.<br \/>\n\u0627\u0644\u0632\u0646\u0628\u0631\u0643 \u0627\u0644\u062e\u0627\u0631\u062c\u064a: \u0627\u0644\u0641\u0648\u0644\u0627\u0630 \u0627\u0644\u0645\u0642\u0627\u0648\u0645 \u0644\u0644\u0635\u062f\u0623 304L (\u0627\u0644\u0641\u0648\u0644\u0627\u0630 \u0627\u0644\u0645\u0642\u0627\u0648\u0645 \u0644\u0644\u0635\u062f\u0623 316L \u062d\u0633\u0628 \u0627\u0644\u0637\u0644\u0628)<br \/>\n\u0646\u0637\u0627\u0642 \u062f\u0631\u062c\u0629 \u0627\u0644\u062d\u0631\u0627\u0631\u0629: -30 \u062f\u0631\u062c\u0629 \u0645\u0626\u0648\u064a\u0629 \u0625\u0644\u0649 + 100 \u062f\u0631\u062c\u0629 \u0645\u0626\u0648\u064a\u0629.<br \/>\n\u0627\u0644\u062e\u0648\u0627\u0635 \u0627\u0644\u0643\u0647\u0631\u0628\u0627\u0626\u064a\u0629: \u0627\u0644\u062a\u0648\u0635\u064a\u0644 \u0627\u0644\u0643\u0647\u0631\u0628\u0627\u0626\u064a \u0644\u0644\u0648\u0644\u0628 \u0627\u0644\u062e\u0627\u0631\u062c\u064a \u0639\u0646\u062f \u0645\u0644\u0627\u0645\u0633\u062a\u0647 \u0644\u0644\u062a\u0631\u0643\u064a\u0628\u0627\u062a<br \/>\n\u064a\u0648\u0641\u0631.<br \/>\n\u0627\u0644\u0645\u0639\u064a\u0627\u0631 \/ \u0627\u0644\u0645\u0648\u0627\u0641\u0642\u0629:<br \/>\nBS 5842.<br \/>\n\u0627\u0644\u0646\u0642\u0627\u0628\u0627\u062a \/ \u0627\u0644\u062a\u0631\u0643\u064a\u0628\u0627\u062a<br \/>\n\u062c\u0645\u064a\u0639 \u0623\u0646\u0648\u0627\u0639 \u062a\u0631\u0643\u064a\u0628\u0627\u062a \u0627\u0644\u0636\u063a\u0637:<br \/>\n- Guillemin (\u0623\u0644\u0648\u0645\u0646\u064a\u0648\u0645 \u060c \u0645\u0633\u062f\u0633 \u0645\u0639\u062f\u0646\u064a \u060c \u0641\u0648\u0644\u0627\u0630 \u0645\u0642\u0627\u0648\u0645 \u0644\u0644\u0635\u062f\u0623) \u061b<br \/>\n- \u0627\u0644\u0639\u062a\u0627\u062f \u0630\u0643\u0648\u0631\u0627 \u0648\u0625\u0646\u0627\u062b\u0627 \u061b<br \/>\n- \u062a\u0631\u0643\u064a\u0628\u0627\u062a \u0633\u0647\u0644\u0629 \u0627\u0644\u062a\u0631\u0643\u064a\u0628 \u0645\u0639 \u0622\u0644\u064a\u0629 \u0627\u0644\u0643\u0627\u0645\u0629 (\u0646\u0648\u0639 Camlock).<br \/>\n\u0634\u0641\u0629 \u062b\u0627\u0628\u062a\u0629 \u0623\u0648 \u062f\u0648\u0627\u0631\u0629 ISO PN10 \/ 16 \u060c PN20 (ASA150).<\/p>\n<p><img data-recalc-dims=\"1\" loading=\"lazy\" decoding=\"async\" class=\"alignnone size-full wp-image-8758\" src=\"https:\/\/i0.wp.com\/tuzlahortum.com.tr\/wp-content\/uploads\/2019\/03\/TRELLFLEX-ROOF-DRAIN.jpg?resize=918%2C199&#038;ssl=1\" alt=\"\" width=\"918\" height=\"199\" title=\"\" srcset=\"https:\/\/i0.wp.com\/tuzlahortum.com.tr\/wp-content\/uploads\/2019\/03\/TRELLFLEX-ROOF-DRAIN.jpg?w=918&amp;ssl=1 918w, https:\/\/i0.wp.com\/tuzlahortum.com.tr\/wp-content\/uploads\/2019\/03\/TRELLFLEX-ROOF-DRAIN.jpg?resize=800%2C173&amp;ssl=1 800w, https:\/\/i0.wp.com\/tuzlahortum.com.tr\/wp-content\/uploads\/2019\/03\/TRELLFLEX-ROOF-DRAIN.jpg?resize=768%2C166&amp;ssl=1 768w, https:\/\/i0.wp.com\/tuzlahortum.com.tr\/wp-content\/uploads\/2019\/03\/TRELLFLEX-ROOF-DRAIN.jpg?resize=600%2C130&amp;ssl=1 600w\" sizes=\"auto, (max-width: 918px) 100vw, 918px\" \/><\/p>\n<div class=\"video video-fit mb\" style=\"padding-top:56.25%;\"><p><iframe loading=\"lazy\" title=\"\u0627\u0631\u062a\u0628\u0627\u0643 \u0627\u0644\u0642\u064a\u0627\u0633 (\u0628\u0648\u0635\u0629\u060c \u0625\u0635\u0628\u0639\u060c \u0636\u0628\u0627\u0628\u060c \u0645\u0644\u0644\u064a\u0645\u062a\u0631)\" width=\"1020\" height=\"574\" src=\"https:\/\/www.youtube.com\/embed\/uKk6AG_AZls?feature=oembed\" frameborder=\"0\" allow=\"accelerometer; autoplay; clipboard-write; encrypted-media; gyroscope; picture-in-picture; web-share\" referrerpolicy=\"strict-origin-when-cross-origin\" allowfullscreen><\/iframe><\/p>\n<\/div>\n<div class=\"video video-fit mb\" style=\"padding-top:56.25%;\"><p>https:\/\/www.youtube.com\/watch?v=O8ZlzKEjfEQ%20<\/p>\n<\/div>","protected":false},"excerpt":{"rendered":"<p>TRELLFLEX ROOF DRAIN Kompozit hortumlar\/\u00c7at\u0131 drenaj\u0131 Harici bir \u00e7at\u0131 \u00fcst\u00fc tank\u0131n \u00e7at\u0131s\u0131ndan ya\u011fmur suyunun uzakla\u015ft\u0131r\u0131lmas\u0131. Avantajlar %100&#8217;e kadar aromatik i\u00e7eren hidrokarbonlar i\u00e7in uygundur. Do\u011fal negatif batmazl\u0131k. Y\u0131llarca sahada test edilmi\u015f ve onaylanm\u0131\u015ft\u0131r. Ta\u015f\u0131nmas\u0131 ve kurulumu kolayd\u0131r. Uzun hizmet \u00f6mr\u00fc (10 y\u0131la kadar). D\u00fc\u015f\u00fck bak\u0131m. Teknik a\u00e7\u0131klama \u0130\u00e7 yay: paslanmaz \u00e7elik 304L (talep \u00fczerine paslanmaz \u00e7elik [&#8230;]\n","protected":false},"featured_media":8947,"comment_status":"open","ping_status":"closed","template":"","meta":{"jetpack_post_was_ever_published":false},"product_brand":[],"product_cat":[2208],"product_tag":[2213,2215,2164,290,904,905,2214],"class_list":{"0":"post-8757","1":"product","2":"type-product","3":"status-publish","4":"has-post-thumbnail","6":"product_cat-kompozit-hortumlar-akaryakit","7":"product_tag-cati","8":"product_tag-cati-drenaji","9":"product_tag-drenaj","10":"product_tag-hortum","11":"product_tag-kompozit","12":"product_tag-kompozit-hortum","13":"product_tag-yagmur-suyu","15":"first","16":"instock","17":"taxable","18":"shipping-taxable","19":"product-type-variable"},"jetpack-related-posts":[{"id":8753,"url":"https:\/\/tuzlahortum.com.tr\/ar\/product\/trellflex-biofuel\/","url_meta":{"origin":8757,"position":0},"title":"\u0627\u0644\u0648\u0642\u0648\u062f \u0627\u0644\u062d\u064a\u0648\u064a TRELLFLEX","author":"\u0130smail \u00c7elik","date":"26 \u0645\u0627\u0631\u0633 2019","format":false,"excerpt":"TRELLFLEX BIOFUELKompozit hortumlar\/Biyoyak\u0131t \u00d6zellikle kerosen, JET, AVGAS, biyoyak\u0131t ve etanol olmak \u00fczere aromatik i\u00e7eri\u011fi %50'ye kadar olan hafif veya a\u011f\u0131r petrol \u00fcr\u00fcnleri ve t\u00fcrevlerinin \u00e7ekilmesi ve tahliyesi. Karayolu veya demiryolu ta\u015f\u0131tlar\u0131 veya sabit donan\u0131mlar. Avantajlar Solventler ta\u015f\u0131nabilir. Hortumun esnekli\u011finden (d\u00fc\u015f\u00fck k\u0131vr\u0131lma yar\u0131\u00e7ap\u0131) dolay\u0131 ta\u015f\u0131mas\u0131 kolayd\u0131r. Ba\u011flant\u0131 par\u00e7alar\u0131na ba\u011flanan iki helis\u2026","rel":"","context":"\u062a\u062f\u0648\u064a\u0646\u0629 \u0645\u0634\u0627\u0628\u0647\u0629","block_context":{"text":"\u062a\u062f\u0648\u064a\u0646\u0629 \u0645\u0634\u0627\u0628\u0647\u0629","link":""},"img":{"alt_text":"","src":"https:\/\/i0.wp.com\/tuzlahortum.com.tr\/wp-content\/uploads\/2019\/03\/trellflex-biofuel-1.jpg?fit=650%2C600&ssl=1&resize=350%2C200","width":350,"height":200,"srcset":"https:\/\/i0.wp.com\/tuzlahortum.com.tr\/wp-content\/uploads\/2019\/03\/trellflex-biofuel-1.jpg?fit=650%2C600&ssl=1&resize=350%2C200 1x, https:\/\/i0.wp.com\/tuzlahortum.com.tr\/wp-content\/uploads\/2019\/03\/trellflex-biofuel-1.jpg?fit=650%2C600&ssl=1&resize=525%2C300 1.5x"},"classes":[]},{"id":8894,"url":"https:\/\/tuzlahortum.com.tr\/ar\/product\/trellflex-chem-14-ss\/","url_meta":{"origin":8757,"position":1},"title":"TRELLFLEX CHEM 14 SS","author":"\u0130smail \u00c7elik","date":"26 \u0645\u0627\u0631\u0633 2019","format":false,"excerpt":"TRELLFLEX CHEM 14 SSKompozit hortumlar\/Kimyasal ve korozif \u00fcr\u00fcnler Aromatik i\u00e7eri\u011fi %100'e kadar olan t\u00fcm petrol \u00fcr\u00fcnleri, agresif ve korozif kimyasallar\u0131n ve kimyasal at\u0131klar\u0131n b\u00fcy\u00fck bir k\u0131sm\u0131n\u0131n \u00e7ekilmesi ve tahliyesi. Karayolu ve demiryolu tankerleri ekipman\u0131 veya kimya end\u00fcstrisindeki sabit sistemler. Avantajlar Hortumun esnekli\u011finden (d\u00fc\u015f\u00fck k\u0131vr\u0131lma yar\u0131\u00e7ap\u0131) dolay\u0131 ta\u015f\u0131mas\u0131 kolayd\u0131r. Geni\u015f bir\u2026","rel":"","context":"\u062a\u062f\u0648\u064a\u0646\u0629 \u0645\u0634\u0627\u0628\u0647\u0629","block_context":{"text":"\u062a\u062f\u0648\u064a\u0646\u0629 \u0645\u0634\u0627\u0628\u0647\u0629","link":""},"img":{"alt_text":"","src":"https:\/\/i0.wp.com\/tuzlahortum.com.tr\/wp-content\/uploads\/2019\/03\/trellflex-chem.jpg?fit=669%2C604&ssl=1&resize=350%2C200","width":350,"height":200,"srcset":"https:\/\/i0.wp.com\/tuzlahortum.com.tr\/wp-content\/uploads\/2019\/03\/trellflex-chem.jpg?fit=669%2C604&ssl=1&resize=350%2C200 1x, https:\/\/i0.wp.com\/tuzlahortum.com.tr\/wp-content\/uploads\/2019\/03\/trellflex-chem.jpg?fit=669%2C604&ssl=1&resize=525%2C300 1.5x"},"classes":[]},{"id":8820,"url":"https:\/\/tuzlahortum.com.tr\/ar\/product\/trellflex-chem-14-sg\/","url_meta":{"origin":8757,"position":2},"title":"TRELLFLEX CHEM 14 SG","author":"\u0130smail \u00c7elik","date":"26 \u0645\u0627\u0631\u0633 2019","format":false,"excerpt":"TRELLFLEX CHEM 14 SGKompozit hortumlar\/Kimyasal ve korozif \u00fcr\u00fcnler Aromatik i\u00e7eri\u011fi %100'e kadar olan t\u00fcm petrol \u00fcr\u00fcnleri,agresif ve korozif kimyasallar\u0131n ve kimyasal at\u0131klar\u0131n b\u00fcy\u00fck bir k\u0131sm\u0131n\u0131n \u00e7ekilmesi ve tahliyesi. Karayolu ve demiryolu tankerleri ekipman\u0131 veya kimya end\u00fcstrisindeki sabit sistemler. Avantajlar Hortumun esnekli\u011finden (d\u00fc\u015f\u00fck k\u0131vr\u0131lma yar\u0131\u00e7ap\u0131) dolay\u0131 ta\u015f\u0131mas\u0131 kolayd\u0131r. Geni\u015f bir s\u0131cakl\u0131k\u2026","rel":"","context":"\u062a\u062f\u0648\u064a\u0646\u0629 \u0645\u0634\u0627\u0628\u0647\u0629","block_context":{"text":"\u062a\u062f\u0648\u064a\u0646\u0629 \u0645\u0634\u0627\u0628\u0647\u0629","link":""},"img":{"alt_text":"","src":"https:\/\/i0.wp.com\/tuzlahortum.com.tr\/wp-content\/uploads\/2019\/03\/trellflex-chem.jpg?fit=669%2C604&ssl=1&resize=350%2C200","width":350,"height":200,"srcset":"https:\/\/i0.wp.com\/tuzlahortum.com.tr\/wp-content\/uploads\/2019\/03\/trellflex-chem.jpg?fit=669%2C604&ssl=1&resize=350%2C200 1x, https:\/\/i0.wp.com\/tuzlahortum.com.tr\/wp-content\/uploads\/2019\/03\/trellflex-chem.jpg?fit=669%2C604&ssl=1&resize=525%2C300 1.5x"},"classes":[]},{"id":8889,"url":"https:\/\/tuzlahortum.com.tr\/ar\/product\/trellflex-chem-10-ss\/","url_meta":{"origin":8757,"position":3},"title":"TRELLFLEX CHEM 10 SS","author":"\u0130smail \u00c7elik","date":"26 \u0645\u0627\u0631\u0633 2019","format":false,"excerpt":"TRELLFLEX CHEM 10 SSKompozit hortumlar\/Kimyasal ve korozif \u00fcr\u00fcnler Aromatik i\u00e7eri\u011fi %100'e kadar olan t\u00fcm petrol \u00fcr\u00fcnleri,agresif ve korozif kimyasallar\u0131n ve kimyasal at\u0131klar\u0131n b\u00fcy\u00fck bir k\u0131sm\u0131n\u0131n \u00e7ekilmesi ve tahliyesi. Karayolu ve demiryolu tankerleri ekipman\u0131 veya kimya end\u00fcstrisindeki sabit sistemler. Avantajlar Hortumun esnekli\u011finden (d\u00fc\u015f\u00fck k\u0131vr\u0131lma yar\u0131\u00e7ap\u0131) dolay\u0131 ta\u015f\u0131mas\u0131 kolayd\u0131r. Geni\u015f bir s\u0131cakl\u0131k\u2026","rel":"","context":"\u062a\u062f\u0648\u064a\u0646\u0629 \u0645\u0634\u0627\u0628\u0647\u0629","block_context":{"text":"\u062a\u062f\u0648\u064a\u0646\u0629 \u0645\u0634\u0627\u0628\u0647\u0629","link":""},"img":{"alt_text":"","src":"https:\/\/i0.wp.com\/tuzlahortum.com.tr\/wp-content\/uploads\/2019\/03\/trellflex-chem.jpg?fit=669%2C604&ssl=1&resize=350%2C200","width":350,"height":200,"srcset":"https:\/\/i0.wp.com\/tuzlahortum.com.tr\/wp-content\/uploads\/2019\/03\/trellflex-chem.jpg?fit=669%2C604&ssl=1&resize=350%2C200 1x, https:\/\/i0.wp.com\/tuzlahortum.com.tr\/wp-content\/uploads\/2019\/03\/trellflex-chem.jpg?fit=669%2C604&ssl=1&resize=525%2C300 1.5x"},"classes":[]},{"id":8819,"url":"https:\/\/tuzlahortum.com.tr\/ar\/product\/trellflex-chem-10-sg\/","url_meta":{"origin":8757,"position":4},"title":"TRELLFLEX CHEM 10 SG","author":"\u0130smail \u00c7elik","date":"26 \u0645\u0627\u0631\u0633 2019","format":false,"excerpt":"TRELLFLEX CHEM 10 SGKompozit hortumlar\/Kimyasal ve korozif \u00fcr\u00fcnler Aromatik i\u00e7eri\u011fi %100'e kadar olan t\u00fcm petrol \u00fcr\u00fcnleri,agresif ve korozif kimyasallar\u0131n ve kimyasal at\u0131klar\u0131n b\u00fcy\u00fck bir k\u0131sm\u0131n\u0131n \u00e7ekilmesi ve tahliyesi. Karayolu ve demiryolu tankerleri ekipman\u0131 veya kimya end\u00fcstrisindeki sabit sistemler. Avantajlar Hortumun esnekli\u011finden (d\u00fc\u015f\u00fck k\u0131vr\u0131lma yar\u0131\u00e7ap\u0131) dolay\u0131 ta\u015f\u0131mas\u0131 kolayd\u0131r. Geni\u015f bir s\u0131cakl\u0131k\u2026","rel":"","context":"\u062a\u062f\u0648\u064a\u0646\u0629 \u0645\u0634\u0627\u0628\u0647\u0629","block_context":{"text":"\u062a\u062f\u0648\u064a\u0646\u0629 \u0645\u0634\u0627\u0628\u0647\u0629","link":""},"img":{"alt_text":"","src":"https:\/\/i0.wp.com\/tuzlahortum.com.tr\/wp-content\/uploads\/2019\/03\/trellflex-chem.jpg?fit=669%2C604&ssl=1&resize=350%2C200","width":350,"height":200,"srcset":"https:\/\/i0.wp.com\/tuzlahortum.com.tr\/wp-content\/uploads\/2019\/03\/trellflex-chem.jpg?fit=669%2C604&ssl=1&resize=350%2C200 1x, https:\/\/i0.wp.com\/tuzlahortum.com.tr\/wp-content\/uploads\/2019\/03\/trellflex-chem.jpg?fit=669%2C604&ssl=1&resize=525%2C300 1.5x"},"classes":[]},{"id":8872,"url":"https:\/\/tuzlahortum.com.tr\/ar\/product\/trellflex-chem-ptfe-14-sg\/","url_meta":{"origin":8757,"position":5},"title":"TRELLFLEX CHEM PTFE 14 SG","author":"\u0130smail \u00c7elik","date":"26 \u0645\u0627\u0631\u0633 2019","format":false,"excerpt":"TRELLFLEX CHEM PTFE 14 SGKompozit hortumlar\/Kimyasal ve korozif \u00fcr\u00fcnler \u00c7ok agresif veya \u00e7ok korozif olan kimyasallar, kimyasal at\u0131klar\u0131n \u00e7o\u011funun \u00e7ekilmesi ve tahliyesi. Karayolu ve demiryolu tankerleri ekipman\u0131 veya kimya end\u00fcstrisindeki sabit sistemler. Avantajlar Hortumun esnekli\u011finden (d\u00fc\u015f\u00fck k\u0131vr\u0131lma yar\u0131\u00e7ap\u0131) dolay\u0131 ta\u015f\u0131mas\u0131 kolayd\u0131r. Geni\u015f bir s\u0131cakl\u0131k aral\u0131\u011f\u0131nda kullan\u0131labilir. Bir\u00e7ok farkl\u0131 kimyasal i\u00e7in\u2026","rel":"","context":"\u062a\u062f\u0648\u064a\u0646\u0629 \u0645\u0634\u0627\u0628\u0647\u0629","block_context":{"text":"\u062a\u062f\u0648\u064a\u0646\u0629 \u0645\u0634\u0627\u0628\u0647\u0629","link":""},"img":{"alt_text":"","src":"https:\/\/i0.wp.com\/tuzlahortum.com.tr\/wp-content\/uploads\/2019\/03\/trellflex-chem-ptfe-1.jpg?fit=624%2C602&ssl=1&resize=350%2C200","width":350,"height":200,"srcset":"https:\/\/i0.wp.com\/tuzlahortum.com.tr\/wp-content\/uploads\/2019\/03\/trellflex-chem-ptfe-1.jpg?fit=624%2C602&ssl=1&resize=350%2C200 1x, https:\/\/i0.wp.com\/tuzlahortum.com.tr\/wp-content\/uploads\/2019\/03\/trellflex-chem-ptfe-1.jpg?fit=624%2C602&ssl=1&resize=525%2C300 1.5x"},"classes":[]}],"jetpack_sharing_enabled":true,"jetpack_likes_enabled":true,"_links":{"self":[{"href":"https:\/\/tuzlahortum.com.tr\/ar\/wp-json\/wp\/v2\/product\/8757","targetHints":{"allow":["GET"]}}],"collection":[{"href":"https:\/\/tuzlahortum.com.tr\/ar\/wp-json\/wp\/v2\/product"}],"about":[{"href":"https:\/\/tuzlahortum.com.tr\/ar\/wp-json\/wp\/v2\/types\/product"}],"replies":[{"embeddable":true,"href":"https:\/\/tuzlahortum.com.tr\/ar\/wp-json\/wp\/v2\/comments?post=8757"}],"wp:featuredmedia":[{"embeddable":true,"href":"https:\/\/tuzlahortum.com.tr\/ar\/wp-json\/wp\/v2\/media\/8947"}],"wp:attachment":[{"href":"https:\/\/tuzlahortum.com.tr\/ar\/wp-json\/wp\/v2\/media?parent=8757"}],"wp:term":[{"taxonomy":"product_brand","embeddable":true,"href":"https:\/\/tuzlahortum.com.tr\/ar\/wp-json\/wp\/v2\/product_brand?post=8757"},{"taxonomy":"product_cat","embeddable":true,"href":"https:\/\/tuzlahortum.com.tr\/ar\/wp-json\/wp\/v2\/product_cat?post=8757"},{"taxonomy":"product_tag","embeddable":true,"href":"https:\/\/tuzlahortum.com.tr\/ar\/wp-json\/wp\/v2\/product_tag?post=8757"}],"curies":[{"name":"\u062f\u0628\u0644\u064a\u0648 \u0628\u064a","href":"https:\/\/api.w.org\/{rel}","templated":true}]}}