{"id":8755,"date":"2019-03-26T13:13:49","date_gmt":"2019-03-26T10:13:49","guid":{"rendered":"https:\/\/tuzlahortum.com.tr\/?post_type=product&#038;p=8755"},"modified":"2024-03-21T17:38:43","modified_gmt":"2024-03-21T14:38:43","slug":"trellflex-oil-vr-gg","status":"publish","type":"product","link":"https:\/\/tuzlahortum.com.tr\/ar\/product\/trellflex-oil-vr-gg\/","title":{"rendered":"\u0632\u064a\u062a TRELLFLEX VR GG"},"content":{"rendered":"<h2>\u0632\u064a\u062a TRELLFLEX VR GG<\/h2>\n<p>\u0627\u0644\u062e\u0631\u0627\u0637\u064a\u0645 \u0627\u0644\u0645\u0631\u0643\u0628\u0629 \/ \u0627\u0633\u062a\u0639\u0627\u062f\u0629 \u0627\u0644\u0628\u062e\u0627\u0631<br \/>\n\u0627\u0633\u062a\u0639\u0627\u062f\u0629 \u0628\u062e\u0627\u0631 \u0627\u0644\u0647\u064a\u062f\u0631\u0648\u0643\u0631\u0628\u0648\u0646.<br \/>\n\u0645\u0632\u0627\u064a\u0627<br \/>\n\u064a\u0633\u0647\u0644 \u0646\u0642\u0644 \u0627\u0644\u062e\u0631\u0637\u0648\u0645 \u0646\u0638\u0631\u064b\u0627 \u0644\u0645\u0631\u0648\u0646\u062a\u0647 (\u0646\u0635\u0641 \u0642\u0637\u0631 \u0627\u0644\u0627\u0646\u062d\u0646\u0627\u0621 \u0627\u0644\u0645\u0646\u062e\u0641\u0636).<br \/>\n\u064a\u062a\u0645 \u062a\u0648\u0641\u064a\u0631 \u0627\u0644\u062a\u0648\u0635\u064a\u0644 \u0627\u0644\u0643\u0647\u0631\u0628\u0627\u0626\u064a \u0645\u0646 \u062e\u0644\u0627\u0644 \u062d\u0644\u0632\u0648\u0646\u064a\u0646 \u0645\u062a\u0635\u0644\u0627\u0646 \u0628\u0623\u062c\u0632\u0627\u0621 \u0627\u0644\u062a\u0648\u0635\u064a\u0644.<br \/>\n\u0627\u0644\u0648\u0635\u0641 \u0627\u0644\u0641\u0646\u064a<br \/>\n\u0627\u0644\u0632\u0646\u0628\u0631\u0643 \u0627\u0644\u062f\u0627\u062e\u0644\u064a: \u0627\u0644\u0641\u0648\u0644\u0627\u0630 \u0627\u0644\u0645\u062c\u0644\u0641\u0646<br \/>\n\u0627\u0644\u0623\u0646\u0628\u0648\u0628 \u0627\u0644\u062f\u0627\u062e\u0644\u064a: \u0628\u0648\u0644\u064a \u0628\u0631\u0648\u0628\u064a\u0644\u064a\u0646.<br \/>\n\u062a\u0642\u0648\u064a\u0629: \u0637\u0628\u0642\u0627\u062a \u0628\u0648\u0644\u064a \u0628\u0631\u0648\u0628\u064a\u0644\u064a\u0646.<br \/>\n\u0637\u0644\u0627\u0621: \u0642\u0645\u0627\u0634 \u0645\u0637\u0644\u064a PVC \u060c \u0623\u0635\u0641\u0631 \u060c \u0645\u0645\u0648\u062c.<br \/>\n\u0627\u0644\u0632\u0646\u0628\u0631\u0643 \u0627\u0644\u062e\u0627\u0631\u062c\u064a: \u0641\u0648\u0644\u0627\u0630 \u0645\u062c\u0644\u0641\u0646<br \/>\n\u0646\u0637\u0627\u0642 \u062f\u0631\u062c\u0629 \u0627\u0644\u062d\u0631\u0627\u0631\u0629: -30 \u062f\u0631\u062c\u0629 \u0645\u0626\u0648\u064a\u0629 \u0625\u0644\u0649 + 100 \u062f\u0631\u062c\u0629 \u0645\u0626\u0648\u064a\u0629.<br \/>\n\u0627\u0644\u062e\u0635\u0627\u0626\u0635 \u0627\u0644\u0643\u0647\u0631\u0628\u0627\u0626\u064a\u0629: \u22642.5\u03a9 \/ \u0645 \u0644\u0644\u0645\u0639\u0631\u0641 &lt;50 \u0645\u0645.<br \/>\n\u22641.0\u03a9 \/ \u0645 \u0644\u0640 INS\u226550mm.<br \/>\n\u0627\u0644\u0645\u0639\u064a\u0627\u0631 \/ \u0627\u0644\u0645\u0648\u0627\u0641\u0642\u0629:<br \/>\nEN 13765.<br \/>\n\u0627\u0644\u0646\u0642\u0627\u0628\u0627\u062a \/ \u0627\u0644\u062a\u0631\u0643\u064a\u0628\u0627\u062a<br \/>\n\u062c\u0645\u064a\u0639 \u0623\u0646\u0648\u0627\u0639 \u062a\u0631\u0643\u064a\u0628\u0627\u062a \u0627\u0644\u0636\u063a\u0637:<br \/>\n- Guillemin (\u0623\u0644\u0648\u0645\u0646\u064a\u0648\u0645 \u060c \u0645\u0633\u062f\u0633 \u0645\u0639\u062f\u0646\u064a \u060c \u0641\u0648\u0644\u0627\u0630 \u0645\u0642\u0627\u0648\u0645 \u0644\u0644\u0635\u062f\u0623) \u061b<br \/>\n- \u0627\u0644\u0639\u062a\u0627\u062f \u0630\u0643\u0648\u0631\u0627 \u0648\u0625\u0646\u0627\u062b\u0627 \u061b<br \/>\n- \u062a\u0631\u0643\u064a\u0628\u0627\u062a \u0633\u0647\u0644\u0629 \u0627\u0644\u062a\u0631\u0643\u064a\u0628 \u0645\u0639 \u0622\u0644\u064a\u0629 \u0627\u0644\u0643\u0627\u0645\u0629 (\u0646\u0648\u0639 Camlock).<br \/>\n\u0634\u0641\u0629 \u062b\u0627\u0628\u062a\u0629 \u0623\u0648 \u062f\u0648\u0627\u0631\u0629 ISO PN10 \/ 16 \u060c PN20 (ASA150).<\/p>\n<p><img data-recalc-dims=\"1\" loading=\"lazy\" decoding=\"async\" class=\"alignnone size-full wp-image-8756\" src=\"https:\/\/i0.wp.com\/tuzlahortum.com.tr\/wp-content\/uploads\/2019\/03\/TRELLFLEX-OIL-VR-GG.jpg?resize=904%2C183&#038;ssl=1\" alt=\"\" width=\"904\" height=\"183\" title=\"\" srcset=\"https:\/\/i0.wp.com\/tuzlahortum.com.tr\/wp-content\/uploads\/2019\/03\/TRELLFLEX-OIL-VR-GG.jpg?w=904&amp;ssl=1 904w, https:\/\/i0.wp.com\/tuzlahortum.com.tr\/wp-content\/uploads\/2019\/03\/TRELLFLEX-OIL-VR-GG.jpg?resize=800%2C162&amp;ssl=1 800w, https:\/\/i0.wp.com\/tuzlahortum.com.tr\/wp-content\/uploads\/2019\/03\/TRELLFLEX-OIL-VR-GG.jpg?resize=768%2C155&amp;ssl=1 768w, https:\/\/i0.wp.com\/tuzlahortum.com.tr\/wp-content\/uploads\/2019\/03\/TRELLFLEX-OIL-VR-GG.jpg?resize=600%2C121&amp;ssl=1 600w\" sizes=\"auto, (max-width: 904px) 100vw, 904px\" \/><\/p>\n<div class=\"video video-fit mb\" style=\"padding-top:56.25%;\"><p><iframe loading=\"lazy\" title=\"\u0627\u0631\u062a\u0628\u0627\u0643 \u0627\u0644\u0642\u064a\u0627\u0633 (\u0628\u0648\u0635\u0629\u060c \u0625\u0635\u0628\u0639\u060c \u0636\u0628\u0627\u0628\u060c \u0645\u0644\u0644\u064a\u0645\u062a\u0631)\" width=\"1020\" height=\"574\" src=\"https:\/\/www.youtube.com\/embed\/uKk6AG_AZls?feature=oembed\" frameborder=\"0\" allow=\"accelerometer; autoplay; clipboard-write; encrypted-media; gyroscope; picture-in-picture; web-share\" referrerpolicy=\"strict-origin-when-cross-origin\" allowfullscreen><\/iframe><\/p>\n<\/div>\n<div class=\"video video-fit mb\" style=\"padding-top:56.25%;\"><p>https:\/\/www.youtube.com\/watch?v=O8ZlzKEjfEQ%20<\/p>\n<\/div>","protected":false},"excerpt":{"rendered":"<p>TRELLFLEX OIL VR GG Kompozit hortumlar\/Buhar kazan\u0131m\u0131 Hidrokarbon buhar kazan\u0131m\u0131. Avantajlar Hortumun esnekli\u011finden (d\u00fc\u015f\u00fck k\u0131vr\u0131lma yar\u0131\u00e7ap\u0131) dolay\u0131 ta\u015f\u0131mas\u0131 kolayd\u0131r. Ba\u011flant\u0131 par\u00e7alar\u0131na ba\u011flanan iki helis ile elektriksel iletkenlik sa\u011flan\u0131r. Teknik a\u00e7\u0131klama \u0130\u00e7 yay: galvanize \u00e7elik \u0130\u00e7 t\u00fcp : polipropilen. Takviye : polipropilen katmanlar. Kaplama : PVC kapl\u0131 kuma\u015f, sar\u0131, oluklu. D\u0131\u015f yay: galvanize \u00e7elik S\u0131cakl\u0131k aral\u0131\u011f\u0131 [&#8230;]\n","protected":false},"featured_media":8945,"comment_status":"open","ping_status":"closed","template":"","meta":{"jetpack_post_was_ever_published":false},"product_brand":[],"product_cat":[2208],"product_tag":[683,2216,290,904,905],"class_list":{"0":"post-8755","1":"product","2":"type-product","3":"status-publish","4":"has-post-thumbnail","6":"product_cat-kompozit-hortumlar-akaryakit","7":"product_tag-buhar","8":"product_tag-buhar-kazanimi","9":"product_tag-hortum","10":"product_tag-kompozit","11":"product_tag-kompozit-hortum","13":"first","14":"instock","15":"taxable","16":"shipping-taxable","17":"product-type-variable"},"jetpack-related-posts":[{"id":8750,"url":"https:\/\/tuzlahortum.com.tr\/ar\/product\/trellflex-oil-14-gg\/","url_meta":{"origin":8755,"position":0},"title":"\u0632\u064a\u062a \u062a\u0631\u064a\u0644\u0641\u0644\u064a\u0643\u0633 14 \u062c\u0645","author":"\u0130smail \u00c7elik","date":"26 \u0645\u0627\u0631\u0633 2019","format":false,"excerpt":"TRELLFLEX OIL 14 GGKompozit hortumlar\/Ya\u011f ve petrol Aromatik i\u00e7eri\u011fi %50'ye kadar olan hafif veya a\u011f\u0131r petrol \u00fcr\u00fcnleri ve t\u00fcrevlerinin \u00e7ekilmesi ve tahliyesi. Karayolu veya demiryolu ta\u015f\u0131tlar\u0131 veya sabit donan\u0131mlar. Avantajlar Hem siyah hem de beyaz ya\u011f ta\u015f\u0131nabilir. D\u00fc\u015f\u00fck k\u0131vr\u0131lma yar\u0131\u00e7ap\u0131. Teknik a\u00e7\u0131klama \u0130\u00e7 yay: galvanize \u00e7elik \u0130\u00e7 t\u00fcp : polipropilen\u2026","rel":"","context":"\u062a\u062f\u0648\u064a\u0646\u0629 \u0645\u0634\u0627\u0628\u0647\u0629","block_context":{"text":"\u062a\u062f\u0648\u064a\u0646\u0629 \u0645\u0634\u0627\u0628\u0647\u0629","link":""},"img":{"alt_text":"","src":"https:\/\/i0.wp.com\/tuzlahortum.com.tr\/wp-content\/uploads\/2019\/03\/trellflex-oil-1.jpg?fit=667%2C604&ssl=1&resize=350%2C200","width":350,"height":200,"srcset":"https:\/\/i0.wp.com\/tuzlahortum.com.tr\/wp-content\/uploads\/2019\/03\/trellflex-oil-1.jpg?fit=667%2C604&ssl=1&resize=350%2C200 1x, https:\/\/i0.wp.com\/tuzlahortum.com.tr\/wp-content\/uploads\/2019\/03\/trellflex-oil-1.jpg?fit=667%2C604&ssl=1&resize=525%2C300 1.5x"},"classes":[]},{"id":8821,"url":"https:\/\/tuzlahortum.com.tr\/ar\/product\/trellflex-chem-14-pg\/","url_meta":{"origin":8755,"position":1},"title":"TRELLFLEX CHEM 14 PG","author":"\u0130smail \u00c7elik","date":"26 \u0645\u0627\u0631\u0633 2019","format":false,"excerpt":"TRELLFLEX CHEM 14 PGKompozit hortumlar\/Kimyasal ve korozif \u00fcr\u00fcnler Aromatik i\u00e7eri\u011fi %100'e kadar olan t\u00fcm petrol \u00fcr\u00fcnleri, agresif ve korozif kimyasallar\u0131n ve kimyasal at\u0131klar\u0131n b\u00fcy\u00fck bir k\u0131sm\u0131n\u0131n \u00e7ekilmesi ve tahliyesi. Karayolu ve demiryolu tankerleri ekipman\u0131 veya kimya end\u00fcstrisindeki sabit sistemler. Avantajlar Hortumun esnekli\u011finden (d\u00fc\u015f\u00fck k\u0131vr\u0131lma yar\u0131\u00e7ap\u0131) dolay\u0131 ta\u015f\u0131mas\u0131 kolayd\u0131r. Geni\u015f bir\u2026","rel":"","context":"\u062a\u062f\u0648\u064a\u0646\u0629 \u0645\u0634\u0627\u0628\u0647\u0629","block_context":{"text":"\u062a\u062f\u0648\u064a\u0646\u0629 \u0645\u0634\u0627\u0628\u0647\u0629","link":""},"img":{"alt_text":"","src":"https:\/\/i0.wp.com\/tuzlahortum.com.tr\/wp-content\/uploads\/2019\/03\/trellflex-chem.jpg?fit=669%2C604&ssl=1&resize=350%2C200","width":350,"height":200,"srcset":"https:\/\/i0.wp.com\/tuzlahortum.com.tr\/wp-content\/uploads\/2019\/03\/trellflex-chem.jpg?fit=669%2C604&ssl=1&resize=350%2C200 1x, https:\/\/i0.wp.com\/tuzlahortum.com.tr\/wp-content\/uploads\/2019\/03\/trellflex-chem.jpg?fit=669%2C604&ssl=1&resize=525%2C300 1.5x"},"classes":[]},{"id":8820,"url":"https:\/\/tuzlahortum.com.tr\/ar\/product\/trellflex-chem-14-sg\/","url_meta":{"origin":8755,"position":2},"title":"TRELLFLEX CHEM 14 SG","author":"\u0130smail \u00c7elik","date":"26 \u0645\u0627\u0631\u0633 2019","format":false,"excerpt":"TRELLFLEX CHEM 14 SGKompozit hortumlar\/Kimyasal ve korozif \u00fcr\u00fcnler Aromatik i\u00e7eri\u011fi %100'e kadar olan t\u00fcm petrol \u00fcr\u00fcnleri,agresif ve korozif kimyasallar\u0131n ve kimyasal at\u0131klar\u0131n b\u00fcy\u00fck bir k\u0131sm\u0131n\u0131n \u00e7ekilmesi ve tahliyesi. Karayolu ve demiryolu tankerleri ekipman\u0131 veya kimya end\u00fcstrisindeki sabit sistemler. Avantajlar Hortumun esnekli\u011finden (d\u00fc\u015f\u00fck k\u0131vr\u0131lma yar\u0131\u00e7ap\u0131) dolay\u0131 ta\u015f\u0131mas\u0131 kolayd\u0131r. Geni\u015f bir s\u0131cakl\u0131k\u2026","rel":"","context":"\u062a\u062f\u0648\u064a\u0646\u0629 \u0645\u0634\u0627\u0628\u0647\u0629","block_context":{"text":"\u062a\u062f\u0648\u064a\u0646\u0629 \u0645\u0634\u0627\u0628\u0647\u0629","link":""},"img":{"alt_text":"","src":"https:\/\/i0.wp.com\/tuzlahortum.com.tr\/wp-content\/uploads\/2019\/03\/trellflex-chem.jpg?fit=669%2C604&ssl=1&resize=350%2C200","width":350,"height":200,"srcset":"https:\/\/i0.wp.com\/tuzlahortum.com.tr\/wp-content\/uploads\/2019\/03\/trellflex-chem.jpg?fit=669%2C604&ssl=1&resize=350%2C200 1x, https:\/\/i0.wp.com\/tuzlahortum.com.tr\/wp-content\/uploads\/2019\/03\/trellflex-chem.jpg?fit=669%2C604&ssl=1&resize=525%2C300 1.5x"},"classes":[]},{"id":8906,"url":"https:\/\/tuzlahortum.com.tr\/ar\/product\/trellflex-chem-14-ps\/","url_meta":{"origin":8755,"position":3},"title":"TRELLFLEX CHEM 14 PS","author":"\u0130smail \u00c7elik","date":"26 \u0645\u0627\u0631\u0633 2019","format":false,"excerpt":"TRELLFLEX CHEM 14 PSKompozit hortumlar\/Kimyasal ve korozif \u00fcr\u00fcnler Aromatik i\u00e7eri\u011fi %100'e kadar olan t\u00fcm petrol \u00fcr\u00fcnleri, agresif ve korozif kimyasallar\u0131n ve kimyasal at\u0131klar\u0131n b\u00fcy\u00fck bir k\u0131sm\u0131n\u0131n \u00e7ekilmesi ve tahliyesi. Karayolu ve demiryolu tankerleri ekipman\u0131 veya kimya end\u00fcstrisindeki sabit sistemler. Avantajlar Hortumun esnekli\u011finden (d\u00fc\u015f\u00fck k\u0131vr\u0131lma yar\u0131\u00e7ap\u0131) dolay\u0131 ta\u015f\u0131mas\u0131 kolayd\u0131r. Geni\u015f bir\u2026","rel":"","context":"\u062a\u062f\u0648\u064a\u0646\u0629 \u0645\u0634\u0627\u0628\u0647\u0629","block_context":{"text":"\u062a\u062f\u0648\u064a\u0646\u0629 \u0645\u0634\u0627\u0628\u0647\u0629","link":""},"img":{"alt_text":"","src":"https:\/\/i0.wp.com\/tuzlahortum.com.tr\/wp-content\/uploads\/2019\/03\/trellflex-chem.jpg?fit=669%2C604&ssl=1&resize=350%2C200","width":350,"height":200,"srcset":"https:\/\/i0.wp.com\/tuzlahortum.com.tr\/wp-content\/uploads\/2019\/03\/trellflex-chem.jpg?fit=669%2C604&ssl=1&resize=350%2C200 1x, https:\/\/i0.wp.com\/tuzlahortum.com.tr\/wp-content\/uploads\/2019\/03\/trellflex-chem.jpg?fit=669%2C604&ssl=1&resize=525%2C300 1.5x"},"classes":[]},{"id":8872,"url":"https:\/\/tuzlahortum.com.tr\/ar\/product\/trellflex-chem-ptfe-14-sg\/","url_meta":{"origin":8755,"position":4},"title":"TRELLFLEX CHEM PTFE 14 SG","author":"\u0130smail \u00c7elik","date":"26 \u0645\u0627\u0631\u0633 2019","format":false,"excerpt":"TRELLFLEX CHEM PTFE 14 SGKompozit hortumlar\/Kimyasal ve korozif \u00fcr\u00fcnler \u00c7ok agresif veya \u00e7ok korozif olan kimyasallar, kimyasal at\u0131klar\u0131n \u00e7o\u011funun \u00e7ekilmesi ve tahliyesi. Karayolu ve demiryolu tankerleri ekipman\u0131 veya kimya end\u00fcstrisindeki sabit sistemler. Avantajlar Hortumun esnekli\u011finden (d\u00fc\u015f\u00fck k\u0131vr\u0131lma yar\u0131\u00e7ap\u0131) dolay\u0131 ta\u015f\u0131mas\u0131 kolayd\u0131r. Geni\u015f bir s\u0131cakl\u0131k aral\u0131\u011f\u0131nda kullan\u0131labilir. Bir\u00e7ok farkl\u0131 kimyasal i\u00e7in\u2026","rel":"","context":"\u062a\u062f\u0648\u064a\u0646\u0629 \u0645\u0634\u0627\u0628\u0647\u0629","block_context":{"text":"\u062a\u062f\u0648\u064a\u0646\u0629 \u0645\u0634\u0627\u0628\u0647\u0629","link":""},"img":{"alt_text":"","src":"https:\/\/i0.wp.com\/tuzlahortum.com.tr\/wp-content\/uploads\/2019\/03\/trellflex-chem-ptfe-1.jpg?fit=624%2C602&ssl=1&resize=350%2C200","width":350,"height":200,"srcset":"https:\/\/i0.wp.com\/tuzlahortum.com.tr\/wp-content\/uploads\/2019\/03\/trellflex-chem-ptfe-1.jpg?fit=624%2C602&ssl=1&resize=350%2C200 1x, https:\/\/i0.wp.com\/tuzlahortum.com.tr\/wp-content\/uploads\/2019\/03\/trellflex-chem-ptfe-1.jpg?fit=624%2C602&ssl=1&resize=525%2C300 1.5x"},"classes":[]},{"id":8894,"url":"https:\/\/tuzlahortum.com.tr\/ar\/product\/trellflex-chem-14-ss\/","url_meta":{"origin":8755,"position":5},"title":"TRELLFLEX CHEM 14 SS","author":"\u0130smail \u00c7elik","date":"26 \u0645\u0627\u0631\u0633 2019","format":false,"excerpt":"TRELLFLEX CHEM 14 SSKompozit hortumlar\/Kimyasal ve korozif \u00fcr\u00fcnler Aromatik i\u00e7eri\u011fi %100'e kadar olan t\u00fcm petrol \u00fcr\u00fcnleri, agresif ve korozif kimyasallar\u0131n ve kimyasal at\u0131klar\u0131n b\u00fcy\u00fck bir k\u0131sm\u0131n\u0131n \u00e7ekilmesi ve tahliyesi. Karayolu ve demiryolu tankerleri ekipman\u0131 veya kimya end\u00fcstrisindeki sabit sistemler. Avantajlar Hortumun esnekli\u011finden (d\u00fc\u015f\u00fck k\u0131vr\u0131lma yar\u0131\u00e7ap\u0131) dolay\u0131 ta\u015f\u0131mas\u0131 kolayd\u0131r. Geni\u015f bir\u2026","rel":"","context":"\u062a\u062f\u0648\u064a\u0646\u0629 \u0645\u0634\u0627\u0628\u0647\u0629","block_context":{"text":"\u062a\u062f\u0648\u064a\u0646\u0629 \u0645\u0634\u0627\u0628\u0647\u0629","link":""},"img":{"alt_text":"","src":"https:\/\/i0.wp.com\/tuzlahortum.com.tr\/wp-content\/uploads\/2019\/03\/trellflex-chem.jpg?fit=669%2C604&ssl=1&resize=350%2C200","width":350,"height":200,"srcset":"https:\/\/i0.wp.com\/tuzlahortum.com.tr\/wp-content\/uploads\/2019\/03\/trellflex-chem.jpg?fit=669%2C604&ssl=1&resize=350%2C200 1x, https:\/\/i0.wp.com\/tuzlahortum.com.tr\/wp-content\/uploads\/2019\/03\/trellflex-chem.jpg?fit=669%2C604&ssl=1&resize=525%2C300 1.5x"},"classes":[]}],"jetpack_sharing_enabled":true,"jetpack_likes_enabled":true,"_links":{"self":[{"href":"https:\/\/tuzlahortum.com.tr\/ar\/wp-json\/wp\/v2\/product\/8755","targetHints":{"allow":["GET"]}}],"collection":[{"href":"https:\/\/tuzlahortum.com.tr\/ar\/wp-json\/wp\/v2\/product"}],"about":[{"href":"https:\/\/tuzlahortum.com.tr\/ar\/wp-json\/wp\/v2\/types\/product"}],"replies":[{"embeddable":true,"href":"https:\/\/tuzlahortum.com.tr\/ar\/wp-json\/wp\/v2\/comments?post=8755"}],"wp:featuredmedia":[{"embeddable":true,"href":"https:\/\/tuzlahortum.com.tr\/ar\/wp-json\/wp\/v2\/media\/8945"}],"wp:attachment":[{"href":"https:\/\/tuzlahortum.com.tr\/ar\/wp-json\/wp\/v2\/media?parent=8755"}],"wp:term":[{"taxonomy":"product_brand","embeddable":true,"href":"https:\/\/tuzlahortum.com.tr\/ar\/wp-json\/wp\/v2\/product_brand?post=8755"},{"taxonomy":"product_cat","embeddable":true,"href":"https:\/\/tuzlahortum.com.tr\/ar\/wp-json\/wp\/v2\/product_cat?post=8755"},{"taxonomy":"product_tag","embeddable":true,"href":"https:\/\/tuzlahortum.com.tr\/ar\/wp-json\/wp\/v2\/product_tag?post=8755"}],"curies":[{"name":"\u062f\u0628\u0644\u064a\u0648 \u0628\u064a","href":"https:\/\/api.w.org\/{rel}","templated":true}]}}