{"id":875,"date":"2019-02-06T23:54:59","date_gmt":"2019-02-06T20:54:59","guid":{"rendered":"http:\/\/hortum.com.tr\/product\/import-placeholder-for-273\/"},"modified":"2024-03-21T17:41:22","modified_gmt":"2024-03-21T14:41:22","slug":"hava-jak-cesitleri-erkek-disigovde-uc","status":"publish","type":"product","link":"https:\/\/tuzlahortum.com.tr\/ar\/product\/hava-jak-cesitleri-erkek-disigovde-uc\/","title":{"rendered":"\u0623\u0646\u0648\u0627\u0639 \u062c\u0627\u0643 \u0627\u0644\u0647\u0648\u0627\u0621 (\u0630\u0643\u0631 - \u0623\u0646\u062b\u0649 \u060c \u0637\u0631\u0641 \u0627\u0644\u062c\u0633\u0645)"},"content":{"rendered":"<h2>\u0623\u0646\u0648\u0627\u0639 \u062c\u0627\u0643 \u0627\u0644\u0647\u0648\u0627\u0621 (\u0630\u0643\u0631 - \u0623\u0646\u062b\u0649 \u060c \u0637\u0631\u0641 \u0627\u0644\u062c\u0633\u0645)<\/h2>\n<p>\u062a\u062a\u0645\u064a\u0632 \u0627\u0644\u0627\u062a\u062d\u0627\u062f\u0627\u062a \u0627\u0644\u0623\u0648\u062a\u0648\u0645\u0627\u062a\u064a\u0643\u064a\u0629 \u0627\u0644\u0647\u0648\u0627\u0626\u064a\u0629 \u0645\u0646 \u0633\u0644\u0633\u0644\u0629 PN25 \u0628\u0627\u0644\u0642\u062f\u0631\u0629 \u0639\u0644\u0649 \u0627\u0644\u0641\u0643 \u0648\u0627\u0644\u062a\u0631\u0643\u064a\u0628 \u0628\u064a\u062f \u0648\u0627\u062d\u062f\u0629 \u062a\u062d\u062a \u0627\u0644\u0636\u063a\u0637.<\/p>\n<p>\u0627\u0644\u064a\u0646\u0627\u0628\u064a\u0639 \u0641\u064a \u0633\u0644\u0633\u0644\u0629 PN25 \u0645\u0646 \u0627\u0644\u0643\u0631\u0648\u0645 \u0627\u0644\u0646\u064a\u0643\u0644. \u0627\u0644\u0648\u0635\u0644\u0627\u062a \u0627\u0644\u0623\u0648\u062a\u0648\u0645\u0627\u062a\u064a\u0643\u064a\u0629 \u0627\u0644\u0647\u0648\u0627\u0626\u064a\u0629 \u0645\u0646 \u0633\u0644\u0633\u0644\u0629 Pn25 \u060c \u0627\u0644\u0647\u064a\u0627\u0643\u0644 \u0627\u0644\u0642\u0648\u064a\u0629 \u0648\u0627\u0644\u0645\u062a\u064a\u0646\u0629 \u060c<\/p>\n<p>\u0628\u0641\u0636\u0644 \u0642\u062f\u0631\u0627\u062a \u062a\u062f\u0641\u0642 \u0627\u0644\u0647\u0648\u0627\u0621 \u0627\u0644\u0639\u0627\u0644\u064a\u0629 \u0648\u0633\u0647\u0648\u0644\u0629 \u0627\u0644\u0627\u0633\u062a\u062e\u062f\u0627\u0645 \u060c \u064a\u0645\u0643\u0646 \u0627\u0633\u062a\u062e\u062f\u0627\u0645\u0647 \u0628\u0623\u0645\u0627\u0646 \u0641\u064a \u062e\u0637\u0648\u0637 \u0627\u0644\u0647\u0648\u0627\u0621 \u0627\u0644\u0645\u0636\u063a\u0648\u0637 \u0641\u064a \u062c\u0645\u064a\u0639 \u0627\u0644\u0635\u0646\u0627\u0639\u0627\u062a.<\/p>\n<p>\u064a\u0633\u062a\u062e\u062f\u0645.<\/p>\n<table border=\"0\" width=\"1022\">\n<tbody>\n<tr>\n<td width=\"578\">\u0627\u0644\u062a\u0648\u0627\u0641\u0642<\/td>\n<td width=\"444\">Rectus 26 (\u0627\u0644\u0645\u0639\u064a\u0627\u0631 \u0627\u0644\u0623\u0648\u0631\u0648\u0628\u064a)<\/td>\n<\/tr>\n<tr>\n<td>\u0645\u0648\u0627\u062f<\/td>\n<td>\u0642\u0637\u0639 \u0627\u0644\u0635\u0644\u0628 \u0645\u062c\u0627\u0646\u0627<\/td>\n<\/tr>\n<tr>\n<td>\u062e\u062a\u0645<\/td>\n<td>\u0627\u0644\u0646\u062a\u0631\u064a\u0644 \u064a\u0627 \u0627\u0644\u062f\u0627\u0626\u0631\u064a (NBR)<\/td>\n<\/tr>\n<tr>\n<td>\u062f\u0631\u062c\u0629 \u062d\u0631\u0627\u0631\u0629 \u0627\u0644\u062a\u0634\u063a\u064a\u0644<\/td>\n<td>-30 \u062f\u0631\u062c\u0629 \u0645\u0626\u0648\u064a\u0629 \u0625\u0644\u0649 +110 \u062f\u0631\u062c\u0629 \u0645\u0626\u0648\u064a\u0629<\/td>\n<\/tr>\n<tr>\n<td>\u062a\u063a\u0637\u064a\u0629<\/td>\n<td>\u0627\u0644\u0645\u062c\u0644\u0641\u0646 (\u062a\u062e\u0645\u064a\u0644 \u0627\u0644\u0643\u0631\u0648\u0645 III)<\/td>\n<\/tr>\n<tr>\n<td>\u0627\u0644\u0645\u0639\u0627\u0644\u062c\u0629 \u0627\u0644\u062d\u0631\u0627\u0631\u064a\u0629<\/td>\n<td>\u0641\u064a \u0623\u0642\u0635\u0649 \u0627\u0644\u062d\u062f\u0648\u062f<\/td>\n<\/tr>\n<tr>\n<td>\u0633\u0647\u0645<\/td>\n<td>\u0643\u0631\u0648\u0645 \u0646\u064a\u0643\u0644<\/td>\n<\/tr>\n<tr>\n<td>\u0646\u0638\u0627\u0645 \u0627\u0644\u0625\u0631\u0633\u0627\u0621<\/td>\n<td>\u0639\u0646 \u0637\u0631\u064a\u0642 \u062f\u0641\u0639 \u0627\u0644\u0628\u062a \u0644\u0644\u0623\u0645\u0627\u0645 (\u064a\u062f \u0648\u0627\u062d\u062f\u0629)<\/td>\n<\/tr>\n<tr>\n<td>\u0646\u0638\u0627\u0645 \u0627\u0644\u0627\u0633\u062a\u062e\u0631\u0627\u062c<\/td>\n<td>\u0645\u0639 \u062a\u0631\u0627\u062c\u0639 \u0627\u0644\u062d\u0644\u0642\u0629 (\u064a\u062f \u0648\u0627\u062d\u062f\u0629)<\/td>\n<\/tr>\n<tr>\n<td>\u0642\u0627\u0628\u0644 \u0644\u0644\u062a\u0648\u0635\u064a\u0644 \u062a\u062d\u062a \u0627\u0644\u0636\u063a\u0637<\/td>\n<td>\u0642\u0627\u0628\u0644 \u0644\u0644\u062a\u0646\u0641\u064a\u0630<\/td>\n<\/tr>\n<tr>\n<td>\u0642\u0627\u0628\u0644 \u0644\u0644\u0625\u0632\u0627\u0644\u0629 \u062a\u062d\u062a \u0627\u0644\u0636\u063a\u0637<\/td>\n<td>\u0642\u0627\u0628\u0644 \u0644\u0644\u062a\u0646\u0641\u064a\u0630<\/td>\n<\/tr>\n<tr>\n<td>\u0641\u064a \u0638\u0631\u0648\u0641 \u062e\u0627\u0635\u0629<\/td>\n<td>\u0641\u064a\u062a\u0648\u0646<\/td>\n<\/tr>\n<tr>\n<td>\u0645\u062c\u0627\u0644\u0627\u062a \u0627\u0644\u0627\u0633\u062a\u062e\u062f\u0627\u0645<\/td>\n<td>\u062e\u0637\u0648\u0637 \u0627\u0644\u0647\u0648\u0627\u0621 \u0627\u0644\u0645\u0636\u063a\u0648\u0637 \u0641\u064a \u062c\u0645\u064a\u0639 \u0627\u0644\u0635\u0646\u0627\u0639\u0627\u062a<\/td>\n<\/tr>\n<\/tbody>\n<\/table>\n<div class=\"video video-fit mb\" style=\"padding-top:56.25%;\"><p><iframe loading=\"lazy\" title=\"\u0627\u0644\u0631\u0627\u0641\u0639\u0627\u062a \u0627\u0644\u0647\u0648\u0627\u0626\u064a\u0629\" width=\"1020\" height=\"574\" src=\"https:\/\/www.youtube.com\/embed\/YFDzAoEaZfM?feature=oembed\" frameborder=\"0\" allow=\"accelerometer; autoplay; clipboard-write; encrypted-media; gyroscope; picture-in-picture; web-share\" referrerpolicy=\"strict-origin-when-cross-origin\" allowfullscreen><\/iframe><\/p>\n<\/div>","protected":false},"excerpt":{"rendered":"<p>Hava Jak \u00c7e\u015fitleri (Erkek-Di\u015fi,G\u00f6vde-U\u00e7) PN25 Serisi Pn\u00f6matik Otomatik Rekorlar bas\u0131n\u00e7 alt\u0131nda tek elle s\u00f6k\u00fcl\u00fcp tak\u0131labilme \u00f6zelli\u011fine sahiptir. PN25 serisinde yaylar krom nikeldir.\u00a0 Pn25 Serisi Pn\u00f6matik Otomatik Rekorlar, sa\u011flam ve dayan\u0131kl\u0131 yap\u0131lar\u0131, y\u00fcksek hava ak\u0131m kapasiteleri ve kullan\u0131m kolayl\u0131\u011f\u0131 sayesinde t\u00fcm sanayide bas\u0131n\u00e7l\u0131 hava hatlar\u0131nda g\u00fcvenle kullan\u0131lmaktad\u0131r. Uyumluluk Rectus 26 (Avrupa Standard\u0131) Malzeme Otomat \u00c7eli\u011fi S\u0131zd\u0131rmazl\u0131k [&#8230;]\n","protected":false},"featured_media":7243,"comment_status":"open","ping_status":"closed","template":"","meta":{"jetpack_post_was_ever_published":false},"product_brand":[],"product_cat":[91],"product_tag":[1130,1128,1129,257,292,2266,2267,1132,1131,1133],"class_list":{"0":"post-875","1":"product","2":"type-product","3":"status-publish","4":"has-post-thumbnail","6":"product_cat-hidrolik-baglanti-elemanlari","7":"product_tag-1-2","8":"product_tag-1-4","9":"product_tag-3-8","10":"product_tag-disi","11":"product_tag-erkek","12":"product_tag-hava-jak","13":"product_tag-hava-jaki","14":"product_tag-hortum-uclu","15":"product_tag-jak","16":"product_tag-jak-cesitleri","18":"first","19":"instock","20":"taxable","21":"shipping-taxable","22":"product-type-variable"},"jetpack-related-posts":[{"id":7222,"url":"https:\/\/tuzlahortum.com.tr\/ar\/product\/hava-jak-cesitleri-hortumgovde-uc\/","url_meta":{"origin":875,"position":0},"title":"\u0623\u0646\u0648\u0627\u0639 \u062c\u0627\u0643 \u0627\u0644\u0647\u0648\u0627\u0621 (\u062e\u0631\u0637\u0648\u0645 \u060c \u0646\u0647\u0627\u064a\u0629 \u0627\u0644\u062c\u0633\u0645)","author":"\u0130smail \u00c7elik","date":"8 \u0645\u0627\u0631\u0633 2019","format":false,"excerpt":"Hava Jak \u00c7e\u015fitleri (Hortum,G\u00f6vde-U\u00e7)PN25 Serisi Pn\u00f6matik Otomatik Rekorlar bas\u0131n\u00e7 alt\u0131nda tek elle s\u00f6k\u00fcl\u00fcp tak\u0131labilme \u00f6zelli\u011fine sahiptir. PN25 serisinde yaylar krom nikeldir.\u00a0 Pn25 Serisi Pn\u00f6matik Otomatik Rekorlar, sa\u011flam ve dayan\u0131kl\u0131 yap\u0131lar\u0131, y\u00fcksek hava ak\u0131m kapasiteleri ve kullan\u0131m kolayl\u0131\u011f\u0131 sayesinde t\u00fcm sanayide bas\u0131n\u00e7l\u0131 hava hatlar\u0131nda g\u00fcvenle kullan\u0131lmaktad\u0131r. Uyumluluk Rectus 26 (Avrupa Standard\u0131)\u2026","rel":"","context":"\u062a\u062f\u0648\u064a\u0646\u0629 \u0645\u0634\u0627\u0628\u0647\u0629","block_context":{"text":"\u062a\u062f\u0648\u064a\u0646\u0629 \u0645\u0634\u0627\u0628\u0647\u0629","link":""},"img":{"alt_text":"","src":"https:\/\/i0.wp.com\/tuzlahortum.com.tr\/wp-content\/uploads\/2019\/03\/hava-jak-%C3%A7e%C5%9Fitleri.jpg?fit=502%2C570&ssl=1&resize=350%2C200","width":350,"height":200},"classes":[]},{"id":7264,"url":"https:\/\/tuzlahortum.com.tr\/ar\/product\/sari-hava-jak-cesitleri-erkek-disigovde-uc\/","url_meta":{"origin":875,"position":1},"title":"\u0623\u0646\u0648\u0627\u0639 \u062c\u0627\u0643 \u0627\u0644\u0647\u0648\u0627\u0621 \u0627\u0644\u0623\u0635\u0641\u0631 (\u0630\u0643\u0631 - \u0623\u0646\u062b\u0649 \u060c \u0637\u0631\u0641 \u0627\u0644\u062c\u0633\u0645)","author":"\u0130smail \u00c7elik","date":"8 \u0645\u0627\u0631\u0633 2019","format":false,"excerpt":"\u0623\u0646\u0648\u0627\u0639 \u062c\u0627\u0643 \u0627\u0644\u0647\u0648\u0627\u0621 \u0627\u0644\u0623\u0635\u0641\u0631 (\u0630\u0643\u0631 - \u0623\u0646\u062b\u0649 \u060c \u0637\u0631\u0641 \u0627\u0644\u062c\u0633\u0645)","rel":"","context":"\u062a\u062f\u0648\u064a\u0646\u0629 \u0645\u0634\u0627\u0628\u0647\u0629","block_context":{"text":"\u062a\u062f\u0648\u064a\u0646\u0629 \u0645\u0634\u0627\u0628\u0647\u0629","link":""},"img":{"alt_text":"","src":"https:\/\/i0.wp.com\/tuzlahortum.com.tr\/wp-content\/uploads\/2019\/03\/sar%C4%B1-hava-jak2.jpg?fit=628%2C830&ssl=1&resize=350%2C200","width":350,"height":200,"srcset":"https:\/\/i0.wp.com\/tuzlahortum.com.tr\/wp-content\/uploads\/2019\/03\/sar%C4%B1-hava-jak2.jpg?fit=628%2C830&ssl=1&resize=350%2C200 1x, https:\/\/i0.wp.com\/tuzlahortum.com.tr\/wp-content\/uploads\/2019\/03\/sar%C4%B1-hava-jak2.jpg?fit=628%2C830&ssl=1&resize=525%2C300 1.5x"},"classes":[]},{"id":669,"url":"https:\/\/tuzlahortum.com.tr\/ar\/product\/hidrolik-bilya-gobekli-otomatik-rekor\/","url_meta":{"origin":875,"position":2},"title":"\u0645\u0631\u0643\u0632 \u0627\u0644\u0643\u0631\u0629 \u0627\u0644\u0647\u064a\u062f\u0631\u0648\u0644\u064a\u0643\u064a \u0627\u0644\u062a\u0644\u0642\u0627\u0626\u064a \u0627\u0644\u0627\u062a\u062d\u0627\u062f","author":"admin","date":"6 \u0641\u0628\u0631\u0627\u064a\u0631 2019","format":false,"excerpt":"Hidrolik Bilya G\u00f6bekli Otomatik RekorBT Serisi Hidrolik Bilya G\u00f6bekli Otomatik Rekorlar pek\u00e7ok end\u00fcstriyel alanda hidrolik \u00e7abuk ba\u011flant\u0131 eleman\u0131 olarak kullan\u0131lmaktad\u0131rlar.\u00a0BT Serisi'nde erkek u\u00e7lar \u0131s\u0131l i\u015flem uygulanarak sertle\u015ftirilmi\u015ftir.Valf SistemiBilyal\u0131Malzeme\u00a0Otomat \u00c7eli\u011fiVida \u00d6l\u00e7\u00fcs\u00fc\u00a0BSP (\u0130ste\u011fe Ba\u011fl\u0131: NPT, Metrik)S\u0131zd\u0131rmazl\u0131k\u00a0Nitril O-ring (NBR)\u00c7al\u0131\u015fma S\u0131cakl\u0131\u011f\u0131\u00a0-30 \u00b0C ile +110 \u00b0CKaplama\u00a0Galvaniz (Chrome III pasivasyon)Is\u0131l \u0130\u015flemOtomatik Erkek RekorTakma SistemiY\u00fcz\u00fck geri \u00e7ekilerek\u00c7\u0131karma\u2026","rel":"","context":"\u062a\u062f\u0648\u064a\u0646\u0629 \u0645\u0634\u0627\u0628\u0647\u0629","block_context":{"text":"\u062a\u062f\u0648\u064a\u0646\u0629 \u0645\u0634\u0627\u0628\u0647\u0629","link":""},"img":{"alt_text":"","src":"https:\/\/i0.wp.com\/tuzlahortum.com.tr\/wp-content\/uploads\/2019\/02\/Hidrolik-Bilya-G%C3%B6bekli-Otomatik-Rekor.jpg?fit=400%2C400&ssl=1&resize=350%2C200","width":350,"height":200},"classes":[]},{"id":874,"url":"https:\/\/tuzlahortum.com.tr\/ar\/product\/hidrolik-otomatik-rekor\/","url_meta":{"origin":875,"position":3},"title":"\u0633\u062c\u0644 \u0647\u064a\u062f\u0631\u0648\u0644\u064a\u0643\u064a \u0623\u0648\u062a\u0648\u0645\u0627\u062a\u064a\u0643\u064a","author":"admin","date":"6 \u0641\u0628\u0631\u0627\u064a\u0631 2019","format":false,"excerpt":"Hidrolik Otomatik RekorQC Serisi Hidrolik Otomatik Rekorlar pek \u00e7ok tar\u0131msal ve end\u00fcstriyel alanda hidrolik \u00e7abuk\u00a0ba\u011flant\u0131 eleman\u0131 olarak kullan\u0131lmaktad\u0131rlar.QC Serisi'nde erkek u\u00e7lar \u0131s\u0131l i\u015flem uygulanarak sertle\u015ftirilmi\u015ftir.UyumlulukISO 7241-AValf SistemiPimliMalzemeOtomat \u00c7eli\u011fiVida \u00d6l\u00e7\u00fcs\u00fcBSP (\u0130ste\u011fe Ba\u011fl\u0131: Metrik)S\u0131zd\u0131rmazl\u0131kNitril O-ring (NBR)\u00c7al\u0131\u015fma S\u0131cakl\u0131\u011f\u0131-30 \u00b0C ile +110 \u00b0CKaplamaGalvaniz (Chrome III pasivasyon)Is\u0131l \u0130\u015flemOtomatik Erkek RekorTakma SistemiY\u00fcz\u00fck geri \u00e7ekilerek\u00c7\u0131karma SistemiY\u00fcz\u00fck geri\u2026","rel":"","context":"\u062a\u062f\u0648\u064a\u0646\u0629 \u0645\u0634\u0627\u0628\u0647\u0629","block_context":{"text":"\u062a\u062f\u0648\u064a\u0646\u0629 \u0645\u0634\u0627\u0628\u0647\u0629","link":""},"img":{"alt_text":"","src":"https:\/\/i0.wp.com\/tuzlahortum.com.tr\/wp-content\/uploads\/2019\/02\/Hidrolik-Otomatik-Rekor.jpg?fit=400%2C400&ssl=1&resize=350%2C200","width":350,"height":200},"classes":[]},{"id":7277,"url":"https:\/\/tuzlahortum.com.tr\/ar\/product\/sari-hava-jak-cesitleri-hortumgovde-uc\/","url_meta":{"origin":875,"position":4},"title":"\u0623\u0646\u0648\u0627\u0639 \u062c\u0627\u0643 \u0627\u0644\u0647\u0648\u0627\u0621 \u0627\u0644\u0623\u0635\u0641\u0631 (\u062e\u0631\u0637\u0648\u0645 \u060c \u0637\u0631\u0641 \u0627\u0644\u062c\u0633\u0645)","author":"\u0130smail \u00c7elik","date":"8 \u0645\u0627\u0631\u0633 2019","format":false,"excerpt":"\u0623\u0646\u0648\u0627\u0639 \u062c\u0627\u0643 \u0627\u0644\u0647\u0648\u0627\u0621 \u0627\u0644\u0623\u0635\u0641\u0631 (\u062e\u0631\u0637\u0648\u0645 \u060c \u0637\u0631\u0641 \u0627\u0644\u062c\u0633\u0645)","rel":"","context":"\u062a\u062f\u0648\u064a\u0646\u0629 \u0645\u0634\u0627\u0628\u0647\u0629","block_context":{"text":"\u062a\u062f\u0648\u064a\u0646\u0629 \u0645\u0634\u0627\u0628\u0647\u0629","link":""},"img":{"alt_text":"","src":"https:\/\/i0.wp.com\/tuzlahortum.com.tr\/wp-content\/uploads\/2019\/03\/sar%C4%B1-hava-jak2.jpg?fit=628%2C830&ssl=1&resize=350%2C200","width":350,"height":200,"srcset":"https:\/\/i0.wp.com\/tuzlahortum.com.tr\/wp-content\/uploads\/2019\/03\/sar%C4%B1-hava-jak2.jpg?fit=628%2C830&ssl=1&resize=350%2C200 1x, https:\/\/i0.wp.com\/tuzlahortum.com.tr\/wp-content\/uploads\/2019\/03\/sar%C4%B1-hava-jak2.jpg?fit=628%2C830&ssl=1&resize=525%2C300 1.5x"},"classes":[]},{"id":8168,"url":"https:\/\/tuzlahortum.com.tr\/ar\/product\/sari-su-jak-cesitleri-erkek-disigovde-uc\/","url_meta":{"origin":875,"position":5},"title":"\u0623\u0646\u0648\u0627\u0639 \u062c\u0627\u0643 \u0627\u0644\u0645\u0627\u0621 \u0627\u0644\u0623\u0635\u0641\u0631 (\u0630\u0643\u0631 - \u0623\u0646\u062b\u0649 \u060c \u0637\u0631\u0641 \u0627\u0644\u062c\u0633\u0645)","author":"\u0130smail \u00c7elik","date":"15 \u0645\u0627\u0631\u0633 2019","format":false,"excerpt":"\u0623\u0646\u0648\u0627\u0639 \u062c\u0627\u0643 \u0627\u0644\u0645\u0627\u0621 \u0627\u0644\u0623\u0635\u0641\u0631 (\u0630\u0643\u0631 - \u0623\u0646\u062b\u0649 \u060c \u0637\u0631\u0641 \u0627\u0644\u062c\u0633\u0645)","rel":"","context":"\u062a\u062f\u0648\u064a\u0646\u0629 \u0645\u0634\u0627\u0628\u0647\u0629","block_context":{"text":"\u062a\u062f\u0648\u064a\u0646\u0629 \u0645\u0634\u0627\u0628\u0647\u0629","link":""},"img":{"alt_text":"","src":"https:\/\/i0.wp.com\/tuzlahortum.com.tr\/wp-content\/uploads\/2019\/03\/sar%C4%B1-su-jak%C4%B1-600-x-800.jpg?fit=600%2C800&ssl=1&resize=350%2C200","width":350,"height":200,"srcset":"https:\/\/i0.wp.com\/tuzlahortum.com.tr\/wp-content\/uploads\/2019\/03\/sar%C4%B1-su-jak%C4%B1-600-x-800.jpg?fit=600%2C800&ssl=1&resize=350%2C200 1x, https:\/\/i0.wp.com\/tuzlahortum.com.tr\/wp-content\/uploads\/2019\/03\/sar%C4%B1-su-jak%C4%B1-600-x-800.jpg?fit=600%2C800&ssl=1&resize=525%2C300 1.5x"},"classes":[]}],"jetpack_sharing_enabled":true,"jetpack_likes_enabled":true,"_links":{"self":[{"href":"https:\/\/tuzlahortum.com.tr\/ar\/wp-json\/wp\/v2\/product\/875","targetHints":{"allow":["GET"]}}],"collection":[{"href":"https:\/\/tuzlahortum.com.tr\/ar\/wp-json\/wp\/v2\/product"}],"about":[{"href":"https:\/\/tuzlahortum.com.tr\/ar\/wp-json\/wp\/v2\/types\/product"}],"replies":[{"embeddable":true,"href":"https:\/\/tuzlahortum.com.tr\/ar\/wp-json\/wp\/v2\/comments?post=875"}],"wp:featuredmedia":[{"embeddable":true,"href":"https:\/\/tuzlahortum.com.tr\/ar\/wp-json\/wp\/v2\/media\/7243"}],"wp:attachment":[{"href":"https:\/\/tuzlahortum.com.tr\/ar\/wp-json\/wp\/v2\/media?parent=875"}],"wp:term":[{"taxonomy":"product_brand","embeddable":true,"href":"https:\/\/tuzlahortum.com.tr\/ar\/wp-json\/wp\/v2\/product_brand?post=875"},{"taxonomy":"product_cat","embeddable":true,"href":"https:\/\/tuzlahortum.com.tr\/ar\/wp-json\/wp\/v2\/product_cat?post=875"},{"taxonomy":"product_tag","embeddable":true,"href":"https:\/\/tuzlahortum.com.tr\/ar\/wp-json\/wp\/v2\/product_tag?post=875"}],"curies":[{"name":"\u062f\u0628\u0644\u064a\u0648 \u0628\u064a","href":"https:\/\/api.w.org\/{rel}","templated":true}]}}