{"id":874,"date":"2019-02-06T23:54:59","date_gmt":"2019-02-06T20:54:59","guid":{"rendered":"http:\/\/hortum.com.tr\/product\/import-placeholder-for-309\/"},"modified":"2024-03-21T17:41:23","modified_gmt":"2024-03-21T14:41:23","slug":"hidrolik-otomatik-rekor","status":"publish","type":"product","link":"https:\/\/tuzlahortum.com.tr\/ar\/product\/hidrolik-otomatik-rekor\/","title":{"rendered":"\u0633\u062c\u0644 \u0647\u064a\u062f\u0631\u0648\u0644\u064a\u0643\u064a \u0623\u0648\u062a\u0648\u0645\u0627\u062a\u064a\u0643\u064a"},"content":{"rendered":"<h2>\u0633\u062c\u0644 \u0647\u064a\u062f\u0631\u0648\u0644\u064a\u0643\u064a \u0623\u0648\u062a\u0648\u0645\u0627\u062a\u064a\u0643\u064a<\/h2>\n<p>\u0627\u0644\u0648\u0635\u0644\u0627\u062a \u0627\u0644\u0647\u064a\u062f\u0631\u0648\u0644\u064a\u0643\u064a\u0629 \u0627\u0644\u0623\u0648\u062a\u0648\u0645\u0627\u062a\u064a\u0643\u064a\u0629 \u0645\u0646 \u0633\u0644\u0633\u0644\u0629 QC \u0647\u064a \u0648\u0635\u0644\u0627\u062a \u0647\u064a\u062f\u0631\u0648\u0644\u064a\u0643\u064a\u0629 \u0633\u0631\u064a\u0639\u0629 \u0627\u0644\u062a\u062d\u0631\u064a\u0631 \u0641\u064a \u0627\u0644\u0639\u062f\u064a\u062f \u0645\u0646 \u0627\u0644\u0645\u062c\u0627\u0644\u0627\u062a \u0627\u0644\u0632\u0631\u0627\u0639\u064a\u0629 \u0648\u0627\u0644\u0635\u0646\u0627\u0639\u064a\u0629.\u00a0<br \/>\u062a\u0633\u062a\u062e\u062f\u0645 \u0643\u0645\u0648\u0635\u0644\u0627\u062a.<br \/>\u0641\u064a \u0633\u0644\u0633\u0644\u0629 QC \u060c \u064a\u062a\u0645 \u062a\u0642\u0648\u064a\u0629 \u0627\u0644\u0623\u0637\u0631\u0627\u0641 \u0627\u0644\u0630\u0643\u0631\u064a\u0629 \u0639\u0646 \u0637\u0631\u064a\u0642 \u0627\u0644\u0645\u0639\u0627\u0644\u062c\u0629 \u0627\u0644\u062d\u0631\u0627\u0631\u064a\u0629.<\/p>\n<p><img data-recalc-dims=\"1\" loading=\"lazy\" decoding=\"async\" class=\"alignnone size-full wp-image-2881\" src=\"https:\/\/i0.wp.com\/hortum.com.tr\/wp-content\/uploads\/2019\/02\/Hidrolik-Otomatik-Rekor2.jpg?resize=449%2C197\" alt=\"\" width=\"449\" height=\"197\" title=\"\"><\/p>\n<table border=\"0\" width=\"100%\">\n<tbody>\n<tr>\n<td width=\"172\" data-sheets-value=\"{&quot;1&quot;:2,&quot;2&quot;:&quot;Uyumluluk&quot;}\">\u0627\u0644\u062a\u0648\u0627\u0641\u0642<\/td>\n<td width=\"252\" data-sheets-value=\"{&quot;1&quot;:2,&quot;2&quot;:&quot;ISO 7241-A&quot;}\">ISO 7241-A<\/td>\n<\/tr>\n<tr>\n<td width=\"172\" data-sheets-value=\"{&quot;1&quot;:2,&quot;2&quot;:&quot;Valf Sistemi&quot;}\">\u0646\u0638\u0627\u0645 \u0627\u0644\u0635\u0645\u0627\u0645<\/td>\n<td width=\"252\" data-sheets-value=\"{&quot;1&quot;:2,&quot;2&quot;:&quot;Pimli&quot;}\">\u0645\u062b\u0628\u062a<\/td>\n<\/tr>\n<tr>\n<td width=\"172\" data-sheets-value=\"{&quot;1&quot;:2,&quot;2&quot;:&quot;Malzeme&quot;}\">\u0645\u0648\u0627\u062f<\/td>\n<td width=\"252\" data-sheets-value=\"{&quot;1&quot;:2,&quot;2&quot;:&quot;Otomat \u00c7eli\u011fi&quot;}\">\u0642\u0637\u0639 \u0627\u0644\u0635\u0644\u0628 \u0645\u062c\u0627\u0646\u0627<\/td>\n<\/tr>\n<tr>\n<td width=\"172\" data-sheets-value=\"{&quot;1&quot;:2,&quot;2&quot;:&quot;Vida \u00d6l\u00e7\u00fcs\u00fc&quot;}\">\u062d\u062c\u0645 \u0627\u0644\u0645\u0633\u0645\u0627\u0631<\/td>\n<td width=\"252\" data-sheets-value=\"{&quot;1&quot;:2,&quot;2&quot;:&quot;BSP (\u0130ste\u011fe Ba\u011fl\u0131: Metrik)&quot;}\">BSP (\u0627\u062e\u062a\u064a\u0627\u0631\u064a: \u0645\u062a\u0631\u064a)<\/td>\n<\/tr>\n<tr>\n<td width=\"172\" data-sheets-value=\"{&quot;1&quot;:2,&quot;2&quot;:&quot;S\u0131zd\u0131rmazl\u0131k&quot;}\">\u062e\u062a\u0645<\/td>\n<td width=\"252\" data-sheets-value=\"{&quot;1&quot;:2,&quot;2&quot;:&quot;Nitril O-ring (NBR)&quot;}\">\u0627\u0644\u0646\u062a\u0631\u064a\u0644 \u064a\u0627 \u0627\u0644\u062f\u0627\u0626\u0631\u064a (NBR)<\/td>\n<\/tr>\n<tr>\n<td width=\"172\" data-sheets-value=\"{&quot;1&quot;:2,&quot;2&quot;:&quot;\u00c7al\u0131\u015fma S\u0131cakl\u0131\u011f\u0131&quot;}\">\u062f\u0631\u062c\u0629 \u062d\u0631\u0627\u0631\u0629 \u0627\u0644\u062a\u0634\u063a\u064a\u0644<\/td>\n<td width=\"252\" data-sheets-value=\"{&quot;1&quot;:2,&quot;2&quot;:&quot;-30 \u00b0C ile +110 \u00b0C&quot;}\">-30 \u062f\u0631\u062c\u0629 \u0645\u0626\u0648\u064a\u0629 \u0625\u0644\u0649 +110 \u062f\u0631\u062c\u0629 \u0645\u0626\u0648\u064a\u0629<\/td>\n<\/tr>\n<tr>\n<td width=\"172\" data-sheets-value=\"{&quot;1&quot;:2,&quot;2&quot;:&quot;Kaplama&quot;}\">\u062a\u063a\u0637\u064a\u0629<\/td>\n<td width=\"252\" data-sheets-value=\"{&quot;1&quot;:2,&quot;2&quot;:&quot;Galvaniz (Chrome III pasivasyon)&quot;}\">\u0627\u0644\u0645\u062c\u0644\u0641\u0646 (\u062a\u062e\u0645\u064a\u0644 \u0627\u0644\u0643\u0631\u0648\u0645 III)<\/td>\n<\/tr>\n<tr>\n<td width=\"172\" data-sheets-value=\"{&quot;1&quot;:2,&quot;2&quot;:&quot;Is\u0131l \u0130\u015flem&quot;}\">\u0627\u0644\u0645\u0639\u0627\u0644\u062c\u0629 \u0627\u0644\u062d\u0631\u0627\u0631\u064a\u0629<\/td>\n<td width=\"252\" data-sheets-value=\"{&quot;1&quot;:2,&quot;2&quot;:&quot;Otomatik Erkek Rekor&quot;}\">\u0633\u062c\u0644 \u0627\u0644\u0630\u0643\u0648\u0631 \u0627\u0644\u062a\u0644\u0642\u0627\u0626\u064a<\/td>\n<\/tr>\n<tr>\n<td width=\"172\" data-sheets-value=\"{&quot;1&quot;:2,&quot;2&quot;:&quot;Takma Sistemi&quot;}\">\u0646\u0638\u0627\u0645 \u0627\u0644\u0625\u0631\u0633\u0627\u0621<\/td>\n<td width=\"252\" data-sheets-value=\"{&quot;1&quot;:2,&quot;2&quot;:&quot;Y\u00fcz\u00fck geri \u00e7ekilerek&quot;}\">\u062a\u0645 \u0633\u062d\u0628 \u0627\u0644\u062d\u0644\u0642\u0629 \u0644\u0644\u062e\u0644\u0641<\/td>\n<\/tr>\n<tr>\n<td width=\"172\" data-sheets-value=\"{&quot;1&quot;:2,&quot;2&quot;:&quot;\u00c7\u0131karma Sistemi&quot;}\">\u0646\u0638\u0627\u0645 \u0627\u0644\u0627\u0633\u062a\u062e\u0631\u0627\u062c<\/td>\n<td width=\"252\" data-sheets-value=\"{&quot;1&quot;:2,&quot;2&quot;:&quot;Y\u00fcz\u00fck geri \u00e7ekilerek&quot;}\">\u062a\u0645 \u0633\u062d\u0628 \u0627\u0644\u062d\u0644\u0642\u0629 \u0644\u0644\u062e\u0644\u0641<\/td>\n<\/tr>\n<tr>\n<td width=\"172\" data-sheets-value=\"{&quot;1&quot;:2,&quot;2&quot;:&quot;Bas\u0131n\u00e7 Alt\u0131nda Tak\u0131labilme&quot;}\">\u0642\u0627\u0628\u0644 \u0644\u0644\u062a\u0648\u0635\u064a\u0644 \u062a\u062d\u062a \u0627\u0644\u0636\u063a\u0637<\/td>\n<td width=\"252\" data-sheets-value=\"{&quot;1&quot;:2,&quot;2&quot;:&quot;Yap\u0131lamaz&quot;}\">\u0644\u0627 \u064a\u0645\u0643\u0646 \u0627\u0644\u0642\u064a\u0627\u0645 \u0628\u0647<\/td>\n<\/tr>\n<tr>\n<td width=\"172\" data-sheets-value=\"{&quot;1&quot;:2,&quot;2&quot;:&quot;Bas\u0131n\u00e7 Alt\u0131nda \u00c7\u0131kar\u0131labilme&quot;}\">\u0642\u0627\u0628\u0644 \u0644\u0644\u0625\u0632\u0627\u0644\u0629 \u062a\u062d\u062a \u0627\u0644\u0636\u063a\u0637<\/td>\n<td width=\"252\" data-sheets-value=\"{&quot;1&quot;:2,&quot;2&quot;:&quot;Yap\u0131lamaz&quot;}\">\u0644\u0627 \u064a\u0645\u0643\u0646 \u0627\u0644\u0642\u064a\u0627\u0645 \u0628\u0647<\/td>\n<\/tr>\n<tr>\n<td width=\"172\" data-sheets-value=\"{&quot;1&quot;:2,&quot;2&quot;:&quot;\u00d6zel Hallerde&quot;}\">\u0641\u064a \u0638\u0631\u0648\u0641 \u062e\u0627\u0635\u0629<\/td>\n<td width=\"252\" data-sheets-value=\"{&quot;1&quot;:2,&quot;2&quot;:&quot;V\u0130TON &amp; Is\u0131ya dayan\u0131kl\u0131 \u00f6zel yay (-30 \u00b0C ile +225 \u00b0C), Poli\u00fcretan (PU)&quot;}\">VITON \u0648\u0632\u0646\u0628\u0631\u0643 \u062e\u0627\u0635 \u0645\u0642\u0627\u0648\u0645 \u0644\u0644\u062d\u0631\u0627\u0631\u0629 (-30 \u062f\u0631\u062c\u0629 \u0645\u0626\u0648\u064a\u0629 \u0625\u0644\u0649 +225 \u062f\u0631\u062c\u0629 \u0645\u0626\u0648\u064a\u0629) \u060c \u0628\u0648\u0644\u064a \u064a\u0648\u0631\u064a\u062b\u064a\u0646 (PU)<\/td>\n<\/tr>\n<tr>\n<td width=\"172\" data-sheets-value=\"{&quot;1&quot;:2,&quot;2&quot;:&quot;Kullan\u0131m Alan\u0131&quot;}\">\u0645\u0646\u0637\u0642\u0629 \u0627\u0644\u0627\u0633\u062a\u062e\u062f\u0627\u0645<\/td>\n<td width=\"252\" data-sheets-value=\"{&quot;1&quot;:2,&quot;2&quot;:&quot;Tar\u0131m, havac\u0131l\u0131k, in\u015faat, \u00fcretim, savunma, mobil hidrolik, TIR Dorseler&quot;}\">\u0627\u0644\u0632\u0631\u0627\u0639\u0629 \u060c \u0648\u0627\u0644\u0641\u0636\u0627\u0621 \u060c \u0648\u0627\u0644\u0628\u0646\u0627\u0621 \u060c \u0648\u0627\u0644\u0625\u0646\u062a\u0627\u062c \u060c \u0648\u0627\u0644\u062f\u0641\u0627\u0639 \u060c \u0648\u0627\u0644\u0647\u064a\u062f\u0631\u0648\u0644\u064a\u0643\u0627 \u0627\u0644\u0645\u062a\u0646\u0642\u0644\u0629 \u060c \u0648\u0645\u0642\u0637\u0648\u0631\u0627\u062a TIR<\/td>\n<\/tr>\n<\/tbody>\n<\/table>","protected":false},"excerpt":{"rendered":"<p>Hidrolik Otomatik Rekor QC Serisi Hidrolik Otomatik Rekorlar pek \u00e7ok tar\u0131msal ve end\u00fcstriyel alanda hidrolik \u00e7abuk\u00a0ba\u011flant\u0131 eleman\u0131 olarak kullan\u0131lmaktad\u0131rlar.QC Serisi&#8217;nde erkek u\u00e7lar \u0131s\u0131l i\u015flem uygulanarak sertle\u015ftirilmi\u015ftir. Uyumluluk ISO 7241-A Valf Sistemi Pimli Malzeme Otomat \u00c7eli\u011fi Vida \u00d6l\u00e7\u00fcs\u00fc BSP (\u0130ste\u011fe Ba\u011fl\u0131: Metrik) S\u0131zd\u0131rmazl\u0131k Nitril O-ring (NBR) \u00c7al\u0131\u015fma S\u0131cakl\u0131\u011f\u0131 -30 \u00b0C ile +110 \u00b0C Kaplama Galvaniz (Chrome [&#8230;]\n","protected":false},"featured_media":2880,"comment_status":"open","ping_status":"closed","template":"","meta":{"jetpack_post_was_ever_published":false},"product_brand":[],"product_cat":[91],"product_tag":[650,1126,646,649,653,647,655,648,296,652,656,1127,654],"class_list":{"0":"post-874","1":"product","2":"type-product","3":"status-publish","4":"has-post-thumbnail","6":"product_cat-hidrolik-baglanti-elemanlari","7":"product_tag-30-c","8":"product_tag-225-c","9":"product_tag-celik","10":"product_tag-galvaniz-kaplama","11":"product_tag-havacilik","12":"product_tag-hidrolik","13":"product_tag-makine","14":"product_tag-otomatik-rekor","15":"product_tag-otomotiv","16":"product_tag-tarim","17":"product_tag-techizat","18":"product_tag-tir-dorselerde","19":"product_tag-yapi-ve-savunma","21":"first","22":"instock","23":"taxable","24":"shipping-taxable","25":"product-type-variable"},"jetpack-related-posts":[{"id":669,"url":"https:\/\/tuzlahortum.com.tr\/ar\/product\/hidrolik-bilya-gobekli-otomatik-rekor\/","url_meta":{"origin":874,"position":0},"title":"\u0645\u0631\u0643\u0632 \u0627\u0644\u0643\u0631\u0629 \u0627\u0644\u0647\u064a\u062f\u0631\u0648\u0644\u064a\u0643\u064a \u0627\u0644\u062a\u0644\u0642\u0627\u0626\u064a \u0627\u0644\u0627\u062a\u062d\u0627\u062f","author":"admin","date":"6 \u0641\u0628\u0631\u0627\u064a\u0631 2019","format":false,"excerpt":"Hidrolik Bilya G\u00f6bekli Otomatik RekorBT Serisi Hidrolik Bilya G\u00f6bekli Otomatik Rekorlar pek\u00e7ok end\u00fcstriyel alanda hidrolik \u00e7abuk ba\u011flant\u0131 eleman\u0131 olarak kullan\u0131lmaktad\u0131rlar.\u00a0BT Serisi'nde erkek u\u00e7lar \u0131s\u0131l i\u015flem uygulanarak sertle\u015ftirilmi\u015ftir.Valf SistemiBilyal\u0131Malzeme\u00a0Otomat \u00c7eli\u011fiVida \u00d6l\u00e7\u00fcs\u00fc\u00a0BSP (\u0130ste\u011fe Ba\u011fl\u0131: NPT, Metrik)S\u0131zd\u0131rmazl\u0131k\u00a0Nitril O-ring (NBR)\u00c7al\u0131\u015fma S\u0131cakl\u0131\u011f\u0131\u00a0-30 \u00b0C ile +110 \u00b0CKaplama\u00a0Galvaniz (Chrome III pasivasyon)Is\u0131l \u0130\u015flemOtomatik Erkek RekorTakma SistemiY\u00fcz\u00fck geri \u00e7ekilerek\u00c7\u0131karma\u2026","rel":"","context":"\u062a\u062f\u0648\u064a\u0646\u0629 \u0645\u0634\u0627\u0628\u0647\u0629","block_context":{"text":"\u062a\u062f\u0648\u064a\u0646\u0629 \u0645\u0634\u0627\u0628\u0647\u0629","link":""},"img":{"alt_text":"","src":"https:\/\/i0.wp.com\/tuzlahortum.com.tr\/wp-content\/uploads\/2019\/02\/Hidrolik-Bilya-G%C3%B6bekli-Otomatik-Rekor.jpg?fit=400%2C400&ssl=1&resize=350%2C200","width":350,"height":200},"classes":[]},{"id":672,"url":"https:\/\/tuzlahortum.com.tr\/ar\/product\/paslanmaz-hidrolik-otomatik-rekor\/","url_meta":{"origin":874,"position":1},"title":"\u063a\u064a\u0631 \u0627\u0644\u0642\u0627\u0628\u0644 \u0644\u0644\u0635\u062f\u0623 \u0627\u0644\u0627\u062a\u062d\u0627\u062f \u0627\u0644\u0647\u064a\u062f\u0631\u0648\u0644\u064a\u0643\u064a \u0627\u0644\u062a\u0644\u0642\u0627\u0626\u064a","author":"admin","date":"6 \u0641\u0628\u0631\u0627\u064a\u0631 2019","format":false,"excerpt":"Paslanmaz Hidrolik Otomatik RekorKomple olarak AISI 316-L kalite paslanmaz \u00e7elikten imal edilen QCSS Serisi Otomatik Rekorlar her t\u00fcrl\u00fc kimyasal ve korozyona kar\u015f\u0131 m\u00fckemmel dirence sahiptir.Standart olarak V\u0130TON s\u0131zd\u0131rmazl\u0131k kullan\u0131lan QCSS serisinde y\u00fcksek \u0131s\u0131ya dayan\u0131kl\u0131 \u00f6zel yaylar kullan\u0131lmaktad\u0131r.\u00a0UyumlulukISO 7241-AValf SistemiPimliMalzeme\u00a0316-L kalite paslanmaz \u00e7elikVida \u00d6l\u00e7\u00fcs\u00fc\u00a0BSP (\u0130ste\u011fe Ba\u011fl\u0131: NPT, Metrik)S\u0131zd\u0131rmazl\u0131k\u00a0V\u0130TON\u00c7al\u0131\u015fma S\u0131cakl\u0131\u011f\u0131\u00a0-30 \u00b0C ile\u2026","rel":"","context":"\u062a\u062f\u0648\u064a\u0646\u0629 \u0645\u0634\u0627\u0628\u0647\u0629","block_context":{"text":"\u062a\u062f\u0648\u064a\u0646\u0629 \u0645\u0634\u0627\u0628\u0647\u0629","link":""},"img":{"alt_text":"","src":"https:\/\/i0.wp.com\/tuzlahortum.com.tr\/wp-content\/uploads\/2019\/02\/Paslanmaz-Hidrolik-Otomatik-Rekor.jpg?fit=400%2C400&ssl=1&resize=350%2C200","width":350,"height":200},"classes":[]},{"id":7222,"url":"https:\/\/tuzlahortum.com.tr\/ar\/product\/hava-jak-cesitleri-hortumgovde-uc\/","url_meta":{"origin":874,"position":2},"title":"\u0623\u0646\u0648\u0627\u0639 \u062c\u0627\u0643 \u0627\u0644\u0647\u0648\u0627\u0621 (\u062e\u0631\u0637\u0648\u0645 \u060c \u0646\u0647\u0627\u064a\u0629 \u0627\u0644\u062c\u0633\u0645)","author":"\u0130smail \u00c7elik","date":"8 \u0645\u0627\u0631\u0633 2019","format":false,"excerpt":"Hava Jak \u00c7e\u015fitleri (Hortum,G\u00f6vde-U\u00e7)PN25 Serisi Pn\u00f6matik Otomatik Rekorlar bas\u0131n\u00e7 alt\u0131nda tek elle s\u00f6k\u00fcl\u00fcp tak\u0131labilme \u00f6zelli\u011fine sahiptir. PN25 serisinde yaylar krom nikeldir.\u00a0 Pn25 Serisi Pn\u00f6matik Otomatik Rekorlar, sa\u011flam ve dayan\u0131kl\u0131 yap\u0131lar\u0131, y\u00fcksek hava ak\u0131m kapasiteleri ve kullan\u0131m kolayl\u0131\u011f\u0131 sayesinde t\u00fcm sanayide bas\u0131n\u00e7l\u0131 hava hatlar\u0131nda g\u00fcvenle kullan\u0131lmaktad\u0131r. Uyumluluk Rectus 26 (Avrupa Standard\u0131)\u2026","rel":"","context":"\u062a\u062f\u0648\u064a\u0646\u0629 \u0645\u0634\u0627\u0628\u0647\u0629","block_context":{"text":"\u062a\u062f\u0648\u064a\u0646\u0629 \u0645\u0634\u0627\u0628\u0647\u0629","link":""},"img":{"alt_text":"","src":"https:\/\/i0.wp.com\/tuzlahortum.com.tr\/wp-content\/uploads\/2019\/03\/hava-jak-%C3%A7e%C5%9Fitleri.jpg?fit=502%2C570&ssl=1&resize=350%2C200","width":350,"height":200},"classes":[]},{"id":875,"url":"https:\/\/tuzlahortum.com.tr\/ar\/product\/hava-jak-cesitleri-erkek-disigovde-uc\/","url_meta":{"origin":874,"position":3},"title":"\u0623\u0646\u0648\u0627\u0639 \u062c\u0627\u0643 \u0627\u0644\u0647\u0648\u0627\u0621 (\u0630\u0643\u0631 - \u0623\u0646\u062b\u0649 \u060c \u0637\u0631\u0641 \u0627\u0644\u062c\u0633\u0645)","author":"admin","date":"6 \u0641\u0628\u0631\u0627\u064a\u0631 2019","format":false,"excerpt":"Hava Jak \u00c7e\u015fitleri (Erkek-Di\u015fi,G\u00f6vde-U\u00e7)PN25 Serisi Pn\u00f6matik Otomatik Rekorlar bas\u0131n\u00e7 alt\u0131nda tek elle s\u00f6k\u00fcl\u00fcp tak\u0131labilme \u00f6zelli\u011fine sahiptir. PN25 serisinde yaylar krom nikeldir.\u00a0 Pn25 Serisi Pn\u00f6matik Otomatik Rekorlar, sa\u011flam ve dayan\u0131kl\u0131 yap\u0131lar\u0131, y\u00fcksek hava ak\u0131m kapasiteleri ve kullan\u0131m kolayl\u0131\u011f\u0131 sayesinde t\u00fcm sanayide bas\u0131n\u00e7l\u0131 hava hatlar\u0131nda g\u00fcvenle kullan\u0131lmaktad\u0131r. Uyumluluk Rectus 26 (Avrupa Standard\u0131)\u2026","rel":"","context":"\u062a\u062f\u0648\u064a\u0646\u0629 \u0645\u0634\u0627\u0628\u0647\u0629","block_context":{"text":"\u062a\u062f\u0648\u064a\u0646\u0629 \u0645\u0634\u0627\u0628\u0647\u0629","link":""},"img":{"alt_text":"","src":"https:\/\/i0.wp.com\/tuzlahortum.com.tr\/wp-content\/uploads\/2019\/03\/hava-jak-%C3%A7e%C5%9Fitleri.jpg?fit=502%2C570&ssl=1&resize=350%2C200","width":350,"height":200},"classes":[]},{"id":675,"url":"https:\/\/tuzlahortum.com.tr\/ar\/product\/hidrolik-kuresel-vana\/","url_meta":{"origin":874,"position":4},"title":"\u0635\u0645\u0627\u0645 \u0643\u0631\u0648\u064a \u0647\u064a\u062f\u0631\u0648\u0644\u064a\u0643\u064a","author":"admin","date":"6 \u0641\u0628\u0631\u0627\u064a\u0631 2019","format":false,"excerpt":"Hidrolik K\u00fcresel VanaBv2 Serisi Hidrolik 2 Yollu K\u00fcresel Vanalar, ak\u0131\u015fkan\u0131n a\u00e7ma ve k\u0131s\u0131lmas\u0131nda kullan\u0131l\u0131rlar. Kolayca a\u00e7\u0131l\u0131p kapanabilmeleri ak\u0131\u015fkan ge\u00e7i\u015finin rahat olmas\u0131n\u0131 sa\u011flar. Volumetrik yap\u0131lar\u0131ndan dolay\u0131 h\u0131zl\u0131 ve verimli \u00e7al\u0131\u015f\u0131rlar ve ak\u0131\u015fkanda olu\u015fabilecek kavitasyonlar\u0131 engellerler. \u0130stenildi\u011finde kare pim \u00fczerindeki kilitleme pulu yard\u0131m\u0131yla a\u00e7\u0131k veya kapal\u0131 olarak kilitlenebilirler.\u00a0BV2 Serisi Hidrolik 2 Yollu\u2026","rel":"","context":"\u062a\u062f\u0648\u064a\u0646\u0629 \u0645\u0634\u0627\u0628\u0647\u0629","block_context":{"text":"\u062a\u062f\u0648\u064a\u0646\u0629 \u0645\u0634\u0627\u0628\u0647\u0629","link":""},"img":{"alt_text":"","src":"https:\/\/i0.wp.com\/tuzlahortum.com.tr\/wp-content\/uploads\/2019\/02\/Hidrolik-K%C3%BCresel-Vana.jpg?fit=400%2C400&ssl=1&resize=350%2C200","width":350,"height":200},"classes":[]},{"id":13060,"url":"https:\/\/tuzlahortum.com.tr\/ar\/product\/11a-otomatik-akaryakit-tabancasi-3-4\/","url_meta":{"origin":874,"position":5},"title":"\u0645\u0633\u062f\u0633 \u0648\u0642\u0648\u062f \u0623\u0648\u062a\u0648\u0645\u0627\u062a\u064a\u0643\u064a 11 \u0623\u0645\u0628\u064a\u0631 \u2013 \u0633\u0645\u0627\u0643\u0629 3\/4","author":"admin","date":"16 \u0645\u0627\u0631\u0633 2024","format":false,"excerpt":"11A Otomatik Akaryak\u0131t Tabancas\u0131 - 3\/4 Kal\u0131n 11A Otomatik Akaryak\u0131t","rel":"","context":"\u062a\u062f\u0648\u064a\u0646\u0629 \u0645\u0634\u0627\u0628\u0647\u0629","block_context":{"text":"\u062a\u062f\u0648\u064a\u0646\u0629 \u0645\u0634\u0627\u0628\u0647\u0629","link":""},"img":{"alt_text":"","src":"https:\/\/i0.wp.com\/tuzlahortum.com.tr\/wp-content\/uploads\/2024\/03\/11A_Ince_Akaryakit_Tabanca_1.jpg?fit=1200%2C1200&ssl=1&resize=350%2C200","width":350,"height":200,"srcset":"https:\/\/i0.wp.com\/tuzlahortum.com.tr\/wp-content\/uploads\/2024\/03\/11A_Ince_Akaryakit_Tabanca_1.jpg?fit=1200%2C1200&ssl=1&resize=350%2C200 1x, https:\/\/i0.wp.com\/tuzlahortum.com.tr\/wp-content\/uploads\/2024\/03\/11A_Ince_Akaryakit_Tabanca_1.jpg?fit=1200%2C1200&ssl=1&resize=525%2C300 1.5x, https:\/\/i0.wp.com\/tuzlahortum.com.tr\/wp-content\/uploads\/2024\/03\/11A_Ince_Akaryakit_Tabanca_1.jpg?fit=1200%2C1200&ssl=1&resize=700%2C400 2x, https:\/\/i0.wp.com\/tuzlahortum.com.tr\/wp-content\/uploads\/2024\/03\/11A_Ince_Akaryakit_Tabanca_1.jpg?fit=1200%2C1200&ssl=1&resize=1050%2C600 3x"},"classes":[]}],"jetpack_sharing_enabled":true,"jetpack_likes_enabled":true,"_links":{"self":[{"href":"https:\/\/tuzlahortum.com.tr\/ar\/wp-json\/wp\/v2\/product\/874","targetHints":{"allow":["GET"]}}],"collection":[{"href":"https:\/\/tuzlahortum.com.tr\/ar\/wp-json\/wp\/v2\/product"}],"about":[{"href":"https:\/\/tuzlahortum.com.tr\/ar\/wp-json\/wp\/v2\/types\/product"}],"replies":[{"embeddable":true,"href":"https:\/\/tuzlahortum.com.tr\/ar\/wp-json\/wp\/v2\/comments?post=874"}],"wp:featuredmedia":[{"embeddable":true,"href":"https:\/\/tuzlahortum.com.tr\/ar\/wp-json\/wp\/v2\/media\/2880"}],"wp:attachment":[{"href":"https:\/\/tuzlahortum.com.tr\/ar\/wp-json\/wp\/v2\/media?parent=874"}],"wp:term":[{"taxonomy":"product_brand","embeddable":true,"href":"https:\/\/tuzlahortum.com.tr\/ar\/wp-json\/wp\/v2\/product_brand?post=874"},{"taxonomy":"product_cat","embeddable":true,"href":"https:\/\/tuzlahortum.com.tr\/ar\/wp-json\/wp\/v2\/product_cat?post=874"},{"taxonomy":"product_tag","embeddable":true,"href":"https:\/\/tuzlahortum.com.tr\/ar\/wp-json\/wp\/v2\/product_tag?post=874"}],"curies":[{"name":"\u062f\u0628\u0644\u064a\u0648 \u0628\u064a","href":"https:\/\/api.w.org\/{rel}","templated":true}]}}