{"id":872,"date":"2019-02-06T23:54:58","date_gmt":"2019-02-06T20:54:58","guid":{"rendered":"http:\/\/hortum.com.tr\/product\/import-placeholder-for-585\/"},"modified":"2024-03-21T17:41:26","modified_gmt":"2024-03-21T14:41:26","slug":"duz-yassi-verici-m","status":"publish","type":"product","link":"https:\/\/tuzlahortum.com.tr\/ar\/product\/duz-yassi-verici-m\/","title":{"rendered":"\u0634\u0642\u0629 \u0628\u0627\u0639\u062b \u0645\u0633\u0637\u062d\u0629 M"},"content":{"rendered":"<h2>\u0634\u0642\u0629 \u0628\u0627\u0639\u062b \u0645\u0633\u0637\u062d\u0629 M<\/h2>\n<table border=\"0\" width=\"100%\">\n<tbody>\n<tr valign=\"top\">\n<td width=\"370\">\u0627\u0644\u0623\u0631\u0636\u064a\u0629 \u0627\u0644\u0641\u0631\u0639\u064a\u0629 \u0627\u0644\u0645\u0631\u0646\u0629 PVC \/ NBR<\/p>\n<p>\u0646\u0633\u064a\u062c \u0635\u0646\u0627\u0639\u064a \u0639\u0627\u0644\u064a \u0627\u0644\u0642\u0648\u0629.<\/td>\n<\/tr>\n<tr valign=\"top\">\n<td width=\"60\">\u0637\u0628\u0642\u0629 \u0639\u0644\u0648\u064a\u0629 \u0645\u0646 \u0627\u0644\u0628\u0648\u0644\u064a \u0641\u064a\u0646\u064a\u0644 \u0643\u0644\u0648\u0631\u064a\u062f \u0645\u0642\u0627\u0648\u0645\u0629 \u0644\u0644\u0645\u0648\u0627\u062f \u0627\u0644\u0643\u064a\u0645\u064a\u0627\u0626\u064a\u0629 \u0627\u0644\u062e\u0641\u064a\u0641\u0629 \u0648\u062c\u0645\u064a\u0639 \u0638\u0631\u0648\u0641 \u0627\u0644\u0637\u0642\u0633.<\/td>\n<td width=\"15\"><\/td>\n<td width=\"370\"><\/td>\n<\/tr>\n<tr valign=\"top\">\n<td width=\"60\">\u062e\u062f\u0645\u0629 \u0645\u062a\u0648\u0633\u0637\u0629 \u0641\u064a \u0627\u0644\u0632\u0631\u0627\u0639\u0629 \u0648\u0627\u0644\u0635\u0646\u0627\u0639\u0629 \u062c\u0645\u064a\u0639 \u0623\u0646\u0648\u0627\u0639 \u0627\u0644\u0645\u064a\u0627\u0647 \u0648\u0627\u0644\u0643\u064a\u0645\u0627\u0648\u064a\u0627\u062a \u0627\u0644\u062e\u0641\u064a\u0641\u0629 \u0648\u0645\u0627 \u0625\u0644\u0649 \u0630\u0644\u0643. \u0641\u064a \u0623\u0639\u0645\u0627\u0644 \u0627\u0644\u062a\u0641\u0631\u064a\u063a<\/td>\n<\/tr>\n<\/tbody>\n<\/table>\n<p style=\"text-align: left;\"><img data-recalc-dims=\"1\" loading=\"lazy\" decoding=\"async\" class=\"alignnone size-medium wp-image-2005\" src=\"https:\/\/i0.wp.com\/hortum.com.tr\/wp-content\/uploads\/urunler\/plastik\/Orta-Hizmet-Yass%C4%B1-Verici-bar-568x400.jpg?resize=568%2C400\" alt=\"\" width=\"568\" height=\"400\" title=\"\" srcset=\"https:\/\/i0.wp.com\/tuzlahortum.com.tr\/wp-content\/uploads\/urunler\/plastik\/Orta-Hizmet-Yass%C4%B1-Verici-bar.jpg?resize=568%2C400&amp;ssl=1 568w, https:\/\/i0.wp.com\/tuzlahortum.com.tr\/wp-content\/uploads\/urunler\/plastik\/Orta-Hizmet-Yass%C4%B1-Verici-bar.jpg?resize=600%2C423&amp;ssl=1 600w, https:\/\/i0.wp.com\/tuzlahortum.com.tr\/wp-content\/uploads\/urunler\/plastik\/Orta-Hizmet-Yass%C4%B1-Verici-bar.jpg?w=663&amp;ssl=1 663w\" sizes=\"auto, (max-width: 568px) 100vw, 568px\" \/><\/p>\n<div class=\"video video-fit mb\" style=\"padding-top:56.25%;\"><p><iframe loading=\"lazy\" title=\"\u0627\u0631\u062a\u0628\u0627\u0643 \u0627\u0644\u0642\u064a\u0627\u0633 (\u0628\u0648\u0635\u0629\u060c \u0625\u0635\u0628\u0639\u060c \u0636\u0628\u0627\u0628\u060c \u0645\u0644\u0644\u064a\u0645\u062a\u0631)\" width=\"1020\" height=\"574\" src=\"https:\/\/www.youtube.com\/embed\/uKk6AG_AZls?feature=oembed\" frameborder=\"0\" allow=\"accelerometer; autoplay; clipboard-write; encrypted-media; gyroscope; picture-in-picture; web-share\" referrerpolicy=\"strict-origin-when-cross-origin\" allowfullscreen><\/iframe><\/p>\n<\/div>\n<div class=\"video video-fit mb\" style=\"padding-top:56.25%;\"><p>https:\/\/www.youtube.com\/watch?v=O8ZlzKEjfEQ%20<\/p>\n<\/div>","protected":false},"excerpt":{"rendered":"<p>\u062c\u0647\u0627\u0632 \u0627\u0644\u0625\u0631\u0633\u0627\u0644 \u0627\u0644\u0645\u0633\u0637\u062d \u0627\u0644\u0645\u0633\u0637\u062d M \u0637\u0628\u0642\u0629 \u0633\u0641\u0644\u064a\u0629 \u0645\u0631\u0646\u0629 \u0645\u0646 \u0627\u0644\u0628\u0648\u0644\u064a \u0641\u064a\u0646\u064a\u0644 \u0643\u0644\u0648\u0631\u064a\u062f \u0645\u062a\u0639\u062f\u062f \u0627\u0644\u0643\u0644\u0648\u0631\u064a\u062f\/\u0646\u064a\u0628\u0631\u064a\u062a\u064a\u062f \u0627\u0644\u0646\u064a\u062a\u0631\u0648\u0632 \u0627\u0644\u0645\u0633\u0637\u062d \u0637\u0628\u0642\u0629 \u0639\u0644\u0648\u064a\u0629 \u0645\u0646 \u0627\u0644\u0628\u0648\u0644\u064a \u0641\u064a\u0646\u064a\u0644 \u0643\u0644\u0648\u0631\u064a\u062f \u0645\u0642\u0627\u0648\u0645 \u0644\u0644\u0645\u0648\u0627\u062f \u0627\u0644\u0643\u064a\u0645\u064a\u0627\u0626\u064a\u0629 \u0627\u0644\u062e\u0641\u064a\u0641\u0629 \u0648\u062c\u0645\u064a\u0639 \u0627\u0644\u0638\u0631\u0648\u0641 \u0627\u0644\u062c\u0648\u064a\u0629. \u062e\u062f\u0645\u0629 \u0645\u062a\u0648\u0633\u0637\u0629 \u0641\u064a \u0627\u0644\u0632\u0631\u0627\u0639\u0629 \u0648\u0627\u0644\u0635\u0646\u0627\u0639\u0629 \u0641\u064a \u062c\u0645\u064a\u0639 \u0623\u0646\u0648\u0627\u0639 \u0627\u0644\u0645\u064a\u0627\u0647 \u0648\u0627\u0644\u0645\u0648\u0627\u062f \u0627\u0644\u0643\u064a\u0645\u064a\u0627\u0626\u064a\u0629 \u0627\u0644\u062e\u0641\u064a\u0641\u0629 \u0648\u063a\u064a\u0631\u0647\u0627.<\/p>","protected":false},"featured_media":2003,"comment_status":"open","ping_status":"closed","template":"","meta":{"jetpack_post_was_ever_published":false},"product_brand":[],"product_cat":[169],"product_tag":[676,1124,1125,723,343,652,576,1123,661],"class_list":{"0":"post-872","1":"product","2":"type-product","3":"status-publish","4":"has-post-thumbnail","6":"product_cat-pvc-yassi-hortumlari","7":"product_tag-duz","8":"product_tag-duz-yassi-verici","9":"product_tag-hafif-kimyasallar","10":"product_tag-sanayi","11":"product_tag-tahliye","12":"product_tag-tarim","13":"product_tag-verici","14":"product_tag-yassi","15":"product_tag-yuksek-mukavemetli","17":"first","18":"instock","19":"taxable","20":"shipping-taxable","21":"product-type-variable"},"jetpack-related-posts":[{"id":873,"url":"https:\/\/tuzlahortum.com.tr\/ar\/product\/duz-yassi-verici-l\/","url_meta":{"origin":872,"position":0},"title":"\u0634\u0642\u0629 \u0628\u0627\u0639\u062b \u0645\u0633\u0637\u062d\u0629 L","author":"admin","date":"6 \u0641\u0628\u0631\u0627\u064a\u0631 2019","format":false,"excerpt":"\u062c\u0647\u0627\u0632 \u0625\u0631\u0633\u0627\u0644 \u0645\u0633\u0637\u062d \u0645\u0633\u0637\u062d L. \u0637\u0628\u0642\u0629 \u0633\u0641\u0644\u064a\u0629 \u0645\u0646 \u0627\u0644\u0628\u0648\u0644\u064a \u0641\u064a\u0646\u064a\u0644 \u0643\u0644\u0648\u0631\u064a\u062f \u0645\u062a\u0639\u062f\u062f \u0627\u0644\u0641\u064a\u0646\u064a\u0644 \u0627\u0644\u0645\u0631\u0646 \u0639\u0627\u0644\u064a \u0627\u0644\u0642\u0648\u0629. \u0637\u0628\u0642\u0629 \u0639\u0644\u0648\u064a\u0629 \u0645\u0646 \u0627\u0644\u0628\u0648\u0644\u064a \u0641\u064a\u0646\u064a\u0644 \u0643\u0644\u0648\u0631\u064a\u062f \u0645\u062a\u0639\u062f\u062f \u0627\u0644\u0641\u064a\u0646\u064a\u0644 \u0645\u0642\u0627\u0648\u0645\u0629 \u0644\u0644\u0645\u0648\u0627\u062f \u0627\u0644\u0643\u064a\u0645\u064a\u0627\u0626\u064a\u0629 \u0627\u0644\u062e\u0641\u064a\u0641\u0629 \u0648\u062c\u0645\u064a\u0639 \u0627\u0644\u0638\u0631\u0648\u0641 \u0627\u0644\u062c\u0648\u064a\u0629.","rel":"","context":"\u062a\u062f\u0648\u064a\u0646\u0629 \u0645\u0634\u0627\u0628\u0647\u0629","block_context":{"text":"\u062a\u062f\u0648\u064a\u0646\u0629 \u0645\u0634\u0627\u0628\u0647\u0629","link":""},"img":{"alt_text":"","src":"https:\/\/i0.wp.com\/hortum.com.tr\/wp-content\/uploads\/urunler\/plastik\/Standart-Hizmet-Yass%C4%B1-Verici-bar-659x400.jpg?resize=350%2C200","width":350,"height":200,"srcset":"https:\/\/i0.wp.com\/hortum.com.tr\/wp-content\/uploads\/urunler\/plastik\/Standart-Hizmet-Yass%C4%B1-Verici-bar-659x400.jpg?resize=350%2C200 1x, https:\/\/i0.wp.com\/hortum.com.tr\/wp-content\/uploads\/urunler\/plastik\/Standart-Hizmet-Yass%C4%B1-Verici-bar-659x400.jpg?resize=525%2C300 1.5x"},"classes":[]},{"id":867,"url":"https:\/\/tuzlahortum.com.tr\/ar\/product\/hv-tipi-kirmizi-verici-hortum-standart\/","url_meta":{"origin":872,"position":1},"title":"\u062e\u0631\u0637\u0648\u0645 \u0627\u0644\u0627\u0631\u0633\u0627\u0644 \u0627\u0644\u0623\u062d\u0645\u0631 \u0645\u0646 \u0627\u0644\u0646\u0648\u0639 HV (\u0642\u064a\u0627\u0633\u064a)","author":"admin","date":"6 \u0641\u0628\u0631\u0627\u064a\u0631 2019","format":false,"excerpt":"HV Tipi K\u0131rm\u0131z\u0131 Verici Hortum (STANDART)\u00d6zellikler Verici olarak kullan\u0131labilir. Esnek \u015feffaf PVC, y\u00fcksek mukavemetli, k\u0131r\u0131lmaya kar\u015f\u0131 maksimum dayan\u0131kl\u0131 sert PVC takviyesiyle \u00fcretilmektedir. \u0130\u00e7 y\u00fczey d\u00fcz, d\u0131\u015f y\u00fczey bo\u011fumludur. \u00c7al\u0131\u015fma S\u0131cakl\u0131\u011f\u0131 -5\u00b0C ile +60\u00b0C aras\u0131 Kullan\u0131m Alanlar\u0131 Tar\u0131m ve sanayide her t\u00fcrl\u00fc su ve hafif kimyasallar\u0131n tahliye i\u015flerinde kullan\u0131l\u0131r, Verici hortumlar\u2026","rel":"","context":"\u062a\u062f\u0648\u064a\u0646\u0629 \u0645\u0634\u0627\u0628\u0647\u0629","block_context":{"text":"\u062a\u062f\u0648\u064a\u0646\u0629 \u0645\u0634\u0627\u0628\u0647\u0629","link":""},"img":{"alt_text":"","src":"https:\/\/i0.wp.com\/tuzlahortum.com.tr\/wp-content\/uploads\/urunler\/plastik\/25.jpg?fit=583%2C324&ssl=1&resize=350%2C200","width":350,"height":200,"srcset":"https:\/\/i0.wp.com\/tuzlahortum.com.tr\/wp-content\/uploads\/urunler\/plastik\/25.jpg?fit=583%2C324&ssl=1&resize=350%2C200 1x, https:\/\/i0.wp.com\/tuzlahortum.com.tr\/wp-content\/uploads\/urunler\/plastik\/25.jpg?fit=583%2C324&ssl=1&resize=525%2C300 1.5x"},"classes":[]},{"id":868,"url":"https:\/\/tuzlahortum.com.tr\/ar\/product\/hv-tipi-kirmizi-verici-hortum-orta-hizmet\/","url_meta":{"origin":872,"position":2},"title":"\u062e\u0631\u0637\u0648\u0645 \u0627\u0644\u0627\u0631\u0633\u0627\u0644 \u0627\u0644\u0623\u062d\u0645\u0631 \u0645\u0646 \u0627\u0644\u0646\u0648\u0639 HV (\u0631\u0633\u0648\u0645 \u0645\u062a\u0648\u0633\u0637\u0629)","author":"admin","date":"6 \u0641\u0628\u0631\u0627\u064a\u0631 2019","format":false,"excerpt":"HV Tipi K\u0131rm\u0131z\u0131 Verici Hortum (ORTA H\u0130ZMET)\u00d6zellikler Verici olarak kullan\u0131labilir. Esnek \u015feffaf PVC, y\u00fcksek mukavemetli, k\u0131r\u0131lmaya kar\u015f\u0131 maksimum dayan\u0131kl\u0131 sert PVC takviyesiyle \u00fcretilmektedir. \u00c7al\u0131\u015fma S\u0131cakl\u0131\u011f\u0131 -5\u00b0C ile +60\u00b0C aras\u0131 Kullan\u0131m Alanlar\u0131 Tar\u0131m ve sanayide her t\u00fcrl\u00fc su ve hafif kimyasallar\u0131n tahliye i\u015flerinde kullan\u0131l\u0131r, Verici hortumlar hafif bas\u0131nca mukavemet \u00f6zelliklerinden dolay\u0131\u2026","rel":"","context":"\u062a\u062f\u0648\u064a\u0646\u0629 \u0645\u0634\u0627\u0628\u0647\u0629","block_context":{"text":"\u062a\u062f\u0648\u064a\u0646\u0629 \u0645\u0634\u0627\u0628\u0647\u0629","link":""},"img":{"alt_text":"","src":"https:\/\/i0.wp.com\/tuzlahortum.com.tr\/wp-content\/uploads\/urunler\/plastik\/25.jpg?fit=583%2C324&ssl=1&resize=350%2C200","width":350,"height":200,"srcset":"https:\/\/i0.wp.com\/tuzlahortum.com.tr\/wp-content\/uploads\/urunler\/plastik\/25.jpg?fit=583%2C324&ssl=1&resize=350%2C200 1x, https:\/\/i0.wp.com\/tuzlahortum.com.tr\/wp-content\/uploads\/urunler\/plastik\/25.jpg?fit=583%2C324&ssl=1&resize=525%2C300 1.5x"},"classes":[]},{"id":828,"url":"https:\/\/tuzlahortum.com.tr\/ar\/product\/te-tipi-gri-toz-emis-hortumu-standart\/","url_meta":{"origin":872,"position":3},"title":"\u062e\u0631\u0637\u0648\u0645 \u0634\u0641\u0637 \u0627\u0644\u063a\u0628\u0627\u0631 \u0627\u0644\u0631\u0645\u0627\u062f\u064a \u0645\u0646 \u0646\u0648\u0639 TE (\u0642\u064a\u0627\u0633\u064a)","author":"admin","date":"6 \u0641\u0628\u0631\u0627\u064a\u0631 2019","format":false,"excerpt":"TE Tipi Gri Toz Emi\u015f Hortumu (STANDART)\u00d6zellikler Verici olarak kullan\u0131labilir. Esnek \u015feffaf PVC, y\u00fcksek mukavemetli, k\u0131r\u0131lmaya kar\u015f\u0131 maksimum dayan\u0131kl\u0131 sert PVC takviyesiyle \u00fcretilmektedir. \u0130\u00e7 y\u00fczey d\u00fcz, d\u0131\u015f y\u00fczey bo\u011fumludur. \u00c7al\u0131\u015fma S\u0131cakl\u0131\u011f\u0131 -5\u00b0C ile +60\u00b0C aras\u0131 Kullan\u0131m Alanlar\u0131 Her t\u00fcrl\u00fc hava, duman, gaz, tala\u015f vb. emme i\u015flerinde \u00f6zellikle tekstil ve mobilya\u2026","rel":"","context":"\u062a\u062f\u0648\u064a\u0646\u0629 \u0645\u0634\u0627\u0628\u0647\u0629","block_context":{"text":"\u062a\u062f\u0648\u064a\u0646\u0629 \u0645\u0634\u0627\u0628\u0647\u0629","link":""},"img":{"alt_text":"","src":"https:\/\/i0.wp.com\/tuzlahortum.com.tr\/wp-content\/uploads\/urunler\/plastik\/19.jpg?fit=588%2C373&ssl=1&resize=350%2C200","width":350,"height":200,"srcset":"https:\/\/i0.wp.com\/tuzlahortum.com.tr\/wp-content\/uploads\/urunler\/plastik\/19.jpg?fit=588%2C373&ssl=1&resize=350%2C200 1x, https:\/\/i0.wp.com\/tuzlahortum.com.tr\/wp-content\/uploads\/urunler\/plastik\/19.jpg?fit=588%2C373&ssl=1&resize=525%2C300 1.5x"},"classes":[]},{"id":732,"url":"https:\/\/tuzlahortum.com.tr\/ar\/product\/gida-icme-suyu-verici-hortum\/","url_meta":{"origin":872,"position":4},"title":"\u062e\u0631\u0637\u0648\u0645 \u0645\u0648\u0632\u0639 \u0645\u064a\u0627\u0647 \u0627\u0644\u0634\u0631\u0628","author":"admin","date":"6 \u0641\u0628\u0631\u0627\u064a\u0631 2019","format":false,"excerpt":"G\u0131da \u0130\u00e7me Suyu Verici HortumKULLANIM ALANLARI : \u0130\u00e7me suyunun ta\u015f\u0131nma ve nakillerinde kullan\u0131l\u0131r. FDA (G\u0131da) Normlar\u0131na Uygun Olarak \u00dcretilmektedir KONTR\u00dcKS\u0130YON Alt : NR\/NBR, beyaz, d\u00fcz, g\u0131da t\u00fcz\u00fc\u011f\u00fcne uygun Takviye : Y\u00fcksek mukavemetli kord bezi \u00dcst : NR\/EPDM, NBR\/PVC\/SBR k\u0131rm\u0131z\u0131 veya mavi, a\u015f\u0131nmaya ve her t\u00fcrl\u00fc iklim \u015fartlar\u0131na dayan\u0131kl\u0131","rel":"","context":"\u062a\u062f\u0648\u064a\u0646\u0629 \u0645\u0634\u0627\u0628\u0647\u0629","block_context":{"text":"\u062a\u062f\u0648\u064a\u0646\u0629 \u0645\u0634\u0627\u0628\u0647\u0629","link":""},"img":{"alt_text":"","src":"https:\/\/i0.wp.com\/tuzlahortum.com.tr\/wp-content\/uploads\/urunler\/kaucuk\/superlas-sut-yagli-gida-verici-hortum.jpg?fit=360%2C270&ssl=1&resize=350%2C200","width":350,"height":200},"classes":[]},{"id":648,"url":"https:\/\/tuzlahortum.com.tr\/ar\/product\/yagli-gida-verici-hortum\/","url_meta":{"origin":872,"position":5},"title":"\u062e\u0631\u0637\u0648\u0645 \u0645\u0648\u0632\u0639 \u0627\u0644\u0637\u0639\u0627\u0645 \u0627\u0644\u062f\u0647\u0646\u064a","author":"admin","date":"6 \u0641\u0628\u0631\u0627\u064a\u0631 2019","format":false,"excerpt":"Ya\u011fl\u0131 G\u0131da Verici HortumKULLANIM ALANLARI : S\u00fct ve ya\u011f gibi her t\u00fcrl\u00fc alkols\u00fcz g\u0131da ta\u015f\u0131nma ve nakillerinde kullan\u0131l\u0131r. FDA (G\u0131da) Normlar\u0131na Uygun Olarak \u00dcretilmektedir KONTR\u00dcKS\u0130YON Alt : NR\/NBR, beyaz, d\u00fcz, g\u0131da t\u00fcz\u00fc\u011f\u00fcne uygun Takviye : Y\u00fcksek mukavemetli kord bezi \u00dcst : NR\/EPDM, NBR\/PVC\/SBR k\u0131rm\u0131z\u0131 veya mavi, a\u015f\u0131nmaya ve her t\u00fcrl\u00fc\u2026","rel":"","context":"\u062a\u062f\u0648\u064a\u0646\u0629 \u0645\u0634\u0627\u0628\u0647\u0629","block_context":{"text":"\u062a\u062f\u0648\u064a\u0646\u0629 \u0645\u0634\u0627\u0628\u0647\u0629","link":""},"img":{"alt_text":"","src":"https:\/\/i0.wp.com\/tuzlahortum.com.tr\/wp-content\/uploads\/urunler\/kaucuk\/superlas-sut-yagli-gida-verici-hortum.jpg?fit=360%2C270&ssl=1&resize=350%2C200","width":350,"height":200},"classes":[]}],"jetpack_sharing_enabled":true,"jetpack_likes_enabled":true,"_links":{"self":[{"href":"https:\/\/tuzlahortum.com.tr\/ar\/wp-json\/wp\/v2\/product\/872","targetHints":{"allow":["GET"]}}],"collection":[{"href":"https:\/\/tuzlahortum.com.tr\/ar\/wp-json\/wp\/v2\/product"}],"about":[{"href":"https:\/\/tuzlahortum.com.tr\/ar\/wp-json\/wp\/v2\/types\/product"}],"replies":[{"embeddable":true,"href":"https:\/\/tuzlahortum.com.tr\/ar\/wp-json\/wp\/v2\/comments?post=872"}],"wp:featuredmedia":[{"embeddable":true,"href":"https:\/\/tuzlahortum.com.tr\/ar\/wp-json\/wp\/v2\/media\/2003"}],"wp:attachment":[{"href":"https:\/\/tuzlahortum.com.tr\/ar\/wp-json\/wp\/v2\/media?parent=872"}],"wp:term":[{"taxonomy":"product_brand","embeddable":true,"href":"https:\/\/tuzlahortum.com.tr\/ar\/wp-json\/wp\/v2\/product_brand?post=872"},{"taxonomy":"product_cat","embeddable":true,"href":"https:\/\/tuzlahortum.com.tr\/ar\/wp-json\/wp\/v2\/product_cat?post=872"},{"taxonomy":"product_tag","embeddable":true,"href":"https:\/\/tuzlahortum.com.tr\/ar\/wp-json\/wp\/v2\/product_tag?post=872"}],"curies":[{"name":"\u062f\u0628\u0644\u064a\u0648 \u0628\u064a","href":"https:\/\/api.w.org\/{rel}","templated":true}]}}