{"id":871,"date":"2019-02-06T23:54:58","date_gmt":"2019-02-06T20:54:58","guid":{"rendered":"http:\/\/hortum.com.tr\/product\/import-placeholder-for-615\/"},"modified":"2024-03-21T17:41:27","modified_gmt":"2024-03-21T14:41:27","slug":"e-tipi-yesil-emici-hortum-orta-hizmet","status":"publish","type":"product","link":"https:\/\/tuzlahortum.com.tr\/ar\/product\/e-tipi-yesil-emici-hortum-orta-hizmet\/","title":{"rendered":"\u062e\u0631\u0637\u0648\u0645 \u0634\u0641\u0637 \u0623\u062e\u0636\u0631 \u0645\u0646 \u0627\u0644\u0646\u0648\u0639 E (\u0631\u0633\u0648\u0645 \u0645\u062a\u0648\u0633\u0637\u0629)"},"content":{"rendered":"<h2>\u062e\u0631\u0637\u0648\u0645 \u0634\u0641\u0637 \u0623\u062e\u0636\u0631 \u0645\u0646 \u0627\u0644\u0646\u0648\u0639 E (\u0631\u0633\u0648\u0645 \u0645\u062a\u0648\u0633\u0637\u0629)<\/h2>\n<p>\u0627\u0644\u0645\u064a\u0632\u0627\u062a \u064a\u0645\u0643\u0646 \u0627\u0633\u062a\u062e\u062f\u0627\u0645\u0647\u0627 \u0643\u0645\u0645\u062a\u0635 \u0644\u0644\u062e\u062f\u0645\u0629 \u0627\u0644\u0645\u062a\u0648\u0633\u0637\u0629 \u0648\u0628\u0627\u0639\u062b. \u0628\u0648\u0644\u064a \u0643\u0644\u0648\u0631\u064a\u062f \u0627\u0644\u0641\u064a\u0646\u064a\u0644 \u0634\u0641\u0627\u0641 \u0645\u0631\u0646 \u060c \u0642\u0648\u0629 \u0639\u0627\u0644\u064a\u0629 \u060c<\/p>\n<p>\u064a\u062a\u0645 \u0625\u0646\u062a\u0627\u062c\u0647 \u0628\u0627\u0633\u062a\u062e\u062f\u0627\u0645 \u062a\u0642\u0648\u064a\u0629 \u0635\u0644\u0628\u0629 \u0645\u0646 \u0645\u0627\u062f\u0629 PVC \u0645\u0642\u0627\u0648\u0645\u0629 \u0644\u0644\u0643\u0633\u0631 \u0625\u0644\u0649 \u0623\u0642\u0635\u0649 \u062d\u062f. \u0627\u0644\u0623\u0633\u0637\u062d \u0627\u0644\u062f\u0627\u062e\u0644\u064a\u0629 \u0648\u0627\u0644\u062e\u0627\u0631\u062c\u064a\u0629 \u0646\u0627\u0639\u0645\u0629.<\/p>\n<p>\u062f\u0631\u062c\u0629 \u062d\u0631\u0627\u0631\u0629 \u0627\u0644\u062a\u0634\u063a\u064a\u0644 \u0628\u064a\u0646 -5 \u062f\u0631\u062c\u0629 \u0645\u0626\u0648\u064a\u0629 \u0648 +60 \u062f\u0631\u062c\u0629 \u0645\u0626\u0648\u064a\u0629 \u0645\u062c\u0627\u0644\u0627\u062a \u0627\u0644\u0627\u0633\u062a\u062e\u062f\u0627\u0645 \u062c\u0645\u064a\u0639 \u0623\u0646\u0648\u0627\u0639 \u0642\u0637\u0627\u0639\u0627\u062a \u0627\u0644\u0632\u0631\u0627\u0639\u0629 \u0648\u0627\u0644\u0635\u0646\u0627\u0639\u0629 \u0648\u0627\u0644\u0628\u0646\u0627\u0621<\/p>\n<p>\u064a\u0645\u0643\u0646 \u0627\u0633\u062a\u062e\u062f\u0627\u0645\u0647 \u0641\u064a \u0627\u0644\u0623\u0639\u0645\u0627\u0644 \u0627\u0644\u0634\u0627\u0642\u0629 \u060c \u0648\u0634\u0641\u0637 \u0627\u0644\u0645\u0636\u062e\u0629 \u060c \u0648\u0646\u0642\u0644 \u0627\u0644\u0633\u0648\u0627\u0626\u0644 \u0648\u0627\u0644\u0645\u0648\u0627\u062f \u0627\u0644\u0623\u062e\u0631\u0649.<\/p>\n<div class=\"video video-fit mb\" style=\"padding-top:56.25%;\"><p><iframe loading=\"lazy\" title=\"\u0627\u0631\u062a\u0628\u0627\u0643 \u0627\u0644\u0642\u064a\u0627\u0633 (\u0628\u0648\u0635\u0629\u060c \u0625\u0635\u0628\u0639\u060c \u0636\u0628\u0627\u0628\u060c \u0645\u0644\u0644\u064a\u0645\u062a\u0631)\" width=\"1020\" height=\"574\" src=\"https:\/\/www.youtube.com\/embed\/uKk6AG_AZls?feature=oembed\" frameborder=\"0\" allow=\"accelerometer; autoplay; clipboard-write; encrypted-media; gyroscope; picture-in-picture; web-share\" referrerpolicy=\"strict-origin-when-cross-origin\" allowfullscreen><\/iframe><\/p>\n<\/div>\n<div class=\"video video-fit mb\" style=\"padding-top:56.25%;\"><p>https:\/\/www.youtube.com\/watch?v=O8ZlzKEjfEQ%20<\/p>\n<\/div>\n<p><img data-recalc-dims=\"1\" loading=\"lazy\" decoding=\"async\" class=\"alignnone size-full wp-image-2020\" src=\"https:\/\/i0.wp.com\/hortum.com.tr\/wp-content\/uploads\/urunler\/plastik\/E-TI%CC%87PI%CC%87-YES%CC%A7I%CC%87L-EMI%CC%87CI%CC%87-SPI%CC%87RAL-HORTUM-orta.jpg?resize=478%2C256\" alt=\"\" width=\"478\" height=\"256\" title=\"\"><\/p>","protected":false},"excerpt":{"rendered":"<p>E Tipi Ye\u015fil Emici Hortum (ORTA H\u0130ZMET) \u00d6zellikler Orta\u00a0hizmet emici ve verici olarak kullan\u0131labilir. Esnek \u015feffaf PVC, y\u00fcksek mukavemetli, k\u0131r\u0131lmaya kar\u015f\u0131 maksimum dayan\u0131kl\u0131 sert PVC takviyesiyle \u00fcretilmektedir. \u0130\u00e7 ve d\u0131\u015f y\u00fczeyler d\u00fczd\u00fcr. \u00c7al\u0131\u015fma S\u0131cakl\u0131\u011f\u0131 -5\u00b0C ile +60\u00b0C aras\u0131 Kullan\u0131m Alanlar\u0131 Tar\u0131m, sanayi ve in\u015faat sekt\u00f6r\u00fcnde her t\u00fcrl\u00fc a\u011f\u0131r hizmetlerde, pompa emi\u015flerinde, likit ve sair malzeme [&#8230;]\n","protected":false},"featured_media":2032,"comment_status":"open","ping_status":"closed","template":"","meta":{"jetpack_post_was_ever_published":false},"product_brand":[],"product_cat":[168],"product_tag":[1054,1061,1060,1059,1055,953,1058,1057,1122],"class_list":{"0":"post-871","1":"product","2":"type-product","3":"status-publish","4":"has-post-thumbnail","6":"product_cat-pvc-spiralli-hortumlari","7":"product_tag-emis-hortumu","8":"product_tag-insaat-hortumlari","9":"product_tag-sanayi-hortumlari","10":"product_tag-tarim-hortumlari","11":"product_tag-tekne-hortumu","12":"product_tag-vakum-hortumu","13":"product_tag-vidanjor-hortumu","14":"product_tag-yat-hortumu","15":"product_tag-yesil-emici-hortum","17":"first","18":"instock","19":"featured","20":"taxable","21":"shipping-taxable","22":"product-type-variable"},"jetpack-related-posts":[],"jetpack_sharing_enabled":true,"jetpack_likes_enabled":true,"_links":{"self":[{"href":"https:\/\/tuzlahortum.com.tr\/ar\/wp-json\/wp\/v2\/product\/871","targetHints":{"allow":["GET"]}}],"collection":[{"href":"https:\/\/tuzlahortum.com.tr\/ar\/wp-json\/wp\/v2\/product"}],"about":[{"href":"https:\/\/tuzlahortum.com.tr\/ar\/wp-json\/wp\/v2\/types\/product"}],"replies":[{"embeddable":true,"href":"https:\/\/tuzlahortum.com.tr\/ar\/wp-json\/wp\/v2\/comments?post=871"}],"wp:featuredmedia":[{"embeddable":true,"href":"https:\/\/tuzlahortum.com.tr\/ar\/wp-json\/wp\/v2\/media\/2032"}],"wp:attachment":[{"href":"https:\/\/tuzlahortum.com.tr\/ar\/wp-json\/wp\/v2\/media?parent=871"}],"wp:term":[{"taxonomy":"product_brand","embeddable":true,"href":"https:\/\/tuzlahortum.com.tr\/ar\/wp-json\/wp\/v2\/product_brand?post=871"},{"taxonomy":"product_cat","embeddable":true,"href":"https:\/\/tuzlahortum.com.tr\/ar\/wp-json\/wp\/v2\/product_cat?post=871"},{"taxonomy":"product_tag","embeddable":true,"href":"https:\/\/tuzlahortum.com.tr\/ar\/wp-json\/wp\/v2\/product_tag?post=871"}],"curies":[{"name":"\u062f\u0628\u0644\u064a\u0648 \u0628\u064a","href":"https:\/\/api.w.org\/{rel}","templated":true}]}}