{"id":867,"date":"2019-02-06T23:54:57","date_gmt":"2019-02-06T20:54:57","guid":{"rendered":"http:\/\/hortum.com.tr\/product\/import-placeholder-for-122\/"},"modified":"2024-03-21T17:41:29","modified_gmt":"2024-03-21T14:41:29","slug":"hv-tipi-kirmizi-verici-hortum-standart","status":"publish","type":"product","link":"https:\/\/tuzlahortum.com.tr\/ar\/product\/hv-tipi-kirmizi-verici-hortum-standart\/","title":{"rendered":"\u062e\u0631\u0637\u0648\u0645 \u0627\u0644\u0627\u0631\u0633\u0627\u0644 \u0627\u0644\u0623\u062d\u0645\u0631 \u0645\u0646 \u0627\u0644\u0646\u0648\u0639 HV (\u0642\u064a\u0627\u0633\u064a)"},"content":{"rendered":"<h2>\u062e\u0631\u0637\u0648\u0645 \u0627\u0644\u0627\u0631\u0633\u0627\u0644 \u0627\u0644\u0623\u062d\u0645\u0631 \u0645\u0646 \u0627\u0644\u0646\u0648\u0639 HV (\u0642\u064a\u0627\u0633\u064a)<\/h2>\n<p>\u064a\u0645\u0643\u0646 \u0627\u0633\u062a\u062e\u062f\u0627\u0645 \u0627\u0644\u0645\u064a\u0632\u0627\u062a \u0643\u062c\u0647\u0627\u0632 \u0625\u0631\u0633\u0627\u0644. \u0628\u0648\u0644\u064a \u0643\u0644\u0648\u0631\u064a\u062f \u0627\u0644\u0641\u064a\u0646\u064a\u0644 \u0634\u0641\u0627\u0641 \u0645\u0631\u0646 \u060c \u0642\u0648\u0629 \u0639\u0627\u0644\u064a\u0629 \u060c<\/p>\n<p>\u064a\u062a\u0645 \u0625\u0646\u062a\u0627\u062c\u0647 \u0628\u0627\u0633\u062a\u062e\u062f\u0627\u0645 \u062a\u0642\u0648\u064a\u0629 \u0635\u0644\u0628\u0629 \u0645\u0646 \u0645\u0627\u062f\u0629 PVC \u0645\u0642\u0627\u0648\u0645\u0629 \u0644\u0644\u0643\u0633\u0631 \u0625\u0644\u0649 \u0623\u0642\u0635\u0649 \u062d\u062f.<\/p>\n<p>\u0627\u0644\u0633\u0637\u062d \u0627\u0644\u062f\u0627\u062e\u0644\u064a \u0623\u0645\u0644\u0633 \u060c \u0627\u0644\u0633\u0637\u062d \u0627\u0644\u062e\u0627\u0631\u062c\u064a \u0645\u0639\u0642\u062f. \u062f\u0631\u062c\u0629 \u062d\u0631\u0627\u0631\u0629 \u0627\u0644\u062a\u0634\u063a\u064a\u0644 -5 \u062f\u0631\u062c\u0629 \u0645\u0626\u0648\u064a\u0629 \u0625\u0644\u0649 +60 \u062f\u0631\u062c\u0629 \u0645\u0626\u0648\u064a\u0629<\/p>\n<p>\u0645\u062c\u0627\u0644\u0627\u062a \u0627\u0644\u0627\u0633\u062a\u062e\u062f\u0627\u0645 \u0635\u0631\u0641 \u062c\u0645\u064a\u0639 \u0623\u0646\u0648\u0627\u0639 \u0627\u0644\u0645\u064a\u0627\u0647 \u0648\u0627\u0644\u0643\u064a\u0645\u0627\u0648\u064a\u0627\u062a \u0627\u0644\u062e\u0641\u064a\u0641\u0629 \u0641\u064a \u0627\u0644\u0632\u0631\u0627\u0639\u0629 \u0648\u0627\u0644\u0635\u0646\u0627\u0639\u0629<\/p>\n<p>\u0646\u0638\u0631\u064b\u0627 \u0644\u062e\u0635\u0627\u0626\u0635\u0647\u0627 \u0627\u0644\u0645\u0642\u0627\u0648\u0645\u0629 \u0644\u0644\u0636\u063a\u0637 \u0627\u0644\u062e\u0641\u064a\u0641 \u060c \u064a\u062a\u0645 \u0627\u0633\u062a\u062e\u062f\u0627\u0645 \u062e\u0631\u0627\u0637\u064a\u0645 \u062c\u0647\u0627\u0632 \u0627\u0644\u0625\u0631\u0633\u0627\u0644 \u0641\u064a<\/p>\n<p>\u064a\u062a\u0645 \u0627\u0633\u062a\u062e\u062f\u0627\u0645\u0647 \u0643\u0645\u0632\u0648\u062f \u062e\u062f\u0645\u0629 \u0645\u062a\u0648\u0633\u0637 \u0641\u064a \u0643\u0644 \u0642\u0637\u0627\u0639.<\/p>\n<div class=\"video video-fit mb\" style=\"padding-top:56.25%;\"><p><iframe loading=\"lazy\" title=\"\u0627\u0631\u062a\u0628\u0627\u0643 \u0627\u0644\u0642\u064a\u0627\u0633 (\u0628\u0648\u0635\u0629\u060c \u0625\u0635\u0628\u0639\u060c \u0636\u0628\u0627\u0628\u060c \u0645\u0644\u0644\u064a\u0645\u062a\u0631)\" width=\"1020\" height=\"574\" src=\"https:\/\/www.youtube.com\/embed\/uKk6AG_AZls?feature=oembed\" frameborder=\"0\" allow=\"accelerometer; autoplay; clipboard-write; encrypted-media; gyroscope; picture-in-picture; web-share\" referrerpolicy=\"strict-origin-when-cross-origin\" allowfullscreen><\/iframe><\/p>\n<\/div>\n<div class=\"video video-fit mb\" style=\"padding-top:56.25%;\"><p>https:\/\/www.youtube.com\/watch?v=O8ZlzKEjfEQ%20<\/p>\n<\/div>\n<p><img data-recalc-dims=\"1\" loading=\"lazy\" decoding=\"async\" class=\"alignnone size-full wp-image-2019\" src=\"https:\/\/i0.wp.com\/hortum.com.tr\/wp-content\/uploads\/urunler\/plastik\/HV-TI%CC%87PI%CC%87-KIRMIZI-VERI%CC%87CI%CC%87-SPI%CC%87RAL-HORTUM-ORTA-HI%CC%87ZMET.jpg?resize=465%2C240\" alt=\"\" width=\"465\" height=\"240\" title=\"\"><\/p>","protected":false},"excerpt":{"rendered":"<p>HV Tipi K\u0131rm\u0131z\u0131 Verici Hortum (STANDART) \u00d6zellikler Verici olarak kullan\u0131labilir. Esnek \u015feffaf PVC, y\u00fcksek mukavemetli, k\u0131r\u0131lmaya kar\u015f\u0131 maksimum dayan\u0131kl\u0131 sert PVC takviyesiyle \u00fcretilmektedir. \u0130\u00e7 y\u00fczey d\u00fcz, d\u0131\u015f y\u00fczey bo\u011fumludur. \u00c7al\u0131\u015fma S\u0131cakl\u0131\u011f\u0131 -5\u00b0C ile +60\u00b0C aras\u0131 Kullan\u0131m Alanlar\u0131 Tar\u0131m ve sanayide her t\u00fcrl\u00fc su ve hafif kimyasallar\u0131n tahliye i\u015flerinde kullan\u0131l\u0131r, Verici hortumlar hafif bas\u0131nca mukavemet \u00f6zelliklerinden [&#8230;]\n","protected":false},"featured_media":2033,"comment_status":"open","ping_status":"closed","template":"","meta":{"jetpack_post_was_ever_published":false},"product_brand":[],"product_cat":[168],"product_tag":[1111,1066,1110,1107,1109,1108,794,1114,1113,1112],"class_list":{"0":"post-867","1":"product","2":"type-product","3":"status-publish","4":"has-post-thumbnail","6":"product_cat-pvc-spiralli-hortumlari","7":"product_tag-bogumlu-hortum","8":"product_tag-esnek-hortum","9":"product_tag-hafif-hortum","10":"product_tag-hv-tipi-kirmizi-verici-horum","11":"product_tag-kirmizi-spiral-hortum","12":"product_tag-spiralli-hortum","13":"product_tag-su-bosaltma-hortumu","14":"product_tag-sulama-hortumu","15":"product_tag-tanker-hortumu","16":"product_tag-vidanjor-hortum","18":"first","19":"instock","20":"taxable","21":"shipping-taxable","22":"product-type-variable"},"jetpack-related-posts":[{"id":868,"url":"https:\/\/tuzlahortum.com.tr\/ar\/product\/hv-tipi-kirmizi-verici-hortum-orta-hizmet\/","url_meta":{"origin":867,"position":0},"title":"\u062e\u0631\u0637\u0648\u0645 \u0627\u0644\u0627\u0631\u0633\u0627\u0644 \u0627\u0644\u0623\u062d\u0645\u0631 \u0645\u0646 \u0627\u0644\u0646\u0648\u0639 HV (\u0631\u0633\u0648\u0645 \u0645\u062a\u0648\u0633\u0637\u0629)","author":"admin","date":"6 \u0641\u0628\u0631\u0627\u064a\u0631 2019","format":false,"excerpt":"HV Tipi K\u0131rm\u0131z\u0131 Verici Hortum (ORTA H\u0130ZMET)\u00d6zellikler Verici olarak kullan\u0131labilir. Esnek \u015feffaf PVC, y\u00fcksek mukavemetli, k\u0131r\u0131lmaya kar\u015f\u0131 maksimum dayan\u0131kl\u0131 sert PVC takviyesiyle \u00fcretilmektedir. \u00c7al\u0131\u015fma S\u0131cakl\u0131\u011f\u0131 -5\u00b0C ile +60\u00b0C aras\u0131 Kullan\u0131m Alanlar\u0131 Tar\u0131m ve sanayide her t\u00fcrl\u00fc su ve hafif kimyasallar\u0131n tahliye i\u015flerinde kullan\u0131l\u0131r, Verici hortumlar hafif bas\u0131nca mukavemet \u00f6zelliklerinden dolay\u0131\u2026","rel":"","context":"\u062a\u062f\u0648\u064a\u0646\u0629 \u0645\u0634\u0627\u0628\u0647\u0629","block_context":{"text":"\u062a\u062f\u0648\u064a\u0646\u0629 \u0645\u0634\u0627\u0628\u0647\u0629","link":""},"img":{"alt_text":"","src":"https:\/\/i0.wp.com\/tuzlahortum.com.tr\/wp-content\/uploads\/urunler\/plastik\/25.jpg?fit=583%2C324&ssl=1&resize=350%2C200","width":350,"height":200,"srcset":"https:\/\/i0.wp.com\/tuzlahortum.com.tr\/wp-content\/uploads\/urunler\/plastik\/25.jpg?fit=583%2C324&ssl=1&resize=350%2C200 1x, https:\/\/i0.wp.com\/tuzlahortum.com.tr\/wp-content\/uploads\/urunler\/plastik\/25.jpg?fit=583%2C324&ssl=1&resize=525%2C300 1.5x"},"classes":[]},{"id":828,"url":"https:\/\/tuzlahortum.com.tr\/ar\/product\/te-tipi-gri-toz-emis-hortumu-standart\/","url_meta":{"origin":867,"position":1},"title":"\u062e\u0631\u0637\u0648\u0645 \u0634\u0641\u0637 \u0627\u0644\u063a\u0628\u0627\u0631 \u0627\u0644\u0631\u0645\u0627\u062f\u064a \u0645\u0646 \u0646\u0648\u0639 TE (\u0642\u064a\u0627\u0633\u064a)","author":"admin","date":"6 \u0641\u0628\u0631\u0627\u064a\u0631 2019","format":false,"excerpt":"TE Tipi Gri Toz Emi\u015f Hortumu (STANDART)\u00d6zellikler Verici olarak kullan\u0131labilir. Esnek \u015feffaf PVC, y\u00fcksek mukavemetli, k\u0131r\u0131lmaya kar\u015f\u0131 maksimum dayan\u0131kl\u0131 sert PVC takviyesiyle \u00fcretilmektedir. \u0130\u00e7 y\u00fczey d\u00fcz, d\u0131\u015f y\u00fczey bo\u011fumludur. \u00c7al\u0131\u015fma S\u0131cakl\u0131\u011f\u0131 -5\u00b0C ile +60\u00b0C aras\u0131 Kullan\u0131m Alanlar\u0131 Her t\u00fcrl\u00fc hava, duman, gaz, tala\u015f vb. emme i\u015flerinde \u00f6zellikle tekstil ve mobilya\u2026","rel":"","context":"\u062a\u062f\u0648\u064a\u0646\u0629 \u0645\u0634\u0627\u0628\u0647\u0629","block_context":{"text":"\u062a\u062f\u0648\u064a\u0646\u0629 \u0645\u0634\u0627\u0628\u0647\u0629","link":""},"img":{"alt_text":"","src":"https:\/\/i0.wp.com\/tuzlahortum.com.tr\/wp-content\/uploads\/urunler\/plastik\/19.jpg?fit=588%2C373&ssl=1&resize=350%2C200","width":350,"height":200,"srcset":"https:\/\/i0.wp.com\/tuzlahortum.com.tr\/wp-content\/uploads\/urunler\/plastik\/19.jpg?fit=588%2C373&ssl=1&resize=350%2C200 1x, https:\/\/i0.wp.com\/tuzlahortum.com.tr\/wp-content\/uploads\/urunler\/plastik\/19.jpg?fit=588%2C373&ssl=1&resize=525%2C300 1.5x"},"classes":[]},{"id":825,"url":"https:\/\/tuzlahortum.com.tr\/ar\/product\/v-tipi-sari-verici-hortum-standart\/","url_meta":{"origin":867,"position":2},"title":"\u062e\u0631\u0637\u0648\u0645 \u0627\u0644\u0625\u0631\u0633\u0627\u0644 \u0627\u0644\u0623\u0635\u0641\u0631 \u0645\u0646 \u0627\u0644\u0646\u0648\u0639 V (\u0642\u064a\u0627\u0633\u064a)","author":"admin","date":"6 \u0641\u0628\u0631\u0627\u064a\u0631 2019","format":false,"excerpt":"V Tipi Sar\u0131 Verici Hortum (STANDART)\u00d6zellikler Emici ve verici olarak kullan\u0131labilir. Esnek \u015feffaf PVC, y\u00fcksek mukavemetli, k\u0131r\u0131lmaya kar\u015f\u0131 maksimum dayan\u0131kl\u0131 sert PVC takviyesiyle \u00fcretilmektedir. \u0130\u00e7 ve d\u0131\u015f y\u00fczey d\u00fczd\u00fcr. \u00c7al\u0131\u015fma S\u0131cakl\u0131\u011f\u0131 -5\u00b0C ile +60\u00b0C aras\u0131 Kullan\u0131m Alanlar\u0131 Tar\u0131m, sanayi ve in\u015faat sekt\u00f6r\u00fcnde , pompa emi\u015flerinde, likit ve sair malzeme naklinde\u00a0\u2026","rel":"","context":"\u062a\u062f\u0648\u064a\u0646\u0629 \u0645\u0634\u0627\u0628\u0647\u0629","block_context":{"text":"\u062a\u062f\u0648\u064a\u0646\u0629 \u0645\u0634\u0627\u0628\u0647\u0629","link":""},"img":{"alt_text":"","src":"https:\/\/i0.wp.com\/tuzlahortum.com.tr\/wp-content\/uploads\/urunler\/plastik\/39.jpg?fit=456%2C232&ssl=1&resize=350%2C200","width":350,"height":200},"classes":[]},{"id":866,"url":"https:\/\/tuzlahortum.com.tr\/ar\/product\/te-tipi-gri-toz-emis-hortumu-orta-hizmet\/","url_meta":{"origin":867,"position":3},"title":"\u062e\u0631\u0637\u0648\u0645 \u0634\u0641\u0637 \u0627\u0644\u063a\u0628\u0627\u0631 \u0627\u0644\u0631\u0645\u0627\u062f\u064a \u0645\u0646 \u0646\u0648\u0639 TE (\u0648\u0627\u062c\u0628 \u0645\u062a\u0648\u0633\u0637)","author":"admin","date":"6 \u0641\u0628\u0631\u0627\u064a\u0631 2019","format":false,"excerpt":"TE Tipi Gri Toz Emi\u015f Hortumu (ORTA H\u0130ZMET)\u00d6zellikler Verici olarak kullan\u0131labilir. Esnek \u015feffaf PVC, y\u00fcksek mukavemetli, k\u0131r\u0131lmaya kar\u015f\u0131 maksimum dayan\u0131kl\u0131 sert PVC takviyesiyle \u00fcretilmektedir. \u0130\u00e7 y\u00fczey d\u00fcz, d\u0131\u015f y\u00fczey bo\u011fumludur. \u00c7al\u0131\u015fma S\u0131cakl\u0131\u011f\u0131 -5\u00b0C ile +60\u00b0C aras\u0131 Kullan\u0131m Alanlar\u0131 Her t\u00fcrl\u00fc hava, duman, gaz, tala\u015f vb. emme i\u015flerinde \u00f6zellikle tekstil ve\u2026","rel":"","context":"\u062a\u062f\u0648\u064a\u0646\u0629 \u0645\u0634\u0627\u0628\u0647\u0629","block_context":{"text":"\u062a\u062f\u0648\u064a\u0646\u0629 \u0645\u0634\u0627\u0628\u0647\u0629","link":""},"img":{"alt_text":"","src":"https:\/\/i0.wp.com\/tuzlahortum.com.tr\/wp-content\/uploads\/urunler\/plastik\/19.jpg?fit=588%2C373&ssl=1&resize=350%2C200","width":350,"height":200,"srcset":"https:\/\/i0.wp.com\/tuzlahortum.com.tr\/wp-content\/uploads\/urunler\/plastik\/19.jpg?fit=588%2C373&ssl=1&resize=350%2C200 1x, https:\/\/i0.wp.com\/tuzlahortum.com.tr\/wp-content\/uploads\/urunler\/plastik\/19.jpg?fit=588%2C373&ssl=1&resize=525%2C300 1.5x"},"classes":[]},{"id":865,"url":"https:\/\/tuzlahortum.com.tr\/ar\/product\/v-tipi-sari-verici-hortum-orta-hizmet\/","url_meta":{"origin":867,"position":4},"title":"\u062e\u0631\u0637\u0648\u0645 \u0627\u0644\u0625\u0631\u0633\u0627\u0644 \u0627\u0644\u0623\u0635\u0641\u0631 \u0645\u0646 \u0627\u0644\u0646\u0648\u0639 V (\u0631\u0633\u0648\u0645 \u0645\u062a\u0648\u0633\u0637\u0629)","author":"admin","date":"6 \u0641\u0628\u0631\u0627\u064a\u0631 2019","format":false,"excerpt":"V Tipi Sar\u0131 Verici Hortum (ORTA H\u0130ZMET)\u00d6zellikler Verici olarak kullan\u0131labilir. Esnek \u015feffaf PVC, y\u00fcksek mukavemetli, k\u0131r\u0131lmaya kar\u015f\u0131 maksimum dayan\u0131kl\u0131 sert PVC takviyesiyle \u00fcretilmektedir. \u0130\u00e7 ve d\u0131\u015f y\u00fczeyler d\u00fczd\u00fcr. \u00c7al\u0131\u015fma S\u0131cakl\u0131\u011f\u0131 -5\u00b0C ile +60\u00b0C aras\u0131 Kullan\u0131m Alanlar\u0131 Tar\u0131m, sanayi ve in\u015faat sekt\u00f6r\u00fcnde her t\u00fcrl\u00fc orta hizmetlerde, pompa emi\u015flerinde, likit ve sair\u2026","rel":"","context":"\u062a\u062f\u0648\u064a\u0646\u0629 \u0645\u0634\u0627\u0628\u0647\u0629","block_context":{"text":"\u062a\u062f\u0648\u064a\u0646\u0629 \u0645\u0634\u0627\u0628\u0647\u0629","link":""},"img":{"alt_text":"","src":"https:\/\/i0.wp.com\/tuzlahortum.com.tr\/wp-content\/uploads\/urunler\/plastik\/39.jpg?fit=456%2C232&ssl=1&resize=350%2C200","width":350,"height":200},"classes":[]},{"id":870,"url":"https:\/\/tuzlahortum.com.tr\/ar\/product\/e-tipi-yesil-emici-hortum-standart\/","url_meta":{"origin":867,"position":5},"title":"\u062e\u0631\u0637\u0648\u0645 \u0634\u0641\u0637 \u0623\u062e\u0636\u0631 \u0645\u0646 \u0627\u0644\u0646\u0648\u0639 E (\u0642\u064a\u0627\u0633\u064a)","author":"admin","date":"6 \u0641\u0628\u0631\u0627\u064a\u0631 2019","format":false,"excerpt":"E Tipi Ye\u015fil Emici Hortum (STANDART)\u00d6zellikler A\u011f\u0131r hizmet emici ve verici olarak kullan\u0131labilir. Esnek \u015feffaf PVC, y\u00fcksek mukavemetli, k\u0131r\u0131lmaya kar\u015f\u0131 maksimum dayan\u0131kl\u0131 sert PVC takviyesiyle \u00fcretilmektedir. \u0130\u00e7 ve d\u0131\u015f y\u00fczey d\u00fczd\u00fcr. \u00c7al\u0131\u015fma S\u0131cakl\u0131\u011f\u0131 -5\u00b0C ile +60\u00b0C aras\u0131 Kullan\u0131m Alanlar\u0131 Tar\u0131m, sanayi ve in\u015faat sekt\u00f6r\u00fcnde her t\u00fcrl\u00fc a\u011f\u0131r hizmetlerde, pompa emi\u015flerinde,\u2026","rel":"","context":"\u062a\u062f\u0648\u064a\u0646\u0629 \u0645\u0634\u0627\u0628\u0647\u0629","block_context":{"text":"\u062a\u062f\u0648\u064a\u0646\u0629 \u0645\u0634\u0627\u0628\u0647\u0629","link":""},"img":{"alt_text":"","src":"https:\/\/i0.wp.com\/tuzlahortum.com.tr\/wp-content\/uploads\/urunler\/plastik\/33.jpg?fit=487%2C276&ssl=1&resize=350%2C200","width":350,"height":200},"classes":[]}],"jetpack_sharing_enabled":true,"jetpack_likes_enabled":true,"_links":{"self":[{"href":"https:\/\/tuzlahortum.com.tr\/ar\/wp-json\/wp\/v2\/product\/867","targetHints":{"allow":["GET"]}}],"collection":[{"href":"https:\/\/tuzlahortum.com.tr\/ar\/wp-json\/wp\/v2\/product"}],"about":[{"href":"https:\/\/tuzlahortum.com.tr\/ar\/wp-json\/wp\/v2\/types\/product"}],"replies":[{"embeddable":true,"href":"https:\/\/tuzlahortum.com.tr\/ar\/wp-json\/wp\/v2\/comments?post=867"}],"wp:featuredmedia":[{"embeddable":true,"href":"https:\/\/tuzlahortum.com.tr\/ar\/wp-json\/wp\/v2\/media\/2033"}],"wp:attachment":[{"href":"https:\/\/tuzlahortum.com.tr\/ar\/wp-json\/wp\/v2\/media?parent=867"}],"wp:term":[{"taxonomy":"product_brand","embeddable":true,"href":"https:\/\/tuzlahortum.com.tr\/ar\/wp-json\/wp\/v2\/product_brand?post=867"},{"taxonomy":"product_cat","embeddable":true,"href":"https:\/\/tuzlahortum.com.tr\/ar\/wp-json\/wp\/v2\/product_cat?post=867"},{"taxonomy":"product_tag","embeddable":true,"href":"https:\/\/tuzlahortum.com.tr\/ar\/wp-json\/wp\/v2\/product_tag?post=867"}],"curies":[{"name":"\u062f\u0628\u0644\u064a\u0648 \u0628\u064a","href":"https:\/\/api.w.org\/{rel}","templated":true}]}}