{"id":8622,"date":"2019-03-21T15:56:13","date_gmt":"2019-03-21T12:56:13","guid":{"rendered":"https:\/\/tuzlahortum.com.tr\/?post_type=product&#038;p=8622"},"modified":"2025-02-06T15:24:40","modified_gmt":"2025-02-06T12:24:40","slug":"bezli-su-verici-hortum10-bar","status":"publish","type":"product","link":"https:\/\/tuzlahortum.com.tr\/ar\/product\/bezli-su-verici-hortum10-bar\/","title":{"rendered":"\u062e\u0631\u0637\u0648\u0645 \u0645\u0648\u0632\u0639 \u0645\u064a\u0627\u0647 \u0645\u0646 \u0627\u0644\u0642\u0645\u0627\u0634 (10 \u0628\u0627\u0631)"},"content":{"rendered":"<h2>\u062e\u0631\u0637\u0648\u0645 \u0645\u0648\u0632\u0639 \u0645\u064a\u0627\u0647 \u0645\u0646 \u0627\u0644\u0642\u0645\u0627\u0634 (10 \u0628\u0627\u0631)<\/h2>\n<div>\u0645\u062c\u0627\u0644\u0627\u062a \u0627\u0644\u0627\u0633\u062a\u062e\u062f\u0627\u0645: \u0648\u0647\u0648 \u0639\u0628\u0627\u0631\u0629 \u0639\u0646 \u062e\u0631\u0637\u0648\u0645 \u0642\u0648\u064a \u0648\u0645\u0631\u0646 \u0648\u0639\u0627\u0628\u0631 \u0627\u0644\u0631\u0624\u064a\u0629 \u0648\u0645\u0646\u0627\u0633\u0628 \u0644\u0638\u0631\u0648\u0641 \u0627\u0644\u062a\u0637\u0628\u064a\u0642\u0627\u062a \u0627\u0644\u062b\u0642\u064a\u0644\u0629 \u0644\u0644\u0635\u0646\u0627\u0639\u0629 \u0648\u0627\u0644\u0628\u0646\u0627\u0621 \u0648\u0627\u0644\u0632\u0631\u0627\u0639\u0629.<\/div>\n<div><\/div>\n<div>\u0627\u0639\u0645\u0627\u0644 \u0628\u0646\u0627\u0621<\/div>\n<div>\u0623\u0633\u0641\u0644: SBR \/ NR \u0623\u0633\u0648\u062f \u060c \u0644\u0627\u0645\u0639<\/div>\n<div>\u0627\u0644\u062a\u0639\u0632\u064a\u0632: \u0646\u0633\u064a\u062c \u062d\u0628\u0644 \u0639\u0627\u0644\u064a \u0627\u0644\u0642\u0648\u0629<\/div>\n<div>\u0623\u0639\u0644\u0649 : SBR \u0623\u0633\u0648\u062f SBR\u060c \u0645\u0642\u0627\u0648\u0645 \u0644\u062c\u0645\u064a\u0639 \u0627\u0644\u0638\u0631\u0648\u0641 \u0627\u0644\u0645\u0646\u0627\u062e\u064a\u0629 fghfgh<\/div>\n<div><\/div>\n<div><div class=\"video video-fit mb\" style=\"padding-top:338;\"><p><iframe loading=\"lazy\" title=\"\u0627\u0631\u062a\u0628\u0627\u0643 \u0627\u0644\u0642\u064a\u0627\u0633 (\u0628\u0648\u0635\u0629\u060c \u0625\u0635\u0628\u0639\u060c \u0636\u0628\u0627\u0628\u060c \u0645\u0644\u0644\u064a\u0645\u062a\u0631)\" width=\"1020\" height=\"574\" src=\"https:\/\/www.youtube.com\/embed\/uKk6AG_AZls?feature=oembed\" frameborder=\"0\" allow=\"accelerometer; autoplay; clipboard-write; encrypted-media; gyroscope; picture-in-picture; web-share\" referrerpolicy=\"strict-origin-when-cross-origin\" allowfullscreen><\/iframe><\/p>\n<\/div><\/div>\n<div><\/div>\n<div>\u0627\u062e\u062a\u0628\u0627\u0631<\/div>","protected":false},"excerpt":{"rendered":"<p>Bezli Su Verici Hortum(10 Bar) KULLANIM ALANLARI : Sanayi,in\u015faat ve tar\u0131m\u0131n a\u011f\u0131r uygulama \u015fartlar\u0131na elveri\u015fli,sa\u011flam,esnek ve al\u0131c\u0131 verici hortumdur. KONTR\u00dcKS\u0130YON Alt : SBR\/NR siyah, parlak Takviye : Y\u00fcksek mukavemetli kord bezi \u00dcst : SBR siyah, her t\u00fcrl\u00fc iklim \u015fartlar\u0131na dayan\u0131kl\u0131 fghfgh test<\/p>","protected":false},"featured_media":1726,"comment_status":"open","ping_status":"closed","template":"","meta":{"jetpack_post_was_ever_published":false},"product_brand":[],"product_cat":[163],"product_tag":[795,786,1179,1180,787,789,723,788,818,796,793,794,791,792,652,1181],"class_list":{"0":"post-8622","1":"product","2":"type-product","3":"status-publish","4":"has-post-thumbnail","6":"product_cat-su-hortumlari","7":"product_tag-bahce","8":"product_tag-bezli-su-hortumu","9":"product_tag-bezli-su-verici-hortumlar","10":"product_tag-insaat-hortumu","11":"product_tag-kaucuk-su-hortumu","12":"product_tag-lastik-su-hortumu","13":"product_tag-sanayi","14":"product_tag-sargili-su-hortumu","15":"product_tag-siyah-su-hortumu","16":"product_tag-spor-alanlari","17":"product_tag-su-basma-hortumu","18":"product_tag-su-bosaltma-hortumu","19":"product_tag-su-nakil","20":"product_tag-su-tahliye-hortumu","21":"product_tag-tarim","22":"product_tag-yikama-hortu","24":"first","25":"instock","26":"taxable","27":"shipping-taxable","28":"product-type-variable"},"jetpack-related-posts":[],"jetpack_sharing_enabled":true,"jetpack_likes_enabled":true,"_links":{"self":[{"href":"https:\/\/tuzlahortum.com.tr\/ar\/wp-json\/wp\/v2\/product\/8622","targetHints":{"allow":["GET"]}}],"collection":[{"href":"https:\/\/tuzlahortum.com.tr\/ar\/wp-json\/wp\/v2\/product"}],"about":[{"href":"https:\/\/tuzlahortum.com.tr\/ar\/wp-json\/wp\/v2\/types\/product"}],"replies":[{"embeddable":true,"href":"https:\/\/tuzlahortum.com.tr\/ar\/wp-json\/wp\/v2\/comments?post=8622"}],"wp:featuredmedia":[{"embeddable":true,"href":"https:\/\/tuzlahortum.com.tr\/ar\/wp-json\/wp\/v2\/media\/1726"}],"wp:attachment":[{"href":"https:\/\/tuzlahortum.com.tr\/ar\/wp-json\/wp\/v2\/media?parent=8622"}],"wp:term":[{"taxonomy":"product_brand","embeddable":true,"href":"https:\/\/tuzlahortum.com.tr\/ar\/wp-json\/wp\/v2\/product_brand?post=8622"},{"taxonomy":"product_cat","embeddable":true,"href":"https:\/\/tuzlahortum.com.tr\/ar\/wp-json\/wp\/v2\/product_cat?post=8622"},{"taxonomy":"product_tag","embeddable":true,"href":"https:\/\/tuzlahortum.com.tr\/ar\/wp-json\/wp\/v2\/product_tag?post=8622"}],"curies":[{"name":"\u062f\u0628\u0644\u064a\u0648 \u0628\u064a","href":"https:\/\/api.w.org\/{rel}","templated":true}]}}