{"id":861,"date":"2019-02-06T23:54:55","date_gmt":"2019-02-06T20:54:55","guid":{"rendered":"http:\/\/hortum.com.tr\/product\/import-placeholder-for-627\/"},"modified":"2024-03-21T17:41:35","modified_gmt":"2024-03-21T14:41:35","slug":"jakuzi-ve-havuz-hortumlari-beyaz-orgulu-ve-seffaf","status":"publish","type":"product","link":"https:\/\/tuzlahortum.com.tr\/ar\/product\/jakuzi-ve-havuz-hortumlari-beyaz-orgulu-ve-seffaf\/","title":{"rendered":"\u062c\u0627\u0643\u0648\u0632\u064a \u0648\u062e\u0631\u0627\u0637\u064a\u0645 \u062d\u0645\u0627\u0645 \u0627\u0644\u0633\u0628\u0627\u062d\u0629 \u0628\u064a\u0636\u0627\u0621 \u0645\u0636\u0641\u0631\u0629 \u0648\u0634\u0641\u0627\u0641\u0629"},"content":{"rendered":"<h2>\u062c\u0627\u0643\u0648\u0632\u064a \u0648\u062e\u0631\u0627\u0637\u064a\u0645 \u062d\u0645\u0627\u0645 \u0627\u0644\u0633\u0628\u0627\u062d\u0629 \u0628\u064a\u0636\u0627\u0621 \u0645\u0636\u0641\u0631\u0629 \u0648\u0634\u0641\u0627\u0641\u0629<\/h2>\n<p>\u0633\u0645\u0627\u062a<\/p>\n<p>\u0627\u0644\u0637\u0628\u0642\u0629 \u0627\u0644\u0633\u0641\u0644\u064a\u0629 \u0645\u0635\u0646\u0648\u0639\u0629 \u0645\u0646 \u0645\u0627\u062f\u0629 \u0634\u0641\u0627\u0641\u0629 \u0639\u0627\u0644\u064a\u0629 \u0627\u0644\u062c\u0648\u062f\u0629 \u060c \u0648\u0642\u0648\u0629 \u0639\u0627\u0644\u064a\u0629 \u060c \u0648\u0623\u0642\u0635\u0649 \u0645\u0642\u0627\u0648\u0645\u0629 \u0644\u0644\u0643\u0633\u0631 \u062a\u0642\u0648\u064a\u0629 PVC.<br \/>\n\u062f\u0631\u062c\u0629 \u062d\u0631\u0627\u0631\u0629 \u0627\u0644\u062a\u0634\u063a\u064a\u0644<\/p>\n<p>-5 \u062f\u0631\u062c\u0629 \u0645\u0626\u0648\u064a\u0629 \u0625\u0644\u0649 +60 \u062f\u0631\u062c\u0629 \u0645\u0626\u0648\u064a\u0629<\/p>\n<p>\u0645\u062c\u0627\u0644\u0627\u062a \u0627\u0644\u0627\u0633\u062a\u062e\u062f\u0627\u0645<\/p>\n<p>\u064a\u0645\u0643\u0646 \u0627\u0633\u062a\u062e\u062f\u0627\u0645\u0647 \u0641\u064a \u062f\u0648\u0631\u0627\u0646 \u0645\u064a\u0627\u0647 \u0623\u062d\u0648\u0627\u0636 \u0627\u0644\u0633\u0628\u0627\u062d\u0629 \u0648\u0623\u0646\u0638\u0645\u0629 \u0623\u062d\u0648\u0627\u0636 \u0627\u0644\u062c\u0627\u0643\u0648\u0632\u064a.<\/p>\n<div class=\"video video-fit mb\" style=\"padding-top:56.25%;\"><p><iframe loading=\"lazy\" title=\"\u0627\u0631\u062a\u0628\u0627\u0643 \u0627\u0644\u0642\u064a\u0627\u0633 (\u0628\u0648\u0635\u0629\u060c \u0625\u0635\u0628\u0639\u060c \u0636\u0628\u0627\u0628\u060c \u0645\u0644\u0644\u064a\u0645\u062a\u0631)\" width=\"1020\" height=\"574\" src=\"https:\/\/www.youtube.com\/embed\/uKk6AG_AZls?feature=oembed\" frameborder=\"0\" allow=\"accelerometer; autoplay; clipboard-write; encrypted-media; gyroscope; picture-in-picture; web-share\" referrerpolicy=\"strict-origin-when-cross-origin\" allowfullscreen><\/iframe><\/p>\n<\/div>","protected":false},"excerpt":{"rendered":"<p>JAKUZ\u0130 VE HAVUZ HORTUMLARI BEYAZ \u00d6RG\u00dcL\u00dc ve \u015eEFFAF \u00d6zellikler Alt kat y\u00fcksek kaliteli \u015feffaf malzeme, y\u00fcksek mukavemetli, k\u0131r\u0131lmaya kar\u015f\u0131 maksimum dayan\u0131kl\u0131 sert PVC takviyesiyle \u00fcretilmektedir. \u00c7al\u0131\u015fma S\u0131cakl\u0131\u011f\u0131 -5\u00b0C ile +60\u00b0C aras\u0131 Kullan\u0131m Alanlar\u0131 Y\u00fczme havuzu su sirk\u00fclasyonu\u00a0,\u00a0jakuzi k\u00fcvet sistemlerinde kullan\u0131labilir.<\/p>","protected":false},"featured_media":2016,"comment_status":"open","ping_status":"closed","template":"","meta":[],"product_brand":[],"product_cat":[168],"product_tag":[1105,2298,1106,290,1104,2297,1064],"class_list":{"0":"post-861","1":"product","2":"type-product","3":"status-publish","4":"has-post-thumbnail","6":"product_cat-pvc-spiralli-hortumlari","7":"product_tag-havuz","8":"product_tag-havuz-hortumlari","9":"product_tag-havuz-hortumu","10":"product_tag-hortum","11":"product_tag-jakuzi","12":"product_tag-jakuzi-hortumlari","13":"product_tag-jakuzi-hortumu","15":"first","16":"instock","17":"taxable","18":"shipping-taxable","19":"product-type-variable"},"jetpack-related-posts":[{"id":860,"url":"https:\/\/tuzlahortum.com.tr\/ar\/product\/jakuzi-ve-havuz-hortumlari\/","url_meta":{"origin":861,"position":0},"title":"\u062c\u0627\u0643\u0648\u0632\u064a \u0648\u062e\u0631\u0627\u0637\u064a\u0645 \u062d\u0645\u0627\u0645 \u0627\u0644\u0633\u0628\u0627\u062d\u0629","author":"admin","date":"6 \u0641\u0628\u0631\u0627\u064a\u0631 2019","format":false,"excerpt":"JAKUZ\u0130 VE HAVUZ HORTUMLARI\u00d6zellikler Emici ve verici olarak kullan\u0131labilir, y\u00fcksek mukavemetli, k\u0131r\u0131lmaya kar\u015f\u0131 maksimum dayan\u0131kl\u0131 sert PVC takviyesiyle \u00fcretilmektedir. \u00c7al\u0131\u015fma S\u0131cakl\u0131\u011f\u0131 -5\u00b0C ile +60\u00b0C aras\u0131 Kullan\u0131m Alanlar\u0131 Y\u00fczme havuzu su sirk\u00fclasyonu\u00a0,\u00a0jakuzi k\u00fcvet sistemlerinde kullan\u0131labilir.","rel":"","context":"\u062a\u062f\u0648\u064a\u0646\u0629 \u0645\u0634\u0627\u0628\u0647\u0629","block_context":{"text":"\u062a\u062f\u0648\u064a\u0646\u0629 \u0645\u0634\u0627\u0628\u0647\u0629","link":""},"img":{"alt_text":"","src":"https:\/\/i0.wp.com\/tuzlahortum.com.tr\/wp-content\/uploads\/2019\/02\/E-T%C4%B0P%C4%B0-BEYAZ-EM%C4%B0C%C4%B0-HORTUM.jpg?fit=640%2C480&ssl=1&resize=350%2C200","width":350,"height":200,"srcset":"https:\/\/i0.wp.com\/tuzlahortum.com.tr\/wp-content\/uploads\/2019\/02\/E-T%C4%B0P%C4%B0-BEYAZ-EM%C4%B0C%C4%B0-HORTUM.jpg?fit=640%2C480&ssl=1&resize=350%2C200 1x, https:\/\/i0.wp.com\/tuzlahortum.com.tr\/wp-content\/uploads\/2019\/02\/E-T%C4%B0P%C4%B0-BEYAZ-EM%C4%B0C%C4%B0-HORTUM.jpg?fit=640%2C480&ssl=1&resize=525%2C300 1.5x"},"classes":[]},{"id":21818,"url":"https:\/\/tuzlahortum.com.tr\/ar\/product\/termessos\/","url_meta":{"origin":861,"position":1},"title":"\u062a\u064a\u0631\u0645\u064a\u0633\u0648\u0633","author":"admin","date":"11 \u0623\u063a\u0633\u0637\u0633 2025","format":false,"excerpt":"\u00a0 \u00dcr\u00fcn Ad\u0131: TERMESSOS \u00dcr\u00fcn Kodu: TSG06 Spa - Banyo Kullanim Alan\u0131 : Y\u00fczme havuzlar\u0131, jakuziler vb. i\u00e7in y\u00fcksek bas\u0131n\u00e7ta s\u0131cak su ge\u00e7i\u015fi. Alt Katman : G\u00fc\u00e7l\u00fc, Esnek ve P\u00fcr\u00fczs\u00fcz Beyaz Plastikle\u015ftirilmi\u015f PVC. Takviye Katman\u0131 : Darbeye Dayan\u0131kl\u0131 Beyaz Spiral. \u00dcst Katman : Ezilmeye, A\u015f\u0131nmaya ve Hava Ko\u015fullar\u0131na Dayan\u0131kl\u0131, D\u0131\u015f\u2026","rel":"","context":"\u062a\u062f\u0648\u064a\u0646\u0629 \u0645\u0634\u0627\u0628\u0647\u0629","block_context":{"text":"\u062a\u062f\u0648\u064a\u0646\u0629 \u0645\u0634\u0627\u0628\u0647\u0629","link":""},"img":{"alt_text":"","src":"https:\/\/i0.wp.com\/tuzlahortum.com.tr\/wp-content\/uploads\/2025\/08\/PVC_22.png?fit=441%2C441&ssl=1&resize=350%2C200","width":350,"height":200},"classes":[]},{"id":827,"url":"https:\/\/tuzlahortum.com.tr\/ar\/product\/e-tipi-beyaz-emici-hortum\/","url_meta":{"origin":861,"position":2},"title":"\u062e\u0631\u0637\u0648\u0645 \u0634\u0641\u0637 \u0623\u0628\u064a\u0636 \u0645\u0646 \u0627\u0644\u0646\u0648\u0639 E","author":"admin","date":"6 \u0641\u0628\u0631\u0627\u064a\u0631 2019","format":false,"excerpt":"E Tipi Beyaz Emici Hortum\u00d6zellikler A\u011f\u0131r hizmet emici ve verici olarak kullan\u0131labilir. Esnek \u015feffaf PVC, y\u00fcksek mukavemetli, k\u0131r\u0131lmaya kar\u015f\u0131 maksimum dayan\u0131kl\u0131 sert PVC takviyesiyle \u00fcretilmektedir.\u0130\u00e7 ve d\u0131\u015f y\u00fczey d\u00fczd\u00fcr. \u00c7al\u0131\u015fma S\u0131cakl\u0131\u011f\u0131 -5\u00b0C ile +60\u00b0C aras\u0131 Kullan\u0131m Alanlar\u0131 Tar\u0131m, sanayi ve in\u015faat sekt\u00f6r\u00fcnde her t\u00fcrl\u00fc a\u011f\u0131r hizmetlerde, pompa emi\u015flerinde, likit ve\u2026","rel":"","context":"\u062a\u062f\u0648\u064a\u0646\u0629 \u0645\u0634\u0627\u0628\u0647\u0629","block_context":{"text":"\u062a\u062f\u0648\u064a\u0646\u0629 \u0645\u0634\u0627\u0628\u0647\u0629","link":""},"img":{"alt_text":"","src":"https:\/\/i0.wp.com\/tuzlahortum.com.tr\/wp-content\/uploads\/urunler\/plastik\/43.jpg?fit=500%2C255&ssl=1&resize=350%2C200","width":350,"height":200},"classes":[]},{"id":813,"url":"https:\/\/tuzlahortum.com.tr\/ar\/product\/orgulu-seffaf-hortum-ekonomik\/","url_meta":{"origin":861,"position":3},"title":"\u062e\u0631\u0637\u0648\u0645 \u0634\u0641\u0627\u0641 \u0645\u0636\u0641\u0631 (\u0627\u0642\u062a\u0635\u0627\u062f\u064a)","author":"admin","date":"6 \u0641\u0628\u0631\u0627\u064a\u0631 2019","format":false,"excerpt":"\u00d6rg\u00fcl\u00fc \u015eeffaf Hortum (EKONOM\u0130K)\u00d6zellikler Alt kat \u015feffaf PVC ve y\u00fcksek mukavemetli polyester iplik, \u00fcst katta a\u015f\u0131nmaya dayan\u0131kl\u0131 \u015feffaf PVC ile \u00fcretilmi\u015ftir. \u00c7al\u0131\u015fma S\u0131cakl\u0131\u011f\u0131 -10\u00b0C ile +50\u00b0C aras\u0131 Kullan\u0131m Alanlar\u0131 Ev, bah\u00e7e, tarla, sanayi ve in\u015faat sekt\u00f6r\u00fcnde sulama ve tahliye i\u015flerinde kullan\u0131l\u0131r .","rel":"","context":"\u062a\u062f\u0648\u064a\u0646\u0629 \u0645\u0634\u0627\u0628\u0647\u0629","block_context":{"text":"\u062a\u062f\u0648\u064a\u0646\u0629 \u0645\u0634\u0627\u0628\u0647\u0629","link":""},"img":{"alt_text":"","src":"https:\/\/i0.wp.com\/tuzlahortum.com.tr\/wp-content\/uploads\/kategoriler\/orguluseffaf.png?fit=498%2C335&ssl=1&resize=350%2C200","width":350,"height":200},"classes":[]},{"id":814,"url":"https:\/\/tuzlahortum.com.tr\/ar\/product\/orgulu-seffaf-hortum-standart\/","url_meta":{"origin":861,"position":4},"title":"\u062e\u0631\u0637\u0648\u0645 \u0634\u0641\u0627\u0641 \u0645\u0636\u0641\u0631 (\u0642\u064a\u0627\u0633\u064a)","author":"admin","date":"6 \u0641\u0628\u0631\u0627\u064a\u0631 2019","format":false,"excerpt":"\u00d6rg\u00fcl\u00fc \u015eeffaf Hortum (STANDART)\u00d6zellikler Alt kat \u015feffaf PVC ve y\u00fcksek mukavemetli polyester iplik, \u00fcst katta a\u015f\u0131nmaya dayan\u0131kl\u0131 \u015feffaf PVC ile \u00fcretilmi\u015ftir. \u00c7al\u0131\u015fma S\u0131cakl\u0131\u011f\u0131 -10\u00b0C ile +50\u00b0C aras\u0131 Kullan\u0131m Alanlar\u0131 Ev, bah\u00e7e, tarla, sanayi ve in\u015faat sekt\u00f6r\u00fcnde sulama ve tahliye i\u015flerinde kullan\u0131l\u0131r.","rel":"","context":"\u062a\u062f\u0648\u064a\u0646\u0629 \u0645\u0634\u0627\u0628\u0647\u0629","block_context":{"text":"\u062a\u062f\u0648\u064a\u0646\u0629 \u0645\u0634\u0627\u0628\u0647\u0629","link":""},"img":{"alt_text":"","src":"https:\/\/i0.wp.com\/tuzlahortum.com.tr\/wp-content\/uploads\/kategoriler\/orguluseffaf.png?fit=498%2C335&ssl=1&resize=350%2C200","width":350,"height":200},"classes":[]},{"id":817,"url":"https:\/\/tuzlahortum.com.tr\/ar\/product\/super-orgulu-seffaf-hortum\/","url_meta":{"origin":861,"position":5},"title":"\u062e\u0631\u0637\u0648\u0645 \u0634\u0641\u0627\u0641 \u0645\u0636\u0641\u0631","author":"admin","date":"6 \u0641\u0628\u0631\u0627\u064a\u0631 2019","format":false,"excerpt":"S\u00fcper \u00d6rg\u00fcl\u00fc \u015eeffaf Hortum\u00d6zellikler Alt kat \u015feffaf PVC ve y\u00fcksek mukavemetli polyester iplik, \u00fcst katta a\u015f\u0131nmaya dayan\u0131kl\u0131 \u015feffaf PVC ile \u00fcretilmi\u015ftir. \u00c7al\u0131\u015fma S\u0131cakl\u0131\u011f\u0131 -10\u00b0C ile +50\u00b0C aras\u0131 Kullan\u0131m Alanlar\u0131 Ev, bah\u00e7e, tarla, sanayi ve in\u015faat sekt\u00f6r\u00fcnde sulama ve tahliye i\u015flerinde ve hafif kimyasal maddelerin naklinde kullan\u0131l\u0131r.","rel":"","context":"\u062a\u062f\u0648\u064a\u0646\u0629 \u0645\u0634\u0627\u0628\u0647\u0629","block_context":{"text":"\u062a\u062f\u0648\u064a\u0646\u0629 \u0645\u0634\u0627\u0628\u0647\u0629","link":""},"img":{"alt_text":"","src":"https:\/\/i0.wp.com\/tuzlahortum.com.tr\/wp-content\/uploads\/2019\/02\/S%C3%BCper-%C3%96rg%C3%BCl%C3%BC-%C5%9Eeffaf-Hortum.jpg?fit=640%2C480&ssl=1&resize=350%2C200","width":350,"height":200,"srcset":"https:\/\/i0.wp.com\/tuzlahortum.com.tr\/wp-content\/uploads\/2019\/02\/S%C3%BCper-%C3%96rg%C3%BCl%C3%BC-%C5%9Eeffaf-Hortum.jpg?fit=640%2C480&ssl=1&resize=350%2C200 1x, https:\/\/i0.wp.com\/tuzlahortum.com.tr\/wp-content\/uploads\/2019\/02\/S%C3%BCper-%C3%96rg%C3%BCl%C3%BC-%C5%9Eeffaf-Hortum.jpg?fit=640%2C480&ssl=1&resize=525%2C300 1.5x"},"classes":[]}],"jetpack_sharing_enabled":true,"jetpack_likes_enabled":true,"_links":{"self":[{"href":"https:\/\/tuzlahortum.com.tr\/ar\/wp-json\/wp\/v2\/product\/861","targetHints":{"allow":["GET"]}}],"collection":[{"href":"https:\/\/tuzlahortum.com.tr\/ar\/wp-json\/wp\/v2\/product"}],"about":[{"href":"https:\/\/tuzlahortum.com.tr\/ar\/wp-json\/wp\/v2\/types\/product"}],"replies":[{"embeddable":true,"href":"https:\/\/tuzlahortum.com.tr\/ar\/wp-json\/wp\/v2\/comments?post=861"}],"wp:featuredmedia":[{"embeddable":true,"href":"https:\/\/tuzlahortum.com.tr\/ar\/wp-json\/wp\/v2\/media\/2016"}],"wp:attachment":[{"href":"https:\/\/tuzlahortum.com.tr\/ar\/wp-json\/wp\/v2\/media?parent=861"}],"wp:term":[{"taxonomy":"product_brand","embeddable":true,"href":"https:\/\/tuzlahortum.com.tr\/ar\/wp-json\/wp\/v2\/product_brand?post=861"},{"taxonomy":"product_cat","embeddable":true,"href":"https:\/\/tuzlahortum.com.tr\/ar\/wp-json\/wp\/v2\/product_cat?post=861"},{"taxonomy":"product_tag","embeddable":true,"href":"https:\/\/tuzlahortum.com.tr\/ar\/wp-json\/wp\/v2\/product_tag?post=861"}],"curies":[{"name":"\u062f\u0628\u0644\u064a\u0648 \u0628\u064a","href":"https:\/\/api.w.org\/{rel}","templated":true}]}}