{"id":857,"date":"2019-02-06T23:54:54","date_gmt":"2019-02-06T20:54:54","guid":{"rendered":"http:\/\/hortum.com.tr\/product\/import-placeholder-for-589\/"},"modified":"2024-03-21T17:41:37","modified_gmt":"2024-03-21T14:41:37","slug":"seffaf-burflex-flexible-hortum","status":"publish","type":"product","link":"https:\/\/tuzlahortum.com.tr\/ar\/product\/seffaf-burflex-flexible-hortum\/","title":{"rendered":"\u0627\u0644\u062e\u0631\u0637\u0648\u0645 \u0627\u0644\u0645\u0631\u0646 \u0627\u0644\u0634\u0641\u0627\u0641 Burflex"},"content":{"rendered":"<h2>\u0627\u0644\u062e\u0631\u0637\u0648\u0645 \u0627\u0644\u0645\u0631\u0646 \u0627\u0644\u0634\u0641\u0627\u0641 Burflex<\/h2>\n<table class=\"table table-striped\">\n<tbody>\n<tr>\n<td>\u0627\u0644\u0645\u0648\u0627\u062f: <strong>PVC<\/strong><\/td>\n<\/tr>\n<tr>\n<td>\u0646\u0648\u0639 \u0627\u0644\u0623\u0633\u0644\u0627\u0643: <strong>\u0633\u0644\u0643 \u0641\u0648\u0644\u0627\u0630\u064a \u0645\u063a\u0637\u0649 \u0628\u0640 PVC<\/strong><\/td>\n<\/tr>\n<tr>\n<td>\u0644\u0648\u0646: <strong>\u0634\u0641\u0627\u0641<\/strong><\/td>\n<\/tr>\n<tr>\n<td>\u0633\u0645\u0643 \u0627\u0644\u0644\u062d\u0645: <strong>0.60 \u0645\u0645<\/strong><\/td>\n<\/tr>\n<\/tbody>\n<\/table>\n<p><strong>\u0644\u0645\u0627\u0630\u0627 PVC \u0627\u0644\u0645\u0631\u0646 \u0627\u0644\u0634\u0641\u0627\u0641\u061f<\/strong><br \/>\n&gt; \u0634\u0641\u0627\u0641 PVC \u0645\u0646 \u0627\u0644\u062f\u0627\u062e\u0644<br \/>\n&gt; \u0635\u0639\u0628<br \/>\n&gt; \u0645\u0642\u0627\u0648\u0645\u0629 \u0627\u0644\u0635\u062f\u0645\u0627\u062a<br \/>\n&gt; \u062a\u0643\u0644\u0641\u0629 \u0645\u0646\u062e\u0641\u0636\u0629<\/p>\n<div class=\"video video-fit mb\" style=\"padding-top:56.25%;\"><p><iframe loading=\"lazy\" title=\"\u0627\u0631\u062a\u0628\u0627\u0643 \u0627\u0644\u0642\u064a\u0627\u0633 (\u0628\u0648\u0635\u0629\u060c \u0625\u0635\u0628\u0639\u060c \u0636\u0628\u0627\u0628\u060c \u0645\u0644\u0644\u064a\u0645\u062a\u0631)\" width=\"1020\" height=\"574\" src=\"https:\/\/www.youtube.com\/embed\/uKk6AG_AZls?feature=oembed\" frameborder=\"0\" allow=\"accelerometer; autoplay; clipboard-write; encrypted-media; gyroscope; picture-in-picture; web-share\" referrerpolicy=\"strict-origin-when-cross-origin\" allowfullscreen><\/iframe><\/p>\n<\/div>\n<p><strong>\u0645\u0646\u0637\u0642\u0629 \u0627\u0644\u0627\u0633\u062a\u062e\u062f\u0627\u0645<\/strong><\/p>\n<ul class=\"links\">\n<li>\u0644\u0628\u064a\u0626\u0627\u062a \u0627\u0644\u062d\u0631\u0643\u0629 \u0627\u0644\u0645\u0646\u062e\u0641\u0636\u0629<\/li>\n<li>\u0641\u064a \u0622\u0644\u0627\u062a \u0627\u0644\u0646\u0633\u064a\u062c \u0648\u0627\u0644\u0646\u0633\u064a\u062c<\/li>\n<li>\u0641\u064a \u0623\u0646\u0638\u0645\u0629 \u0634\u0641\u0637 \u0627\u0644\u063a\u0628\u0627\u0631<\/li>\n<li>\u0641\u064a \u0627\u0644\u0632\u0631\u0627\u0639\u0629 \u0648\u0627\u0644\u0635\u0646\u0627\u0639\u0629 \u0648\u0627\u0644\u0628\u0646\u0627\u0621<\/li>\n<li>\u0641\u064a \u0627\u0644\u063a\u0627\u0632 \u060c \u0627\u0644\u0628\u0648\u062f\u0631\u0629 \u060c \u0627\u0644\u0623\u0644\u064a\u0627\u0641 \u060c \u0646\u0642\u0644 \u0627\u0644\u0631\u0642\u0627\u0626\u0642<\/li>\n<\/ul>","protected":false},"excerpt":{"rendered":"<p>\u015eeffaf Burflex Flexible Hortum MATERYAL: P.V.C TEL C\u0130NS\u0130: P.V.C KAPLI \u00c7EL\u0130K TEL RENK: \u015eEFFAF ET KALINLI\u011eI: 0,60 MM NEDEN P.V.C \u015eEFFAF FLEX ? &gt; \u015eEFFAF PVC \u0130\u00c7 Y\u00dcZEY &gt; SERT &gt; \u015eOKA DAYANIKLI &gt; D\u00dc\u015e\u00dcK MAL\u0130YET KULLANIM ALANI AZ HARAKETL\u0130 ORTAMLAR \u0130\u00c7\u0130N MARANGOZ VE TEKST\u0130L MAK\u0130NELER\u0130NDE TOZ EMME S\u0130STEMLER\u0130NDE TARIM , SANAY\u0130 VE \u0130N\u015eAATLARDA GAZ, [&#8230;]\n","protected":false},"featured_media":6316,"comment_status":"open","ping_status":"closed","template":"","meta":{"jetpack_post_was_ever_published":false},"product_brand":[],"product_cat":[148],"product_tag":[294,225,1102,338,625,1100,723,1019,1099,362,652,908,361,1101],"class_list":{"0":"post-857","1":"product","2":"type-product","3":"status-publish","4":"has-post-thumbnail","6":"product_cat-pvc-ozellikli-flex-hortumlar","7":"product_tag-dayanikli","8":"product_tag-dusuk-maliyet","9":"product_tag-elyaf","10":"product_tag-gaz","11":"product_tag-insaat","12":"product_tag-marangoz","13":"product_tag-sanayi","14":"product_tag-seffaf","15":"product_tag-sert","16":"product_tag-talas","17":"product_tag-tarim","18":"product_tag-tekstil","19":"product_tag-toz","20":"product_tag-toz-emme","22":"first","23":"instock","24":"taxable","25":"shipping-taxable","26":"product-type-variable"},"jetpack-related-posts":[],"jetpack_sharing_enabled":true,"jetpack_likes_enabled":true,"_links":{"self":[{"href":"https:\/\/tuzlahortum.com.tr\/ar\/wp-json\/wp\/v2\/product\/857","targetHints":{"allow":["GET"]}}],"collection":[{"href":"https:\/\/tuzlahortum.com.tr\/ar\/wp-json\/wp\/v2\/product"}],"about":[{"href":"https:\/\/tuzlahortum.com.tr\/ar\/wp-json\/wp\/v2\/types\/product"}],"replies":[{"embeddable":true,"href":"https:\/\/tuzlahortum.com.tr\/ar\/wp-json\/wp\/v2\/comments?post=857"}],"wp:featuredmedia":[{"embeddable":true,"href":"https:\/\/tuzlahortum.com.tr\/ar\/wp-json\/wp\/v2\/media\/6316"}],"wp:attachment":[{"href":"https:\/\/tuzlahortum.com.tr\/ar\/wp-json\/wp\/v2\/media?parent=857"}],"wp:term":[{"taxonomy":"product_brand","embeddable":true,"href":"https:\/\/tuzlahortum.com.tr\/ar\/wp-json\/wp\/v2\/product_brand?post=857"},{"taxonomy":"product_cat","embeddable":true,"href":"https:\/\/tuzlahortum.com.tr\/ar\/wp-json\/wp\/v2\/product_cat?post=857"},{"taxonomy":"product_tag","embeddable":true,"href":"https:\/\/tuzlahortum.com.tr\/ar\/wp-json\/wp\/v2\/product_tag?post=857"}],"curies":[{"name":"\u062f\u0628\u0644\u064a\u0648 \u0628\u064a","href":"https:\/\/api.w.org\/{rel}","templated":true}]}}