{"id":847,"date":"2019-02-06T23:54:35","date_gmt":"2019-02-06T20:54:35","guid":{"rendered":"http:\/\/hortum.com.tr\/product\/import-placeholder-for-375\/"},"modified":"2024-03-21T17:41:41","modified_gmt":"2024-03-21T14:41:41","slug":"isoafs-pvc-m","status":"publish","type":"product","link":"https:\/\/tuzlahortum.com.tr\/ar\/product\/isoafs-pvc-m\/","title":{"rendered":"ISOAFS-PVC.M"},"content":{"rendered":"<h2>ISOAFS-PVC.M<\/h2>\n<div id=\"collapseThree\" class=\"panel-collapse collapse in\" role=\"tabpanel\" aria-labelledby=\"headingThree\" aria-expanded=\"true\">\n<div class=\"panel-body\">\n<div>\n<table class=\"table table-hover table-bordered\">\n<tbody>\n<tr>\n<th class=\"urunDetayth\">\u062d\u0627\u0626\u0637<\/th>\n<td>\u0634\u0628\u0643\u0629 \u0628\u0648\u0644\u064a \u0643\u0644\u0648\u0631\u064a\u062f \u0627\u0644\u0641\u064a\u0646\u064a\u0644 \u0645\u063a\u0644\u0641\u0629 \u0628\u0627\u0644\u0628\u0648\u0644\u064a\u0633\u062a\u0631<\/td>\n<\/tr>\n<tr>\n<th class=\"urunDetayth\">\u0633\u0645\u0643 \u0627\u0644\u062d\u0627\u0626\u0637<\/th>\n<td>220 \u0645\u064a\u0643\u0631\u0648\u0646<\/td>\n<\/tr>\n<tr>\n<th class=\"urunDetayth\">\u0645\u0639\u062f\u0644 \u062a\u062f\u0641\u0642 \u0627\u0644\u0647\u0648\u0627\u0621<\/th>\n<td>30 \u0645 \/ \u062b (\u0643\u062d\u062f \u0623\u0642\u0635\u0649)<\/td>\n<\/tr>\n<tr>\n<th class=\"urunDetayth\">\u0627\u0644\u062a\u0639\u0628\u0626\u0629 \u0648\u0627\u0644\u062a\u063a\u0644\u064a\u0641<\/th>\n<td>\u0635\u0646\u062f\u0648\u0642 \u0643\u0631\u062a\u0648\u0646 \u0648\u0627\u062d\u062f<\/td>\n<\/tr>\n<\/tbody>\n<\/table>\n<\/div>\n<div class=\"video video-fit mb\" style=\"padding-top:56.25%;\"><p><iframe loading=\"lazy\" title=\"\u0627\u0631\u062a\u0628\u0627\u0643 \u0627\u0644\u0642\u064a\u0627\u0633 (\u0628\u0648\u0635\u0629\u060c \u0625\u0635\u0628\u0639\u060c \u0636\u0628\u0627\u0628\u060c \u0645\u0644\u0644\u064a\u0645\u062a\u0631)\" width=\"1020\" height=\"574\" src=\"https:\/\/www.youtube.com\/embed\/uKk6AG_AZls?feature=oembed\" frameborder=\"0\" allow=\"accelerometer; autoplay; clipboard-write; encrypted-media; gyroscope; picture-in-picture; web-share\" referrerpolicy=\"strict-origin-when-cross-origin\" allowfullscreen><\/iframe><\/p>\n<\/div>\n<div><\/div>\n<div>\u0625\u0646 \u0645\u062c\u0627\u0631\u064a \u0627\u0644\u0647\u0648\u0627\u0621 \u0627\u0644\u0645\u0631\u0646\u0629 \u0627\u0644\u0645\u0635\u0646\u0648\u0639\u0629 \u0645\u0646 \u0645\u0627\u062f\u0629 PVC \u0627\u0644\u0645\u0639\u0632\u0648\u0644\u0629 \u0628\u0627\u0644\u062d\u0631\u0627\u0631\u0629 ISOAFS-PVC.M \u0639\u0628\u0627\u0631\u0629 \u0639\u0646 \u0645\u062c\u0631\u0649 \u0647\u0648\u0627\u0621 \u0645\u0631\u0646 \u0645\u062a\u0639\u062f\u062f \u0627\u0644\u0623\u063a\u0631\u0627\u0636 \u0645\u0639\u0632\u0648\u0644 \u0628\u0627\u0644\u062d\u0631\u0627\u0631\u0629 (\u0645\u0639\u0632\u0648\u0644) \u0645\u0635\u0645\u0645 \u062e\u0635\u064a\u0635\u064b\u0627 \u0644\u0623\u0646\u0638\u0645\u0629 \u0627\u0644\u062a\u062f\u0641\u0626\u0629 \u0648\u0627\u0644\u062a\u0628\u0631\u064a\u062f \u0648\u0627\u0644\u062a\u0647\u0648\u064a\u0629 \u0648\u062a\u0643\u064a\u064a\u0641 \u0627\u0644\u0647\u0648\u0627\u0621 \u0630\u0627\u062a \u0627\u0644\u0636\u063a\u0637 \u0627\u0644\u0645\u0646\u062e\u0641\u0636 \u0648\u0627\u0644\u0645\u062a\u0648\u0633\u0637.<\/div>\n<div><\/div>\n<div>\u064a\u062a\u0645 \u0625\u0646\u062a\u0627\u062c\u0647 \u0639\u0646 \u0637\u0631\u064a\u0642 \u0639\u0632\u0644 \u0645\u0646\u062a\u062c PVCAFS.M \u060c \u0648\u0627\u0644\u0630\u064a \u064a\u062a\u0645 \u0625\u0646\u062a\u0627\u062c\u0647 \u0639\u0646 \u0637\u0631\u064a\u0642 \u062a\u0642\u0648\u064a\u0629 \u0647\u064a\u0643\u0644 \u0627\u0644\u0628\u0648\u0644\u064a\u0633\u062a\u0631 \u0627\u0644\u0645\u0637\u0644\u064a \u0628\u0640 PVC \u0628\u0633\u0644\u0643 \u0641\u0648\u0644\u0627\u0630\u064a \u062d\u0644\u0632\u0648\u0646\u064a \u0639\u0627\u0644\u064a \u0627\u0644\u0634\u062f \u060c \u0645\u0639 \u0627\u0644\u0635\u0648\u0641 \u0627\u0644\u0632\u062c\u0627\u062c\u064a. \u064a\u0631\u062a\u062f\u064a \u0633\u062a\u0631\u0629 \u0627\u0644\u0628\u0648\u0644\u064a \u0625\u064a\u062b\u064a\u0644\u064a\u0646 \u060c \u0623\u064a \u062d\u0627\u062c\u0632 \u0627\u0644\u0631\u0637\u0648\u0628\u0629 \u060c \u0639\u0644\u0649 \u0645\u0627\u062f\u0629 \u0627\u0644\u0639\u0632\u0644.<\/div>\n<div><\/div>\n<div>\u062a\u062a\u0645\u064a\u0632 ISOAFS-PVC.M \u0628\u0645\u0631\u0648\u0646\u0629 \u0639\u0627\u0644\u064a\u0629 \u0644\u0644\u063a\u0627\u064a\u0629 \u0648\u0627\u0646\u062d\u0646\u0627\u0621 \u0648\u0627\u0646\u0636\u063a\u0627\u0637. \u0645\u0646 \u0627\u0644\u0633\u0647\u0644 \u062a\u062c\u0645\u064a\u0639\u0647\u0627 \u0641\u064a \u0645\u0641\u0627\u0635\u0644 \u0628\u064a\u0636\u0627\u0648\u064a\u0629 \u060c \u0645\u0633\u062a\u062f\u064a\u0631\u0629 \u0648\u0632\u0627\u0648\u064a\u0629.<\/div>\n<div><\/div>\n<div>\u064a\u062a\u0645 \u0627\u062e\u062a\u0628\u0627\u0631 \u0627\u0644\u0623\u0628\u0639\u0627\u062f \u0648\u0627\u0644\u062a\u0641\u0627\u0648\u062a\u0627\u062a \u0648\u062e\u0635\u0627\u0626\u0635 \u0627\u0644\u0642\u0648\u0629 \u0627\u0644\u0645\u064a\u0643\u0627\u0646\u064a\u0643\u064a\u0629 \u0644\u0645\u062c\u0627\u0631\u064a \u0627\u0644\u0647\u0648\u0627\u0621 \u0627\u0644\u0645\u0631\u0646\u0629 ISOAFS-PVC.M \u0648\u062a\u0635\u0646\u064a\u0641\u0647\u0627 \u0648\u0627\u0639\u062a\u0645\u0627\u062f\u0647\u0627 \u0648\u0641\u0642\u064b\u0627 \u0644\u0645\u0639\u064a\u0627\u0631 EN 13180.<\/div>\n<\/div>\n<\/div>","protected":false},"excerpt":{"rendered":"<p>ISOAFS-PVC.M Duvar PVC Kapl\u0131 Polyester A\u011f Duvar Kal\u0131nl\u0131\u011f\u0131 220 mikron Hava Ak\u0131\u015f H\u0131z\u0131 30 m\/s (maksimum) Paketleme Tekli karton kutu ISOAFS-PVC.M \u0131s\u0131 izoleli takviyeli PVC flexible hava kanallar\u0131, d\u00fc\u015f\u00fck ve orta bas\u0131n\u00e7ta \u00e7al\u0131\u015fan \u0131s\u0131tma, so\u011futma, havaland\u0131rma, iklimlendirme sistemleri i\u00e7in \u00f6zel olarak dizayn edilmi\u015f, \u00e7ok ama\u00e7l\u0131 bir \u0131s\u0131 izoleli (yal\u0131t\u0131ml\u0131) flexible hava kanal\u0131d\u0131r. PVC kapl\u0131 polyester [&#8230;]\n","protected":false},"featured_media":6747,"comment_status":"open","ping_status":"closed","template":"","meta":{"jetpack_post_was_ever_published":false},"product_brand":[],"product_cat":[139],"product_tag":[265,264,260,261,258,266,262,259,267,263],"class_list":{"0":"post-847","1":"product","2":"type-product","3":"status-publish","4":"has-post-thumbnail","6":"product_cat-pvc-esnek-hava-kanali","7":"product_tag-bukulme","8":"product_tag-esneme","9":"product_tag-havalandirma-ve-iklimlendirme-sistemleri","10":"product_tag-helezon-celik","11":"product_tag-isitma","12":"product_tag-sikistirilabilme","13":"product_tag-sizdirmaz","14":"product_tag-sogutma","15":"product_tag-tasima-kolayligi","16":"product_tag-yogusmayi-engelleme","18":"first","19":"instock","20":"taxable","21":"shipping-taxable","22":"product-type-variable"},"jetpack-related-posts":[{"id":590,"url":"https:\/\/tuzlahortum.com.tr\/ar\/product\/isoafs-alu-green\/","url_meta":{"origin":847,"position":0},"title":"ISOAFS-ALU GREEN","author":"admin","date":"6 \u0641\u0628\u0631\u0627\u064a\u0631 2019","format":false,"excerpt":"ISOAFS-ALU GREENGreenguard Sertifikal\u0131 Is\u0131 \u0130zoleli Al\u00fcminyum Flexible Hava Kanallar\u0131 Tipler ISOAFS-ALU.70 GREEN ISOAFS-ALU F GREEN Genel \u00d6zellikler Flexible Kanal Konstr\u00fcksiyonu 3 kat Al\u00fcminyum + 1 kat Polyester Flexible Kanal Nominal Kal\u0131nl\u0131\u011f\u0131 74 mikron Ceket Kontr\u00fcksiyonu 1 kat Al\u00fcminyum + 2 kat Polyester Ceket Nominal Kal\u0131nl\u0131\u011f\u0131 45 mikron \u0130zolasyon - Kal\u0131nl\u0131k\u2026","rel":"","context":"\u062a\u062f\u0648\u064a\u0646\u0629 \u0645\u0634\u0627\u0628\u0647\u0629","block_context":{"text":"\u062a\u062f\u0648\u064a\u0646\u0629 \u0645\u0634\u0627\u0628\u0647\u0629","link":""},"img":{"alt_text":"","src":"https:\/\/i0.wp.com\/tuzlahortum.com.tr\/wp-content\/uploads\/2019\/03\/ISOAFS-ALU.70-GREEN.png?fit=800%2C800&ssl=1&resize=350%2C200","width":350,"height":200,"srcset":"https:\/\/i0.wp.com\/tuzlahortum.com.tr\/wp-content\/uploads\/2019\/03\/ISOAFS-ALU.70-GREEN.png?fit=800%2C800&ssl=1&resize=350%2C200 1x, https:\/\/i0.wp.com\/tuzlahortum.com.tr\/wp-content\/uploads\/2019\/03\/ISOAFS-ALU.70-GREEN.png?fit=800%2C800&ssl=1&resize=525%2C300 1.5x, https:\/\/i0.wp.com\/tuzlahortum.com.tr\/wp-content\/uploads\/2019\/03\/ISOAFS-ALU.70-GREEN.png?fit=800%2C800&ssl=1&resize=700%2C400 2x"},"classes":[]},{"id":583,"url":"https:\/\/tuzlahortum.com.tr\/ar\/product\/isoafs-alu-forte-green\/","url_meta":{"origin":847,"position":1},"title":"ISOAFS-ALU FORTE GREEN","author":"admin","date":"6 \u0641\u0628\u0631\u0627\u064a\u0631 2019","format":false,"excerpt":"ISOAFS-ALU FORTE GREENGreenguard Sertifikal\u0131 Is\u0131 \u0130zoleli Al\u00fcminyum Y\u00fcksek Mukavemetli Flexible Hava Kanallar\u0131 Tipler ISOAFS-ALU.F FORTE GREEN Genel \u00d6zellikler Flexible Kanal Konstr\u00fcksiyonu 3 kat Al\u00fcminyum + 2 kat Polyester Flexible Kanal Nominal Kal\u0131nl\u0131\u011f\u0131 70 mikron Ceket Kontr\u00fcksiyonu 1 kat Al\u00fcminyum + 2 kat Polyester Ceket Nominal Kal\u0131nl\u0131\u011f\u0131 45 mikron \u0130zolasyon -\u2026","rel":"","context":"\u062a\u062f\u0648\u064a\u0646\u0629 \u0645\u0634\u0627\u0628\u0647\u0629","block_context":{"text":"\u062a\u062f\u0648\u064a\u0646\u0629 \u0645\u0634\u0627\u0628\u0647\u0629","link":""},"img":{"alt_text":"","src":"https:\/\/i0.wp.com\/tuzlahortum.com.tr\/wp-content\/uploads\/2019\/03\/ISOAFS-ALU.70-FORTE-GREEN.png?fit=800%2C800&ssl=1&resize=350%2C200","width":350,"height":200,"srcset":"https:\/\/i0.wp.com\/tuzlahortum.com.tr\/wp-content\/uploads\/2019\/03\/ISOAFS-ALU.70-FORTE-GREEN.png?fit=800%2C800&ssl=1&resize=350%2C200 1x, https:\/\/i0.wp.com\/tuzlahortum.com.tr\/wp-content\/uploads\/2019\/03\/ISOAFS-ALU.70-FORTE-GREEN.png?fit=800%2C800&ssl=1&resize=525%2C300 1.5x, https:\/\/i0.wp.com\/tuzlahortum.com.tr\/wp-content\/uploads\/2019\/03\/ISOAFS-ALU.70-FORTE-GREEN.png?fit=800%2C800&ssl=1&resize=700%2C400 2x"},"classes":[]},{"id":844,"url":"https:\/\/tuzlahortum.com.tr\/ar\/product\/isoafs-poly\/","url_meta":{"origin":847,"position":2},"title":"ISOAFS- \u0628\u0648\u0644\u064a","author":"admin","date":"6 \u0641\u0628\u0631\u0627\u064a\u0631 2019","format":false,"excerpt":"ISOAFS-POLYIs\u0131 izoleli, polyester flexible hava kanal\u0131 Genel \u00d6zellikler Flexible Kanal Konstr\u00fcksiyonu 2 kat Polyester Flexible Kanal Nominal Kal\u0131nl\u0131\u011f\u0131 30 mikron Ceket Kontr\u00fcksiyonu 2 kat Metalize Polyester Ceket Nominal Kal\u0131nl\u0131\u011f\u0131 30 mikron \u0130zolasyon - Kal\u0131nl\u0131k - Yo\u011funluk Cam Y\u00fcn\u00fc 25 mm - 16 kg\/m\u00b3 \u00c7ap Aral\u0131\u011f\u0131 82 mm - 800 mm\u2026","rel":"","context":"\u062a\u062f\u0648\u064a\u0646\u0629 \u0645\u0634\u0627\u0628\u0647\u0629","block_context":{"text":"\u062a\u062f\u0648\u064a\u0646\u0629 \u0645\u0634\u0627\u0628\u0647\u0629","link":""},"img":{"alt_text":"","src":"https:\/\/i0.wp.com\/tuzlahortum.com.tr\/wp-content\/uploads\/2019\/03\/ISOAFS-POLY.png?fit=800%2C800&ssl=1&resize=350%2C200","width":350,"height":200,"srcset":"https:\/\/i0.wp.com\/tuzlahortum.com.tr\/wp-content\/uploads\/2019\/03\/ISOAFS-POLY.png?fit=800%2C800&ssl=1&resize=350%2C200 1x, https:\/\/i0.wp.com\/tuzlahortum.com.tr\/wp-content\/uploads\/2019\/03\/ISOAFS-POLY.png?fit=800%2C800&ssl=1&resize=525%2C300 1.5x, https:\/\/i0.wp.com\/tuzlahortum.com.tr\/wp-content\/uploads\/2019\/03\/ISOAFS-POLY.png?fit=800%2C800&ssl=1&resize=700%2C400 2x"},"classes":[]},{"id":591,"url":"https:\/\/tuzlahortum.com.tr\/ar\/product\/isoafs-alu-hijyen-green\/","url_meta":{"origin":847,"position":3},"title":"ISOAFS-ALU \u0627\u0644\u0646\u0638\u0627\u0641\u0629 \u0627\u0644\u062e\u0636\u0631\u0627\u0621","author":"admin","date":"6 \u0641\u0628\u0631\u0627\u064a\u0631 2019","format":false,"excerpt":"ISOAFS-ALU H\u0130JYEN GREENGreenguard sertifikal\u0131, \u0131s\u0131 izoleli anti mikrobiyal al\u00fcminyum flexible hava kanallar\u0131 Tipler ISOAFS-ALU.F HYGIENE GREEN Genel \u00d6zellikler Flexible Kanal Konstr\u00fcksiyonu 3 kat Al\u00fcminyum + 2 kat Polyester + Hijyen Kaplama Flexible Kanal Nominal Kal\u0131nl\u0131\u011f\u0131 70 mikron + Hijyen Kaplama Ceket Kontr\u00fcksiyonu 1 kat Al\u00fcminyum + 2 kat Polyester Ceket\u2026","rel":"","context":"\u062a\u062f\u0648\u064a\u0646\u0629 \u0645\u0634\u0627\u0628\u0647\u0629","block_context":{"text":"\u062a\u062f\u0648\u064a\u0646\u0629 \u0645\u0634\u0627\u0628\u0647\u0629","link":""},"img":{"alt_text":"","src":"https:\/\/i0.wp.com\/tuzlahortum.com.tr\/wp-content\/uploads\/2019\/03\/ISOAFS-ALU-HYGIENE-GREEN.png?fit=800%2C800&ssl=1&resize=350%2C200","width":350,"height":200,"srcset":"https:\/\/i0.wp.com\/tuzlahortum.com.tr\/wp-content\/uploads\/2019\/03\/ISOAFS-ALU-HYGIENE-GREEN.png?fit=800%2C800&ssl=1&resize=350%2C200 1x, https:\/\/i0.wp.com\/tuzlahortum.com.tr\/wp-content\/uploads\/2019\/03\/ISOAFS-ALU-HYGIENE-GREEN.png?fit=800%2C800&ssl=1&resize=525%2C300 1.5x, https:\/\/i0.wp.com\/tuzlahortum.com.tr\/wp-content\/uploads\/2019\/03\/ISOAFS-ALU-HYGIENE-GREEN.png?fit=800%2C800&ssl=1&resize=700%2C400 2x"},"classes":[]},{"id":585,"url":"https:\/\/tuzlahortum.com.tr\/ar\/product\/sonoafs-alu-green\/","url_meta":{"origin":847,"position":4},"title":"\u0635\u0648\u0646\u0627\u0641\u0633 \u0623\u0644\u0648 \u062c\u0631\u064a\u0646","author":"admin","date":"6 \u0641\u0628\u0631\u0627\u064a\u0631 2019","format":false,"excerpt":"SONOAFS-ALU GREENGreenguard Sertifikal\u0131 Is\u0131 ve Ses \u0130zoleli Al\u00fcminyum Flexible Hava Kanallar\u0131 Flexible Kanal Konstr\u00fcksiyonu [3 kat Al\u00fcminyum + 2 kat Polyester] (Perfore) \/ Bariyer Flexible Kanal Nominal Kal\u0131nl\u0131\u011f\u0131 70 mikron Ceket Kontr\u00fcksiyonu 1 kat Al\u00fcminyum + 2 kat Polyester Ceket Nominal Kal\u0131nl\u0131\u011f\u0131 45 mikron \u0130zolasyon - Kal\u0131nl\u0131k - Yo\u011funluk Cam\u2026","rel":"","context":"\u062a\u062f\u0648\u064a\u0646\u0629 \u0645\u0634\u0627\u0628\u0647\u0629","block_context":{"text":"\u062a\u062f\u0648\u064a\u0646\u0629 \u0645\u0634\u0627\u0628\u0647\u0629","link":""},"img":{"alt_text":"","src":"https:\/\/i0.wp.com\/tuzlahortum.com.tr\/wp-content\/uploads\/2019\/03\/SONOAFS-ALU.70B-GREEN.png?fit=800%2C800&ssl=1&resize=350%2C200","width":350,"height":200,"srcset":"https:\/\/i0.wp.com\/tuzlahortum.com.tr\/wp-content\/uploads\/2019\/03\/SONOAFS-ALU.70B-GREEN.png?fit=800%2C800&ssl=1&resize=350%2C200 1x, https:\/\/i0.wp.com\/tuzlahortum.com.tr\/wp-content\/uploads\/2019\/03\/SONOAFS-ALU.70B-GREEN.png?fit=800%2C800&ssl=1&resize=525%2C300 1.5x, https:\/\/i0.wp.com\/tuzlahortum.com.tr\/wp-content\/uploads\/2019\/03\/SONOAFS-ALU.70B-GREEN.png?fit=800%2C800&ssl=1&resize=700%2C400 2x"},"classes":[]},{"id":592,"url":"https:\/\/tuzlahortum.com.tr\/ar\/product\/sonoafs-hijyen-green\/","url_meta":{"origin":847,"position":5},"title":"\u0635\u0648\u0646\u0627\u0641\u0633-\u0623\u0644\u0648 \u0627\u0644\u0646\u0638\u0627\u0641\u0629 \u0627\u0644\u062e\u0636\u0631\u0627\u0621","author":"admin","date":"6 \u0641\u0628\u0631\u0627\u064a\u0631 2019","format":false,"excerpt":"SONOAFS-ALU H\u0130JYEN GREEN Greenguard Sertifikal\u0131 Is\u0131 ve Ses \u0130zoleli Al\u00fcminyum Hijyen Flexible Hava Kanallar\u0131 Flexible Kanal Konstr\u00fcksiyonu [3 kat Al\u00fcminyum + 2 kat Polyester + Hijyen Kaplama] (Perfore) \/ Bariyer Flexible Kanal Nominal Kal\u0131nl\u0131\u011f\u0131 70 mikron + Hijyen Kaplama Ceket Kontr\u00fcksiyonu 1 kat Al\u00fcminyum + 2 kat Polyester Ceket Nominal\u2026","rel":"","context":"\u062a\u062f\u0648\u064a\u0646\u0629 \u0645\u0634\u0627\u0628\u0647\u0629","block_context":{"text":"\u062a\u062f\u0648\u064a\u0646\u0629 \u0645\u0634\u0627\u0628\u0647\u0629","link":""},"img":{"alt_text":"","src":"https:\/\/i0.wp.com\/tuzlahortum.com.tr\/wp-content\/uploads\/2019\/03\/SONOAFS-ALU.B-HYGIENE-GREEN-1.png?fit=800%2C800&ssl=1&resize=350%2C200","width":350,"height":200,"srcset":"https:\/\/i0.wp.com\/tuzlahortum.com.tr\/wp-content\/uploads\/2019\/03\/SONOAFS-ALU.B-HYGIENE-GREEN-1.png?fit=800%2C800&ssl=1&resize=350%2C200 1x, https:\/\/i0.wp.com\/tuzlahortum.com.tr\/wp-content\/uploads\/2019\/03\/SONOAFS-ALU.B-HYGIENE-GREEN-1.png?fit=800%2C800&ssl=1&resize=525%2C300 1.5x, https:\/\/i0.wp.com\/tuzlahortum.com.tr\/wp-content\/uploads\/2019\/03\/SONOAFS-ALU.B-HYGIENE-GREEN-1.png?fit=800%2C800&ssl=1&resize=700%2C400 2x"},"classes":[]}],"jetpack_sharing_enabled":true,"jetpack_likes_enabled":true,"_links":{"self":[{"href":"https:\/\/tuzlahortum.com.tr\/ar\/wp-json\/wp\/v2\/product\/847","targetHints":{"allow":["GET"]}}],"collection":[{"href":"https:\/\/tuzlahortum.com.tr\/ar\/wp-json\/wp\/v2\/product"}],"about":[{"href":"https:\/\/tuzlahortum.com.tr\/ar\/wp-json\/wp\/v2\/types\/product"}],"replies":[{"embeddable":true,"href":"https:\/\/tuzlahortum.com.tr\/ar\/wp-json\/wp\/v2\/comments?post=847"}],"wp:featuredmedia":[{"embeddable":true,"href":"https:\/\/tuzlahortum.com.tr\/ar\/wp-json\/wp\/v2\/media\/6747"}],"wp:attachment":[{"href":"https:\/\/tuzlahortum.com.tr\/ar\/wp-json\/wp\/v2\/media?parent=847"}],"wp:term":[{"taxonomy":"product_brand","embeddable":true,"href":"https:\/\/tuzlahortum.com.tr\/ar\/wp-json\/wp\/v2\/product_brand?post=847"},{"taxonomy":"product_cat","embeddable":true,"href":"https:\/\/tuzlahortum.com.tr\/ar\/wp-json\/wp\/v2\/product_cat?post=847"},{"taxonomy":"product_tag","embeddable":true,"href":"https:\/\/tuzlahortum.com.tr\/ar\/wp-json\/wp\/v2\/product_tag?post=847"}],"curies":[{"name":"\u062f\u0628\u0644\u064a\u0648 \u0628\u064a","href":"https:\/\/api.w.org\/{rel}","templated":true}]}}