{"id":834,"date":"2019-02-06T23:54:32","date_gmt":"2019-02-06T20:54:32","guid":{"rendered":"http:\/\/hortum.com.tr\/product\/import-placeholder-for-565\/"},"modified":"2024-03-21T17:41:49","modified_gmt":"2024-03-21T14:41:49","slug":"poliuretan-spiral-hortum","status":"publish","type":"product","link":"https:\/\/tuzlahortum.com.tr\/ar\/product\/poliuretan-spiral-hortum\/","title":{"rendered":"\u062e\u0631\u0637\u0648\u0645 \u062d\u0644\u0632\u0648\u0646\u064a \u0645\u0646 \u0645\u0627\u062f\u0629 \u0627\u0644\u0628\u0648\u0644\u064a \u064a\u0648\u0631\u064a\u062b\u064a\u0646"},"content":{"rendered":"<h2>\u062e\u0631\u0637\u0648\u0645 \u062d\u0644\u0632\u0648\u0646\u064a \u0645\u0646 \u0645\u0627\u062f\u0629 \u0627\u0644\u0628\u0648\u0644\u064a \u064a\u0648\u0631\u064a\u062b\u064a\u0646<\/h2>\n<p>\u064a\u062a\u0642\u0644\u0635 \u0645\u0639 1\/4 \u0643\u0645 \u0639\u0644\u0649 \u0643\u0644\u0627 \u0627\u0644\u0637\u0631\u0641\u064a\u0646 \u0648\u0627\u0644\u0631\u0628\u064a\u0639 \u0639\u0644\u0649 \u0643\u0644\u0627 \u0627\u0644\u0637\u0631\u0641\u064a\u0646<\/p>\n<div class=\"video video-fit mb\" style=\"padding-top:56.25%;\"><p><iframe loading=\"lazy\" title=\"\u0627\u0644\u0631\u0627\u0641\u0639\u0627\u062a \u0627\u0644\u0647\u0648\u0627\u0626\u064a\u0629\" width=\"1020\" height=\"574\" src=\"https:\/\/www.youtube.com\/embed\/YFDzAoEaZfM?feature=oembed\" frameborder=\"0\" allow=\"accelerometer; autoplay; clipboard-write; encrypted-media; gyroscope; picture-in-picture\" allowfullscreen><\/iframe><\/p>\n<\/div>","protected":false},"excerpt":{"rendered":"<p>Poli\u00fcretan Spiral Hortum \u0130ki ucu 1\/4 Rekorlu ve iki ucu yayl\u0131 Shrink<\/p>","protected":false},"featured_media":2049,"comment_status":"open","ping_status":"closed","template":"","meta":{"jetpack_post_was_ever_published":false},"product_brand":[],"product_cat":[166],"product_tag":[290,381,1088,1086],"class_list":{"0":"post-834","1":"product","2":"type-product","3":"status-publish","4":"has-post-thumbnail","6":"product_cat-pnomatik-hortumlar","7":"product_tag-hortum","8":"product_tag-poliuretan","9":"product_tag-poliuretan-spiral-hortum","10":"product_tag-spiral","12":"first","13":"instock","14":"taxable","15":"shipping-taxable","16":"product-type-variable"},"jetpack-related-posts":[{"id":833,"url":"https:\/\/tuzlahortum.com.tr\/ar\/product\/polietilen-spiral-hortum\/","url_meta":{"origin":834,"position":0},"title":"\u062e\u0631\u0637\u0648\u0645 \u0644\u0648\u0644\u0628\u064a \u0645\u0646 \u0627\u0644\u0628\u0648\u0644\u064a \u0625\u064a\u062b\u064a\u0644\u064a\u0646","author":"admin","date":"6 \u0641\u0628\u0631\u0627\u064a\u0631 2019","format":false,"excerpt":"Polietilen Spiral Hortum\u0130ki ucu 1\/4 Rekorlu ve iki ucu yayl\u0131 Shrink","rel":"","context":"\u062a\u062f\u0648\u064a\u0646\u0629 \u0645\u0634\u0627\u0628\u0647\u0629","block_context":{"text":"\u062a\u062f\u0648\u064a\u0646\u0629 \u0645\u0634\u0627\u0628\u0647\u0629","link":""},"img":{"alt_text":"","src":"https:\/\/i0.wp.com\/tuzlahortum.com.tr\/wp-content\/uploads\/urunler\/Pnomatik\/0001950_5x8-polietilen-damper-hortumu-takim-45-metre_550.jpeg?fit=550%2C550&ssl=1&resize=350%2C200","width":350,"height":200,"srcset":"https:\/\/i0.wp.com\/tuzlahortum.com.tr\/wp-content\/uploads\/urunler\/Pnomatik\/0001950_5x8-polietilen-damper-hortumu-takim-45-metre_550.jpeg?fit=550%2C550&ssl=1&resize=350%2C200 1x, https:\/\/i0.wp.com\/tuzlahortum.com.tr\/wp-content\/uploads\/urunler\/Pnomatik\/0001950_5x8-polietilen-damper-hortumu-takim-45-metre_550.jpeg?fit=550%2C550&ssl=1&resize=525%2C300 1.5x"},"classes":[]},{"id":7277,"url":"https:\/\/tuzlahortum.com.tr\/ar\/product\/sari-hava-jak-cesitleri-hortumgovde-uc\/","url_meta":{"origin":834,"position":1},"title":"\u0623\u0646\u0648\u0627\u0639 \u062c\u0627\u0643 \u0627\u0644\u0647\u0648\u0627\u0621 \u0627\u0644\u0623\u0635\u0641\u0631 (\u062e\u0631\u0637\u0648\u0645 \u060c \u0637\u0631\u0641 \u0627\u0644\u062c\u0633\u0645)","author":"\u0130smail \u00c7elik","date":"8 \u0645\u0627\u0631\u0633 2019","format":false,"excerpt":"\u0623\u0646\u0648\u0627\u0639 \u062c\u0627\u0643 \u0627\u0644\u0647\u0648\u0627\u0621 \u0627\u0644\u0623\u0635\u0641\u0631 (\u062e\u0631\u0637\u0648\u0645 \u060c \u0637\u0631\u0641 \u0627\u0644\u062c\u0633\u0645)","rel":"","context":"\u062a\u062f\u0648\u064a\u0646\u0629 \u0645\u0634\u0627\u0628\u0647\u0629","block_context":{"text":"\u062a\u062f\u0648\u064a\u0646\u0629 \u0645\u0634\u0627\u0628\u0647\u0629","link":""},"img":{"alt_text":"","src":"https:\/\/i0.wp.com\/tuzlahortum.com.tr\/wp-content\/uploads\/2019\/03\/sar%C4%B1-hava-jak2.jpg?fit=628%2C830&ssl=1&resize=350%2C200","width":350,"height":200,"srcset":"https:\/\/i0.wp.com\/tuzlahortum.com.tr\/wp-content\/uploads\/2019\/03\/sar%C4%B1-hava-jak2.jpg?fit=628%2C830&ssl=1&resize=350%2C200 1x, https:\/\/i0.wp.com\/tuzlahortum.com.tr\/wp-content\/uploads\/2019\/03\/sar%C4%B1-hava-jak2.jpg?fit=628%2C830&ssl=1&resize=525%2C300 1.5x"},"classes":[]},{"id":8168,"url":"https:\/\/tuzlahortum.com.tr\/ar\/product\/sari-su-jak-cesitleri-erkek-disigovde-uc\/","url_meta":{"origin":834,"position":2},"title":"\u0623\u0646\u0648\u0627\u0639 \u062c\u0627\u0643 \u0627\u0644\u0645\u0627\u0621 \u0627\u0644\u0623\u0635\u0641\u0631 (\u0630\u0643\u0631 - \u0623\u0646\u062b\u0649 \u060c \u0637\u0631\u0641 \u0627\u0644\u062c\u0633\u0645)","author":"\u0130smail \u00c7elik","date":"15 \u0645\u0627\u0631\u0633 2019","format":false,"excerpt":"\u0623\u0646\u0648\u0627\u0639 \u062c\u0627\u0643 \u0627\u0644\u0645\u0627\u0621 \u0627\u0644\u0623\u0635\u0641\u0631 (\u0630\u0643\u0631 - \u0623\u0646\u062b\u0649 \u060c \u0637\u0631\u0641 \u0627\u0644\u062c\u0633\u0645)","rel":"","context":"\u062a\u062f\u0648\u064a\u0646\u0629 \u0645\u0634\u0627\u0628\u0647\u0629","block_context":{"text":"\u062a\u062f\u0648\u064a\u0646\u0629 \u0645\u0634\u0627\u0628\u0647\u0629","link":""},"img":{"alt_text":"","src":"https:\/\/i0.wp.com\/tuzlahortum.com.tr\/wp-content\/uploads\/2019\/03\/sar%C4%B1-su-jak%C4%B1-600-x-800.jpg?fit=600%2C800&ssl=1&resize=350%2C200","width":350,"height":200,"srcset":"https:\/\/i0.wp.com\/tuzlahortum.com.tr\/wp-content\/uploads\/2019\/03\/sar%C4%B1-su-jak%C4%B1-600-x-800.jpg?fit=600%2C800&ssl=1&resize=350%2C200 1x, https:\/\/i0.wp.com\/tuzlahortum.com.tr\/wp-content\/uploads\/2019\/03\/sar%C4%B1-su-jak%C4%B1-600-x-800.jpg?fit=600%2C800&ssl=1&resize=525%2C300 1.5x"},"classes":[]},{"id":7264,"url":"https:\/\/tuzlahortum.com.tr\/ar\/product\/sari-hava-jak-cesitleri-erkek-disigovde-uc\/","url_meta":{"origin":834,"position":3},"title":"\u0623\u0646\u0648\u0627\u0639 \u062c\u0627\u0643 \u0627\u0644\u0647\u0648\u0627\u0621 \u0627\u0644\u0623\u0635\u0641\u0631 (\u0630\u0643\u0631 - \u0623\u0646\u062b\u0649 \u060c \u0637\u0631\u0641 \u0627\u0644\u062c\u0633\u0645)","author":"\u0130smail \u00c7elik","date":"8 \u0645\u0627\u0631\u0633 2019","format":false,"excerpt":"\u0623\u0646\u0648\u0627\u0639 \u062c\u0627\u0643 \u0627\u0644\u0647\u0648\u0627\u0621 \u0627\u0644\u0623\u0635\u0641\u0631 (\u0630\u0643\u0631 - \u0623\u0646\u062b\u0649 \u060c \u0637\u0631\u0641 \u0627\u0644\u062c\u0633\u0645)","rel":"","context":"\u062a\u062f\u0648\u064a\u0646\u0629 \u0645\u0634\u0627\u0628\u0647\u0629","block_context":{"text":"\u062a\u062f\u0648\u064a\u0646\u0629 \u0645\u0634\u0627\u0628\u0647\u0629","link":""},"img":{"alt_text":"","src":"https:\/\/i0.wp.com\/tuzlahortum.com.tr\/wp-content\/uploads\/2019\/03\/sar%C4%B1-hava-jak2.jpg?fit=628%2C830&ssl=1&resize=350%2C200","width":350,"height":200,"srcset":"https:\/\/i0.wp.com\/tuzlahortum.com.tr\/wp-content\/uploads\/2019\/03\/sar%C4%B1-hava-jak2.jpg?fit=628%2C830&ssl=1&resize=350%2C200 1x, https:\/\/i0.wp.com\/tuzlahortum.com.tr\/wp-content\/uploads\/2019\/03\/sar%C4%B1-hava-jak2.jpg?fit=628%2C830&ssl=1&resize=525%2C300 1.5x"},"classes":[]},{"id":622,"url":"https:\/\/tuzlahortum.com.tr\/ar\/product\/poliuretan-hortum\/","url_meta":{"origin":834,"position":4},"title":"\u062e\u0631\u0637\u0648\u0645 \u0627\u0644\u0628\u0648\u0644\u064a \u064a\u0648\u0631\u064a\u062b\u064a\u0646","author":"admin","date":"6 \u0641\u0628\u0631\u0627\u064a\u0631 2019","format":false,"excerpt":"Poli\u00fcretan HortumMATERYAL: Kuma\u015f Duvar\u0131 : \u00d6zel Premium ester-poli\u00fcretan \u2022 \u00a0Duvar Kal\u0131nl\u0131\u011f\u0131 : \u00a00,7 mm \u2022 \u00a0Standart Uzunluk : 10 mt. \u2022 Renk : \u00a0Transparent D\u0131\u015f Spiral : Bak\u0131r Spiral Tel -20 C \/ +90 C\u00a0 UYGULAMALAR: \u2022 \u00a0 A\u015f\u0131nd\u0131r\u0131c\u0131 materyallerin emilmesi ve transferi \u2022 \u00a0 K\u00fc\u00e7\u00fck tanecikli par\u00e7alar\u0131n transferi \u2022\u2026","rel":"","context":"\u062a\u062f\u0648\u064a\u0646\u0629 \u0645\u0634\u0627\u0628\u0647\u0629","block_context":{"text":"\u062a\u062f\u0648\u064a\u0646\u0629 \u0645\u0634\u0627\u0628\u0647\u0629","link":""},"img":{"alt_text":"","src":"https:\/\/i0.wp.com\/tuzlahortum.com.tr\/wp-content\/uploads\/2019\/02\/POL%C4%B0%C3%9CRETAN-2.jpg?fit=505%2C502&ssl=1&resize=350%2C200","width":350,"height":200},"classes":[]},{"id":7222,"url":"https:\/\/tuzlahortum.com.tr\/ar\/product\/hava-jak-cesitleri-hortumgovde-uc\/","url_meta":{"origin":834,"position":5},"title":"\u0623\u0646\u0648\u0627\u0639 \u062c\u0627\u0643 \u0627\u0644\u0647\u0648\u0627\u0621 (\u062e\u0631\u0637\u0648\u0645 \u060c \u0646\u0647\u0627\u064a\u0629 \u0627\u0644\u062c\u0633\u0645)","author":"\u0130smail \u00c7elik","date":"8 \u0645\u0627\u0631\u0633 2019","format":false,"excerpt":"Hava Jak \u00c7e\u015fitleri (Hortum,G\u00f6vde-U\u00e7)PN25 Serisi Pn\u00f6matik Otomatik Rekorlar bas\u0131n\u00e7 alt\u0131nda tek elle s\u00f6k\u00fcl\u00fcp tak\u0131labilme \u00f6zelli\u011fine sahiptir. PN25 serisinde yaylar krom nikeldir.\u00a0 Pn25 Serisi Pn\u00f6matik Otomatik Rekorlar, sa\u011flam ve dayan\u0131kl\u0131 yap\u0131lar\u0131, y\u00fcksek hava ak\u0131m kapasiteleri ve kullan\u0131m kolayl\u0131\u011f\u0131 sayesinde t\u00fcm sanayide bas\u0131n\u00e7l\u0131 hava hatlar\u0131nda g\u00fcvenle kullan\u0131lmaktad\u0131r. Uyumluluk Rectus 26 (Avrupa Standard\u0131)\u2026","rel":"","context":"\u062a\u062f\u0648\u064a\u0646\u0629 \u0645\u0634\u0627\u0628\u0647\u0629","block_context":{"text":"\u062a\u062f\u0648\u064a\u0646\u0629 \u0645\u0634\u0627\u0628\u0647\u0629","link":""},"img":{"alt_text":"","src":"https:\/\/i0.wp.com\/tuzlahortum.com.tr\/wp-content\/uploads\/2019\/03\/hava-jak-%C3%A7e%C5%9Fitleri.jpg?fit=502%2C570&ssl=1&resize=350%2C200","width":350,"height":200},"classes":[]}],"jetpack_sharing_enabled":true,"jetpack_likes_enabled":true,"_links":{"self":[{"href":"https:\/\/tuzlahortum.com.tr\/ar\/wp-json\/wp\/v2\/product\/834","targetHints":{"allow":["GET"]}}],"collection":[{"href":"https:\/\/tuzlahortum.com.tr\/ar\/wp-json\/wp\/v2\/product"}],"about":[{"href":"https:\/\/tuzlahortum.com.tr\/ar\/wp-json\/wp\/v2\/types\/product"}],"replies":[{"embeddable":true,"href":"https:\/\/tuzlahortum.com.tr\/ar\/wp-json\/wp\/v2\/comments?post=834"}],"wp:featuredmedia":[{"embeddable":true,"href":"https:\/\/tuzlahortum.com.tr\/ar\/wp-json\/wp\/v2\/media\/2049"}],"wp:attachment":[{"href":"https:\/\/tuzlahortum.com.tr\/ar\/wp-json\/wp\/v2\/media?parent=834"}],"wp:term":[{"taxonomy":"product_brand","embeddable":true,"href":"https:\/\/tuzlahortum.com.tr\/ar\/wp-json\/wp\/v2\/product_brand?post=834"},{"taxonomy":"product_cat","embeddable":true,"href":"https:\/\/tuzlahortum.com.tr\/ar\/wp-json\/wp\/v2\/product_cat?post=834"},{"taxonomy":"product_tag","embeddable":true,"href":"https:\/\/tuzlahortum.com.tr\/ar\/wp-json\/wp\/v2\/product_tag?post=834"}],"curies":[{"name":"\u062f\u0628\u0644\u064a\u0648 \u0628\u064a","href":"https:\/\/api.w.org\/{rel}","templated":true}]}}