{"id":833,"date":"2019-02-06T23:54:32","date_gmt":"2019-02-06T20:54:32","guid":{"rendered":"http:\/\/hortum.com.tr\/product\/import-placeholder-for-564\/"},"modified":"2024-03-21T17:41:50","modified_gmt":"2024-03-21T14:41:50","slug":"polietilen-spiral-hortum","status":"publish","type":"product","link":"https:\/\/tuzlahortum.com.tr\/ar\/product\/polietilen-spiral-hortum\/","title":{"rendered":"\u062e\u0631\u0637\u0648\u0645 \u0644\u0648\u0644\u0628\u064a \u0645\u0646 \u0627\u0644\u0628\u0648\u0644\u064a \u0625\u064a\u062b\u064a\u0644\u064a\u0646"},"content":{"rendered":"<h2>\u062e\u0631\u0637\u0648\u0645 \u0644\u0648\u0644\u0628\u064a \u0645\u0646 \u0627\u0644\u0628\u0648\u0644\u064a \u0625\u064a\u062b\u064a\u0644\u064a\u0646<\/h2>\n<p>\u064a\u062a\u0642\u0644\u0635 \u0645\u0639 1\/4 \u0643\u0645 \u0639\u0644\u0649 \u0643\u0644\u0627 \u0627\u0644\u0637\u0631\u0641\u064a\u0646 \u0648\u0627\u0644\u0631\u0628\u064a\u0639 \u0639\u0644\u0649 \u0643\u0644\u0627 \u0627\u0644\u0637\u0631\u0641\u064a\u0646<\/p>\n<div class=\"video video-fit mb\" style=\"padding-top:56.25%;\"><p><iframe loading=\"lazy\" title=\"\u0627\u0644\u0631\u0627\u0641\u0639\u0627\u062a \u0627\u0644\u0647\u0648\u0627\u0626\u064a\u0629\" width=\"1020\" height=\"574\" src=\"https:\/\/www.youtube.com\/embed\/YFDzAoEaZfM?feature=oembed\" frameborder=\"0\" allow=\"accelerometer; autoplay; clipboard-write; encrypted-media; gyroscope; picture-in-picture; web-share\" referrerpolicy=\"strict-origin-when-cross-origin\" allowfullscreen><\/iframe><\/p>\n<\/div>","protected":false},"excerpt":{"rendered":"<p>Polietilen Spiral Hortum \u0130ki ucu 1\/4 Rekorlu ve iki ucu yayl\u0131 Shrink<\/p>","protected":false},"featured_media":2049,"comment_status":"open","ping_status":"closed","template":"","meta":[],"product_brand":[],"product_cat":[166],"product_tag":[290,1083,1087,1086],"class_list":{"0":"post-833","1":"product","2":"type-product","3":"status-publish","4":"has-post-thumbnail","6":"product_cat-pnomatik-hortumlar","7":"product_tag-hortum","8":"product_tag-polietilen","9":"product_tag-polietilen-spiral-hortum","10":"product_tag-spiral","12":"first","13":"instock","14":"taxable","15":"shipping-taxable","16":"product-type-variable"},"jetpack-related-posts":[{"id":941,"url":"https:\/\/tuzlahortum.com.tr\/ar\/product\/tc-27\/","url_meta":{"origin":833,"position":0},"title":"TC 27","author":"admin","date":"6 \u0641\u0628\u0631\u0627\u064a\u0631 2019","format":false,"excerpt":"TC 27MATERYAL: Hortum duvar\u0131 : Polietilen Film \u2022 A\u011f\u0131rl\u0131k : 400 gr\/m2 \u2022 \u00c7ekme dayan\u0131m\u0131 : 80 \/ 80 kg.F \u2022 Y\u0131rt\u0131lma dayan\u0131m\u0131 : 5 \/ 6 kg.F \u2022 Kal\u0131nl\u0131k : 0.35 mm \u2022 Renk : Mavi D\u0131\u015f Spiral : Galvaniz \u00c7elik UYGULAMALAR: \u2022 \u00a0Klima \u2022 \u00a0Havaland\u0131rma \u2022 \u00a0Maden havaland\u0131rmas\u0131\u2026","rel":"","context":"\u062a\u062f\u0648\u064a\u0646\u0629 \u0645\u0634\u0627\u0628\u0647\u0629","block_context":{"text":"\u062a\u062f\u0648\u064a\u0646\u0629 \u0645\u0634\u0627\u0628\u0647\u0629","link":""},"img":{"alt_text":"","src":"https:\/\/i0.wp.com\/tuzlahortum.com.tr\/wp-content\/uploads\/2019\/03\/TC-27.jpg?fit=600%2C450&ssl=1&resize=350%2C200","width":350,"height":200,"srcset":"https:\/\/i0.wp.com\/tuzlahortum.com.tr\/wp-content\/uploads\/2019\/03\/TC-27.jpg?fit=600%2C450&ssl=1&resize=350%2C200 1x, https:\/\/i0.wp.com\/tuzlahortum.com.tr\/wp-content\/uploads\/2019\/03\/TC-27.jpg?fit=600%2C450&ssl=1&resize=525%2C300 1.5x"},"classes":[]},{"id":7222,"url":"https:\/\/tuzlahortum.com.tr\/ar\/product\/hava-jak-cesitleri-hortumgovde-uc\/","url_meta":{"origin":833,"position":1},"title":"\u0623\u0646\u0648\u0627\u0639 \u062c\u0627\u0643 \u0627\u0644\u0647\u0648\u0627\u0621 (\u062e\u0631\u0637\u0648\u0645 \u060c \u0646\u0647\u0627\u064a\u0629 \u0627\u0644\u062c\u0633\u0645)","author":"\u0130smail \u00c7elik","date":"8 \u0645\u0627\u0631\u0633 2019","format":false,"excerpt":"Hava Jak \u00c7e\u015fitleri (Hortum,G\u00f6vde-U\u00e7)PN25 Serisi Pn\u00f6matik Otomatik Rekorlar bas\u0131n\u00e7 alt\u0131nda tek elle s\u00f6k\u00fcl\u00fcp tak\u0131labilme \u00f6zelli\u011fine sahiptir. PN25 serisinde yaylar krom nikeldir.\u00a0 Pn25 Serisi Pn\u00f6matik Otomatik Rekorlar, sa\u011flam ve dayan\u0131kl\u0131 yap\u0131lar\u0131, y\u00fcksek hava ak\u0131m kapasiteleri ve kullan\u0131m kolayl\u0131\u011f\u0131 sayesinde t\u00fcm sanayide bas\u0131n\u00e7l\u0131 hava hatlar\u0131nda g\u00fcvenle kullan\u0131lmaktad\u0131r. Uyumluluk Rectus 26 (Avrupa Standard\u0131)\u2026","rel":"","context":"\u062a\u062f\u0648\u064a\u0646\u0629 \u0645\u0634\u0627\u0628\u0647\u0629","block_context":{"text":"\u062a\u062f\u0648\u064a\u0646\u0629 \u0645\u0634\u0627\u0628\u0647\u0629","link":""},"img":{"alt_text":"","src":"https:\/\/i0.wp.com\/tuzlahortum.com.tr\/wp-content\/uploads\/2019\/03\/hava-jak-%C3%A7e%C5%9Fitleri.jpg?fit=502%2C570&ssl=1&resize=350%2C200","width":350,"height":200},"classes":[]},{"id":875,"url":"https:\/\/tuzlahortum.com.tr\/ar\/product\/hava-jak-cesitleri-erkek-disigovde-uc\/","url_meta":{"origin":833,"position":2},"title":"\u0623\u0646\u0648\u0627\u0639 \u062c\u0627\u0643 \u0627\u0644\u0647\u0648\u0627\u0621 (\u0630\u0643\u0631 - \u0623\u0646\u062b\u0649 \u060c \u0637\u0631\u0641 \u0627\u0644\u062c\u0633\u0645)","author":"admin","date":"6 \u0641\u0628\u0631\u0627\u064a\u0631 2019","format":false,"excerpt":"Hava Jak \u00c7e\u015fitleri (Erkek-Di\u015fi,G\u00f6vde-U\u00e7)PN25 Serisi Pn\u00f6matik Otomatik Rekorlar bas\u0131n\u00e7 alt\u0131nda tek elle s\u00f6k\u00fcl\u00fcp tak\u0131labilme \u00f6zelli\u011fine sahiptir. PN25 serisinde yaylar krom nikeldir.\u00a0 Pn25 Serisi Pn\u00f6matik Otomatik Rekorlar, sa\u011flam ve dayan\u0131kl\u0131 yap\u0131lar\u0131, y\u00fcksek hava ak\u0131m kapasiteleri ve kullan\u0131m kolayl\u0131\u011f\u0131 sayesinde t\u00fcm sanayide bas\u0131n\u00e7l\u0131 hava hatlar\u0131nda g\u00fcvenle kullan\u0131lmaktad\u0131r. Uyumluluk Rectus 26 (Avrupa Standard\u0131)\u2026","rel":"","context":"\u062a\u062f\u0648\u064a\u0646\u0629 \u0645\u0634\u0627\u0628\u0647\u0629","block_context":{"text":"\u062a\u062f\u0648\u064a\u0646\u0629 \u0645\u0634\u0627\u0628\u0647\u0629","link":""},"img":{"alt_text":"","src":"https:\/\/i0.wp.com\/tuzlahortum.com.tr\/wp-content\/uploads\/2019\/03\/hava-jak-%C3%A7e%C5%9Fitleri.jpg?fit=502%2C570&ssl=1&resize=350%2C200","width":350,"height":200},"classes":[]},{"id":831,"url":"https:\/\/tuzlahortum.com.tr\/ar\/product\/pnomatik-polietilen-hortum\/","url_meta":{"origin":833,"position":3},"title":"\u062e\u0631\u0637\u0648\u0645 \u0627\u0644\u0628\u0648\u0644\u064a \u0625\u064a\u062b\u064a\u0644\u064a\u0646 \u0627\u0644\u0647\u0648\u0627\u0626\u064a","author":"admin","date":"6 \u0641\u0628\u0631\u0627\u064a\u0631 2019","format":false,"excerpt":"Pnomatik Polietilen Hortum TEKN\u0130K B\u0130LG\u0130LER Fiziksel \u00d6zellikleri D\u00fc\u015f\u00fck yo\u011funluk, d\u00fc\u015f\u00fck a\u011f\u0131rl\u0131k Gerilim alt\u0131nda \u00e7atlamaya kar\u015f\u0131 mukavemet Kolay i\u015fleme D\u0131\u015f etkenlerden , nemden etkilenmeme Sa\u011fl\u0131\u011fa uygunluluk Bask\u0131 ve renklendirmeye uygunluk Kolay \u015fekil verilebilme Hidroliz dayan\u0131m\u0131 Otomatik rakorlar ile kolay kullan\u0131m Y\u00fcksek kimyasal ak\u0131\u015fkan dayan\u0131m\u0131 Hammadde \u00d6zellikleri Yo\u011funluk: 0.921 g\/cm3 Sertlik: 47\u2026","rel":"","context":"\u062a\u062f\u0648\u064a\u0646\u0629 \u0645\u0634\u0627\u0628\u0647\u0629","block_context":{"text":"\u062a\u062f\u0648\u064a\u0646\u0629 \u0645\u0634\u0627\u0628\u0647\u0629","link":""},"img":{"alt_text":"","src":"https:\/\/i0.wp.com\/tuzlahortum.com.tr\/wp-content\/uploads\/urunler\/Pnomatik\/pno.polietilen-hortum.jpg?fit=700%2C421&ssl=1&resize=350%2C200","width":350,"height":200,"srcset":"https:\/\/i0.wp.com\/tuzlahortum.com.tr\/wp-content\/uploads\/urunler\/Pnomatik\/pno.polietilen-hortum.jpg?fit=700%2C421&ssl=1&resize=350%2C200 1x, https:\/\/i0.wp.com\/tuzlahortum.com.tr\/wp-content\/uploads\/urunler\/Pnomatik\/pno.polietilen-hortum.jpg?fit=700%2C421&ssl=1&resize=525%2C300 1.5x, https:\/\/i0.wp.com\/tuzlahortum.com.tr\/wp-content\/uploads\/urunler\/Pnomatik\/pno.polietilen-hortum.jpg?fit=700%2C421&ssl=1&resize=700%2C400 2x"},"classes":[]},{"id":5473,"url":"https:\/\/tuzlahortum.com.tr\/ar\/product\/alcak-yogunluk-2-kalite-polietilen-su-borulari\/","url_meta":{"origin":833,"position":4},"title":"\u0623\u0646\u0627\u0628\u064a\u0628 \u0645\u064a\u0627\u0647 \u0628\u0648\u0644\u064a \u0625\u064a\u062b\u064a\u0644\u064a\u0646 \u0645\u0646\u062e\u0641\u0636\u0629 \u0627\u0644\u0643\u062b\u0627\u0641\u0629 \u062b\u0627\u0646\u064a\u0629","author":"\u0130smail \u00c7elik","date":"28 \u0641\u0628\u0631\u0627\u064a\u0631 2019","format":false,"excerpt":"Al\u00e7ak Yo\u011funluk 2. Kalite Polietilen Su Borular\u0131 \u00d6zellikler 2. kalite polietilen hammaddeden \u00fcretilmi\u015ftir. Yumu\u015fak ve esnek olmas\u0131 montaj kolayl\u0131\u011f\u0131 sa\u011flar. TS 418-2 normuna g\u00f6re \u00fcretilmi\u015ftir. \u00c7al\u0131\u015fma S\u0131cakl\u0131\u011f\u0131 -5\u00b0C ile +60\u00b0C aras\u0131 Kullan\u0131m Alanlar\u0131 \u015eehir \u015febeke suyu da\u011f\u0131t\u0131m\u0131nda ve peysaj d\u00fczenleme i\u015flerinde kullan\u0131l\u0131r. A\u00e7\u0131k mavi ve beyaz renkte \u00fcretilir. \u00c7ap(inch) D\u0131\u015f\u2026","rel":"","context":"\u062a\u062f\u0648\u064a\u0646\u0629 \u0645\u0634\u0627\u0628\u0647\u0629","block_context":{"text":"\u062a\u062f\u0648\u064a\u0646\u0629 \u0645\u0634\u0627\u0628\u0647\u0629","link":""},"img":{"alt_text":"","src":"https:\/\/i0.wp.com\/tuzlahortum.com.tr\/wp-content\/uploads\/2019\/02\/AL%C3%87AK-YO%C4%9EUNLUK-2.-KAL%C4%B0TE-P.E.-SU-BORULARI.jpg?fit=640%2C480&ssl=1&resize=350%2C200","width":350,"height":200,"srcset":"https:\/\/i0.wp.com\/tuzlahortum.com.tr\/wp-content\/uploads\/2019\/02\/AL%C3%87AK-YO%C4%9EUNLUK-2.-KAL%C4%B0TE-P.E.-SU-BORULARI.jpg?fit=640%2C480&ssl=1&resize=350%2C200 1x, https:\/\/i0.wp.com\/tuzlahortum.com.tr\/wp-content\/uploads\/2019\/02\/AL%C3%87AK-YO%C4%9EUNLUK-2.-KAL%C4%B0TE-P.E.-SU-BORULARI.jpg?fit=640%2C480&ssl=1&resize=525%2C300 1.5x"},"classes":[]},{"id":839,"url":"https:\/\/tuzlahortum.com.tr\/ar\/product\/alcak-yogunluk-1-kalite-polietilen-su-borulari\/","url_meta":{"origin":833,"position":5},"title":"\u0623\u0646\u0627\u0628\u064a\u0628 \u0645\u064a\u0627\u0647 \u0628\u0648\u0644\u064a \u0625\u064a\u062b\u064a\u0644\u064a\u0646 \u0645\u0646\u062e\u0641\u0636\u0629 \u0627\u0644\u0643\u062b\u0627\u0641\u0629 \u0639\u0627\u0644\u064a\u0629 \u0627\u0644\u062c\u0648\u062f\u0629","author":"admin","date":"6 \u0641\u0628\u0631\u0627\u064a\u0631 2019","format":false,"excerpt":"Al\u00e7ak Yo\u011funluk 1. Kalite Polietilen Su Borular\u0131\u00d6zellikler 1. kalite polietilen hammaddeden \u00fcretilmi\u015ftir. Yumu\u015fak ve esnek olmas\u0131 montaj kolayl\u0131\u011f\u0131 sa\u011flar. TS 418-2 normuna g\u00f6re \u00fcretilmi\u015ftir. \u00c7al\u0131\u015fma S\u0131cakl\u0131\u011f\u0131 -5\u00b0C ile +60\u00b0C aras\u0131 Kullan\u0131m Alanlar\u0131 \u015eehir \u015febeke suyu da\u011f\u0131t\u0131m\u0131nda ve peysaj d\u00fczenleme i\u015flerinde kullan\u0131l\u0131r. A\u00e7\u0131k mavi ve beyaz renkte \u00fcretilir. \u00c7ap(inch) D\u0131\u015f \u00c7ap\u2026","rel":"","context":"\u062a\u062f\u0648\u064a\u0646\u0629 \u0645\u0634\u0627\u0628\u0647\u0629","block_context":{"text":"\u062a\u062f\u0648\u064a\u0646\u0629 \u0645\u0634\u0627\u0628\u0647\u0629","link":""},"img":{"alt_text":"","src":"https:\/\/i0.wp.com\/tuzlahortum.com.tr\/wp-content\/uploads\/kategoriler\/polietilenkangal.jpg?fit=374%2C325&ssl=1&resize=350%2C200","width":350,"height":200},"classes":[]}],"jetpack_sharing_enabled":true,"jetpack_likes_enabled":true,"_links":{"self":[{"href":"https:\/\/tuzlahortum.com.tr\/ar\/wp-json\/wp\/v2\/product\/833","targetHints":{"allow":["GET"]}}],"collection":[{"href":"https:\/\/tuzlahortum.com.tr\/ar\/wp-json\/wp\/v2\/product"}],"about":[{"href":"https:\/\/tuzlahortum.com.tr\/ar\/wp-json\/wp\/v2\/types\/product"}],"replies":[{"embeddable":true,"href":"https:\/\/tuzlahortum.com.tr\/ar\/wp-json\/wp\/v2\/comments?post=833"}],"wp:featuredmedia":[{"embeddable":true,"href":"https:\/\/tuzlahortum.com.tr\/ar\/wp-json\/wp\/v2\/media\/2049"}],"wp:attachment":[{"href":"https:\/\/tuzlahortum.com.tr\/ar\/wp-json\/wp\/v2\/media?parent=833"}],"wp:term":[{"taxonomy":"product_brand","embeddable":true,"href":"https:\/\/tuzlahortum.com.tr\/ar\/wp-json\/wp\/v2\/product_brand?post=833"},{"taxonomy":"product_cat","embeddable":true,"href":"https:\/\/tuzlahortum.com.tr\/ar\/wp-json\/wp\/v2\/product_cat?post=833"},{"taxonomy":"product_tag","embeddable":true,"href":"https:\/\/tuzlahortum.com.tr\/ar\/wp-json\/wp\/v2\/product_tag?post=833"}],"curies":[{"name":"\u062f\u0628\u0644\u064a\u0648 \u0628\u064a","href":"https:\/\/api.w.org\/{rel}","templated":true}]}}