{"id":832,"date":"2019-02-06T23:54:31","date_gmt":"2019-02-06T20:54:31","guid":{"rendered":"http:\/\/hortum.com.tr\/product\/import-placeholder-for-609\/"},"modified":"2025-08-20T11:44:41","modified_gmt":"2025-08-20T08:44:41","slug":"pnomatik-poliuretan-hortum","status":"publish","type":"product","link":"https:\/\/tuzlahortum.com.tr\/ar\/product\/pnomatik-poliuretan-hortum\/","title":{"rendered":"\u062e\u0631\u0637\u0648\u0645 \u0627\u0644\u0628\u0648\u0644\u064a \u064a\u0648\u0631\u064a\u062b\u064a\u0646 \u0627\u0644\u0647\u0648\u0627\u0626\u064a\u0629"},"content":{"rendered":"<h2>\u062e\u0631\u0637\u0648\u0645 \u0628\u0648\u0644\u064a \u064a\u0648\u0631\u064a\u062b\u064a\u0646 \u0647\u0648\u0627\u0626\u064a<\/h2>\n<div class=\"productsTechnical\">\n<p><span class=\"head\">\u0645\u0639\u0644\u0648\u0645\u0627\u062a \u062a\u0642\u0646\u064a\u0629<\/span> <span class=\"technical\">\u0627\u0644\u062e\u0635\u0627\u0626\u0635 \u0627\u0644\u0628\u062f\u0646\u064a\u0629<\/span><\/p>\n<ul>\n<li>\u0645\u0631\u0648\u0646\u0629 \u0639\u0627\u0644\u064a\u0629 \u0641\u064a \u062f\u0631\u062c\u0627\u062a \u062d\u0631\u0627\u0631\u0629 \u0645\u0646\u062e\u0641\u0636\u0629<\/li>\n<li>\u0645\u0631\u0648\u0646\u0629 \u0639\u0627\u0644\u064a\u0629<\/li>\n<li>\u0627\u0631\u062a\u062f\u0627\u0621 \u0627\u0644\u0645\u0642\u0627\u0648\u0645\u0629<\/li>\n<li>\u0645\u0642\u0627\u0648\u0645\u0629 \u0627\u0644\u0643\u0633\u0631<\/li>\n<li>\u0634\u0641\u0627\u0641\u064a\u0629 \u0645\u0645\u062a\u0627\u0632\u0629<\/li>\n<li>\u0645\u0642\u0627\u0648\u0645\u0629 \u0639\u0627\u0644\u064a\u0629 \u0644\u0644\u062a\u062d\u0644\u0644 \u0627\u0644\u0645\u0627\u0626\u064a \u0648\u0627\u0644\u0645\u064a\u0643\u0631\u0648\u0628\u0627\u062a<\/li>\n<li>\u0645\u0642\u0627\u0648\u0645\u0629 \u0627\u0644\u0632\u064a\u0648\u062a \u0648\u0627\u0644\u0634\u062d\u0648\u0645<\/li>\n<\/ul>\n<div class=\"video video-fit mb\" style=\"padding-top:56.25%;\"><p><iframe loading=\"lazy\" title=\"\u0627\u0631\u062a\u0628\u0627\u0643 \u0627\u0644\u0642\u064a\u0627\u0633 (\u0628\u0648\u0635\u0629\u060c \u0625\u0635\u0628\u0639\u060c \u0636\u0628\u0627\u0628\u060c \u0645\u0644\u0644\u064a\u0645\u062a\u0631)\" width=\"1020\" height=\"574\" src=\"https:\/\/www.youtube.com\/embed\/uKk6AG_AZls?feature=oembed\" frameborder=\"0\" allow=\"accelerometer; autoplay; clipboard-write; encrypted-media; gyroscope; picture-in-picture; web-share\" referrerpolicy=\"strict-origin-when-cross-origin\" allowfullscreen><\/iframe><\/p>\n<\/div>\n<p><span class=\"technical\">\u062e\u0635\u0627\u0626\u0635 \u0627\u0644\u0645\u0648\u0627\u062f \u0627\u0644\u062e\u0627\u0645<\/span><\/p>\n<ul>\n<li>\u0627\u0644\u0643\u062b\u0627\u0641\u0629: 1.21 \u062c\u0645 \/ \u0633\u0645 3<\/li>\n<li>\u0635\u0644\u0627\u0628\u0629 95-98 \u0623<\/li>\n<li>\u062f\u0631\u062c\u0629 \u062d\u0631\u0627\u0631\u0629 \u0627\u0644\u0627\u0646\u0635\u0647\u0627\u0631 150 \u062f\u0631\u062c\u0629 \u0645\u0626\u0648\u064a\u0629<\/li>\n<li>\u064a\u062a\u0631\u0627\u0648\u062d \u0636\u063a\u0637 \u0627\u0644\u0627\u0646\u0641\u062c\u0627\u0631 \u0628\u064a\u0646 15 \u0648 42 \u0636\u063a\u0637 \u062c\u0648\u064a. \u0628\u064a\u0646. \u0647\u0630\u0647 \u0627\u0644\u0642\u064a\u0645 \u0635\u0627\u0644\u062d\u0629 \u0644\u0640 23 \u062f\u0631\u062c\u0629 \u0645\u0626\u0648\u064a\u0629 (73 \u062f\u0631\u062c\u0629 \u0641\u0647\u0631\u0646\u0647\u0627\u064a\u062a) \u060c \u0648\u062a\u062e\u062a\u0644\u0641 \u0648\u0641\u0642\u064b\u0627 \u0644\u0623\u0642\u0637\u0627\u0631 \u0648\u062d\u0648\u0627\u0641 \u0627\u0644\u062e\u0631\u0627\u0637\u064a\u0645.<\/li>\n<li>\u062d\u062f \u062f\u0631\u062c\u0629 \u0627\u0644\u062d\u0631\u0627\u0631\u0629 -20 \u062f\u0631\u062c\u0629 \u0645\u0626\u0648\u064a\u0629 \/ + 60 \u062f\u0631\u062c\u0629 \u0645\u0626\u0648\u064a\u0629 (-4 \u062f\u0631\u062c\u0629 \u0641\u0647\u0631\u0646\u0647\u0627\u064a\u062a \/ + 140 \u062f\u0631\u062c\u0629 \u0641\u0647\u0631\u0646\u0647\u0627\u064a\u062a)<\/li>\n<li>\u064a\u0633\u062a\u062e\u062f\u0645 \u0628\u0634\u0643\u0644 \u062e\u0627\u0635 \u0641\u064a \u0646\u0642\u0644 \u0627\u0644\u0647\u0648\u0627\u0621 \u0628\u0627\u0644\u0636\u063a\u0637 \u0627\u0644\u0645\u0646\u062e\u0641\u0636.<\/li>\n<\/ul>\n<\/div>\n<div class=\"productsTechnical\"><\/div>","protected":false},"excerpt":{"rendered":"<p>Pnomatik Poli\u00fcretan Hortum TEKN\u0130K B\u0130LG\u0130LER Fiziksel \u00d6zellikleri D\u00fc\u015f\u00fck s\u0131cakl\u0131kta y\u00fcksek esneklik Y\u00fcksek elastikiyet A\u015f\u0131nma direnci K\u0131r\u0131lmaya kar\u015f\u0131 mukavemet M\u00fckemmel \u015feffafl\u0131k Y\u00fcksek hidroliz ve mikrobiyal dayan\u0131m Ya\u011f ve gres ya\u011f\u0131na kar\u015f\u0131 dayan\u0131m Hammadde \u00d6zellikleri Yo\u011funluk: 1,21 g\/cm3 Sertlik 95 &#8211; 98 A Erime s\u0131cakl\u0131\u011f\u0131 150 \u00b0C Patlama bas\u0131n\u00e7lar\u0131 15 atm ile 42 atm. aras\u0131ndad\u0131r. Bu de\u011ferler [&#8230;]\n","protected":false},"featured_media":2050,"comment_status":"open","ping_status":"closed","template":"","meta":{"jetpack_post_was_ever_published":false},"product_brand":[],"product_cat":[166],"product_tag":[290,1080,1085,381],"class_list":{"0":"post-832","1":"product","2":"type-product","3":"status-publish","4":"has-post-thumbnail","6":"product_cat-pnomatik-hortumlar","7":"product_tag-hortum","8":"product_tag-pnomatik","9":"product_tag-pnomatik-poliuretan-hortum","10":"product_tag-poliuretan","12":"first","13":"instock","14":"taxable","15":"shipping-taxable","16":"product-type-variable"},"jetpack-related-posts":[],"jetpack_sharing_enabled":true,"jetpack_likes_enabled":true,"_links":{"self":[{"href":"https:\/\/tuzlahortum.com.tr\/ar\/wp-json\/wp\/v2\/product\/832","targetHints":{"allow":["GET"]}}],"collection":[{"href":"https:\/\/tuzlahortum.com.tr\/ar\/wp-json\/wp\/v2\/product"}],"about":[{"href":"https:\/\/tuzlahortum.com.tr\/ar\/wp-json\/wp\/v2\/types\/product"}],"replies":[{"embeddable":true,"href":"https:\/\/tuzlahortum.com.tr\/ar\/wp-json\/wp\/v2\/comments?post=832"}],"wp:featuredmedia":[{"embeddable":true,"href":"https:\/\/tuzlahortum.com.tr\/ar\/wp-json\/wp\/v2\/media\/2050"}],"wp:attachment":[{"href":"https:\/\/tuzlahortum.com.tr\/ar\/wp-json\/wp\/v2\/media?parent=832"}],"wp:term":[{"taxonomy":"product_brand","embeddable":true,"href":"https:\/\/tuzlahortum.com.tr\/ar\/wp-json\/wp\/v2\/product_brand?post=832"},{"taxonomy":"product_cat","embeddable":true,"href":"https:\/\/tuzlahortum.com.tr\/ar\/wp-json\/wp\/v2\/product_cat?post=832"},{"taxonomy":"product_tag","embeddable":true,"href":"https:\/\/tuzlahortum.com.tr\/ar\/wp-json\/wp\/v2\/product_tag?post=832"}],"curies":[{"name":"\u062f\u0628\u0644\u064a\u0648 \u0628\u064a","href":"https:\/\/api.w.org\/{rel}","templated":true}]}}