{"id":830,"date":"2019-02-06T23:54:31","date_gmt":"2019-02-06T20:54:31","guid":{"rendered":"http:\/\/hortum.com.tr\/product\/import-placeholder-for-610\/"},"modified":"2025-08-20T11:44:59","modified_gmt":"2025-08-20T08:44:59","slug":"pnomatik-polyamid-hortum","status":"publish","type":"product","link":"https:\/\/tuzlahortum.com.tr\/ar\/product\/pnomatik-polyamid-hortum\/","title":{"rendered":"\u062e\u0631\u0637\u0648\u0645 \u0628\u0648\u0644\u064a \u0623\u0645\u064a\u062f \u0647\u0648\u0627\u0626\u064a"},"content":{"rendered":"<h2>\u062e\u0631\u0637\u0648\u0645 \u0628\u0648\u0644\u064a \u0623\u0645\u064a\u062f \u0647\u0648\u0627\u0626\u064a<\/h2>\n<div class=\"productsTechnical\"><span class=\"head\">\u0645\u0639\u0644\u0648\u0645\u0627\u062a \u062a\u0642\u0646\u064a\u0629<\/span><\/div>\n<div><\/div>\n<div class=\"productsTechnical\">\n<p><span class=\"technical\">\u0627\u0644\u062e\u0635\u0627\u0626\u0635 \u0627\u0644\u0628\u062f\u0646\u064a\u0629<\/span><\/p>\n<ul>\n<li>\u0645\u0642\u0627\u0648\u0645\u0629 \u0639\u0627\u0644\u064a\u0629 \u0644\u0644\u0635\u062f\u0645\u0627\u062a \u0641\u064a \u062f\u0631\u062c\u0627\u062a \u062d\u0631\u0627\u0631\u0629 \u0645\u0646\u062e\u0641\u0636\u0629<\/li>\n<li>\u0645\u0642\u0627\u0648\u0645\u0629 \u0627\u0644\u0623\u0634\u0639\u0629 \u0641\u0648\u0642 \u0627\u0644\u0628\u0646\u0641\u0633\u062c\u064a\u0629 \u0648\u062f\u0631\u062c\u0629 \u0627\u0644\u062d\u0631\u0627\u0631\u0629<\/li>\n<li>\u0642\u0648\u0629 \u0636\u063a\u0637 \u0639\u0627\u0644\u064a\u0629<\/li>\n<li>\u0645\u0642\u0627\u0648\u0645\u0629 \u0627\u0644\u062a\u0622\u0643\u0644 \u0641\u064a \u0627\u0644\u0647\u0648\u0627\u0621 \u0627\u0644\u0637\u0644\u0642<\/li>\n<li>\u0633\u0647\u0644 \u0627\u0644\u0627\u0633\u062a\u062e\u062f\u0627\u0645 \u0645\u0639 \u0627\u0642\u062a\u0631\u0627\u0646 \u0623\u0648\u062a\u0648\u0645\u0627\u062a\u064a\u0643\u064a<\/li>\n<li>\u0645\u0642\u0627\u0648\u0645\u0629 \u0627\u0644\u062a\u062d\u0644\u0644 \u0627\u0644\u0645\u0627\u0626\u064a<\/li>\n<li>\u062f\u0642\u0629 \u0642\u064a\u0627\u0633 \u0639\u0627\u0644\u064a\u0629<\/li>\n<li>\u0645\u0642\u0627\u0648\u0645\u0629 \u0643\u0644\u0648\u0631\u064a\u062f \u0627\u0644\u0632\u0646\u0643<\/li>\n<li>\u0645\u0642\u0627\u0648\u0645\u0629 \u0639\u0627\u0644\u064a\u0629 \u0644\u0644\u0648\u0642\u0648\u062f \u0648\u0627\u0644\u0632\u064a\u0648\u062a \u0648\u0627\u0644\u0645\u0648\u0627\u062f \u0627\u0644\u0643\u064a\u0645\u064a\u0627\u0626\u064a\u0629<\/li>\n<\/ul>\n<div class=\"video video-fit mb\" style=\"padding-top:56.25%;\"><p><iframe loading=\"lazy\" title=\"\u0627\u0631\u062a\u0628\u0627\u0643 \u0627\u0644\u0642\u064a\u0627\u0633 (\u0628\u0648\u0635\u0629\u060c \u0625\u0635\u0628\u0639\u060c \u0636\u0628\u0627\u0628\u060c \u0645\u0644\u0644\u064a\u0645\u062a\u0631)\" width=\"1020\" height=\"574\" src=\"https:\/\/www.youtube.com\/embed\/uKk6AG_AZls?feature=oembed\" frameborder=\"0\" allow=\"accelerometer; autoplay; clipboard-write; encrypted-media; gyroscope; picture-in-picture; web-share\" referrerpolicy=\"strict-origin-when-cross-origin\" allowfullscreen><\/iframe><\/p>\n<\/div>\n<p><span class=\"technical\">\u062e\u0635\u0627\u0626\u0635 \u0627\u0644\u0645\u0648\u0627\u062f \u0627\u0644\u062e\u0627\u0645<\/span><\/p>\n<ul>\n<li>\u0627\u0644\u0643\u062b\u0627\u0641\u0629: 1.02 \u062c\u0645 \/ \u0633\u0645 3<\/li>\n<li>\u0635\u0644\u0627\u0628\u0629 67 \u062f<\/li>\n<li>\u062f\u0631\u062c\u0629 \u062d\u0631\u0627\u0631\u0629 \u0627\u0644\u0627\u0646\u0635\u0647\u0627\u0631 173 \u062f\u0631\u062c\u0629 \u0645\u0626\u0648\u064a\u0629<\/li>\n<li>\u0627\u0645\u062a\u0635\u0627\u0635 \u0627\u0644\u0645\u0627\u0621 1.4 %<\/li>\n<li>\u0627\u0645\u062a\u0635\u0627\u0635 \u0627\u0644\u0631\u0637\u0648\u0628\u0629 0.7 %<\/li>\n<li>\u062a\u062a\u0631\u0627\u0648\u062d \u0636\u063a\u0648\u0637 \u0627\u0644\u0639\u0645\u0644 \u0628\u064a\u0646 15 \u0648 50 \u0636\u063a\u0637 \u062c\u0648\u064a.<\/li>\n<li>\u064a\u062a\u0631\u0627\u0648\u062d \u0636\u063a\u0637 \u0627\u0644\u0627\u0646\u0641\u062c\u0627\u0631 \u0628\u064a\u0646 45 \u0648 150 \u0636\u063a\u0637 \u062c\u0648\u064a. \u0647\u0630\u0647 \u0627\u0644\u0642\u064a\u0645 \u0635\u0627\u0644\u062d\u0629 \u0644\u0640 23 \u062f\u0631\u062c\u0629 \u0645\u0626\u0648\u064a\u0629 (73 \u062f\u0631\u062c\u0629 \u0641\u0647\u0631\u0646\u0647\u0627\u064a\u062a) \u060c \u0648\u062a\u062e\u062a\u0644\u0641 \u0648\u0641\u0642\u064b\u0627 \u0644\u0623\u0642\u0637\u0627\u0631 \u0648\u062d\u0648\u0627\u0641 \u0627\u0644\u062e\u0631\u0627\u0637\u064a\u0645.<\/li>\n<li>\u062d\u062f \u062f\u0631\u062c\u0629 \u0627\u0644\u062d\u0631\u0627\u0631\u0629 -40 \u062f\u0631\u062c\u0629 \u0645\u0626\u0648\u064a\u0629 \/ + 90 \u062f\u0631\u062c\u0629 \u0645\u0626\u0648\u064a\u0629 (-40 \u062f\u0631\u062c\u0629 \u0641\u0647\u0631\u0646\u0647\u0627\u064a\u062a \/ + 194 \u062f\u0631\u062c\u0629 \u0641\u0647\u0631\u0646\u0647\u0627\u064a\u062a)<\/li>\n<\/ul>\n<\/div>","protected":false},"excerpt":{"rendered":"<p>Pnomatik Polyamid Hortum TEKN\u0130K B\u0130LG\u0130LER Fiziksel \u00d6zellikleri D\u00fc\u015f\u00fck s\u0131cakl\u0131kta y\u00fcksek darbe dayan\u0131m\u0131 UV ve s\u0131cakl\u0131k dayan\u0131m\u0131 Y\u00fcksek bas\u0131n\u00e7 dayan\u0131m\u0131 D\u0131\u015f ortam a\u015f\u0131nma direnci Otomatik rakor ile kolay kullan\u0131m Hidroliz dayan\u0131m\u0131 Y\u00fcksek \u00f6l\u00e7\u00fc hassasiyeti \u00c7inko klor\u00fcr dayan\u0131m\u0131 Akaryak\u0131t, ya\u011f ve kimyasallara kar\u015f\u0131 y\u00fcksek dayan\u0131m Hammadde \u00d6zellikleri Yo\u011funluk: 1,02 g\/cm3 Sertlik 67 D Erime s\u0131cakl\u0131\u011f\u0131 173 \u00baC [&#8230;]\n","protected":false},"featured_media":2052,"comment_status":"open","ping_status":"closed","template":"","meta":{"jetpack_post_was_ever_published":false},"product_brand":[],"product_cat":[166],"product_tag":[290,1080,1082,1081],"class_list":{"0":"post-830","1":"product","2":"type-product","3":"status-publish","4":"has-post-thumbnail","6":"product_cat-pnomatik-hortumlar","7":"product_tag-hortum","8":"product_tag-pnomatik","9":"product_tag-pnomatik-polyamid-hortum","10":"product_tag-polyamid","12":"first","13":"instock","14":"taxable","15":"shipping-taxable","16":"product-type-variable"},"jetpack-related-posts":[],"jetpack_sharing_enabled":true,"jetpack_likes_enabled":true,"_links":{"self":[{"href":"https:\/\/tuzlahortum.com.tr\/ar\/wp-json\/wp\/v2\/product\/830","targetHints":{"allow":["GET"]}}],"collection":[{"href":"https:\/\/tuzlahortum.com.tr\/ar\/wp-json\/wp\/v2\/product"}],"about":[{"href":"https:\/\/tuzlahortum.com.tr\/ar\/wp-json\/wp\/v2\/types\/product"}],"replies":[{"embeddable":true,"href":"https:\/\/tuzlahortum.com.tr\/ar\/wp-json\/wp\/v2\/comments?post=830"}],"wp:featuredmedia":[{"embeddable":true,"href":"https:\/\/tuzlahortum.com.tr\/ar\/wp-json\/wp\/v2\/media\/2052"}],"wp:attachment":[{"href":"https:\/\/tuzlahortum.com.tr\/ar\/wp-json\/wp\/v2\/media?parent=830"}],"wp:term":[{"taxonomy":"product_brand","embeddable":true,"href":"https:\/\/tuzlahortum.com.tr\/ar\/wp-json\/wp\/v2\/product_brand?post=830"},{"taxonomy":"product_cat","embeddable":true,"href":"https:\/\/tuzlahortum.com.tr\/ar\/wp-json\/wp\/v2\/product_cat?post=830"},{"taxonomy":"product_tag","embeddable":true,"href":"https:\/\/tuzlahortum.com.tr\/ar\/wp-json\/wp\/v2\/product_tag?post=830"}],"curies":[{"name":"\u062f\u0628\u0644\u064a\u0648 \u0628\u064a","href":"https:\/\/api.w.org\/{rel}","templated":true}]}}