{"id":829,"date":"2019-02-06T23:54:31","date_gmt":"2019-02-06T20:54:31","guid":{"rendered":"http:\/\/hortum.com.tr\/product\/import-placeholder-for-568\/"},"modified":"2024-03-21T17:41:53","modified_gmt":"2024-03-21T14:41:53","slug":"oto-yikama-tabancasi","status":"publish","type":"product","link":"https:\/\/tuzlahortum.com.tr\/ar\/product\/oto-yikama-tabancasi\/","title":{"rendered":"\u0628\u0646\u062f\u0642\u064a\u0629 \u063a\u0633\u064a\u0644 \u0627\u0644\u0633\u064a\u0627\u0631\u0627\u062a"},"content":{"rendered":"<h2>\u0628\u0646\u062f\u0642\u064a\u0629 \u063a\u0633\u064a\u0644 \u0627\u0644\u0633\u064a\u0627\u0631\u0627\u062a<\/h2>","protected":false},"excerpt":{"rendered":"<p>\u0628\u0646\u062f\u0642\u064a\u0629 \u063a\u0633\u064a\u0644 \u0627\u0644\u0633\u064a\u0627\u0631\u0627\u062a<\/p>","protected":false},"featured_media":1636,"comment_status":"open","ping_status":"closed","template":"","meta":{"jetpack_post_was_ever_published":false},"product_brand":[],"product_cat":[166],"product_tag":[1075,1078,1079,1077,1076],"class_list":{"0":"post-829","1":"product","2":"type-product","3":"status-publish","4":"has-post-thumbnail","6":"product_cat-pnomatik-hortumlar","7":"product_tag-oto","8":"product_tag-oto-yikama","9":"product_tag-oto-yikama-tabancasi","10":"product_tag-tabancasi","11":"product_tag-yikama","13":"first","14":"instock","15":"taxable","16":"shipping-taxable","17":"product-type-simple"},"jetpack-related-posts":[{"id":8731,"url":"https:\/\/tuzlahortum.com.tr\/ar\/product\/aluminyum-hava-tabancasi-uzun\/","url_meta":{"origin":829,"position":0},"title":"\u0645\u0633\u062f\u0633 \u0647\u0648\u0627\u0621 \u0623\u0644\u0648\u0645\u0646\u064a\u0648\u0645 (\u0637\u0648\u064a\u0644)","author":"\u0130smail \u00c7elik","date":"26 \u0645\u0627\u0631\u0633 2019","format":false,"excerpt":"\u0645\u0633\u062f\u0633 \u0647\u0648\u0627\u0621 \u0623\u0644\u0648\u0645\u0646\u064a\u0648\u0645 (\u0637\u0648\u064a\u0644)","rel":"","context":"\u062a\u062f\u0648\u064a\u0646\u0629 \u0645\u0634\u0627\u0628\u0647\u0629","block_context":{"text":"\u062a\u062f\u0648\u064a\u0646\u0629 \u0645\u0634\u0627\u0628\u0647\u0629","link":""},"img":{"alt_text":"","src":"https:\/\/i0.wp.com\/tuzlahortum.com.tr\/wp-content\/uploads\/2019\/03\/Hava-Tabancas%C4%B1-Uzun-1-420x420.jpg?fit=420%2C420&ssl=1&resize=350%2C200","width":350,"height":200},"classes":[]},{"id":835,"url":"https:\/\/tuzlahortum.com.tr\/ar\/product\/aluminyum-hava-tabancasi\/","url_meta":{"origin":829,"position":1},"title":"\u0628\u0646\u062f\u0642\u064a\u0629 \u0627\u0644\u0647\u0648\u0627\u0621 \u0627\u0644\u0623\u0644\u0648\u0645\u0646\u064a\u0648\u0645","author":"admin","date":"6 \u0641\u0628\u0631\u0627\u064a\u0631 2019","format":false,"excerpt":"\u0628\u0646\u062f\u0642\u064a\u0629 \u0627\u0644\u0647\u0648\u0627\u0621 \u0627\u0644\u0623\u0644\u0648\u0645\u0646\u064a\u0648\u0645","rel":"","context":"\u062a\u062f\u0648\u064a\u0646\u0629 \u0645\u0634\u0627\u0628\u0647\u0629","block_context":{"text":"\u062a\u062f\u0648\u064a\u0646\u0629 \u0645\u0634\u0627\u0628\u0647\u0629","link":""},"img":{"alt_text":"","src":"https:\/\/i0.wp.com\/tuzlahortum.com.tr\/wp-content\/uploads\/urunler\/Pnomatik\/Alu%CC%88minyum-Hava-Tabancas%C4%B1.jpg?fit=450%2C450&ssl=1&resize=350%2C200","width":350,"height":200},"classes":[]},{"id":836,"url":"https:\/\/tuzlahortum.com.tr\/ar\/product\/ayarli-sprey-sulama-tabancasi\/","url_meta":{"origin":829,"position":2},"title":"\u0631\u0634\u0627\u0634 \u0633\u0642\u064a \u0642\u0627\u0628\u0644 \u0644\u0644\u062a\u0639\u062f\u064a\u0644","author":"admin","date":"6 \u0641\u0628\u0631\u0627\u064a\u0631 2019","format":false,"excerpt":"\u0631\u0634\u0627\u0634 \u0633\u0642\u064a \u0642\u0627\u0628\u0644 \u0644\u0644\u062a\u0639\u062f\u064a\u0644","rel":"","context":"\u062a\u062f\u0648\u064a\u0646\u0629 \u0645\u0634\u0627\u0628\u0647\u0629","block_context":{"text":"\u062a\u062f\u0648\u064a\u0646\u0629 \u0645\u0634\u0627\u0628\u0647\u0629","link":""},"img":{"alt_text":"","src":"https:\/\/i0.wp.com\/tuzlahortum.com.tr\/wp-content\/uploads\/2019\/03\/garden-erax-su-tabancas%C4%B1-3.jpg?fit=367%2C437&ssl=1&resize=350%2C200","width":350,"height":200},"classes":[]},{"id":13240,"url":"https:\/\/tuzlahortum.com.tr\/ar\/product\/flow-fy-metal-govdeli-bahce-tabancasi\/","url_meta":{"origin":829,"position":3},"title":"\u0645\u0633\u062f\u0633 \u062d\u062f\u064a\u0642\u0629 \u0641\u0644\u0648 \u0641\u0627\u064a \u0628\u062c\u0633\u0645 \u0645\u0639\u062f\u0646\u064a","author":"admin","date":"28 \u0645\u0627\u0631\u0633 2024","format":false,"excerpt":"FLOW FY METAL G\u00d6VDEL\u0130 BAH\u00c7E TABANCASI Bah\u00e7enizin sulama ihtiya\u00e7lar\u0131n\u0131 kar\u015f\u0131lamak i\u00e7in tasarlanan FLOW FY Metal G\u00f6vdeli Bah\u00e7e Tabancas\u0131, dayan\u0131kl\u0131 yap\u0131s\u0131 ve kullan\u0131m kolayl\u0131\u011f\u0131 ile dikkat \u00e7eker. \u00d6zellikler: Metal G\u00f6vde: Tabancan\u0131n g\u00f6vdesi y\u00fcksek kaliteli metalden imal edilmi\u015ftir. Bu sayede dayan\u0131kl\u0131 ve uzun \u00f6m\u00fcrl\u00fc bir kullan\u0131m sa\u011flar. Ergonomik Tasar\u0131m: Rahat ve uzun\u2026","rel":"","context":"\u062a\u062f\u0648\u064a\u0646\u0629 \u0645\u0634\u0627\u0628\u0647\u0629","block_context":{"text":"\u062a\u062f\u0648\u064a\u0646\u0629 \u0645\u0634\u0627\u0628\u0647\u0629","link":""},"img":{"alt_text":"","src":"https:\/\/i0.wp.com\/tuzlahortum.com.tr\/wp-content\/uploads\/2024\/03\/fy_metal_govdeli_bahce_tabancasi_2.jpg?fit=800%2C800&ssl=1&resize=350%2C200","width":350,"height":200,"srcset":"https:\/\/i0.wp.com\/tuzlahortum.com.tr\/wp-content\/uploads\/2024\/03\/fy_metal_govdeli_bahce_tabancasi_2.jpg?fit=800%2C800&ssl=1&resize=350%2C200 1x, https:\/\/i0.wp.com\/tuzlahortum.com.tr\/wp-content\/uploads\/2024\/03\/fy_metal_govdeli_bahce_tabancasi_2.jpg?fit=800%2C800&ssl=1&resize=525%2C300 1.5x, https:\/\/i0.wp.com\/tuzlahortum.com.tr\/wp-content\/uploads\/2024\/03\/fy_metal_govdeli_bahce_tabancasi_2.jpg?fit=800%2C800&ssl=1&resize=700%2C400 2x"},"classes":[]},{"id":13241,"url":"https:\/\/tuzlahortum.com.tr\/ar\/product\/flow-ss-plastik-bahce-tabancasi\/","url_meta":{"origin":829,"position":4},"title":"\u0645\u0633\u062f\u0633 \u0627\u0644\u062d\u062f\u0627\u0626\u0642 \u0627\u0644\u0628\u0644\u0627\u0633\u062a\u064a\u0643\u064a \u0641\u0644\u0648 \u0627\u0633 \u0627\u0633","author":"admin","date":"28 \u0645\u0627\u0631\u0633 2024","format":false,"excerpt":"FLOW SS PLAST\u0130K BAH\u00c7E TABANCASI Bah\u00e7e sulama i\u015fleriniz i\u00e7in ideal olan FLOW SS Plastik Bah\u00e7e Tabancas\u0131, kullan\u0131m\u0131 kolay ve dayan\u0131kl\u0131 bir \u00e7\u00f6z\u00fcm sunar. \u00d6zellikler: Y\u00fcksek Kaliteli Plastik Malzeme: FLOW SS Bah\u00e7e Tabancas\u0131, dayan\u0131kl\u0131 ve sa\u011flam plastik malzemeden \u00fcretilmi\u015ftir. Uzun \u00f6m\u00fcrl\u00fc kullan\u0131m i\u00e7in tasarlanm\u0131\u015ft\u0131r ve d\u0131\u015f etkilere kar\u015f\u0131 dayan\u0131kl\u0131d\u0131r. Ergonomik Tasar\u0131m:\u2026","rel":"","context":"\u062a\u062f\u0648\u064a\u0646\u0629 \u0645\u0634\u0627\u0628\u0647\u0629","block_context":{"text":"\u062a\u062f\u0648\u064a\u0646\u0629 \u0645\u0634\u0627\u0628\u0647\u0629","link":""},"img":{"alt_text":"","src":"https:\/\/i0.wp.com\/tuzlahortum.com.tr\/wp-content\/uploads\/2024\/03\/ss_plastik_bahce_tabancasi_3.jpg?fit=800%2C800&ssl=1&resize=350%2C200","width":350,"height":200,"srcset":"https:\/\/i0.wp.com\/tuzlahortum.com.tr\/wp-content\/uploads\/2024\/03\/ss_plastik_bahce_tabancasi_3.jpg?fit=800%2C800&ssl=1&resize=350%2C200 1x, https:\/\/i0.wp.com\/tuzlahortum.com.tr\/wp-content\/uploads\/2024\/03\/ss_plastik_bahce_tabancasi_3.jpg?fit=800%2C800&ssl=1&resize=525%2C300 1.5x, https:\/\/i0.wp.com\/tuzlahortum.com.tr\/wp-content\/uploads\/2024\/03\/ss_plastik_bahce_tabancasi_3.jpg?fit=800%2C800&ssl=1&resize=700%2C400 2x"},"classes":[]},{"id":13238,"url":"https:\/\/tuzlahortum.com.tr\/ar\/product\/flow-gr-komple-metal-bahce-tabancasi\/","url_meta":{"origin":829,"position":5},"title":"\u0645\u0633\u062f\u0633 \u062d\u062f\u064a\u0642\u0629 \u0645\u0639\u062f\u0646\u064a \u0643\u0627\u0645\u0644 \u0645\u0646 \u0641\u0644\u0648 \u062c\u064a \u0622\u0631","author":"admin","date":"28 \u0645\u0627\u0631\u0633 2024","format":false,"excerpt":"FLOW GR KOMPLE METAL BAH\u00c7E TABANCASI FLOW GR Komple Metal Bah\u00e7e Tabancas\u0131, sa\u011flam metal yap\u0131s\u0131 ve kullan\u0131m\u0131 kolay \u00f6zellikleriyle bah\u00e7e sulama i\u015flerinizi etkili bir \u015fekilde yerine getirmenizi sa\u011flar. \u00d6zellikler: Dayan\u0131kl\u0131 Metal Yap\u0131: Tabancan\u0131n tamam\u0131 y\u00fcksek kaliteli metal malzemeden \u00fcretilmi\u015ftir. Bu sayede uzun s\u00fcreli kullan\u0131ma dayan\u0131kl\u0131d\u0131r ve d\u0131\u015f etkenlere kar\u015f\u0131 diren\u00e7lidir.\u2026","rel":"","context":"\u062a\u062f\u0648\u064a\u0646\u0629 \u0645\u0634\u0627\u0628\u0647\u0629","block_context":{"text":"\u062a\u062f\u0648\u064a\u0646\u0629 \u0645\u0634\u0627\u0628\u0647\u0629","link":""},"img":{"alt_text":"","src":"https:\/\/i0.wp.com\/tuzlahortum.com.tr\/wp-content\/uploads\/2024\/03\/gr_komple_metal_bahce_tabancasi_4.jpg?fit=800%2C800&ssl=1&resize=350%2C200","width":350,"height":200,"srcset":"https:\/\/i0.wp.com\/tuzlahortum.com.tr\/wp-content\/uploads\/2024\/03\/gr_komple_metal_bahce_tabancasi_4.jpg?fit=800%2C800&ssl=1&resize=350%2C200 1x, https:\/\/i0.wp.com\/tuzlahortum.com.tr\/wp-content\/uploads\/2024\/03\/gr_komple_metal_bahce_tabancasi_4.jpg?fit=800%2C800&ssl=1&resize=525%2C300 1.5x, https:\/\/i0.wp.com\/tuzlahortum.com.tr\/wp-content\/uploads\/2024\/03\/gr_komple_metal_bahce_tabancasi_4.jpg?fit=800%2C800&ssl=1&resize=700%2C400 2x"},"classes":[]}],"jetpack_sharing_enabled":true,"jetpack_likes_enabled":true,"_links":{"self":[{"href":"https:\/\/tuzlahortum.com.tr\/ar\/wp-json\/wp\/v2\/product\/829","targetHints":{"allow":["GET"]}}],"collection":[{"href":"https:\/\/tuzlahortum.com.tr\/ar\/wp-json\/wp\/v2\/product"}],"about":[{"href":"https:\/\/tuzlahortum.com.tr\/ar\/wp-json\/wp\/v2\/types\/product"}],"replies":[{"embeddable":true,"href":"https:\/\/tuzlahortum.com.tr\/ar\/wp-json\/wp\/v2\/comments?post=829"}],"wp:featuredmedia":[{"embeddable":true,"href":"https:\/\/tuzlahortum.com.tr\/ar\/wp-json\/wp\/v2\/media\/1636"}],"wp:attachment":[{"href":"https:\/\/tuzlahortum.com.tr\/ar\/wp-json\/wp\/v2\/media?parent=829"}],"wp:term":[{"taxonomy":"product_brand","embeddable":true,"href":"https:\/\/tuzlahortum.com.tr\/ar\/wp-json\/wp\/v2\/product_brand?post=829"},{"taxonomy":"product_cat","embeddable":true,"href":"https:\/\/tuzlahortum.com.tr\/ar\/wp-json\/wp\/v2\/product_cat?post=829"},{"taxonomy":"product_tag","embeddable":true,"href":"https:\/\/tuzlahortum.com.tr\/ar\/wp-json\/wp\/v2\/product_tag?post=829"}],"curies":[{"name":"\u062f\u0628\u0644\u064a\u0648 \u0628\u064a","href":"https:\/\/api.w.org\/{rel}","templated":true}]}}