{"id":827,"date":"2019-02-06T23:54:30","date_gmt":"2019-02-06T20:54:30","guid":{"rendered":"http:\/\/hortum.com.tr\/product\/import-placeholder-for-120\/"},"modified":"2024-03-21T17:41:55","modified_gmt":"2024-03-21T14:41:55","slug":"e-tipi-beyaz-emici-hortum","status":"publish","type":"product","link":"https:\/\/tuzlahortum.com.tr\/ar\/product\/e-tipi-beyaz-emici-hortum\/","title":{"rendered":"\u062e\u0631\u0637\u0648\u0645 \u0634\u0641\u0637 \u0623\u0628\u064a\u0636 \u0645\u0646 \u0627\u0644\u0646\u0648\u0639 E"},"content":{"rendered":"<h2>\u062e\u0631\u0637\u0648\u0645 \u0634\u0641\u0637 \u0623\u0628\u064a\u0636 \u0645\u0646 \u0627\u0644\u0646\u0648\u0639 E<\/h2>\n<p>\u0633\u0645\u0627\u062a<\/p>\n<p>\u064a\u0645\u0643\u0646 \u0627\u0633\u062a\u062e\u062f\u0627\u0645\u0647 \u0643\u0645\u0645\u062a\u0635 \u0644\u0644\u062e\u062f\u0645\u0629 \u0627\u0644\u0634\u0627\u0642\u0629 \u0648\u0628\u0627\u0639\u062b. \u0628\u0648\u0644\u064a \u0643\u0644\u0648\u0631\u064a\u062f \u0627\u0644\u0641\u064a\u0646\u064a\u0644 \u0634\u0641\u0627\u0641 \u0645\u0631\u0646 \u060c \u0642\u0648\u0629 \u0639\u0627\u0644\u064a\u0629 \u060c<\/p>\n<p>\u064a\u062a\u0645 \u0625\u0646\u062a\u0627\u062c\u0647 \u0645\u0639 \u062a\u0642\u0648\u064a\u0629 \u0635\u0644\u0628\u0629 PVC \u0645\u0642\u0627\u0648\u0645\u0629 \u0644\u0644\u0643\u0633\u0631 \u0627\u0644\u0642\u0635\u0648\u0649 \u060c \u0627\u0644\u0623\u0633\u0637\u062d \u0627\u0644\u062f\u0627\u062e\u0644\u064a\u0629 \u0648\u0627\u0644\u062e\u0627\u0631\u062c\u064a\u0629 \u0646\u0627\u0639\u0645\u0629.<\/p>\n<p>\u062f\u0631\u062c\u0629 \u062d\u0631\u0627\u0631\u0629 \u0627\u0644\u062a\u0634\u063a\u064a\u0644<\/p>\n<p>-5 \u062f\u0631\u062c\u0629 \u0645\u0626\u0648\u064a\u0629 \u0625\u0644\u0649 +60 \u062f\u0631\u062c\u0629 \u0645\u0626\u0648\u064a\u0629<\/p>\n<div class=\"video video-fit mb\" style=\"padding-top:56.25%;\"><p><iframe loading=\"lazy\" title=\"\u0627\u0631\u062a\u0628\u0627\u0643 \u0627\u0644\u0642\u064a\u0627\u0633 (\u0628\u0648\u0635\u0629\u060c \u0625\u0635\u0628\u0639\u060c \u0636\u0628\u0627\u0628\u060c \u0645\u0644\u0644\u064a\u0645\u062a\u0631)\" width=\"1020\" height=\"574\" src=\"https:\/\/www.youtube.com\/embed\/uKk6AG_AZls?feature=oembed\" frameborder=\"0\" allow=\"accelerometer; autoplay; clipboard-write; encrypted-media; gyroscope; picture-in-picture; web-share\" referrerpolicy=\"strict-origin-when-cross-origin\" allowfullscreen><\/iframe><\/p>\n<\/div>\n<div class=\"video video-fit mb\" style=\"padding-top:56.25%;\"><p>https:\/\/www.youtube.com\/watch?v=O8ZlzKEjfEQ%20<\/p>\n<\/div>\n<p>\u0645\u062c\u0627\u0644\u0627\u062a \u0627\u0644\u0627\u0633\u062a\u062e\u062f\u0627\u0645<\/p>\n<p>\u0641\u064a \u062c\u0645\u064a\u0639 \u0623\u0646\u0648\u0627\u0639 \u0627\u0644\u062e\u062f\u0645\u0627\u062a \u0627\u0644\u062b\u0642\u064a\u0644\u0629 \u060c \u0634\u0641\u0637 \u0627\u0644\u0645\u0636\u062e\u0627\u062a \u0641\u064a \u0642\u0637\u0627\u0639 \u0627\u0644\u0632\u0631\u0627\u0639\u0629 \u0648\u0627\u0644\u0635\u0646\u0627\u0639\u0629 \u0648\u0627\u0644\u062a\u0634\u064a\u064a\u062f \u060c<\/p>\n<p>\u064a\u0645\u0643\u0646 \u0627\u0633\u062a\u062e\u062f\u0627\u0645\u0647 \u0644\u0646\u0642\u0644 \u0627\u0644\u0633\u0648\u0627\u0626\u0644 \u0648\u0627\u0644\u0645\u0648\u0627\u062f \u0627\u0644\u0623\u062e\u0631\u0649. \u0641\u064a \u0627\u0644\u062a\u0631\u0643\u064a\u0628\u0627\u062a \u0627\u0644\u062f\u0627\u062e\u0644\u064a\u0629 \u0644\u0644\u0642\u0648\u0627\u0631\u0628 \u0648\u0627\u0644\u064a\u062e\u0648\u062a \u060c<\/p>\n<p>\u064a\u062a\u0645 \u0627\u0633\u062a\u062e\u062f\u0627\u0645\u0647 \u0641\u064a \u0623\u0639\u0645\u0627\u0644 \u0627\u0644\u0634\u0641\u0637 \u0648\u0627\u0644\u062a\u0641\u0631\u064a\u063a \u0641\u064a \u0634\u0627\u062d\u0646\u0627\u062a \u0627\u0644\u062a\u0641\u0631\u064a\u063a.<\/p>\n<p><img data-recalc-dims=\"1\" loading=\"lazy\" decoding=\"async\" class=\"alignnone size-full wp-image-2023\" src=\"https:\/\/i0.wp.com\/hortum.com.tr\/wp-content\/uploads\/urunler\/plastik\/E-TI%CC%87PI%CC%87-BEYAZ-EMI%CC%87CI%CC%87-SPI%CC%87RAL-HORTUM.jpg?resize=479%2C260\" alt=\"\" width=\"479\" height=\"260\" title=\"\"><\/p>","protected":false},"excerpt":{"rendered":"<p>E Tipi Beyaz Emici Hortum \u00d6zellikler A\u011f\u0131r hizmet emici ve verici olarak kullan\u0131labilir. Esnek \u015feffaf PVC, y\u00fcksek mukavemetli, k\u0131r\u0131lmaya kar\u015f\u0131 maksimum dayan\u0131kl\u0131 sert PVC takviyesiyle \u00fcretilmektedir.\u0130\u00e7 ve d\u0131\u015f y\u00fczey d\u00fczd\u00fcr. \u00c7al\u0131\u015fma S\u0131cakl\u0131\u011f\u0131 -5\u00b0C ile +60\u00b0C aras\u0131 Kullan\u0131m Alanlar\u0131 Tar\u0131m, sanayi ve in\u015faat sekt\u00f6r\u00fcnde her t\u00fcrl\u00fc a\u011f\u0131r hizmetlerde, pompa emi\u015flerinde, likit ve sair malzeme naklinde kullan\u0131labilir. [&#8230;]\n","protected":false},"featured_media":2030,"comment_status":"open","ping_status":"closed","template":"","meta":{"jetpack_post_was_ever_published":false},"product_brand":[],"product_cat":[2327,168],"product_tag":[1063,1054,1066,1064,1067,1055,953,1058,1057,1065],"class_list":{"0":"post-827","1":"product","2":"type-product","3":"status-publish","4":"has-post-thumbnail","6":"product_cat-kanal-acma-hortumlari","7":"product_cat-pvc-spiralli-hortumlari","8":"product_tag-beyaz-emici-hortum","9":"product_tag-emis-hortumu","10":"product_tag-esnek-hortum","11":"product_tag-jakuzi-hortumu","12":"product_tag-supurge-hortumu","13":"product_tag-tekne-hortumu","14":"product_tag-vakum-hortumu","15":"product_tag-vidanjor-hortumu","16":"product_tag-yat-hortumu","17":"product_tag-yumusak-spiral-hortum","19":"first","20":"instock","21":"taxable","22":"shipping-taxable","23":"product-type-variable"},"jetpack-related-posts":[],"jetpack_sharing_enabled":true,"jetpack_likes_enabled":true,"_links":{"self":[{"href":"https:\/\/tuzlahortum.com.tr\/ar\/wp-json\/wp\/v2\/product\/827","targetHints":{"allow":["GET"]}}],"collection":[{"href":"https:\/\/tuzlahortum.com.tr\/ar\/wp-json\/wp\/v2\/product"}],"about":[{"href":"https:\/\/tuzlahortum.com.tr\/ar\/wp-json\/wp\/v2\/types\/product"}],"replies":[{"embeddable":true,"href":"https:\/\/tuzlahortum.com.tr\/ar\/wp-json\/wp\/v2\/comments?post=827"}],"wp:featuredmedia":[{"embeddable":true,"href":"https:\/\/tuzlahortum.com.tr\/ar\/wp-json\/wp\/v2\/media\/2030"}],"wp:attachment":[{"href":"https:\/\/tuzlahortum.com.tr\/ar\/wp-json\/wp\/v2\/media?parent=827"}],"wp:term":[{"taxonomy":"product_brand","embeddable":true,"href":"https:\/\/tuzlahortum.com.tr\/ar\/wp-json\/wp\/v2\/product_brand?post=827"},{"taxonomy":"product_cat","embeddable":true,"href":"https:\/\/tuzlahortum.com.tr\/ar\/wp-json\/wp\/v2\/product_cat?post=827"},{"taxonomy":"product_tag","embeddable":true,"href":"https:\/\/tuzlahortum.com.tr\/ar\/wp-json\/wp\/v2\/product_tag?post=827"}],"curies":[{"name":"\u062f\u0628\u0644\u064a\u0648 \u0628\u064a","href":"https:\/\/api.w.org\/{rel}","templated":true}]}}