{"id":821,"date":"2019-02-06T23:54:29","date_gmt":"2019-02-06T20:54:29","guid":{"rendered":"http:\/\/hortum.com.tr\/product\/import-placeholder-for-624\/"},"modified":"2024-03-21T17:42:00","modified_gmt":"2024-03-21T14:42:00","slug":"ls-tipi-beyaz-spiralli-lavabo-sifon-hortumu-orta-hizmet","status":"publish","type":"product","link":"https:\/\/tuzlahortum.com.tr\/ar\/product\/ls-tipi-beyaz-spiralli-lavabo-sifon-hortumu-orta-hizmet\/","title":{"rendered":"LS \u0646\u0648\u0639 \u0627\u0644\u0623\u0628\u064a\u0636 \u0644\u0648\u0644\u0628\u064a\u0629 \u062e\u0631\u0637\u0648\u0645 \u0633\u064a\u0641\u0648\u0646 \u0628\u0627\u0644\u0648\u0639\u0629 (\u0648\u0627\u062c\u0628 \u0645\u062a\u0648\u0633\u0637)"},"content":{"rendered":"<h2>LS \u0646\u0648\u0639 \u0627\u0644\u0623\u0628\u064a\u0636 \u0644\u0648\u0644\u0628\u064a\u0629 \u062e\u0631\u0637\u0648\u0645 \u0633\u064a\u0641\u0648\u0646 \u0628\u0627\u0644\u0648\u0639\u0629 (\u0648\u0627\u062c\u0628 \u0645\u062a\u0648\u0633\u0637)<\/h2>\n<p>\u064a\u0639\u062f \u0627\u0644\u0633\u0637\u062d \u0627\u0644\u062f\u0627\u062e\u0644\u064a \u0627\u0644\u0623\u0645\u0644\u0633 \u0644\u062e\u0631\u0627\u0637\u064a\u0645 LS \u0648 LLS \u0645\u0646 \u0623\u0647\u0645 \u0627\u0644\u0645\u064a\u0632\u0627\u062a \u0627\u0644\u062a\u064a \u062a\u0633\u0647\u0644 \u062a\u062f\u0641\u0642 \u0627\u0644\u0645\u064a\u0627\u0647.<\/p>\n<p>\u0633\u0645\u0627\u062a<\/p>\n<p>\u064a\u0645\u0643\u0646 \u0627\u0633\u062a\u062e\u062f\u0627\u0645\u0647 \u0643\u062c\u0647\u0627\u0632 \u0625\u0631\u0633\u0627\u0644. \u064a\u062a\u0645 \u0625\u0646\u062a\u0627\u062c \u0645\u0627\u062f\u0629 PVC \u0627\u0644\u0634\u0641\u0627\u0641\u0629 \u0627\u0644\u0645\u0631\u0646\u0629 \u0628\u0642\u0648\u0629 \u0639\u0627\u0644\u064a\u0629 \u0648\u062a\u0642\u0648\u064a\u0629 PVC \u0627\u0644\u0635\u0644\u0628\u0629 \u0627\u0644\u0645\u0642\u0627\u0648\u0645\u0629 \u0644\u0644\u0643\u0633\u0631 \u0627\u0644\u0642\u0635\u0648\u0649. \u0627\u0644\u0633\u0637\u062d \u0627\u0644\u062f\u0627\u062e\u0644\u064a \u0623\u0645\u0644\u0633 \u060c \u0627\u0644\u0633\u0637\u062d \u0627\u0644\u062e\u0627\u0631\u062c\u064a \u0645\u0639\u0642\u062f.<br \/>\n\u062f\u0631\u062c\u0629 \u062d\u0631\u0627\u0631\u0629 \u0627\u0644\u062a\u0634\u063a\u064a\u0644<\/p>\n<p>-5 \u062f\u0631\u062c\u0629 \u0645\u0626\u0648\u064a\u0629 \u0625\u0644\u0649 +60 \u062f\u0631\u062c\u0629 \u0645\u0626\u0648\u064a\u0629<\/p>\n<p>\u0645\u062c\u0627\u0644\u0627\u062a \u0627\u0644\u0627\u0633\u062a\u062e\u062f\u0627\u0645<\/p>\n<p>\u064a\u062a\u0645 \u0627\u0633\u062a\u062e\u062f\u0627\u0645\u0647 \u0643\u062e\u0631\u0637\u0648\u0645 \u0633\u064a\u0641\u0648\u0646 \u0628\u0627\u0644\u0648\u0639\u0629 \u0641\u064a \u0627\u0644\u0625\u0646\u0634\u0627\u0621\u0627\u062a. \u064a\u0645\u0643\u0646 \u0627\u0633\u062a\u062e\u062f\u0627\u0645\u0647 \u0623\u064a\u0636\u064b\u0627 \u0644\u0623\u063a\u0631\u0627\u0636 \u0645\u062e\u062a\u0644\u0641\u0629 \u0641\u064a \u0627\u0644\u0635\u0646\u0627\u0639\u0629.<\/p>\n<div class=\"video video-fit mb\" style=\"padding-top:56.25%;\"><p><iframe loading=\"lazy\" title=\"\u0627\u0631\u062a\u0628\u0627\u0643 \u0627\u0644\u0642\u064a\u0627\u0633 (\u0628\u0648\u0635\u0629\u060c \u0625\u0635\u0628\u0639\u060c \u0636\u0628\u0627\u0628\u060c \u0645\u0644\u0644\u064a\u0645\u062a\u0631)\" width=\"1020\" height=\"574\" src=\"https:\/\/www.youtube.com\/embed\/uKk6AG_AZls?feature=oembed\" frameborder=\"0\" allow=\"accelerometer; autoplay; clipboard-write; encrypted-media; gyroscope; picture-in-picture; web-share\" referrerpolicy=\"strict-origin-when-cross-origin\" allowfullscreen><\/iframe><\/p>\n<\/div>\n<div class=\"video video-fit mb\" style=\"padding-top:56.25%;\"><p>https:\/\/www.youtube.com\/watch?v=O8ZlzKEjfEQ%20<\/p>\n<\/div>\n<p><img data-recalc-dims=\"1\" loading=\"lazy\" decoding=\"async\" class=\"alignnone size-full wp-image-2008\" src=\"https:\/\/i0.wp.com\/hortum.com.tr\/wp-content\/uploads\/urunler\/plastik\/LS-TI%CC%87PI%CC%87-BEYAZ-SPI%CC%87RALLI%CC%87-LAVABO-SI%CC%87FON-HORTUMU-ORTA.jpg?resize=466%2C148\" alt=\"\" width=\"466\" height=\"148\" title=\"\"><\/p>","protected":false},"excerpt":{"rendered":"<p>LS Tipi Beyaz Spiralli Lavabo Sifon Hortumu (ORTA H\u0130ZMET) LS ve LLS Tipi hortumlar\u0131n i\u00e7 y\u00fczeyinin d\u00fczg\u00fcn olu\u015fu su ak\u0131\u015f\u0131n\u0131 kolayla\u015ft\u0131ran en \u00f6nemli \u00f6zelli\u011fidir. \u00d6zellikler Verici olarak kullan\u0131labilir. Esnek \u015feffaf PVC, y\u00fcksek mukavemetli, k\u0131r\u0131lmaya kar\u015f\u0131 maksimum dayan\u0131kl\u0131 sert PVC takviyesiyle \u00fcretilmektedir. \u0130\u00e7 y\u00fczey d\u00fcz, d\u0131\u015f y\u00fczey bo\u011fumludur. \u00c7al\u0131\u015fma S\u0131cakl\u0131\u011f\u0131 -5\u00b0C ile +60\u00b0C aras\u0131 Kullan\u0131m Alanlar\u0131 [&#8230;]\n","protected":false},"featured_media":2009,"comment_status":"open","ping_status":"closed","template":"","meta":{"jetpack_post_was_ever_published":false},"product_brand":[],"product_cat":[168],"product_tag":[1043,1042,1039,1040,1046,1045,1048,1044,1041,1047],"class_list":{"0":"post-821","1":"product","2":"type-product","3":"status-publish","4":"has-post-thumbnail","6":"product_cat-pvc-spiralli-hortumlari","7":"product_tag-atik-su","8":"product_tag-klima-hortumu","9":"product_tag-klima-ve-lavabo-sifon-hortumlari","10":"product_tag-lavabo-hortumu","11":"product_tag-lls","12":"product_tag-ls","13":"product_tag-orta-hizmet","14":"product_tag-pislik-tutmaz","15":"product_tag-sifon-hortumu","16":"product_tag-standart","18":"first","19":"instock","20":"taxable","21":"shipping-taxable","22":"product-type-variable"},"jetpack-related-posts":[{"id":862,"url":"https:\/\/tuzlahortum.com.tr\/ar\/product\/ls-tipi-beyaz-spiralli-lavabo-sifon-hortumu-standart\/","url_meta":{"origin":821,"position":0},"title":"LS \u0646\u0648\u0639 \u0627\u0644\u0623\u0628\u064a\u0636 \u0644\u0648\u0644\u0628\u064a\u0629 \u062e\u0631\u0637\u0648\u0645 \u0633\u064a\u0641\u0648\u0646 \u0628\u0627\u0644\u0648\u0639\u0629 (\u0642\u064a\u0627\u0633\u064a)","author":"admin","date":"6 \u0641\u0628\u0631\u0627\u064a\u0631 2019","format":false,"excerpt":"LS Tipi Beyaz Spiralli Lavabo Sifon Hortumu (STANDART)LS ve LLS Tipi hortumlar\u0131n i\u00e7 y\u00fczeyinin d\u00fczg\u00fcn olu\u015fu su ak\u0131\u015f\u0131n\u0131 kolayla\u015ft\u0131ran en \u00f6nemli \u00f6zelli\u011fidir. \u00d6zellikler Verici olarak kullan\u0131labilir. Esnek \u015feffaf PVC, y\u00fcksek mukavemetli, k\u0131r\u0131lmaya kar\u015f\u0131 maksimum dayan\u0131kl\u0131 sert PVC takviyesiyle \u00fcretilmektedir. \u0130\u00e7 y\u00fczey d\u00fcz, d\u0131\u015f y\u00fczey bo\u011fumludur. \u00c7al\u0131\u015fma S\u0131cakl\u0131\u011f\u0131 -5\u00b0C ile +60\u00b0C\u2026","rel":"","context":"\u062a\u062f\u0648\u064a\u0646\u0629 \u0645\u0634\u0627\u0628\u0647\u0629","block_context":{"text":"\u062a\u062f\u0648\u064a\u0646\u0629 \u0645\u0634\u0627\u0628\u0647\u0629","link":""},"img":{"alt_text":"","src":"https:\/\/i0.wp.com\/tuzlahortum.com.tr\/wp-content\/uploads\/urunler\/plastik\/LS-TI%CC%87PI%CC%87-BEYAZ-SPI%CC%87RALLI%CC%87-LAVABO-SI%CC%87FON-HORTUMU-ORTA-1.jpg?fit=640%2C480&ssl=1&resize=350%2C200","width":350,"height":200,"srcset":"https:\/\/i0.wp.com\/tuzlahortum.com.tr\/wp-content\/uploads\/urunler\/plastik\/LS-TI%CC%87PI%CC%87-BEYAZ-SPI%CC%87RALLI%CC%87-LAVABO-SI%CC%87FON-HORTUMU-ORTA-1.jpg?fit=640%2C480&ssl=1&resize=350%2C200 1x, https:\/\/i0.wp.com\/tuzlahortum.com.tr\/wp-content\/uploads\/urunler\/plastik\/LS-TI%CC%87PI%CC%87-BEYAZ-SPI%CC%87RALLI%CC%87-LAVABO-SI%CC%87FON-HORTUMU-ORTA-1.jpg?fit=640%2C480&ssl=1&resize=525%2C300 1.5x"},"classes":[]},{"id":863,"url":"https:\/\/tuzlahortum.com.tr\/ar\/product\/lls-tipi-seffaf-spiralli-lavabo-sifon-hortumu-orta-hizmet\/","url_meta":{"origin":821,"position":1},"title":"LLS \u0646\u0648\u0639 \u0644\u0648\u0644\u0628\u064a\u0629 \u0634\u0641\u0627\u0641\u0629 \u0628\u0627\u0644\u0648\u0639\u0629 \u062e\u0631\u0637\u0648\u0645 \u0633\u064a\u0641\u0648\u0646 (\u0648\u0627\u062c\u0628 \u0645\u062a\u0648\u0633\u0637)","author":"admin","date":"6 \u0641\u0628\u0631\u0627\u064a\u0631 2019","format":false,"excerpt":"LLS Tipi \u015eeffaf Spiralli Lavabo Sifon Hortumu (ORTA H\u0130ZMET)LS ve LLS Tipi hortumlar\u0131n i\u00e7 y\u00fczeyinin d\u00fczg\u00fcn olu\u015fu su ak\u0131\u015f\u0131n\u0131 kolayla\u015ft\u0131ran en \u00f6nemli \u00f6zelli\u011fidir. \u00d6zellikler Verici olarak kullan\u0131labilir. Esnek \u015feffaf PVC, y\u00fcksek mukavemetli, k\u0131r\u0131lmaya kar\u015f\u0131 maksimum dayan\u0131kl\u0131 sert PVC takviyesiyle \u00fcretilmektedir. \u0130\u00e7 y\u00fczey d\u00fcz, d\u0131\u015f y\u00fczey bo\u011fumludur. \u00c7al\u0131\u015fma S\u0131cakl\u0131\u011f\u0131 -5\u00b0C ile\u2026","rel":"","context":"\u062a\u062f\u0648\u064a\u0646\u0629 \u0645\u0634\u0627\u0628\u0647\u0629","block_context":{"text":"\u062a\u062f\u0648\u064a\u0646\u0629 \u0645\u0634\u0627\u0628\u0647\u0629","link":""},"img":{"alt_text":"","src":"https:\/\/i0.wp.com\/tuzlahortum.com.tr\/wp-content\/uploads\/urunler\/plastik\/LLS-TI%CC%87PI%CC%87-S%CC%A7EFFAF-SPI%CC%87RALLI%CC%87-LAVABO-SI%CC%87FON-HORTUMU-ORTA-1.jpg?fit=640%2C480&ssl=1&resize=350%2C200","width":350,"height":200,"srcset":"https:\/\/i0.wp.com\/tuzlahortum.com.tr\/wp-content\/uploads\/urunler\/plastik\/LLS-TI%CC%87PI%CC%87-S%CC%A7EFFAF-SPI%CC%87RALLI%CC%87-LAVABO-SI%CC%87FON-HORTUMU-ORTA-1.jpg?fit=640%2C480&ssl=1&resize=350%2C200 1x, https:\/\/i0.wp.com\/tuzlahortum.com.tr\/wp-content\/uploads\/urunler\/plastik\/LLS-TI%CC%87PI%CC%87-S%CC%A7EFFAF-SPI%CC%87RALLI%CC%87-LAVABO-SI%CC%87FON-HORTUMU-ORTA-1.jpg?fit=640%2C480&ssl=1&resize=525%2C300 1.5x"},"classes":[]},{"id":864,"url":"https:\/\/tuzlahortum.com.tr\/ar\/product\/lls-tipi-seffaf-spiralli-lavabo-sifon-hortumu-standart\/","url_meta":{"origin":821,"position":2},"title":"LLS \u0646\u0648\u0639 \u0634\u0641\u0627\u0641 \u0644\u0648\u0644\u0628\u064a\u0629 \u062e\u0631\u0637\u0648\u0645 \u0633\u064a\u0641\u0648\u0646 \u0628\u0627\u0644\u0648\u0639\u0629 (\u0642\u064a\u0627\u0633\u064a)","author":"admin","date":"6 \u0641\u0628\u0631\u0627\u064a\u0631 2019","format":false,"excerpt":"LLS Tipi \u015eeffaf Spiralli Lavabo Sifon Hortumu (STANDART)LS ve LLS Tipi hortumlar\u0131n i\u00e7 y\u00fczeyinin d\u00fczg\u00fcn olu\u015fu su ak\u0131\u015f\u0131n\u0131 kolayla\u015ft\u0131ran en \u00f6nemli \u00f6zelli\u011fidir. \u00d6zellikler Verici olarak kullan\u0131labilir. Esnek \u015feffaf PVC, y\u00fcksek mukavemetli, k\u0131r\u0131lmaya kar\u015f\u0131 maksimum dayan\u0131kl\u0131 sert PVC takviyesiyle \u00fcretilmektedir. \u0130\u00e7 y\u00fczey d\u00fcz, d\u0131\u015f y\u00fczey bo\u011fumludur. \u00c7al\u0131\u015fma S\u0131cakl\u0131\u011f\u0131 -5\u00b0C ile +60\u00b0C\u2026","rel":"","context":"\u062a\u062f\u0648\u064a\u0646\u0629 \u0645\u0634\u0627\u0628\u0647\u0629","block_context":{"text":"\u062a\u062f\u0648\u064a\u0646\u0629 \u0645\u0634\u0627\u0628\u0647\u0629","link":""},"img":{"alt_text":"","src":"https:\/\/i0.wp.com\/tuzlahortum.com.tr\/wp-content\/uploads\/urunler\/plastik\/LLS-TI%CC%87PI%CC%87-S%CC%A7EFFAF-SPI%CC%87RALLI%CC%87-LAVABO-SI%CC%87FON-HORTUMU-ORTA-1.jpg?fit=640%2C480&ssl=1&resize=350%2C200","width":350,"height":200,"srcset":"https:\/\/i0.wp.com\/tuzlahortum.com.tr\/wp-content\/uploads\/urunler\/plastik\/LLS-TI%CC%87PI%CC%87-S%CC%A7EFFAF-SPI%CC%87RALLI%CC%87-LAVABO-SI%CC%87FON-HORTUMU-ORTA-1.jpg?fit=640%2C480&ssl=1&resize=350%2C200 1x, https:\/\/i0.wp.com\/tuzlahortum.com.tr\/wp-content\/uploads\/urunler\/plastik\/LLS-TI%CC%87PI%CC%87-S%CC%A7EFFAF-SPI%CC%87RALLI%CC%87-LAVABO-SI%CC%87FON-HORTUMU-ORTA-1.jpg?fit=640%2C480&ssl=1&resize=525%2C300 1.5x"},"classes":[]},{"id":822,"url":"https:\/\/tuzlahortum.com.tr\/ar\/product\/ls-tipi-beyaz-spiralli-klima-hortumu\/","url_meta":{"origin":821,"position":3},"title":"LS \u0646\u0648\u0639 \u062e\u0631\u0637\u0648\u0645 \u0645\u0643\u064a\u0641 \u0627\u0644\u0647\u0648\u0627\u0621 \u0627\u0644\u062d\u0644\u0632\u0648\u0646\u064a \u0627\u0644\u0623\u0628\u064a\u0636","author":"admin","date":"6 \u0641\u0628\u0631\u0627\u064a\u0631 2019","format":false,"excerpt":"LS Tipi Beyaz Spiralli Klima Hortumu\u00d6zellikler Verici olarak kullan\u0131labilir. Esnek \u015feffaf PVC, y\u00fcksek mukavemetli, k\u0131r\u0131lmaya kar\u015f\u0131 maksimum dayan\u0131kl\u0131 sert PVC takviyesiyle \u00fcretilmektedir. \u0130\u00e7 y\u00fczey d\u00fcz, d\u0131\u015f y\u00fczey bo\u011fumludur. \u00c7al\u0131\u015fma S\u0131cakl\u0131\u011f\u0131 -5\u00b0C ile +60\u00b0C aras\u0131 Kullan\u0131m Alanlar\u0131 Klima ve so\u011futucularda su tahliye i\u015flerinde kullan\u0131l\u0131r.","rel":"","context":"\u062a\u062f\u0648\u064a\u0646\u0629 \u0645\u0634\u0627\u0628\u0647\u0629","block_context":{"text":"\u062a\u062f\u0648\u064a\u0646\u0629 \u0645\u0634\u0627\u0628\u0647\u0629","link":""},"img":{"alt_text":"","src":"https:\/\/i0.wp.com\/tuzlahortum.com.tr\/wp-content\/uploads\/urunler\/plastik\/LS-TI%CC%87PI%CC%87-BEYAZ-SPI%CC%87RAL-KLI%CC%87MA-HORTUMU-1.jpg?fit=640%2C480&ssl=1&resize=350%2C200","width":350,"height":200,"srcset":"https:\/\/i0.wp.com\/tuzlahortum.com.tr\/wp-content\/uploads\/urunler\/plastik\/LS-TI%CC%87PI%CC%87-BEYAZ-SPI%CC%87RAL-KLI%CC%87MA-HORTUMU-1.jpg?fit=640%2C480&ssl=1&resize=350%2C200 1x, https:\/\/i0.wp.com\/tuzlahortum.com.tr\/wp-content\/uploads\/urunler\/plastik\/LS-TI%CC%87PI%CC%87-BEYAZ-SPI%CC%87RAL-KLI%CC%87MA-HORTUMU-1.jpg?fit=640%2C480&ssl=1&resize=525%2C300 1.5x"},"classes":[]},{"id":866,"url":"https:\/\/tuzlahortum.com.tr\/ar\/product\/te-tipi-gri-toz-emis-hortumu-orta-hizmet\/","url_meta":{"origin":821,"position":4},"title":"\u062e\u0631\u0637\u0648\u0645 \u0634\u0641\u0637 \u0627\u0644\u063a\u0628\u0627\u0631 \u0627\u0644\u0631\u0645\u0627\u062f\u064a \u0645\u0646 \u0646\u0648\u0639 TE (\u0648\u0627\u062c\u0628 \u0645\u062a\u0648\u0633\u0637)","author":"admin","date":"6 \u0641\u0628\u0631\u0627\u064a\u0631 2019","format":false,"excerpt":"TE Tipi Gri Toz Emi\u015f Hortumu (ORTA H\u0130ZMET)\u00d6zellikler Verici olarak kullan\u0131labilir. Esnek \u015feffaf PVC, y\u00fcksek mukavemetli, k\u0131r\u0131lmaya kar\u015f\u0131 maksimum dayan\u0131kl\u0131 sert PVC takviyesiyle \u00fcretilmektedir. \u0130\u00e7 y\u00fczey d\u00fcz, d\u0131\u015f y\u00fczey bo\u011fumludur. \u00c7al\u0131\u015fma S\u0131cakl\u0131\u011f\u0131 -5\u00b0C ile +60\u00b0C aras\u0131 Kullan\u0131m Alanlar\u0131 Her t\u00fcrl\u00fc hava, duman, gaz, tala\u015f vb. emme i\u015flerinde \u00f6zellikle tekstil ve\u2026","rel":"","context":"\u062a\u062f\u0648\u064a\u0646\u0629 \u0645\u0634\u0627\u0628\u0647\u0629","block_context":{"text":"\u062a\u062f\u0648\u064a\u0646\u0629 \u0645\u0634\u0627\u0628\u0647\u0629","link":""},"img":{"alt_text":"","src":"https:\/\/i0.wp.com\/tuzlahortum.com.tr\/wp-content\/uploads\/urunler\/plastik\/19.jpg?fit=588%2C373&ssl=1&resize=350%2C200","width":350,"height":200,"srcset":"https:\/\/i0.wp.com\/tuzlahortum.com.tr\/wp-content\/uploads\/urunler\/plastik\/19.jpg?fit=588%2C373&ssl=1&resize=350%2C200 1x, https:\/\/i0.wp.com\/tuzlahortum.com.tr\/wp-content\/uploads\/urunler\/plastik\/19.jpg?fit=588%2C373&ssl=1&resize=525%2C300 1.5x"},"classes":[]},{"id":865,"url":"https:\/\/tuzlahortum.com.tr\/ar\/product\/v-tipi-sari-verici-hortum-orta-hizmet\/","url_meta":{"origin":821,"position":5},"title":"\u062e\u0631\u0637\u0648\u0645 \u0627\u0644\u0625\u0631\u0633\u0627\u0644 \u0627\u0644\u0623\u0635\u0641\u0631 \u0645\u0646 \u0627\u0644\u0646\u0648\u0639 V (\u0631\u0633\u0648\u0645 \u0645\u062a\u0648\u0633\u0637\u0629)","author":"admin","date":"6 \u0641\u0628\u0631\u0627\u064a\u0631 2019","format":false,"excerpt":"V Tipi Sar\u0131 Verici Hortum (ORTA H\u0130ZMET)\u00d6zellikler Verici olarak kullan\u0131labilir. Esnek \u015feffaf PVC, y\u00fcksek mukavemetli, k\u0131r\u0131lmaya kar\u015f\u0131 maksimum dayan\u0131kl\u0131 sert PVC takviyesiyle \u00fcretilmektedir. \u0130\u00e7 ve d\u0131\u015f y\u00fczeyler d\u00fczd\u00fcr. \u00c7al\u0131\u015fma S\u0131cakl\u0131\u011f\u0131 -5\u00b0C ile +60\u00b0C aras\u0131 Kullan\u0131m Alanlar\u0131 Tar\u0131m, sanayi ve in\u015faat sekt\u00f6r\u00fcnde her t\u00fcrl\u00fc orta hizmetlerde, pompa emi\u015flerinde, likit ve sair\u2026","rel":"","context":"\u062a\u062f\u0648\u064a\u0646\u0629 \u0645\u0634\u0627\u0628\u0647\u0629","block_context":{"text":"\u062a\u062f\u0648\u064a\u0646\u0629 \u0645\u0634\u0627\u0628\u0647\u0629","link":""},"img":{"alt_text":"","src":"https:\/\/i0.wp.com\/tuzlahortum.com.tr\/wp-content\/uploads\/urunler\/plastik\/39.jpg?fit=456%2C232&ssl=1&resize=350%2C200","width":350,"height":200},"classes":[]}],"jetpack_sharing_enabled":true,"jetpack_likes_enabled":true,"_links":{"self":[{"href":"https:\/\/tuzlahortum.com.tr\/ar\/wp-json\/wp\/v2\/product\/821","targetHints":{"allow":["GET"]}}],"collection":[{"href":"https:\/\/tuzlahortum.com.tr\/ar\/wp-json\/wp\/v2\/product"}],"about":[{"href":"https:\/\/tuzlahortum.com.tr\/ar\/wp-json\/wp\/v2\/types\/product"}],"replies":[{"embeddable":true,"href":"https:\/\/tuzlahortum.com.tr\/ar\/wp-json\/wp\/v2\/comments?post=821"}],"wp:featuredmedia":[{"embeddable":true,"href":"https:\/\/tuzlahortum.com.tr\/ar\/wp-json\/wp\/v2\/media\/2009"}],"wp:attachment":[{"href":"https:\/\/tuzlahortum.com.tr\/ar\/wp-json\/wp\/v2\/media?parent=821"}],"wp:term":[{"taxonomy":"product_brand","embeddable":true,"href":"https:\/\/tuzlahortum.com.tr\/ar\/wp-json\/wp\/v2\/product_brand?post=821"},{"taxonomy":"product_cat","embeddable":true,"href":"https:\/\/tuzlahortum.com.tr\/ar\/wp-json\/wp\/v2\/product_cat?post=821"},{"taxonomy":"product_tag","embeddable":true,"href":"https:\/\/tuzlahortum.com.tr\/ar\/wp-json\/wp\/v2\/product_tag?post=821"}],"curies":[{"name":"\u062f\u0628\u0644\u064a\u0648 \u0628\u064a","href":"https:\/\/api.w.org\/{rel}","templated":true}]}}