{"id":819,"date":"2019-02-06T23:54:28","date_gmt":"2019-02-06T20:54:28","guid":{"rendered":"http:\/\/hortum.com.tr\/product\/import-placeholder-for-148\/"},"modified":"2024-03-21T17:42:01","modified_gmt":"2024-03-21T14:42:01","slug":"plastik-hortum-ekleme","status":"publish","type":"product","link":"https:\/\/tuzlahortum.com.tr\/ar\/product\/plastik-hortum-ekleme\/","title":{"rendered":"\u0645\u0631\u0641\u0642 \u062e\u0631\u0637\u0648\u0645 \u0628\u0644\u0627\u0633\u062a\u064a\u0643"},"content":{"rendered":"<h2>\u0645\u0631\u0641\u0642 \u062e\u0631\u0637\u0648\u0645 \u0628\u0644\u0627\u0633\u062a\u064a\u0643<\/h2>","protected":false},"excerpt":{"rendered":"<p>\u0645\u0631\u0641\u0642 \u062e\u0631\u0637\u0648\u0645 \u0628\u0644\u0627\u0633\u062a\u064a\u0643<\/p>","protected":false},"featured_media":1376,"comment_status":"open","ping_status":"closed","template":"","meta":{"jetpack_post_was_ever_published":false},"product_brand":[],"product_cat":[101],"product_tag":[1030,1031,290,945,1032],"class_list":{"0":"post-819","1":"product","2":"type-product","3":"status-publish","4":"has-post-thumbnail","6":"product_cat-plastik-ek","7":"product_tag-ek","8":"product_tag-ekleme","9":"product_tag-hortum","10":"product_tag-plastik","11":"product_tag-plastik-hortum-ek","13":"first","14":"instock","15":"taxable","16":"shipping-taxable","17":"product-type-variable"},"jetpack-related-posts":[{"id":13228,"url":"https:\/\/tuzlahortum.com.tr\/ar\/product\/flow-luks-jak-1-2-hortum-ekleme\/","url_meta":{"origin":819,"position":0},"title":"\u062c\u0627\u0643 \u0627\u0644\u062a\u062f\u0641\u0642 \u0627\u0644\u0641\u0627\u062e\u0631 - \u0625\u0636\u0627\u0641\u0629 \u062e\u0631\u0637\u0648\u0645 1\/2","author":"admin","date":"28 \u0645\u0627\u0631\u0633 2024","format":false,"excerpt":"FLOW L\u00dcKS JAK - 1\/2 HORTUM EKLEME FLOW L\u00dcKS JAK - 1\/2\" Hortum Eklemesi, bah\u00e7e sulama sistemlerinizdeki uyumluluk sorunlar\u0131n\u0131 \u00e7\u00f6zmek ve su ak\u0131\u015f\u0131n\u0131 daha etkili bir \u015fekilde y\u00f6nlendirmek i\u00e7in tasarlanm\u0131\u015ft\u0131r. \u00d6zellikler: 1. **Dayan\u0131kl\u0131 Malzeme**: Y\u00fcksek kaliteli malzemeden \u00fcretilmi\u015ftir ve uzun \u00f6m\u00fcrl\u00fc kullan\u0131m i\u00e7in dayan\u0131kl\u0131 bir yap\u0131ya sahiptir. Paslanmaz \u00e7elik veya\u2026","rel":"","context":"\u062a\u062f\u0648\u064a\u0646\u0629 \u0645\u0634\u0627\u0628\u0647\u0629","block_context":{"text":"\u062a\u062f\u0648\u064a\u0646\u0629 \u0645\u0634\u0627\u0628\u0647\u0629","link":""},"img":{"alt_text":"","src":"https:\/\/i0.wp.com\/tuzlahortum.com.tr\/wp-content\/uploads\/2024\/03\/jak_luks_hortum_ekleme_2.jpg?fit=800%2C800&ssl=1&resize=350%2C200","width":350,"height":200,"srcset":"https:\/\/i0.wp.com\/tuzlahortum.com.tr\/wp-content\/uploads\/2024\/03\/jak_luks_hortum_ekleme_2.jpg?fit=800%2C800&ssl=1&resize=350%2C200 1x, https:\/\/i0.wp.com\/tuzlahortum.com.tr\/wp-content\/uploads\/2024\/03\/jak_luks_hortum_ekleme_2.jpg?fit=800%2C800&ssl=1&resize=525%2C300 1.5x, https:\/\/i0.wp.com\/tuzlahortum.com.tr\/wp-content\/uploads\/2024\/03\/jak_luks_hortum_ekleme_2.jpg?fit=800%2C800&ssl=1&resize=700%2C400 2x"},"classes":[]},{"id":13236,"url":"https:\/\/tuzlahortum.com.tr\/ar\/product\/flow-eko-jak-3-4-hortum-ekleme\/","url_meta":{"origin":819,"position":1},"title":"\u0645\u0642\u0628\u0633 \u062a\u062f\u0641\u0642 \u0635\u062f\u064a\u0642 \u0644\u0644\u0628\u064a\u0626\u0629 3\/4 \u0625\u0636\u0627\u0641\u0629 \u062e\u0631\u0637\u0648\u0645","author":"admin","date":"28 \u0645\u0627\u0631\u0633 2024","format":false,"excerpt":"FLOW EKO JAK 3\/4 HORTUM EKLEME FLOW EKO JAK 3\/4 Hortum Eklemesi, bah\u00e7e sulama sistemlerinizde kullan\u0131m\u0131 kolay ve verimli bir ba\u011flant\u0131 sa\u011flar. \u00d6zellikler: Evrensel Uyumluluk: Bu hortum eklemesi, \u00e7o\u011fu standart bah\u00e7e sulama ekipman\u0131yla uyumlu olarak tasarlanm\u0131\u015ft\u0131r. Farkl\u0131 \u00e7aplardaki hortumlar\u0131 birle\u015ftirmek i\u00e7in idealdir ve geni\u015f bir uyumluluk sa\u011flar. Dayan\u0131kl\u0131 Malzeme: Y\u00fcksek\u2026","rel":"","context":"\u062a\u062f\u0648\u064a\u0646\u0629 \u0645\u0634\u0627\u0628\u0647\u0629","block_context":{"text":"\u062a\u062f\u0648\u064a\u0646\u0629 \u0645\u0634\u0627\u0628\u0647\u0629","link":""},"img":{"alt_text":"","src":"https:\/\/i0.wp.com\/tuzlahortum.com.tr\/wp-content\/uploads\/2024\/03\/jak_eko_hortum_ekleme_2.jpg?fit=800%2C800&ssl=1&resize=350%2C200","width":350,"height":200,"srcset":"https:\/\/i0.wp.com\/tuzlahortum.com.tr\/wp-content\/uploads\/2024\/03\/jak_eko_hortum_ekleme_2.jpg?fit=800%2C800&ssl=1&resize=350%2C200 1x, https:\/\/i0.wp.com\/tuzlahortum.com.tr\/wp-content\/uploads\/2024\/03\/jak_eko_hortum_ekleme_2.jpg?fit=800%2C800&ssl=1&resize=525%2C300 1.5x, https:\/\/i0.wp.com\/tuzlahortum.com.tr\/wp-content\/uploads\/2024\/03\/jak_eko_hortum_ekleme_2.jpg?fit=800%2C800&ssl=1&resize=700%2C400 2x"},"classes":[]},{"id":13237,"url":"https:\/\/tuzlahortum.com.tr\/ar\/product\/flow-eko-jak-1-2-hortum-ekleme\/","url_meta":{"origin":819,"position":2},"title":"\u0645\u0642\u0628\u0633 \u062a\u062f\u0641\u0642 \u0635\u062f\u064a\u0642 \u0644\u0644\u0628\u064a\u0626\u0629 1\/2 \u0625\u0636\u0627\u0641\u0629 \u062e\u0631\u0637\u0648\u0645","author":"admin","date":"28 \u0645\u0627\u0631\u0633 2024","format":false,"excerpt":"FLOW EKO JAK 1\/2 HORTUM EKLEME FLOW EKO JAK 1\/2 Hortum Eklemesi, bah\u00e7e sulama sistemlerinizde kullan\u0131m\u0131 kolay ve g\u00fcvenilir bir ba\u011flant\u0131 sa\u011flar. \u00d6zellikler: Evrensel Uyumluluk: Bu hortum eklemesi, \u00e7o\u011fu standart bah\u00e7e sulama ekipman\u0131yla uyumlu olarak tasarlanm\u0131\u015ft\u0131r. Farkl\u0131 \u00e7aplardaki hortumlar\u0131 birle\u015ftirmek i\u00e7in idealdir ve geni\u015f bir uyumluluk sa\u011flar. Dayan\u0131kl\u0131 Malzeme: Y\u00fcksek\u2026","rel":"","context":"\u062a\u062f\u0648\u064a\u0646\u0629 \u0645\u0634\u0627\u0628\u0647\u0629","block_context":{"text":"\u062a\u062f\u0648\u064a\u0646\u0629 \u0645\u0634\u0627\u0628\u0647\u0629","link":""},"img":{"alt_text":"","src":"https:\/\/i0.wp.com\/tuzlahortum.com.tr\/wp-content\/uploads\/2024\/03\/jak_eko_hortum_ekleme_2.jpg?fit=800%2C800&ssl=1&resize=350%2C200","width":350,"height":200,"srcset":"https:\/\/i0.wp.com\/tuzlahortum.com.tr\/wp-content\/uploads\/2024\/03\/jak_eko_hortum_ekleme_2.jpg?fit=800%2C800&ssl=1&resize=350%2C200 1x, https:\/\/i0.wp.com\/tuzlahortum.com.tr\/wp-content\/uploads\/2024\/03\/jak_eko_hortum_ekleme_2.jpg?fit=800%2C800&ssl=1&resize=525%2C300 1.5x, https:\/\/i0.wp.com\/tuzlahortum.com.tr\/wp-content\/uploads\/2024\/03\/jak_eko_hortum_ekleme_2.jpg?fit=800%2C800&ssl=1&resize=700%2C400 2x"},"classes":[]},{"id":607,"url":"https:\/\/tuzlahortum.com.tr\/ar\/product\/sari-hortum-ekleme\/","url_meta":{"origin":819,"position":3},"title":"\u0645\u0631\u0641\u0642 \u062e\u0631\u0637\u0648\u0645 \u0623\u0635\u0641\u0631","author":"admin","date":"6 \u0641\u0628\u0631\u0627\u064a\u0631 2019","format":false,"excerpt":"\u0645\u0631\u0641\u0642 \u062e\u0631\u0637\u0648\u0645 \u0623\u0635\u0641\u0631","rel":"","context":"\u062a\u062f\u0648\u064a\u0646\u0629 \u0645\u0634\u0627\u0628\u0647\u0629","block_context":{"text":"\u062a\u062f\u0648\u064a\u0646\u0629 \u0645\u0634\u0627\u0628\u0647\u0629","link":""},"img":{"alt_text":"","src":"https:\/\/i0.wp.com\/tuzlahortum.com.tr\/wp-content\/uploads\/2019\/02\/sarihortumek-300x300.jpg?fit=300%2C300&ssl=1&resize=350%2C200","width":350,"height":200},"classes":[]},{"id":625,"url":"https:\/\/tuzlahortum.com.tr\/ar\/product\/galvaniz-demir-hortum-ekleme-rekoru\/","url_meta":{"origin":819,"position":4},"title":"\u0627\u062a\u062d\u0627\u062f \u062a\u0631\u0643\u064a\u0628 \u062e\u0631\u0637\u0648\u0645 \u0627\u0644\u062d\u062f\u064a\u062f \u0627\u0644\u0645\u062c\u0644\u0641\u0646","author":"admin","date":"6 \u0641\u0628\u0631\u0627\u064a\u0631 2019","format":false,"excerpt":"\u0627\u062a\u062d\u0627\u062f \u062a\u0631\u0643\u064a\u0628 \u062e\u0631\u0637\u0648\u0645 \u0627\u0644\u062d\u062f\u064a\u062f \u0627\u0644\u0645\u062c\u0644\u0641\u0646","rel":"","context":"\u062a\u062f\u0648\u064a\u0646\u0629 \u0645\u0634\u0627\u0628\u0647\u0629","block_context":{"text":"\u062a\u062f\u0648\u064a\u0646\u0629 \u0645\u0634\u0627\u0628\u0647\u0629","link":""},"img":{"alt_text":"","src":"https:\/\/i0.wp.com\/tuzlahortum.com.tr\/wp-content\/uploads\/2019\/02\/Galvaniz-Demir-Hortum-Ekleme-Rekoru-300x300.jpg?fit=300%2C300&ssl=1&resize=350%2C200","width":350,"height":200},"classes":[]},{"id":13246,"url":"https:\/\/tuzlahortum.com.tr\/ar\/product\/flow-luks-jak-3-4-hortum-ekleme\/","url_meta":{"origin":819,"position":5},"title":"\u0645\u0642\u0628\u0633 \u0627\u0644\u062a\u062f\u0641\u0642 \u0627\u0644\u0641\u0627\u062e\u0631 3\/4 \u0625\u0636\u0627\u0641\u0629 \u062e\u0631\u0637\u0648\u0645","author":"admin","date":"28 \u0645\u0627\u0631\u0633 2024","format":false,"excerpt":"FLOW L\u00dcKS JAK 3\/4 HORTUM EKLEME Bah\u00e7e sulama ekipmanlar\u0131n\u0131z aras\u0131ndaki uyumu sa\u011flamak i\u00e7in tasarlanan FLOW L\u00dcKS JAK 3\/4 Hortum Ekleme, sulama i\u015flerinizi daha kolay ve verimli hale getirir. \u00d6zellikler: Evrensel Uyumluluk: Bu jak, 3\/4\" \u00e7ap\u0131ndaki hortumlarla uyumludur ve farkl\u0131 sulama ekipmanlar\u0131n\u0131 birbirine ba\u011flaman\u0131z\u0131 sa\u011flar. Bah\u00e7enizdeki sulama sistemlerinin sorunsuz \u00e7al\u0131\u015fmas\u0131n\u0131 sa\u011flar.\u2026","rel":"","context":"\u062a\u062f\u0648\u064a\u0646\u0629 \u0645\u0634\u0627\u0628\u0647\u0629","block_context":{"text":"\u062a\u062f\u0648\u064a\u0646\u0629 \u0645\u0634\u0627\u0628\u0647\u0629","link":""},"img":{"alt_text":"","src":"https:\/\/i0.wp.com\/tuzlahortum.com.tr\/wp-content\/uploads\/2024\/03\/jak_luks_hortum_ekleme_2.jpg?fit=800%2C800&ssl=1&resize=350%2C200","width":350,"height":200,"srcset":"https:\/\/i0.wp.com\/tuzlahortum.com.tr\/wp-content\/uploads\/2024\/03\/jak_luks_hortum_ekleme_2.jpg?fit=800%2C800&ssl=1&resize=350%2C200 1x, https:\/\/i0.wp.com\/tuzlahortum.com.tr\/wp-content\/uploads\/2024\/03\/jak_luks_hortum_ekleme_2.jpg?fit=800%2C800&ssl=1&resize=525%2C300 1.5x, https:\/\/i0.wp.com\/tuzlahortum.com.tr\/wp-content\/uploads\/2024\/03\/jak_luks_hortum_ekleme_2.jpg?fit=800%2C800&ssl=1&resize=700%2C400 2x"},"classes":[]}],"jetpack_sharing_enabled":true,"jetpack_likes_enabled":true,"_links":{"self":[{"href":"https:\/\/tuzlahortum.com.tr\/ar\/wp-json\/wp\/v2\/product\/819","targetHints":{"allow":["GET"]}}],"collection":[{"href":"https:\/\/tuzlahortum.com.tr\/ar\/wp-json\/wp\/v2\/product"}],"about":[{"href":"https:\/\/tuzlahortum.com.tr\/ar\/wp-json\/wp\/v2\/types\/product"}],"replies":[{"embeddable":true,"href":"https:\/\/tuzlahortum.com.tr\/ar\/wp-json\/wp\/v2\/comments?post=819"}],"wp:featuredmedia":[{"embeddable":true,"href":"https:\/\/tuzlahortum.com.tr\/ar\/wp-json\/wp\/v2\/media\/1376"}],"wp:attachment":[{"href":"https:\/\/tuzlahortum.com.tr\/ar\/wp-json\/wp\/v2\/media?parent=819"}],"wp:term":[{"taxonomy":"product_brand","embeddable":true,"href":"https:\/\/tuzlahortum.com.tr\/ar\/wp-json\/wp\/v2\/product_brand?post=819"},{"taxonomy":"product_cat","embeddable":true,"href":"https:\/\/tuzlahortum.com.tr\/ar\/wp-json\/wp\/v2\/product_cat?post=819"},{"taxonomy":"product_tag","embeddable":true,"href":"https:\/\/tuzlahortum.com.tr\/ar\/wp-json\/wp\/v2\/product_tag?post=819"}],"curies":[{"name":"\u062f\u0628\u0644\u064a\u0648 \u0628\u064a","href":"https:\/\/api.w.org\/{rel}","templated":true}]}}