{"id":818,"date":"2019-02-06T23:54:08","date_gmt":"2019-02-06T20:54:08","guid":{"rendered":"http:\/\/hortum.com.tr\/product\/import-placeholder-for-149\/"},"modified":"2024-03-21T17:42:02","modified_gmt":"2024-03-21T14:42:02","slug":"plastik-hortum-te","status":"publish","type":"product","link":"https:\/\/tuzlahortum.com.tr\/ar\/product\/plastik-hortum-te\/","title":{"rendered":"\u062e\u0631\u0637\u0648\u0645 \u0628\u0644\u0627\u0633\u062a\u064a\u0643"},"content":{"rendered":"<h2>\u062e\u0631\u0637\u0648\u0645 \u0628\u0644\u0627\u0633\u062a\u064a\u0643<\/h2>","protected":false},"excerpt":{"rendered":"<p>\u062e\u0631\u0637\u0648\u0645 \u0628\u0644\u0627\u0633\u062a\u064a\u0643<\/p>","protected":false},"featured_media":1375,"comment_status":"open","ping_status":"closed","template":"","meta":{"jetpack_post_was_ever_published":false},"product_brand":[],"product_cat":[101],"product_tag":[290,945,1029,1028],"class_list":{"0":"post-818","1":"product","2":"type-product","3":"status-publish","4":"has-post-thumbnail","6":"product_cat-plastik-ek","7":"product_tag-hortum","8":"product_tag-plastik","9":"product_tag-plastik-hortum-te","10":"product_tag-te","12":"first","13":"instock","14":"taxable","15":"shipping-taxable","16":"product-type-variable"},"jetpack-related-posts":[{"id":819,"url":"https:\/\/tuzlahortum.com.tr\/ar\/product\/plastik-hortum-ekleme\/","url_meta":{"origin":818,"position":0},"title":"\u0645\u0631\u0641\u0642 \u062e\u0631\u0637\u0648\u0645 \u0628\u0644\u0627\u0633\u062a\u064a\u0643","author":"admin","date":"6 \u0641\u0628\u0631\u0627\u064a\u0631 2019","format":false,"excerpt":"\u0645\u0631\u0641\u0642 \u062e\u0631\u0637\u0648\u0645 \u0628\u0644\u0627\u0633\u062a\u064a\u0643","rel":"","context":"\u062a\u062f\u0648\u064a\u0646\u0629 \u0645\u0634\u0627\u0628\u0647\u0629","block_context":{"text":"\u062a\u062f\u0648\u064a\u0646\u0629 \u0645\u0634\u0627\u0628\u0647\u0629","link":""},"img":{"alt_text":"","src":"https:\/\/i0.wp.com\/tuzlahortum.com.tr\/wp-content\/uploads\/2019\/02\/PLAST%C4%B0K-HORTUM-EKLEME-300x300.jpg?fit=300%2C300&ssl=1&resize=350%2C200","width":350,"height":200},"classes":[]},{"id":608,"url":"https:\/\/tuzlahortum.com.tr\/ar\/product\/sari-hortum-te\/","url_meta":{"origin":818,"position":1},"title":"\u062e\u0631\u0637\u0648\u0645 \u0623\u0635\u0641\u0631 \u062a\u064a \u0634\u064a\u0631\u062a","author":"admin","date":"6 \u0641\u0628\u0631\u0627\u064a\u0631 2019","format":false,"excerpt":"\u062e\u0631\u0637\u0648\u0645 \u0623\u0635\u0641\u0631 \u062a\u064a \u0634\u064a\u0631\u062a","rel":"","context":"\u062a\u062f\u0648\u064a\u0646\u0629 \u0645\u0634\u0627\u0628\u0647\u0629","block_context":{"text":"\u062a\u062f\u0648\u064a\u0646\u0629 \u0645\u0634\u0627\u0628\u0647\u0629","link":""},"img":{"alt_text":"","src":"https:\/\/i0.wp.com\/tuzlahortum.com.tr\/wp-content\/uploads\/2019\/02\/sarihortumte-300x300.jpg?fit=300%2C300&ssl=1&resize=350%2C200","width":350,"height":200},"classes":[]},{"id":931,"url":"https:\/\/tuzlahortum.com.tr\/ar\/product\/band-buckle-kelepce\/","url_meta":{"origin":818,"position":2},"title":"\u0645\u0634\u0628\u0643 \u062d\u0632\u0627\u0645 \u0648\u0645\u0634\u0628\u0643","author":"admin","date":"6 \u0641\u0628\u0631\u0627\u064a\u0631 2019","format":false,"excerpt":"Band & Buckle Kelep\u00e7eBand & Buckle paslanmaz \u00e7elik serbest boy kelep\u00e7e modelleri standartlar\u0131n \u00fczerindeki \u00e7aplarda s\u0131zd\u0131rmazl\u0131k ve sabitleme ama\u00e7l\u0131 tasarlanm\u0131\u015flard\u0131r. Bu serbest boy kelep\u00e7elerin korozyon diren\u00e7leri y\u00fcksektir. DIN 1.4301 (AISI 304) malzemeden \u00fcretilmektedir. \u0130stenilen \u00e7ap i\u00e7in uygulanmas\u0131 olduk\u00e7a basit olan bu serbest boy paslanmaz hortum kelep\u00e7esi modelleri bir s\u0131kma aparat\u0131\u2026","rel":"","context":"\u062a\u062f\u0648\u064a\u0646\u0629 \u0645\u0634\u0627\u0628\u0647\u0629","block_context":{"text":"\u062a\u062f\u0648\u064a\u0646\u0629 \u0645\u0634\u0627\u0628\u0647\u0629","link":""},"img":{"alt_text":"","src":"https:\/\/i0.wp.com\/tuzlahortum.com.tr\/wp-content\/uploads\/urunler\/kelepceler\/bandbucklekelepce.jpg?fit=500%2C350&ssl=1&resize=350%2C200","width":350,"height":200},"classes":[]},{"id":13224,"url":"https:\/\/tuzlahortum.com.tr\/ar\/product\/flow-plastik-hortum-askisi\/","url_meta":{"origin":818,"position":3},"title":"\u0634\u0645\u0627\u0639\u0629 \u062e\u0631\u0637\u0648\u0645 \u0628\u0644\u0627\u0633\u062a\u064a\u0643\u064a\u0629 \u0644\u0644\u062a\u062f\u0641\u0642","author":"admin","date":"28 \u0645\u0627\u0631\u0633 2024","format":false,"excerpt":"FLOW PLAST\u0130K HORTUM ASKISI FLOW Plastik Hortum Ask\u0131s\u0131, bah\u00e7e hortumlar\u0131n\u0131z\u0131 d\u00fczenli tutmak ve saklamak i\u00e7in ideal bir \u00e7\u00f6z\u00fcmd\u00fcr. \u00d6zellikler: Dayan\u0131kl\u0131 Plastik Malzeme: Y\u00fcksek kaliteli plastikten \u00fcretilmi\u015ftir, bu da uzun s\u00fcreli kullan\u0131m i\u00e7in dayan\u0131kl\u0131 ve sa\u011flam bir yap\u0131 sa\u011flar. Kolay Montaj: Basit montaj \u00f6zelli\u011fi sayesinde, duvar veya bah\u00e7e duvarlar\u0131na kolayca monte\u2026","rel":"","context":"\u062a\u062f\u0648\u064a\u0646\u0629 \u0645\u0634\u0627\u0628\u0647\u0629","block_context":{"text":"\u062a\u062f\u0648\u064a\u0646\u0629 \u0645\u0634\u0627\u0628\u0647\u0629","link":""},"img":{"alt_text":"","src":"https:\/\/i0.wp.com\/tuzlahortum.com.tr\/wp-content\/uploads\/2024\/03\/hortum_askisi_1.jpg?fit=800%2C800&ssl=1&resize=350%2C200","width":350,"height":200,"srcset":"https:\/\/i0.wp.com\/tuzlahortum.com.tr\/wp-content\/uploads\/2024\/03\/hortum_askisi_1.jpg?fit=800%2C800&ssl=1&resize=350%2C200 1x, https:\/\/i0.wp.com\/tuzlahortum.com.tr\/wp-content\/uploads\/2024\/03\/hortum_askisi_1.jpg?fit=800%2C800&ssl=1&resize=525%2C300 1.5x, https:\/\/i0.wp.com\/tuzlahortum.com.tr\/wp-content\/uploads\/2024\/03\/hortum_askisi_1.jpg?fit=800%2C800&ssl=1&resize=700%2C400 2x"},"classes":[]},{"id":759,"url":"https:\/\/tuzlahortum.com.tr\/ar\/product\/kraft-hortum\/","url_meta":{"origin":818,"position":4},"title":"\u062e\u0631\u0637\u0648\u0645 \u0643\u0631\u0627\u0641\u062a","author":"admin","date":"6 \u0641\u0628\u0631\u0627\u064a\u0631 2019","format":false,"excerpt":"Kraft HortumKraft hortumlar; otomotiv, tekstil, havaland\u0131rma, dekorasyon alanlar\u0131nda kullan\u0131labilen esnek, pratik ve uygulamas\u0131 kolay estetik bir \u00fcr\u00fcnd\u00fcr. Kraft ka\u011f\u0131d\u0131 ve al\u00fcminyum malzemeden imal edilen \u00fcr\u00fcn\u00fcm\u00fcz\u00a0her t\u00fcrl\u00fc motorlu arac\u0131n havaland\u0131rma sistemlerinde, tekstil, g\u0131da ve matbaa makinelerinde, s\u0131cak veya so\u011fuk havan\u0131n kolay, esnek ta\u015f\u0131nmas\u0131 i\u00e7in kullan\u0131l\u0131r. G\u00f6r\u00fcn\u00fcm olarak\u00a0siyah ve sar\u0131 (kraft) olarak\u2026","rel":"","context":"\u062a\u062f\u0648\u064a\u0646\u0629 \u0645\u0634\u0627\u0628\u0647\u0629","block_context":{"text":"\u062a\u062f\u0648\u064a\u0646\u0629 \u0645\u0634\u0627\u0628\u0647\u0629","link":""},"img":{"alt_text":"Kraft Hortumlar","src":"https:\/\/i0.wp.com\/tuzlahortum.com.tr\/wp-content\/uploads\/2019\/02\/Kraft-Hortumlar1.jpg?fit=1000%2C1000&ssl=1&resize=350%2C200","width":350,"height":200,"srcset":"https:\/\/i0.wp.com\/tuzlahortum.com.tr\/wp-content\/uploads\/2019\/02\/Kraft-Hortumlar1.jpg?fit=1000%2C1000&ssl=1&resize=350%2C200 1x, https:\/\/i0.wp.com\/tuzlahortum.com.tr\/wp-content\/uploads\/2019\/02\/Kraft-Hortumlar1.jpg?fit=1000%2C1000&ssl=1&resize=525%2C300 1.5x, https:\/\/i0.wp.com\/tuzlahortum.com.tr\/wp-content\/uploads\/2019\/02\/Kraft-Hortumlar1.jpg?fit=1000%2C1000&ssl=1&resize=700%2C400 2x"},"classes":[]},{"id":679,"url":"https:\/\/tuzlahortum.com.tr\/ar\/product\/trelleborg-din-3-te\/","url_meta":{"origin":818,"position":5},"title":"Trelleborg DIN 3 TE","author":"admin","date":"6 \u0641\u0628\u0631\u0627\u064a\u0631 2019","format":false,"excerpt":"Trelleborg DIN 3 TEHidrolik kontrol hatlar\u0131 Hidrolik kontrol hatlar\u0131 i\u00e7in tekstil takviyeli kau\u00e7uk hortum. Bas\u0131n\u00e7 alt\u0131ndaki hidrolik s\u0131v\u0131lar, ya\u011f, hava ve suyun tahliyesi. Avantajlar *Tekstil takviyesi sayesinde hafif ve esnektir. *Hidrolik hatlarda tire\u015fimleri engeller. *Hortum kapmalar\u0131 ya\u011f ve grese kar\u015f\u0131 son derece dayan\u0131kl\u0131d\u0131r. Teknik a\u00e7\u0131klama \u0130\u00e7 t\u00fcp :\u00a0ya\u011fa dayan\u0131kl\u0131 NBR,\u2026","rel":"","context":"\u062a\u062f\u0648\u064a\u0646\u0629 \u0645\u0634\u0627\u0628\u0647\u0629","block_context":{"text":"\u062a\u062f\u0648\u064a\u0646\u0629 \u0645\u0634\u0627\u0628\u0647\u0629","link":""},"img":{"alt_text":"","src":"https:\/\/i0.wp.com\/tuzlahortum.com.tr\/wp-content\/uploads\/2019\/02\/DIN-3TE.jpg?fit=800%2C800&ssl=1&resize=350%2C200","width":350,"height":200,"srcset":"https:\/\/i0.wp.com\/tuzlahortum.com.tr\/wp-content\/uploads\/2019\/02\/DIN-3TE.jpg?fit=800%2C800&ssl=1&resize=350%2C200 1x, https:\/\/i0.wp.com\/tuzlahortum.com.tr\/wp-content\/uploads\/2019\/02\/DIN-3TE.jpg?fit=800%2C800&ssl=1&resize=525%2C300 1.5x, https:\/\/i0.wp.com\/tuzlahortum.com.tr\/wp-content\/uploads\/2019\/02\/DIN-3TE.jpg?fit=800%2C800&ssl=1&resize=700%2C400 2x"},"classes":[]}],"jetpack_sharing_enabled":true,"jetpack_likes_enabled":true,"_links":{"self":[{"href":"https:\/\/tuzlahortum.com.tr\/ar\/wp-json\/wp\/v2\/product\/818","targetHints":{"allow":["GET"]}}],"collection":[{"href":"https:\/\/tuzlahortum.com.tr\/ar\/wp-json\/wp\/v2\/product"}],"about":[{"href":"https:\/\/tuzlahortum.com.tr\/ar\/wp-json\/wp\/v2\/types\/product"}],"replies":[{"embeddable":true,"href":"https:\/\/tuzlahortum.com.tr\/ar\/wp-json\/wp\/v2\/comments?post=818"}],"wp:featuredmedia":[{"embeddable":true,"href":"https:\/\/tuzlahortum.com.tr\/ar\/wp-json\/wp\/v2\/media\/1375"}],"wp:attachment":[{"href":"https:\/\/tuzlahortum.com.tr\/ar\/wp-json\/wp\/v2\/media?parent=818"}],"wp:term":[{"taxonomy":"product_brand","embeddable":true,"href":"https:\/\/tuzlahortum.com.tr\/ar\/wp-json\/wp\/v2\/product_brand?post=818"},{"taxonomy":"product_cat","embeddable":true,"href":"https:\/\/tuzlahortum.com.tr\/ar\/wp-json\/wp\/v2\/product_cat?post=818"},{"taxonomy":"product_tag","embeddable":true,"href":"https:\/\/tuzlahortum.com.tr\/ar\/wp-json\/wp\/v2\/product_tag?post=818"}],"curies":[{"name":"\u062f\u0628\u0644\u064a\u0648 \u0628\u064a","href":"https:\/\/api.w.org\/{rel}","templated":true}]}}