{"id":817,"date":"2019-02-06T23:54:08","date_gmt":"2019-02-06T20:54:08","guid":{"rendered":"http:\/\/hortum.com.tr\/product\/import-placeholder-for-145\/"},"modified":"2024-03-21T17:42:03","modified_gmt":"2024-03-21T14:42:03","slug":"super-orgulu-seffaf-hortum","status":"publish","type":"product","link":"https:\/\/tuzlahortum.com.tr\/ar\/product\/super-orgulu-seffaf-hortum\/","title":{"rendered":"\u062e\u0631\u0637\u0648\u0645 \u0634\u0641\u0627\u0641 \u0645\u0636\u0641\u0631"},"content":{"rendered":"<h2>\u062e\u0631\u0637\u0648\u0645 \u0634\u0641\u0627\u0641 \u0645\u0636\u0641\u0631<\/h2>\n<p>\u0633\u0645\u0627\u062a<\/p>\n<p>\u0645\u0635\u0646\u0648\u0639 \u0645\u0646 \u0628\u0648\u0644\u064a \u0643\u0644\u0648\u0631\u064a\u062f \u0627\u0644\u0641\u064a\u0646\u064a\u0644 \u0627\u0644\u0634\u0641\u0627\u0641 \u0648\u062e\u064a\u0648\u0637 \u0628\u0648\u0644\u064a\u0633\u062a\u0631 \u0639\u0627\u0644\u064a\u0629 \u0627\u0644\u0642\u0648\u0629 \u0639\u0644\u0649 \u0627\u0644\u0637\u0628\u0642\u0629 \u0627\u0644\u0633\u0641\u0644\u064a\u0629 \u060c \u0628\u0648\u0644\u064a \u0643\u0644\u0648\u0631\u064a\u062f \u0627\u0644\u0641\u064a\u0646\u064a\u0644 \u0627\u0644\u0634\u0641\u0627\u0641 \u0627\u0644\u0645\u0642\u0627\u0648\u0645 \u0644\u0644\u0627\u0647\u062a\u0631\u0627\u0621 \u0639\u0644\u0649 \u0627\u0644\u0637\u0628\u0642\u0629 \u0627\u0644\u0639\u0644\u064a\u0627.<br \/>\n\u062f\u0631\u062c\u0629 \u062d\u0631\u0627\u0631\u0629 \u0627\u0644\u062a\u0634\u063a\u064a\u0644<\/p>\n<p>-10 \u062f\u0631\u062c\u0629 \u0645\u0626\u0648\u064a\u0629 \u0625\u0644\u0649 +50 \u062f\u0631\u062c\u0629 \u0645\u0626\u0648\u064a\u0629<\/p>\n<p>\u0645\u062c\u0627\u0644\u0627\u062a \u0627\u0644\u0627\u0633\u062a\u062e\u062f\u0627\u0645<\/p>\n<p>\u064a\u062a\u0645 \u0627\u0633\u062a\u062e\u062f\u0627\u0645\u0647 \u0641\u064a \u0623\u0639\u0645\u0627\u0644 \u0627\u0644\u0631\u064a \u0648\u0627\u0644\u0625\u062e\u0644\u0627\u0621 \u0641\u064a \u0627\u0644\u0645\u0646\u0632\u0644 \u0648\u0627\u0644\u062d\u062f\u064a\u0642\u0629 \u0648\u0627\u0644\u062d\u0642\u0644 \u0648\u0627\u0644\u0635\u0646\u0627\u0639\u0629 \u0648\u0642\u0637\u0627\u0639 \u0627\u0644\u0628\u0646\u0627\u0621 \u0648\u0641\u064a \u0646\u0642\u0644 \u0627\u0644\u0645\u0648\u0627\u062f \u0627\u0644\u0643\u064a\u0645\u064a\u0627\u0626\u064a\u0629 \u0627\u0644\u062e\u0641\u064a\u0641\u0629.<\/p>\n<div class=\"video video-fit mb\" style=\"padding-top:56.25%;\"><p><iframe loading=\"lazy\" title=\"\u0627\u0631\u062a\u0628\u0627\u0643 \u0627\u0644\u0642\u064a\u0627\u0633 (\u0628\u0648\u0635\u0629\u060c \u0625\u0635\u0628\u0639\u060c \u0636\u0628\u0627\u0628\u060c \u0645\u0644\u0644\u064a\u0645\u062a\u0631)\" width=\"1020\" height=\"574\" src=\"https:\/\/www.youtube.com\/embed\/uKk6AG_AZls?feature=oembed\" frameborder=\"0\" allow=\"accelerometer; autoplay; clipboard-write; encrypted-media; gyroscope; picture-in-picture; web-share\" referrerpolicy=\"strict-origin-when-cross-origin\" allowfullscreen><\/iframe><\/p>\n<\/div>\n<p><img data-recalc-dims=\"1\" loading=\"lazy\" decoding=\"async\" class=\"alignnone size-full wp-image-2021\" src=\"https:\/\/i0.wp.com\/hortum.com.tr\/wp-content\/uploads\/2019\/02\/rg%C3%BCl%C3%BC-%C5%9Feffafs%C3%BCper-1.jpg?resize=446%2C157\" alt=\"\" width=\"446\" height=\"157\" title=\"\"><\/p>","protected":false},"excerpt":{"rendered":"<p>\u062e\u0631\u0637\u0648\u0645 \u0634\u0641\u0627\u0641 \u0645\u0636\u0641\u0631 \u0641\u0627\u0626\u0642 \u0627\u0644\u0634\u0641\u0627\u0641\u064a\u0629 \u0627\u0644\u0645\u064a\u0632\u0627\u062a \u0645\u0635\u0646\u0648\u0639 \u0645\u0646 \u062e\u064a\u0648\u0637 \u0628\u0648\u0644\u064a \u0643\u0644\u0648\u0631\u064a\u062f \u0627\u0644\u0641\u064a\u0646\u064a\u0644 \u0627\u0644\u0634\u0641\u0627\u0641\u0629 \u0648\u062e\u064a\u0648\u0637 \u0628\u0648\u0644\u064a\u0633\u062a\u0631 \u0639\u0627\u0644\u064a\u0629 \u0627\u0644\u0642\u0648\u0629 \u0639\u0644\u0649 \u0627\u0644\u0637\u0628\u0642\u0629 \u0627\u0644\u0633\u0641\u0644\u064a\u0629 \u0648\u062e\u064a\u0648\u0637 \u0628\u0648\u0644\u064a \u0643\u0644\u0648\u0631\u064a\u062f \u0627\u0644\u0641\u064a\u0646\u064a\u0644 \u0627\u0644\u0634\u0641\u0627\u0641\u0629 \u0627\u0644\u0645\u0642\u0627\u0648\u0645\u0629 \u0644\u0644\u062a\u0622\u0643\u0644 \u0639\u0644\u0649 \u0627\u0644\u0637\u0628\u0642\u0629 \u0627\u0644\u0639\u0644\u0648\u064a\u0629. \u062f\u0631\u062c\u0629 \u062d\u0631\u0627\u0631\u0629 \u0627\u0644\u062a\u0634\u063a\u064a\u0644 \u0645\u0646 -10 \u062f\u0631\u062c\u0629 \u0645\u0626\u0648\u064a\u0629 \u0625\u0644\u0649 +50 \u062f\u0631\u062c\u0629 \u0645\u0626\u0648\u064a\u0629 \u0645\u062c\u0627\u0644 \u0627\u0644\u0627\u0633\u062a\u062e\u062f\u0627\u0645 \u0623\u0639\u0645\u0627\u0644 \u0627\u0644\u0631\u064a \u0648\u0627\u0644\u0635\u0631\u0641 \u0641\u064a \u0627\u0644\u0645\u0646\u0632\u0644 \u0648\u0627\u0644\u062d\u062f\u064a\u0642\u0629 \u0648\u0627\u0644\u062d\u0642\u0648\u0644 \u0648\u0627\u0644\u0635\u0646\u0627\u0639\u0629 \u0648\u0642\u0637\u0627\u0639 \u0627\u0644\u0628\u0646\u0627\u0621 \u0648\u0646\u0642\u0644 \u0627\u0644\u0645\u0648\u0627\u062f \u0627\u0644\u0643\u064a\u0645\u064a\u0627\u0626\u064a\u0629 \u0627\u0644\u062e\u0641\u064a\u0641\u0629.<\/p>","protected":false},"featured_media":2036,"comment_status":"open","ping_status":"closed","template":"","meta":{"jetpack_post_was_ever_published":false},"product_brand":[],"product_cat":[165],"product_tag":[358,1019,1023],"class_list":{"0":"post-817","1":"product","2":"type-product","3":"status-publish","4":"has-post-thumbnail","6":"product_cat-plastik-bahce-hortumlari","7":"product_tag-pvc","8":"product_tag-seffaf","9":"product_tag-yuksek-basinc","11":"first","12":"instock","13":"featured","14":"taxable","15":"shipping-taxable","16":"product-type-variable"},"jetpack-related-posts":[{"id":8132,"url":"https:\/\/tuzlahortum.com.tr\/ar\/product\/super-extra-orgulu-seffaf-hortum\/","url_meta":{"origin":817,"position":0},"title":"\u062e\u0631\u0637\u0648\u0645 \u0634\u0641\u0627\u0641 \u0644\u0644\u063a\u0627\u064a\u0629 \u0645\u0636\u0641\u0631","author":"\u0130smail \u00c7elik","date":"14 \u0645\u0627\u0631\u0633 2019","format":false,"excerpt":"S\u00fcper Extra \u00d6rg\u00fcl\u00fc \u015eeffaf Hortum\u00d6zellikler : \u2022 1. S\u0131n\u0131f PVC\u2019 den imal edilmi\u015ftir. \u2022 Y\u00fcksek kaliteli polyester takviye edilmi\u015ftir \u2022 A\u015f\u0131nmaya dayan\u0131kl\u0131d\u0131r. \u2022 -20\u00b0C ile +65\u00b0C aras\u0131nda s\u0131cakl\u0131\u011fa dayan\u0131kl\u0131d\u0131r. Kullan\u0131m Alanlar\u0131 : \u2022 Sanayide, petrol-petrol t\u00fcrevleri, hafif kimyasal maddelerin tahliyesi ve bas\u0131n\u00e7l\u0131 sulama i\u015flemlerinde kullan\u0131l\u0131r.","rel":"","context":"\u062a\u062f\u0648\u064a\u0646\u0629 \u0645\u0634\u0627\u0628\u0647\u0629","block_context":{"text":"\u062a\u062f\u0648\u064a\u0646\u0629 \u0645\u0634\u0627\u0628\u0647\u0629","link":""},"img":{"alt_text":"","src":"https:\/\/i0.wp.com\/hortum.com.tr\/wp-content\/uploads\/2019\/03\/S%C3%BCper-Extra-%C3%96rg%C3%BCl%C3%BC-%C5%9Eeffaf-Hortum-2.jpg?resize=350%2C200","width":350,"height":200,"srcset":"https:\/\/i0.wp.com\/hortum.com.tr\/wp-content\/uploads\/2019\/03\/S%C3%BCper-Extra-%C3%96rg%C3%BCl%C3%BC-%C5%9Eeffaf-Hortum-2.jpg?resize=350%2C200 1x, https:\/\/i0.wp.com\/hortum.com.tr\/wp-content\/uploads\/2019\/03\/S%C3%BCper-Extra-%C3%96rg%C3%BCl%C3%BC-%C5%9Eeffaf-Hortum-2.jpg?resize=525%2C300 1.5x"},"classes":[]},{"id":5392,"url":"https:\/\/tuzlahortum.com.tr\/ar\/product\/meteor-orgulu-hortumlar-super\/","url_meta":{"origin":817,"position":1},"title":"\u062e\u0631\u0627\u0637\u064a\u0645 \u0646\u064a\u0632\u0643 \u0645\u0636\u0641\u0631\u0629 (\u0633\u0648\u0628\u0631)","author":"\u0130smail \u00c7elik","date":"28 \u0641\u0628\u0631\u0627\u064a\u0631 2019","format":false,"excerpt":"Meteor \u00d6rg\u00fcl\u00fc Hortumlar (S\u00dcPER)\u00d6zellikler Alt kat y\u00fcksek kaliteli kau\u00e7uk takviyeli PVC malzeme, takviye, y\u00fcksek mukavemetli polyester iplik, \u00fcst katta a\u015f\u0131nmaya ve hava \u015fartlar\u0131na dayan\u0131kl\u0131 PVC ile \u00fcretilmi\u015ftir. \u00c7al\u0131\u015fma S\u0131cakl\u0131\u011f\u0131 -10\u00b0C ile +50\u00b0C aras\u0131 Kullan\u0131m Alanlar\u0131 Ev, bah\u00e7e, tarla, sanayi ve in\u015faat sekt\u00f6r\u00fcnde sulama ve tahliye i\u015flerinde ve hafif kimyasal maddelerin\u2026","rel":"","context":"\u062a\u062f\u0648\u064a\u0646\u0629 \u0645\u0634\u0627\u0628\u0647\u0629","block_context":{"text":"\u062a\u062f\u0648\u064a\u0646\u0629 \u0645\u0634\u0627\u0628\u0647\u0629","link":""},"img":{"alt_text":"","src":"https:\/\/i0.wp.com\/tuzlahortum.com.tr\/wp-content\/uploads\/2019\/03\/Meteor-%C3%96rg%C3%BCl%C3%BC-HortumlarSTANDART.jpg?fit=640%2C480&ssl=1&resize=350%2C200","width":350,"height":200,"srcset":"https:\/\/i0.wp.com\/tuzlahortum.com.tr\/wp-content\/uploads\/2019\/03\/Meteor-%C3%96rg%C3%BCl%C3%BC-HortumlarSTANDART.jpg?fit=640%2C480&ssl=1&resize=350%2C200 1x, https:\/\/i0.wp.com\/tuzlahortum.com.tr\/wp-content\/uploads\/2019\/03\/Meteor-%C3%96rg%C3%BCl%C3%BC-HortumlarSTANDART.jpg?fit=640%2C480&ssl=1&resize=525%2C300 1.5x"},"classes":[]},{"id":813,"url":"https:\/\/tuzlahortum.com.tr\/ar\/product\/orgulu-seffaf-hortum-ekonomik\/","url_meta":{"origin":817,"position":2},"title":"\u062e\u0631\u0637\u0648\u0645 \u0634\u0641\u0627\u0641 \u0645\u0636\u0641\u0631 (\u0627\u0642\u062a\u0635\u0627\u062f\u064a)","author":"admin","date":"6 \u0641\u0628\u0631\u0627\u064a\u0631 2019","format":false,"excerpt":"\u00d6rg\u00fcl\u00fc \u015eeffaf Hortum (EKONOM\u0130K)\u00d6zellikler Alt kat \u015feffaf PVC ve y\u00fcksek mukavemetli polyester iplik, \u00fcst katta a\u015f\u0131nmaya dayan\u0131kl\u0131 \u015feffaf PVC ile \u00fcretilmi\u015ftir. \u00c7al\u0131\u015fma S\u0131cakl\u0131\u011f\u0131 -10\u00b0C ile +50\u00b0C aras\u0131 Kullan\u0131m Alanlar\u0131 Ev, bah\u00e7e, tarla, sanayi ve in\u015faat sekt\u00f6r\u00fcnde sulama ve tahliye i\u015flerinde kullan\u0131l\u0131r .","rel":"","context":"\u062a\u062f\u0648\u064a\u0646\u0629 \u0645\u0634\u0627\u0628\u0647\u0629","block_context":{"text":"\u062a\u062f\u0648\u064a\u0646\u0629 \u0645\u0634\u0627\u0628\u0647\u0629","link":""},"img":{"alt_text":"","src":"https:\/\/i0.wp.com\/tuzlahortum.com.tr\/wp-content\/uploads\/kategoriler\/orguluseffaf.png?fit=498%2C335&ssl=1&resize=350%2C200","width":350,"height":200},"classes":[]},{"id":814,"url":"https:\/\/tuzlahortum.com.tr\/ar\/product\/orgulu-seffaf-hortum-standart\/","url_meta":{"origin":817,"position":3},"title":"\u062e\u0631\u0637\u0648\u0645 \u0634\u0641\u0627\u0641 \u0645\u0636\u0641\u0631 (\u0642\u064a\u0627\u0633\u064a)","author":"admin","date":"6 \u0641\u0628\u0631\u0627\u064a\u0631 2019","format":false,"excerpt":"\u00d6rg\u00fcl\u00fc \u015eeffaf Hortum (STANDART)\u00d6zellikler Alt kat \u015feffaf PVC ve y\u00fcksek mukavemetli polyester iplik, \u00fcst katta a\u015f\u0131nmaya dayan\u0131kl\u0131 \u015feffaf PVC ile \u00fcretilmi\u015ftir. \u00c7al\u0131\u015fma S\u0131cakl\u0131\u011f\u0131 -10\u00b0C ile +50\u00b0C aras\u0131 Kullan\u0131m Alanlar\u0131 Ev, bah\u00e7e, tarla, sanayi ve in\u015faat sekt\u00f6r\u00fcnde sulama ve tahliye i\u015flerinde kullan\u0131l\u0131r.","rel":"","context":"\u062a\u062f\u0648\u064a\u0646\u0629 \u0645\u0634\u0627\u0628\u0647\u0629","block_context":{"text":"\u062a\u062f\u0648\u064a\u0646\u0629 \u0645\u0634\u0627\u0628\u0647\u0629","link":""},"img":{"alt_text":"","src":"https:\/\/i0.wp.com\/tuzlahortum.com.tr\/wp-content\/uploads\/kategoriler\/orguluseffaf.png?fit=498%2C335&ssl=1&resize=350%2C200","width":350,"height":200},"classes":[]},{"id":861,"url":"https:\/\/tuzlahortum.com.tr\/ar\/product\/jakuzi-ve-havuz-hortumlari-beyaz-orgulu-ve-seffaf\/","url_meta":{"origin":817,"position":4},"title":"\u062c\u0627\u0643\u0648\u0632\u064a \u0648\u062e\u0631\u0627\u0637\u064a\u0645 \u062d\u0645\u0627\u0645 \u0627\u0644\u0633\u0628\u0627\u062d\u0629 \u0628\u064a\u0636\u0627\u0621 \u0645\u0636\u0641\u0631\u0629 \u0648\u0634\u0641\u0627\u0641\u0629","author":"admin","date":"6 \u0641\u0628\u0631\u0627\u064a\u0631 2019","format":false,"excerpt":"JAKUZ\u0130 VE HAVUZ HORTUMLARI BEYAZ \u00d6RG\u00dcL\u00dc ve \u015eEFFAF\u00d6zellikler Alt kat y\u00fcksek kaliteli \u015feffaf malzeme, y\u00fcksek mukavemetli, k\u0131r\u0131lmaya kar\u015f\u0131 maksimum dayan\u0131kl\u0131 sert PVC takviyesiyle \u00fcretilmektedir. \u00c7al\u0131\u015fma S\u0131cakl\u0131\u011f\u0131 -5\u00b0C ile +60\u00b0C aras\u0131 Kullan\u0131m Alanlar\u0131 Y\u00fczme havuzu su sirk\u00fclasyonu\u00a0,\u00a0jakuzi k\u00fcvet sistemlerinde kullan\u0131labilir.","rel":"","context":"\u062a\u062f\u0648\u064a\u0646\u0629 \u0645\u0634\u0627\u0628\u0647\u0629","block_context":{"text":"\u062a\u062f\u0648\u064a\u0646\u0629 \u0645\u0634\u0627\u0628\u0647\u0629","link":""},"img":{"alt_text":"","src":"https:\/\/i0.wp.com\/tuzlahortum.com.tr\/wp-content\/uploads\/urunler\/plastik\/JAKUZI%CC%87-VE-HAVUZ-HORTUMLARI-BEYAZ-O%CC%88RGU%CC%88LU%CC%88-ve-S%CC%A7EFFAF.jpg?fit=640%2C480&ssl=1&resize=350%2C200","width":350,"height":200,"srcset":"https:\/\/i0.wp.com\/tuzlahortum.com.tr\/wp-content\/uploads\/urunler\/plastik\/JAKUZI%CC%87-VE-HAVUZ-HORTUMLARI-BEYAZ-O%CC%88RGU%CC%88LU%CC%88-ve-S%CC%A7EFFAF.jpg?fit=640%2C480&ssl=1&resize=350%2C200 1x, https:\/\/i0.wp.com\/tuzlahortum.com.tr\/wp-content\/uploads\/urunler\/plastik\/JAKUZI%CC%87-VE-HAVUZ-HORTUMLARI-BEYAZ-O%CC%88RGU%CC%88LU%CC%88-ve-S%CC%A7EFFAF.jpg?fit=640%2C480&ssl=1&resize=525%2C300 1.5x"},"classes":[]},{"id":815,"url":"https:\/\/tuzlahortum.com.tr\/ar\/product\/seraluks-silikonlu-orgulu-hortum\/","url_meta":{"origin":817,"position":5},"title":"\u062e\u0631\u0637\u0648\u0645 \u0645\u0636\u0641\u0631 \u0633\u064a\u0644\u064a\u0643\u0648\u0646 \u0633\u064a\u0631\u0627\u0644\u0648\u0643\u0633","author":"admin","date":"6 \u0641\u0628\u0631\u0627\u064a\u0631 2019","format":false,"excerpt":"Seral\u00fcks Silikonlu \u00d6rg\u00fcl\u00fc Hortum\u00d6zellikler Alt kat, \u015feffaf PVC ve\u00a0y\u00fcksek mukavemetli polyester iplik, \u00fcst katta a\u015f\u0131nmaya \u00a0dayan\u0131kl\u0131 \u00f6zel kar\u0131\u015f\u0131m PVC ile \u00fcretilmi\u015ftir. \u00c7al\u0131\u015fma S\u0131cakl\u0131\u011f\u0131 -10\u00b0C ile +50\u00b0C aras\u0131 Kullan\u0131m Alanlar\u0131 Ev, bah\u00e7e, tarla, sanayi ve in\u015faat sekt\u00f6r\u00fcnde sulama ve tahliye i\u015flerinde kullan\u0131l\u0131r.","rel":"","context":"\u062a\u062f\u0648\u064a\u0646\u0629 \u0645\u0634\u0627\u0628\u0647\u0629","block_context":{"text":"\u062a\u062f\u0648\u064a\u0646\u0629 \u0645\u0634\u0627\u0628\u0647\u0629","link":""},"img":{"alt_text":"","src":"https:\/\/i0.wp.com\/tuzlahortum.com.tr\/wp-content\/uploads\/urunler\/plastik\/SERALU%CC%88KS-SLI%CC%87KONLU-O%CC%88RGU%CC%88LU%CC%88-HORTUM.jpg?fit=640%2C480&ssl=1&resize=350%2C200","width":350,"height":200,"srcset":"https:\/\/i0.wp.com\/tuzlahortum.com.tr\/wp-content\/uploads\/urunler\/plastik\/SERALU%CC%88KS-SLI%CC%87KONLU-O%CC%88RGU%CC%88LU%CC%88-HORTUM.jpg?fit=640%2C480&ssl=1&resize=350%2C200 1x, https:\/\/i0.wp.com\/tuzlahortum.com.tr\/wp-content\/uploads\/urunler\/plastik\/SERALU%CC%88KS-SLI%CC%87KONLU-O%CC%88RGU%CC%88LU%CC%88-HORTUM.jpg?fit=640%2C480&ssl=1&resize=525%2C300 1.5x"},"classes":[]}],"jetpack_sharing_enabled":true,"jetpack_likes_enabled":true,"_links":{"self":[{"href":"https:\/\/tuzlahortum.com.tr\/ar\/wp-json\/wp\/v2\/product\/817","targetHints":{"allow":["GET"]}}],"collection":[{"href":"https:\/\/tuzlahortum.com.tr\/ar\/wp-json\/wp\/v2\/product"}],"about":[{"href":"https:\/\/tuzlahortum.com.tr\/ar\/wp-json\/wp\/v2\/types\/product"}],"replies":[{"embeddable":true,"href":"https:\/\/tuzlahortum.com.tr\/ar\/wp-json\/wp\/v2\/comments?post=817"}],"wp:featuredmedia":[{"embeddable":true,"href":"https:\/\/tuzlahortum.com.tr\/ar\/wp-json\/wp\/v2\/media\/2036"}],"wp:attachment":[{"href":"https:\/\/tuzlahortum.com.tr\/ar\/wp-json\/wp\/v2\/media?parent=817"}],"wp:term":[{"taxonomy":"product_brand","embeddable":true,"href":"https:\/\/tuzlahortum.com.tr\/ar\/wp-json\/wp\/v2\/product_brand?post=817"},{"taxonomy":"product_cat","embeddable":true,"href":"https:\/\/tuzlahortum.com.tr\/ar\/wp-json\/wp\/v2\/product_cat?post=817"},{"taxonomy":"product_tag","embeddable":true,"href":"https:\/\/tuzlahortum.com.tr\/ar\/wp-json\/wp\/v2\/product_tag?post=817"}],"curies":[{"name":"\u062f\u0628\u0644\u064a\u0648 \u0628\u064a","href":"https:\/\/api.w.org\/{rel}","templated":true}]}}