{"id":810,"date":"2019-02-06T23:54:07","date_gmt":"2019-02-06T20:54:07","guid":{"rendered":"http:\/\/hortum.com.tr\/product\/import-placeholder-for-216\/"},"modified":"2024-03-21T17:42:10","modified_gmt":"2024-03-21T14:42:10","slug":"pislik-tutucu","status":"publish","type":"product","link":"https:\/\/tuzlahortum.com.tr\/ar\/product\/pislik-tutucu\/","title":{"rendered":"\u0645\u0635\u0641\u0627\u0629"},"content":{"rendered":"<h2>\u0645\u0635\u0641\u0627\u0629<\/h2>\n<p>\u0634\u0647\u0627\u062f\u0629 \u0646\u0638\u0627\u0645 \u0627\u0644\u062c\u0648\u062f\u0629 ISO 9001.<\/p>\n<p>\u0627\u062a\u0635\u0627\u0644 ISO 228 \u0623\u0646\u062b\u0649 X \u0623\u0646\u062b\u0649.<\/p>\n<p>\u0645\u0646\u0637\u0642\u0629 \u0627\u0633\u062a\u062e\u062f\u0627\u0645 \u0648\u0627\u0633\u0639\u0629 \u0644\u0644\u0627\u0633\u062a\u062e\u062f\u0627\u0645 \u0641\u064a \u0623\u0646\u0638\u0645\u0629 \u0627\u0644\u0635\u0646\u0627\u0639\u0629 \u0648\u0627\u0644\u0633\u0628\u0627\u0643\u0629 \u0648\u0627\u0644\u0631\u064a.<\/p>\n<p>\u062f\u0631\u062c\u0629 \u0627\u0644\u062d\u0631\u0627\u0631\u0629 -10 \u062f\u0631\u062c\u0629 \u0645\u0626\u0648\u064a\u0629 + 120 \u062f\u0631\u062c\u0629 \u0645\u0626\u0648\u064a\u0629<\/p>\n<p><img data-recalc-dims=\"1\" loading=\"lazy\" decoding=\"async\" class=\"alignnone size-full wp-image-2192\" src=\"https:\/\/i0.wp.com\/hortum.com.tr\/wp-content\/uploads\/urunler\/vanalar\/pisliktek.jpg?resize=400%2C300\" alt=\"\" width=\"400\" height=\"300\" title=\"\"><\/p>","protected":false},"excerpt":{"rendered":"<p>Pislik Tutucu ISO 9001 Kalite Sistem Sertfikas\u0131. ISO 228 Di\u015fi X Di\u015fi ba\u011flant\u0131. End\u00fcstriyel, Tesisat ve sulama sistemlerinde kullan\u0131lmak \u00fczere geni\u015f kullan\u0131m alan\u0131. S\u0131cakl\u0131k -10\u00b0C + 120\u00b0C<\/p>","protected":false},"featured_media":2191,"comment_status":"open","ping_status":"closed","template":"","meta":{"jetpack_post_was_ever_published":false},"product_brand":[],"product_cat":[199],"product_tag":[1018,1017],"class_list":{"0":"post-810","1":"product","2":"type-product","3":"status-publish","4":"has-post-thumbnail","6":"product_cat-pislik-tutucu-valf-parcalari","7":"product_tag-pislik-tutucu","8":"product_tag-valf","10":"first","11":"instock","12":"taxable","13":"shipping-taxable","14":"product-type-variable"},"jetpack-related-posts":[],"jetpack_sharing_enabled":true,"jetpack_likes_enabled":true,"_links":{"self":[{"href":"https:\/\/tuzlahortum.com.tr\/ar\/wp-json\/wp\/v2\/product\/810","targetHints":{"allow":["GET"]}}],"collection":[{"href":"https:\/\/tuzlahortum.com.tr\/ar\/wp-json\/wp\/v2\/product"}],"about":[{"href":"https:\/\/tuzlahortum.com.tr\/ar\/wp-json\/wp\/v2\/types\/product"}],"replies":[{"embeddable":true,"href":"https:\/\/tuzlahortum.com.tr\/ar\/wp-json\/wp\/v2\/comments?post=810"}],"wp:featuredmedia":[{"embeddable":true,"href":"https:\/\/tuzlahortum.com.tr\/ar\/wp-json\/wp\/v2\/media\/2191"}],"wp:attachment":[{"href":"https:\/\/tuzlahortum.com.tr\/ar\/wp-json\/wp\/v2\/media?parent=810"}],"wp:term":[{"taxonomy":"product_brand","embeddable":true,"href":"https:\/\/tuzlahortum.com.tr\/ar\/wp-json\/wp\/v2\/product_brand?post=810"},{"taxonomy":"product_cat","embeddable":true,"href":"https:\/\/tuzlahortum.com.tr\/ar\/wp-json\/wp\/v2\/product_cat?post=810"},{"taxonomy":"product_tag","embeddable":true,"href":"https:\/\/tuzlahortum.com.tr\/ar\/wp-json\/wp\/v2\/product_tag?post=810"}],"curies":[{"name":"\u062f\u0628\u0644\u064a\u0648 \u0628\u064a","href":"https:\/\/api.w.org\/{rel}","templated":true}]}}