{"id":8095,"date":"2019-03-14T09:40:14","date_gmt":"2019-03-14T06:40:14","guid":{"rendered":"http:\/\/hortum.com.tr\/?post_type=product&#038;p=8095"},"modified":"2024-03-21T17:38:52","modified_gmt":"2024-03-21T14:38:52","slug":"trelleborg-chemikler-upe","status":"publish","type":"product","link":"https:\/\/tuzlahortum.com.tr\/ar\/product\/trelleborg-chemikler-upe\/","title":{"rendered":"Trelleborg CHEMIKLER-UPE"},"content":{"rendered":"<h2>Trelleborg CHEMIKLER-UPE<\/h2>\n<p>\u0627\u0644\u0645\u0646\u062a\u062c\u0627\u062a \u0627\u0644\u0643\u064a\u0645\u0627\u0648\u064a\u0629 \u0648\u0627\u0644\u0645\u0633\u0628\u0628\u0629 \u0644\u0644\u062a\u0622\u0643\u0644 \/ \u0627\u0644\u062a\u062d\u0648\u064a\u0644<br \/>\n\u0623\u062d\u0645\u0627\u0636 \u0642\u0648\u064a\u0629 \u060c \u0645\u0630\u064a\u0628\u0627\u062a \u0630\u0627\u062a \u0631\u0627\u0626\u062d\u0629 \u0639\u0627\u0644\u064a\u0629 \u060c \u0645\u0643\u0644\u0648\u0631\u0629 \u0623\u0648 \u0645\u0624\u0643\u0633\u062c\u0629<br \/>\n\u0627\u0644\u0645\u0630\u064a\u0628\u0627\u062a \u060c \u0627\u0644\u0647\u064a\u062f\u0631\u0648\u0643\u0631\u0628\u0648\u0646\u0627\u062a \u0627\u0644\u0639\u0637\u0631\u064a\u0629 \u060c \u0625\u0644\u062e. \u0633\u062d\u0628 \u062c\u0645\u064a\u0639 \u0627\u0644\u0645\u0648\u0627\u062f \u0627\u0644\u0643\u064a\u0645\u064a\u0627\u0626\u064a\u0629 \u0627\u0644\u0645\u0633\u0628\u0628\u0629 \u0644\u0644\u062a\u0622\u0643\u0644 \u0645\u062b\u0644<br \/>\n\u0625\u062e\u0644\u0627\u0621.<br \/>\n\u0646\u0627\u0642\u0644\u0627\u062a \u0627\u0644\u0637\u0631\u0642 \u0627\u0644\u0628\u0631\u064a\u0629 \u0648\u0627\u0644\u0633\u0643\u0643 \u0627\u0644\u062d\u062f\u064a\u062f\u064a\u0629 \u0648\u0645\u0646\u0627\u0637\u0642 \u0627\u0644\u062a\u0641\u0631\u064a\u063a \u0648\u0643\u0630\u0644\u0643 \u0627\u0644\u0645\u0635\u0627\u0646\u0639 \u0627\u0644\u0643\u064a\u0645\u0627\u0648\u064a\u0629 \u0648\u0645\u0627 \u064a\u062a\u0635\u0644 \u0628\u0647\u0627<br \/>\n\u0644\u0644\u0645\u0639\u062f\u0627\u062a \u0627\u0644\u0645\u062a\u0646\u0642\u0644\u0629 \u0648\u0627\u0644\u062b\u0627\u0628\u062a\u0629 \u0627\u0644\u0645\u0633\u062a\u062e\u062f\u0645\u0629 \u0641\u064a \u0627\u0644\u0635\u0646\u0627\u0639\u0627\u062a.<br \/>\n\u0645\u0632\u0627\u064a\u0627<br \/>\n\u062e\u0631\u0637\u0648\u0645 \u0645\u062a\u0639\u062f\u062f \u0627\u0644\u0623\u063a\u0631\u0627\u0636 \u0645\u0646\u0627\u0633\u0628 \u0644\u0645\u062c\u0645\u0648\u0639\u0629 \u0645\u062a\u0646\u0648\u0639\u0629 \u0645\u0646 \u0627\u0644\u0645\u0648\u0627\u062f \u0627\u0644\u0643\u064a\u0645\u064a\u0627\u0626\u064a\u0629.<br \/>\n\u0642\u0648\u0629 \u0645\u064a\u0643\u0627\u0646\u064a\u0643\u064a\u0629 \u0639\u0627\u0644\u064a\u0629 \u062c\u062f\u0627.<br \/>\n\u064a\u0648\u0641\u0631 \u0647\u064a\u0643\u0644 \u0627\u0644\u062e\u0631\u0637\u0648\u0645 \u0646\u0635\u0641 \u0642\u0637\u0631 \u0627\u0646\u062d\u0646\u0627\u0621 \u0645\u0645\u062a\u0627\u0632.<br \/>\n\u0627\u0644\u0623\u0646\u0628\u0648\u0628 \u0627\u0644\u062f\u0627\u062e\u0644\u064a \u064a\u062a\u0648\u0627\u0641\u0642 \u0645\u0639 \u0627\u0644\u0644\u0627\u0626\u062d\u0629 \u0627\u0644\u0623\u0645\u0631\u064a\u0643\u064a\u0629 FDA 21.CFR.177.1520.<br \/>\n\u0623\u0646\u0628\u0648\u0628 \u0645\u0633\u0637\u062d \u0644\u0633\u0647\u0648\u0644\u0629 \u0627\u0644\u063a\u0633\u064a\u0644 (\u062d\u062a\u0649 140 \u062f\u0631\u062c\u0629 \u0645\u0626\u0648\u064a\u0629 \u0644\u0645\u062f\u0629 30 \u062f\u0642\u064a\u0642\u0629).<br \/>\n\u0627\u0644\u0637\u0644\u0627\u0621 \u0644\u062f\u064a\u0647 \u0645\u0642\u0627\u0648\u0645\u0629 \u0645\u0645\u062a\u0627\u0632\u0629 \u0644\u0644\u0634\u064a\u062e\u0648\u062e\u0629 \u0648\u0627\u0644\u0638\u0631\u0648\u0641 \u0627\u0644\u062c\u0648\u064a\u0629 \u0648\u0627\u0644\u0623\u0648\u0632\u0648\u0646 \u060c \u0648<br \/>\n\u064a\u0638\u0647\u0631 \u0645\u0642\u0627\u0648\u0645\u0629 \u0645\u062b\u0627\u0644\u064a\u0629 \u0636\u062f \u0627\u0644\u062a\u0622\u0643\u0644 \u0648\u0627\u0644\u0645\u0648\u0627\u062f \u0627\u0644\u0643\u064a\u0645\u064a\u0627\u0626\u064a\u0629.<br \/>\n\u064a\u0645\u0643\u0646 \u062a\u0631\u0643\u064a\u0628 \u0627\u0644\u0639\u062f\u064a\u062f \u0645\u0646 \u0627\u0644\u0645\u0648\u0635\u0644\u0627\u062a.<br \/>\n\u0627\u0644\u0648\u0635\u0641 \u0627\u0644\u0641\u0646\u064a<br \/>\n\u0627\u0644\u0623\u0646\u0628\u0648\u0628 \u0627\u0644\u062f\u0627\u062e\u0644\u064a: UPE (\u0628\u0648\u0644\u064a \u0625\u064a\u062b\u064a\u0644\u064a\u0646 \u0639\u0627\u0644\u064a \u0627\u0644\u0648\u0632\u0646 \u0627\u0644\u062c\u0632\u064a\u0626\u064a) \u060c \u0623\u0633\u0648\u062f \u060c \u0645\u0633\u062a\u0642\u064a\u0645.<br \/>\n\u0627\u0644\u062a\u0639\u0632\u064a\u0632: \u0646\u0633\u064a\u062c \u0635\u0646\u0627\u0639\u064a \u0628\u0632\u0646\u0628\u0631\u0643 \u0635\u0644\u0628 \u0645\u062f\u0645\u062c.<br \/>\n\u0637\u0644\u0627\u0621: EPDM \u060c \u0645\u0642\u0627\u0648\u0645 \u0644\u0644\u0645\u0648\u0627\u062f \u0627\u0644\u0643\u064a\u0645\u064a\u0627\u0626\u064a\u0629 \u0648\u0627\u0644\u0634\u064a\u062e\u0648\u062e\u0629 \u060c \u0623\u0633\u0648\u062f \u060c \u064a\u0634\u0628\u0647 \u0627\u0644\u0646\u0633\u064a\u062c.<br \/>\n\u0646\u0637\u0627\u0642 \u062f\u0631\u062c\u0629 \u0627\u0644\u062d\u0631\u0627\u0631\u0629: -40 \u062f\u0631\u062c\u0629 \u0645\u0626\u0648\u064a\u0629 \u0625\u0644\u0649 + 100 \u062f\u0631\u062c\u0629 \u0645\u0626\u0648\u064a\u0629.<br \/>\n\u0627\u0644\u062e\u0635\u0627\u0626\u0635 \u0627\u0644\u0643\u0647\u0631\u0628\u0627\u0626\u064a\u0629: \u0623\u0646\u0628\u0648\u0628 \u062f\u0627\u062e\u0644\u064a UPE \u0645\u0648\u0635\u0644 \u0648\u0628\u0637\u0627\u0646\u0629 \u0645\u0637\u0627\u0637\u064a\u0629 \u060c R\u2264106\u03a9 \/ lg.<br \/>\n\u0627\u0644\u0645\u0639\u064a\u0627\u0631 \/ \u0627\u0644\u0645\u0648\u0627\u0641\u0642\u0629:<br \/>\nEN12115.<br \/>\n\u0627\u0644\u0646\u0642\u0627\u0628\u0627\u062a \/ \u0627\u0644\u062a\u0631\u0643\u064a\u0628\u0627\u062a<br \/>\n\u0627\u0644\u062a\u0631\u0643\u064a\u0628\u0627\u062a \u0627\u0644\u0645\u0635\u0645\u0645\u0629 \u062e\u0635\u064a\u0635\u0627 \u0645\u062a\u0648\u0641\u0631\u0629. \u0645\u0646 \u0641\u0636\u0644\u0643 \u0627\u0633\u062a\u0634\u0631\u0646\u0627.<br \/>\n\u0645\u0639\u0644\u0648\u0645\u0627\u062a \u0625\u0636\u0627\u0641\u064a\u0629<br \/>\n\u062a\u0645\u062a \u0627\u0644\u0645\u0648\u0627\u0641\u0642\u0629 \u0639\u0644\u0649 \u0647\u0630\u0627 \u0627\u0644\u062e\u0631\u0637\u0648\u0645 \u0645\u0646 \u0642\u0628\u0644 INERIS (\u0647\u064a\u0626\u0629 \u0625\u062e\u0637\u0627\u0631 \u0641\u0631\u0646\u0633\u064a\u0629) \u0644\u0644\u0627\u0633\u062a\u062e\u062f\u0627\u0645 \u0641\u064a \u0645\u0646\u0627\u0637\u0642 ATEX.<br \/>\n\u062a\u0645 \u0627\u062e\u062a\u0628\u0627\u0631\u0647 \u0648\u0627\u0639\u062a\u0645\u0627\u062f\u0647 \u0645\u0646 \u0642\u0628\u0644<br \/>\n\u062f\u0627\u062e\u0644\u064a&gt; 100 \u0645\u0645: \u063a\u064a\u0631 \u0645\u062f\u0631\u062c \u0641\u064a EN12115.<\/p>\n<div class=\"video video-fit mb\" style=\"padding-top:56.25%;\"><p><iframe loading=\"lazy\" title=\"\u0627\u0631\u062a\u0628\u0627\u0643 \u0627\u0644\u0642\u064a\u0627\u0633 (\u0628\u0648\u0635\u0629\u060c \u0625\u0635\u0628\u0639\u060c \u0636\u0628\u0627\u0628\u060c \u0645\u0644\u0644\u064a\u0645\u062a\u0631)\" width=\"1020\" height=\"574\" src=\"https:\/\/www.youtube.com\/embed\/uKk6AG_AZls?feature=oembed\" frameborder=\"0\" allow=\"accelerometer; autoplay; clipboard-write; encrypted-media; gyroscope; picture-in-picture; web-share\" referrerpolicy=\"strict-origin-when-cross-origin\" allowfullscreen><\/iframe><\/p>\n<\/div>\n<div class=\"video video-fit mb\" style=\"padding-top:56.25%;\"><p>https:\/\/www.youtube.com\/watch?v=O8ZlzKEjfEQ%20<\/p>\n<\/div>\n<p><img data-recalc-dims=\"1\" loading=\"lazy\" decoding=\"async\" class=\"alignnone size-medium wp-image-8119\" src=\"https:\/\/i0.wp.com\/hortum.com.tr\/wp-content\/uploads\/2019\/03\/chem%C4%B1kler-upe-800x336.jpg?resize=800%2C336\" alt=\"\" width=\"800\" height=\"336\" title=\"\" srcset=\"https:\/\/i0.wp.com\/tuzlahortum.com.tr\/wp-content\/uploads\/2019\/03\/chem%C4%B1kler-upe.jpg?resize=800%2C336&amp;ssl=1 800w, https:\/\/i0.wp.com\/tuzlahortum.com.tr\/wp-content\/uploads\/2019\/03\/chem%C4%B1kler-upe.jpg?resize=768%2C322&amp;ssl=1 768w, https:\/\/i0.wp.com\/tuzlahortum.com.tr\/wp-content\/uploads\/2019\/03\/chem%C4%B1kler-upe.jpg?resize=600%2C252&amp;ssl=1 600w, https:\/\/i0.wp.com\/tuzlahortum.com.tr\/wp-content\/uploads\/2019\/03\/chem%C4%B1kler-upe.jpg?w=925&amp;ssl=1 925w\" sizes=\"auto, (max-width: 800px) 100vw, 800px\" \/><\/p>","protected":false},"excerpt":{"rendered":"<p>Trelleborg CHEMIKLER-UPE Kimyasal ve korozif \u00fcr\u00fcnler\/Transfer G\u00fc\u00e7l\u00fc asitler, y\u00fcksek aroma i\u00e7eri\u011fine sahip solventler, klorlanm\u0131\u015f veya oksijenlenmi\u015f solventler, aromatik hidrokarbonlar, vs. gibi korozif kimyasallar\u0131n t\u00fcm\u00fcn\u00fcn \u00e7ekilmesi ve tahliyesi. Karayolu ve demiryolu tankerleri, bo\u015faltma alanlar\u0131n\u0131n yan\u0131 s\u0131ra kimya tesisleri ve ilgili end\u00fcstrilerde kullan\u0131lan mobil ve sabit donan\u0131mlar i\u00e7indir. Avantajlar Geni\u015fi \u00e7e\u015fitlilikte kimyasallara uygun \u00e7ok ama\u00e7l\u0131 hortum. \u00c7ok [&#8230;]\n","protected":false},"featured_media":2635,"comment_status":"open","ping_status":"closed","template":"","meta":{"jetpack_post_was_ever_published":false},"product_brand":[],"product_cat":[1169],"product_tag":[2155,558,294,1173,290,1176,2156,691,734],"class_list":{"0":"post-8095","1":"product","2":"type-product","3":"status-publish","4":"has-post-thumbnail","6":"product_cat-solvent-boya-cila-ve-vernik-hortumlari","7":"product_tag-asit","8":"product_tag-basinc","9":"product_tag-dayanikli","10":"product_tag-ester","11":"product_tag-hortum","12":"product_tag-kimyasal","13":"product_tag-korozif-kimyasal","14":"product_tag-solvent","15":"product_tag-tanker","17":"first","18":"instock","19":"taxable","20":"shipping-taxable","21":"product-type-variable"},"jetpack-related-posts":[],"jetpack_sharing_enabled":true,"jetpack_likes_enabled":true,"_links":{"self":[{"href":"https:\/\/tuzlahortum.com.tr\/ar\/wp-json\/wp\/v2\/product\/8095","targetHints":{"allow":["GET"]}}],"collection":[{"href":"https:\/\/tuzlahortum.com.tr\/ar\/wp-json\/wp\/v2\/product"}],"about":[{"href":"https:\/\/tuzlahortum.com.tr\/ar\/wp-json\/wp\/v2\/types\/product"}],"replies":[{"embeddable":true,"href":"https:\/\/tuzlahortum.com.tr\/ar\/wp-json\/wp\/v2\/comments?post=8095"}],"wp:featuredmedia":[{"embeddable":true,"href":"https:\/\/tuzlahortum.com.tr\/ar\/wp-json\/wp\/v2\/media\/2635"}],"wp:attachment":[{"href":"https:\/\/tuzlahortum.com.tr\/ar\/wp-json\/wp\/v2\/media?parent=8095"}],"wp:term":[{"taxonomy":"product_brand","embeddable":true,"href":"https:\/\/tuzlahortum.com.tr\/ar\/wp-json\/wp\/v2\/product_brand?post=8095"},{"taxonomy":"product_cat","embeddable":true,"href":"https:\/\/tuzlahortum.com.tr\/ar\/wp-json\/wp\/v2\/product_cat?post=8095"},{"taxonomy":"product_tag","embeddable":true,"href":"https:\/\/tuzlahortum.com.tr\/ar\/wp-json\/wp\/v2\/product_tag?post=8095"}],"curies":[{"name":"\u062f\u0628\u0644\u064a\u0648 \u0628\u064a","href":"https:\/\/api.w.org\/{rel}","templated":true}]}}