{"id":8063,"date":"2019-03-13T13:41:14","date_gmt":"2019-03-13T10:41:14","guid":{"rendered":"http:\/\/hortum.com.tr\/?post_type=product&#038;p=8063"},"modified":"2024-03-21T17:38:53","modified_gmt":"2024-03-21T14:38:53","slug":"nozul-lamba-kafesi","status":"publish","type":"product","link":"https:\/\/tuzlahortum.com.tr\/ar\/product\/nozul-lamba-kafesi\/","title":{"rendered":"\u0641\u0648\u0647\u0629 \u0645\u0635\u0628\u0627\u062d \u0642\u0641\u0635"},"content":{"rendered":"<h2>\u0641\u0648\u0647\u0629 \u0645\u0635\u0628\u0627\u062d \u0642\u0641\u0635<\/h2>","protected":false},"excerpt":{"rendered":"<p>\u0641\u0648\u0647\u0629 \u0645\u0635\u0628\u0627\u062d \u0642\u0641\u0635<\/p>","protected":false},"featured_media":8065,"comment_status":"open","ping_status":"closed","template":"","meta":{"jetpack_post_was_ever_published":false},"product_brand":[],"product_cat":[76],"product_tag":[2148,911,2150,924,2147,2149],"class_list":{"0":"post-8063","1":"product","2":"type-product","3":"status-publish","4":"has-post-thumbnail","6":"product_cat-kumlama-ekipmanlari","7":"product_tag-kafes","8":"product_tag-kumlama","9":"product_tag-lamba-kafesi","10":"product_tag-nozul","11":"product_tag-nozul-kafesi","12":"product_tag-nozul-lamba-kafesi","14":"first","15":"instock","16":"taxable","17":"shipping-taxable","18":"product-type-simple"},"jetpack-related-posts":[{"id":974,"url":"https:\/\/tuzlahortum.com.tr\/ar\/product\/yangin-jet-nozulu\/","url_meta":{"origin":8063,"position":0},"title":"\u0641\u0648\u0647\u0629 \u0627\u0644\u0646\u0627\u0631 \u0627\u0644\u0646\u0641\u0627\u062b\u0629","author":"admin","date":"7 \u0641\u0628\u0631\u0627\u064a\u0631 2019","format":false,"excerpt":"\u0641\u0648\u0647\u0629 \u0627\u0644\u0646\u0627\u0631 \u0627\u0644\u0646\u0641\u0627\u062b\u0629","rel":"","context":"\u062a\u062f\u0648\u064a\u0646\u0629 \u0645\u0634\u0627\u0628\u0647\u0629","block_context":{"text":"\u062a\u062f\u0648\u064a\u0646\u0629 \u0645\u0634\u0627\u0628\u0647\u0629","link":""},"img":{"alt_text":"","src":"https:\/\/i0.wp.com\/tuzlahortum.com.tr\/wp-content\/uploads\/2019\/02\/Yang%C4%B1n-Jet-Nozulu.jpg?fit=300%2C300&ssl=1&resize=350%2C200","width":350,"height":200},"classes":[]},{"id":9251,"url":"https:\/\/tuzlahortum.com.tr\/ar\/product\/kumlama-nozulu-gomme-kopya\/","url_meta":{"origin":8063,"position":1},"title":"\u0641\u0648\u0647\u0629 \u0627\u0644\u0633\u0641\u0639 \u0627\u0644\u0631\u0645\u0644\u064a - \u063a\u0627\u0626\u0631\u0629 (Kennametal)","author":"\u0130smail \u00c7elik","date":"21 \u064a\u0646\u0627\u064a\u0631 2020","format":false,"excerpt":"\u0641\u0648\u0647\u0629 \u0627\u0644\u0633\u0641\u0639 \u0627\u0644\u0631\u0645\u0644\u064a - \u063a\u0627\u0626\u0631\u0629 (Kennametal)","rel":"","context":"\u062a\u062f\u0648\u064a\u0646\u0629 \u0645\u0634\u0627\u0628\u0647\u0629","block_context":{"text":"\u062a\u062f\u0648\u064a\u0646\u0629 \u0645\u0634\u0627\u0628\u0647\u0629","link":""},"img":{"alt_text":"","src":"https:\/\/i0.wp.com\/tuzlahortum.com.tr\/wp-content\/uploads\/2020\/01\/Kennametal-Nozul-5.jpeg?fit=900%2C1200&ssl=1&resize=350%2C200","width":350,"height":200,"srcset":"https:\/\/i0.wp.com\/tuzlahortum.com.tr\/wp-content\/uploads\/2020\/01\/Kennametal-Nozul-5.jpeg?fit=900%2C1200&ssl=1&resize=350%2C200 1x, https:\/\/i0.wp.com\/tuzlahortum.com.tr\/wp-content\/uploads\/2020\/01\/Kennametal-Nozul-5.jpeg?fit=900%2C1200&ssl=1&resize=525%2C300 1.5x, https:\/\/i0.wp.com\/tuzlahortum.com.tr\/wp-content\/uploads\/2020\/01\/Kennametal-Nozul-5.jpeg?fit=900%2C1200&ssl=1&resize=700%2C400 2x"},"classes":[]},{"id":973,"url":"https:\/\/tuzlahortum.com.tr\/ar\/product\/plastik-sis-nozulu\/","url_meta":{"origin":8063,"position":2},"title":"\u0641\u0648\u0647\u0629 \u0636\u0628\u0627\u0628 \u0628\u0644\u0627\u0633\u062a\u064a\u0643\u064a\u0629 (\u0627\u062a\u062d\u0627\u062f \u0623\u0635\u0641\u0631)","author":"admin","date":"7 \u0641\u0628\u0631\u0627\u064a\u0631 2019","format":false,"excerpt":"\u0641\u0648\u0647\u0629 \u0636\u0628\u0627\u0628 \u0628\u0644\u0627\u0633\u062a\u064a\u0643\u064a\u0629 (\u0627\u062a\u062d\u0627\u062f \u0623\u0635\u0641\u0631)","rel":"","context":"\u062a\u062f\u0648\u064a\u0646\u0629 \u0645\u0634\u0627\u0628\u0647\u0629","block_context":{"text":"\u062a\u062f\u0648\u064a\u0646\u0629 \u0645\u0634\u0627\u0628\u0647\u0629","link":""},"img":{"alt_text":"","src":"https:\/\/i0.wp.com\/tuzlahortum.com.tr\/wp-content\/uploads\/2019\/02\/Plastik-Sis-Nozulu.jpg?fit=300%2C300&ssl=1&resize=350%2C200","width":350,"height":200},"classes":[]},{"id":768,"url":"https:\/\/tuzlahortum.com.tr\/ar\/product\/kumlama-nozulu-boron-carbide\/","url_meta":{"origin":8063,"position":3},"title":"\u0641\u0648\u0647\u0629 \u0627\u0644\u0633\u0641\u0639 \u0627\u0644\u0631\u0645\u0644\u064a (\u0643\u0631\u0628\u064a\u062f \u0627\u0644\u0628\u0648\u0631\u0648\u0646)","author":"admin","date":"6 \u0641\u0628\u0631\u0627\u064a\u0631 2019","format":false,"excerpt":"Kumlama Nozulu (Boron Carbide)\u00a0Boron carbide \u00f6zelli\u011fine sahip 1000 saat \u00e7al\u0131\u015fma kapasiteli kumlama nozuludur. 6,5mm den 12,5mm delik \u00e7aplar\u0131na kadar kullan\u0131m alan\u0131n\u0131za g\u00f6re tercih edebilirsiniz. 130mm uzunlu\u011fundad\u0131r.","rel":"","context":"\u062a\u062f\u0648\u064a\u0646\u0629 \u0645\u0634\u0627\u0628\u0647\u0629","block_context":{"text":"\u062a\u062f\u0648\u064a\u0646\u0629 \u0645\u0634\u0627\u0628\u0647\u0629","link":""},"img":{"alt_text":"","src":"https:\/\/i0.wp.com\/tuzlahortum.com.tr\/wp-content\/uploads\/urunler\/Kumlama\/kumlama_nozulu.jpg?fit=380%2C298&ssl=1&resize=350%2C200","width":350,"height":200},"classes":[]},{"id":9054,"url":"https:\/\/tuzlahortum.com.tr\/ar\/product\/kumlama-nozulu-performer-nozul-1000\/","url_meta":{"origin":8063,"position":4},"title":"\u0641\u0648\u0647\u0629 \u0627\u0644\u0633\u0641\u0639 \u0627\u0644\u0631\u0645\u0644\u064a - \u0641\u0648\u0647\u0629 \u0627\u0644\u0645\u0624\u062f\u064a 1000","author":"\u0130smail \u00c7elik","date":"9 \u0623\u0628\u0631\u064a\u0644 2019","format":false,"excerpt":"\u0641\u0648\u0647\u0629 \u0627\u0644\u0633\u0641\u0639 \u0628\u0627\u0644\u0631\u0645\u0644 - \u0641\u0648\u0647\u0629 \u0627\u0644\u0633\u0641\u0639 \u0628\u0627\u0644\u0631\u0645\u0644 - \u0641\u0648\u0647\u0629 Performer Nozzle 1000Performer \u0647\u0648 \u0637\u0631\u0627\u0632 \u0645\u062a\u0637\u0648\u0631 \u0630\u0648 \u0623\u062f\u0627\u0621 \u0639\u0627\u0644\u064d. \u0648\u0647\u064a \u0645\u0632\u0648\u062f\u0629 \u0628\u0628\u0637\u0627\u0646\u0629 \u0639\u0627\u0644\u064a\u0629 \u0627\u0644\u0645\u0642\u0627\u0648\u0645\u0629 \u0644\u0644\u062a\u0622\u0643\u0644 \u0648\u063a\u0637\u0627\u0621 \u0642\u0648\u064a \u0648\u062e\u0641\u064a\u0641 \u0627\u0644\u0648\u0632\u0646 \u0645\u0646 \u0627\u0644\u0628\u0648\u0644\u064a \u064a\u0648\u0631\u064a\u062b\u064a\u0646. \u0633\u0644\u0633\u0644\u0629 \u0641\u0648\u0647\u0627\u062a \u0627\u0644\u0633\u0641\u0639 \u0627\u0644\u0631\u0645\u0644\u064a \u0643\u0648\u0646\u062a\u0631\u0627\u0643\u0648\u0631 Performer Performer \u0645\u0646\u0627\u0633\u0628\u0629 \u0644\u0623\u0643\u0633\u064a\u062f \u0627\u0644\u0623\u0644\u0648\u0645\u0646\u064a\u0648\u0645 \u0623\u0648 \u0643\u0631\u0628\u064a\u062f \u0627\u0644\u0633\u064a\u0644\u064a\u0643\u0648\u0646 \u0623\u0648 \u062d\u0635\u0649 \u0627\u0644\u0641\u0648\u0644\u0627\u0630 \u0623\u0648 \u0627\u0644\u0633\u0641\u0639 \u0627\u0644\u0631\u0645\u0644\u064a \u0639\u0627\u0644\u064a \u0627\u0644\u0643\u0634\u0637. \u0645\u062a\u0648\u0641\u0631\u0629 \u0628\u062e\u0645\u0633\u0629 \u0623\u062d\u062c\u0627\u0645 \u0645\u062e\u062a\u0644\u0641\u0629. \u0645\u0646 \u0627\u0644\u0645\u0645\u0643\u0646 \u0636\u0628\u0637 \u0625\u0645\u062f\u0627\u062f \u0627\u0644\u0647\u0648\u0627\u0621 \u0627\u0644\u0645\u0636\u063a\u0648\u0637 \u0648...","rel":"","context":"\u062a\u062f\u0648\u064a\u0646\u0629 \u0645\u0634\u0627\u0628\u0647\u0629","block_context":{"text":"\u062a\u062f\u0648\u064a\u0646\u0629 \u0645\u0634\u0627\u0628\u0647\u0629","link":""},"img":{"alt_text":"","src":"https:\/\/i0.wp.com\/tuzlahortum.com.tr\/wp-content\/uploads\/2019\/04\/performer-1000.png?fit=650%2C325&ssl=1&resize=350%2C200","width":350,"height":200,"srcset":"https:\/\/i0.wp.com\/tuzlahortum.com.tr\/wp-content\/uploads\/2019\/04\/performer-1000.png?fit=650%2C325&ssl=1&resize=350%2C200 1x, https:\/\/i0.wp.com\/tuzlahortum.com.tr\/wp-content\/uploads\/2019\/04\/performer-1000.png?fit=650%2C325&ssl=1&resize=525%2C300 1.5x"},"classes":[]},{"id":9042,"url":"https:\/\/tuzlahortum.com.tr\/ar\/product\/kumlama-nozulu-performer-nozul-400\/","url_meta":{"origin":8063,"position":5},"title":"\u0641\u0648\u0647\u0629 \u0627\u0644\u0633\u0641\u0639 \u0627\u0644\u0631\u0645\u0644\u064a - \u0641\u0648\u0647\u0629 \u0627\u0644\u0623\u062f\u0627\u0621 400","author":"\u0130smail \u00c7elik","date":"9 \u0623\u0628\u0631\u064a\u0644 2019","format":false,"excerpt":"\u0641\u0648\u0647\u0629 \u0627\u0644\u0633\u0641\u0639 \u0628\u0627\u0644\u0631\u0645\u0644 - \u0641\u0648\u0647\u0629 \u0627\u0644\u0633\u0641\u0639 \u0628\u0627\u0644\u0631\u0645\u0644 - \u0641\u0648\u0647\u0629 Performer Nozzle 400Performer \u0647\u0648 \u0637\u0631\u0627\u0632 \u0645\u062a\u0637\u0648\u0631 \u0630\u0648 \u0623\u062f\u0627\u0621 \u0639\u0627\u0644\u064d. \u0648\u0647\u064a \u0645\u0632\u0648\u062f\u0629 \u0628\u0628\u0637\u0627\u0646\u0629 \u0639\u0627\u0644\u064a\u0629 \u0627\u0644\u0645\u0642\u0627\u0648\u0645\u0629 \u0644\u0644\u062a\u0622\u0643\u0644 \u0648\u063a\u0637\u0627\u0621 \u0642\u0648\u064a \u0648\u062e\u0641\u064a\u0641 \u0627\u0644\u0648\u0632\u0646 \u0645\u0646 \u0627\u0644\u0628\u0648\u0644\u064a \u064a\u0648\u0631\u064a\u062b\u064a\u0646. \u0633\u0644\u0633\u0644\u0629 Contracor Performer Performer \u0645\u0646 \u0641\u0648\u0647\u0627\u062a \u0627\u0644\u0633\u0641\u0639 \u0627\u0644\u0631\u0645\u0644\u064a \u0645\u0646\u0627\u0633\u0628\u0629 \u0644\u0623\u0643\u0633\u064a\u062f \u0627\u0644\u0623\u0644\u0648\u0645\u0646\u064a\u0648\u0645 \u0623\u0648 \u0643\u0631\u0628\u064a\u062f \u0627\u0644\u0633\u064a\u0644\u064a\u0643\u0648\u0646 \u0623\u0648 \u062d\u0635\u0649 \u0627\u0644\u0641\u0648\u0644\u0627\u0630 \u0623\u0648 \u0627\u0644\u0633\u0641\u0639 \u0627\u0644\u0631\u0645\u0644\u064a \u0639\u0627\u0644\u064a \u0627\u0644\u0643\u0634\u0637. \u0645\u062a\u0648\u0641\u0631\u0629 \u0628\u062e\u0645\u0633\u0629 \u0623\u062d\u062c\u0627\u0645 \u0645\u062e\u062a\u0644\u0641\u0629. \u0645\u0646 \u0627\u0644\u0645\u0645\u0643\u0646 \u0636\u0628\u0637 \u0625\u0645\u062f\u0627\u062f \u0627\u0644\u0647\u0648\u0627\u0621 \u0627\u0644\u0645\u0636\u063a\u0648\u0637 \u0648...","rel":"","context":"\u062a\u062f\u0648\u064a\u0646\u0629 \u0645\u0634\u0627\u0628\u0647\u0629","block_context":{"text":"\u062a\u062f\u0648\u064a\u0646\u0629 \u0645\u0634\u0627\u0628\u0647\u0629","link":""},"img":{"alt_text":"","src":"https:\/\/i0.wp.com\/tuzlahortum.com.tr\/wp-content\/uploads\/2019\/04\/performer-400.png?fit=650%2C323&ssl=1&resize=350%2C200","width":350,"height":200,"srcset":"https:\/\/i0.wp.com\/tuzlahortum.com.tr\/wp-content\/uploads\/2019\/04\/performer-400.png?fit=650%2C323&ssl=1&resize=350%2C200 1x, https:\/\/i0.wp.com\/tuzlahortum.com.tr\/wp-content\/uploads\/2019\/04\/performer-400.png?fit=650%2C323&ssl=1&resize=525%2C300 1.5x"},"classes":[]}],"jetpack_sharing_enabled":true,"jetpack_likes_enabled":true,"_links":{"self":[{"href":"https:\/\/tuzlahortum.com.tr\/ar\/wp-json\/wp\/v2\/product\/8063","targetHints":{"allow":["GET"]}}],"collection":[{"href":"https:\/\/tuzlahortum.com.tr\/ar\/wp-json\/wp\/v2\/product"}],"about":[{"href":"https:\/\/tuzlahortum.com.tr\/ar\/wp-json\/wp\/v2\/types\/product"}],"replies":[{"embeddable":true,"href":"https:\/\/tuzlahortum.com.tr\/ar\/wp-json\/wp\/v2\/comments?post=8063"}],"wp:featuredmedia":[{"embeddable":true,"href":"https:\/\/tuzlahortum.com.tr\/ar\/wp-json\/wp\/v2\/media\/8065"}],"wp:attachment":[{"href":"https:\/\/tuzlahortum.com.tr\/ar\/wp-json\/wp\/v2\/media?parent=8063"}],"wp:term":[{"taxonomy":"product_brand","embeddable":true,"href":"https:\/\/tuzlahortum.com.tr\/ar\/wp-json\/wp\/v2\/product_brand?post=8063"},{"taxonomy":"product_cat","embeddable":true,"href":"https:\/\/tuzlahortum.com.tr\/ar\/wp-json\/wp\/v2\/product_cat?post=8063"},{"taxonomy":"product_tag","embeddable":true,"href":"https:\/\/tuzlahortum.com.tr\/ar\/wp-json\/wp\/v2\/product_tag?post=8063"}],"curies":[{"name":"\u062f\u0628\u0644\u064a\u0648 \u0628\u064a","href":"https:\/\/api.w.org\/{rel}","templated":true}]}}