{"id":801,"date":"2019-02-06T23:54:04","date_gmt":"2019-02-06T20:54:04","guid":{"rendered":"http:\/\/hortum.com.tr\/product\/import-placeholder-for-271\/"},"modified":"2024-03-21T17:42:18","modified_gmt":"2024-03-21T14:42:18","slug":"paslanmaz-flex-hortum","status":"publish","type":"product","link":"https:\/\/tuzlahortum.com.tr\/ar\/product\/paslanmaz-flex-hortum\/","title":{"rendered":"\u062e\u0631\u0637\u0648\u0645 \u0645\u0631\u0646 \u063a\u064a\u0631 \u0627\u0644\u0642\u0627\u0628\u0644 \u0644\u0644\u0635\u062f\u0623"},"content":{"rendered":"<h2>\u062e\u0631\u0637\u0648\u0645 \u0645\u0631\u0646 \u063a\u064a\u0631 \u0627\u0644\u0642\u0627\u0628\u0644 \u0644\u0644\u0635\u062f\u0623<\/h2>\n<p><strong>\u064a\u062a\u0645 \u0625\u062c\u0631\u0627\u0621 \u0627\u0642\u062a\u0631\u0627\u0646 \u0648\u0634\u0641\u0629 \u0644\u0623\u0648\u0627\u0645\u0631 \u062e\u0627\u0635\u0629 \u0639\u0644\u0649 \u0623\u0637\u0631\u0627\u0641 \u0627\u0644\u062e\u0631\u0637\u0648\u0645<\/strong><\/p>\n<p>1. \u0645\u0646\u0641\u0627\u062e \u0627\u0644\u062e\u0631\u0627\u0637\u064a\u0645: AISI 304 \u060c \u0633\u0644\u0643 \u0645\u0636\u0641\u0631 AISI 304 \u0641\u0648\u0644\u0627\u0630 \u0645\u0642\u0627\u0648\u0645 \u0644\u0644\u0635\u062f\u0623 \u0639\u0627\u0644\u064a \u0627\u0644\u062c\u0648\u062f\u0629.<\/p>\n<p>2. \u0646\u0637\u0627\u0642 \u062f\u0631\u062c\u0629 \u0627\u0644\u062d\u0631\u0627\u0631\u0629: -250 \u062f\u0631\u062c\u0629 \u0645\u0626\u0648\u064a\u0629 \u0625\u0644\u0649 +500 \u062f\u0631\u062c\u0629 \u0645\u0626\u0648\u064a\u0629<\/p>\n<p>3. \u0627\u0631\u062a\u0641\u0627\u0639 \u0627\u0644\u0634\u062f \u0627\u0644\u0645\u0627\u062f\u064a \u0648\u062e\u0641\u0629<\/p>\n<p>4. \u0627\u0644\u0645\u0636\u0627\u062f\u0629 \u0644\u0644\u062a\u0622\u0643\u0644<\/p>\n<p>5. \u0645\u0642\u0627\u0648\u0645\u0629 \u0644\u0644\u062d\u0631\u064a\u0642 \u0648\u0627\u0644\u0631\u0637\u0648\u0628\u0629 \u0648\u0627\u0644\u062a\u0622\u0643\u0644 \u0648\u0627\u0644\u0633\u0627\u0626\u0644 panetrating<\/p>\n<p>6. \u0645\u0636\u062e\u0629 \u060c \u0636\u0627\u063a\u0637 \u060c \u0645\u062d\u0631\u0643 \u0625\u0644\u062e. \u062a\u0645\u062a\u0635 \u0623\u0635\u0648\u0627\u062a \u0627\u0644\u0622\u0644\u0629 \u0648\u0627\u0644\u0627\u0647\u062a\u0632\u0627\u0632\u0627\u062a.<\/p>\n<p>7. \u064a\u0633\u062a\u0642\u0631 \u0627\u0644\u062d\u0631\u0643\u0627\u062a \u0627\u0644\u062b\u0627\u0628\u062a\u0629 \u0623\u0648 \u0627\u0644\u0645\u062a\u0642\u0637\u0639\u0629. .<\/p>\n<p>8. \u064a\u0648\u0627\u0632\u0646 \u062d\u0627\u0644\u0627\u062a \u0627\u0644\u062a\u0645\u062f\u062f \u0627\u0644\u062d\u0631\u0627\u0631\u064a \u0623\u0648 \u0623\u0646\u0627\u0628\u064a\u0628 \u0627\u0644\u0627\u0646\u0643\u0645\u0627\u0634.<\/p>\n<p>9. \u064a\u0648\u0641\u0631 \u062d\u0644\u0627\u064b \u0633\u0631\u064a\u0639\u064b\u0627 \u0648\u0645\u0631\u0646\u064b\u0627 \u0639\u0646\u062f \u0627\u0644\u0636\u063a\u0637 \u0639\u0644\u0649 \u0627\u0644\u0623\u0646\u0627\u0628\u064a\u0628 \u0627\u0644\u0635\u0644\u0628\u0629.<\/p>\n<p>10. \u0627\u0644\u062a\u0631\u0643\u064a\u0628: \u0634\u0641\u0629 \u062f\u0648\u0627\u0631\u0629 \u060c \u0634\u0641\u0629 \u062b\u0627\u0628\u062a\u0629 \u060c \u0631\u0642\u0628\u0629 \u0645\u0644\u062d\u0648\u0645\u0629 \u060c \u062d\u0644\u0645\u0629 \u0623\u0648 \u0627\u062a\u062d\u0627\u062f. \u0641\u064a \u0639\u0645\u0644\u064a\u0629 \u0627\u0644\u0627\u0646\u0636\u0645\u0627\u0645 \u060c \u064a\u062a\u0645 \u0625\u062c\u0631\u0627\u0621 \u0627\u0644\u0644\u062d\u0627\u0645 \u0627\u0644\u0623\u0635\u0641\u0631 \u0648\u0627\u0644\u0623\u0631\u062c\u0648\u0646 \u0627\u062e\u062a\u064a\u0627\u0631\u064a\u064b\u0627.<\/p>\n<p><strong>\u0645\u0646\u0627\u0637\u0642 \u0627\u0644\u0627\u0633\u062a\u062e\u062f\u0627\u0645<\/strong><\/p>\n<p>\u0627\u0644\u0645\u0635\u0627\u0641\u064a \u0648\u0645\u062d\u0637\u0627\u062a \u0627\u0644\u0637\u0627\u0642\u0629 \u0648\u0645\u0635\u0627\u0646\u0639 \u0627\u0644\u0635\u0644\u0628 \u0648\u0645\u062d\u0637\u0627\u062a \u0627\u0644\u0637\u0627\u0642\u0629 \u0627\u0644\u0646\u0648\u0648\u064a\u0629 \u0648\u0627\u0644\u0635\u0646\u0627\u0639\u0627\u062a \u0627\u0644\u062f\u0648\u0627\u0626\u064a\u0629 \u0648\u0627\u0644\u0635\u0646\u0627\u0639\u0627\u062a \u0627\u0644\u0643\u064a\u0645\u0627\u0648\u064a\u0629 \u0648\u0627\u0644\u0645\u0631\u0627\u062c\u0644 \u0648\u0635\u0646\u0627\u0639\u0629 \u0627\u0644\u0623\u0631\u0636\u064a\u0627\u062a \u0648\u0623\u0646\u0638\u0645\u0629 \u0627\u0644\u0646\u0641\u0637 \u0648\u0635\u0646\u0627\u0639\u0629 \u0627\u0644\u0633\u064a\u0627\u0631\u0627\u062a \u0648\u0627\u0644\u0628\u062e\u0627\u0631 \u0648\u0623\u0646\u0638\u0645\u0629 \u0627\u0644\u0645\u0627\u0621 \u0627\u0644\u0633\u0627\u062e\u0646 \u0648\u0627\u0644\u0647\u0648\u0627\u0621 \u0627\u0644\u0645\u0636\u063a\u0648\u0637 \u0648\u0623\u0646\u0638\u0645\u0629 \u0627\u0644\u0641\u0631\u0627\u063a \u0648\u0635\u0646\u0627\u0639\u0629 \u0627\u0644\u062f\u0641\u0627\u0639.<\/p>\n<p><img data-recalc-dims=\"1\" height=\"100\" width=\"100\" decoding=\"async\" src=\"https:\/\/i0.wp.com\/tuzlahortum.com.tr\/image\/cache\/data\/urunler\/FLAN%C5%9ELI%20PASLANMAZ%20HORTUM.-100x100.jpg?resize=100%2C100\" alt=\"\" title=\"\"><img data-recalc-dims=\"1\" height=\"100\" width=\"100\" decoding=\"async\" src=\"https:\/\/i0.wp.com\/tuzlahortum.com.tr\/image\/cache\/data\/urunler\/FLAN%C5%9ELI%20PASLANMAZ%20HORT.2.-100x100.jpg?resize=100%2C100\" alt=\"\" title=\"\"><img data-recalc-dims=\"1\" height=\"100\" width=\"100\" decoding=\"async\" src=\"https:\/\/i0.wp.com\/tuzlahortum.com.tr\/image\/cache\/data\/urunler\/paslanmaz_flex_hortum-100x100.jpg?resize=100%2C100\" alt=\"\" title=\"\"><img data-recalc-dims=\"1\" height=\"100\" width=\"100\" decoding=\"async\" src=\"https:\/\/i0.wp.com\/tuzlahortum.com.tr\/image\/cache\/data\/urunler\/FLAN%C5%9ELI%20REKORLU%20PASLANMAZ%20HORTUM.-100x100.jpg?resize=100%2C100\" alt=\"\" title=\"\"><div class=\"video video-fit mb\" style=\"padding-top:56.25%;\"><p><iframe loading=\"lazy\" title=\"\u0627\u0631\u062a\u0628\u0627\u0643 \u0627\u0644\u0642\u064a\u0627\u0633 (\u0628\u0648\u0635\u0629\u060c \u0625\u0635\u0628\u0639\u060c \u0636\u0628\u0627\u0628\u060c \u0645\u0644\u0644\u064a\u0645\u062a\u0631)\" width=\"1020\" height=\"574\" src=\"https:\/\/www.youtube.com\/embed\/uKk6AG_AZls?feature=oembed\" frameborder=\"0\" allow=\"accelerometer; autoplay; clipboard-write; encrypted-media; gyroscope; picture-in-picture; web-share\" referrerpolicy=\"strict-origin-when-cross-origin\" allowfullscreen><\/iframe><\/p>\n<\/div>","protected":false},"excerpt":{"rendered":"<p>Paslanmaz Flex Hortum \u00d6ZEL S\u0130PAR\u0130\u015eLER HORTUM U\u00c7LARINA REKOR VE FLAN\u015e YAPILIR 1. Hortum k\u00f6r\u00fc\u011f\u00fc :AISI 304, tel \u00f6rg\u00fcs\u00fc AISI 304\u00a0kalite paslanmaz \u00e7elik. 2. S\u0131cakl\u0131k aral\u0131\u011f\u0131 : -250\u00b0C\u00a0\u00a0ile +500\u00b0C 3. Y\u00fcksek fiziksel gerilme ve hafiflik 4. Korozyon onleyici 5. Ate\u015fe, neme, a\u015f\u0131nmaya ve panetran s\u0131v\u0131ya dayan\u0131kl\u0131 6. Pompa, Kompres\u00f6r, Motor vb. makinelarin seslerini\u00a0ve titreimleri absorbe eder. [&#8230;]\n","protected":false},"featured_media":1025,"comment_status":"open","ping_status":"closed","template":"","meta":{"jetpack_post_was_ever_published":false},"product_brand":[],"product_cat":[88],"product_tag":[1004,683,1007,1006,685,1011,1010,1009,1003,1008,1013,856,1005,1014,1012],"class_list":{"0":"post-801","1":"product","2":"type-product","3":"status-publish","4":"has-post-thumbnail","6":"product_cat-hidrolik-hortumlar","7":"product_tag-absorbe","8":"product_tag-buhar","9":"product_tag-celik-tesislerinde","10":"product_tag-guc-tesislerinde","11":"product_tag-ilac-endustrisinde","12":"product_tag-kat-sanayisinde","13":"product_tag-kazanlarda","14":"product_tag-kimya-endustrisinde","15":"product_tag-korozyon","16":"product_tag-nukleer-santrallerinde","17":"product_tag-otomotiv-endustrisinde","18":"product_tag-paslanmaz-celik","19":"product_tag-rafinerilerde","20":"product_tag-sicak-su-v","21":"product_tag-yag-sistemlerinde","23":"first","24":"instock","25":"featured","26":"taxable","27":"shipping-taxable","28":"product-type-variable"},"jetpack-related-posts":[],"jetpack_sharing_enabled":true,"jetpack_likes_enabled":true,"_links":{"self":[{"href":"https:\/\/tuzlahortum.com.tr\/ar\/wp-json\/wp\/v2\/product\/801","targetHints":{"allow":["GET"]}}],"collection":[{"href":"https:\/\/tuzlahortum.com.tr\/ar\/wp-json\/wp\/v2\/product"}],"about":[{"href":"https:\/\/tuzlahortum.com.tr\/ar\/wp-json\/wp\/v2\/types\/product"}],"replies":[{"embeddable":true,"href":"https:\/\/tuzlahortum.com.tr\/ar\/wp-json\/wp\/v2\/comments?post=801"}],"wp:featuredmedia":[{"embeddable":true,"href":"https:\/\/tuzlahortum.com.tr\/ar\/wp-json\/wp\/v2\/media\/1025"}],"wp:attachment":[{"href":"https:\/\/tuzlahortum.com.tr\/ar\/wp-json\/wp\/v2\/media?parent=801"}],"wp:term":[{"taxonomy":"product_brand","embeddable":true,"href":"https:\/\/tuzlahortum.com.tr\/ar\/wp-json\/wp\/v2\/product_brand?post=801"},{"taxonomy":"product_cat","embeddable":true,"href":"https:\/\/tuzlahortum.com.tr\/ar\/wp-json\/wp\/v2\/product_cat?post=801"},{"taxonomy":"product_tag","embeddable":true,"href":"https:\/\/tuzlahortum.com.tr\/ar\/wp-json\/wp\/v2\/product_tag?post=801"}],"curies":[{"name":"\u062f\u0628\u0644\u064a\u0648 \u0628\u064a","href":"https:\/\/api.w.org\/{rel}","templated":true}]}}