{"id":796,"date":"2019-02-06T23:54:03","date_gmt":"2019-02-06T20:54:03","guid":{"rendered":"http:\/\/hortum.com.tr\/product\/import-placeholder-for-411\/"},"modified":"2024-03-21T17:42:22","modified_gmt":"2024-03-21T14:42:22","slug":"tup-dolabi","status":"publish","type":"product","link":"https:\/\/tuzlahortum.com.tr\/ar\/product\/tup-dolabi\/","title":{"rendered":"\u062e\u0632\u0627\u0646\u0629 \u0627\u0644\u0623\u0646\u0628\u0648\u0628 (65 \u00d7 21)"},"content":{"rendered":"<h2>\u062e\u0632\u0627\u0646\u0629 \u0627\u0644\u0623\u0646\u0628\u0648\u0628 (65 \u00d7 21)<\/h2>\n<h3>\u0645\u0642\u0627\u0633 65 * 21<\/h3>\n<div class=\"row\">\n<table class=\"table table-bordered span2\">\n<thead>\n<tr>\n<th>\u063a\u0637\u0627\u0621 \u0645\u0639\u062f\u0646\u064a \u0628\u0648\u0631\u0642<\/th>\n<th>\u0628\u0627\u0628 \u0632\u062c\u0627\u062c\u064a \u0634\u0637\u0641<\/th>\n<\/tr>\n<\/thead>\n<tbody>\n<tr>\n<td>PI-328<\/td>\n<td>PI-329<\/td>\n<\/tr>\n<\/tbody>\n<\/table>\n<\/div>","protected":false},"excerpt":{"rendered":"<p>T\u00fcp Dolab\u0131(65&#215;21) \u00d6L\u00c7\u00dc 65*21 SIVA \u00dcST\u00dc SAC KAPAK SIVA ALTI CAM KAPAK P\u0130-328 P\u0130-329<\/p>","protected":false},"featured_media":7309,"comment_status":"open","ping_status":"closed","template":"","meta":[],"product_brand":[],"product_cat":[116],"product_tag":[990,987,348,955,347,988,989,256,352],"class_list":{"0":"post-796","1":"product","2":"type-product","3":"status-publish","4":"has-post-thumbnail","6":"product_cat-makarali-modeller","7":"product_tag-cam-kapak","8":"product_tag-dolap","9":"product_tag-sac-kapak","10":"product_tag-siva-alti","11":"product_tag-siva-ustu","12":"product_tag-tup","13":"product_tag-tup-dolabi","14":"product_tag-yangin","15":"product_tag-yangin-dolabi","17":"first","18":"instock","19":"taxable","20":"shipping-taxable","21":"product-type-simple"},"jetpack-related-posts":[{"id":925,"url":"https:\/\/tuzlahortum.com.tr\/ar\/product\/tek-kapi-siva-ustu-cam-kapakli-sulu-sistem\/","url_meta":{"origin":796,"position":0},"title":"\u0628\u0627\u0628 \u0648\u0627\u062d\u062f \u2013 \u0633\u0637\u062d\u064a \u0628\u063a\u0637\u0627\u0621 \u0632\u062c\u0627\u062c\u064a (\u0646\u0638\u0627\u0645 \u0645\u0627\u0626\u064a) (70\u00d765)","author":"admin","date":"6 \u0641\u0628\u0631\u0627\u064a\u0631 2019","format":false,"excerpt":"Tek Kap\u0131 - S\u0131va \u00dcst\u00fc Cam Kapakl\u0131 (Sulu Sistem)(70x65)\u00d6L\u00c7\u00dc 70*651\" TS EN 694 yar\u0131 sert kau\u00e7uk yang\u0131n hortumu1\" jet sprey lans(nozul)\u00a020 MT25 MT30 MT1\" TSE K\u00fcresel Vanal\u0131P\u0130-115P\u0130-116P\u0130-1172\" Yang\u0131n Vanal\u0131 ( 2>1'e D\u00f6n\u00fc\u015ft\u00fcr\u00fcc\u00fcl\u00fc )P\u0130-215P\u0130-216P\u0130-217","rel":"","context":"\u062a\u062f\u0648\u064a\u0646\u0629 \u0645\u0634\u0627\u0628\u0647\u0629","block_context":{"text":"\u062a\u062f\u0648\u064a\u0646\u0629 \u0645\u0634\u0627\u0628\u0647\u0629","link":""},"img":{"alt_text":"","src":"https:\/\/i0.wp.com\/tuzlahortum.com.tr\/wp-content\/uploads\/2019\/03\/s%C4%B1va-alt%C4%B1-cam-kapakl%C4%B1-ekonomik-1.jpg?fit=347%2C408&ssl=1&resize=350%2C200","width":350,"height":200},"classes":[]},{"id":927,"url":"https:\/\/tuzlahortum.com.tr\/ar\/product\/cift-kapakli-siva-ustu-cam-kapakli-sulu-sistem\/","url_meta":{"origin":796,"position":1},"title":"\u0628\u0627\u0628 \u0645\u0632\u062f\u0648\u062c \u2013 \u063a\u0637\u0627\u0621 \u0632\u062c\u0627\u062c\u064a \u0645\u062b\u0628\u062a \u0639\u0644\u0649 \u0627\u0644\u0633\u0637\u062d (\u0646\u0638\u0627\u0645 \u0627\u0644\u0645\u064a\u0627\u0647) (65\u00d785)","author":"admin","date":"6 \u0641\u0628\u0631\u0627\u064a\u0631 2019","format":false,"excerpt":"\u0645\u0632\u062f\u0648\u062c \u0627\u0644\u0628\u0627\u0628 - \u063a\u0637\u0627\u0621 \u0632\u062c\u0627\u062c\u064a \u0645\u062b\u0628\u062a \u0639\u0644\u0649 \u0627\u0644\u0633\u0637\u062d (\u0646\u0638\u0627\u0645 \u0631\u0637\u0628) (65 \u00d7 85)\n\u0627\u0644\u062d\u062c\u0645 65 \u00d7 85\n\u062e\u0631\u0637\u0648\u0645 \u0645\u0637\u0627\u0637\u064a \u0634\u0628\u0647 \u0635\u0644\u0628 \u0645\u0642\u0627\u0648\u0645 \u0644\u0644\u062d\u0631\u064a\u0642 1 \u0628\u0648\u0635\u0629 TS EN 694\n\u0641\u0648\u0647\u0629 \u0628\u062e\u0627\u062e \u0646\u0641\u0627\u062b 1 \u0628\u0648\u0635\u0629\n20 \u0645\n25 \u0645\n30 \u0645\n\u0635\u0645\u0627\u0645 \u0643\u0631\u0648\u064a 1 \u0628\u0648\u0635\u0629 \u0645\u0644\u062a\u0632\u0645 \u0628\u0645\u0639\u0627\u064a\u064a\u0631 TSE\nP\u0130-135\nP\u0130-136\nP\u0130-137\n\u0635\u0645\u0627\u0645 \u062d\u0631\u064a\u0642 2 \u0628\u0648\u0635\u0629 (\u0645\u0639 \u0645\u062d\u0648\u0644 2&gt;1)\nP\u0130-235\nP\u0130-236\nP\u0130-237","rel":"","context":"\u062a\u062f\u0648\u064a\u0646\u0629 \u0645\u0634\u0627\u0628\u0647\u0629","block_context":{"text":"\u062a\u062f\u0648\u064a\u0646\u0629 \u0645\u0634\u0627\u0628\u0647\u0629","link":""},"img":{"alt_text":"","src":"https:\/\/i0.wp.com\/tuzlahortum.com.tr\/wp-content\/uploads\/2019\/03\/%C3%87ift-Kapakl%C4%B1-S%C4%B1va-%C3%9Cst%C3%BC-Cam-Kapakl%C4%B1-Sulu-Sistem.jpg?fit=475%2C449&ssl=1&resize=350%2C200","width":350,"height":200},"classes":[]},{"id":954,"url":"https:\/\/tuzlahortum.com.tr\/ar\/product\/dik-tip-siva-ustu-cam-kapakli-sulu-sistem\/","url_meta":{"origin":796,"position":2},"title":"\u0627\u0644\u0646\u0648\u0639 \u0627\u0644\u0631\u0623\u0633\u064a \u2013 \u0633\u0637\u062d\u064a \u0628\u063a\u0637\u0627\u0621 \u0632\u062c\u0627\u062c\u064a (\u0646\u0638\u0627\u0645 \u0645\u0627\u0626\u064a) (85\u00d765)","author":"admin","date":"6 \u0641\u0628\u0631\u0627\u064a\u0631 2019","format":false,"excerpt":"\u0637\u0641\u0627\u064a\u0629 \u062d\u0631\u064a\u0642 \u0633\u0645\u064a\u0643\u0629 - \u0628\u063a\u0637\u0627\u0621 \u0632\u062c\u0627\u062c\u064a \u0645\u062b\u0628\u062a \u0639\u0644\u0649 \u0627\u0644\u0633\u0637\u062d (\u0646\u0638\u0627\u0645 \u0645\u0627\u0626\u064a)(85x65)\u0627\u0644\u0645\u0642\u0627\u0633 85*65\u062e\u0631\u0637\u0648\u0645 \u062d\u0631\u064a\u0642 \u0645\u0637\u0627\u0637\u064a \u0634\u0628\u0647 \u0635\u0644\u0628 1 \u0628\u0648\u0635\u0629 TS EN 694\u0641\u0648\u0647\u0629 \u0631\u0634 \u0646\u0641\u0627\u062b\u0629 1 \u0628\u0648\u0635\u062920 \u0645\u062a\u063125 \u0645\u062a\u063130 \u0645\u062a\u0631\u0635\u0645\u0627\u0645 \u0643\u0631\u0648\u064a 1 \u0628\u0648\u0635\u0629 TSEP\u0130-155P\u0130-156P\u0130-157\u0635\u0645\u0627\u0645 \u062d\u0631\u064a\u0642 2 \u0628\u0648\u0635\u0629 (\u0645\u0639 \u0645\u062d\u0648\u0644 2&gt;1)P\u0130-255P\u0130-256P\u0130-257","rel":"","context":"\u062a\u062f\u0648\u064a\u0646\u0629 \u0645\u0634\u0627\u0628\u0647\u0629","block_context":{"text":"\u062a\u062f\u0648\u064a\u0646\u0629 \u0645\u0634\u0627\u0628\u0647\u0629","link":""},"img":{"alt_text":"","src":"https:\/\/i0.wp.com\/tuzlahortum.com.tr\/wp-content\/uploads\/2019\/03\/Dik-Tip-S%C4%B1va-%C3%9Cst%C3%BC-Cam-Kapakl%C4%B1-Sulu-Sistem.jpg?fit=388%2C480&ssl=1&resize=350%2C200","width":350,"height":200},"classes":[]},{"id":957,"url":"https:\/\/tuzlahortum.com.tr\/ar\/product\/cift-kapi-siva-ustu-sac-kapakli-kuru-sistem\/","url_meta":{"origin":796,"position":3},"title":"\u0628\u0627\u0628 \u0645\u0632\u062f\u0648\u062c \u2013 \u0645\u062b\u0628\u062a \u0639\u0644\u0649 \u0627\u0644\u0633\u0637\u062d \u0628\u063a\u0637\u0627\u0621 \u0648\u0631\u0642\u064a (\u0627\u0644\u0646\u0638\u0627\u0645 \u0627\u0644\u062c\u0627\u0641) (65\u00d785)","author":"admin","date":"6 \u0641\u0628\u0631\u0627\u064a\u0631 2019","format":false,"excerpt":"\u00c7ift Kap\u0131 - S\u0131va \u00dcst\u00fc Sa\u00e7 Kapakl\u0131 (Kuru Sistem)(65x85)\u00d6L\u00c7\u00dc 65*85 2\" bez yang\u0131n hortumu (30 AT\u00dc) 2\" yang\u0131n vanas\u0131(rakorlu) 2\" jet lans(rakorlu) 20 MT 25 MT 30 MT P\u0130-290 P\u0130-291 P\u0130-292","rel":"","context":"\u062a\u062f\u0648\u064a\u0646\u0629 \u0645\u0634\u0627\u0628\u0647\u0629","block_context":{"text":"\u062a\u062f\u0648\u064a\u0646\u0629 \u0645\u0634\u0627\u0628\u0647\u0629","link":""},"img":{"alt_text":"","src":"https:\/\/i0.wp.com\/tuzlahortum.com.tr\/wp-content\/uploads\/2019\/03\/%C3%87ift-Kap%C4%B1-S%C4%B1va-%C3%9Cst%C3%BC-Sa%C3%A7-Kapakl%C4%B1-Kuru-Sistem.jpg?fit=382%2C360&ssl=1&resize=350%2C200","width":350,"height":200},"classes":[]},{"id":952,"url":"https:\/\/tuzlahortum.com.tr\/ar\/product\/tek-kapi-siva-ustu-sac-kapakli-sulu-sistem\/","url_meta":{"origin":796,"position":4},"title":"\u0628\u0627\u0628 \u0648\u0627\u062d\u062f \u2013 \u0633\u0637\u062d\u064a \u0645\u0639 \u063a\u0637\u0627\u0621 (\u0646\u0638\u0627\u0645 \u0645\u0627\u0626\u064a) (70\u00d765)","author":"admin","date":"6 \u0641\u0628\u0631\u0627\u064a\u0631 2019","format":false,"excerpt":"\u0628\u0627\u0628 \u0648\u0627\u062d\u062f - \u0635\u0646\u062f\u0648\u0642 \u062d\u0631\u064a\u0642 \u0633\u0637\u062d\u064a (\u0646\u0638\u0627\u0645 \u0645\u0627\u0626\u064a)(70x65)\u0627\u0644\u0645\u0642\u0627\u0633 70*65\u062e\u0631\u0637\u0648\u0645 \u062d\u0631\u064a\u0642 \u0645\u0637\u0627\u0637\u064a \u0634\u0628\u0647 \u0635\u0644\u0628 1 \u0628\u0648\u0635\u0629 TS EN 694\u0641\u0648\u0647\u0629 \u0631\u0634 \u0646\u0641\u0627\u062b 1 \u0628\u0648\u0635\u062920 \u0645\u062a\u063125 \u0645\u062a\u063130 \u0645\u062a\u0631\u0645\u062d\u0628\u0633 \u0643\u0631\u0648\u064a 1 \u0628\u0648\u0635\u0629 TSE\u0628\u064a-110\u0628\u064a-111\u0628\u064a-112\u0645\u062d \u0628\u0633 \u062d\u0631\u064a\u0642 2 \u0628\u0648\u0635\u0629 (\u0645\u0639 \u0645\u062d\u0648\u0644 2&gt;1)\u0628\u064a-210\u0628\u064a-211\u0628\u064a-212","rel":"","context":"\u062a\u062f\u0648\u064a\u0646\u0629 \u0645\u0634\u0627\u0628\u0647\u0629","block_context":{"text":"\u062a\u062f\u0648\u064a\u0646\u0629 \u0645\u0634\u0627\u0628\u0647\u0629","link":""},"img":{"alt_text":"","src":"https:\/\/i0.wp.com\/tuzlahortum.com.tr\/wp-content\/uploads\/2019\/03\/tek-kap%C4%B1-s%C4%B1va-%C3%BCst%C3%BC-sa%C3%A7-kapakl%C4%B1-sulu.jpg?fit=415%2C489&ssl=1&resize=350%2C200","width":350,"height":200},"classes":[]},{"id":953,"url":"https:\/\/tuzlahortum.com.tr\/ar\/product\/dik-tip-siva-ustu-sac-kapakli-sulu-sistem\/","url_meta":{"origin":796,"position":5},"title":"\u0627\u0644\u0646\u0648\u0639 \u0627\u0644\u0631\u0623\u0633\u064a \u2013 \u0633\u0637\u062d\u064a \u0645\u0639 \u063a\u0637\u0627\u0621 (\u0646\u0638\u0627\u0645 \u0645\u0627\u0626\u064a) (85\u00d765)","author":"admin","date":"6 \u0641\u0628\u0631\u0627\u064a\u0631 2019","format":false,"excerpt":"Dik Tip - S\u0131va \u00dcst\u00fc Sa\u00e7 Kapakl\u0131 (Sulu Sistem)(85x65)\u00d6L\u00c7\u00dc 85*651\" TS EN 694 yar\u0131 sert kau\u00e7uk yang\u0131n hortumu1\" jet sprey lans\u00a020 MT25 MT30 MT1\" TSE K\u00fcresel Vanal\u0131P\u0130-150P\u0130-151P\u0130-1522\" Yang\u0131n Vanal\u0131 ( 2>1'e D\u00f6n\u00fc\u015ft\u00fcr\u00fcc\u00fcl\u00fc )P\u0130-250P\u0130-251P\u0130-252","rel":"","context":"\u062a\u062f\u0648\u064a\u0646\u0629 \u0645\u0634\u0627\u0628\u0647\u0629","block_context":{"text":"\u062a\u062f\u0648\u064a\u0646\u0629 \u0645\u0634\u0627\u0628\u0647\u0629","link":""},"img":{"alt_text":"","src":"https:\/\/i0.wp.com\/tuzlahortum.com.tr\/wp-content\/uploads\/2019\/03\/tek-kap%C4%B1-s%C4%B1va-%C3%BCst%C3%BC-sa%C3%A7-kapakl%C4%B1-sulu.jpg?fit=415%2C489&ssl=1&resize=350%2C200","width":350,"height":200},"classes":[]}],"jetpack_sharing_enabled":true,"jetpack_likes_enabled":true,"_links":{"self":[{"href":"https:\/\/tuzlahortum.com.tr\/ar\/wp-json\/wp\/v2\/product\/796","targetHints":{"allow":["GET"]}}],"collection":[{"href":"https:\/\/tuzlahortum.com.tr\/ar\/wp-json\/wp\/v2\/product"}],"about":[{"href":"https:\/\/tuzlahortum.com.tr\/ar\/wp-json\/wp\/v2\/types\/product"}],"replies":[{"embeddable":true,"href":"https:\/\/tuzlahortum.com.tr\/ar\/wp-json\/wp\/v2\/comments?post=796"}],"wp:featuredmedia":[{"embeddable":true,"href":"https:\/\/tuzlahortum.com.tr\/ar\/wp-json\/wp\/v2\/media\/7309"}],"wp:attachment":[{"href":"https:\/\/tuzlahortum.com.tr\/ar\/wp-json\/wp\/v2\/media?parent=796"}],"wp:term":[{"taxonomy":"product_brand","embeddable":true,"href":"https:\/\/tuzlahortum.com.tr\/ar\/wp-json\/wp\/v2\/product_brand?post=796"},{"taxonomy":"product_cat","embeddable":true,"href":"https:\/\/tuzlahortum.com.tr\/ar\/wp-json\/wp\/v2\/product_cat?post=796"},{"taxonomy":"product_tag","embeddable":true,"href":"https:\/\/tuzlahortum.com.tr\/ar\/wp-json\/wp\/v2\/product_tag?post=796"}],"curies":[{"name":"\u062f\u0628\u0644\u064a\u0648 \u0628\u064a","href":"https:\/\/api.w.org\/{rel}","templated":true}]}}