{"id":795,"date":"2019-02-06T23:54:03","date_gmt":"2019-02-06T20:54:03","guid":{"rendered":"http:\/\/hortum.com.tr\/product\/import-placeholder-for-410\/"},"modified":"2024-03-21T17:42:24","modified_gmt":"2024-03-21T14:42:24","slug":"malzeme-dolabi","status":"publish","type":"product","link":"https:\/\/tuzlahortum.com.tr\/ar\/product\/malzeme-dolabi\/","title":{"rendered":"\u062e\u0632\u0627\u0646\u0629 \u0627\u0644\u0645\u0648\u0627\u062f (125 \u00d7 75 \u00d7 40)"},"content":{"rendered":"<h2>\u062e\u0632\u0627\u0646\u0629 \u0627\u0644\u0645\u0648\u0627\u062f (125 \u00d7 75 \u00d7 40)<\/h2>\n<h3>\u0645\u0642\u0627\u0633 125 * 75 * 40<\/h3>\n<div class=\"row\">\n<table class=\"table table-bordered span1\">\n<thead>\n<tr>\n<th>\u063a\u0644\u0627\u0641 \u0627\u0644\u0648\u0631\u0642\u0629<\/th>\n<th>\u063a\u0637\u0627\u0621 \u0632\u062c\u0627\u062c\u064a<\/th>\n<\/tr>\n<\/thead>\n<tbody>\n<tr>\n<td>PI-334<\/td>\n<td>PI-332<\/td>\n<\/tr>\n<\/tbody>\n<\/table>\n<\/div>","protected":false},"excerpt":{"rendered":"<p>Malzeme Dolab\u0131(125x75x40) \u00d6L\u00c7\u00dc 125*75*40 SAC KAPAK CAM KAPAK P\u0130-334 P\u0130-332<\/p>","protected":false},"featured_media":2907,"comment_status":"open","ping_status":"closed","template":"","meta":{"jetpack_post_was_ever_published":false},"product_brand":[],"product_cat":[116],"product_tag":[987,985,256,352,986],"class_list":{"0":"post-795","1":"product","2":"type-product","3":"status-publish","4":"has-post-thumbnail","6":"product_cat-makarali-modeller","7":"product_tag-dolap","8":"product_tag-malzeme","9":"product_tag-yangin","10":"product_tag-yangin-dolabi","11":"product_tag-yangin-malzeme-dolabi","13":"first","14":"instock","15":"taxable","16":"shipping-taxable","17":"product-type-simple"},"jetpack-related-posts":[{"id":560,"url":"https:\/\/tuzlahortum.com.tr\/ar\/product\/tek-kapi-siva-ustu-sac-kapakli-ekonomik\/","url_meta":{"origin":795,"position":0},"title":"\u0628\u0627\u0628 \u0648\u0627\u062d\u062f \u2013 \u0633\u0637\u062d\u064a \u0645\u0639 \u063a\u0637\u0627\u0621 (\u0627\u0642\u062a\u0635\u0627\u062f\u064a) (50\u00d760)","author":"admin","date":"6 \u0641\u0628\u0631\u0627\u064a\u0631 2019","format":false,"excerpt":"Tek Kap\u0131 - S\u0131va \u00dcst\u00fc Sa\u00e7 Kapakl\u0131 (Ekonomik)(50x60)\u00d6L\u00c7\u00dc 50*600,80 mm DKP Sa\u00e72\" Ekonomik yang\u0131n hortumu2\" Ekonomik lans20 MT25 MT30 MTP\u0130-330P\u0130-331P\u0130-332","rel":"","context":"\u062a\u062f\u0648\u064a\u0646\u0629 \u0645\u0634\u0627\u0628\u0647\u0629","block_context":{"text":"\u062a\u062f\u0648\u064a\u0646\u0629 \u0645\u0634\u0627\u0628\u0647\u0629","link":""},"img":{"alt_text":"","src":"https:\/\/i0.wp.com\/tuzlahortum.com.tr\/wp-content\/uploads\/2019\/03\/s%C4%B1va-%C3%BCst%C3%BC-sa%C3%A7-kapakl%C4%B1-ekonomik.jpg?fit=350%2C381&ssl=1&resize=350%2C200","width":350,"height":200},"classes":[]},{"id":958,"url":"https:\/\/tuzlahortum.com.tr\/ar\/product\/tek-kapi-bos-dolap-ekonomik\/","url_meta":{"origin":795,"position":1},"title":"\u0628\u0627\u0628 \u0648\u0627\u062d\u062f \u2013 \u062e\u0632\u0627\u0646\u0629 \u0641\u0627\u0631\u063a\u0629 (\u0627\u0642\u062a\u0635\u0627\u062f\u064a\u0629) (50\u00d760)","author":"admin","date":"6 \u0641\u0628\u0631\u0627\u064a\u0631 2019","format":false,"excerpt":"Tek Kap\u0131 - Bo\u015f Dolap (Ekonomik)(50x60)\u00d6L\u00c7\u00dc 50*600,80 mm DKP SacP\u0130-333","rel":"","context":"\u062a\u062f\u0648\u064a\u0646\u0629 \u0645\u0634\u0627\u0628\u0647\u0629","block_context":{"text":"\u062a\u062f\u0648\u064a\u0646\u0629 \u0645\u0634\u0627\u0628\u0647\u0629","link":""},"img":{"alt_text":"","src":"https:\/\/i0.wp.com\/tuzlahortum.com.tr\/wp-content\/uploads\/2019\/03\/s%C4%B1va-%C3%BCst%C3%BC-sa%C3%A7-kapakl%C4%B1-ekonomik.jpg?fit=350%2C381&ssl=1&resize=350%2C200","width":350,"height":200},"classes":[]},{"id":796,"url":"https:\/\/tuzlahortum.com.tr\/ar\/product\/tup-dolabi\/","url_meta":{"origin":795,"position":2},"title":"\u062e\u0632\u0627\u0646\u0629 \u0627\u0644\u0623\u0646\u0628\u0648\u0628 (65 \u00d7 21)","author":"admin","date":"6 \u0641\u0628\u0631\u0627\u064a\u0631 2019","format":false,"excerpt":"T\u00fcp Dolab\u0131(65x21)\u00d6L\u00c7\u00dc 65*21SIVA \u00dcST\u00dc SAC KAPAKSIVA ALTI CAM KAPAKP\u0130-328P\u0130-329","rel":"","context":"\u062a\u062f\u0648\u064a\u0646\u0629 \u0645\u0634\u0627\u0628\u0647\u0629","block_context":{"text":"\u062a\u062f\u0648\u064a\u0646\u0629 \u0645\u0634\u0627\u0628\u0647\u0629","link":""},"img":{"alt_text":"","src":"https:\/\/i0.wp.com\/tuzlahortum.com.tr\/wp-content\/uploads\/2019\/03\/T%C3%BCp-Dolab%C4%B1.jpg?fit=383%2C612&ssl=1&resize=350%2C200","width":350,"height":200},"classes":[]},{"id":881,"url":"https:\/\/tuzlahortum.com.tr\/ar\/product\/sahra-tipi-yangin-dolabi-ts-en-671-1\/","url_meta":{"origin":795,"position":3},"title":"\u062e\u0632\u0627\u0646\u0629 \u0625\u0637\u0641\u0627\u0621 \u0627\u0644\u062d\u0631\u064a\u0642 \u0645\u0646 \u0627\u0644\u0646\u0648\u0639 \u0627\u0644\u0645\u064a\u062f\u0627\u0646\u064a TS EN 671-1 (70\u00d765)","author":"admin","date":"6 \u0641\u0628\u0631\u0627\u064a\u0631 2019","format":false,"excerpt":"Sahra Tipi Yang\u0131n Dolab\u0131 TS EN 671-1(70x65)\u00d6L\u00c7\u00dc 70*65\u00c7at\u0131l\u0131-Ayakl\u0131 Sistem1\" TS EN 694 yar\u0131 sert kau\u00e7uk yang\u0131n hortumu2>1'e d\u00fc\u015f\u00fcr\u00fcc\u00fcl\u00fc hidrant ba\u011flant\u0131 rakoru1\" jet sprey lans20 MT25 MT30 MTP\u0130-335P\u0130-336P\u0130-337","rel":"","context":"\u062a\u062f\u0648\u064a\u0646\u0629 \u0645\u0634\u0627\u0628\u0647\u0629","block_context":{"text":"\u062a\u062f\u0648\u064a\u0646\u0629 \u0645\u0634\u0627\u0628\u0647\u0629","link":""},"img":{"alt_text":"","src":"https:\/\/i0.wp.com\/tuzlahortum.com.tr\/wp-content\/uploads\/2019\/03\/Sahra-Tipi-Yang%C4%B1n-Dolab%C4%B1-TS-EN-671-1.jpg?fit=472%2C659&ssl=1&resize=350%2C200","width":350,"height":200},"classes":[]},{"id":882,"url":"https:\/\/tuzlahortum.com.tr\/ar\/product\/sahra-tipi-yangin-dolabi-ts-en-671-2\/","url_meta":{"origin":795,"position":4},"title":"\u062e\u0632\u0627\u0646\u0629 \u0625\u0637\u0641\u0627\u0621 \u0627\u0644\u062d\u0631\u064a\u0642 \u0645\u0646 \u0627\u0644\u0646\u0648\u0639 \u0627\u0644\u0645\u064a\u062f\u0627\u0646\u064a TS EN 671-2 (55\u00d765)","author":"admin","date":"6 \u0641\u0628\u0631\u0627\u064a\u0631 2019","format":false,"excerpt":"Sahra Tipi Yang\u0131n Dolab\u0131 TS EN 671-2(55x65)\u00d6L\u00c7\u00dc 55*65\u00c7at\u0131l\u0131-Ayakl\u0131 Sistem2\" bez yang\u0131n hortumu (50 AT\u00dc)2\" Hidrant ba\u011flant\u0131 rakoru (1 adet)2\" lans (rakorlu)20 MT25 MT30 MTP\u0130-340P\u0130-341P\u0130-342","rel":"","context":"\u062a\u062f\u0648\u064a\u0646\u0629 \u0645\u0634\u0627\u0628\u0647\u0629","block_context":{"text":"\u062a\u062f\u0648\u064a\u0646\u0629 \u0645\u0634\u0627\u0628\u0647\u0629","link":""},"img":{"alt_text":"","src":"https:\/\/i0.wp.com\/tuzlahortum.com.tr\/wp-content\/uploads\/2019\/03\/Sahra-Tipi-Yang%C4%B1n-Dolab%C4%B1-TS-EN-671-2.jpg?fit=437%2C526&ssl=1&resize=350%2C200","width":350,"height":200},"classes":[]},{"id":7287,"url":"https:\/\/tuzlahortum.com.tr\/ar\/product\/tek-kapi-siva-alti-cam-kapakli-ekonomik\/","url_meta":{"origin":795,"position":5},"title":"\u0628\u0627\u0628 \u0648\u0627\u062d\u062f \u2013 \u063a\u0637\u0627\u0621 \u0632\u062c\u0627\u062c\u064a \u0645\u062c\u0648\u0641 (\u0627\u0642\u062a\u0635\u0627\u062f\u064a) (50\u00d760)","author":"\u0130smail \u00c7elik","date":"11 \u0645\u0627\u0631\u0633 2019","format":false,"excerpt":"\u0628\u0627\u0628 \u0648\u0627\u062d\u062f - \u0628\u0627\u0628 \u0632\u062c\u0627\u062c\u064a \u0645\u062e\u0641\u064a (\u0627\u0642\u062a\u0635\u0627\u062f\u064a) (50\u00d760) \u0627\u0644\u0642\u064a\u0627\u0633 50*60 0.80 \u0645\u0645 \u0635\u0627\u062c DKP PI-333","rel":"","context":"\u062a\u062f\u0648\u064a\u0646\u0629 \u0645\u0634\u0627\u0628\u0647\u0629","block_context":{"text":"\u062a\u062f\u0648\u064a\u0646\u0629 \u0645\u0634\u0627\u0628\u0647\u0629","link":""},"img":{"alt_text":"","src":"https:\/\/i0.wp.com\/tuzlahortum.com.tr\/wp-content\/uploads\/2019\/03\/s%C4%B1va-alt%C4%B1-cam-kapakl%C4%B1-ekonomik.jpg?fit=347%2C408&ssl=1&resize=350%2C200","width":350,"height":200},"classes":[]}],"jetpack_sharing_enabled":true,"jetpack_likes_enabled":true,"_links":{"self":[{"href":"https:\/\/tuzlahortum.com.tr\/ar\/wp-json\/wp\/v2\/product\/795","targetHints":{"allow":["GET"]}}],"collection":[{"href":"https:\/\/tuzlahortum.com.tr\/ar\/wp-json\/wp\/v2\/product"}],"about":[{"href":"https:\/\/tuzlahortum.com.tr\/ar\/wp-json\/wp\/v2\/types\/product"}],"replies":[{"embeddable":true,"href":"https:\/\/tuzlahortum.com.tr\/ar\/wp-json\/wp\/v2\/comments?post=795"}],"wp:featuredmedia":[{"embeddable":true,"href":"https:\/\/tuzlahortum.com.tr\/ar\/wp-json\/wp\/v2\/media\/2907"}],"wp:attachment":[{"href":"https:\/\/tuzlahortum.com.tr\/ar\/wp-json\/wp\/v2\/media?parent=795"}],"wp:term":[{"taxonomy":"product_brand","embeddable":true,"href":"https:\/\/tuzlahortum.com.tr\/ar\/wp-json\/wp\/v2\/product_brand?post=795"},{"taxonomy":"product_cat","embeddable":true,"href":"https:\/\/tuzlahortum.com.tr\/ar\/wp-json\/wp\/v2\/product_cat?post=795"},{"taxonomy":"product_tag","embeddable":true,"href":"https:\/\/tuzlahortum.com.tr\/ar\/wp-json\/wp\/v2\/product_tag?post=795"}],"curies":[{"name":"\u062f\u0628\u0644\u064a\u0648 \u0628\u064a","href":"https:\/\/api.w.org\/{rel}","templated":true}]}}