{"id":791,"date":"2019-02-06T23:54:02","date_gmt":"2019-02-06T20:54:02","guid":{"rendered":"http:\/\/hortum.com.tr\/product\/import-placeholder-for-583\/"},"modified":"2024-03-21T17:42:29","modified_gmt":"2024-03-21T14:42:29","slug":"tam-gecisli-kuresel-vana-pn-16-2-parcali","status":"publish","type":"product","link":"https:\/\/tuzlahortum.com.tr\/ar\/product\/tam-gecisli-kuresel-vana-pn-16-2-parcali\/","title":{"rendered":"\u0635\u0645\u0627\u0645 \u0643\u0631\u0648\u064a \u0643\u0627\u0645\u0644 \u0627\u0644\u062a\u062c\u0648\u064a\u0641 PN 16 \u2013 2 \u0642\u0637\u0639\u0629"},"content":{"rendered":"<h2>\u0635\u0645\u0627\u0645 \u0643\u0631\u0648\u064a \u0643\u0627\u0645\u0644 \u0627\u0644\u062a\u062c\u0648\u064a\u0641 PN 16 \u2013 2 \u0642\u0637\u0639\u0629<\/h2>\n<section id=\"genelozellikler\" class=\"content-current\">\n<div>TS CEN \/ EN 3148 \u0645\u0648\u0627\u0641\u0642\u0629 \u0645\u0639\u0647\u062f \u0627\u0644\u0645\u0639\u0627\u064a\u064a\u0631 \u0627\u0644\u062a\u0631\u0643\u064a\u0629.<\/div>\n<div>\u0634\u0647\u0627\u062f\u0629 \u0646\u0638\u0627\u0645 \u0627\u0644\u062c\u0648\u062f\u0629 ISO 9001.<\/div>\n<div>\u062a\u0645\u0631\u064a\u0631\u0629 \u0643\u0627\u0645\u0644\u0629 \u0644\u0623\u0642\u0635\u0649 \u0642\u062f\u0631 \u0645\u0646 \u0627\u0644\u0633\u064a\u0648\u0644\u0629.<\/div>\n<div>\u0623\u0646\u0638\u0645\u0629 \u0627\u0644\u0645\u064a\u0627\u0647 \u0627\u0644\u0633\u0627\u062e\u0646\u0629 \u0648\u0627\u0644\u0628\u0627\u0631\u062f\u0629 \u0648\u0627\u0644\u0628\u0627\u0631\u062f\u0629<\/div>\n<div>\u0623\u0646\u0638\u0645\u0629 \u0627\u0644\u0647\u0648\u0627\u0621 \u0627\u0644\u0645\u0636\u063a\u0648\u0637<\/div>\n<div>\u0633\u0648\u0627\u0626\u0644 \u0628\u062f\u0648\u0646 \u062e\u0648\u0627\u0635 \u062d\u0645\u0636\u064a\u0629 \u0648\u0642\u0644\u0648\u064a\u0629<\/div>\n<div>\u0645\u0642\u0628\u0636 \u0641\u0648\u0644\u0627\u0630\u064a \u0633\u0645\u064a\u0643 \u0645\u0637\u0644\u064a \u0628\u0640 PVC.<\/div>\n<div>\u062f\u0631\u062c\u0629 \u0627\u0644\u062d\u0631\u0627\u0631\u0629 -10 \u062f\u0631\u062c\u0629 \u0645\u0626\u0648\u064a\u0629 + 120 \u062f\u0631\u062c\u0629 \u0645\u0626\u0648\u064a\u0629<\/div>\n<\/section>","protected":false},"excerpt":{"rendered":"<p>Tam Ge\u00e7i\u015fli K\u00fcresel Vana PN 16 &#8211; 2 Par\u00e7al\u0131 TS CEN\/EN 3148 T\u00fcrk Standartlar\u0131 Enstit\u00fcs\u00fc Onay\u0131. ISO 9001 Kalite Sistem Sertfikas\u0131. Maksimum ak\u0131\u015fkanl\u0131k i\u00e7in tam ge\u00e7i\u015f. S\u0131cak, K\u0131zg\u0131n ve so\u011fuk su sistemleri Bas\u0131n\u00e7l\u0131 hava sistemleri Asit ve alkali \u00f6zelli\u011fi bulunmayan ak\u0131\u015fkanlar Kal\u0131n PVC kapl\u0131 \u00e7elik kol. S\u0131cakl\u0131k -10\u00b0C + 120\u00b0C<\/p>","protected":false},"featured_media":2869,"comment_status":"open","ping_status":"closed","template":"","meta":{"jetpack_post_was_ever_published":false},"product_brand":[],"product_cat":[203],"product_tag":[978,357,965,979,962,975,977,961],"class_list":{"0":"post-791","1":"product","2":"type-product","3":"status-publish","4":"has-post-thumbnail","6":"product_cat-kuresel-vanalar","7":"product_tag-2-parcali","8":"product_tag-endustriyel","9":"product_tag-kuresel-vana","10":"product_tag-pn-16","11":"product_tag-sulama","12":"product_tag-tam-gecisli","13":"product_tag-tam-gecisli-kuresel-vana","14":"product_tag-tesisat","16":"first","17":"instock","18":"taxable","19":"shipping-taxable","20":"product-type-variable"},"jetpack-related-posts":[],"jetpack_sharing_enabled":true,"jetpack_likes_enabled":true,"_links":{"self":[{"href":"https:\/\/tuzlahortum.com.tr\/ar\/wp-json\/wp\/v2\/product\/791","targetHints":{"allow":["GET"]}}],"collection":[{"href":"https:\/\/tuzlahortum.com.tr\/ar\/wp-json\/wp\/v2\/product"}],"about":[{"href":"https:\/\/tuzlahortum.com.tr\/ar\/wp-json\/wp\/v2\/types\/product"}],"replies":[{"embeddable":true,"href":"https:\/\/tuzlahortum.com.tr\/ar\/wp-json\/wp\/v2\/comments?post=791"}],"wp:featuredmedia":[{"embeddable":true,"href":"https:\/\/tuzlahortum.com.tr\/ar\/wp-json\/wp\/v2\/media\/2869"}],"wp:attachment":[{"href":"https:\/\/tuzlahortum.com.tr\/ar\/wp-json\/wp\/v2\/media?parent=791"}],"wp:term":[{"taxonomy":"product_brand","embeddable":true,"href":"https:\/\/tuzlahortum.com.tr\/ar\/wp-json\/wp\/v2\/product_brand?post=791"},{"taxonomy":"product_cat","embeddable":true,"href":"https:\/\/tuzlahortum.com.tr\/ar\/wp-json\/wp\/v2\/product_cat?post=791"},{"taxonomy":"product_tag","embeddable":true,"href":"https:\/\/tuzlahortum.com.tr\/ar\/wp-json\/wp\/v2\/product_tag?post=791"}],"curies":[{"name":"\u062f\u0628\u0644\u064a\u0648 \u0628\u064a","href":"https:\/\/api.w.org\/{rel}","templated":true}]}}