{"id":790,"date":"2019-02-06T23:54:02","date_gmt":"2019-02-06T20:54:02","guid":{"rendered":"http:\/\/hortum.com.tr\/product\/import-placeholder-for-348\/"},"modified":"2024-03-21T17:42:30","modified_gmt":"2024-03-21T14:42:30","slug":"tam-gecisli-kuresel-vana-dis-disli","status":"publish","type":"product","link":"https:\/\/tuzlahortum.com.tr\/ar\/product\/tam-gecisli-kuresel-vana-dis-disli\/","title":{"rendered":"\u0643\u0627\u0645\u0644 \u0627\u0644\u062a\u062c\u0648\u064a\u0641 \u0627\u0644\u0643\u0631\u0629 \u0635\u0645\u0627\u0645 \u0627\u0644\u062e\u064a\u0637 \u0627\u0644\u062e\u0627\u0631\u062c\u064a"},"content":{"rendered":"<h2>\u0643\u0627\u0645\u0644 \u0627\u0644\u062a\u062c\u0648\u064a\u0641 \u0627\u0644\u0643\u0631\u0629 \u0635\u0645\u0627\u0645 \u0627\u0644\u062e\u064a\u0637 \u0627\u0644\u062e\u0627\u0631\u062c\u064a<\/h2>\n<p>TS CEN \/ EN 13547 \u0645\u0648\u0627\u0641\u0642\u0629 \u0645\u0639\u0647\u062f \u0627\u0644\u0645\u0639\u0627\u064a\u064a\u0631 \u0627\u0644\u062a\u0631\u0643\u064a\u0629.<\/p>\n<p>\u0634\u0647\u0627\u062f\u0629 \u0646\u0638\u0627\u0645 \u0627\u0644\u062c\u0648\u062f\u0629 ISO 9001.<\/p>\n<p>\u0643\u0631\u0629 \u0645\u0637\u0644\u064a\u0629 \u0628\u0627\u0644\u0633\u062e\u0627\u0645 \u0644\u062d\u064a\u0627\u0629 \u0623\u0637\u0648\u0644.<\/p>\n<p>\u062d\u0634\u064a\u0629 PTFE \u0648\u062d\u0644\u0642\u0629 EPDM O \u0644\u062a\u062d\u0642\u064a\u0642 \u0623\u0642\u0635\u0649 \u062f\u0631\u062c\u0627\u062a \u0627\u0644\u0623\u0645\u0627\u0646.<\/p>\n<p>\u0645\u0642\u0628\u0636 \u0641\u0648\u0644\u0627\u0630\u064a \u0633\u0645\u064a\u0643 \u0645\u0637\u0644\u064a \u0628\u0640 PVC.<\/p>\n<p>\u0645\u0646\u0637\u0642\u0629 \u0627\u0633\u062a\u062e\u062f\u0627\u0645 \u0648\u0627\u0633\u0639\u0629 \u0644\u0644\u0627\u0633\u062a\u062e\u062f\u0627\u0645 \u0641\u064a \u0623\u0646\u0638\u0645\u0629 \u0627\u0644\u0635\u0646\u0627\u0639\u0629 \u0648\u0627\u0644\u0633\u0628\u0627\u0643\u0629 \u0648\u0627\u0644\u0631\u064a.<\/p>\n<p>\u062f\u0631\u062c\u0629 \u0627\u0644\u062d\u0631\u0627\u0631\u0629 -10 \u062f\u0631\u062c\u0629 \u0645\u0626\u0648\u064a\u0629 + 120 \u062f\u0631\u062c\u0629 \u0645\u0626\u0648\u064a\u0629<\/p>","protected":false},"excerpt":{"rendered":"<p>Tam Ge\u00e7i\u015fli K\u00fcresel Vana D\u0131\u015f Di\u015fli TS CEN\/EN 13547 T\u00fcrk Standartlar\u0131 Enstit\u00fcs\u00fc Onay\u0131. ISO 9001 Kalite Sistem Sertfikas\u0131. Daha uzun \u00f6m\u00fcr i\u00e7in kurum kaplama k\u00fcre. Maksimum g\u00fcvenlik i\u00e7in PTFE conta ve EPDM O-ring. Kal\u0131n PVC kapl\u0131 \u00e7elik kol. End\u00fcstriyel, Tesisat ve sulama sistemlerinde kullan\u0131lmak \u00fczere geni\u015f kullan\u0131m alan\u0131. S\u0131cakl\u0131k -10\u00b0C + 120\u00b0C<\/p>","protected":false},"featured_media":2868,"comment_status":"open","ping_status":"closed","template":"","meta":{"jetpack_post_was_ever_published":false},"product_brand":[],"product_cat":[203],"product_tag":[974,357,965,962,975,976,961,331],"class_list":{"0":"post-790","1":"product","2":"type-product","3":"status-publish","4":"has-post-thumbnail","6":"product_cat-kuresel-vanalar","7":"product_tag-dis-disli","8":"product_tag-endustriyel","9":"product_tag-kuresel-vana","10":"product_tag-sulama","11":"product_tag-tam-gecisli","12":"product_tag-tam-gecisli-kuresel-vana-dis-disli","13":"product_tag-tesisat","14":"product_tag-vana","16":"first","17":"instock","18":"taxable","19":"shipping-taxable","20":"product-type-variable"},"jetpack-related-posts":[],"jetpack_sharing_enabled":true,"jetpack_likes_enabled":true,"_links":{"self":[{"href":"https:\/\/tuzlahortum.com.tr\/ar\/wp-json\/wp\/v2\/product\/790","targetHints":{"allow":["GET"]}}],"collection":[{"href":"https:\/\/tuzlahortum.com.tr\/ar\/wp-json\/wp\/v2\/product"}],"about":[{"href":"https:\/\/tuzlahortum.com.tr\/ar\/wp-json\/wp\/v2\/types\/product"}],"replies":[{"embeddable":true,"href":"https:\/\/tuzlahortum.com.tr\/ar\/wp-json\/wp\/v2\/comments?post=790"}],"wp:featuredmedia":[{"embeddable":true,"href":"https:\/\/tuzlahortum.com.tr\/ar\/wp-json\/wp\/v2\/media\/2868"}],"wp:attachment":[{"href":"https:\/\/tuzlahortum.com.tr\/ar\/wp-json\/wp\/v2\/media?parent=790"}],"wp:term":[{"taxonomy":"product_brand","embeddable":true,"href":"https:\/\/tuzlahortum.com.tr\/ar\/wp-json\/wp\/v2\/product_brand?post=790"},{"taxonomy":"product_cat","embeddable":true,"href":"https:\/\/tuzlahortum.com.tr\/ar\/wp-json\/wp\/v2\/product_cat?post=790"},{"taxonomy":"product_tag","embeddable":true,"href":"https:\/\/tuzlahortum.com.tr\/ar\/wp-json\/wp\/v2\/product_tag?post=790"}],"curies":[{"name":"\u062f\u0628\u0644\u064a\u0648 \u0628\u064a","href":"https:\/\/api.w.org\/{rel}","templated":true}]}}