{"id":784,"date":"2019-02-06T23:53:42","date_gmt":"2019-02-06T20:53:42","guid":{"rendered":"http:\/\/hortum.com.tr\/product\/import-placeholder-for-209\/"},"modified":"2024-03-21T17:42:33","modified_gmt":"2024-03-21T14:42:33","slug":"kollektor-ana-vanasi-pn16","status":"publish","type":"product","link":"https:\/\/tuzlahortum.com.tr\/ar\/product\/kollektor-ana-vanasi-pn16\/","title":{"rendered":"\u0627\u0644\u0645\u062c\u0645\u0639 \u0627\u0644\u0631\u0626\u064a\u0633\u064a \u0644\u0644\u0635\u0645\u0627\u0645 PN16"},"content":{"rendered":"<h2>\u0627\u0644\u0645\u062c\u0645\u0639 \u0627\u0644\u0631\u0626\u064a\u0633\u064a \u0644\u0644\u0635\u0645\u0627\u0645 PN16<\/h2>\n<p>TS CEN \/ EN 13547 \u0645\u0648\u0627\u0641\u0642\u0629 \u0645\u0639\u0647\u062f \u0627\u0644\u0645\u0639\u0627\u064a\u064a\u0631 \u0627\u0644\u062a\u0631\u0643\u064a\u0629.<\/p>\n<p>\u0634\u0647\u0627\u062f\u0629 \u0646\u0638\u0627\u0645 \u0627\u0644\u062c\u0648\u062f\u0629 ISO 9001.<\/p>\n<p>\u0643\u0631\u0629 \u0645\u0637\u0644\u064a\u0629 \u0628\u0627\u0644\u0633\u062e\u0627\u0645 \u0644\u062d\u064a\u0627\u0629 \u0623\u0637\u0648\u0644.<\/p>\n<p>\u0627\u062a\u0635\u0627\u0644 ISO 228 \u0623\u0646\u062b\u0649 X \u0623\u0646\u062b\u0649.<\/p>\n<p>\u062d\u0634\u064a\u0629 PTFE \u0648\u062d\u0644\u0642\u0629 EPDM O \u0644\u062a\u062d\u0642\u064a\u0642 \u0623\u0642\u0635\u0649 \u062f\u0631\u062c\u0627\u062a \u0627\u0644\u0623\u0645\u0627\u0646.<\/p>\n<p>\u0645\u0642\u0628\u0636 \u0641\u0648\u0644\u0627\u0630\u064a \u0633\u0645\u064a\u0643 \u0645\u0637\u0644\u064a \u0628\u0640 PVC.<\/p>\n<p>\u0645\u0646\u0637\u0642\u0629 \u0627\u0633\u062a\u062e\u062f\u0627\u0645 \u0648\u0627\u0633\u0639\u0629 \u0644\u0644\u0627\u0633\u062a\u062e\u062f\u0627\u0645 \u0641\u064a \u0623\u0646\u0638\u0645\u0629 \u0627\u0644\u0635\u0646\u0627\u0639\u0629 \u0648\u0627\u0644\u0633\u0628\u0627\u0643\u0629 \u0648\u0627\u0644\u0631\u064a.<\/p>\n<p>\u062f\u0631\u062c\u0629 \u0627\u0644\u062d\u0631\u0627\u0631\u0629 -10 \u062f\u0631\u062c\u0629 \u0645\u0626\u0648\u064a\u0629 + 120 \u062f\u0631\u062c\u0629 \u0645\u0626\u0648\u064a\u0629<\/p>\n<table border=\"0\" cellspacing=\"0\" cellpadding=\"0\">\n<tbody>\n<tr bgcolor=\"#002f62\">\n<td>\u062d\u062c\u0645 \u0645\u0635\u0646\u0651\u0641<\/td>\n<td>DN<br \/>(\u0632)<\/td>\n<td>\u062f 1<br \/>(\u0645\u0645)<\/td>\n<td>\u0625\u0644<br \/>(\u0645\u0645)<\/td>\n<td>\u0643<br \/>(\u0645\u0645)<\/td>\n<td>\u0631<br \/>(\u0645\u0645)<\/td>\n<td>\u0625\u0644\u0649<br \/>(\u0645\u0645)<\/td>\n<\/tr>\n<tr>\n<td>3\/4\u2033<\/td>\n<td>20<\/td>\n<td>19<\/td>\n<td>61<\/td>\n<td>85<\/td>\n<td>16<\/td>\n<td>53<\/td>\n<\/tr>\n<tr>\n<td>1\u2033<\/td>\n<td>25<\/td>\n<td>24<\/td>\n<td>73<\/td>\n<td>92<\/td>\n<td>17<\/td>\n<td>55<\/td>\n<\/tr>\n<tr>\n<td>1 1\/4\u2033<\/td>\n<td>32<\/td>\n<td>30<\/td>\n<td>83<\/td>\n<td>114<\/td>\n<td>20<\/td>\n<td>59<\/td>\n<\/tr>\n<\/tbody>\n<\/table>","protected":false},"excerpt":{"rendered":"<p>Kollekt\u00f6r Ana Vanas\u0131 PN16 TS CEN\/EN 13547 T\u00fcrk Standartlar\u0131 Enstit\u00fcs\u00fc Onay\u0131. ISO 9001 Kalite Sistem Sertfikas\u0131. Daha uzun \u00f6m\u00fcr i\u00e7in kurum kaplama k\u00fcre. ISO 228 Di\u015fi X Di\u015fi ba\u011flant\u0131. Maksimum g\u00fcvenlik i\u00e7in PTFE conta ve EPDM O-ring. Kal\u0131n PVC kapl\u0131 \u00e7elik kol. End\u00fcstriyel, Tesisat ve sulama sistemlerinde kullan\u0131lmak \u00fczere geni\u015f kullan\u0131m alan\u0131. S\u0131cakl\u0131k -10\u00b0C + [&#8230;]\n","protected":false},"featured_media":2864,"comment_status":"open","ping_status":"closed","template":"","meta":{"jetpack_post_was_ever_published":false},"product_brand":[],"product_cat":[202],"product_tag":[357,968,965,962,964,961,963],"class_list":{"0":"post-784","1":"product","2":"type-product","3":"status-publish","4":"has-post-thumbnail","6":"product_cat-kuresel-kelebek-vanalar","7":"product_tag-endustriyel","8":"product_tag-kollektor-ana-vana","9":"product_tag-kuresel-vana","10":"product_tag-sulama","11":"product_tag-sulama-sistemi","12":"product_tag-tesisat","13":"product_tag-tesisat-sistemi","15":"first","16":"instock","17":"taxable","18":"shipping-taxable","19":"product-type-variable"},"jetpack-related-posts":[],"jetpack_sharing_enabled":true,"jetpack_likes_enabled":true,"_links":{"self":[{"href":"https:\/\/tuzlahortum.com.tr\/ar\/wp-json\/wp\/v2\/product\/784","targetHints":{"allow":["GET"]}}],"collection":[{"href":"https:\/\/tuzlahortum.com.tr\/ar\/wp-json\/wp\/v2\/product"}],"about":[{"href":"https:\/\/tuzlahortum.com.tr\/ar\/wp-json\/wp\/v2\/types\/product"}],"replies":[{"embeddable":true,"href":"https:\/\/tuzlahortum.com.tr\/ar\/wp-json\/wp\/v2\/comments?post=784"}],"wp:featuredmedia":[{"embeddable":true,"href":"https:\/\/tuzlahortum.com.tr\/ar\/wp-json\/wp\/v2\/media\/2864"}],"wp:attachment":[{"href":"https:\/\/tuzlahortum.com.tr\/ar\/wp-json\/wp\/v2\/media?parent=784"}],"wp:term":[{"taxonomy":"product_brand","embeddable":true,"href":"https:\/\/tuzlahortum.com.tr\/ar\/wp-json\/wp\/v2\/product_brand?post=784"},{"taxonomy":"product_cat","embeddable":true,"href":"https:\/\/tuzlahortum.com.tr\/ar\/wp-json\/wp\/v2\/product_cat?post=784"},{"taxonomy":"product_tag","embeddable":true,"href":"https:\/\/tuzlahortum.com.tr\/ar\/wp-json\/wp\/v2\/product_tag?post=784"}],"curies":[{"name":"\u062f\u0628\u0644\u064a\u0648 \u0628\u064a","href":"https:\/\/api.w.org\/{rel}","templated":true}]}}