{"id":775,"date":"2019-02-06T23:53:40","date_gmt":"2019-02-06T20:53:40","guid":{"rendered":"http:\/\/hortum.com.tr\/product\/import-placeholder-for-117\/"},"modified":"2024-03-21T17:42:47","modified_gmt":"2024-03-21T14:42:47","slug":"plastik-kumlama-nozul-tutucu","status":"publish","type":"product","link":"https:\/\/tuzlahortum.com.tr\/ar\/product\/plastik-kumlama-nozul-tutucu\/","title":{"rendered":"\u062d\u0627\u0645\u0644 \u0641\u0648\u0647\u0629 \u0627\u0644\u0633\u0641\u0639 \u0627\u0644\u0631\u0645\u0644\u064a \u0627\u0644\u0628\u0644\u0627\u0633\u062a\u064a\u0643\u064a"},"content":{"rendered":"<h2>\u062d\u0627\u0645\u0644 \u0641\u0648\u0647\u0629 \u0627\u0644\u0633\u0641\u0639 \u0627\u0644\u0631\u0645\u0644\u064a \u0627\u0644\u0628\u0644\u0627\u0633\u062a\u064a\u0643\u064a<\/h2>\n<p>\u0637\u062d\u0646 \u0631\u0624\u0648\u0633 \u062d\u0627\u0645\u0644 \u0641\u0648\u0647\u0629. \u0627\u0644\u0633\u0641\u0639 \u0627\u0644\u0631\u0645\u0644\u064a \u0639\u0646 \u0637\u0631\u064a\u0642 \u0625\u0645\u0633\u0627\u0643 \u0627\u0644\u0641\u0648\u0647\u0629 \u0628\u0625\u062d\u0643\u0627\u0645 \u0628\u0647\u064a\u0643\u0644\u0647\u0627 \u0627\u0644\u0645\u0631\u0646 \u0648\u0627\u0644\u0645\u0634\u0627\u0628\u0643<\/p>\n<p>\u064a\u0648\u0641\u0631 \u0627\u062a\u0635\u0627\u0644\u0627\u064b \u0645\u062b\u0627\u0644\u064a\u0627\u064b \u0628\u0627\u0644\u062e\u0631\u0637\u0648\u0645. \u0641\u064a \u0639\u0645\u0644\u064a\u0629 \u0627\u0644\u0633\u0641\u0639 \u0627\u0644\u0631\u0645\u0644\u064a \u0628\u0647\u064a\u0643\u0644\u0647\u0627 \u0627\u0644\u062e\u0641\u064a\u0641 \u063a\u064a\u0631 \u0627\u0644\u062b\u0642\u064a\u0644<\/p>\n<p>\u0644\u0627 \u064a\u062a\u0639\u0628 \u0627\u0644\u0645\u0634\u063a\u0644 \u0628\u0648\u0632\u0646\u0647 \u0648\u064a\u0648\u0641\u0631 \u0627\u0633\u062a\u062e\u062f\u0627\u0645\u064b\u0627 \u0645\u0631\u064a\u062d\u064b\u0627. \u0627\u0644\u0633\u0641\u0639 \u0627\u0644\u0631\u0645\u0644\u064a \u0645\u0646 \u0641\u062a\u062d\u0627\u062a \u0627\u0644\u0645\u0633\u0627\u0645\u064a\u0631<\/p>\n<p>\u064a\u0645\u0643\u0646 \u062a\u0631\u0643\u064a\u0628\u0647 \u0628\u0633\u0647\u0648\u0644\u0629 \u0639\u0644\u0649 \u0627\u0644\u062e\u0631\u0637\u0648\u0645 \u0623\u0648 \u0623\u0646\u0628\u0648\u0628 \u0627\u0644\u0633\u0641\u0639 \u0627\u0644\u0631\u0645\u0644\u064a.<\/p>","protected":false},"excerpt":{"rendered":"<p>Plastik Kumlama Nozul Tutucu Kumlama nozulu tutucu ba\u015fl\u0131klar; nozulu esnek ve vidal\u0131 yap\u0131s\u0131yla s\u0131k\u0131ca tutarak kumlama hortumuyla birlikte optimum ba\u011flant\u0131 sa\u011flar. A\u011f\u0131r olmayan hafif yap\u0131s\u0131yla kumlama i\u015fleminde operat\u00f6r\u00fc a\u011f\u0131rl\u0131\u011f\u0131yla yormaz ergonomik kullan\u0131m sa\u011flar. Vidalama deliklerinden kumlama hortumuna veya kumlama borusuna kolay monte edilebilir \u00f6zelliktedir.<\/p>","protected":false},"featured_media":1791,"comment_status":"open","ping_status":"closed","template":"","meta":{"jetpack_post_was_ever_published":false},"product_brand":[],"product_cat":[2326],"product_tag":[911,924,945,947,946],"class_list":{"0":"post-775","1":"product","2":"type-product","3":"status-publish","4":"has-post-thumbnail","6":"product_cat-kumlama-malzemeleri","7":"product_tag-kumlama","8":"product_tag-nozul","9":"product_tag-plastik","10":"product_tag-plastik-kumlama-nozul-tutucu","11":"product_tag-tutucu","13":"first","14":"instock","15":"taxable","16":"shipping-taxable","17":"product-type-variable"},"jetpack-related-posts":[],"jetpack_sharing_enabled":true,"jetpack_likes_enabled":true,"_links":{"self":[{"href":"https:\/\/tuzlahortum.com.tr\/ar\/wp-json\/wp\/v2\/product\/775","targetHints":{"allow":["GET"]}}],"collection":[{"href":"https:\/\/tuzlahortum.com.tr\/ar\/wp-json\/wp\/v2\/product"}],"about":[{"href":"https:\/\/tuzlahortum.com.tr\/ar\/wp-json\/wp\/v2\/types\/product"}],"replies":[{"embeddable":true,"href":"https:\/\/tuzlahortum.com.tr\/ar\/wp-json\/wp\/v2\/comments?post=775"}],"wp:featuredmedia":[{"embeddable":true,"href":"https:\/\/tuzlahortum.com.tr\/ar\/wp-json\/wp\/v2\/media\/1791"}],"wp:attachment":[{"href":"https:\/\/tuzlahortum.com.tr\/ar\/wp-json\/wp\/v2\/media?parent=775"}],"wp:term":[{"taxonomy":"product_brand","embeddable":true,"href":"https:\/\/tuzlahortum.com.tr\/ar\/wp-json\/wp\/v2\/product_brand?post=775"},{"taxonomy":"product_cat","embeddable":true,"href":"https:\/\/tuzlahortum.com.tr\/ar\/wp-json\/wp\/v2\/product_cat?post=775"},{"taxonomy":"product_tag","embeddable":true,"href":"https:\/\/tuzlahortum.com.tr\/ar\/wp-json\/wp\/v2\/product_tag?post=775"}],"curies":[{"name":"\u062f\u0628\u0644\u064a\u0648 \u0628\u064a","href":"https:\/\/api.w.org\/{rel}","templated":true}]}}